{"id":40953,"date":"2020-05-07T21:49:40","date_gmt":"2020-05-07T19:49:40","guid":{"rendered":"https:\/\/www.exploring-umbria.com\/pueblos-en-umbria-muchas-joyas-escondidas\/que-ver-en-castiglione-del-lago\/fortezza-medievale-di-castiglione-del-lago\/"},"modified":"2020-09-18T19:17:43","modified_gmt":"2020-09-18T17:17:43","slug":"fortaleza-medieval-de-castiglione-del-lago","status":"publish","type":"page","link":"https:\/\/www.exploring-umbria.com\/es\/pueblos-en-umbria-muchas-joyas-escondidas\/que-ver-en-castiglione-del-lago\/fortaleza-medieval-de-castiglione-del-lago\/","title":{"rendered":"Fortaleza Medieval de Castiglione del Lago"},"content":{"rendered":"<p>La Fortaleza Medieval<em>, <\/em>tambi\u00e9n llamada <em><strong>Rocca del Leone<\/strong> o <\/em><strong>Rocca Medievale,<\/strong> es uno de los monumentos m\u00e1s importantes de Castiglione del Lago. Es una muralla que durante siglos ha sido el punto estrat\u00e9gico m\u00e1s importante de la zona. Desde all\u00ed era posible controlar el territorio circundante del <a href=\"https:\/\/www.exploring-umbria.com\/es\/subcategories\/parques-y-lagos\/#heading31878\" target=\"_blank\" rel=\"noopener noreferrer\">Trasimeno<\/a> y del Chiugi para poder contrastar mejor los ataques de los enemigos.<\/p>\n<p>La construcci\u00f3n de la Rocca del Leone tuvo lugar a instancias del emperador <a href=\"https:\/\/es.wikipedia.org\/wiki\/Federico_II_Hohenstaufen\" target=\"_blank\" rel=\"noopener noreferrer\"><em>Federico II de Suabia<\/em><\/a> en 1247. Seg\u00fan estudios realizados sobre los restos antiguos de las murallas encontradas, se cree que en la antig\u00fcedad en ese lugar hab\u00eda una <em>acr\u00f3polis etrusca<\/em>, que fue arrasada y reconstruida por <em>fray<\/em><em> Elia da Cortona<\/em>, un importante arquitecto y personalidad de la \u00e9poca.<\/p>\n<p>La Fortaleza tiene forma de pent\u00e1gono<strong> irregular<\/strong>y est\u00e1 formada por cinco torres, una de las cuales es triangular, la del torre\u00f3n, que se alza a lo largo de 39 metros. Tambi\u00e9n hay dos torres circulares construidas en los siglos XV y XVI que sustituyen a las originales para tener mayor resistencia a los ataques enemigos con el uso de ca\u00f1ones. Las paredes presentan almenas de tipo g\u00fcelfo. Posteriormente se construy\u00f3 otro tramo de muralla, que se extend\u00eda desde el Palacio y llegaba hasta las proximidades del Alc\u00e1zar; al que se pod\u00eda acceder a trav\u00e9s de escaleras de madera, que en circunstancias favorables se apoyaban en los rellanos, pero en momentos adversos de ataques enemigos se retiraban.<\/p>\n<p>Este segundo tramo de muralla fue levantado para reforzar a\u00fan m\u00e1s la defensa de la estructura y del pueblo, pero a d\u00eda de hoy quedan solo algunos restos.<\/p>\n<p>Gracias a su estructura y a numerosas intervenciones, la fortaleza fue considerada una de las fortalezas europeas del siglo XVI m\u00e1s dif\u00edciles de conquistar. Fue construida para ser insertado en el sistema defensivo central<strong> que, partiendo de Puglia,<\/strong>atravesaba toda la pen\u00ednsula italiana.<\/p>\n<p>En el interior de la fortaleza se han encontrado las ruinas de una peque\u00f1a iglesia triapsidal, probablemente <em>paleocristiana<\/em>, que fue construida en honor de San Felipe y San Jacobo durante el dominio bizantino. La iglesia fue utilizada m\u00e1s tarde como capilla de la fortaleza.<\/p>\n<p>El acceso a la Fortaleza Medieval s\u00f3lo es posible a trav\u00e9s del Palacio de la Familia <em>Della Corgna <\/em>, por una pasarela encargada por los marqueses para facilitar la circulaci\u00f3n en caso de ataques; el pasaje fue cubierto a principios del siglo XVII y estaba dotado de aspilleras defensivas.<\/p>\n<p>No se sabe por qu\u00e9 la fortaleza tom\u00f3 el nombre de Fortaleza<em> del Le\u00f3n <\/em>; es posible que su nombre original <em>Castillo del Le\u00f3n<\/em>, que fue destruido repetidamente a lo largo de los siglos, incluso por <em>Enrique IV de Franconia<\/em>, m\u00e1s tarde se convirtiera en el de la aldea, <em>Castillonem<\/em>, y finalmente <em>Castiglione<\/em> (del Lago).<\/p>\n<p>A principios de 1500 la fortaleza era propiedad de la familia <em>Baglioni<\/em>, gracias a la cual fue ampliada, y m\u00e1s tarde de la familia <em>Della Corgna<\/em>, cuando la ciudad se convirti\u00f3 en marquesado. En 1554 <em>Ascanio I<\/em> encarg\u00f3 la creaci\u00f3n de maravillosos jardines italianos en el interior de las murallas, jardines elogiados tambi\u00e9n por el poeta <em>Cesare Caporali<\/em> en su obra <em>Gli orti di Mecenate<\/em>. En el interior de la fortaleza, <em>Ascanio I<\/em> tambi\u00e9n mand\u00f3 construir el <em>Palacio Ducal<\/em>.<\/p>\n<p>Tras la muerte del \u00faltimo miembro de la familia <em>della Corgna<\/em>, <em>Fulvio II<\/em>, fallecido en 1647, supropiedad fue administrada por la C\u00e1mara Apost\u00f3lica y en 1860 pas\u00f3 a ser propiedad municipal.<\/p>\n<p>Actualmente la Fortaleza Medieval de Castiglione del Lago se utiliza como anfiteatro y est\u00e1 casi totalmente abierta al p\u00fablico.<\/p>\n","protected":false},"excerpt":{"rendered":"<p>La Fortaleza Medieval, tambi\u00e9n llamada Rocca del Leone o Rocca Medievale, es uno de los monumentos m\u00e1s importantes de Castiglione del Lago. Es una muralla que durante siglos ha sido el punto estrat\u00e9gico m\u00e1s importante de la zona. Desde all\u00ed era posible controlar el territorio circundante del Trasimeno y del Chiugi para poder contrastar mejor [&hellip;]<\/p>\n","protected":false},"author":4,"featured_media":34592,"parent":40915,"menu_order":0,"comment_status":"closed","ping_status":"closed","template":"","meta":{"om_disable_all_campaigns":false,"_monsterinsights_skip_tracking":false,"_monsterinsights_sitenote_active":false,"_monsterinsights_sitenote_note":"","_monsterinsights_sitenote_category":0},"acf":[],"yoast_head":"<!-- This site is optimized with the Yoast SEO plugin v18.4.1 - https:\/\/yoast.com\/wordpress\/plugins\/seo\/ -->\n<title>Fortaleza Medieval de Castiglione del Lago - Exploring Umbria<\/title>\n<meta name=\"description\" content=\"La Fortaleza Medieval, tambi\u00e9n llamada Rocca del Leone o Rocca Medievale, es uno de los monumentos m\u00e1s importantes de Castiglione del Lago. Es una muralla\" \/>\n<meta name=\"robots\" content=\"index, follow, max-snippet:-1, max-image-preview:large, max-video-preview:-1\" \/>\n<link rel=\"canonical\" href=\"https:\/\/www.exploring-umbria.com\/es\/pueblos-en-umbria-muchas-joyas-escondidas\/que-ver-en-castiglione-del-lago\/fortaleza-medieval-de-castiglione-del-lago\/\" \/>\n<meta property=\"og:locale\" content=\"es_ES\" \/>\n<meta property=\"og:type\" content=\"article\" \/>\n<meta property=\"og:title\" content=\"Fortaleza Medieval de Castiglione del Lago - Exploring Umbria\" \/>\n<meta property=\"og:description\" content=\"La Fortaleza Medieval, tambi\u00e9n llamada Rocca del Leone o Rocca Medievale, es uno de los monumentos m\u00e1s importantes de Castiglione del Lago. Es una muralla\" \/>\n<meta property=\"og:url\" content=\"https:\/\/www.exploring-umbria.com\/es\/pueblos-en-umbria-muchas-joyas-escondidas\/que-ver-en-castiglione-del-lago\/fortaleza-medieval-de-castiglione-del-lago\/\" \/>\n<meta property=\"og:site_name\" content=\"Exploring Umbria\" \/>\n<meta property=\"article:publisher\" content=\"https:\/\/www.facebook.com\/exploringumbria\/\" \/>\n<meta property=\"article:modified_time\" content=\"2020-09-18T17:17:43+00:00\" \/>\n<meta property=\"og:image\" content=\"https:\/\/www.exploring-umbria.com\/wp-content\/uploads\/2020\/04\/WhatsApp-Image-2020-04-27-at-21.31.23.jpeg\" \/>\n\t<meta property=\"og:image:width\" content=\"720\" \/>\n\t<meta property=\"og:image:height\" content=\"540\" \/>\n\t<meta property=\"og:image:type\" content=\"image\/jpeg\" \/>\n<meta name=\"twitter:card\" content=\"summary_large_image\" \/>\n<meta name=\"twitter:label1\" content=\"Tiempo de lectura\" \/>\n\t<meta name=\"twitter:data1\" content=\"3 minutos\" \/>\n<script type=\"application\/ld+json\" class=\"yoast-schema-graph\">{\"@context\":\"https:\/\/schema.org\",\"@graph\":[{\"@type\":\"Organization\",\"@id\":\"https:\/\/www.exploring-umbria.com\/es\/#organization\",\"name\":\"Exploring Umbria\",\"url\":\"https:\/\/www.exploring-umbria.com\/es\/\",\"sameAs\":[\"https:\/\/www.facebook.com\/exploringumbria\/\",\"https:\/\/www.instagram.com\/exploringumbria\/\"],\"logo\":{\"@type\":\"ImageObject\",\"@id\":\"https:\/\/www.exploring-umbria.com\/es\/#logo\",\"inLanguage\":\"es\",\"url\":\"https:\/\/www.exploring-umbria.com\/wp-content\/uploads\/2019\/08\/solo-logo-verde.jpg\",\"contentUrl\":\"https:\/\/www.exploring-umbria.com\/wp-content\/uploads\/2019\/08\/solo-logo-verde.jpg\",\"width\":952,\"height\":532,\"caption\":\"Exploring Umbria\"},\"image\":{\"@id\":\"https:\/\/www.exploring-umbria.com\/es\/#logo\"}},{\"@type\":\"WebSite\",\"@id\":\"https:\/\/www.exploring-umbria.com\/es\/#website\",\"url\":\"https:\/\/www.exploring-umbria.com\/es\/\",\"name\":\"Exploring Umbria\",\"description\":\"your dates, your mood, your trip\",\"publisher\":{\"@id\":\"https:\/\/www.exploring-umbria.com\/es\/#organization\"},\"potentialAction\":[{\"@type\":\"SearchAction\",\"target\":{\"@type\":\"EntryPoint\",\"urlTemplate\":\"https:\/\/www.exploring-umbria.com\/es\/?s={search_term_string}\"},\"query-input\":\"required name=search_term_string\"}],\"inLanguage\":\"es\"},{\"@type\":\"ImageObject\",\"@id\":\"https:\/\/www.exploring-umbria.com\/es\/pueblos-en-umbria-muchas-joyas-escondidas\/que-ver-en-castiglione-del-lago\/fortaleza-medieval-de-castiglione-del-lago\/#primaryimage\",\"inLanguage\":\"es\",\"url\":\"https:\/\/www.exploring-umbria.com\/wp-content\/uploads\/2020\/04\/WhatsApp-Image-2020-04-27-at-21.31.23.jpeg\",\"contentUrl\":\"https:\/\/www.exploring-umbria.com\/wp-content\/uploads\/2020\/04\/WhatsApp-Image-2020-04-27-at-21.31.23.jpeg\",\"width\":720,\"height\":540,\"caption\":\"\u00a9 La Lori ph.\"},{\"@type\":\"WebPage\",\"@id\":\"https:\/\/www.exploring-umbria.com\/es\/pueblos-en-umbria-muchas-joyas-escondidas\/que-ver-en-castiglione-del-lago\/fortaleza-medieval-de-castiglione-del-lago\/#webpage\",\"url\":\"https:\/\/www.exploring-umbria.com\/es\/pueblos-en-umbria-muchas-joyas-escondidas\/que-ver-en-castiglione-del-lago\/fortaleza-medieval-de-castiglione-del-lago\/\",\"name\":\"Fortaleza Medieval de Castiglione del Lago - Exploring Umbria\",\"isPartOf\":{\"@id\":\"https:\/\/www.exploring-umbria.com\/es\/#website\"},\"primaryImageOfPage\":{\"@id\":\"https:\/\/www.exploring-umbria.com\/es\/pueblos-en-umbria-muchas-joyas-escondidas\/que-ver-en-castiglione-del-lago\/fortaleza-medieval-de-castiglione-del-lago\/#primaryimage\"},\"datePublished\":\"2020-05-07T19:49:40+00:00\",\"dateModified\":\"2020-09-18T17:17:43+00:00\",\"description\":\"La Fortaleza Medieval, tambi\u00e9n llamada Rocca del Leone o Rocca Medievale, es uno de los monumentos m\u00e1s importantes de Castiglione del Lago. Es una muralla\",\"breadcrumb\":{\"@id\":\"https:\/\/www.exploring-umbria.com\/es\/pueblos-en-umbria-muchas-joyas-escondidas\/que-ver-en-castiglione-del-lago\/fortaleza-medieval-de-castiglione-del-lago\/#breadcrumb\"},\"inLanguage\":\"es\",\"potentialAction\":[{\"@type\":\"ReadAction\",\"target\":[\"https:\/\/www.exploring-umbria.com\/es\/pueblos-en-umbria-muchas-joyas-escondidas\/que-ver-en-castiglione-del-lago\/fortaleza-medieval-de-castiglione-del-lago\/\"]}]},{\"@type\":\"BreadcrumbList\",\"@id\":\"https:\/\/www.exploring-umbria.com\/es\/pueblos-en-umbria-muchas-joyas-escondidas\/que-ver-en-castiglione-del-lago\/fortaleza-medieval-de-castiglione-del-lago\/#breadcrumb\",\"itemListElement\":[{\"@type\":\"ListItem\",\"position\":1,\"name\":\"Home\",\"item\":\"https:\/\/www.exploring-umbria.com\/es\/\"},{\"@type\":\"ListItem\",\"position\":2,\"name\":\"Pueblos en Umbr\u00eda: muchas joyas escondidas\",\"item\":\"https:\/\/www.exploring-umbria.com\/es\/pueblos-en-umbria-muchas-joyas-escondidas\/\"},{\"@type\":\"ListItem\",\"position\":3,\"name\":\"Qu\u00e9 ver en Castiglione del Lago\",\"item\":\"https:\/\/www.exploring-umbria.com\/es\/pueblos-en-umbria-muchas-joyas-escondidas\/que-ver-en-castiglione-del-lago\/\"},{\"@type\":\"ListItem\",\"position\":4,\"name\":\"Fortaleza Medieval de Castiglione del Lago\"}]}]}<\/script>\n<!-- \/ Yoast SEO plugin. -->","yoast_head_json":{"title":"Fortaleza Medieval de Castiglione del Lago - Exploring Umbria","description":"La Fortaleza Medieval, tambi\u00e9n llamada Rocca del Leone o Rocca Medievale, es uno de los monumentos m\u00e1s importantes de Castiglione del Lago. Es una muralla","robots":{"index":"index","follow":"follow","max-snippet":"max-snippet:-1","max-image-preview":"max-image-preview:large","max-video-preview":"max-video-preview:-1"},"canonical":"https:\/\/www.exploring-umbria.com\/es\/pueblos-en-umbria-muchas-joyas-escondidas\/que-ver-en-castiglione-del-lago\/fortaleza-medieval-de-castiglione-del-lago\/","og_locale":"es_ES","og_type":"article","og_title":"Fortaleza Medieval de Castiglione del Lago - Exploring Umbria","og_description":"La Fortaleza Medieval, tambi\u00e9n llamada Rocca del Leone o Rocca Medievale, es uno de los monumentos m\u00e1s importantes de Castiglione del Lago. Es una muralla","og_url":"https:\/\/www.exploring-umbria.com\/es\/pueblos-en-umbria-muchas-joyas-escondidas\/que-ver-en-castiglione-del-lago\/fortaleza-medieval-de-castiglione-del-lago\/","og_site_name":"Exploring Umbria","article_publisher":"https:\/\/www.facebook.com\/exploringumbria\/","article_modified_time":"2020-09-18T17:17:43+00:00","og_image":[{"width":720,"height":540,"url":"https:\/\/www.exploring-umbria.com\/wp-content\/uploads\/2020\/04\/WhatsApp-Image-2020-04-27-at-21.31.23.jpeg","type":"image\/jpeg"}],"twitter_card":"summary_large_image","twitter_misc":{"Tiempo de lectura":"3 minutos"},"schema":{"@context":"https:\/\/schema.org","@graph":[{"@type":"Organization","@id":"https:\/\/www.exploring-umbria.com\/es\/#organization","name":"Exploring Umbria","url":"https:\/\/www.exploring-umbria.com\/es\/","sameAs":["https:\/\/www.facebook.com\/exploringumbria\/","https:\/\/www.instagram.com\/exploringumbria\/"],"logo":{"@type":"ImageObject","@id":"https:\/\/www.exploring-umbria.com\/es\/#logo","inLanguage":"es","url":"https:\/\/www.exploring-umbria.com\/wp-content\/uploads\/2019\/08\/solo-logo-verde.jpg","contentUrl":"https:\/\/www.exploring-umbria.com\/wp-content\/uploads\/2019\/08\/solo-logo-verde.jpg","width":952,"height":532,"caption":"Exploring Umbria"},"image":{"@id":"https:\/\/www.exploring-umbria.com\/es\/#logo"}},{"@type":"WebSite","@id":"https:\/\/www.exploring-umbria.com\/es\/#website","url":"https:\/\/www.exploring-umbria.com\/es\/","name":"Exploring Umbria","description":"your dates, your mood, your trip","publisher":{"@id":"https:\/\/www.exploring-umbria.com\/es\/#organization"},"potentialAction":[{"@type":"SearchAction","target":{"@type":"EntryPoint","urlTemplate":"https:\/\/www.exploring-umbria.com\/es\/?s={search_term_string}"},"query-input":"required name=search_term_string"}],"inLanguage":"es"},{"@type":"ImageObject","@id":"https:\/\/www.exploring-umbria.com\/es\/pueblos-en-umbria-muchas-joyas-escondidas\/que-ver-en-castiglione-del-lago\/fortaleza-medieval-de-castiglione-del-lago\/#primaryimage","inLanguage":"es","url":"https:\/\/www.exploring-umbria.com\/wp-content\/uploads\/2020\/04\/WhatsApp-Image-2020-04-27-at-21.31.23.jpeg","contentUrl":"https:\/\/www.exploring-umbria.com\/wp-content\/uploads\/2020\/04\/WhatsApp-Image-2020-04-27-at-21.31.23.jpeg","width":720,"height":540,"caption":"\u00a9 La Lori ph."},{"@type":"WebPage","@id":"https:\/\/www.exploring-umbria.com\/es\/pueblos-en-umbria-muchas-joyas-escondidas\/que-ver-en-castiglione-del-lago\/fortaleza-medieval-de-castiglione-del-lago\/#webpage","url":"https:\/\/www.exploring-umbria.com\/es\/pueblos-en-umbria-muchas-joyas-escondidas\/que-ver-en-castiglione-del-lago\/fortaleza-medieval-de-castiglione-del-lago\/","name":"Fortaleza Medieval de Castiglione del Lago - Exploring Umbria","isPartOf":{"@id":"https:\/\/www.exploring-umbria.com\/es\/#website"},"primaryImageOfPage":{"@id":"https:\/\/www.exploring-umbria.com\/es\/pueblos-en-umbria-muchas-joyas-escondidas\/que-ver-en-castiglione-del-lago\/fortaleza-medieval-de-castiglione-del-lago\/#primaryimage"},"datePublished":"2020-05-07T19:49:40+00:00","dateModified":"2020-09-18T17:17:43+00:00","description":"La Fortaleza Medieval, tambi\u00e9n llamada Rocca del Leone o Rocca Medievale, es uno de los monumentos m\u00e1s importantes de Castiglione del Lago. Es una muralla","breadcrumb":{"@id":"https:\/\/www.exploring-umbria.com\/es\/pueblos-en-umbria-muchas-joyas-escondidas\/que-ver-en-castiglione-del-lago\/fortaleza-medieval-de-castiglione-del-lago\/#breadcrumb"},"inLanguage":"es","potentialAction":[{"@type":"ReadAction","target":["https:\/\/www.exploring-umbria.com\/es\/pueblos-en-umbria-muchas-joyas-escondidas\/que-ver-en-castiglione-del-lago\/fortaleza-medieval-de-castiglione-del-lago\/"]}]},{"@type":"BreadcrumbList","@id":"https:\/\/www.exploring-umbria.com\/es\/pueblos-en-umbria-muchas-joyas-escondidas\/que-ver-en-castiglione-del-lago\/fortaleza-medieval-de-castiglione-del-lago\/#breadcrumb","itemListElement":[{"@type":"ListItem","position":1,"name":"Home","item":"https:\/\/www.exploring-umbria.com\/es\/"},{"@type":"ListItem","position":2,"name":"Pueblos en Umbr\u00eda: muchas joyas escondidas","item":"https:\/\/www.exploring-umbria.com\/es\/pueblos-en-umbria-muchas-joyas-escondidas\/"},{"@type":"ListItem","position":3,"name":"Qu\u00e9 ver en Castiglione del Lago","item":"https:\/\/www.exploring-umbria.com\/es\/pueblos-en-umbria-muchas-joyas-escondidas\/que-ver-en-castiglione-del-lago\/"},{"@type":"ListItem","position":4,"name":"Fortaleza Medieval de Castiglione del Lago"}]}]}},"_links":{"self":[{"href":"https:\/\/www.exploring-umbria.com\/es\/wp-json\/wp\/v2\/pages\/40953"}],"collection":[{"href":"https:\/\/www.exploring-umbria.com\/es\/wp-json\/wp\/v2\/pages"}],"about":[{"href":"https:\/\/www.exploring-umbria.com\/es\/wp-json\/wp\/v2\/types\/page"}],"author":[{"embeddable":true,"href":"https:\/\/www.exploring-umbria.com\/es\/wp-json\/wp\/v2\/users\/4"}],"replies":[{"embeddable":true,"href":"https:\/\/www.exploring-umbria.com\/es\/wp-json\/wp\/v2\/comments?post=40953"}],"version-history":[{"count":3,"href":"https:\/\/www.exploring-umbria.com\/es\/wp-json\/wp\/v2\/pages\/40953\/revisions"}],"predecessor-version":[{"id":40963,"href":"https:\/\/www.exploring-umbria.com\/es\/wp-json\/wp\/v2\/pages\/40953\/revisions\/40963"}],"up":[{"embeddable":true,"href":"https:\/\/www.exploring-umbria.com\/es\/wp-json\/wp\/v2\/pages\/40915"}],"wp:featuredmedia":[{"embeddable":true,"href":"https:\/\/www.exploring-umbria.com\/es\/wp-json\/wp\/v2\/media\/34592"}],"wp:attachment":[{"href":"https:\/\/www.exploring-umbria.com\/es\/wp-json\/wp\/v2\/media?parent=40953"}],"curies":[{"name":"wp","href":"https:\/\/api.w.org\/{rel}","templated":true}]}}