{"id":40943,"date":"2020-05-07T20:58:29","date_gmt":"2020-05-07T18:58:29","guid":{"rendered":"https:\/\/www.exploring-umbria.com\/pueblos-en-umbria-muchas-joyas-escondidas\/que-ver-en-castiglione-del-lago\/abbazia-di-san-cristoforo\/"},"modified":"2020-09-18T18:58:30","modified_gmt":"2020-09-18T16:58:30","slug":"abadia-de-san-cristobal","status":"publish","type":"page","link":"https:\/\/www.exploring-umbria.com\/es\/pueblos-en-umbria-muchas-joyas-escondidas\/que-ver-en-castiglione-del-lago\/abadia-de-san-cristobal\/","title":{"rendered":"Abad\u00eda de San Crist\u00f3bal"},"content":{"rendered":"<p><strong>La Abad\u00eda de San Crist\u00f3bal<\/strong>, tambi\u00e9n conocida como la <em>Badia S. Cristoforo<\/em>, es una iglesia <strong>benedictina<\/strong> que data del a\u00f1o mil, y se levanta en un territorio que en la antig\u00fcedad abarcaba 100 hect\u00e1reas. No es posible determinar con precisi\u00f3n en qu\u00e9 a\u00f1o se construy\u00f3, pero el primer documento que atestigua su existencia data del a\u00f1o 997. Adem\u00e1s, parte de la estructura de la pared era de piedra curtida, que se remonta a esa \u00e9poca.<\/p>\n<p>El emperador <em>Ot\u00f3n III<\/em> don\u00f3 el territorio de Castiglione del Lago a <em>Hugo I de Toscana<\/em>, un marqu\u00e9s que fund\u00f3 la Abad\u00eda de San Genaro de Campoleone. Los emperadores que reinaban entonces en esos lugares, entre ellos <a href=\"https:\/\/es.wikipedia.org\/wiki\/Federico_I_Barbarroja\" target=\"_blank\" rel=\"noopener noreferrer\">Federico I<\/a>, conocido como <em>Barbarroja<\/em>, renovaron la donaci\u00f3n del territorio en el que se encontraba la iglesia. Los monjes benedictinos recuperaron entonces las tierras circundantes y comenzaron a cultivarlas; fue en torno a la <em>Villa di S. Cristoforo o a la aldea donde se desarroll\u00f3 la vida civil y religiosa. <\/em>M\u00e1s tarde, en 1260, la iglesia pas\u00f3 a estar bajo la <strong>Orden de los Caballeros de Malta<\/strong>, como lo atestigua un documento del Papa <em>Alejandro IV<\/em>. Tambi\u00e9n se encontraron dos escudos de armas, marcados con fuego en tableros de roble que constituyen un cuello de botella, que representan el s\u00edmbolo de la Orden de los Caballeros.<\/p>\n<p>En 1694 la Iglesia de San Crist\u00f3bal fue cerrada y el <em>Caballero Vagnucci<\/em> impidi\u00f3 el culto, ya que a \u00e9l le hubiera gustado un curato de su confianza, es decir, <em>Don Luca de Fundactis<\/em> enlugar del sacerdote elegido por el Obispo <em>Muti<\/em>, <em>Don Francesco Caroccio<\/em>. Sin embargo, la iglesia fue reabierta el mismo a\u00f1o.<\/p>\n<p>Su aspecto actual, tanto externo como interno, no se corresponde con el original; de hecho, la iglesia fue parcialmente <strong>demolida<\/strong> y posteriormente reconstruida en 1858 por razones casi desconocidas.<\/p>\n<p>El tama\u00f1o del templo actual es pr\u00e1cticamente el mismo que el de la antigua abad\u00eda. Esto excluir\u00eda la hip\u00f3tesis de que fuera demolido para la construcci\u00f3n de una nueva estructura m\u00e1s grande con el fin de albergar un mayor n\u00famero de fieles; lo que nos llevar\u00eda a preguntarnos por qu\u00e9 se tom\u00f3 una decisi\u00f3n tan radical y definitiva. Al principio ten\u00eda tres \u00e1bsides, como se puede ver en un plano encontrado en un documento de 1696, pero estos fueron sacrificados por la construcci\u00f3n de un solo \u00e1bside. Incluso las vigas originalmente presentes fueron sustituidas por b\u00f3vedas y, en 1733, se describi\u00f3 como una iglesia con cinco altares y una gran cantidad de mobiliario sagrado, todo lo cual condujo a una verdadera distorsi\u00f3n de la estructura. Si observamos el edificio desde el exterior, lo que queda de la antigua iglesia es visible a la izquierda del \u00e1bside, a ambos lados de la sacrist\u00eda. Esta parte se realiz\u00f3 con los restos de un <strong>templo<\/strong> formado por grandes sillares del que se encontr\u00f3 una decoraci\u00f3n de un friso que representa unos racimos. En el lado izquierdo de la can\u00f3nica se encuentran los restos de una antigua prensa y una peque\u00f1a puerta de arco. La construcci\u00f3n del <strong>campanario<\/strong> se remonta a los a\u00f1os 1901 &#8211; 1902, fue obra de <em>Giuseppe Capecchi<\/em> y <em>Oreste Ceccarelli<\/em>.<\/p>\n<p>En el interior, la iglesia tiene una planta rectangular de una sola nave, detr\u00e1s del altar se puede ver el \u00e1bside semicircular que sustituy\u00f3 a la forma arquitect\u00f3nica original.<\/p>\n<p>El presbiterio est\u00e1 situado sobre un escal\u00f3n y est\u00e1 hecho de travertino.<\/p>\n<p>Hay una placa de m\u00e1rmol con las fechas \u00ab1944-1948\u00bb, en memoria de la \u00e9poca en la que la iglesia sufri\u00f3 numerosos da\u00f1os estructurales y la p\u00e9rdida de algunas pinturas debido a la Segunda Guerra Mundial.<\/p>\n<p>La <strong>Abad\u00eda de San Crist\u00f3bal<\/strong> est\u00e1 situada en una zona monta\u00f1osa desde donde se puede admirar una hermosa vista de Castiglione del Lago y del <a href=\"https:\/\/www.exploring-umbria.com\/es\/subcategories\/parques-y-lagos\/#heading31878\" target=\"_blank\" rel=\"noopener noreferrer\">Lago Trasimeno<\/a>.<\/p>\n","protected":false},"excerpt":{"rendered":"<p>La Abad\u00eda de San Crist\u00f3bal, tambi\u00e9n conocida como la Badia S. Cristoforo, es una iglesia benedictina que data del a\u00f1o mil, y se levanta en un territorio que en la antig\u00fcedad abarcaba 100 hect\u00e1reas. No es posible determinar con precisi\u00f3n en qu\u00e9 a\u00f1o se construy\u00f3, pero el primer documento que atestigua su existencia data del [&hellip;]<\/p>\n","protected":false},"author":4,"featured_media":0,"parent":40915,"menu_order":0,"comment_status":"closed","ping_status":"closed","template":"","meta":{"om_disable_all_campaigns":false,"_monsterinsights_skip_tracking":false,"_monsterinsights_sitenote_active":false,"_monsterinsights_sitenote_note":"","_monsterinsights_sitenote_category":0},"acf":[],"yoast_head":"<!-- This site is optimized with the Yoast SEO plugin v18.4.1 - https:\/\/yoast.com\/wordpress\/plugins\/seo\/ -->\n<title>Abad\u00eda de San Crist\u00f3bal - Exploring Umbria<\/title>\n<meta name=\"description\" content=\"La Abad\u00eda de San Crist\u00f3bal, tambi\u00e9n conocida como la Badia S. Cristoforo, es una iglesia benedictina que data del a\u00f1o mil, y se levanta en un territorio\" \/>\n<meta name=\"robots\" content=\"index, follow, max-snippet:-1, max-image-preview:large, max-video-preview:-1\" \/>\n<link rel=\"canonical\" href=\"https:\/\/www.exploring-umbria.com\/es\/pueblos-en-umbria-muchas-joyas-escondidas\/que-ver-en-castiglione-del-lago\/abadia-de-san-cristobal\/\" \/>\n<meta property=\"og:locale\" content=\"es_ES\" \/>\n<meta property=\"og:type\" content=\"article\" \/>\n<meta property=\"og:title\" content=\"Abad\u00eda de San Crist\u00f3bal - Exploring Umbria\" \/>\n<meta property=\"og:description\" content=\"La Abad\u00eda de San Crist\u00f3bal, tambi\u00e9n conocida como la Badia S. Cristoforo, es una iglesia benedictina que data del a\u00f1o mil, y se levanta en un territorio\" \/>\n<meta property=\"og:url\" content=\"https:\/\/www.exploring-umbria.com\/es\/pueblos-en-umbria-muchas-joyas-escondidas\/que-ver-en-castiglione-del-lago\/abadia-de-san-cristobal\/\" \/>\n<meta property=\"og:site_name\" content=\"Exploring Umbria\" \/>\n<meta property=\"article:publisher\" content=\"https:\/\/www.facebook.com\/exploringumbria\/\" \/>\n<meta property=\"article:modified_time\" content=\"2020-09-18T16:58:30+00:00\" \/>\n<meta name=\"twitter:card\" content=\"summary_large_image\" \/>\n<meta name=\"twitter:label1\" content=\"Tiempo de lectura\" \/>\n\t<meta name=\"twitter:data1\" content=\"3 minutos\" \/>\n<script type=\"application\/ld+json\" class=\"yoast-schema-graph\">{\"@context\":\"https:\/\/schema.org\",\"@graph\":[{\"@type\":\"Organization\",\"@id\":\"https:\/\/www.exploring-umbria.com\/es\/#organization\",\"name\":\"Exploring Umbria\",\"url\":\"https:\/\/www.exploring-umbria.com\/es\/\",\"sameAs\":[\"https:\/\/www.facebook.com\/exploringumbria\/\",\"https:\/\/www.instagram.com\/exploringumbria\/\"],\"logo\":{\"@type\":\"ImageObject\",\"@id\":\"https:\/\/www.exploring-umbria.com\/es\/#logo\",\"inLanguage\":\"es\",\"url\":\"https:\/\/www.exploring-umbria.com\/wp-content\/uploads\/2019\/08\/solo-logo-verde.jpg\",\"contentUrl\":\"https:\/\/www.exploring-umbria.com\/wp-content\/uploads\/2019\/08\/solo-logo-verde.jpg\",\"width\":952,\"height\":532,\"caption\":\"Exploring Umbria\"},\"image\":{\"@id\":\"https:\/\/www.exploring-umbria.com\/es\/#logo\"}},{\"@type\":\"WebSite\",\"@id\":\"https:\/\/www.exploring-umbria.com\/es\/#website\",\"url\":\"https:\/\/www.exploring-umbria.com\/es\/\",\"name\":\"Exploring Umbria\",\"description\":\"your dates, your mood, your trip\",\"publisher\":{\"@id\":\"https:\/\/www.exploring-umbria.com\/es\/#organization\"},\"potentialAction\":[{\"@type\":\"SearchAction\",\"target\":{\"@type\":\"EntryPoint\",\"urlTemplate\":\"https:\/\/www.exploring-umbria.com\/es\/?s={search_term_string}\"},\"query-input\":\"required name=search_term_string\"}],\"inLanguage\":\"es\"},{\"@type\":\"WebPage\",\"@id\":\"https:\/\/www.exploring-umbria.com\/es\/pueblos-en-umbria-muchas-joyas-escondidas\/que-ver-en-castiglione-del-lago\/abadia-de-san-cristobal\/#webpage\",\"url\":\"https:\/\/www.exploring-umbria.com\/es\/pueblos-en-umbria-muchas-joyas-escondidas\/que-ver-en-castiglione-del-lago\/abadia-de-san-cristobal\/\",\"name\":\"Abad\u00eda de San Crist\u00f3bal - Exploring Umbria\",\"isPartOf\":{\"@id\":\"https:\/\/www.exploring-umbria.com\/es\/#website\"},\"datePublished\":\"2020-05-07T18:58:29+00:00\",\"dateModified\":\"2020-09-18T16:58:30+00:00\",\"description\":\"La Abad\u00eda de San Crist\u00f3bal, tambi\u00e9n conocida como la Badia S. Cristoforo, es una iglesia benedictina que data del a\u00f1o mil, y se levanta en un territorio\",\"breadcrumb\":{\"@id\":\"https:\/\/www.exploring-umbria.com\/es\/pueblos-en-umbria-muchas-joyas-escondidas\/que-ver-en-castiglione-del-lago\/abadia-de-san-cristobal\/#breadcrumb\"},\"inLanguage\":\"es\",\"potentialAction\":[{\"@type\":\"ReadAction\",\"target\":[\"https:\/\/www.exploring-umbria.com\/es\/pueblos-en-umbria-muchas-joyas-escondidas\/que-ver-en-castiglione-del-lago\/abadia-de-san-cristobal\/\"]}]},{\"@type\":\"BreadcrumbList\",\"@id\":\"https:\/\/www.exploring-umbria.com\/es\/pueblos-en-umbria-muchas-joyas-escondidas\/que-ver-en-castiglione-del-lago\/abadia-de-san-cristobal\/#breadcrumb\",\"itemListElement\":[{\"@type\":\"ListItem\",\"position\":1,\"name\":\"Home\",\"item\":\"https:\/\/www.exploring-umbria.com\/es\/\"},{\"@type\":\"ListItem\",\"position\":2,\"name\":\"Pueblos en Umbr\u00eda: muchas joyas escondidas\",\"item\":\"https:\/\/www.exploring-umbria.com\/es\/pueblos-en-umbria-muchas-joyas-escondidas\/\"},{\"@type\":\"ListItem\",\"position\":3,\"name\":\"Qu\u00e9 ver en Castiglione del Lago\",\"item\":\"https:\/\/www.exploring-umbria.com\/es\/pueblos-en-umbria-muchas-joyas-escondidas\/que-ver-en-castiglione-del-lago\/\"},{\"@type\":\"ListItem\",\"position\":4,\"name\":\"Abad\u00eda de San Crist\u00f3bal\"}]}]}<\/script>\n<!-- \/ Yoast SEO plugin. -->","yoast_head_json":{"title":"Abad\u00eda de San Crist\u00f3bal - Exploring Umbria","description":"La Abad\u00eda de San Crist\u00f3bal, tambi\u00e9n conocida como la Badia S. Cristoforo, es una iglesia benedictina que data del a\u00f1o mil, y se levanta en un territorio","robots":{"index":"index","follow":"follow","max-snippet":"max-snippet:-1","max-image-preview":"max-image-preview:large","max-video-preview":"max-video-preview:-1"},"canonical":"https:\/\/www.exploring-umbria.com\/es\/pueblos-en-umbria-muchas-joyas-escondidas\/que-ver-en-castiglione-del-lago\/abadia-de-san-cristobal\/","og_locale":"es_ES","og_type":"article","og_title":"Abad\u00eda de San Crist\u00f3bal - Exploring Umbria","og_description":"La Abad\u00eda de San Crist\u00f3bal, tambi\u00e9n conocida como la Badia S. Cristoforo, es una iglesia benedictina que data del a\u00f1o mil, y se levanta en un territorio","og_url":"https:\/\/www.exploring-umbria.com\/es\/pueblos-en-umbria-muchas-joyas-escondidas\/que-ver-en-castiglione-del-lago\/abadia-de-san-cristobal\/","og_site_name":"Exploring Umbria","article_publisher":"https:\/\/www.facebook.com\/exploringumbria\/","article_modified_time":"2020-09-18T16:58:30+00:00","twitter_card":"summary_large_image","twitter_misc":{"Tiempo de lectura":"3 minutos"},"schema":{"@context":"https:\/\/schema.org","@graph":[{"@type":"Organization","@id":"https:\/\/www.exploring-umbria.com\/es\/#organization","name":"Exploring Umbria","url":"https:\/\/www.exploring-umbria.com\/es\/","sameAs":["https:\/\/www.facebook.com\/exploringumbria\/","https:\/\/www.instagram.com\/exploringumbria\/"],"logo":{"@type":"ImageObject","@id":"https:\/\/www.exploring-umbria.com\/es\/#logo","inLanguage":"es","url":"https:\/\/www.exploring-umbria.com\/wp-content\/uploads\/2019\/08\/solo-logo-verde.jpg","contentUrl":"https:\/\/www.exploring-umbria.com\/wp-content\/uploads\/2019\/08\/solo-logo-verde.jpg","width":952,"height":532,"caption":"Exploring Umbria"},"image":{"@id":"https:\/\/www.exploring-umbria.com\/es\/#logo"}},{"@type":"WebSite","@id":"https:\/\/www.exploring-umbria.com\/es\/#website","url":"https:\/\/www.exploring-umbria.com\/es\/","name":"Exploring Umbria","description":"your dates, your mood, your trip","publisher":{"@id":"https:\/\/www.exploring-umbria.com\/es\/#organization"},"potentialAction":[{"@type":"SearchAction","target":{"@type":"EntryPoint","urlTemplate":"https:\/\/www.exploring-umbria.com\/es\/?s={search_term_string}"},"query-input":"required name=search_term_string"}],"inLanguage":"es"},{"@type":"WebPage","@id":"https:\/\/www.exploring-umbria.com\/es\/pueblos-en-umbria-muchas-joyas-escondidas\/que-ver-en-castiglione-del-lago\/abadia-de-san-cristobal\/#webpage","url":"https:\/\/www.exploring-umbria.com\/es\/pueblos-en-umbria-muchas-joyas-escondidas\/que-ver-en-castiglione-del-lago\/abadia-de-san-cristobal\/","name":"Abad\u00eda de San Crist\u00f3bal - Exploring Umbria","isPartOf":{"@id":"https:\/\/www.exploring-umbria.com\/es\/#website"},"datePublished":"2020-05-07T18:58:29+00:00","dateModified":"2020-09-18T16:58:30+00:00","description":"La Abad\u00eda de San Crist\u00f3bal, tambi\u00e9n conocida como la Badia S. Cristoforo, es una iglesia benedictina que data del a\u00f1o mil, y se levanta en un territorio","breadcrumb":{"@id":"https:\/\/www.exploring-umbria.com\/es\/pueblos-en-umbria-muchas-joyas-escondidas\/que-ver-en-castiglione-del-lago\/abadia-de-san-cristobal\/#breadcrumb"},"inLanguage":"es","potentialAction":[{"@type":"ReadAction","target":["https:\/\/www.exploring-umbria.com\/es\/pueblos-en-umbria-muchas-joyas-escondidas\/que-ver-en-castiglione-del-lago\/abadia-de-san-cristobal\/"]}]},{"@type":"BreadcrumbList","@id":"https:\/\/www.exploring-umbria.com\/es\/pueblos-en-umbria-muchas-joyas-escondidas\/que-ver-en-castiglione-del-lago\/abadia-de-san-cristobal\/#breadcrumb","itemListElement":[{"@type":"ListItem","position":1,"name":"Home","item":"https:\/\/www.exploring-umbria.com\/es\/"},{"@type":"ListItem","position":2,"name":"Pueblos en Umbr\u00eda: muchas joyas escondidas","item":"https:\/\/www.exploring-umbria.com\/es\/pueblos-en-umbria-muchas-joyas-escondidas\/"},{"@type":"ListItem","position":3,"name":"Qu\u00e9 ver en Castiglione del Lago","item":"https:\/\/www.exploring-umbria.com\/es\/pueblos-en-umbria-muchas-joyas-escondidas\/que-ver-en-castiglione-del-lago\/"},{"@type":"ListItem","position":4,"name":"Abad\u00eda de San Crist\u00f3bal"}]}]}},"_links":{"self":[{"href":"https:\/\/www.exploring-umbria.com\/es\/wp-json\/wp\/v2\/pages\/40943"}],"collection":[{"href":"https:\/\/www.exploring-umbria.com\/es\/wp-json\/wp\/v2\/pages"}],"about":[{"href":"https:\/\/www.exploring-umbria.com\/es\/wp-json\/wp\/v2\/types\/page"}],"author":[{"embeddable":true,"href":"https:\/\/www.exploring-umbria.com\/es\/wp-json\/wp\/v2\/users\/4"}],"replies":[{"embeddable":true,"href":"https:\/\/www.exploring-umbria.com\/es\/wp-json\/wp\/v2\/comments?post=40943"}],"version-history":[{"count":2,"href":"https:\/\/www.exploring-umbria.com\/es\/wp-json\/wp\/v2\/pages\/40943\/revisions"}],"predecessor-version":[{"id":40950,"href":"https:\/\/www.exploring-umbria.com\/es\/wp-json\/wp\/v2\/pages\/40943\/revisions\/40950"}],"up":[{"embeddable":true,"href":"https:\/\/www.exploring-umbria.com\/es\/wp-json\/wp\/v2\/pages\/40915"}],"wp:attachment":[{"href":"https:\/\/www.exploring-umbria.com\/es\/wp-json\/wp\/v2\/media?parent=40943"}],"curies":[{"name":"wp","href":"https:\/\/api.w.org\/{rel}","templated":true}]}}