{"id":40906,"date":"2020-05-07T18:12:49","date_gmt":"2020-05-07T16:12:49","guid":{"rendered":"https:\/\/www.exploring-umbria.com\/pueblos-en-umbria-muchas-joyas-escondidas\/scopri-castiglione-del-lago-la-perla-sul-trasimeno\/"},"modified":"2020-09-18T17:16:21","modified_gmt":"2020-09-18T15:16:21","slug":"descubre-castiglione-del-lago-la-perla-del-lago-trasimeno","status":"publish","type":"page","link":"https:\/\/www.exploring-umbria.com\/es\/pueblos-en-umbria-muchas-joyas-escondidas\/descubre-castiglione-del-lago-la-perla-del-lago-trasimeno\/","title":{"rendered":"Descubre Castiglione del Lago, la perla del lago Trasimeno"},"content":{"rendered":"<p><strong>Descubre Castiglione del Lago, el pueblo, sus colores y las islas del lago Trasimeno.\u00a0<\/strong><\/p>\n<p>En un promontorio con vistas al lago Trasimeno, se encuentra un lugar encantador lleno de historia donde el tiempo parece haberse detenido. El maravilloso <strong>Castiglione del Lago<\/strong>. Esta ciudad de m\u00e1s de quince mil habitantes est\u00e1 situada en la provincia de Perugia y se cuenta entre los <strong>pueblos m\u00e1s bellos de Italia<\/strong> por sus preciosas caracter\u00edsticas. Su territorio, que en la antig\u00fcedad se consideraba la cuarta isla del lago Trasimeno porque en esa \u00e9poca el nivel del agua era mucho m\u00e1s alto, incluye tambi\u00e9n la espl\u00e9ndida Isola Polvese, la mayor de las islas de la cuenca del lago Trasimeno.<\/p>\n<p>La posici\u00f3n central y favorable de Castiglione del Lago ha hecho que a lo largo de los siglos su territorio fuera a menudo disputado. Primero se disput\u00f3 por las poblaciones etruscas y romanas y luego por las ciudades toscanas y Perugia. Por esta raz\u00f3n Castiglione del Lago fue el centro de varios conflictos y numerosos edificios y fortificaciones fueron destruidos con el tiempo. A lo largo de los siglos la ciudad vivi\u00f3 bajo diferentes dominios. Primero fue un territorio gobernado por <a href=\"https:\/\/es.wikipedia.org\/wiki\/Federico_II_Hohenstaufen\" target=\"_blank\" rel=\"noopener noreferrer\">Federico II<\/a>, bajo el cual mantuvo una justa estabilidad, luego una disputa de la <em>familia Baglioni<\/em>. Pero tambi\u00e9n fue una posesi\u00f3n del <em>Estado de la Iglesia<\/em> y un <strong>marquesado<\/strong> de la <em>familia<\/em> <em>Corgna<\/em>.<\/p>\n<p>Hoy en d\u00eda es un pueblo rico en historia, que ofrece unas vistas impresionantes de toda la zona del lago <a href=\"https:\/\/www.exploring-umbria.com\/es\/subcategories\/parques-y-lagos\/#heading31878\" target=\"_blank\" rel=\"noopener noreferrer\">Trasimeno<\/a>.<\/p>\n<p>Castiglione del Lago cada a\u00f1o abraza la primavera. Y se enorgullece de celebrarlo con un festival tradicional que se celebra desde hace m\u00e1s de 50 a\u00f1os, el <strong>Festival del Tulip\u00e1n y la Primavera<\/strong>. Su origen se remonta exactamente a 1956. Cuando algunas familias holandesas de cultivadores de tulipanes se establecieron en la zona. Compraron parcelas de tierra para el cultivo y posterior venta de estas flores que a\u00fan son uno de los s\u00edmbolos m\u00e1s importantes de los Pa\u00edses Bajos. Sin embargo, muchos de los tulipanes no pudieron alcanzar una longitud de tallo suficiente para ser vendidos. Y as\u00ed los granjeros comenzaron a embellecer la ciudad con los hermosos y coloridos tulipanes de tallo corto.<\/p>\n<p>Una costumbre que se ha mantenido a lo largo del tiempo y que ha sobrevivido hasta el d\u00eda de hoy. Cada a\u00f1o desde entonces,<strong>\u00a0a finales de abril<\/strong>, el pueblo se ti\u00f1e de colores y libera durante unos d\u00edas envolventes aromas florales. Los balcones y ventanas de las casas est\u00e1n llenos de bellas flores, as\u00ed como los escaparates, calles, callejones y plazas. Este evento es hoy en d\u00eda uno de los m\u00e1s importantes en Castiglione del Lago. Recuerda el pasado gracias al <strong>desfile hist\u00f3rico<\/strong>\u00a0acompa\u00f1ada de <em>lanzadores de banderas<\/em>, <em>m\u00fasicos<\/em> y <em>tambores<\/em>. Los <em>casteglionesi<\/em> caminan por las calles del pueblo unidos, con maravillosas ropas de <strong>\u00e9poca<\/strong> que llaman la atenci\u00f3n de los visitantes y los fascinan. Hay muchos rostros, corazones y expresiones de orgullo de las personas que participan en el evento cada a\u00f1o. Mantienen vivo el pasado, la tradici\u00f3n y la historia del pueblo. Como un tesoro que custodiar a trav\u00e9s de los tiempos.<\/p>\n<p>Durante el evento tambi\u00e9n hay hermosas <strong>carrozas<\/strong> completamente decoradas con tulipanes. Cada a\u00f1o tienen una tem\u00e1tica y van flanqueadas durante el desfile por bandas de m\u00fasica de la ciudad. Tambi\u00e9n hay <em>campamentos hist\u00f3ricos<\/em> con actividades para los ni\u00f1os. Mientras tanto, los <em>magionesi<\/em> desfilan con las ropas de grandes personalidades del pasado, como el marqu\u00e9s <em>Ascanio Della Corgna<\/em>. Se vuelven a abrir las <strong>t\u00edpicas tabernas del pasado<\/strong>, ofreciendo deliciosos platos para degustar y acompa\u00f1ar con un buen vaso de vino local. No faltar\u00e1 el entretenimiento musical y l\u00fadico. Entre juegos y espect\u00e1culos con trajes de \u00e9poca, conciertos y actuaciones de baile, actuaciones de artistas callejeros y el inevitable Mercado de Primavera con la Feria de Aficiones, seguro que encontrar\u00e1s algo que hacer.<\/p>\n<p>El evento tambi\u00e9n incluye el Concurso de Balcones, Plazoletas y Escaparates Florales. Los habitantes de Castiglione se desaf\u00edan entre s\u00ed para crear los m\u00e1s bellos arreglos florales en los balcones de sus casas, plazas y escaparates.<\/p>\n<p>Cada a\u00f1o, entre finales de <strong>abril<\/strong> y los primeros d\u00edas de <strong>mayo<\/strong>, desde hace 28 ediciones, los cielos de Castiglione del Lago ofrecen un espect\u00e1culo \u00fanico. Hay muchas <strong>cometas de colores <\/strong>flotando en el aire, impulsadas por el viento y guiadas por las manos expertas de precisos kitesurfistas durante el evento <strong>Coloriamo i Cieli<\/strong>. Hay siempre numerosos participantes, que no s\u00f3lo vienen de diferentes partes de Italia, sino tambi\u00e9n de toda Europa. De hecho, es un acontecimiento que ha adquirido una importancia considerable a nivel internacional. Tambi\u00e9n se le concedi\u00f3 el reconocimiento de \u00abPatrimonio de Italia por la Tradici\u00f3n\u00bb por el Ministerio de Patrimonio, Cultura y Turismo. Una cita que trae gran alegr\u00eda, tanto para los adultos como para los ni\u00f1os, ya que las cometas siempre han sido un s\u00edmbolo de libertad.<\/p>\n<p>Durante el evento, que tiene lugar en el aeropuerto de <strong>Eleuteri<\/strong>, se realizan numerosas actividades. Empezando con <strong>vuelos libres<\/strong> de cometas, <strong>rallies<\/strong> de cometas de tracci\u00f3n, varios <strong>talleres educativos<\/strong> para ni\u00f1os, <strong>talleres de construcci\u00f3n <\/strong>de cometas, <strong>conciertos<\/strong>, <strong>conferencias<\/strong> e incluso <strong>vuelos<\/strong> en globo aerost\u00e1tico. Tambi\u00e9n est\u00e1 la exposici\u00f3n <strong>\u00abVoliamo con i libri<\/strong>\u00bb (Volamos con los libros), una cita diaria dedicada a la lectura de libros y numerosas exposiciones sobre el vuelo. El evento se enriquecer\u00e1 con visitas guiadas para descubrir el territorio y sus maravillas: ciclismo ecol\u00f3gico, paseos a caballo y bicicleta de monta\u00f1a, deliciosos productos locales y espect\u00e1culos de artistas callejeros que actuar\u00e1n e involucrar\u00e1n a los visitantes en divertidos juegos.<\/p>\n<p>Gracias a sus amplios espacios, el aeropuerto de Eleuteri tambi\u00e9n alberga el <strong>Meeting di Primavera<\/strong> Un evento internacional para profesionales y entusiastas de <strong>la aviaci\u00f3n<\/strong> de recreo y deportiva. \u00a1Un verdadero d\u00eda para los pilotos! Durante el evento, que tambi\u00e9n se repite anualmente entre <strong>abril<\/strong> y <strong>mayo<\/strong>, ser\u00e1 emocionante admirar las acrobacias de los participantes y el vuelo ser\u00e1 posible incluso para aquellos que nunca lo han hecho antes.<\/p>\n<p>En el mes de marzo, Castiglione del Lago tambi\u00e9n ofrece un evento deportivo que ahora es particularmente conocido por los atletas y el p\u00fablico deportivo,<strong> Strasimeno<\/strong>. Un <strong>ultramarat\u00f3n<\/strong> de 58 kil\u00f3metros ahora en su 18\u00aa edici\u00f3n. Gracias a sus objetivos intermedios, la distancia del circuito puede no ser corrida en su totalidad, convirti\u00e9ndolo en un marat\u00f3n o medio marat\u00f3n. Aquellos que quieran realizar un recorrido m\u00e1s relajado, pueden participar en un paseo no competitivo, la <strong>Strasimeno Family<\/strong>, una ruta adecuada para las familias. El evento tambi\u00e9n estar\u00e1 dedicado a los m\u00e1s j\u00f3venes con el <strong>Strasimeno Young<\/strong>, que ofrece recorridos por las calles del centro hist\u00f3rico de Castiglione del Lago.<\/p>\n<p>Entre los eventos de verano que involucran a Castiglione del Lago y a otros municipios de la zona del Lago Trasimeno, est\u00e1 el <strong>Trasimeno Blues Festival<\/strong>.\u00a0 Una rese\u00f1a musical en la que muchos artistas act\u00faan tanto en las notas del blues como experimentando con diferentes g\u00e9neros. Los conciertos se celebran anualmente en las plazas y las voces y la m\u00fasica de sus protagonistas animan a los habitantes y visitantes.<\/p>\n<p>La temporada de verano, generalmente de junio a finales de agosto, tambi\u00e9n ofrece al p\u00fablico uno de los festivales de cine m\u00e1s longevos de Italia, <strong>Roccacinema<\/strong>. Un evento que incluye proyecciones al aire libre y tiene lugar en los evocadores espacios exteriores de la Fortaleza Medieval.<\/p>\n<p>La Fortaleza Medieval tambi\u00e9n alberga las actuaciones del <strong>Festival Internacional de Folclore<\/strong>. Un verdadero intercambio de cultura y tradiciones entre pueblos de todo el mundo.<\/p>\n<p>El final de agosto trae consigo una cita ineludible para los amantes de la m\u00fasica cl\u00e1sica, el <strong>Festival de M\u00fasica Cl\u00e1sica<\/strong>. Se celebra en el evocador <strong>Palacio della Corgna<\/strong>. Todos los a\u00f1os acoge a excelentes m\u00fasicos y orquestas que rinden homenaje a los grandes artistas del pasado y que escribieron la historia de la m\u00fasica.<\/p>\n<p>El puerto de Castiglione del Lago acoge<strong> la Sagra del Pesce <\/strong>(Feria del Pescado), que tiene lugar en las primeras semanas de agosto. Aqu\u00ed los puestos de comida y vino ofrecen excelentes especialidades de pescado del lago Trasimeno, el verdadero protagonista de los men\u00fas que se ofrecen durante la feria.<\/p>\n<p>Entre las especialidades gastron\u00f3micas t\u00edpicas de Castiglione del Lago se encuentran el <strong>brustico <\/strong>a la parrilla y el <strong>tegamaccio<\/strong>, una deliciosa sopa preparada con pescado del lago. Pero tambi\u00e9n la<em> regina in<\/em> <em>porchetta<\/em>, una gran carpa condimentada con ajo, pimienta, sal e hinojo y cocida en el horno.\u00a0O pasta con salsa de pescado. Todos los platos t\u00edpicos y sabrosos van acompa\u00f1ados de excelentes vinos producidos localmente.<\/p>\n","protected":false},"excerpt":{"rendered":"<p>Descubre Castiglione del Lago, el pueblo, sus colores y las islas del lago Trasimeno.\u00a0 En un promontorio con vistas al lago Trasimeno, se encuentra un lugar encantador lleno de historia donde el tiempo parece haberse detenido. El maravilloso Castiglione del Lago. Esta ciudad de m\u00e1s de quince mil habitantes est\u00e1 situada en la provincia de [&hellip;]<\/p>\n","protected":false},"author":4,"featured_media":4938,"parent":3272,"menu_order":0,"comment_status":"closed","ping_status":"closed","template":"","meta":{"om_disable_all_campaigns":false,"_monsterinsights_skip_tracking":false,"_monsterinsights_sitenote_active":false,"_monsterinsights_sitenote_note":"","_monsterinsights_sitenote_category":0},"acf":[],"yoast_head":"<!-- This site is optimized with the Yoast SEO plugin v18.4.1 - https:\/\/yoast.com\/wordpress\/plugins\/seo\/ -->\n<title>Descubre Castiglione del Lago, la perla del lago Trasimeno - Exploring Umbria<\/title>\n<meta name=\"description\" content=\"Descubre Castiglione del Lago, el pueblo, sus colores y las islas del lago Trasimeno.\u00a0 En un promontorio con vistas al lago Trasimeno, se encuentra un\" \/>\n<meta name=\"robots\" content=\"index, follow, max-snippet:-1, max-image-preview:large, max-video-preview:-1\" \/>\n<link rel=\"canonical\" href=\"https:\/\/www.exploring-umbria.com\/es\/pueblos-en-umbria-muchas-joyas-escondidas\/descubre-castiglione-del-lago-la-perla-del-lago-trasimeno\/\" \/>\n<meta property=\"og:locale\" content=\"es_ES\" \/>\n<meta property=\"og:type\" content=\"article\" \/>\n<meta property=\"og:title\" content=\"Descubre Castiglione del Lago, la perla del lago Trasimeno - Exploring Umbria\" \/>\n<meta property=\"og:description\" content=\"Descubre Castiglione del Lago, el pueblo, sus colores y las islas del lago Trasimeno.\u00a0 En un promontorio con vistas al lago Trasimeno, se encuentra un\" \/>\n<meta property=\"og:url\" content=\"https:\/\/www.exploring-umbria.com\/es\/pueblos-en-umbria-muchas-joyas-escondidas\/descubre-castiglione-del-lago-la-perla-del-lago-trasimeno\/\" \/>\n<meta property=\"og:site_name\" content=\"Exploring Umbria\" \/>\n<meta property=\"article:publisher\" content=\"https:\/\/www.facebook.com\/exploringumbria\/\" \/>\n<meta property=\"article:modified_time\" content=\"2020-09-18T15:16:21+00:00\" \/>\n<meta property=\"og:image\" content=\"https:\/\/www.exploring-umbria.com\/wp-content\/uploads\/2019\/04\/CASTIGLIONE-DEL-LAGO-NOTTE.jpg\" \/>\n\t<meta property=\"og:image:width\" content=\"1440\" \/>\n\t<meta property=\"og:image:height\" content=\"796\" \/>\n\t<meta property=\"og:image:type\" content=\"image\/jpeg\" \/>\n<meta name=\"twitter:card\" content=\"summary_large_image\" \/>\n<meta name=\"twitter:label1\" content=\"Tiempo de lectura\" \/>\n\t<meta name=\"twitter:data1\" content=\"8 minutos\" \/>\n<script type=\"application\/ld+json\" class=\"yoast-schema-graph\">{\"@context\":\"https:\/\/schema.org\",\"@graph\":[{\"@type\":\"Organization\",\"@id\":\"https:\/\/www.exploring-umbria.com\/es\/#organization\",\"name\":\"Exploring Umbria\",\"url\":\"https:\/\/www.exploring-umbria.com\/es\/\",\"sameAs\":[\"https:\/\/www.facebook.com\/exploringumbria\/\",\"https:\/\/www.instagram.com\/exploringumbria\/\"],\"logo\":{\"@type\":\"ImageObject\",\"@id\":\"https:\/\/www.exploring-umbria.com\/es\/#logo\",\"inLanguage\":\"es\",\"url\":\"https:\/\/www.exploring-umbria.com\/wp-content\/uploads\/2019\/08\/solo-logo-verde.jpg\",\"contentUrl\":\"https:\/\/www.exploring-umbria.com\/wp-content\/uploads\/2019\/08\/solo-logo-verde.jpg\",\"width\":952,\"height\":532,\"caption\":\"Exploring Umbria\"},\"image\":{\"@id\":\"https:\/\/www.exploring-umbria.com\/es\/#logo\"}},{\"@type\":\"WebSite\",\"@id\":\"https:\/\/www.exploring-umbria.com\/es\/#website\",\"url\":\"https:\/\/www.exploring-umbria.com\/es\/\",\"name\":\"Exploring Umbria\",\"description\":\"your dates, your mood, your trip\",\"publisher\":{\"@id\":\"https:\/\/www.exploring-umbria.com\/es\/#organization\"},\"potentialAction\":[{\"@type\":\"SearchAction\",\"target\":{\"@type\":\"EntryPoint\",\"urlTemplate\":\"https:\/\/www.exploring-umbria.com\/es\/?s={search_term_string}\"},\"query-input\":\"required name=search_term_string\"}],\"inLanguage\":\"es\"},{\"@type\":\"ImageObject\",\"@id\":\"https:\/\/www.exploring-umbria.com\/es\/pueblos-en-umbria-muchas-joyas-escondidas\/descubre-castiglione-del-lago-la-perla-del-lago-trasimeno\/#primaryimage\",\"inLanguage\":\"es\",\"url\":\"https:\/\/www.exploring-umbria.com\/wp-content\/uploads\/2019\/04\/CASTIGLIONE-DEL-LAGO-NOTTE.jpg\",\"contentUrl\":\"https:\/\/www.exploring-umbria.com\/wp-content\/uploads\/2019\/04\/CASTIGLIONE-DEL-LAGO-NOTTE.jpg\",\"width\":1440,\"height\":796,\"caption\":\"Scopri Castiglione del Lago\"},{\"@type\":\"WebPage\",\"@id\":\"https:\/\/www.exploring-umbria.com\/es\/pueblos-en-umbria-muchas-joyas-escondidas\/descubre-castiglione-del-lago-la-perla-del-lago-trasimeno\/#webpage\",\"url\":\"https:\/\/www.exploring-umbria.com\/es\/pueblos-en-umbria-muchas-joyas-escondidas\/descubre-castiglione-del-lago-la-perla-del-lago-trasimeno\/\",\"name\":\"Descubre Castiglione del Lago, la perla del lago Trasimeno - Exploring Umbria\",\"isPartOf\":{\"@id\":\"https:\/\/www.exploring-umbria.com\/es\/#website\"},\"primaryImageOfPage\":{\"@id\":\"https:\/\/www.exploring-umbria.com\/es\/pueblos-en-umbria-muchas-joyas-escondidas\/descubre-castiglione-del-lago-la-perla-del-lago-trasimeno\/#primaryimage\"},\"datePublished\":\"2020-05-07T16:12:49+00:00\",\"dateModified\":\"2020-09-18T15:16:21+00:00\",\"description\":\"Descubre Castiglione del Lago, el pueblo, sus colores y las islas del lago Trasimeno.\u00a0 En un promontorio con vistas al lago Trasimeno, se encuentra un\",\"breadcrumb\":{\"@id\":\"https:\/\/www.exploring-umbria.com\/es\/pueblos-en-umbria-muchas-joyas-escondidas\/descubre-castiglione-del-lago-la-perla-del-lago-trasimeno\/#breadcrumb\"},\"inLanguage\":\"es\",\"potentialAction\":[{\"@type\":\"ReadAction\",\"target\":[\"https:\/\/www.exploring-umbria.com\/es\/pueblos-en-umbria-muchas-joyas-escondidas\/descubre-castiglione-del-lago-la-perla-del-lago-trasimeno\/\"]}]},{\"@type\":\"BreadcrumbList\",\"@id\":\"https:\/\/www.exploring-umbria.com\/es\/pueblos-en-umbria-muchas-joyas-escondidas\/descubre-castiglione-del-lago-la-perla-del-lago-trasimeno\/#breadcrumb\",\"itemListElement\":[{\"@type\":\"ListItem\",\"position\":1,\"name\":\"Home\",\"item\":\"https:\/\/www.exploring-umbria.com\/es\/\"},{\"@type\":\"ListItem\",\"position\":2,\"name\":\"Pueblos en Umbr\u00eda: muchas joyas escondidas\",\"item\":\"https:\/\/www.exploring-umbria.com\/es\/pueblos-en-umbria-muchas-joyas-escondidas\/\"},{\"@type\":\"ListItem\",\"position\":3,\"name\":\"Descubre Castiglione del Lago, la perla del lago Trasimeno\"}]}]}<\/script>\n<!-- \/ Yoast SEO plugin. -->","yoast_head_json":{"title":"Descubre Castiglione del Lago, la perla del lago Trasimeno - Exploring Umbria","description":"Descubre Castiglione del Lago, el pueblo, sus colores y las islas del lago Trasimeno.\u00a0 En un promontorio con vistas al lago Trasimeno, se encuentra un","robots":{"index":"index","follow":"follow","max-snippet":"max-snippet:-1","max-image-preview":"max-image-preview:large","max-video-preview":"max-video-preview:-1"},"canonical":"https:\/\/www.exploring-umbria.com\/es\/pueblos-en-umbria-muchas-joyas-escondidas\/descubre-castiglione-del-lago-la-perla-del-lago-trasimeno\/","og_locale":"es_ES","og_type":"article","og_title":"Descubre Castiglione del Lago, la perla del lago Trasimeno - Exploring Umbria","og_description":"Descubre Castiglione del Lago, el pueblo, sus colores y las islas del lago Trasimeno.\u00a0 En un promontorio con vistas al lago Trasimeno, se encuentra un","og_url":"https:\/\/www.exploring-umbria.com\/es\/pueblos-en-umbria-muchas-joyas-escondidas\/descubre-castiglione-del-lago-la-perla-del-lago-trasimeno\/","og_site_name":"Exploring Umbria","article_publisher":"https:\/\/www.facebook.com\/exploringumbria\/","article_modified_time":"2020-09-18T15:16:21+00:00","og_image":[{"width":1440,"height":796,"url":"https:\/\/www.exploring-umbria.com\/wp-content\/uploads\/2019\/04\/CASTIGLIONE-DEL-LAGO-NOTTE.jpg","type":"image\/jpeg"}],"twitter_card":"summary_large_image","twitter_misc":{"Tiempo de lectura":"8 minutos"},"schema":{"@context":"https:\/\/schema.org","@graph":[{"@type":"Organization","@id":"https:\/\/www.exploring-umbria.com\/es\/#organization","name":"Exploring Umbria","url":"https:\/\/www.exploring-umbria.com\/es\/","sameAs":["https:\/\/www.facebook.com\/exploringumbria\/","https:\/\/www.instagram.com\/exploringumbria\/"],"logo":{"@type":"ImageObject","@id":"https:\/\/www.exploring-umbria.com\/es\/#logo","inLanguage":"es","url":"https:\/\/www.exploring-umbria.com\/wp-content\/uploads\/2019\/08\/solo-logo-verde.jpg","contentUrl":"https:\/\/www.exploring-umbria.com\/wp-content\/uploads\/2019\/08\/solo-logo-verde.jpg","width":952,"height":532,"caption":"Exploring Umbria"},"image":{"@id":"https:\/\/www.exploring-umbria.com\/es\/#logo"}},{"@type":"WebSite","@id":"https:\/\/www.exploring-umbria.com\/es\/#website","url":"https:\/\/www.exploring-umbria.com\/es\/","name":"Exploring Umbria","description":"your dates, your mood, your trip","publisher":{"@id":"https:\/\/www.exploring-umbria.com\/es\/#organization"},"potentialAction":[{"@type":"SearchAction","target":{"@type":"EntryPoint","urlTemplate":"https:\/\/www.exploring-umbria.com\/es\/?s={search_term_string}"},"query-input":"required name=search_term_string"}],"inLanguage":"es"},{"@type":"ImageObject","@id":"https:\/\/www.exploring-umbria.com\/es\/pueblos-en-umbria-muchas-joyas-escondidas\/descubre-castiglione-del-lago-la-perla-del-lago-trasimeno\/#primaryimage","inLanguage":"es","url":"https:\/\/www.exploring-umbria.com\/wp-content\/uploads\/2019\/04\/CASTIGLIONE-DEL-LAGO-NOTTE.jpg","contentUrl":"https:\/\/www.exploring-umbria.com\/wp-content\/uploads\/2019\/04\/CASTIGLIONE-DEL-LAGO-NOTTE.jpg","width":1440,"height":796,"caption":"Scopri Castiglione del Lago"},{"@type":"WebPage","@id":"https:\/\/www.exploring-umbria.com\/es\/pueblos-en-umbria-muchas-joyas-escondidas\/descubre-castiglione-del-lago-la-perla-del-lago-trasimeno\/#webpage","url":"https:\/\/www.exploring-umbria.com\/es\/pueblos-en-umbria-muchas-joyas-escondidas\/descubre-castiglione-del-lago-la-perla-del-lago-trasimeno\/","name":"Descubre Castiglione del Lago, la perla del lago Trasimeno - Exploring Umbria","isPartOf":{"@id":"https:\/\/www.exploring-umbria.com\/es\/#website"},"primaryImageOfPage":{"@id":"https:\/\/www.exploring-umbria.com\/es\/pueblos-en-umbria-muchas-joyas-escondidas\/descubre-castiglione-del-lago-la-perla-del-lago-trasimeno\/#primaryimage"},"datePublished":"2020-05-07T16:12:49+00:00","dateModified":"2020-09-18T15:16:21+00:00","description":"Descubre Castiglione del Lago, el pueblo, sus colores y las islas del lago Trasimeno.\u00a0 En un promontorio con vistas al lago Trasimeno, se encuentra un","breadcrumb":{"@id":"https:\/\/www.exploring-umbria.com\/es\/pueblos-en-umbria-muchas-joyas-escondidas\/descubre-castiglione-del-lago-la-perla-del-lago-trasimeno\/#breadcrumb"},"inLanguage":"es","potentialAction":[{"@type":"ReadAction","target":["https:\/\/www.exploring-umbria.com\/es\/pueblos-en-umbria-muchas-joyas-escondidas\/descubre-castiglione-del-lago-la-perla-del-lago-trasimeno\/"]}]},{"@type":"BreadcrumbList","@id":"https:\/\/www.exploring-umbria.com\/es\/pueblos-en-umbria-muchas-joyas-escondidas\/descubre-castiglione-del-lago-la-perla-del-lago-trasimeno\/#breadcrumb","itemListElement":[{"@type":"ListItem","position":1,"name":"Home","item":"https:\/\/www.exploring-umbria.com\/es\/"},{"@type":"ListItem","position":2,"name":"Pueblos en Umbr\u00eda: muchas joyas escondidas","item":"https:\/\/www.exploring-umbria.com\/es\/pueblos-en-umbria-muchas-joyas-escondidas\/"},{"@type":"ListItem","position":3,"name":"Descubre Castiglione del Lago, la perla del lago Trasimeno"}]}]}},"_links":{"self":[{"href":"https:\/\/www.exploring-umbria.com\/es\/wp-json\/wp\/v2\/pages\/40906"}],"collection":[{"href":"https:\/\/www.exploring-umbria.com\/es\/wp-json\/wp\/v2\/pages"}],"about":[{"href":"https:\/\/www.exploring-umbria.com\/es\/wp-json\/wp\/v2\/types\/page"}],"author":[{"embeddable":true,"href":"https:\/\/www.exploring-umbria.com\/es\/wp-json\/wp\/v2\/users\/4"}],"replies":[{"embeddable":true,"href":"https:\/\/www.exploring-umbria.com\/es\/wp-json\/wp\/v2\/comments?post=40906"}],"version-history":[{"count":2,"href":"https:\/\/www.exploring-umbria.com\/es\/wp-json\/wp\/v2\/pages\/40906\/revisions"}],"predecessor-version":[{"id":40912,"href":"https:\/\/www.exploring-umbria.com\/es\/wp-json\/wp\/v2\/pages\/40906\/revisions\/40912"}],"up":[{"embeddable":true,"href":"https:\/\/www.exploring-umbria.com\/es\/wp-json\/wp\/v2\/pages\/3272"}],"wp:featuredmedia":[{"embeddable":true,"href":"https:\/\/www.exploring-umbria.com\/es\/wp-json\/wp\/v2\/media\/4938"}],"wp:attachment":[{"href":"https:\/\/www.exploring-umbria.com\/es\/wp-json\/wp\/v2\/media?parent=40906"}],"curies":[{"name":"wp","href":"https:\/\/api.w.org\/{rel}","templated":true}]}}