{"id":40817,"date":"2019-05-21T14:57:17","date_gmt":"2019-05-21T12:57:17","guid":{"rendered":"https:\/\/www.exploring-umbria.com\/pueblos-en-umbria-muchas-joyas-escondidas\/que-ver-en-bettona\/abbazia-di-san-crispolto\/"},"modified":"2020-09-17T18:28:17","modified_gmt":"2020-09-17T16:28:17","slug":"abadia-de-san-crispoldo","status":"publish","type":"page","link":"https:\/\/www.exploring-umbria.com\/es\/pueblos-en-umbria-muchas-joyas-escondidas\/que-ver-en-bettona\/abadia-de-san-crispoldo\/","title":{"rendered":"Abad\u00eda de San Crispoldo"},"content":{"rendered":"<p>La prueba documental m\u00e1s antigua de la existencia de un monasterio benedictino en el territorio de <a href=\"https:\/\/www.exploring-umbria.com\/es\/subcategories\/bettona\/#heading40143\" target=\"_blank\" rel=\"noopener noreferrer\">Bettona<\/a> reside <strong>en la abad\u00eda de San Crispoldo <\/strong>della Piana, de cuya presencia se tiene cuenta desde el a\u00f1o 1014, aunque se desconoce la fecha de su fundaci\u00f3n. La abad\u00eda, conocida como Badia, est\u00e1 situada en Passaggio, cerca de la confluencia de los r\u00edos Topino y Chiascio, en una zona que fue habitada en \u00e9poca romana, pero que m\u00e1s tarde fue inund\u00e1ndose gradualmente.<br \/>\nLa abad\u00eda fue construida con materiales de desecho de los edificios romanos y custodiaba el cuerpo de la santa patrona de Bettona <a href=\"https:\/\/en.wikipedia.org\/wiki\/Crispoldus\" target=\"_blank\" rel=\"noopener noreferrer\">San Crispoldo<\/a>: seg\u00fan la leyenda, el fue martirizada en el lugar justo donde esta fue erigida.<\/p>\n<p>En 1238 pas\u00f3 bajo la dependencia de Santa Mar\u00eda Farneta, con el desacuerdo de los monjes que presenciaron la reducci\u00f3n de su poder pol\u00edtico. En 1265 el cuerpo de San Crispoldo fue trasladado dentro de las murallas de la ciudad, en la nueva iglesia de San Crispoldo de los Frailes Menores Conventuales: este acontecimiento marc\u00f3 el inicio de una crisis irreversiblede los benedictinos, cuya importancia se fue desvaneciendo debido a la expansi\u00f3n de las \u00f3rdenes mendicantes durante el siglo XIV.<br \/>\nLa abad\u00eda sigui\u00f3 siendo propiedad de los prelados locales, que vivieron all\u00ed hasta mediados del siglo XIX, cuando el edificio se redujo a una granja. Hoy en d\u00eda el complejo es una residencia privada, pero el propietario ha restaurado todo el edificio: la cripta, el \u00e1bside superior (uno de los m\u00e1s antiguos de Umbr\u00eda) y los restos del patio de claustro se conservan de la estructura original.<\/p>\n","protected":false},"excerpt":{"rendered":"<p>La prueba documental m\u00e1s antigua de la existencia de un monasterio benedictino en el territorio de Bettona reside en la abad\u00eda de San Crispoldo della Piana, de cuya presencia se tiene cuenta desde el a\u00f1o 1014, aunque se desconoce la fecha de su fundaci\u00f3n. La abad\u00eda, conocida como Badia, est\u00e1 situada en Passaggio, cerca de [&hellip;]<\/p>\n","protected":false},"author":4,"featured_media":0,"parent":40152,"menu_order":4,"comment_status":"closed","ping_status":"closed","template":"","meta":{"om_disable_all_campaigns":false,"_monsterinsights_skip_tracking":false,"_monsterinsights_sitenote_active":false,"_monsterinsights_sitenote_note":"","_monsterinsights_sitenote_category":0},"acf":[],"yoast_head":"<!-- This site is optimized with the Yoast SEO plugin v18.4.1 - https:\/\/yoast.com\/wordpress\/plugins\/seo\/ -->\n<title>Abad\u00eda de San Crispoldo - Exploring Umbria<\/title>\n<meta name=\"description\" content=\"La prueba documental m\u00e1s antigua de la existencia de un monasterio benedictino en el territorio de Bettona reside en la abad\u00eda de San Crispoldo della\" \/>\n<meta name=\"robots\" content=\"index, follow, max-snippet:-1, max-image-preview:large, max-video-preview:-1\" \/>\n<link rel=\"canonical\" href=\"https:\/\/www.exploring-umbria.com\/es\/pueblos-en-umbria-muchas-joyas-escondidas\/que-ver-en-bettona\/abadia-de-san-crispoldo\/\" \/>\n<meta property=\"og:locale\" content=\"es_ES\" \/>\n<meta property=\"og:type\" content=\"article\" \/>\n<meta property=\"og:title\" content=\"Abad\u00eda de San Crispoldo - Exploring Umbria\" \/>\n<meta property=\"og:description\" content=\"La prueba documental m\u00e1s antigua de la existencia de un monasterio benedictino en el territorio de Bettona reside en la abad\u00eda de San Crispoldo della\" \/>\n<meta property=\"og:url\" content=\"https:\/\/www.exploring-umbria.com\/es\/pueblos-en-umbria-muchas-joyas-escondidas\/que-ver-en-bettona\/abadia-de-san-crispoldo\/\" \/>\n<meta property=\"og:site_name\" content=\"Exploring Umbria\" \/>\n<meta property=\"article:publisher\" content=\"https:\/\/www.facebook.com\/exploringumbria\/\" \/>\n<meta property=\"article:modified_time\" content=\"2020-09-17T16:28:17+00:00\" \/>\n<meta name=\"twitter:card\" content=\"summary_large_image\" \/>\n<meta name=\"twitter:label1\" content=\"Tiempo de lectura\" \/>\n\t<meta name=\"twitter:data1\" content=\"1 minuto\" \/>\n<script type=\"application\/ld+json\" class=\"yoast-schema-graph\">{\"@context\":\"https:\/\/schema.org\",\"@graph\":[{\"@type\":\"Organization\",\"@id\":\"https:\/\/www.exploring-umbria.com\/es\/#organization\",\"name\":\"Exploring Umbria\",\"url\":\"https:\/\/www.exploring-umbria.com\/es\/\",\"sameAs\":[\"https:\/\/www.facebook.com\/exploringumbria\/\",\"https:\/\/www.instagram.com\/exploringumbria\/\"],\"logo\":{\"@type\":\"ImageObject\",\"@id\":\"https:\/\/www.exploring-umbria.com\/es\/#logo\",\"inLanguage\":\"es\",\"url\":\"https:\/\/www.exploring-umbria.com\/wp-content\/uploads\/2019\/08\/solo-logo-verde.jpg\",\"contentUrl\":\"https:\/\/www.exploring-umbria.com\/wp-content\/uploads\/2019\/08\/solo-logo-verde.jpg\",\"width\":952,\"height\":532,\"caption\":\"Exploring Umbria\"},\"image\":{\"@id\":\"https:\/\/www.exploring-umbria.com\/es\/#logo\"}},{\"@type\":\"WebSite\",\"@id\":\"https:\/\/www.exploring-umbria.com\/es\/#website\",\"url\":\"https:\/\/www.exploring-umbria.com\/es\/\",\"name\":\"Exploring Umbria\",\"description\":\"your dates, your mood, your trip\",\"publisher\":{\"@id\":\"https:\/\/www.exploring-umbria.com\/es\/#organization\"},\"potentialAction\":[{\"@type\":\"SearchAction\",\"target\":{\"@type\":\"EntryPoint\",\"urlTemplate\":\"https:\/\/www.exploring-umbria.com\/es\/?s={search_term_string}\"},\"query-input\":\"required name=search_term_string\"}],\"inLanguage\":\"es\"},{\"@type\":\"WebPage\",\"@id\":\"https:\/\/www.exploring-umbria.com\/es\/pueblos-en-umbria-muchas-joyas-escondidas\/que-ver-en-bettona\/abadia-de-san-crispoldo\/#webpage\",\"url\":\"https:\/\/www.exploring-umbria.com\/es\/pueblos-en-umbria-muchas-joyas-escondidas\/que-ver-en-bettona\/abadia-de-san-crispoldo\/\",\"name\":\"Abad\u00eda de San Crispoldo - Exploring Umbria\",\"isPartOf\":{\"@id\":\"https:\/\/www.exploring-umbria.com\/es\/#website\"},\"datePublished\":\"2019-05-21T12:57:17+00:00\",\"dateModified\":\"2020-09-17T16:28:17+00:00\",\"description\":\"La prueba documental m\u00e1s antigua de la existencia de un monasterio benedictino en el territorio de Bettona reside en la abad\u00eda de San Crispoldo della\",\"breadcrumb\":{\"@id\":\"https:\/\/www.exploring-umbria.com\/es\/pueblos-en-umbria-muchas-joyas-escondidas\/que-ver-en-bettona\/abadia-de-san-crispoldo\/#breadcrumb\"},\"inLanguage\":\"es\",\"potentialAction\":[{\"@type\":\"ReadAction\",\"target\":[\"https:\/\/www.exploring-umbria.com\/es\/pueblos-en-umbria-muchas-joyas-escondidas\/que-ver-en-bettona\/abadia-de-san-crispoldo\/\"]}]},{\"@type\":\"BreadcrumbList\",\"@id\":\"https:\/\/www.exploring-umbria.com\/es\/pueblos-en-umbria-muchas-joyas-escondidas\/que-ver-en-bettona\/abadia-de-san-crispoldo\/#breadcrumb\",\"itemListElement\":[{\"@type\":\"ListItem\",\"position\":1,\"name\":\"Home\",\"item\":\"https:\/\/www.exploring-umbria.com\/es\/\"},{\"@type\":\"ListItem\",\"position\":2,\"name\":\"Pueblos en Umbr\u00eda: muchas joyas escondidas\",\"item\":\"https:\/\/www.exploring-umbria.com\/es\/pueblos-en-umbria-muchas-joyas-escondidas\/\"},{\"@type\":\"ListItem\",\"position\":3,\"name\":\"Qu\u00e9 ver en Bettona\",\"item\":\"https:\/\/www.exploring-umbria.com\/es\/pueblos-en-umbria-muchas-joyas-escondidas\/que-ver-en-bettona\/\"},{\"@type\":\"ListItem\",\"position\":4,\"name\":\"Abad\u00eda de San Crispoldo\"}]}]}<\/script>\n<!-- \/ Yoast SEO plugin. -->","yoast_head_json":{"title":"Abad\u00eda de San Crispoldo - Exploring Umbria","description":"La prueba documental m\u00e1s antigua de la existencia de un monasterio benedictino en el territorio de Bettona reside en la abad\u00eda de San Crispoldo della","robots":{"index":"index","follow":"follow","max-snippet":"max-snippet:-1","max-image-preview":"max-image-preview:large","max-video-preview":"max-video-preview:-1"},"canonical":"https:\/\/www.exploring-umbria.com\/es\/pueblos-en-umbria-muchas-joyas-escondidas\/que-ver-en-bettona\/abadia-de-san-crispoldo\/","og_locale":"es_ES","og_type":"article","og_title":"Abad\u00eda de San Crispoldo - Exploring Umbria","og_description":"La prueba documental m\u00e1s antigua de la existencia de un monasterio benedictino en el territorio de Bettona reside en la abad\u00eda de San Crispoldo della","og_url":"https:\/\/www.exploring-umbria.com\/es\/pueblos-en-umbria-muchas-joyas-escondidas\/que-ver-en-bettona\/abadia-de-san-crispoldo\/","og_site_name":"Exploring Umbria","article_publisher":"https:\/\/www.facebook.com\/exploringumbria\/","article_modified_time":"2020-09-17T16:28:17+00:00","twitter_card":"summary_large_image","twitter_misc":{"Tiempo de lectura":"1 minuto"},"schema":{"@context":"https:\/\/schema.org","@graph":[{"@type":"Organization","@id":"https:\/\/www.exploring-umbria.com\/es\/#organization","name":"Exploring Umbria","url":"https:\/\/www.exploring-umbria.com\/es\/","sameAs":["https:\/\/www.facebook.com\/exploringumbria\/","https:\/\/www.instagram.com\/exploringumbria\/"],"logo":{"@type":"ImageObject","@id":"https:\/\/www.exploring-umbria.com\/es\/#logo","inLanguage":"es","url":"https:\/\/www.exploring-umbria.com\/wp-content\/uploads\/2019\/08\/solo-logo-verde.jpg","contentUrl":"https:\/\/www.exploring-umbria.com\/wp-content\/uploads\/2019\/08\/solo-logo-verde.jpg","width":952,"height":532,"caption":"Exploring Umbria"},"image":{"@id":"https:\/\/www.exploring-umbria.com\/es\/#logo"}},{"@type":"WebSite","@id":"https:\/\/www.exploring-umbria.com\/es\/#website","url":"https:\/\/www.exploring-umbria.com\/es\/","name":"Exploring Umbria","description":"your dates, your mood, your trip","publisher":{"@id":"https:\/\/www.exploring-umbria.com\/es\/#organization"},"potentialAction":[{"@type":"SearchAction","target":{"@type":"EntryPoint","urlTemplate":"https:\/\/www.exploring-umbria.com\/es\/?s={search_term_string}"},"query-input":"required name=search_term_string"}],"inLanguage":"es"},{"@type":"WebPage","@id":"https:\/\/www.exploring-umbria.com\/es\/pueblos-en-umbria-muchas-joyas-escondidas\/que-ver-en-bettona\/abadia-de-san-crispoldo\/#webpage","url":"https:\/\/www.exploring-umbria.com\/es\/pueblos-en-umbria-muchas-joyas-escondidas\/que-ver-en-bettona\/abadia-de-san-crispoldo\/","name":"Abad\u00eda de San Crispoldo - Exploring Umbria","isPartOf":{"@id":"https:\/\/www.exploring-umbria.com\/es\/#website"},"datePublished":"2019-05-21T12:57:17+00:00","dateModified":"2020-09-17T16:28:17+00:00","description":"La prueba documental m\u00e1s antigua de la existencia de un monasterio benedictino en el territorio de Bettona reside en la abad\u00eda de San Crispoldo della","breadcrumb":{"@id":"https:\/\/www.exploring-umbria.com\/es\/pueblos-en-umbria-muchas-joyas-escondidas\/que-ver-en-bettona\/abadia-de-san-crispoldo\/#breadcrumb"},"inLanguage":"es","potentialAction":[{"@type":"ReadAction","target":["https:\/\/www.exploring-umbria.com\/es\/pueblos-en-umbria-muchas-joyas-escondidas\/que-ver-en-bettona\/abadia-de-san-crispoldo\/"]}]},{"@type":"BreadcrumbList","@id":"https:\/\/www.exploring-umbria.com\/es\/pueblos-en-umbria-muchas-joyas-escondidas\/que-ver-en-bettona\/abadia-de-san-crispoldo\/#breadcrumb","itemListElement":[{"@type":"ListItem","position":1,"name":"Home","item":"https:\/\/www.exploring-umbria.com\/es\/"},{"@type":"ListItem","position":2,"name":"Pueblos en Umbr\u00eda: muchas joyas escondidas","item":"https:\/\/www.exploring-umbria.com\/es\/pueblos-en-umbria-muchas-joyas-escondidas\/"},{"@type":"ListItem","position":3,"name":"Qu\u00e9 ver en Bettona","item":"https:\/\/www.exploring-umbria.com\/es\/pueblos-en-umbria-muchas-joyas-escondidas\/que-ver-en-bettona\/"},{"@type":"ListItem","position":4,"name":"Abad\u00eda de San Crispoldo"}]}]}},"_links":{"self":[{"href":"https:\/\/www.exploring-umbria.com\/es\/wp-json\/wp\/v2\/pages\/40817"}],"collection":[{"href":"https:\/\/www.exploring-umbria.com\/es\/wp-json\/wp\/v2\/pages"}],"about":[{"href":"https:\/\/www.exploring-umbria.com\/es\/wp-json\/wp\/v2\/types\/page"}],"author":[{"embeddable":true,"href":"https:\/\/www.exploring-umbria.com\/es\/wp-json\/wp\/v2\/users\/4"}],"replies":[{"embeddable":true,"href":"https:\/\/www.exploring-umbria.com\/es\/wp-json\/wp\/v2\/comments?post=40817"}],"version-history":[{"count":2,"href":"https:\/\/www.exploring-umbria.com\/es\/wp-json\/wp\/v2\/pages\/40817\/revisions"}],"predecessor-version":[{"id":40821,"href":"https:\/\/www.exploring-umbria.com\/es\/wp-json\/wp\/v2\/pages\/40817\/revisions\/40821"}],"up":[{"embeddable":true,"href":"https:\/\/www.exploring-umbria.com\/es\/wp-json\/wp\/v2\/pages\/40152"}],"wp:attachment":[{"href":"https:\/\/www.exploring-umbria.com\/es\/wp-json\/wp\/v2\/media?parent=40817"}],"curies":[{"name":"wp","href":"https:\/\/api.w.org\/{rel}","templated":true}]}}