{"id":40789,"date":"2019-05-21T14:55:10","date_gmt":"2019-05-21T12:55:10","guid":{"rendered":"https:\/\/www.exploring-umbria.com\/pueblos-en-umbria-muchas-joyas-escondidas\/que-ver-en-bettona\/palazzo-del-podesta-di-bettona\/"},"modified":"2020-09-17T18:12:14","modified_gmt":"2020-09-17T16:12:14","slug":"palacio-del-podesta-de-bettona","status":"publish","type":"page","link":"https:\/\/www.exploring-umbria.com\/es\/pueblos-en-umbria-muchas-joyas-escondidas\/que-ver-en-bettona\/palacio-del-podesta-de-bettona\/","title":{"rendered":"Palacio del Podest\u00e0 de Bettona"},"content":{"rendered":"<p>El <strong>Palacio del Podest\u00e0 <\/strong>es un edificio sobrio que se levanta en la plaza principal de Bettona, junto al Palacio Biancalana y no lejos de la iglesia de Santa Maria la Mayor. Es un edificio del siglo XIV, sede de los antiguos gobernantes y del podest\u00e0. Su construcci\u00f3n se remonta a la reconstrucci\u00f3n de Bettona llevada a cabo por <a href=\"https:\/\/es.wikipedia.org\/wiki\/Gil_%C3%81lvarez_de_Albornoz\" target=\"_blank\" rel=\"noopener noreferrer\">Gil de Albornoz<\/a> en 1367, despu\u00e9s de que los perusinos la hubieran arrasado: en 1379 se decidi\u00f3 construir una nueva residencia para los priores.<\/p>\n<p>El Palacio del Podest\u00e0 de Bettona es un importante testimoniohist\u00f3rico-art\u00edstico. Como lo hacen patente dos frescos: el de la <em>Majestad y los Santos, <\/em>que data de 1380 y est\u00e1 situados en el interior de la sala, y <em>el de los Santos Pedro y Pablo con \u00e1ngeles portando estandarte <\/em>que se encuentra en el exterior y que fue construido m\u00e1s de medio siglo m\u00e1s tarde. Ambos se encuentran actualmente deteriorados y durante mucho tiempo permanecieron ocultos entre las paredes del palacio.<\/p>\n<p>De hecho, con el paso de los a\u00f1os, la construcci\u00f3n adquiri\u00f3 un aspecto diferente y a principios del siglo XX ten\u00eda ventanas del siglo XVII y un edificio de dos plantas que se hab\u00eda construido a la derecha. Al menos hab\u00eda seguido desempe\u00f1ando funciones p\u00fablicas como las audiencias del conciliador, oficina tributaria, tesorer\u00eda municipal&#8230; Sin embargo, el verdadero renacer se produjo cuando fue elegido como sede de la pinacoteca de Bettona.<\/p>\n<p>El 14 de agosto de 1904, en efecto, nace por fin el museo de la ciudad de Bettona, que se instala en las salas del palacio, al que se devuelve el car\u00e1cter original del siglo XIV gracias a laobra del arquitecto <em>Viviani<\/em> y del pintor <em>Sebastiano Novelli<\/em>, que pint\u00f3 los frescos de la sala.<br \/>\nHoy en d\u00eda el museo sigue situado en el Palacio del Podest\u00e0, pero debido al terremoto de 2016, las obras se han trasladado a\u00a0 las salas del Palacio <a href=\"https:\/\/www.exploring-umbria.com\/es\/subcategories\/bettona\/#heading40805\" target=\"_blank\" rel=\"noopener noreferrer\">Biancalana<\/a>, ya que el sal\u00f3n del podest\u00e0 est\u00e1 temporalmente cerrado.<\/p>\n","protected":false},"excerpt":{"rendered":"<p>El Palacio del Podest\u00e0 es un edificio sobrio que se levanta en la plaza principal de Bettona, junto al Palacio Biancalana y no lejos de la iglesia de Santa Maria la Mayor. Es un edificio del siglo XIV, sede de los antiguos gobernantes y del podest\u00e0. Su construcci\u00f3n se remonta a la reconstrucci\u00f3n de Bettona [&hellip;]<\/p>\n","protected":false},"author":4,"featured_media":0,"parent":40152,"menu_order":2,"comment_status":"closed","ping_status":"closed","template":"","meta":{"om_disable_all_campaigns":false,"_monsterinsights_skip_tracking":false,"_monsterinsights_sitenote_active":false,"_monsterinsights_sitenote_note":"","_monsterinsights_sitenote_category":0},"acf":[],"yoast_head":"<!-- This site is optimized with the Yoast SEO plugin v18.4.1 - https:\/\/yoast.com\/wordpress\/plugins\/seo\/ -->\n<title>Palacio del Podest\u00e0 de Bettona - Exploring Umbria<\/title>\n<meta name=\"description\" content=\"El Palacio del Podest\u00e0 es un edificio sobrio que se levanta en la plaza principal de Bettona, junto al Palacio Biancalana y no lejos de la iglesia de\" \/>\n<meta name=\"robots\" content=\"index, follow, max-snippet:-1, max-image-preview:large, max-video-preview:-1\" \/>\n<link rel=\"canonical\" href=\"https:\/\/www.exploring-umbria.com\/es\/pueblos-en-umbria-muchas-joyas-escondidas\/que-ver-en-bettona\/palacio-del-podesta-de-bettona\/\" \/>\n<meta property=\"og:locale\" content=\"es_ES\" \/>\n<meta property=\"og:type\" content=\"article\" \/>\n<meta property=\"og:title\" content=\"Palacio del Podest\u00e0 de Bettona - Exploring Umbria\" \/>\n<meta property=\"og:description\" content=\"El Palacio del Podest\u00e0 es un edificio sobrio que se levanta en la plaza principal de Bettona, junto al Palacio Biancalana y no lejos de la iglesia de\" \/>\n<meta property=\"og:url\" content=\"https:\/\/www.exploring-umbria.com\/es\/pueblos-en-umbria-muchas-joyas-escondidas\/que-ver-en-bettona\/palacio-del-podesta-de-bettona\/\" \/>\n<meta property=\"og:site_name\" content=\"Exploring Umbria\" \/>\n<meta property=\"article:publisher\" content=\"https:\/\/www.facebook.com\/exploringumbria\/\" \/>\n<meta property=\"article:modified_time\" content=\"2020-09-17T16:12:14+00:00\" \/>\n<meta name=\"twitter:card\" content=\"summary_large_image\" \/>\n<meta name=\"twitter:label1\" content=\"Tiempo de lectura\" \/>\n\t<meta name=\"twitter:data1\" content=\"2 minutos\" \/>\n<script type=\"application\/ld+json\" class=\"yoast-schema-graph\">{\"@context\":\"https:\/\/schema.org\",\"@graph\":[{\"@type\":\"Organization\",\"@id\":\"https:\/\/www.exploring-umbria.com\/es\/#organization\",\"name\":\"Exploring Umbria\",\"url\":\"https:\/\/www.exploring-umbria.com\/es\/\",\"sameAs\":[\"https:\/\/www.facebook.com\/exploringumbria\/\",\"https:\/\/www.instagram.com\/exploringumbria\/\"],\"logo\":{\"@type\":\"ImageObject\",\"@id\":\"https:\/\/www.exploring-umbria.com\/es\/#logo\",\"inLanguage\":\"es\",\"url\":\"https:\/\/www.exploring-umbria.com\/wp-content\/uploads\/2019\/08\/solo-logo-verde.jpg\",\"contentUrl\":\"https:\/\/www.exploring-umbria.com\/wp-content\/uploads\/2019\/08\/solo-logo-verde.jpg\",\"width\":952,\"height\":532,\"caption\":\"Exploring Umbria\"},\"image\":{\"@id\":\"https:\/\/www.exploring-umbria.com\/es\/#logo\"}},{\"@type\":\"WebSite\",\"@id\":\"https:\/\/www.exploring-umbria.com\/es\/#website\",\"url\":\"https:\/\/www.exploring-umbria.com\/es\/\",\"name\":\"Exploring Umbria\",\"description\":\"your dates, your mood, your trip\",\"publisher\":{\"@id\":\"https:\/\/www.exploring-umbria.com\/es\/#organization\"},\"potentialAction\":[{\"@type\":\"SearchAction\",\"target\":{\"@type\":\"EntryPoint\",\"urlTemplate\":\"https:\/\/www.exploring-umbria.com\/es\/?s={search_term_string}\"},\"query-input\":\"required name=search_term_string\"}],\"inLanguage\":\"es\"},{\"@type\":\"WebPage\",\"@id\":\"https:\/\/www.exploring-umbria.com\/es\/pueblos-en-umbria-muchas-joyas-escondidas\/que-ver-en-bettona\/palacio-del-podesta-de-bettona\/#webpage\",\"url\":\"https:\/\/www.exploring-umbria.com\/es\/pueblos-en-umbria-muchas-joyas-escondidas\/que-ver-en-bettona\/palacio-del-podesta-de-bettona\/\",\"name\":\"Palacio del Podest\u00e0 de Bettona - Exploring Umbria\",\"isPartOf\":{\"@id\":\"https:\/\/www.exploring-umbria.com\/es\/#website\"},\"datePublished\":\"2019-05-21T12:55:10+00:00\",\"dateModified\":\"2020-09-17T16:12:14+00:00\",\"description\":\"El Palacio del Podest\u00e0 es un edificio sobrio que se levanta en la plaza principal de Bettona, junto al Palacio Biancalana y no lejos de la iglesia de\",\"breadcrumb\":{\"@id\":\"https:\/\/www.exploring-umbria.com\/es\/pueblos-en-umbria-muchas-joyas-escondidas\/que-ver-en-bettona\/palacio-del-podesta-de-bettona\/#breadcrumb\"},\"inLanguage\":\"es\",\"potentialAction\":[{\"@type\":\"ReadAction\",\"target\":[\"https:\/\/www.exploring-umbria.com\/es\/pueblos-en-umbria-muchas-joyas-escondidas\/que-ver-en-bettona\/palacio-del-podesta-de-bettona\/\"]}]},{\"@type\":\"BreadcrumbList\",\"@id\":\"https:\/\/www.exploring-umbria.com\/es\/pueblos-en-umbria-muchas-joyas-escondidas\/que-ver-en-bettona\/palacio-del-podesta-de-bettona\/#breadcrumb\",\"itemListElement\":[{\"@type\":\"ListItem\",\"position\":1,\"name\":\"Home\",\"item\":\"https:\/\/www.exploring-umbria.com\/es\/\"},{\"@type\":\"ListItem\",\"position\":2,\"name\":\"Pueblos en Umbr\u00eda: muchas joyas escondidas\",\"item\":\"https:\/\/www.exploring-umbria.com\/es\/pueblos-en-umbria-muchas-joyas-escondidas\/\"},{\"@type\":\"ListItem\",\"position\":3,\"name\":\"Qu\u00e9 ver en Bettona\",\"item\":\"https:\/\/www.exploring-umbria.com\/es\/pueblos-en-umbria-muchas-joyas-escondidas\/que-ver-en-bettona\/\"},{\"@type\":\"ListItem\",\"position\":4,\"name\":\"Palacio del Podest\u00e0 de Bettona\"}]}]}<\/script>\n<!-- \/ Yoast SEO plugin. -->","yoast_head_json":{"title":"Palacio del Podest\u00e0 de Bettona - Exploring Umbria","description":"El Palacio del Podest\u00e0 es un edificio sobrio que se levanta en la plaza principal de Bettona, junto al Palacio Biancalana y no lejos de la iglesia de","robots":{"index":"index","follow":"follow","max-snippet":"max-snippet:-1","max-image-preview":"max-image-preview:large","max-video-preview":"max-video-preview:-1"},"canonical":"https:\/\/www.exploring-umbria.com\/es\/pueblos-en-umbria-muchas-joyas-escondidas\/que-ver-en-bettona\/palacio-del-podesta-de-bettona\/","og_locale":"es_ES","og_type":"article","og_title":"Palacio del Podest\u00e0 de Bettona - Exploring Umbria","og_description":"El Palacio del Podest\u00e0 es un edificio sobrio que se levanta en la plaza principal de Bettona, junto al Palacio Biancalana y no lejos de la iglesia de","og_url":"https:\/\/www.exploring-umbria.com\/es\/pueblos-en-umbria-muchas-joyas-escondidas\/que-ver-en-bettona\/palacio-del-podesta-de-bettona\/","og_site_name":"Exploring Umbria","article_publisher":"https:\/\/www.facebook.com\/exploringumbria\/","article_modified_time":"2020-09-17T16:12:14+00:00","twitter_card":"summary_large_image","twitter_misc":{"Tiempo de lectura":"2 minutos"},"schema":{"@context":"https:\/\/schema.org","@graph":[{"@type":"Organization","@id":"https:\/\/www.exploring-umbria.com\/es\/#organization","name":"Exploring Umbria","url":"https:\/\/www.exploring-umbria.com\/es\/","sameAs":["https:\/\/www.facebook.com\/exploringumbria\/","https:\/\/www.instagram.com\/exploringumbria\/"],"logo":{"@type":"ImageObject","@id":"https:\/\/www.exploring-umbria.com\/es\/#logo","inLanguage":"es","url":"https:\/\/www.exploring-umbria.com\/wp-content\/uploads\/2019\/08\/solo-logo-verde.jpg","contentUrl":"https:\/\/www.exploring-umbria.com\/wp-content\/uploads\/2019\/08\/solo-logo-verde.jpg","width":952,"height":532,"caption":"Exploring Umbria"},"image":{"@id":"https:\/\/www.exploring-umbria.com\/es\/#logo"}},{"@type":"WebSite","@id":"https:\/\/www.exploring-umbria.com\/es\/#website","url":"https:\/\/www.exploring-umbria.com\/es\/","name":"Exploring Umbria","description":"your dates, your mood, your trip","publisher":{"@id":"https:\/\/www.exploring-umbria.com\/es\/#organization"},"potentialAction":[{"@type":"SearchAction","target":{"@type":"EntryPoint","urlTemplate":"https:\/\/www.exploring-umbria.com\/es\/?s={search_term_string}"},"query-input":"required name=search_term_string"}],"inLanguage":"es"},{"@type":"WebPage","@id":"https:\/\/www.exploring-umbria.com\/es\/pueblos-en-umbria-muchas-joyas-escondidas\/que-ver-en-bettona\/palacio-del-podesta-de-bettona\/#webpage","url":"https:\/\/www.exploring-umbria.com\/es\/pueblos-en-umbria-muchas-joyas-escondidas\/que-ver-en-bettona\/palacio-del-podesta-de-bettona\/","name":"Palacio del Podest\u00e0 de Bettona - Exploring Umbria","isPartOf":{"@id":"https:\/\/www.exploring-umbria.com\/es\/#website"},"datePublished":"2019-05-21T12:55:10+00:00","dateModified":"2020-09-17T16:12:14+00:00","description":"El Palacio del Podest\u00e0 es un edificio sobrio que se levanta en la plaza principal de Bettona, junto al Palacio Biancalana y no lejos de la iglesia de","breadcrumb":{"@id":"https:\/\/www.exploring-umbria.com\/es\/pueblos-en-umbria-muchas-joyas-escondidas\/que-ver-en-bettona\/palacio-del-podesta-de-bettona\/#breadcrumb"},"inLanguage":"es","potentialAction":[{"@type":"ReadAction","target":["https:\/\/www.exploring-umbria.com\/es\/pueblos-en-umbria-muchas-joyas-escondidas\/que-ver-en-bettona\/palacio-del-podesta-de-bettona\/"]}]},{"@type":"BreadcrumbList","@id":"https:\/\/www.exploring-umbria.com\/es\/pueblos-en-umbria-muchas-joyas-escondidas\/que-ver-en-bettona\/palacio-del-podesta-de-bettona\/#breadcrumb","itemListElement":[{"@type":"ListItem","position":1,"name":"Home","item":"https:\/\/www.exploring-umbria.com\/es\/"},{"@type":"ListItem","position":2,"name":"Pueblos en Umbr\u00eda: muchas joyas escondidas","item":"https:\/\/www.exploring-umbria.com\/es\/pueblos-en-umbria-muchas-joyas-escondidas\/"},{"@type":"ListItem","position":3,"name":"Qu\u00e9 ver en Bettona","item":"https:\/\/www.exploring-umbria.com\/es\/pueblos-en-umbria-muchas-joyas-escondidas\/que-ver-en-bettona\/"},{"@type":"ListItem","position":4,"name":"Palacio del Podest\u00e0 de Bettona"}]}]}},"_links":{"self":[{"href":"https:\/\/www.exploring-umbria.com\/es\/wp-json\/wp\/v2\/pages\/40789"}],"collection":[{"href":"https:\/\/www.exploring-umbria.com\/es\/wp-json\/wp\/v2\/pages"}],"about":[{"href":"https:\/\/www.exploring-umbria.com\/es\/wp-json\/wp\/v2\/types\/page"}],"author":[{"embeddable":true,"href":"https:\/\/www.exploring-umbria.com\/es\/wp-json\/wp\/v2\/users\/4"}],"replies":[{"embeddable":true,"href":"https:\/\/www.exploring-umbria.com\/es\/wp-json\/wp\/v2\/comments?post=40789"}],"version-history":[{"count":4,"href":"https:\/\/www.exploring-umbria.com\/es\/wp-json\/wp\/v2\/pages\/40789\/revisions"}],"predecessor-version":[{"id":40813,"href":"https:\/\/www.exploring-umbria.com\/es\/wp-json\/wp\/v2\/pages\/40789\/revisions\/40813"}],"up":[{"embeddable":true,"href":"https:\/\/www.exploring-umbria.com\/es\/wp-json\/wp\/v2\/pages\/40152"}],"wp:attachment":[{"href":"https:\/\/www.exploring-umbria.com\/es\/wp-json\/wp\/v2\/media?parent=40789"}],"curies":[{"name":"wp","href":"https:\/\/api.w.org\/{rel}","templated":true}]}}