{"id":40596,"date":"2020-09-16T17:23:45","date_gmt":"2020-09-16T15:23:45","guid":{"rendered":"https:\/\/www.exploring-umbria.com\/bike-in-umbria\/"},"modified":"2020-09-17T11:58:57","modified_gmt":"2020-09-17T09:58:57","slug":"bike-en-umbria","status":"publish","type":"page","link":"https:\/\/www.exploring-umbria.com\/es\/bike-en-umbria\/","title":{"rendered":"Bike en Umbr\u00eda"},"content":{"rendered":"<p>En Umbr\u00eda ser\u00e1 posible dar rienda suelta a tus deseos de <strong>m\u00e1s adrenalina<\/strong> con arduas rutas en mountain bike,especialmente enduro y <a href=\"https:\/\/es.wikipedia.org\/wiki\/Cross_country_(ciclismo)\" target=\"_blank\" rel=\"noopener noreferrer\">cross country<\/a>. Encontrar\u00e1 tambi\u00e9n rutas relajantes adecuadas para todo tipo de pedales como el famoso <strong>ferrocarril <\/strong><a href=\"https:\/\/www.exploring-umbria.com\/es\/actividades\/mountain-bike-ferrovia-spoleto-norcia\/\" target=\"_blank\" rel=\"noopener noreferrer\">Spoleto-Norcia<\/a>, abandonado desde hace alg\u00fan tiempo, que ahora se ha convertido en uno de los senderos de bicicleta y senderismo m\u00e1s populares de Italia.<\/p>\n","protected":false},"excerpt":{"rendered":"<p>En Umbr\u00eda ser\u00e1 posible dar rienda suelta a tus deseos de m\u00e1s adrenalina con arduas rutas en mountain bike,especialmente enduro y cross country. Encontrar\u00e1 tambi\u00e9n rutas relajantes adecuadas para todo tipo de pedales como el famoso ferrocarril Spoleto-Norcia, abandonado desde hace alg\u00fan tiempo, que ahora se ha convertido en uno de los senderos de bicicleta [&hellip;]<\/p>\n","protected":false},"author":4,"featured_media":39697,"parent":0,"menu_order":0,"comment_status":"closed","ping_status":"closed","template":"","meta":{"om_disable_all_campaigns":false,"_monsterinsights_skip_tracking":false,"_monsterinsights_sitenote_active":false,"_monsterinsights_sitenote_note":"","_monsterinsights_sitenote_category":0},"acf":[],"yoast_head":"<!-- This site is optimized with the Yoast SEO plugin v18.4.1 - https:\/\/yoast.com\/wordpress\/plugins\/seo\/ -->\n<title>Bike en Umbr\u00eda - Exploring Umbria<\/title>\n<meta name=\"description\" content=\"En Umbr\u00eda ser\u00e1 posible dar rienda suelta a tus deseos de m\u00e1s adrenalina con arduas rutas en mountain bike,especialmente enduro y cross country. Encontrar\u00e1\" \/>\n<meta name=\"robots\" content=\"index, follow, max-snippet:-1, max-image-preview:large, max-video-preview:-1\" \/>\n<link rel=\"canonical\" href=\"https:\/\/www.exploring-umbria.com\/es\/bike-en-umbria\/\" \/>\n<meta property=\"og:locale\" content=\"es_ES\" \/>\n<meta property=\"og:type\" content=\"article\" \/>\n<meta property=\"og:title\" content=\"Bike en Umbr\u00eda - Exploring Umbria\" \/>\n<meta property=\"og:description\" content=\"En Umbr\u00eda ser\u00e1 posible dar rienda suelta a tus deseos de m\u00e1s adrenalina con arduas rutas en mountain bike,especialmente enduro y cross country. Encontrar\u00e1\" \/>\n<meta property=\"og:url\" content=\"https:\/\/www.exploring-umbria.com\/es\/bike-en-umbria\/\" \/>\n<meta property=\"og:site_name\" content=\"Exploring Umbria\" \/>\n<meta property=\"article:publisher\" content=\"https:\/\/www.facebook.com\/exploringumbria\/\" \/>\n<meta property=\"article:modified_time\" content=\"2020-09-17T09:58:57+00:00\" \/>\n<meta property=\"og:image\" content=\"https:\/\/www.exploring-umbria.com\/wp-content\/uploads\/2020\/09\/02_Colli-Trasimeno_DSC04266_scendendo-Montegualdandro.jpg\" \/>\n\t<meta property=\"og:image:width\" content=\"3000\" \/>\n\t<meta property=\"og:image:height\" content=\"2000\" \/>\n\t<meta property=\"og:image:type\" content=\"image\/jpeg\" \/>\n<meta name=\"twitter:card\" content=\"summary_large_image\" \/>\n<script type=\"application\/ld+json\" class=\"yoast-schema-graph\">{\"@context\":\"https:\/\/schema.org\",\"@graph\":[{\"@type\":\"Organization\",\"@id\":\"https:\/\/www.exploring-umbria.com\/es\/#organization\",\"name\":\"Exploring Umbria\",\"url\":\"https:\/\/www.exploring-umbria.com\/es\/\",\"sameAs\":[\"https:\/\/www.facebook.com\/exploringumbria\/\",\"https:\/\/www.instagram.com\/exploringumbria\/\"],\"logo\":{\"@type\":\"ImageObject\",\"@id\":\"https:\/\/www.exploring-umbria.com\/es\/#logo\",\"inLanguage\":\"es\",\"url\":\"https:\/\/www.exploring-umbria.com\/wp-content\/uploads\/2019\/08\/solo-logo-verde.jpg\",\"contentUrl\":\"https:\/\/www.exploring-umbria.com\/wp-content\/uploads\/2019\/08\/solo-logo-verde.jpg\",\"width\":952,\"height\":532,\"caption\":\"Exploring Umbria\"},\"image\":{\"@id\":\"https:\/\/www.exploring-umbria.com\/es\/#logo\"}},{\"@type\":\"WebSite\",\"@id\":\"https:\/\/www.exploring-umbria.com\/es\/#website\",\"url\":\"https:\/\/www.exploring-umbria.com\/es\/\",\"name\":\"Exploring Umbria\",\"description\":\"your dates, your mood, your trip\",\"publisher\":{\"@id\":\"https:\/\/www.exploring-umbria.com\/es\/#organization\"},\"potentialAction\":[{\"@type\":\"SearchAction\",\"target\":{\"@type\":\"EntryPoint\",\"urlTemplate\":\"https:\/\/www.exploring-umbria.com\/es\/?s={search_term_string}\"},\"query-input\":\"required name=search_term_string\"}],\"inLanguage\":\"es\"},{\"@type\":\"ImageObject\",\"@id\":\"https:\/\/www.exploring-umbria.com\/es\/bike-en-umbria\/#primaryimage\",\"inLanguage\":\"es\",\"url\":\"https:\/\/www.exploring-umbria.com\/wp-content\/uploads\/2020\/09\/02_Colli-Trasimeno_DSC04266_scendendo-Montegualdandro.jpg\",\"contentUrl\":\"https:\/\/www.exploring-umbria.com\/wp-content\/uploads\/2020\/09\/02_Colli-Trasimeno_DSC04266_scendendo-Montegualdandro.jpg\",\"width\":3000,\"height\":2000,\"caption\":\"Bike in Umbria\"},{\"@type\":\"WebPage\",\"@id\":\"https:\/\/www.exploring-umbria.com\/es\/bike-en-umbria\/#webpage\",\"url\":\"https:\/\/www.exploring-umbria.com\/es\/bike-en-umbria\/\",\"name\":\"Bike en Umbr\u00eda - Exploring Umbria\",\"isPartOf\":{\"@id\":\"https:\/\/www.exploring-umbria.com\/es\/#website\"},\"primaryImageOfPage\":{\"@id\":\"https:\/\/www.exploring-umbria.com\/es\/bike-en-umbria\/#primaryimage\"},\"datePublished\":\"2020-09-16T15:23:45+00:00\",\"dateModified\":\"2020-09-17T09:58:57+00:00\",\"description\":\"En Umbr\u00eda ser\u00e1 posible dar rienda suelta a tus deseos de m\u00e1s adrenalina con arduas rutas en mountain bike,especialmente enduro y cross country. Encontrar\u00e1\",\"breadcrumb\":{\"@id\":\"https:\/\/www.exploring-umbria.com\/es\/bike-en-umbria\/#breadcrumb\"},\"inLanguage\":\"es\",\"potentialAction\":[{\"@type\":\"ReadAction\",\"target\":[\"https:\/\/www.exploring-umbria.com\/es\/bike-en-umbria\/\"]}]},{\"@type\":\"BreadcrumbList\",\"@id\":\"https:\/\/www.exploring-umbria.com\/es\/bike-en-umbria\/#breadcrumb\",\"itemListElement\":[{\"@type\":\"ListItem\",\"position\":1,\"name\":\"Home\",\"item\":\"https:\/\/www.exploring-umbria.com\/es\/\"},{\"@type\":\"ListItem\",\"position\":2,\"name\":\"Bike en Umbr\u00eda\"}]}]}<\/script>\n<!-- \/ Yoast SEO plugin. -->","yoast_head_json":{"title":"Bike en Umbr\u00eda - Exploring Umbria","description":"En Umbr\u00eda ser\u00e1 posible dar rienda suelta a tus deseos de m\u00e1s adrenalina con arduas rutas en mountain bike,especialmente enduro y cross country. Encontrar\u00e1","robots":{"index":"index","follow":"follow","max-snippet":"max-snippet:-1","max-image-preview":"max-image-preview:large","max-video-preview":"max-video-preview:-1"},"canonical":"https:\/\/www.exploring-umbria.com\/es\/bike-en-umbria\/","og_locale":"es_ES","og_type":"article","og_title":"Bike en Umbr\u00eda - Exploring Umbria","og_description":"En Umbr\u00eda ser\u00e1 posible dar rienda suelta a tus deseos de m\u00e1s adrenalina con arduas rutas en mountain bike,especialmente enduro y cross country. Encontrar\u00e1","og_url":"https:\/\/www.exploring-umbria.com\/es\/bike-en-umbria\/","og_site_name":"Exploring Umbria","article_publisher":"https:\/\/www.facebook.com\/exploringumbria\/","article_modified_time":"2020-09-17T09:58:57+00:00","og_image":[{"width":3000,"height":2000,"url":"https:\/\/www.exploring-umbria.com\/wp-content\/uploads\/2020\/09\/02_Colli-Trasimeno_DSC04266_scendendo-Montegualdandro.jpg","type":"image\/jpeg"}],"twitter_card":"summary_large_image","schema":{"@context":"https:\/\/schema.org","@graph":[{"@type":"Organization","@id":"https:\/\/www.exploring-umbria.com\/es\/#organization","name":"Exploring Umbria","url":"https:\/\/www.exploring-umbria.com\/es\/","sameAs":["https:\/\/www.facebook.com\/exploringumbria\/","https:\/\/www.instagram.com\/exploringumbria\/"],"logo":{"@type":"ImageObject","@id":"https:\/\/www.exploring-umbria.com\/es\/#logo","inLanguage":"es","url":"https:\/\/www.exploring-umbria.com\/wp-content\/uploads\/2019\/08\/solo-logo-verde.jpg","contentUrl":"https:\/\/www.exploring-umbria.com\/wp-content\/uploads\/2019\/08\/solo-logo-verde.jpg","width":952,"height":532,"caption":"Exploring Umbria"},"image":{"@id":"https:\/\/www.exploring-umbria.com\/es\/#logo"}},{"@type":"WebSite","@id":"https:\/\/www.exploring-umbria.com\/es\/#website","url":"https:\/\/www.exploring-umbria.com\/es\/","name":"Exploring Umbria","description":"your dates, your mood, your trip","publisher":{"@id":"https:\/\/www.exploring-umbria.com\/es\/#organization"},"potentialAction":[{"@type":"SearchAction","target":{"@type":"EntryPoint","urlTemplate":"https:\/\/www.exploring-umbria.com\/es\/?s={search_term_string}"},"query-input":"required name=search_term_string"}],"inLanguage":"es"},{"@type":"ImageObject","@id":"https:\/\/www.exploring-umbria.com\/es\/bike-en-umbria\/#primaryimage","inLanguage":"es","url":"https:\/\/www.exploring-umbria.com\/wp-content\/uploads\/2020\/09\/02_Colli-Trasimeno_DSC04266_scendendo-Montegualdandro.jpg","contentUrl":"https:\/\/www.exploring-umbria.com\/wp-content\/uploads\/2020\/09\/02_Colli-Trasimeno_DSC04266_scendendo-Montegualdandro.jpg","width":3000,"height":2000,"caption":"Bike in Umbria"},{"@type":"WebPage","@id":"https:\/\/www.exploring-umbria.com\/es\/bike-en-umbria\/#webpage","url":"https:\/\/www.exploring-umbria.com\/es\/bike-en-umbria\/","name":"Bike en Umbr\u00eda - Exploring Umbria","isPartOf":{"@id":"https:\/\/www.exploring-umbria.com\/es\/#website"},"primaryImageOfPage":{"@id":"https:\/\/www.exploring-umbria.com\/es\/bike-en-umbria\/#primaryimage"},"datePublished":"2020-09-16T15:23:45+00:00","dateModified":"2020-09-17T09:58:57+00:00","description":"En Umbr\u00eda ser\u00e1 posible dar rienda suelta a tus deseos de m\u00e1s adrenalina con arduas rutas en mountain bike,especialmente enduro y cross country. Encontrar\u00e1","breadcrumb":{"@id":"https:\/\/www.exploring-umbria.com\/es\/bike-en-umbria\/#breadcrumb"},"inLanguage":"es","potentialAction":[{"@type":"ReadAction","target":["https:\/\/www.exploring-umbria.com\/es\/bike-en-umbria\/"]}]},{"@type":"BreadcrumbList","@id":"https:\/\/www.exploring-umbria.com\/es\/bike-en-umbria\/#breadcrumb","itemListElement":[{"@type":"ListItem","position":1,"name":"Home","item":"https:\/\/www.exploring-umbria.com\/es\/"},{"@type":"ListItem","position":2,"name":"Bike en Umbr\u00eda"}]}]}},"_links":{"self":[{"href":"https:\/\/www.exploring-umbria.com\/es\/wp-json\/wp\/v2\/pages\/40596"}],"collection":[{"href":"https:\/\/www.exploring-umbria.com\/es\/wp-json\/wp\/v2\/pages"}],"about":[{"href":"https:\/\/www.exploring-umbria.com\/es\/wp-json\/wp\/v2\/types\/page"}],"author":[{"embeddable":true,"href":"https:\/\/www.exploring-umbria.com\/es\/wp-json\/wp\/v2\/users\/4"}],"replies":[{"embeddable":true,"href":"https:\/\/www.exploring-umbria.com\/es\/wp-json\/wp\/v2\/comments?post=40596"}],"version-history":[{"count":4,"href":"https:\/\/www.exploring-umbria.com\/es\/wp-json\/wp\/v2\/pages\/40596\/revisions"}],"predecessor-version":[{"id":40736,"href":"https:\/\/www.exploring-umbria.com\/es\/wp-json\/wp\/v2\/pages\/40596\/revisions\/40736"}],"wp:featuredmedia":[{"embeddable":true,"href":"https:\/\/www.exploring-umbria.com\/es\/wp-json\/wp\/v2\/media\/39697"}],"wp:attachment":[{"href":"https:\/\/www.exploring-umbria.com\/es\/wp-json\/wp\/v2\/media?parent=40596"}],"curies":[{"name":"wp","href":"https:\/\/api.w.org\/{rel}","templated":true}]}}