{"id":40034,"date":"2019-08-09T13:38:03","date_gmt":"2019-08-09T11:38:03","guid":{"rendered":"https:\/\/www.exploring-umbria.com\/pueblos-en-umbria-muchas-joyas-escondidas\/cosa-vedere-a-tuoro-sul-trasimeno\/"},"modified":"2020-09-03T16:39:03","modified_gmt":"2020-09-03T14:39:03","slug":"que-ver-en-tuoro-sul-trasimeno","status":"publish","type":"page","link":"https:\/\/www.exploring-umbria.com\/es\/pueblos-en-umbria-muchas-joyas-escondidas\/que-ver-en-tuoro-sul-trasimeno\/","title":{"rendered":"Qu\u00e9 ver en Tuoro sul Trasimeno"},"content":{"rendered":"<p><strong>Descubre con nosotros qu\u00e9 ver en Tuoro sul Trasimeno.\u00a0<\/strong><\/p>\n<p>Caminando por los bosques que animan la parte alta del pueblo, en la zona del <em>Monte Castiglione<\/em>, se encuentran los restos del <strong>castillo de Vernazzano<\/strong>, un encantador edificio que una vez despert\u00f3 el miedo entre los enemigos y garantiz\u00f3 la seguridad del pueblo. Aqu\u00ed quedar\u00e1 impresionado por su <strong>torre <\/strong>del siglo XIII, que hoy tiene una impresionante inclinaci\u00f3n de 13 grados.<\/p>\n<p>Otro edificio importante en la zona del <a href=\"https:\/\/www.exploring-umbria.com\/es\/subcategories\/parques-y-lagos\/#heading31878\" target=\"_blank\" rel=\"noopener noreferrer\">lago Trasimeno<\/a> que se puede admirar es el <strong>Fuerte de Montegualandro<\/strong>, que data de la \u00e9poca etrusca y que tambi\u00e9n se encuentra en una posici\u00f3n dominante.<\/p>\n<p>En Tuoro tambi\u00e9n se encuentran los restos de la antigua <strong>iglesia de Santa \u00c1gata<\/strong>, situada en lo alto de una colina, mientras que r\u00edo abajo se encuentra la <strong>iglesia de Santa Mar\u00eda Magdalena<\/strong>, que fue construida posteriormente. El pueblo tambi\u00e9n te ofrecer\u00e1 una visi\u00f3n de lo que ha sido el ejemplo m\u00e1s importante de <strong>arquitectura rom\u00e1nica<\/strong> en la zona del lago Trasimeno, la<strong> iglesia parroquial de Santa Mar\u00eda dei Confini<\/strong>, m\u00e1s conocida como <strong>Pieve Confini<\/strong>.<\/p>\n<p>Tambi\u00e9n se puede pasear por el peque\u00f1o centro hist\u00f3rico del pueblo, donde se respira un ambiente medieval y se admira el <strong>alacio della Capra<\/strong>, que ahora alberga el <strong>Centro de Documentaci\u00f3n de la Batalla de Trasimeno y An\u00edbal<\/strong> y que fue construido para conmemorar la <a href=\"https:\/\/es.wikipedia.org\/wiki\/Batalla_del_Lago_Trasimeno\" target=\"_blank\" rel=\"noopener noreferrer\">batalla<\/a>.<\/p>\n<p>Si buscas un lugar sugerente y particular, vale la pena visitar el <strong>Campo del Sole<\/strong>, una zona verde situada a orillas del lago Trasimeno, caracterizada por la presencia de <strong>27 columnas<\/strong> que alcanzan una altura de 4,5 metros y tienen un di\u00e1metro de unos 70-80 cm. Se colocan de tal forma que se crea una gran espiral de 44 metros de di\u00e1metro y en el centro se puede ver una mesa con el s\u00edmbolo del sol. Las esculturas, que fueron creadas con arenisca local entre 1985 y 1989, son diferentes entre s\u00ed y fueron dise\u00f1adas y creadas por <strong>artistas de renombre nacional e internacional<\/strong>; cada una de ellas se caracteriza por su propio simbolismo. Se puede caminar por el c\u00e9sped ente de las columnas y observarlas de cerca, o relajarse, meditar y dejarse fascinar por este interesante museo al aire libre. Tambi\u00e9n ser\u00e1 un lugar privilegiado para tener una hermosa vista.<\/p>\n<p>A pocos pasos del Campo del Sole, desde el muelle de Punta Navaccia se puede tomar el ferry y tras un corto trayecto se llega a otra hermosa ciudad de Tuoro sul Trasimeno,<strong> Isola Maggiore<\/strong>. Paseando por la isla se puede admirar la antigua<strong> iglesia de San Salvador<\/strong>, la<strong> iglesia parroquial de San Miguel Arc\u00e1ngel<\/strong> que data del siglo XIV y, sobre los restos del antiguo convento de San Francisco, el magn\u00edfico <strong>castillo de Guglielmi<\/strong>, o <strong>castillo de Isabella<\/strong>, construido a finales del siglo XIX en honor a la esposa hom\u00f3nima del senador Giacinto Guglielmi. Tambi\u00e9n puede profundizar en el conocimiento del pasado, la historia, la religi\u00f3n, el arte y la econom\u00eda de la isla visitando el <strong>Palacio del Capit\u00e1n del Pueblo<\/strong>, el edificio que alberga el <strong>centro de documentaci\u00f3n de la Isola Maggiore.<\/strong><\/p>\n","protected":false},"excerpt":{"rendered":"<p>Descubre con nosotros qu\u00e9 ver en Tuoro sul Trasimeno.\u00a0 Caminando por los bosques que animan la parte alta del pueblo, en la zona del Monte Castiglione, se encuentran los restos del castillo de Vernazzano, un encantador edificio que una vez despert\u00f3 el miedo entre los enemigos y garantiz\u00f3 la seguridad del pueblo. Aqu\u00ed quedar\u00e1 impresionado [&hellip;]<\/p>\n","protected":false},"author":4,"featured_media":0,"parent":3272,"menu_order":0,"comment_status":"closed","ping_status":"closed","template":"","meta":{"om_disable_all_campaigns":false,"_monsterinsights_skip_tracking":false,"_monsterinsights_sitenote_active":false,"_monsterinsights_sitenote_note":"","_monsterinsights_sitenote_category":0},"acf":[],"yoast_head":"<!-- This site is optimized with the Yoast SEO plugin v18.4.1 - https:\/\/yoast.com\/wordpress\/plugins\/seo\/ -->\n<title>Qu\u00e9 ver en Tuoro sul Trasimeno - Exploring Umbria<\/title>\n<meta name=\"description\" content=\"Descubre con nosotros qu\u00e9 ver en Tuoro sul Trasimeno.\u00a0 Caminando por los bosques que animan la parte alta del pueblo, en la zona del Monte Castiglione, se\" \/>\n<meta name=\"robots\" content=\"index, follow, max-snippet:-1, max-image-preview:large, max-video-preview:-1\" \/>\n<link rel=\"canonical\" href=\"https:\/\/www.exploring-umbria.com\/es\/pueblos-en-umbria-muchas-joyas-escondidas\/que-ver-en-tuoro-sul-trasimeno\/\" \/>\n<meta property=\"og:locale\" content=\"es_ES\" \/>\n<meta property=\"og:type\" content=\"article\" \/>\n<meta property=\"og:title\" content=\"Qu\u00e9 ver en Tuoro sul Trasimeno - Exploring Umbria\" \/>\n<meta property=\"og:description\" content=\"Descubre con nosotros qu\u00e9 ver en Tuoro sul Trasimeno.\u00a0 Caminando por los bosques que animan la parte alta del pueblo, en la zona del Monte Castiglione, se\" \/>\n<meta property=\"og:url\" content=\"https:\/\/www.exploring-umbria.com\/es\/pueblos-en-umbria-muchas-joyas-escondidas\/que-ver-en-tuoro-sul-trasimeno\/\" \/>\n<meta property=\"og:site_name\" content=\"Exploring Umbria\" \/>\n<meta property=\"article:publisher\" content=\"https:\/\/www.facebook.com\/exploringumbria\/\" \/>\n<meta property=\"article:modified_time\" content=\"2020-09-03T14:39:03+00:00\" \/>\n<meta name=\"twitter:card\" content=\"summary_large_image\" \/>\n<meta name=\"twitter:label1\" content=\"Tiempo de lectura\" \/>\n\t<meta name=\"twitter:data1\" content=\"3 minutos\" \/>\n<script type=\"application\/ld+json\" class=\"yoast-schema-graph\">{\"@context\":\"https:\/\/schema.org\",\"@graph\":[{\"@type\":\"Organization\",\"@id\":\"https:\/\/www.exploring-umbria.com\/es\/#organization\",\"name\":\"Exploring Umbria\",\"url\":\"https:\/\/www.exploring-umbria.com\/es\/\",\"sameAs\":[\"https:\/\/www.facebook.com\/exploringumbria\/\",\"https:\/\/www.instagram.com\/exploringumbria\/\"],\"logo\":{\"@type\":\"ImageObject\",\"@id\":\"https:\/\/www.exploring-umbria.com\/es\/#logo\",\"inLanguage\":\"es\",\"url\":\"https:\/\/www.exploring-umbria.com\/wp-content\/uploads\/2019\/08\/solo-logo-verde.jpg\",\"contentUrl\":\"https:\/\/www.exploring-umbria.com\/wp-content\/uploads\/2019\/08\/solo-logo-verde.jpg\",\"width\":952,\"height\":532,\"caption\":\"Exploring Umbria\"},\"image\":{\"@id\":\"https:\/\/www.exploring-umbria.com\/es\/#logo\"}},{\"@type\":\"WebSite\",\"@id\":\"https:\/\/www.exploring-umbria.com\/es\/#website\",\"url\":\"https:\/\/www.exploring-umbria.com\/es\/\",\"name\":\"Exploring Umbria\",\"description\":\"your dates, your mood, your trip\",\"publisher\":{\"@id\":\"https:\/\/www.exploring-umbria.com\/es\/#organization\"},\"potentialAction\":[{\"@type\":\"SearchAction\",\"target\":{\"@type\":\"EntryPoint\",\"urlTemplate\":\"https:\/\/www.exploring-umbria.com\/es\/?s={search_term_string}\"},\"query-input\":\"required name=search_term_string\"}],\"inLanguage\":\"es\"},{\"@type\":\"WebPage\",\"@id\":\"https:\/\/www.exploring-umbria.com\/es\/pueblos-en-umbria-muchas-joyas-escondidas\/que-ver-en-tuoro-sul-trasimeno\/#webpage\",\"url\":\"https:\/\/www.exploring-umbria.com\/es\/pueblos-en-umbria-muchas-joyas-escondidas\/que-ver-en-tuoro-sul-trasimeno\/\",\"name\":\"Qu\u00e9 ver en Tuoro sul Trasimeno - Exploring Umbria\",\"isPartOf\":{\"@id\":\"https:\/\/www.exploring-umbria.com\/es\/#website\"},\"datePublished\":\"2019-08-09T11:38:03+00:00\",\"dateModified\":\"2020-09-03T14:39:03+00:00\",\"description\":\"Descubre con nosotros qu\u00e9 ver en Tuoro sul Trasimeno.\u00a0 Caminando por los bosques que animan la parte alta del pueblo, en la zona del Monte Castiglione, se\",\"breadcrumb\":{\"@id\":\"https:\/\/www.exploring-umbria.com\/es\/pueblos-en-umbria-muchas-joyas-escondidas\/que-ver-en-tuoro-sul-trasimeno\/#breadcrumb\"},\"inLanguage\":\"es\",\"potentialAction\":[{\"@type\":\"ReadAction\",\"target\":[\"https:\/\/www.exploring-umbria.com\/es\/pueblos-en-umbria-muchas-joyas-escondidas\/que-ver-en-tuoro-sul-trasimeno\/\"]}]},{\"@type\":\"BreadcrumbList\",\"@id\":\"https:\/\/www.exploring-umbria.com\/es\/pueblos-en-umbria-muchas-joyas-escondidas\/que-ver-en-tuoro-sul-trasimeno\/#breadcrumb\",\"itemListElement\":[{\"@type\":\"ListItem\",\"position\":1,\"name\":\"Home\",\"item\":\"https:\/\/www.exploring-umbria.com\/es\/\"},{\"@type\":\"ListItem\",\"position\":2,\"name\":\"Pueblos en Umbr\u00eda: muchas joyas escondidas\",\"item\":\"https:\/\/www.exploring-umbria.com\/es\/pueblos-en-umbria-muchas-joyas-escondidas\/\"},{\"@type\":\"ListItem\",\"position\":3,\"name\":\"Qu\u00e9 ver en Tuoro sul Trasimeno\"}]}]}<\/script>\n<!-- \/ Yoast SEO plugin. -->","yoast_head_json":{"title":"Qu\u00e9 ver en Tuoro sul Trasimeno - Exploring Umbria","description":"Descubre con nosotros qu\u00e9 ver en Tuoro sul Trasimeno.\u00a0 Caminando por los bosques que animan la parte alta del pueblo, en la zona del Monte Castiglione, se","robots":{"index":"index","follow":"follow","max-snippet":"max-snippet:-1","max-image-preview":"max-image-preview:large","max-video-preview":"max-video-preview:-1"},"canonical":"https:\/\/www.exploring-umbria.com\/es\/pueblos-en-umbria-muchas-joyas-escondidas\/que-ver-en-tuoro-sul-trasimeno\/","og_locale":"es_ES","og_type":"article","og_title":"Qu\u00e9 ver en Tuoro sul Trasimeno - Exploring Umbria","og_description":"Descubre con nosotros qu\u00e9 ver en Tuoro sul Trasimeno.\u00a0 Caminando por los bosques que animan la parte alta del pueblo, en la zona del Monte Castiglione, se","og_url":"https:\/\/www.exploring-umbria.com\/es\/pueblos-en-umbria-muchas-joyas-escondidas\/que-ver-en-tuoro-sul-trasimeno\/","og_site_name":"Exploring Umbria","article_publisher":"https:\/\/www.facebook.com\/exploringumbria\/","article_modified_time":"2020-09-03T14:39:03+00:00","twitter_card":"summary_large_image","twitter_misc":{"Tiempo de lectura":"3 minutos"},"schema":{"@context":"https:\/\/schema.org","@graph":[{"@type":"Organization","@id":"https:\/\/www.exploring-umbria.com\/es\/#organization","name":"Exploring Umbria","url":"https:\/\/www.exploring-umbria.com\/es\/","sameAs":["https:\/\/www.facebook.com\/exploringumbria\/","https:\/\/www.instagram.com\/exploringumbria\/"],"logo":{"@type":"ImageObject","@id":"https:\/\/www.exploring-umbria.com\/es\/#logo","inLanguage":"es","url":"https:\/\/www.exploring-umbria.com\/wp-content\/uploads\/2019\/08\/solo-logo-verde.jpg","contentUrl":"https:\/\/www.exploring-umbria.com\/wp-content\/uploads\/2019\/08\/solo-logo-verde.jpg","width":952,"height":532,"caption":"Exploring Umbria"},"image":{"@id":"https:\/\/www.exploring-umbria.com\/es\/#logo"}},{"@type":"WebSite","@id":"https:\/\/www.exploring-umbria.com\/es\/#website","url":"https:\/\/www.exploring-umbria.com\/es\/","name":"Exploring Umbria","description":"your dates, your mood, your trip","publisher":{"@id":"https:\/\/www.exploring-umbria.com\/es\/#organization"},"potentialAction":[{"@type":"SearchAction","target":{"@type":"EntryPoint","urlTemplate":"https:\/\/www.exploring-umbria.com\/es\/?s={search_term_string}"},"query-input":"required name=search_term_string"}],"inLanguage":"es"},{"@type":"WebPage","@id":"https:\/\/www.exploring-umbria.com\/es\/pueblos-en-umbria-muchas-joyas-escondidas\/que-ver-en-tuoro-sul-trasimeno\/#webpage","url":"https:\/\/www.exploring-umbria.com\/es\/pueblos-en-umbria-muchas-joyas-escondidas\/que-ver-en-tuoro-sul-trasimeno\/","name":"Qu\u00e9 ver en Tuoro sul Trasimeno - Exploring Umbria","isPartOf":{"@id":"https:\/\/www.exploring-umbria.com\/es\/#website"},"datePublished":"2019-08-09T11:38:03+00:00","dateModified":"2020-09-03T14:39:03+00:00","description":"Descubre con nosotros qu\u00e9 ver en Tuoro sul Trasimeno.\u00a0 Caminando por los bosques que animan la parte alta del pueblo, en la zona del Monte Castiglione, se","breadcrumb":{"@id":"https:\/\/www.exploring-umbria.com\/es\/pueblos-en-umbria-muchas-joyas-escondidas\/que-ver-en-tuoro-sul-trasimeno\/#breadcrumb"},"inLanguage":"es","potentialAction":[{"@type":"ReadAction","target":["https:\/\/www.exploring-umbria.com\/es\/pueblos-en-umbria-muchas-joyas-escondidas\/que-ver-en-tuoro-sul-trasimeno\/"]}]},{"@type":"BreadcrumbList","@id":"https:\/\/www.exploring-umbria.com\/es\/pueblos-en-umbria-muchas-joyas-escondidas\/que-ver-en-tuoro-sul-trasimeno\/#breadcrumb","itemListElement":[{"@type":"ListItem","position":1,"name":"Home","item":"https:\/\/www.exploring-umbria.com\/es\/"},{"@type":"ListItem","position":2,"name":"Pueblos en Umbr\u00eda: muchas joyas escondidas","item":"https:\/\/www.exploring-umbria.com\/es\/pueblos-en-umbria-muchas-joyas-escondidas\/"},{"@type":"ListItem","position":3,"name":"Qu\u00e9 ver en Tuoro sul Trasimeno"}]}]}},"_links":{"self":[{"href":"https:\/\/www.exploring-umbria.com\/es\/wp-json\/wp\/v2\/pages\/40034"}],"collection":[{"href":"https:\/\/www.exploring-umbria.com\/es\/wp-json\/wp\/v2\/pages"}],"about":[{"href":"https:\/\/www.exploring-umbria.com\/es\/wp-json\/wp\/v2\/types\/page"}],"author":[{"embeddable":true,"href":"https:\/\/www.exploring-umbria.com\/es\/wp-json\/wp\/v2\/users\/4"}],"replies":[{"embeddable":true,"href":"https:\/\/www.exploring-umbria.com\/es\/wp-json\/wp\/v2\/comments?post=40034"}],"version-history":[{"count":2,"href":"https:\/\/www.exploring-umbria.com\/es\/wp-json\/wp\/v2\/pages\/40034\/revisions"}],"predecessor-version":[{"id":40038,"href":"https:\/\/www.exploring-umbria.com\/es\/wp-json\/wp\/v2\/pages\/40034\/revisions\/40038"}],"up":[{"embeddable":true,"href":"https:\/\/www.exploring-umbria.com\/es\/wp-json\/wp\/v2\/pages\/3272"}],"wp:attachment":[{"href":"https:\/\/www.exploring-umbria.com\/es\/wp-json\/wp\/v2\/media?parent=40034"}],"curies":[{"name":"wp","href":"https:\/\/api.w.org\/{rel}","templated":true}]}}