{"id":39588,"date":"2020-05-13T19:38:59","date_gmt":"2020-05-13T17:38:59","guid":{"rendered":"https:\/\/www.exploring-umbria.com\/pueblos-en-umbria-muchas-joyas-escondidas\/cosa-fare-a-montefalco\/"},"modified":"2020-08-28T18:06:59","modified_gmt":"2020-08-28T16:06:59","slug":"que-hacer-en-montefalco","status":"publish","type":"page","link":"https:\/\/www.exploring-umbria.com\/es\/pueblos-en-umbria-muchas-joyas-escondidas\/que-hacer-en-montefalco\/","title":{"rendered":"Qu\u00e9 hacer en Montefalco"},"content":{"rendered":"<p>Descubre qu\u00e9 hacer en Montefalco.<\/p>\n<p><span lang=\"ES\">En Montefalco puedes relajarte y disfrutar de las maravillosas vistas que ofrece el pueblo, quiz\u00e1s tomando una copa de Sagrantino con un buen corte de carne asada con aromas de trufa. Es maravilloso <a href=\"https:\/\/www.exploring-umbria.com\/es\/actividades\/guided-tour-of-montefalco\/\" target=\"_blank\" rel=\"noopener noreferrer\">caminar<\/a> en paz y tranquilidad por las calles del pueblo, donde te olvidar\u00e1s del tiempo y podr\u00e1s transportarte a la Edad Media. No olvides visitar los talleres de los artesanos y el museo c\u00edvico de San Francisco, con su antigua iglesia pintada al fresco por <a href=\"https:\/\/es.wikipedia.org\/wiki\/Benozzo_Gozzoli\" target=\"_blank\" rel=\"noopener noreferrer\"><em><span style=\"color: windowtext; text-decoration: none; text-underline: none;\">Benozzo Gozzoli<\/span><\/em><\/a>.<br \/>\nAdem\u00e1s de los momentos de relajaci\u00f3n, Exploring Umbria te ofrecer\u00e1 muchas oportunidades de recreo, como excursiones para descubrir verdaderos rincones naturalistas del para\u00edso; ser\u00e1 posible sumergirse en el paisaje de Montefalco incluso a caballo. Gracias a Exploring podr\u00e1s incluso darle una oportunidad al tiro con arco.<\/span><\/p>\n","protected":false},"excerpt":{"rendered":"<p>Descubre qu\u00e9 hacer en Montefalco. En Montefalco puedes relajarte y disfrutar de las maravillosas vistas que ofrece el pueblo, quiz\u00e1s tomando una copa de Sagrantino con un buen corte de carne asada con aromas de trufa. Es maravilloso caminar en paz y tranquilidad por las calles del pueblo, donde te olvidar\u00e1s del tiempo y podr\u00e1s [&hellip;]<\/p>\n","protected":false},"author":4,"featured_media":34704,"parent":3272,"menu_order":0,"comment_status":"closed","ping_status":"closed","template":"","meta":{"om_disable_all_campaigns":false,"_monsterinsights_skip_tracking":false,"_monsterinsights_sitenote_active":false,"_monsterinsights_sitenote_note":"","_monsterinsights_sitenote_category":0},"acf":[],"yoast_head":"<!-- This site is optimized with the Yoast SEO plugin v18.4.1 - https:\/\/yoast.com\/wordpress\/plugins\/seo\/ -->\n<title>Qu\u00e9 hacer en Montefalco - Exploring Umbria<\/title>\n<meta name=\"description\" content=\"Descubre qu\u00e9 hacer en Montefalco. En Montefalco puedes relajarte y disfrutar de las maravillosas vistas que ofrece el pueblo, quiz\u00e1s tomando una copa de\" \/>\n<meta name=\"robots\" content=\"index, follow, max-snippet:-1, max-image-preview:large, max-video-preview:-1\" \/>\n<link rel=\"canonical\" href=\"https:\/\/www.exploring-umbria.com\/es\/pueblos-en-umbria-muchas-joyas-escondidas\/que-hacer-en-montefalco\/\" \/>\n<meta property=\"og:locale\" content=\"es_ES\" \/>\n<meta property=\"og:type\" content=\"article\" \/>\n<meta property=\"og:title\" content=\"Qu\u00e9 hacer en Montefalco - Exploring Umbria\" \/>\n<meta property=\"og:description\" content=\"Descubre qu\u00e9 hacer en Montefalco. En Montefalco puedes relajarte y disfrutar de las maravillosas vistas que ofrece el pueblo, quiz\u00e1s tomando una copa de\" \/>\n<meta property=\"og:url\" content=\"https:\/\/www.exploring-umbria.com\/es\/pueblos-en-umbria-muchas-joyas-escondidas\/que-hacer-en-montefalco\/\" \/>\n<meta property=\"og:site_name\" content=\"Exploring Umbria\" \/>\n<meta property=\"article:publisher\" content=\"https:\/\/www.facebook.com\/exploringumbria\/\" \/>\n<meta property=\"article:modified_time\" content=\"2020-08-28T16:06:59+00:00\" \/>\n<meta property=\"og:image\" content=\"https:\/\/www.exploring-umbria.com\/wp-content\/uploads\/2020\/04\/WhatsApp-Image-2020-04-27-at-23.01.08.jpeg\" \/>\n\t<meta property=\"og:image:width\" content=\"720\" \/>\n\t<meta property=\"og:image:height\" content=\"540\" \/>\n\t<meta property=\"og:image:type\" content=\"image\/jpeg\" \/>\n<meta name=\"twitter:card\" content=\"summary_large_image\" \/>\n<meta name=\"twitter:label1\" content=\"Tiempo de lectura\" \/>\n\t<meta name=\"twitter:data1\" content=\"1 minuto\" \/>\n<script type=\"application\/ld+json\" class=\"yoast-schema-graph\">{\"@context\":\"https:\/\/schema.org\",\"@graph\":[{\"@type\":\"Organization\",\"@id\":\"https:\/\/www.exploring-umbria.com\/es\/#organization\",\"name\":\"Exploring Umbria\",\"url\":\"https:\/\/www.exploring-umbria.com\/es\/\",\"sameAs\":[\"https:\/\/www.facebook.com\/exploringumbria\/\",\"https:\/\/www.instagram.com\/exploringumbria\/\"],\"logo\":{\"@type\":\"ImageObject\",\"@id\":\"https:\/\/www.exploring-umbria.com\/es\/#logo\",\"inLanguage\":\"es\",\"url\":\"https:\/\/www.exploring-umbria.com\/wp-content\/uploads\/2019\/08\/solo-logo-verde.jpg\",\"contentUrl\":\"https:\/\/www.exploring-umbria.com\/wp-content\/uploads\/2019\/08\/solo-logo-verde.jpg\",\"width\":952,\"height\":532,\"caption\":\"Exploring Umbria\"},\"image\":{\"@id\":\"https:\/\/www.exploring-umbria.com\/es\/#logo\"}},{\"@type\":\"WebSite\",\"@id\":\"https:\/\/www.exploring-umbria.com\/es\/#website\",\"url\":\"https:\/\/www.exploring-umbria.com\/es\/\",\"name\":\"Exploring Umbria\",\"description\":\"your dates, your mood, your trip\",\"publisher\":{\"@id\":\"https:\/\/www.exploring-umbria.com\/es\/#organization\"},\"potentialAction\":[{\"@type\":\"SearchAction\",\"target\":{\"@type\":\"EntryPoint\",\"urlTemplate\":\"https:\/\/www.exploring-umbria.com\/es\/?s={search_term_string}\"},\"query-input\":\"required name=search_term_string\"}],\"inLanguage\":\"es\"},{\"@type\":\"ImageObject\",\"@id\":\"https:\/\/www.exploring-umbria.com\/es\/pueblos-en-umbria-muchas-joyas-escondidas\/que-hacer-en-montefalco\/#primaryimage\",\"inLanguage\":\"es\",\"url\":\"https:\/\/www.exploring-umbria.com\/wp-content\/uploads\/2020\/04\/WhatsApp-Image-2020-04-27-at-23.01.08.jpeg\",\"contentUrl\":\"https:\/\/www.exploring-umbria.com\/wp-content\/uploads\/2020\/04\/WhatsApp-Image-2020-04-27-at-23.01.08.jpeg\",\"width\":720,\"height\":540,\"caption\":\"\u00a9 La Lori ph.\"},{\"@type\":\"WebPage\",\"@id\":\"https:\/\/www.exploring-umbria.com\/es\/pueblos-en-umbria-muchas-joyas-escondidas\/que-hacer-en-montefalco\/#webpage\",\"url\":\"https:\/\/www.exploring-umbria.com\/es\/pueblos-en-umbria-muchas-joyas-escondidas\/que-hacer-en-montefalco\/\",\"name\":\"Qu\u00e9 hacer en Montefalco - Exploring Umbria\",\"isPartOf\":{\"@id\":\"https:\/\/www.exploring-umbria.com\/es\/#website\"},\"primaryImageOfPage\":{\"@id\":\"https:\/\/www.exploring-umbria.com\/es\/pueblos-en-umbria-muchas-joyas-escondidas\/que-hacer-en-montefalco\/#primaryimage\"},\"datePublished\":\"2020-05-13T17:38:59+00:00\",\"dateModified\":\"2020-08-28T16:06:59+00:00\",\"description\":\"Descubre qu\u00e9 hacer en Montefalco. En Montefalco puedes relajarte y disfrutar de las maravillosas vistas que ofrece el pueblo, quiz\u00e1s tomando una copa de\",\"breadcrumb\":{\"@id\":\"https:\/\/www.exploring-umbria.com\/es\/pueblos-en-umbria-muchas-joyas-escondidas\/que-hacer-en-montefalco\/#breadcrumb\"},\"inLanguage\":\"es\",\"potentialAction\":[{\"@type\":\"ReadAction\",\"target\":[\"https:\/\/www.exploring-umbria.com\/es\/pueblos-en-umbria-muchas-joyas-escondidas\/que-hacer-en-montefalco\/\"]}]},{\"@type\":\"BreadcrumbList\",\"@id\":\"https:\/\/www.exploring-umbria.com\/es\/pueblos-en-umbria-muchas-joyas-escondidas\/que-hacer-en-montefalco\/#breadcrumb\",\"itemListElement\":[{\"@type\":\"ListItem\",\"position\":1,\"name\":\"Home\",\"item\":\"https:\/\/www.exploring-umbria.com\/es\/\"},{\"@type\":\"ListItem\",\"position\":2,\"name\":\"Pueblos en Umbr\u00eda: muchas joyas escondidas\",\"item\":\"https:\/\/www.exploring-umbria.com\/es\/pueblos-en-umbria-muchas-joyas-escondidas\/\"},{\"@type\":\"ListItem\",\"position\":3,\"name\":\"Qu\u00e9 hacer en Montefalco\"}]}]}<\/script>\n<!-- \/ Yoast SEO plugin. -->","yoast_head_json":{"title":"Qu\u00e9 hacer en Montefalco - Exploring Umbria","description":"Descubre qu\u00e9 hacer en Montefalco. En Montefalco puedes relajarte y disfrutar de las maravillosas vistas que ofrece el pueblo, quiz\u00e1s tomando una copa de","robots":{"index":"index","follow":"follow","max-snippet":"max-snippet:-1","max-image-preview":"max-image-preview:large","max-video-preview":"max-video-preview:-1"},"canonical":"https:\/\/www.exploring-umbria.com\/es\/pueblos-en-umbria-muchas-joyas-escondidas\/que-hacer-en-montefalco\/","og_locale":"es_ES","og_type":"article","og_title":"Qu\u00e9 hacer en Montefalco - Exploring Umbria","og_description":"Descubre qu\u00e9 hacer en Montefalco. En Montefalco puedes relajarte y disfrutar de las maravillosas vistas que ofrece el pueblo, quiz\u00e1s tomando una copa de","og_url":"https:\/\/www.exploring-umbria.com\/es\/pueblos-en-umbria-muchas-joyas-escondidas\/que-hacer-en-montefalco\/","og_site_name":"Exploring Umbria","article_publisher":"https:\/\/www.facebook.com\/exploringumbria\/","article_modified_time":"2020-08-28T16:06:59+00:00","og_image":[{"width":720,"height":540,"url":"https:\/\/www.exploring-umbria.com\/wp-content\/uploads\/2020\/04\/WhatsApp-Image-2020-04-27-at-23.01.08.jpeg","type":"image\/jpeg"}],"twitter_card":"summary_large_image","twitter_misc":{"Tiempo de lectura":"1 minuto"},"schema":{"@context":"https:\/\/schema.org","@graph":[{"@type":"Organization","@id":"https:\/\/www.exploring-umbria.com\/es\/#organization","name":"Exploring Umbria","url":"https:\/\/www.exploring-umbria.com\/es\/","sameAs":["https:\/\/www.facebook.com\/exploringumbria\/","https:\/\/www.instagram.com\/exploringumbria\/"],"logo":{"@type":"ImageObject","@id":"https:\/\/www.exploring-umbria.com\/es\/#logo","inLanguage":"es","url":"https:\/\/www.exploring-umbria.com\/wp-content\/uploads\/2019\/08\/solo-logo-verde.jpg","contentUrl":"https:\/\/www.exploring-umbria.com\/wp-content\/uploads\/2019\/08\/solo-logo-verde.jpg","width":952,"height":532,"caption":"Exploring Umbria"},"image":{"@id":"https:\/\/www.exploring-umbria.com\/es\/#logo"}},{"@type":"WebSite","@id":"https:\/\/www.exploring-umbria.com\/es\/#website","url":"https:\/\/www.exploring-umbria.com\/es\/","name":"Exploring Umbria","description":"your dates, your mood, your trip","publisher":{"@id":"https:\/\/www.exploring-umbria.com\/es\/#organization"},"potentialAction":[{"@type":"SearchAction","target":{"@type":"EntryPoint","urlTemplate":"https:\/\/www.exploring-umbria.com\/es\/?s={search_term_string}"},"query-input":"required name=search_term_string"}],"inLanguage":"es"},{"@type":"ImageObject","@id":"https:\/\/www.exploring-umbria.com\/es\/pueblos-en-umbria-muchas-joyas-escondidas\/que-hacer-en-montefalco\/#primaryimage","inLanguage":"es","url":"https:\/\/www.exploring-umbria.com\/wp-content\/uploads\/2020\/04\/WhatsApp-Image-2020-04-27-at-23.01.08.jpeg","contentUrl":"https:\/\/www.exploring-umbria.com\/wp-content\/uploads\/2020\/04\/WhatsApp-Image-2020-04-27-at-23.01.08.jpeg","width":720,"height":540,"caption":"\u00a9 La Lori ph."},{"@type":"WebPage","@id":"https:\/\/www.exploring-umbria.com\/es\/pueblos-en-umbria-muchas-joyas-escondidas\/que-hacer-en-montefalco\/#webpage","url":"https:\/\/www.exploring-umbria.com\/es\/pueblos-en-umbria-muchas-joyas-escondidas\/que-hacer-en-montefalco\/","name":"Qu\u00e9 hacer en Montefalco - Exploring Umbria","isPartOf":{"@id":"https:\/\/www.exploring-umbria.com\/es\/#website"},"primaryImageOfPage":{"@id":"https:\/\/www.exploring-umbria.com\/es\/pueblos-en-umbria-muchas-joyas-escondidas\/que-hacer-en-montefalco\/#primaryimage"},"datePublished":"2020-05-13T17:38:59+00:00","dateModified":"2020-08-28T16:06:59+00:00","description":"Descubre qu\u00e9 hacer en Montefalco. En Montefalco puedes relajarte y disfrutar de las maravillosas vistas que ofrece el pueblo, quiz\u00e1s tomando una copa de","breadcrumb":{"@id":"https:\/\/www.exploring-umbria.com\/es\/pueblos-en-umbria-muchas-joyas-escondidas\/que-hacer-en-montefalco\/#breadcrumb"},"inLanguage":"es","potentialAction":[{"@type":"ReadAction","target":["https:\/\/www.exploring-umbria.com\/es\/pueblos-en-umbria-muchas-joyas-escondidas\/que-hacer-en-montefalco\/"]}]},{"@type":"BreadcrumbList","@id":"https:\/\/www.exploring-umbria.com\/es\/pueblos-en-umbria-muchas-joyas-escondidas\/que-hacer-en-montefalco\/#breadcrumb","itemListElement":[{"@type":"ListItem","position":1,"name":"Home","item":"https:\/\/www.exploring-umbria.com\/es\/"},{"@type":"ListItem","position":2,"name":"Pueblos en Umbr\u00eda: muchas joyas escondidas","item":"https:\/\/www.exploring-umbria.com\/es\/pueblos-en-umbria-muchas-joyas-escondidas\/"},{"@type":"ListItem","position":3,"name":"Qu\u00e9 hacer en Montefalco"}]}]}},"_links":{"self":[{"href":"https:\/\/www.exploring-umbria.com\/es\/wp-json\/wp\/v2\/pages\/39588"}],"collection":[{"href":"https:\/\/www.exploring-umbria.com\/es\/wp-json\/wp\/v2\/pages"}],"about":[{"href":"https:\/\/www.exploring-umbria.com\/es\/wp-json\/wp\/v2\/types\/page"}],"author":[{"embeddable":true,"href":"https:\/\/www.exploring-umbria.com\/es\/wp-json\/wp\/v2\/users\/4"}],"replies":[{"embeddable":true,"href":"https:\/\/www.exploring-umbria.com\/es\/wp-json\/wp\/v2\/comments?post=39588"}],"version-history":[{"count":2,"href":"https:\/\/www.exploring-umbria.com\/es\/wp-json\/wp\/v2\/pages\/39588\/revisions"}],"predecessor-version":[{"id":39600,"href":"https:\/\/www.exploring-umbria.com\/es\/wp-json\/wp\/v2\/pages\/39588\/revisions\/39600"}],"up":[{"embeddable":true,"href":"https:\/\/www.exploring-umbria.com\/es\/wp-json\/wp\/v2\/pages\/3272"}],"wp:featuredmedia":[{"embeddable":true,"href":"https:\/\/www.exploring-umbria.com\/es\/wp-json\/wp\/v2\/media\/34704"}],"wp:attachment":[{"href":"https:\/\/www.exploring-umbria.com\/es\/wp-json\/wp\/v2\/media?parent=39588"}],"curies":[{"name":"wp","href":"https:\/\/api.w.org\/{rel}","templated":true}]}}