{"id":39389,"date":"2019-08-09T17:37:04","date_gmt":"2019-08-09T15:37:04","guid":{"rendered":"https:\/\/www.exploring-umbria.com\/pueblos-en-umbria-muchas-joyas-escondidas\/que-ver-en-piegaro\/chiesa-di-san-fortunato\/"},"modified":"2020-08-07T18:35:00","modified_gmt":"2020-08-07T16:35:00","slug":"iglesia-de-san-fortunato-en-piegaro","status":"publish","type":"page","link":"https:\/\/www.exploring-umbria.com\/es\/pueblos-en-umbria-muchas-joyas-escondidas\/que-ver-en-piegaro\/iglesia-de-san-fortunato-en-piegaro\/","title":{"rendered":"Iglesia de San Fortunato en Piegaro"},"content":{"rendered":"<p>Cerca de Piegaro, en el interior del <strong>castillo de Cibottola<\/strong> se encuentra la iglesia parroquial construida en honor a San Fortunato.<\/p>\n<p>Junto a la iglesia, hacia 1300, se construy\u00f3 el hospital de Cibottola, llamado San Fortunato por su proximidad a la hom\u00f3nima iglesia.<\/p>\n<p>La iglesia, de reducidas dimensiones, es muy <strong>sencilla <\/strong>por fuera, pero muy bonita, con portal, ajimezado y roset\u00f3n. La primera prueba escrita de su presencia se remonta al a\u00f1o 1434, cuando se inscribi\u00f3 en el registro de la propiedad, pero su construcci\u00f3n es probablemente anterior al a\u00f1o mil.<\/p>\n<p>En el interior, la iglesia es de una <strong>sola nave<\/strong>, con b\u00f3veda de ca\u00f1\u00f3n y velas laterales que superan al presbiterio, mientras que la cubierta est\u00e1 formada por tres arcos apuntados, este \u00faltimo con la t\u00e9cnica de vigas a la vista. En el altar mayor, dedicado a la <em>Sant\u00edsima Virgen de las Gracias<\/em>, se puede admirar el panel de la <strong>Virgen y del Ni\u00f1o<\/strong>, realizado en 1944 por el pintor liguriano <em>Giovanni Tronfi<\/em>; como fondo de la Virgen, un paisaje t\u00edpico de Umbr\u00eda se muestra a lo lejos, a la izquierda el <em>Castillo de Cibottola<\/em> y a la derecha el <em>Convento Franciscano de San Bartolomeo<\/em>.<\/p>\n<p>Este lienzo est\u00e1 adornado con <strong>15 paneles<\/strong> cuadrados que lo enmarcan, con frescos que representan los <em>15 Misterios del Rosario<\/em>. Los tramos est\u00e1n pintados al fresco con im\u00e1genes de algunos de los santos,y la iglesia tambi\u00e9n estaba adornada con varios lienzos, en los que tambi\u00e9n aparecen como protagonistas algunos santos y la Virgen. Tambi\u00e9n hay una antigua pila de travertino y\u00a0 una la pila bautismal de piedra arenisca.<\/p>\n<p>La Iglesia de San Fortunato en Piegaro ha sufrido varias reformas a lo largo de los siglos, la m\u00e1s reciente en 1946, pero su estructura no ha sufrido cambios significativos.<\/p>\n<p>Actualmente los lienzos ya no est\u00e1n presentes en el interior de la iglesia y s\u00f3lo se abren con ocasi\u00f3n de la <strong>Ascensi\u00f3n<\/strong> o en ocasiones especiales acordadas con el sacerdote de Pietrafitta.<\/p>\n","protected":false},"excerpt":{"rendered":"<p>Cerca de Piegaro, en el interior del castillo de Cibottola se encuentra la iglesia parroquial construida en honor a San Fortunato. Junto a la iglesia, hacia 1300, se construy\u00f3 el hospital de Cibottola, llamado San Fortunato por su proximidad a la hom\u00f3nima iglesia. La iglesia, de reducidas dimensiones, es muy sencilla por fuera, pero muy [&hellip;]<\/p>\n","protected":false},"author":4,"featured_media":0,"parent":39311,"menu_order":1,"comment_status":"closed","ping_status":"closed","template":"","meta":{"om_disable_all_campaigns":false,"_monsterinsights_skip_tracking":false,"_monsterinsights_sitenote_active":false,"_monsterinsights_sitenote_note":"","_monsterinsights_sitenote_category":0},"acf":[],"yoast_head":"<!-- This site is optimized with the Yoast SEO plugin v18.4.1 - https:\/\/yoast.com\/wordpress\/plugins\/seo\/ -->\n<title>Iglesia de San Fortunato en Piegaro - Exploring Umbria<\/title>\n<meta name=\"description\" content=\"Cerca de Piegaro, en el interior del castillo de Cibottola se encuentra la iglesia parroquial construida en honor a San Fortunato. Junto a la iglesia,\" \/>\n<meta name=\"robots\" content=\"index, follow, max-snippet:-1, max-image-preview:large, max-video-preview:-1\" \/>\n<link rel=\"canonical\" href=\"https:\/\/www.exploring-umbria.com\/es\/pueblos-en-umbria-muchas-joyas-escondidas\/que-ver-en-piegaro\/iglesia-de-san-fortunato-en-piegaro\/\" \/>\n<meta property=\"og:locale\" content=\"es_ES\" \/>\n<meta property=\"og:type\" content=\"article\" \/>\n<meta property=\"og:title\" content=\"Iglesia de San Fortunato en Piegaro - Exploring Umbria\" \/>\n<meta property=\"og:description\" content=\"Cerca de Piegaro, en el interior del castillo de Cibottola se encuentra la iglesia parroquial construida en honor a San Fortunato. Junto a la iglesia,\" \/>\n<meta property=\"og:url\" content=\"https:\/\/www.exploring-umbria.com\/es\/pueblos-en-umbria-muchas-joyas-escondidas\/que-ver-en-piegaro\/iglesia-de-san-fortunato-en-piegaro\/\" \/>\n<meta property=\"og:site_name\" content=\"Exploring Umbria\" \/>\n<meta property=\"article:publisher\" content=\"https:\/\/www.facebook.com\/exploringumbria\/\" \/>\n<meta property=\"article:modified_time\" content=\"2020-08-07T16:35:00+00:00\" \/>\n<meta name=\"twitter:card\" content=\"summary_large_image\" \/>\n<meta name=\"twitter:label1\" content=\"Tiempo de lectura\" \/>\n\t<meta name=\"twitter:data1\" content=\"2 minutos\" \/>\n<script type=\"application\/ld+json\" class=\"yoast-schema-graph\">{\"@context\":\"https:\/\/schema.org\",\"@graph\":[{\"@type\":\"Organization\",\"@id\":\"https:\/\/www.exploring-umbria.com\/es\/#organization\",\"name\":\"Exploring Umbria\",\"url\":\"https:\/\/www.exploring-umbria.com\/es\/\",\"sameAs\":[\"https:\/\/www.facebook.com\/exploringumbria\/\",\"https:\/\/www.instagram.com\/exploringumbria\/\"],\"logo\":{\"@type\":\"ImageObject\",\"@id\":\"https:\/\/www.exploring-umbria.com\/es\/#logo\",\"inLanguage\":\"es\",\"url\":\"https:\/\/www.exploring-umbria.com\/wp-content\/uploads\/2019\/08\/solo-logo-verde.jpg\",\"contentUrl\":\"https:\/\/www.exploring-umbria.com\/wp-content\/uploads\/2019\/08\/solo-logo-verde.jpg\",\"width\":952,\"height\":532,\"caption\":\"Exploring Umbria\"},\"image\":{\"@id\":\"https:\/\/www.exploring-umbria.com\/es\/#logo\"}},{\"@type\":\"WebSite\",\"@id\":\"https:\/\/www.exploring-umbria.com\/es\/#website\",\"url\":\"https:\/\/www.exploring-umbria.com\/es\/\",\"name\":\"Exploring Umbria\",\"description\":\"your dates, your mood, your trip\",\"publisher\":{\"@id\":\"https:\/\/www.exploring-umbria.com\/es\/#organization\"},\"potentialAction\":[{\"@type\":\"SearchAction\",\"target\":{\"@type\":\"EntryPoint\",\"urlTemplate\":\"https:\/\/www.exploring-umbria.com\/es\/?s={search_term_string}\"},\"query-input\":\"required name=search_term_string\"}],\"inLanguage\":\"es\"},{\"@type\":\"WebPage\",\"@id\":\"https:\/\/www.exploring-umbria.com\/es\/pueblos-en-umbria-muchas-joyas-escondidas\/que-ver-en-piegaro\/iglesia-de-san-fortunato-en-piegaro\/#webpage\",\"url\":\"https:\/\/www.exploring-umbria.com\/es\/pueblos-en-umbria-muchas-joyas-escondidas\/que-ver-en-piegaro\/iglesia-de-san-fortunato-en-piegaro\/\",\"name\":\"Iglesia de San Fortunato en Piegaro - Exploring Umbria\",\"isPartOf\":{\"@id\":\"https:\/\/www.exploring-umbria.com\/es\/#website\"},\"datePublished\":\"2019-08-09T15:37:04+00:00\",\"dateModified\":\"2020-08-07T16:35:00+00:00\",\"description\":\"Cerca de Piegaro, en el interior del castillo de Cibottola se encuentra la iglesia parroquial construida en honor a San Fortunato. Junto a la iglesia,\",\"breadcrumb\":{\"@id\":\"https:\/\/www.exploring-umbria.com\/es\/pueblos-en-umbria-muchas-joyas-escondidas\/que-ver-en-piegaro\/iglesia-de-san-fortunato-en-piegaro\/#breadcrumb\"},\"inLanguage\":\"es\",\"potentialAction\":[{\"@type\":\"ReadAction\",\"target\":[\"https:\/\/www.exploring-umbria.com\/es\/pueblos-en-umbria-muchas-joyas-escondidas\/que-ver-en-piegaro\/iglesia-de-san-fortunato-en-piegaro\/\"]}]},{\"@type\":\"BreadcrumbList\",\"@id\":\"https:\/\/www.exploring-umbria.com\/es\/pueblos-en-umbria-muchas-joyas-escondidas\/que-ver-en-piegaro\/iglesia-de-san-fortunato-en-piegaro\/#breadcrumb\",\"itemListElement\":[{\"@type\":\"ListItem\",\"position\":1,\"name\":\"Home\",\"item\":\"https:\/\/www.exploring-umbria.com\/es\/\"},{\"@type\":\"ListItem\",\"position\":2,\"name\":\"Pueblos en Umbr\u00eda: muchas joyas escondidas\",\"item\":\"https:\/\/www.exploring-umbria.com\/es\/pueblos-en-umbria-muchas-joyas-escondidas\/\"},{\"@type\":\"ListItem\",\"position\":3,\"name\":\"Qu\u00e9 ver en Piegaro\",\"item\":\"https:\/\/www.exploring-umbria.com\/es\/pueblos-en-umbria-muchas-joyas-escondidas\/que-ver-en-piegaro\/\"},{\"@type\":\"ListItem\",\"position\":4,\"name\":\"Iglesia de San Fortunato en Piegaro\"}]}]}<\/script>\n<!-- \/ Yoast SEO plugin. -->","yoast_head_json":{"title":"Iglesia de San Fortunato en Piegaro - Exploring Umbria","description":"Cerca de Piegaro, en el interior del castillo de Cibottola se encuentra la iglesia parroquial construida en honor a San Fortunato. Junto a la iglesia,","robots":{"index":"index","follow":"follow","max-snippet":"max-snippet:-1","max-image-preview":"max-image-preview:large","max-video-preview":"max-video-preview:-1"},"canonical":"https:\/\/www.exploring-umbria.com\/es\/pueblos-en-umbria-muchas-joyas-escondidas\/que-ver-en-piegaro\/iglesia-de-san-fortunato-en-piegaro\/","og_locale":"es_ES","og_type":"article","og_title":"Iglesia de San Fortunato en Piegaro - Exploring Umbria","og_description":"Cerca de Piegaro, en el interior del castillo de Cibottola se encuentra la iglesia parroquial construida en honor a San Fortunato. Junto a la iglesia,","og_url":"https:\/\/www.exploring-umbria.com\/es\/pueblos-en-umbria-muchas-joyas-escondidas\/que-ver-en-piegaro\/iglesia-de-san-fortunato-en-piegaro\/","og_site_name":"Exploring Umbria","article_publisher":"https:\/\/www.facebook.com\/exploringumbria\/","article_modified_time":"2020-08-07T16:35:00+00:00","twitter_card":"summary_large_image","twitter_misc":{"Tiempo de lectura":"2 minutos"},"schema":{"@context":"https:\/\/schema.org","@graph":[{"@type":"Organization","@id":"https:\/\/www.exploring-umbria.com\/es\/#organization","name":"Exploring Umbria","url":"https:\/\/www.exploring-umbria.com\/es\/","sameAs":["https:\/\/www.facebook.com\/exploringumbria\/","https:\/\/www.instagram.com\/exploringumbria\/"],"logo":{"@type":"ImageObject","@id":"https:\/\/www.exploring-umbria.com\/es\/#logo","inLanguage":"es","url":"https:\/\/www.exploring-umbria.com\/wp-content\/uploads\/2019\/08\/solo-logo-verde.jpg","contentUrl":"https:\/\/www.exploring-umbria.com\/wp-content\/uploads\/2019\/08\/solo-logo-verde.jpg","width":952,"height":532,"caption":"Exploring Umbria"},"image":{"@id":"https:\/\/www.exploring-umbria.com\/es\/#logo"}},{"@type":"WebSite","@id":"https:\/\/www.exploring-umbria.com\/es\/#website","url":"https:\/\/www.exploring-umbria.com\/es\/","name":"Exploring Umbria","description":"your dates, your mood, your trip","publisher":{"@id":"https:\/\/www.exploring-umbria.com\/es\/#organization"},"potentialAction":[{"@type":"SearchAction","target":{"@type":"EntryPoint","urlTemplate":"https:\/\/www.exploring-umbria.com\/es\/?s={search_term_string}"},"query-input":"required name=search_term_string"}],"inLanguage":"es"},{"@type":"WebPage","@id":"https:\/\/www.exploring-umbria.com\/es\/pueblos-en-umbria-muchas-joyas-escondidas\/que-ver-en-piegaro\/iglesia-de-san-fortunato-en-piegaro\/#webpage","url":"https:\/\/www.exploring-umbria.com\/es\/pueblos-en-umbria-muchas-joyas-escondidas\/que-ver-en-piegaro\/iglesia-de-san-fortunato-en-piegaro\/","name":"Iglesia de San Fortunato en Piegaro - Exploring Umbria","isPartOf":{"@id":"https:\/\/www.exploring-umbria.com\/es\/#website"},"datePublished":"2019-08-09T15:37:04+00:00","dateModified":"2020-08-07T16:35:00+00:00","description":"Cerca de Piegaro, en el interior del castillo de Cibottola se encuentra la iglesia parroquial construida en honor a San Fortunato. Junto a la iglesia,","breadcrumb":{"@id":"https:\/\/www.exploring-umbria.com\/es\/pueblos-en-umbria-muchas-joyas-escondidas\/que-ver-en-piegaro\/iglesia-de-san-fortunato-en-piegaro\/#breadcrumb"},"inLanguage":"es","potentialAction":[{"@type":"ReadAction","target":["https:\/\/www.exploring-umbria.com\/es\/pueblos-en-umbria-muchas-joyas-escondidas\/que-ver-en-piegaro\/iglesia-de-san-fortunato-en-piegaro\/"]}]},{"@type":"BreadcrumbList","@id":"https:\/\/www.exploring-umbria.com\/es\/pueblos-en-umbria-muchas-joyas-escondidas\/que-ver-en-piegaro\/iglesia-de-san-fortunato-en-piegaro\/#breadcrumb","itemListElement":[{"@type":"ListItem","position":1,"name":"Home","item":"https:\/\/www.exploring-umbria.com\/es\/"},{"@type":"ListItem","position":2,"name":"Pueblos en Umbr\u00eda: muchas joyas escondidas","item":"https:\/\/www.exploring-umbria.com\/es\/pueblos-en-umbria-muchas-joyas-escondidas\/"},{"@type":"ListItem","position":3,"name":"Qu\u00e9 ver en Piegaro","item":"https:\/\/www.exploring-umbria.com\/es\/pueblos-en-umbria-muchas-joyas-escondidas\/que-ver-en-piegaro\/"},{"@type":"ListItem","position":4,"name":"Iglesia de San Fortunato en Piegaro"}]}]}},"_links":{"self":[{"href":"https:\/\/www.exploring-umbria.com\/es\/wp-json\/wp\/v2\/pages\/39389"}],"collection":[{"href":"https:\/\/www.exploring-umbria.com\/es\/wp-json\/wp\/v2\/pages"}],"about":[{"href":"https:\/\/www.exploring-umbria.com\/es\/wp-json\/wp\/v2\/types\/page"}],"author":[{"embeddable":true,"href":"https:\/\/www.exploring-umbria.com\/es\/wp-json\/wp\/v2\/users\/4"}],"replies":[{"embeddable":true,"href":"https:\/\/www.exploring-umbria.com\/es\/wp-json\/wp\/v2\/comments?post=39389"}],"version-history":[{"count":4,"href":"https:\/\/www.exploring-umbria.com\/es\/wp-json\/wp\/v2\/pages\/39389\/revisions"}],"predecessor-version":[{"id":39399,"href":"https:\/\/www.exploring-umbria.com\/es\/wp-json\/wp\/v2\/pages\/39389\/revisions\/39399"}],"up":[{"embeddable":true,"href":"https:\/\/www.exploring-umbria.com\/es\/wp-json\/wp\/v2\/pages\/39311"}],"wp:attachment":[{"href":"https:\/\/www.exploring-umbria.com\/es\/wp-json\/wp\/v2\/media?parent=39389"}],"curies":[{"name":"wp","href":"https:\/\/api.w.org\/{rel}","templated":true}]}}