{"id":39142,"date":"2019-04-11T21:26:30","date_gmt":"2019-04-11T19:26:30","guid":{"rendered":"https:\/\/www.exploring-umbria.com\/pueblos-en-umbria-muchas-joyas-escondidas\/cosa-vedere-a-trevi\/"},"modified":"2020-08-06T15:27:01","modified_gmt":"2020-08-06T13:27:01","slug":"que-ver-en-trevi","status":"publish","type":"page","link":"https:\/\/www.exploring-umbria.com\/es\/pueblos-en-umbria-muchas-joyas-escondidas\/que-ver-en-trevi\/","title":{"rendered":"Qu\u00e9 ver en Trevi"},"content":{"rendered":"<p><strong>Descubre qu\u00e9 ver en Trevi\u00a0\u00a0<\/strong><\/p>\n<p>Caminando por las estrechas y laber\u00ednticas callejuelas de Trevi, te sentir\u00e1s impregnado por el esp\u00edritu del pueblo, un verdadero <em>locus amoenus<\/em>, que te permitir\u00e1 sentirte en total tranquilidad. El sol que se asoma entre los techos de las casas, las voces y los sonidos de la vida cotidiana que se entrelazan con el canto de las golondrinas en primavera, y luego la extraordinaria belleza del casco antiguo que esconde continuas sorpresas: palacios renacentistas como <strong>el Palazzo Manenti<\/strong>, <strong>Urighi<\/strong> o <strong>Valenti<\/strong>, junto a casas del siglo XV ytiendas medievales como las de Via Ombrosa.<\/p>\n<p>Te sugerimos que inicies tu <a href=\"https:\/\/www.exploring-umbria.com\/es\/actividades\/guided-tour-of-trevi\/\" target=\"_blank\" rel=\"noopener noreferrer\">itinerario<\/a> en la Puerta del Lago, llamada as\u00ed porque en la antig\u00fcedad se asomaba a un peque\u00f1o estanque. Desde all\u00ed, podr\u00e1s hacer el recorrido contrario que los condenados a muerte hac\u00edan desde la plaza, pasando por delante de la iglesia de San Juan, a trav\u00e9s de la puerta para dirigirse al Monte \u00abMontarone delle forche\u00bb, donde hoy se encuentra el hospital de la ciudad. Continuando, llegar\u00e1s a la Plaza Mazzini, el centro neur\u00e1lgico del pueblo, donde se celebran los acontecimientos m\u00e1s importantes, como el Ottobre Trevano. Aqu\u00ed se encuentran la Torre <strong>C\u00edvica<\/strong>, el Palacio <strong>Comunal <\/strong>y el Palacio del <strong>Gobernador<\/strong>, antiguo Palacio del Podest\u00e0.<\/p>\n<p>Una vez en la plaza se puede tomar una de las ramas y descubrir los monumentos, grandes y peque\u00f1os, de la ciudad: a lo largo de Via San Francesco, se encuentra la hermosa iglesia de <strong>San Francisco<\/strong>, que alberga el \u00f3rgano m\u00e1s antiguo de Umbr\u00eda, y el <strong>convento<\/strong>, ahora sede del Museo de la Cultura del Olivo y una galer\u00eda de im\u00e1genes que recoge obras de la zona, como las de lo <a href=\"https:\/\/es.wikipedia.org\/wiki\/Giovanni_di_Pietro\" target=\"_blank\" rel=\"noopener noreferrer\">Spagna<\/a> y <a href=\"https:\/\/es.wikipedia.org\/wiki\/Pinturicchio\" target=\"_blank\" rel=\"noopener noreferrer\">Pinturicchio<\/a>.<\/p>\n<p>Al salir del convento, detente unos minutos a admirar la maravilla del valle de Umbr\u00eda desde el punto de vista panor\u00e1mico de las murallas de la ciudad: delante de ti y entre los \u00e1rboles, ver\u00e1s tambi\u00e9n el convento de <strong>San Mart\u00edn<\/strong>, que vale la pena visitar, sobre todo al atardecer.<br \/>\nEn la cima de la colina se encuentra la iglesia de <strong>San Emiliano<\/strong> (Catedral) y, en la misma plaza, el <strong>Palacio Lucarini<\/strong>, Centro de Arte Contempor\u00e1neo. No te puede perder la <strong>Villa Fabri<\/strong>, y en particular la Capilla de los Bohemios en el s\u00f3tano, el segundo modelo en Italia de la escuela de Beuron.<br \/>\nLlegados a este punto, el centro de Trevi ya no tendr\u00e1 secretos para ti. Te sugiero que bajes de la colina y visites el Santuario de la <strong>Virgen de las L\u00e1grimas<\/strong>, una mina de obras maestras de <em>Pietro Perugino<\/em> y de <em>lo Spagna<\/em>.<\/p>\n","protected":false},"excerpt":{"rendered":"<p>Descubre qu\u00e9 ver en Trevi\u00a0\u00a0 Caminando por las estrechas y laber\u00ednticas callejuelas de Trevi, te sentir\u00e1s impregnado por el esp\u00edritu del pueblo, un verdadero locus amoenus, que te permitir\u00e1 sentirte en total tranquilidad. El sol que se asoma entre los techos de las casas, las voces y los sonidos de la vida cotidiana que se [&hellip;]<\/p>\n","protected":false},"author":4,"featured_media":4766,"parent":3272,"menu_order":0,"comment_status":"closed","ping_status":"closed","template":"","meta":{"om_disable_all_campaigns":false,"_monsterinsights_skip_tracking":false,"_monsterinsights_sitenote_active":false,"_monsterinsights_sitenote_note":"","_monsterinsights_sitenote_category":0},"acf":[],"yoast_head":"<!-- This site is optimized with the Yoast SEO plugin v18.4.1 - https:\/\/yoast.com\/wordpress\/plugins\/seo\/ -->\n<title>Qu\u00e9 ver en Trevi - Exploring Umbria<\/title>\n<meta name=\"description\" content=\"Descubre qu\u00e9 ver en Trevi\u00a0\u00a0 Caminando por las estrechas y laber\u00ednticas callejuelas de Trevi, te sentir\u00e1s impregnado por el esp\u00edritu del pueblo, un\" \/>\n<meta name=\"robots\" content=\"index, follow, max-snippet:-1, max-image-preview:large, max-video-preview:-1\" \/>\n<link rel=\"canonical\" href=\"https:\/\/www.exploring-umbria.com\/es\/pueblos-en-umbria-muchas-joyas-escondidas\/que-ver-en-trevi\/\" \/>\n<meta property=\"og:locale\" content=\"es_ES\" \/>\n<meta property=\"og:type\" content=\"article\" \/>\n<meta property=\"og:title\" content=\"Qu\u00e9 ver en Trevi - Exploring Umbria\" \/>\n<meta property=\"og:description\" content=\"Descubre qu\u00e9 ver en Trevi\u00a0\u00a0 Caminando por las estrechas y laber\u00ednticas callejuelas de Trevi, te sentir\u00e1s impregnado por el esp\u00edritu del pueblo, un\" \/>\n<meta property=\"og:url\" content=\"https:\/\/www.exploring-umbria.com\/es\/pueblos-en-umbria-muchas-joyas-escondidas\/que-ver-en-trevi\/\" \/>\n<meta property=\"og:site_name\" content=\"Exploring Umbria\" \/>\n<meta property=\"article:publisher\" content=\"https:\/\/www.facebook.com\/exploringumbria\/\" \/>\n<meta property=\"article:modified_time\" content=\"2020-08-06T13:27:01+00:00\" \/>\n<meta property=\"og:image\" content=\"https:\/\/www.exploring-umbria.com\/wp-content\/uploads\/2019\/04\/TREVI-VISTA.jpg\" \/>\n\t<meta property=\"og:image:width\" content=\"1125\" \/>\n\t<meta property=\"og:image:height\" content=\"750\" \/>\n\t<meta property=\"og:image:type\" content=\"image\/jpeg\" \/>\n<meta name=\"twitter:card\" content=\"summary_large_image\" \/>\n<meta name=\"twitter:label1\" content=\"Tiempo de lectura\" \/>\n\t<meta name=\"twitter:data1\" content=\"2 minutos\" \/>\n<script type=\"application\/ld+json\" class=\"yoast-schema-graph\">{\"@context\":\"https:\/\/schema.org\",\"@graph\":[{\"@type\":\"Organization\",\"@id\":\"https:\/\/www.exploring-umbria.com\/es\/#organization\",\"name\":\"Exploring Umbria\",\"url\":\"https:\/\/www.exploring-umbria.com\/es\/\",\"sameAs\":[\"https:\/\/www.facebook.com\/exploringumbria\/\",\"https:\/\/www.instagram.com\/exploringumbria\/\"],\"logo\":{\"@type\":\"ImageObject\",\"@id\":\"https:\/\/www.exploring-umbria.com\/es\/#logo\",\"inLanguage\":\"es\",\"url\":\"https:\/\/www.exploring-umbria.com\/wp-content\/uploads\/2019\/08\/solo-logo-verde.jpg\",\"contentUrl\":\"https:\/\/www.exploring-umbria.com\/wp-content\/uploads\/2019\/08\/solo-logo-verde.jpg\",\"width\":952,\"height\":532,\"caption\":\"Exploring Umbria\"},\"image\":{\"@id\":\"https:\/\/www.exploring-umbria.com\/es\/#logo\"}},{\"@type\":\"WebSite\",\"@id\":\"https:\/\/www.exploring-umbria.com\/es\/#website\",\"url\":\"https:\/\/www.exploring-umbria.com\/es\/\",\"name\":\"Exploring Umbria\",\"description\":\"your dates, your mood, your trip\",\"publisher\":{\"@id\":\"https:\/\/www.exploring-umbria.com\/es\/#organization\"},\"potentialAction\":[{\"@type\":\"SearchAction\",\"target\":{\"@type\":\"EntryPoint\",\"urlTemplate\":\"https:\/\/www.exploring-umbria.com\/es\/?s={search_term_string}\"},\"query-input\":\"required name=search_term_string\"}],\"inLanguage\":\"es\"},{\"@type\":\"ImageObject\",\"@id\":\"https:\/\/www.exploring-umbria.com\/es\/pueblos-en-umbria-muchas-joyas-escondidas\/que-ver-en-trevi\/#primaryimage\",\"inLanguage\":\"es\",\"url\":\"https:\/\/www.exploring-umbria.com\/wp-content\/uploads\/2019\/04\/TREVI-VISTA.jpg\",\"contentUrl\":\"https:\/\/www.exploring-umbria.com\/wp-content\/uploads\/2019\/04\/TREVI-VISTA.jpg\",\"width\":1125,\"height\":750,\"caption\":\"\u00a9 Mario Massarotti ph.\"},{\"@type\":\"WebPage\",\"@id\":\"https:\/\/www.exploring-umbria.com\/es\/pueblos-en-umbria-muchas-joyas-escondidas\/que-ver-en-trevi\/#webpage\",\"url\":\"https:\/\/www.exploring-umbria.com\/es\/pueblos-en-umbria-muchas-joyas-escondidas\/que-ver-en-trevi\/\",\"name\":\"Qu\u00e9 ver en Trevi - Exploring Umbria\",\"isPartOf\":{\"@id\":\"https:\/\/www.exploring-umbria.com\/es\/#website\"},\"primaryImageOfPage\":{\"@id\":\"https:\/\/www.exploring-umbria.com\/es\/pueblos-en-umbria-muchas-joyas-escondidas\/que-ver-en-trevi\/#primaryimage\"},\"datePublished\":\"2019-04-11T19:26:30+00:00\",\"dateModified\":\"2020-08-06T13:27:01+00:00\",\"description\":\"Descubre qu\u00e9 ver en Trevi\u00a0\u00a0 Caminando por las estrechas y laber\u00ednticas callejuelas de Trevi, te sentir\u00e1s impregnado por el esp\u00edritu del pueblo, un\",\"breadcrumb\":{\"@id\":\"https:\/\/www.exploring-umbria.com\/es\/pueblos-en-umbria-muchas-joyas-escondidas\/que-ver-en-trevi\/#breadcrumb\"},\"inLanguage\":\"es\",\"potentialAction\":[{\"@type\":\"ReadAction\",\"target\":[\"https:\/\/www.exploring-umbria.com\/es\/pueblos-en-umbria-muchas-joyas-escondidas\/que-ver-en-trevi\/\"]}]},{\"@type\":\"BreadcrumbList\",\"@id\":\"https:\/\/www.exploring-umbria.com\/es\/pueblos-en-umbria-muchas-joyas-escondidas\/que-ver-en-trevi\/#breadcrumb\",\"itemListElement\":[{\"@type\":\"ListItem\",\"position\":1,\"name\":\"Home\",\"item\":\"https:\/\/www.exploring-umbria.com\/es\/\"},{\"@type\":\"ListItem\",\"position\":2,\"name\":\"Pueblos en Umbr\u00eda: muchas joyas escondidas\",\"item\":\"https:\/\/www.exploring-umbria.com\/es\/pueblos-en-umbria-muchas-joyas-escondidas\/\"},{\"@type\":\"ListItem\",\"position\":3,\"name\":\"Qu\u00e9 ver en Trevi\"}]}]}<\/script>\n<!-- \/ Yoast SEO plugin. -->","yoast_head_json":{"title":"Qu\u00e9 ver en Trevi - Exploring Umbria","description":"Descubre qu\u00e9 ver en Trevi\u00a0\u00a0 Caminando por las estrechas y laber\u00ednticas callejuelas de Trevi, te sentir\u00e1s impregnado por el esp\u00edritu del pueblo, un","robots":{"index":"index","follow":"follow","max-snippet":"max-snippet:-1","max-image-preview":"max-image-preview:large","max-video-preview":"max-video-preview:-1"},"canonical":"https:\/\/www.exploring-umbria.com\/es\/pueblos-en-umbria-muchas-joyas-escondidas\/que-ver-en-trevi\/","og_locale":"es_ES","og_type":"article","og_title":"Qu\u00e9 ver en Trevi - Exploring Umbria","og_description":"Descubre qu\u00e9 ver en Trevi\u00a0\u00a0 Caminando por las estrechas y laber\u00ednticas callejuelas de Trevi, te sentir\u00e1s impregnado por el esp\u00edritu del pueblo, un","og_url":"https:\/\/www.exploring-umbria.com\/es\/pueblos-en-umbria-muchas-joyas-escondidas\/que-ver-en-trevi\/","og_site_name":"Exploring Umbria","article_publisher":"https:\/\/www.facebook.com\/exploringumbria\/","article_modified_time":"2020-08-06T13:27:01+00:00","og_image":[{"width":1125,"height":750,"url":"https:\/\/www.exploring-umbria.com\/wp-content\/uploads\/2019\/04\/TREVI-VISTA.jpg","type":"image\/jpeg"}],"twitter_card":"summary_large_image","twitter_misc":{"Tiempo de lectura":"2 minutos"},"schema":{"@context":"https:\/\/schema.org","@graph":[{"@type":"Organization","@id":"https:\/\/www.exploring-umbria.com\/es\/#organization","name":"Exploring Umbria","url":"https:\/\/www.exploring-umbria.com\/es\/","sameAs":["https:\/\/www.facebook.com\/exploringumbria\/","https:\/\/www.instagram.com\/exploringumbria\/"],"logo":{"@type":"ImageObject","@id":"https:\/\/www.exploring-umbria.com\/es\/#logo","inLanguage":"es","url":"https:\/\/www.exploring-umbria.com\/wp-content\/uploads\/2019\/08\/solo-logo-verde.jpg","contentUrl":"https:\/\/www.exploring-umbria.com\/wp-content\/uploads\/2019\/08\/solo-logo-verde.jpg","width":952,"height":532,"caption":"Exploring Umbria"},"image":{"@id":"https:\/\/www.exploring-umbria.com\/es\/#logo"}},{"@type":"WebSite","@id":"https:\/\/www.exploring-umbria.com\/es\/#website","url":"https:\/\/www.exploring-umbria.com\/es\/","name":"Exploring Umbria","description":"your dates, your mood, your trip","publisher":{"@id":"https:\/\/www.exploring-umbria.com\/es\/#organization"},"potentialAction":[{"@type":"SearchAction","target":{"@type":"EntryPoint","urlTemplate":"https:\/\/www.exploring-umbria.com\/es\/?s={search_term_string}"},"query-input":"required name=search_term_string"}],"inLanguage":"es"},{"@type":"ImageObject","@id":"https:\/\/www.exploring-umbria.com\/es\/pueblos-en-umbria-muchas-joyas-escondidas\/que-ver-en-trevi\/#primaryimage","inLanguage":"es","url":"https:\/\/www.exploring-umbria.com\/wp-content\/uploads\/2019\/04\/TREVI-VISTA.jpg","contentUrl":"https:\/\/www.exploring-umbria.com\/wp-content\/uploads\/2019\/04\/TREVI-VISTA.jpg","width":1125,"height":750,"caption":"\u00a9 Mario Massarotti ph."},{"@type":"WebPage","@id":"https:\/\/www.exploring-umbria.com\/es\/pueblos-en-umbria-muchas-joyas-escondidas\/que-ver-en-trevi\/#webpage","url":"https:\/\/www.exploring-umbria.com\/es\/pueblos-en-umbria-muchas-joyas-escondidas\/que-ver-en-trevi\/","name":"Qu\u00e9 ver en Trevi - Exploring Umbria","isPartOf":{"@id":"https:\/\/www.exploring-umbria.com\/es\/#website"},"primaryImageOfPage":{"@id":"https:\/\/www.exploring-umbria.com\/es\/pueblos-en-umbria-muchas-joyas-escondidas\/que-ver-en-trevi\/#primaryimage"},"datePublished":"2019-04-11T19:26:30+00:00","dateModified":"2020-08-06T13:27:01+00:00","description":"Descubre qu\u00e9 ver en Trevi\u00a0\u00a0 Caminando por las estrechas y laber\u00ednticas callejuelas de Trevi, te sentir\u00e1s impregnado por el esp\u00edritu del pueblo, un","breadcrumb":{"@id":"https:\/\/www.exploring-umbria.com\/es\/pueblos-en-umbria-muchas-joyas-escondidas\/que-ver-en-trevi\/#breadcrumb"},"inLanguage":"es","potentialAction":[{"@type":"ReadAction","target":["https:\/\/www.exploring-umbria.com\/es\/pueblos-en-umbria-muchas-joyas-escondidas\/que-ver-en-trevi\/"]}]},{"@type":"BreadcrumbList","@id":"https:\/\/www.exploring-umbria.com\/es\/pueblos-en-umbria-muchas-joyas-escondidas\/que-ver-en-trevi\/#breadcrumb","itemListElement":[{"@type":"ListItem","position":1,"name":"Home","item":"https:\/\/www.exploring-umbria.com\/es\/"},{"@type":"ListItem","position":2,"name":"Pueblos en Umbr\u00eda: muchas joyas escondidas","item":"https:\/\/www.exploring-umbria.com\/es\/pueblos-en-umbria-muchas-joyas-escondidas\/"},{"@type":"ListItem","position":3,"name":"Qu\u00e9 ver en Trevi"}]}]}},"_links":{"self":[{"href":"https:\/\/www.exploring-umbria.com\/es\/wp-json\/wp\/v2\/pages\/39142"}],"collection":[{"href":"https:\/\/www.exploring-umbria.com\/es\/wp-json\/wp\/v2\/pages"}],"about":[{"href":"https:\/\/www.exploring-umbria.com\/es\/wp-json\/wp\/v2\/types\/page"}],"author":[{"embeddable":true,"href":"https:\/\/www.exploring-umbria.com\/es\/wp-json\/wp\/v2\/users\/4"}],"replies":[{"embeddable":true,"href":"https:\/\/www.exploring-umbria.com\/es\/wp-json\/wp\/v2\/comments?post=39142"}],"version-history":[{"count":2,"href":"https:\/\/www.exploring-umbria.com\/es\/wp-json\/wp\/v2\/pages\/39142\/revisions"}],"predecessor-version":[{"id":39146,"href":"https:\/\/www.exploring-umbria.com\/es\/wp-json\/wp\/v2\/pages\/39142\/revisions\/39146"}],"up":[{"embeddable":true,"href":"https:\/\/www.exploring-umbria.com\/es\/wp-json\/wp\/v2\/pages\/3272"}],"wp:featuredmedia":[{"embeddable":true,"href":"https:\/\/www.exploring-umbria.com\/es\/wp-json\/wp\/v2\/media\/4766"}],"wp:attachment":[{"href":"https:\/\/www.exploring-umbria.com\/es\/wp-json\/wp\/v2\/media?parent=39142"}],"curies":[{"name":"wp","href":"https:\/\/api.w.org\/{rel}","templated":true}]}}