{"id":39107,"date":"2019-05-21T15:26:26","date_gmt":"2019-05-21T13:26:26","guid":{"rendered":"https:\/\/www.exploring-umbria.com\/pueblos-en-umbria-muchas-joyas-escondidas\/que-ver-en-citta-della-pieve\/spazio-kossuth\/"},"modified":"2020-08-06T13:03:42","modified_gmt":"2020-08-06T11:03:42","slug":"espacio-kossuth","status":"publish","type":"page","link":"https:\/\/www.exploring-umbria.com\/es\/pueblos-en-umbria-muchas-joyas-escondidas\/que-ver-en-citta-della-pieve\/espacio-kossuth\/","title":{"rendered":"Espacio Kossuth"},"content":{"rendered":"<p>El arte siempre es capaz de emocionar a los que saben observar y percibir, y un gran maestro como <strong>Wolfgang Alexander Kossuth<\/strong> ha sido capaz de dar a Citt\u00e0 della Pieve, a sus habitantes y a los que ya la han visitado, un gran n\u00famero de obras para admirar y conmoverse. El artista, de origen alem\u00e1n, qued\u00f3 encantado con la ciudad de la iglesia parroquial y su belleza y encontr\u00f3 un lugar de <strong>profunda inspiraci\u00f3n<\/strong>, por lo que decidi\u00f3 trasladarse al pueblo para pasar el resto de su vida, donde vivi\u00f3 hasta su temprana muerte.<\/p>\n<p>Kossuth fue un excelente <em>violinista<\/em> y tambi\u00e9n se convirti\u00f3 en <em>director del <strong>Teatro della Scala de Mil\u00e1n<\/strong><\/em><strong>; el arte <\/strong>era su raz\u00f3n de ser y oscilaba entre la <strong>m\u00fasica<\/strong>,la<strong> pintura<\/strong> y la <strong>escultura<\/strong>, aunque fue en esta \u00faltima donde consigui\u00f3 expresarse con m\u00e1s pasi\u00f3n.<\/p>\n<p>En el centro de la producci\u00f3n art\u00edstica de Kossuth est\u00e1 la <strong>figura humana<\/strong>, que est\u00e1 representada en su mayor <em>belleza<\/em> y <em>perfecci\u00f3n<\/em>, pero que a menudo permanece en equilibrios ecceptibles, desafiando as\u00ed la realidad. Sus obras adoptan la forma de esculturas, dibujos, lienzos que representan desnudos y representan principalmente a bailarines, m\u00fasicos y escritores.<\/p>\n<p><strong>El espacio Kossuth<\/strong> es un espacio dedicado al artista y a sus evocadoras obras y fue inaugurado el 30 de mayo de 2015, seis a\u00f1os despu\u00e9s de su muerte. Este proyecto fue posible gracias a la Asociaci\u00f3n Ankam\u00f2, que cre\u00eda firmemente en \u00e9l, a la <em>ciudad de Citt\u00e0 della Pieve<\/em> y <em>a la Archidi\u00f3cesis de Perugia-Citt\u00e0 della Pieve<\/em>.<\/p>\n<p>La sede se encuentra en los almacenes del <strong>Palacio Episcopal<\/strong>, que ha sido profundamente restaurado despu\u00e9s de un largo per\u00edodo de cierre. El museo, organizado en varias salas, es un fant\u00e1stico ejemplo de <strong>arte contempor\u00e1neo , <\/strong>y las obras de Kossuth, tratadas de forma espasm\u00f3dica en detalle, son capaces de transmitir <em>m\u00fasica<\/em>, <em>dinamismo<\/em>, <em>energ\u00eda<\/em> y <em>emoci\u00f3n<\/em> a trav\u00e9s de las artes figurativas.<\/p>\n","protected":false},"excerpt":{"rendered":"<p>El arte siempre es capaz de emocionar a los que saben observar y percibir, y un gran maestro como Wolfgang Alexander Kossuth ha sido capaz de dar a Citt\u00e0 della Pieve, a sus habitantes y a los que ya la han visitado, un gran n\u00famero de obras para admirar y conmoverse. El artista, de origen [&hellip;]<\/p>\n","protected":false},"author":4,"featured_media":0,"parent":34934,"menu_order":12,"comment_status":"closed","ping_status":"closed","template":"","meta":{"om_disable_all_campaigns":false,"_monsterinsights_skip_tracking":false,"_monsterinsights_sitenote_active":false,"_monsterinsights_sitenote_note":"","_monsterinsights_sitenote_category":0},"acf":[],"yoast_head":"<!-- This site is optimized with the Yoast SEO plugin v18.4.1 - https:\/\/yoast.com\/wordpress\/plugins\/seo\/ -->\n<title>Espacio Kossuth - Exploring Umbria<\/title>\n<meta name=\"description\" content=\"El espacio Kossuth es un espacio dedicado al artista y a sus evocadoras obras y fue inaugurado el 30 de mayo de 2015, seis a\u00f1os despu\u00e9s de su muerte.\" \/>\n<meta name=\"robots\" content=\"index, follow, max-snippet:-1, max-image-preview:large, max-video-preview:-1\" \/>\n<link rel=\"canonical\" href=\"https:\/\/www.exploring-umbria.com\/es\/pueblos-en-umbria-muchas-joyas-escondidas\/que-ver-en-citta-della-pieve\/espacio-kossuth\/\" \/>\n<meta property=\"og:locale\" content=\"es_ES\" \/>\n<meta property=\"og:type\" content=\"article\" \/>\n<meta property=\"og:title\" content=\"Espacio Kossuth - Exploring Umbria\" \/>\n<meta property=\"og:description\" content=\"El espacio Kossuth es un espacio dedicado al artista y a sus evocadoras obras y fue inaugurado el 30 de mayo de 2015, seis a\u00f1os despu\u00e9s de su muerte.\" \/>\n<meta property=\"og:url\" content=\"https:\/\/www.exploring-umbria.com\/es\/pueblos-en-umbria-muchas-joyas-escondidas\/que-ver-en-citta-della-pieve\/espacio-kossuth\/\" \/>\n<meta property=\"og:site_name\" content=\"Exploring Umbria\" \/>\n<meta property=\"article:publisher\" content=\"https:\/\/www.facebook.com\/exploringumbria\/\" \/>\n<meta property=\"article:modified_time\" content=\"2020-08-06T11:03:42+00:00\" \/>\n<meta name=\"twitter:card\" content=\"summary_large_image\" \/>\n<meta name=\"twitter:label1\" content=\"Tiempo de lectura\" \/>\n\t<meta name=\"twitter:data1\" content=\"2 minutos\" \/>\n<script type=\"application\/ld+json\" class=\"yoast-schema-graph\">{\"@context\":\"https:\/\/schema.org\",\"@graph\":[{\"@type\":\"Organization\",\"@id\":\"https:\/\/www.exploring-umbria.com\/es\/#organization\",\"name\":\"Exploring Umbria\",\"url\":\"https:\/\/www.exploring-umbria.com\/es\/\",\"sameAs\":[\"https:\/\/www.facebook.com\/exploringumbria\/\",\"https:\/\/www.instagram.com\/exploringumbria\/\"],\"logo\":{\"@type\":\"ImageObject\",\"@id\":\"https:\/\/www.exploring-umbria.com\/es\/#logo\",\"inLanguage\":\"es\",\"url\":\"https:\/\/www.exploring-umbria.com\/wp-content\/uploads\/2019\/08\/solo-logo-verde.jpg\",\"contentUrl\":\"https:\/\/www.exploring-umbria.com\/wp-content\/uploads\/2019\/08\/solo-logo-verde.jpg\",\"width\":952,\"height\":532,\"caption\":\"Exploring Umbria\"},\"image\":{\"@id\":\"https:\/\/www.exploring-umbria.com\/es\/#logo\"}},{\"@type\":\"WebSite\",\"@id\":\"https:\/\/www.exploring-umbria.com\/es\/#website\",\"url\":\"https:\/\/www.exploring-umbria.com\/es\/\",\"name\":\"Exploring Umbria\",\"description\":\"your dates, your mood, your trip\",\"publisher\":{\"@id\":\"https:\/\/www.exploring-umbria.com\/es\/#organization\"},\"potentialAction\":[{\"@type\":\"SearchAction\",\"target\":{\"@type\":\"EntryPoint\",\"urlTemplate\":\"https:\/\/www.exploring-umbria.com\/es\/?s={search_term_string}\"},\"query-input\":\"required name=search_term_string\"}],\"inLanguage\":\"es\"},{\"@type\":\"WebPage\",\"@id\":\"https:\/\/www.exploring-umbria.com\/es\/pueblos-en-umbria-muchas-joyas-escondidas\/que-ver-en-citta-della-pieve\/espacio-kossuth\/#webpage\",\"url\":\"https:\/\/www.exploring-umbria.com\/es\/pueblos-en-umbria-muchas-joyas-escondidas\/que-ver-en-citta-della-pieve\/espacio-kossuth\/\",\"name\":\"Espacio Kossuth - Exploring Umbria\",\"isPartOf\":{\"@id\":\"https:\/\/www.exploring-umbria.com\/es\/#website\"},\"datePublished\":\"2019-05-21T13:26:26+00:00\",\"dateModified\":\"2020-08-06T11:03:42+00:00\",\"description\":\"El espacio Kossuth es un espacio dedicado al artista y a sus evocadoras obras y fue inaugurado el 30 de mayo de 2015, seis a\u00f1os despu\u00e9s de su muerte.\",\"breadcrumb\":{\"@id\":\"https:\/\/www.exploring-umbria.com\/es\/pueblos-en-umbria-muchas-joyas-escondidas\/que-ver-en-citta-della-pieve\/espacio-kossuth\/#breadcrumb\"},\"inLanguage\":\"es\",\"potentialAction\":[{\"@type\":\"ReadAction\",\"target\":[\"https:\/\/www.exploring-umbria.com\/es\/pueblos-en-umbria-muchas-joyas-escondidas\/que-ver-en-citta-della-pieve\/espacio-kossuth\/\"]}]},{\"@type\":\"BreadcrumbList\",\"@id\":\"https:\/\/www.exploring-umbria.com\/es\/pueblos-en-umbria-muchas-joyas-escondidas\/que-ver-en-citta-della-pieve\/espacio-kossuth\/#breadcrumb\",\"itemListElement\":[{\"@type\":\"ListItem\",\"position\":1,\"name\":\"Home\",\"item\":\"https:\/\/www.exploring-umbria.com\/es\/\"},{\"@type\":\"ListItem\",\"position\":2,\"name\":\"Pueblos en Umbr\u00eda: muchas joyas escondidas\",\"item\":\"https:\/\/www.exploring-umbria.com\/es\/pueblos-en-umbria-muchas-joyas-escondidas\/\"},{\"@type\":\"ListItem\",\"position\":3,\"name\":\"Qu\u00e9 ver en Citt\u00e0 della Pieve\",\"item\":\"https:\/\/www.exploring-umbria.com\/es\/pueblos-en-umbria-muchas-joyas-escondidas\/que-ver-en-citta-della-pieve\/\"},{\"@type\":\"ListItem\",\"position\":4,\"name\":\"Espacio Kossuth\"}]}]}<\/script>\n<!-- \/ Yoast SEO plugin. -->","yoast_head_json":{"title":"Espacio Kossuth - Exploring Umbria","description":"El espacio Kossuth es un espacio dedicado al artista y a sus evocadoras obras y fue inaugurado el 30 de mayo de 2015, seis a\u00f1os despu\u00e9s de su muerte.","robots":{"index":"index","follow":"follow","max-snippet":"max-snippet:-1","max-image-preview":"max-image-preview:large","max-video-preview":"max-video-preview:-1"},"canonical":"https:\/\/www.exploring-umbria.com\/es\/pueblos-en-umbria-muchas-joyas-escondidas\/que-ver-en-citta-della-pieve\/espacio-kossuth\/","og_locale":"es_ES","og_type":"article","og_title":"Espacio Kossuth - Exploring Umbria","og_description":"El espacio Kossuth es un espacio dedicado al artista y a sus evocadoras obras y fue inaugurado el 30 de mayo de 2015, seis a\u00f1os despu\u00e9s de su muerte.","og_url":"https:\/\/www.exploring-umbria.com\/es\/pueblos-en-umbria-muchas-joyas-escondidas\/que-ver-en-citta-della-pieve\/espacio-kossuth\/","og_site_name":"Exploring Umbria","article_publisher":"https:\/\/www.facebook.com\/exploringumbria\/","article_modified_time":"2020-08-06T11:03:42+00:00","twitter_card":"summary_large_image","twitter_misc":{"Tiempo de lectura":"2 minutos"},"schema":{"@context":"https:\/\/schema.org","@graph":[{"@type":"Organization","@id":"https:\/\/www.exploring-umbria.com\/es\/#organization","name":"Exploring Umbria","url":"https:\/\/www.exploring-umbria.com\/es\/","sameAs":["https:\/\/www.facebook.com\/exploringumbria\/","https:\/\/www.instagram.com\/exploringumbria\/"],"logo":{"@type":"ImageObject","@id":"https:\/\/www.exploring-umbria.com\/es\/#logo","inLanguage":"es","url":"https:\/\/www.exploring-umbria.com\/wp-content\/uploads\/2019\/08\/solo-logo-verde.jpg","contentUrl":"https:\/\/www.exploring-umbria.com\/wp-content\/uploads\/2019\/08\/solo-logo-verde.jpg","width":952,"height":532,"caption":"Exploring Umbria"},"image":{"@id":"https:\/\/www.exploring-umbria.com\/es\/#logo"}},{"@type":"WebSite","@id":"https:\/\/www.exploring-umbria.com\/es\/#website","url":"https:\/\/www.exploring-umbria.com\/es\/","name":"Exploring Umbria","description":"your dates, your mood, your trip","publisher":{"@id":"https:\/\/www.exploring-umbria.com\/es\/#organization"},"potentialAction":[{"@type":"SearchAction","target":{"@type":"EntryPoint","urlTemplate":"https:\/\/www.exploring-umbria.com\/es\/?s={search_term_string}"},"query-input":"required name=search_term_string"}],"inLanguage":"es"},{"@type":"WebPage","@id":"https:\/\/www.exploring-umbria.com\/es\/pueblos-en-umbria-muchas-joyas-escondidas\/que-ver-en-citta-della-pieve\/espacio-kossuth\/#webpage","url":"https:\/\/www.exploring-umbria.com\/es\/pueblos-en-umbria-muchas-joyas-escondidas\/que-ver-en-citta-della-pieve\/espacio-kossuth\/","name":"Espacio Kossuth - Exploring Umbria","isPartOf":{"@id":"https:\/\/www.exploring-umbria.com\/es\/#website"},"datePublished":"2019-05-21T13:26:26+00:00","dateModified":"2020-08-06T11:03:42+00:00","description":"El espacio Kossuth es un espacio dedicado al artista y a sus evocadoras obras y fue inaugurado el 30 de mayo de 2015, seis a\u00f1os despu\u00e9s de su muerte.","breadcrumb":{"@id":"https:\/\/www.exploring-umbria.com\/es\/pueblos-en-umbria-muchas-joyas-escondidas\/que-ver-en-citta-della-pieve\/espacio-kossuth\/#breadcrumb"},"inLanguage":"es","potentialAction":[{"@type":"ReadAction","target":["https:\/\/www.exploring-umbria.com\/es\/pueblos-en-umbria-muchas-joyas-escondidas\/que-ver-en-citta-della-pieve\/espacio-kossuth\/"]}]},{"@type":"BreadcrumbList","@id":"https:\/\/www.exploring-umbria.com\/es\/pueblos-en-umbria-muchas-joyas-escondidas\/que-ver-en-citta-della-pieve\/espacio-kossuth\/#breadcrumb","itemListElement":[{"@type":"ListItem","position":1,"name":"Home","item":"https:\/\/www.exploring-umbria.com\/es\/"},{"@type":"ListItem","position":2,"name":"Pueblos en Umbr\u00eda: muchas joyas escondidas","item":"https:\/\/www.exploring-umbria.com\/es\/pueblos-en-umbria-muchas-joyas-escondidas\/"},{"@type":"ListItem","position":3,"name":"Qu\u00e9 ver en Citt\u00e0 della Pieve","item":"https:\/\/www.exploring-umbria.com\/es\/pueblos-en-umbria-muchas-joyas-escondidas\/que-ver-en-citta-della-pieve\/"},{"@type":"ListItem","position":4,"name":"Espacio Kossuth"}]}]}},"_links":{"self":[{"href":"https:\/\/www.exploring-umbria.com\/es\/wp-json\/wp\/v2\/pages\/39107"}],"collection":[{"href":"https:\/\/www.exploring-umbria.com\/es\/wp-json\/wp\/v2\/pages"}],"about":[{"href":"https:\/\/www.exploring-umbria.com\/es\/wp-json\/wp\/v2\/types\/page"}],"author":[{"embeddable":true,"href":"https:\/\/www.exploring-umbria.com\/es\/wp-json\/wp\/v2\/users\/4"}],"replies":[{"embeddable":true,"href":"https:\/\/www.exploring-umbria.com\/es\/wp-json\/wp\/v2\/comments?post=39107"}],"version-history":[{"count":4,"href":"https:\/\/www.exploring-umbria.com\/es\/wp-json\/wp\/v2\/pages\/39107\/revisions"}],"predecessor-version":[{"id":39118,"href":"https:\/\/www.exploring-umbria.com\/es\/wp-json\/wp\/v2\/pages\/39107\/revisions\/39118"}],"up":[{"embeddable":true,"href":"https:\/\/www.exploring-umbria.com\/es\/wp-json\/wp\/v2\/pages\/34934"}],"wp:attachment":[{"href":"https:\/\/www.exploring-umbria.com\/es\/wp-json\/wp\/v2\/media?parent=39107"}],"curies":[{"name":"wp","href":"https:\/\/api.w.org\/{rel}","templated":true}]}}