{"id":38437,"date":"2019-03-26T20:27:03","date_gmt":"2019-03-26T19:27:03","guid":{"rendered":"https:\/\/www.exploring-umbria.com\/pueblos-en-umbria-muchas-joyas-escondidas\/cosa-fare-a-bevagna\/"},"modified":"2020-07-24T17:57:13","modified_gmt":"2020-07-24T15:57:13","slug":"que-hacer-en-bevagna","status":"publish","type":"page","link":"https:\/\/www.exploring-umbria.com\/es\/pueblos-en-umbria-muchas-joyas-escondidas\/que-hacer-en-bevagna\/","title":{"rendered":"Qu\u00e9 hacer en Bevagna"},"content":{"rendered":"<p><strong>Descubre qu\u00e9 hacer en Bevagna\u00a0<\/strong><\/p>\n<p>Si eres amante del arte y quieres saber m\u00e1s sobre la historia de Bevagna, puedes ir al centro hist\u00f3rico y visitar el Museo C\u00edvico; puedes admirar numerosos hallazgos arqueol\u00f3gicos que datan de la \u00e9poca prerromana y romana, los preciosos pergaminos medievales y las preciosas pinturas y esculturas que forman parte del patrimonio de la ciudad desde hace miles de a\u00f1os.<\/p>\n<p>Si eres m\u00e1s aventurero y amante de la naturaleza, te recomendamos el <a href=\"https:\/\/www.exploring-umbria.com\/es\/actividades\/biking-on-the-plains-of-bevagna\/\" target=\"_blank\" rel=\"noopener noreferrer\"><strong>ciclismo<\/strong> de monta\u00f1a<\/a> <strong>por los numerosos <a href=\"https:\/\/www.exploring-umbria.com\/de\/aktivitaten\/trekking-around-bevagna\/\" target=\"_blank\" rel=\"noopener noreferrer\">senderos y caminos<\/a> de monta\u00f1a, colinas y llanuras, aptos para principiantes y expertos, as\u00ed como las excursiones a caballo<\/strong>, donde podr\u00e1s explorar territorios poco conocidos y sorprenderte por la belleza y variedad del territorio.<\/p>\n<p>A aquellos a quien no les gustan las bicicletas pero quieren pasar parte de su tiempo inmersos en vistas espectaculares, os recomendamos hacer <strong>trekking<\/strong> en las muchas rutas, o sencillos y regeneradores paseos al aire libre, como la visita al <strong>Santuario <\/strong><strong>de Nuestra Se\u00f1ora de las Gracias<\/strong>, ubicado en el cerro <em>Colpulito<\/em>, el cual est\u00e1 rodeado de hermosos olivares y vi\u00f1edos. Su posici\u00f3n elevada permite admirar <a href=\"https:\/\/es.wikipedia.org\/wiki\/Valle_Umbra\" target=\"_blank\" rel=\"noopener noreferrer\">el valle de Umbr\u00eda<\/a> en todo su esplendor natural y ofrece preciosos momentos de tranquilidad. Siguiendo el itinerario, tambi\u00e9n se puede visitar el <strong>Santuario de la Virgen del Valle <\/strong><strong>y llegar al Castillo de Torre del Colle<\/strong><strong>, un <\/strong><strong>evocador asentamiento de or\u00edgenes remotos. <\/strong><\/p>\n<p>Tambi\u00e9n es interesante pasear a lo largo del per\u00edmetro de las murallas de la ciudad, que tienen una longitud total de unos 1700 metros. Bevagna todav\u00eda conserva intactas las murallas romanas y medievales, e incluso las puertas de la ciudad est\u00e1n bien conservadas. Tambi\u00e9n se pueden realizar otras actividades como <strong>tiro con arco<\/strong>,\u00a0 <strong>pirag\u00fcismo<\/strong>, <strong>pesca <\/strong>y <strong>nadar en piscina<\/strong>.<\/p>\n","protected":false},"excerpt":{"rendered":"<p>Descubre qu\u00e9 hacer en Bevagna\u00a0 Si eres amante del arte y quieres saber m\u00e1s sobre la historia de Bevagna, puedes ir al centro hist\u00f3rico y visitar el Museo C\u00edvico; puedes admirar numerosos hallazgos arqueol\u00f3gicos que datan de la \u00e9poca prerromana y romana, los preciosos pergaminos medievales y las preciosas pinturas y esculturas que forman parte [&hellip;]<\/p>\n","protected":false},"author":4,"featured_media":13086,"parent":3272,"menu_order":0,"comment_status":"closed","ping_status":"closed","template":"","meta":{"om_disable_all_campaigns":false,"_monsterinsights_skip_tracking":false,"_monsterinsights_sitenote_active":false,"_monsterinsights_sitenote_note":"","_monsterinsights_sitenote_category":0},"acf":[],"yoast_head":"<!-- This site is optimized with the Yoast SEO plugin v18.4.1 - https:\/\/yoast.com\/wordpress\/plugins\/seo\/ -->\n<title>Qu\u00e9 hacer en Bevagna - Exploring Umbria<\/title>\n<meta name=\"description\" content=\"Descubre qu\u00e9 hacer en Bevagna\u00a0 Si eres amante del arte y quieres saber m\u00e1s sobre la historia de Bevagna, puedes ir al centro hist\u00f3rico y visitar el Museo\" \/>\n<meta name=\"robots\" content=\"index, follow, max-snippet:-1, max-image-preview:large, max-video-preview:-1\" \/>\n<link rel=\"canonical\" href=\"https:\/\/www.exploring-umbria.com\/es\/pueblos-en-umbria-muchas-joyas-escondidas\/que-hacer-en-bevagna\/\" \/>\n<meta property=\"og:locale\" content=\"es_ES\" \/>\n<meta property=\"og:type\" content=\"article\" \/>\n<meta property=\"og:title\" content=\"Qu\u00e9 hacer en Bevagna - Exploring Umbria\" \/>\n<meta property=\"og:description\" content=\"Descubre qu\u00e9 hacer en Bevagna\u00a0 Si eres amante del arte y quieres saber m\u00e1s sobre la historia de Bevagna, puedes ir al centro hist\u00f3rico y visitar el Museo\" \/>\n<meta property=\"og:url\" content=\"https:\/\/www.exploring-umbria.com\/es\/pueblos-en-umbria-muchas-joyas-escondidas\/que-hacer-en-bevagna\/\" \/>\n<meta property=\"og:site_name\" content=\"Exploring Umbria\" \/>\n<meta property=\"article:publisher\" content=\"https:\/\/www.facebook.com\/exploringumbria\/\" \/>\n<meta property=\"article:modified_time\" content=\"2020-07-24T15:57:13+00:00\" \/>\n<meta property=\"og:image\" content=\"https:\/\/www.exploring-umbria.com\/wp-content\/uploads\/2019\/06\/DA-DI-FILIPPO-PAESAGGIO-BEVAGNA-VERDE-COLLI.jpg\" \/>\n\t<meta property=\"og:image:width\" content=\"1800\" \/>\n\t<meta property=\"og:image:height\" content=\"1350\" \/>\n\t<meta property=\"og:image:type\" content=\"image\/jpeg\" \/>\n<meta name=\"twitter:card\" content=\"summary_large_image\" \/>\n<meta name=\"twitter:label1\" content=\"Tiempo de lectura\" \/>\n\t<meta name=\"twitter:data1\" content=\"2 minutos\" \/>\n<script type=\"application\/ld+json\" class=\"yoast-schema-graph\">{\"@context\":\"https:\/\/schema.org\",\"@graph\":[{\"@type\":\"Organization\",\"@id\":\"https:\/\/www.exploring-umbria.com\/es\/#organization\",\"name\":\"Exploring Umbria\",\"url\":\"https:\/\/www.exploring-umbria.com\/es\/\",\"sameAs\":[\"https:\/\/www.facebook.com\/exploringumbria\/\",\"https:\/\/www.instagram.com\/exploringumbria\/\"],\"logo\":{\"@type\":\"ImageObject\",\"@id\":\"https:\/\/www.exploring-umbria.com\/es\/#logo\",\"inLanguage\":\"es\",\"url\":\"https:\/\/www.exploring-umbria.com\/wp-content\/uploads\/2019\/08\/solo-logo-verde.jpg\",\"contentUrl\":\"https:\/\/www.exploring-umbria.com\/wp-content\/uploads\/2019\/08\/solo-logo-verde.jpg\",\"width\":952,\"height\":532,\"caption\":\"Exploring Umbria\"},\"image\":{\"@id\":\"https:\/\/www.exploring-umbria.com\/es\/#logo\"}},{\"@type\":\"WebSite\",\"@id\":\"https:\/\/www.exploring-umbria.com\/es\/#website\",\"url\":\"https:\/\/www.exploring-umbria.com\/es\/\",\"name\":\"Exploring Umbria\",\"description\":\"your dates, your mood, your trip\",\"publisher\":{\"@id\":\"https:\/\/www.exploring-umbria.com\/es\/#organization\"},\"potentialAction\":[{\"@type\":\"SearchAction\",\"target\":{\"@type\":\"EntryPoint\",\"urlTemplate\":\"https:\/\/www.exploring-umbria.com\/es\/?s={search_term_string}\"},\"query-input\":\"required name=search_term_string\"}],\"inLanguage\":\"es\"},{\"@type\":\"ImageObject\",\"@id\":\"https:\/\/www.exploring-umbria.com\/es\/pueblos-en-umbria-muchas-joyas-escondidas\/que-hacer-en-bevagna\/#primaryimage\",\"inLanguage\":\"es\",\"url\":\"https:\/\/www.exploring-umbria.com\/wp-content\/uploads\/2019\/06\/DA-DI-FILIPPO-PAESAGGIO-BEVAGNA-VERDE-COLLI.jpg\",\"contentUrl\":\"https:\/\/www.exploring-umbria.com\/wp-content\/uploads\/2019\/06\/DA-DI-FILIPPO-PAESAGGIO-BEVAGNA-VERDE-COLLI.jpg\",\"width\":1800,\"height\":1350,\"caption\":\"cosa fare a bevagna\"},{\"@type\":\"WebPage\",\"@id\":\"https:\/\/www.exploring-umbria.com\/es\/pueblos-en-umbria-muchas-joyas-escondidas\/que-hacer-en-bevagna\/#webpage\",\"url\":\"https:\/\/www.exploring-umbria.com\/es\/pueblos-en-umbria-muchas-joyas-escondidas\/que-hacer-en-bevagna\/\",\"name\":\"Qu\u00e9 hacer en Bevagna - Exploring Umbria\",\"isPartOf\":{\"@id\":\"https:\/\/www.exploring-umbria.com\/es\/#website\"},\"primaryImageOfPage\":{\"@id\":\"https:\/\/www.exploring-umbria.com\/es\/pueblos-en-umbria-muchas-joyas-escondidas\/que-hacer-en-bevagna\/#primaryimage\"},\"datePublished\":\"2019-03-26T19:27:03+00:00\",\"dateModified\":\"2020-07-24T15:57:13+00:00\",\"description\":\"Descubre qu\u00e9 hacer en Bevagna\u00a0 Si eres amante del arte y quieres saber m\u00e1s sobre la historia de Bevagna, puedes ir al centro hist\u00f3rico y visitar el Museo\",\"breadcrumb\":{\"@id\":\"https:\/\/www.exploring-umbria.com\/es\/pueblos-en-umbria-muchas-joyas-escondidas\/que-hacer-en-bevagna\/#breadcrumb\"},\"inLanguage\":\"es\",\"potentialAction\":[{\"@type\":\"ReadAction\",\"target\":[\"https:\/\/www.exploring-umbria.com\/es\/pueblos-en-umbria-muchas-joyas-escondidas\/que-hacer-en-bevagna\/\"]}]},{\"@type\":\"BreadcrumbList\",\"@id\":\"https:\/\/www.exploring-umbria.com\/es\/pueblos-en-umbria-muchas-joyas-escondidas\/que-hacer-en-bevagna\/#breadcrumb\",\"itemListElement\":[{\"@type\":\"ListItem\",\"position\":1,\"name\":\"Home\",\"item\":\"https:\/\/www.exploring-umbria.com\/es\/\"},{\"@type\":\"ListItem\",\"position\":2,\"name\":\"Pueblos en Umbr\u00eda: muchas joyas escondidas\",\"item\":\"https:\/\/www.exploring-umbria.com\/es\/pueblos-en-umbria-muchas-joyas-escondidas\/\"},{\"@type\":\"ListItem\",\"position\":3,\"name\":\"Qu\u00e9 hacer en Bevagna\"}]}]}<\/script>\n<!-- \/ Yoast SEO plugin. -->","yoast_head_json":{"title":"Qu\u00e9 hacer en Bevagna - Exploring Umbria","description":"Descubre qu\u00e9 hacer en Bevagna\u00a0 Si eres amante del arte y quieres saber m\u00e1s sobre la historia de Bevagna, puedes ir al centro hist\u00f3rico y visitar el Museo","robots":{"index":"index","follow":"follow","max-snippet":"max-snippet:-1","max-image-preview":"max-image-preview:large","max-video-preview":"max-video-preview:-1"},"canonical":"https:\/\/www.exploring-umbria.com\/es\/pueblos-en-umbria-muchas-joyas-escondidas\/que-hacer-en-bevagna\/","og_locale":"es_ES","og_type":"article","og_title":"Qu\u00e9 hacer en Bevagna - Exploring Umbria","og_description":"Descubre qu\u00e9 hacer en Bevagna\u00a0 Si eres amante del arte y quieres saber m\u00e1s sobre la historia de Bevagna, puedes ir al centro hist\u00f3rico y visitar el Museo","og_url":"https:\/\/www.exploring-umbria.com\/es\/pueblos-en-umbria-muchas-joyas-escondidas\/que-hacer-en-bevagna\/","og_site_name":"Exploring Umbria","article_publisher":"https:\/\/www.facebook.com\/exploringumbria\/","article_modified_time":"2020-07-24T15:57:13+00:00","og_image":[{"width":1800,"height":1350,"url":"https:\/\/www.exploring-umbria.com\/wp-content\/uploads\/2019\/06\/DA-DI-FILIPPO-PAESAGGIO-BEVAGNA-VERDE-COLLI.jpg","type":"image\/jpeg"}],"twitter_card":"summary_large_image","twitter_misc":{"Tiempo de lectura":"2 minutos"},"schema":{"@context":"https:\/\/schema.org","@graph":[{"@type":"Organization","@id":"https:\/\/www.exploring-umbria.com\/es\/#organization","name":"Exploring Umbria","url":"https:\/\/www.exploring-umbria.com\/es\/","sameAs":["https:\/\/www.facebook.com\/exploringumbria\/","https:\/\/www.instagram.com\/exploringumbria\/"],"logo":{"@type":"ImageObject","@id":"https:\/\/www.exploring-umbria.com\/es\/#logo","inLanguage":"es","url":"https:\/\/www.exploring-umbria.com\/wp-content\/uploads\/2019\/08\/solo-logo-verde.jpg","contentUrl":"https:\/\/www.exploring-umbria.com\/wp-content\/uploads\/2019\/08\/solo-logo-verde.jpg","width":952,"height":532,"caption":"Exploring Umbria"},"image":{"@id":"https:\/\/www.exploring-umbria.com\/es\/#logo"}},{"@type":"WebSite","@id":"https:\/\/www.exploring-umbria.com\/es\/#website","url":"https:\/\/www.exploring-umbria.com\/es\/","name":"Exploring Umbria","description":"your dates, your mood, your trip","publisher":{"@id":"https:\/\/www.exploring-umbria.com\/es\/#organization"},"potentialAction":[{"@type":"SearchAction","target":{"@type":"EntryPoint","urlTemplate":"https:\/\/www.exploring-umbria.com\/es\/?s={search_term_string}"},"query-input":"required name=search_term_string"}],"inLanguage":"es"},{"@type":"ImageObject","@id":"https:\/\/www.exploring-umbria.com\/es\/pueblos-en-umbria-muchas-joyas-escondidas\/que-hacer-en-bevagna\/#primaryimage","inLanguage":"es","url":"https:\/\/www.exploring-umbria.com\/wp-content\/uploads\/2019\/06\/DA-DI-FILIPPO-PAESAGGIO-BEVAGNA-VERDE-COLLI.jpg","contentUrl":"https:\/\/www.exploring-umbria.com\/wp-content\/uploads\/2019\/06\/DA-DI-FILIPPO-PAESAGGIO-BEVAGNA-VERDE-COLLI.jpg","width":1800,"height":1350,"caption":"cosa fare a bevagna"},{"@type":"WebPage","@id":"https:\/\/www.exploring-umbria.com\/es\/pueblos-en-umbria-muchas-joyas-escondidas\/que-hacer-en-bevagna\/#webpage","url":"https:\/\/www.exploring-umbria.com\/es\/pueblos-en-umbria-muchas-joyas-escondidas\/que-hacer-en-bevagna\/","name":"Qu\u00e9 hacer en Bevagna - Exploring Umbria","isPartOf":{"@id":"https:\/\/www.exploring-umbria.com\/es\/#website"},"primaryImageOfPage":{"@id":"https:\/\/www.exploring-umbria.com\/es\/pueblos-en-umbria-muchas-joyas-escondidas\/que-hacer-en-bevagna\/#primaryimage"},"datePublished":"2019-03-26T19:27:03+00:00","dateModified":"2020-07-24T15:57:13+00:00","description":"Descubre qu\u00e9 hacer en Bevagna\u00a0 Si eres amante del arte y quieres saber m\u00e1s sobre la historia de Bevagna, puedes ir al centro hist\u00f3rico y visitar el Museo","breadcrumb":{"@id":"https:\/\/www.exploring-umbria.com\/es\/pueblos-en-umbria-muchas-joyas-escondidas\/que-hacer-en-bevagna\/#breadcrumb"},"inLanguage":"es","potentialAction":[{"@type":"ReadAction","target":["https:\/\/www.exploring-umbria.com\/es\/pueblos-en-umbria-muchas-joyas-escondidas\/que-hacer-en-bevagna\/"]}]},{"@type":"BreadcrumbList","@id":"https:\/\/www.exploring-umbria.com\/es\/pueblos-en-umbria-muchas-joyas-escondidas\/que-hacer-en-bevagna\/#breadcrumb","itemListElement":[{"@type":"ListItem","position":1,"name":"Home","item":"https:\/\/www.exploring-umbria.com\/es\/"},{"@type":"ListItem","position":2,"name":"Pueblos en Umbr\u00eda: muchas joyas escondidas","item":"https:\/\/www.exploring-umbria.com\/es\/pueblos-en-umbria-muchas-joyas-escondidas\/"},{"@type":"ListItem","position":3,"name":"Qu\u00e9 hacer en Bevagna"}]}]}},"_links":{"self":[{"href":"https:\/\/www.exploring-umbria.com\/es\/wp-json\/wp\/v2\/pages\/38437"}],"collection":[{"href":"https:\/\/www.exploring-umbria.com\/es\/wp-json\/wp\/v2\/pages"}],"about":[{"href":"https:\/\/www.exploring-umbria.com\/es\/wp-json\/wp\/v2\/types\/page"}],"author":[{"embeddable":true,"href":"https:\/\/www.exploring-umbria.com\/es\/wp-json\/wp\/v2\/users\/4"}],"replies":[{"embeddable":true,"href":"https:\/\/www.exploring-umbria.com\/es\/wp-json\/wp\/v2\/comments?post=38437"}],"version-history":[{"count":2,"href":"https:\/\/www.exploring-umbria.com\/es\/wp-json\/wp\/v2\/pages\/38437\/revisions"}],"predecessor-version":[{"id":38441,"href":"https:\/\/www.exploring-umbria.com\/es\/wp-json\/wp\/v2\/pages\/38437\/revisions\/38441"}],"up":[{"embeddable":true,"href":"https:\/\/www.exploring-umbria.com\/es\/wp-json\/wp\/v2\/pages\/3272"}],"wp:featuredmedia":[{"embeddable":true,"href":"https:\/\/www.exploring-umbria.com\/es\/wp-json\/wp\/v2\/media\/13086"}],"wp:attachment":[{"href":"https:\/\/www.exploring-umbria.com\/es\/wp-json\/wp\/v2\/media?parent=38437"}],"curies":[{"name":"wp","href":"https:\/\/api.w.org\/{rel}","templated":true}]}}