{"id":38431,"date":"2019-03-26T20:28:15","date_gmt":"2019-03-26T19:28:15","guid":{"rendered":"https:\/\/www.exploring-umbria.com\/pueblos-en-umbria-muchas-joyas-escondidas\/cosa-vedere-a-bevagna\/"},"modified":"2020-07-24T17:41:44","modified_gmt":"2020-07-24T15:41:44","slug":"que-ver-en-bevagna","status":"publish","type":"page","link":"https:\/\/www.exploring-umbria.com\/es\/pueblos-en-umbria-muchas-joyas-escondidas\/que-ver-en-bevagna\/","title":{"rendered":"Qu\u00e9 ver en Bevagna"},"content":{"rendered":"<p><strong>Descubre qu\u00e9 ver en Bevagna\u00a0<\/strong><\/p>\n<p>Si deseas <a href=\"https:\/\/www.exploring-umbria.com\/es\/actividades\/guided-tour-of-bevagna\/\" target=\"_blank\" rel=\"noopener noreferrer\">visitar<\/a> el coraz\u00f3n del pueblo para saborear la esencia de su car\u00e1cter medieval, es imprescindible dar un paseo por el centro hist\u00f3rico, que encontrar\u00e1 su punto \u00e1lgido\u00a0 una vez que llegues a la <strong>Plaza Silvestri<\/strong>. Es considerada la plaza m\u00e1s importante de Bevagna y tambi\u00e9n una de las m\u00e1s caracter\u00edsticas de toda Umbr\u00eda. Algunos de los monumentos m\u00e1s significativos que encontrar\u00e1s son el <strong>Palacio de los C\u00f3nsules<\/strong>, la sugestiva <strong>Iglesia de S. Silvestre<\/strong>, la majestuosa <strong>Iglesia de S. Miguel Arc\u00e1ngel<\/strong> con su imponente campanario y la <strong>Iglesia de S. Domingo y Jacobo<\/strong>. La palabra clave para admirar la belleza de este lugar es perspectiva; de hecho, los edificios no siguen ni simetr\u00edas ni disposici\u00f3n frontal, sino que a trav\u00e9s de las diferentes perspectivas se puede disfrutar de la armon\u00eda irregular. Otra joya escondida de la ciudad que ser\u00eda una pena no visitar es el peque\u00f1o, pero muy bonito <strong>Teatro Francesco Torti<\/strong>, situado desde 1886 en el interior del Palacio de los C\u00f3nsules, tambi\u00e9n en la Plaza Silvestri. En el interior tambi\u00e9n se pueden admirar los hermosos frescos de <em>Piervittori<\/em> y <a href=\"https:\/\/en.wikipedia.org\/wiki\/Domenico_Bruschi\" target=\"_blank\" rel=\"noopener noreferrer\"><em>Bruschi<\/em><\/a>.<\/p>\n<p>En Bevagna tambi\u00e9n se puede visitar un lugar muy interesante que saca a la luz un antiguo arte medieval que permaneci\u00f3 olvidado durante siglos, es la f\u00e1brica de papel<strong> \u00abValcheria\u00bb<\/strong>. En este laboratorio, el papel \u00abbambagina\u00bb se sigue creando seg\u00fan los antiguos procedimientos de maceraci\u00f3n de harapos o trapos de diferentes materiales, como algod\u00f3n, lino y c\u00e1\u00f1amo, en cal.<\/p>\n<p>Para los m\u00e1s devotos, y para todos aquellos que quisieran ver la piedra sobre la que San Francisco puso sus pies durante su serm\u00f3n a los P\u00e1jaros en Pian d&#8217;Arca, recomendamos una visita a la Iglesia de San Francisco, situada en la parte m\u00e1s alta de Bevagna. La visita del <strong>Complejo Termal Romano<\/strong> y del <strong>Suelo<\/strong> <strong>de <\/strong>mosaico<strong>,<\/strong> bien conservado, tambi\u00e9n es interesante.<\/p>\n","protected":false},"excerpt":{"rendered":"<p>Descubre qu\u00e9 ver en Bevagna\u00a0 Si deseas visitar el coraz\u00f3n del pueblo para saborear la esencia de su car\u00e1cter medieval, es imprescindible dar un paseo por el centro hist\u00f3rico, que encontrar\u00e1 su punto \u00e1lgido\u00a0 una vez que llegues a la Plaza Silvestri. Es considerada la plaza m\u00e1s importante de Bevagna y tambi\u00e9n una de las [&hellip;]<\/p>\n","protected":false},"author":4,"featured_media":5986,"parent":3272,"menu_order":0,"comment_status":"closed","ping_status":"closed","template":"","meta":{"om_disable_all_campaigns":false,"_monsterinsights_skip_tracking":false,"_monsterinsights_sitenote_active":false,"_monsterinsights_sitenote_note":"","_monsterinsights_sitenote_category":0},"acf":[],"yoast_head":"<!-- This site is optimized with the Yoast SEO plugin v18.4.1 - https:\/\/yoast.com\/wordpress\/plugins\/seo\/ -->\n<title>Qu\u00e9 ver en Bevagna - Exploring Umbria<\/title>\n<meta name=\"description\" content=\"Descubre qu\u00e9 ver en Bevagna\u00a0 Si deseas visitar el coraz\u00f3n del pueblo para saborear la esencia de su car\u00e1cter medieval, es imprescindible dar un paseo por\" \/>\n<meta name=\"robots\" content=\"index, follow, max-snippet:-1, max-image-preview:large, max-video-preview:-1\" \/>\n<link rel=\"canonical\" href=\"https:\/\/www.exploring-umbria.com\/es\/pueblos-en-umbria-muchas-joyas-escondidas\/que-ver-en-bevagna\/\" \/>\n<meta property=\"og:locale\" content=\"es_ES\" \/>\n<meta property=\"og:type\" content=\"article\" \/>\n<meta property=\"og:title\" content=\"Qu\u00e9 ver en Bevagna - Exploring Umbria\" \/>\n<meta property=\"og:description\" content=\"Descubre qu\u00e9 ver en Bevagna\u00a0 Si deseas visitar el coraz\u00f3n del pueblo para saborear la esencia de su car\u00e1cter medieval, es imprescindible dar un paseo por\" \/>\n<meta property=\"og:url\" content=\"https:\/\/www.exploring-umbria.com\/es\/pueblos-en-umbria-muchas-joyas-escondidas\/que-ver-en-bevagna\/\" \/>\n<meta property=\"og:site_name\" content=\"Exploring Umbria\" \/>\n<meta property=\"article:publisher\" content=\"https:\/\/www.facebook.com\/exploringumbria\/\" \/>\n<meta property=\"article:modified_time\" content=\"2020-07-24T15:41:44+00:00\" \/>\n<meta property=\"og:image\" content=\"https:\/\/www.exploring-umbria.com\/wp-content\/uploads\/2019\/05\/BEVAGNA-LAVATOIO-org.jpg\" \/>\n\t<meta property=\"og:image:width\" content=\"1284\" \/>\n\t<meta property=\"og:image:height\" content=\"1800\" \/>\n\t<meta property=\"og:image:type\" content=\"image\/jpeg\" \/>\n<meta name=\"twitter:card\" content=\"summary_large_image\" \/>\n<meta name=\"twitter:label1\" content=\"Tiempo de lectura\" \/>\n\t<meta name=\"twitter:data1\" content=\"2 minutos\" \/>\n<script type=\"application\/ld+json\" class=\"yoast-schema-graph\">{\"@context\":\"https:\/\/schema.org\",\"@graph\":[{\"@type\":\"Organization\",\"@id\":\"https:\/\/www.exploring-umbria.com\/es\/#organization\",\"name\":\"Exploring Umbria\",\"url\":\"https:\/\/www.exploring-umbria.com\/es\/\",\"sameAs\":[\"https:\/\/www.facebook.com\/exploringumbria\/\",\"https:\/\/www.instagram.com\/exploringumbria\/\"],\"logo\":{\"@type\":\"ImageObject\",\"@id\":\"https:\/\/www.exploring-umbria.com\/es\/#logo\",\"inLanguage\":\"es\",\"url\":\"https:\/\/www.exploring-umbria.com\/wp-content\/uploads\/2019\/08\/solo-logo-verde.jpg\",\"contentUrl\":\"https:\/\/www.exploring-umbria.com\/wp-content\/uploads\/2019\/08\/solo-logo-verde.jpg\",\"width\":952,\"height\":532,\"caption\":\"Exploring Umbria\"},\"image\":{\"@id\":\"https:\/\/www.exploring-umbria.com\/es\/#logo\"}},{\"@type\":\"WebSite\",\"@id\":\"https:\/\/www.exploring-umbria.com\/es\/#website\",\"url\":\"https:\/\/www.exploring-umbria.com\/es\/\",\"name\":\"Exploring Umbria\",\"description\":\"your dates, your mood, your trip\",\"publisher\":{\"@id\":\"https:\/\/www.exploring-umbria.com\/es\/#organization\"},\"potentialAction\":[{\"@type\":\"SearchAction\",\"target\":{\"@type\":\"EntryPoint\",\"urlTemplate\":\"https:\/\/www.exploring-umbria.com\/es\/?s={search_term_string}\"},\"query-input\":\"required name=search_term_string\"}],\"inLanguage\":\"es\"},{\"@type\":\"ImageObject\",\"@id\":\"https:\/\/www.exploring-umbria.com\/es\/pueblos-en-umbria-muchas-joyas-escondidas\/que-ver-en-bevagna\/#primaryimage\",\"inLanguage\":\"es\",\"url\":\"https:\/\/www.exploring-umbria.com\/wp-content\/uploads\/2019\/05\/BEVAGNA-LAVATOIO-org.jpg\",\"contentUrl\":\"https:\/\/www.exploring-umbria.com\/wp-content\/uploads\/2019\/05\/BEVAGNA-LAVATOIO-org.jpg\",\"width\":1284,\"height\":1800,\"caption\":\"Scopri cosa vedere tra le meraviglie di Bevagna\"},{\"@type\":\"WebPage\",\"@id\":\"https:\/\/www.exploring-umbria.com\/es\/pueblos-en-umbria-muchas-joyas-escondidas\/que-ver-en-bevagna\/#webpage\",\"url\":\"https:\/\/www.exploring-umbria.com\/es\/pueblos-en-umbria-muchas-joyas-escondidas\/que-ver-en-bevagna\/\",\"name\":\"Qu\u00e9 ver en Bevagna - Exploring Umbria\",\"isPartOf\":{\"@id\":\"https:\/\/www.exploring-umbria.com\/es\/#website\"},\"primaryImageOfPage\":{\"@id\":\"https:\/\/www.exploring-umbria.com\/es\/pueblos-en-umbria-muchas-joyas-escondidas\/que-ver-en-bevagna\/#primaryimage\"},\"datePublished\":\"2019-03-26T19:28:15+00:00\",\"dateModified\":\"2020-07-24T15:41:44+00:00\",\"description\":\"Descubre qu\u00e9 ver en Bevagna\u00a0 Si deseas visitar el coraz\u00f3n del pueblo para saborear la esencia de su car\u00e1cter medieval, es imprescindible dar un paseo por\",\"breadcrumb\":{\"@id\":\"https:\/\/www.exploring-umbria.com\/es\/pueblos-en-umbria-muchas-joyas-escondidas\/que-ver-en-bevagna\/#breadcrumb\"},\"inLanguage\":\"es\",\"potentialAction\":[{\"@type\":\"ReadAction\",\"target\":[\"https:\/\/www.exploring-umbria.com\/es\/pueblos-en-umbria-muchas-joyas-escondidas\/que-ver-en-bevagna\/\"]}]},{\"@type\":\"BreadcrumbList\",\"@id\":\"https:\/\/www.exploring-umbria.com\/es\/pueblos-en-umbria-muchas-joyas-escondidas\/que-ver-en-bevagna\/#breadcrumb\",\"itemListElement\":[{\"@type\":\"ListItem\",\"position\":1,\"name\":\"Home\",\"item\":\"https:\/\/www.exploring-umbria.com\/es\/\"},{\"@type\":\"ListItem\",\"position\":2,\"name\":\"Pueblos en Umbr\u00eda: muchas joyas escondidas\",\"item\":\"https:\/\/www.exploring-umbria.com\/es\/pueblos-en-umbria-muchas-joyas-escondidas\/\"},{\"@type\":\"ListItem\",\"position\":3,\"name\":\"Qu\u00e9 ver en Bevagna\"}]}]}<\/script>\n<!-- \/ Yoast SEO plugin. -->","yoast_head_json":{"title":"Qu\u00e9 ver en Bevagna - Exploring Umbria","description":"Descubre qu\u00e9 ver en Bevagna\u00a0 Si deseas visitar el coraz\u00f3n del pueblo para saborear la esencia de su car\u00e1cter medieval, es imprescindible dar un paseo por","robots":{"index":"index","follow":"follow","max-snippet":"max-snippet:-1","max-image-preview":"max-image-preview:large","max-video-preview":"max-video-preview:-1"},"canonical":"https:\/\/www.exploring-umbria.com\/es\/pueblos-en-umbria-muchas-joyas-escondidas\/que-ver-en-bevagna\/","og_locale":"es_ES","og_type":"article","og_title":"Qu\u00e9 ver en Bevagna - Exploring Umbria","og_description":"Descubre qu\u00e9 ver en Bevagna\u00a0 Si deseas visitar el coraz\u00f3n del pueblo para saborear la esencia de su car\u00e1cter medieval, es imprescindible dar un paseo por","og_url":"https:\/\/www.exploring-umbria.com\/es\/pueblos-en-umbria-muchas-joyas-escondidas\/que-ver-en-bevagna\/","og_site_name":"Exploring Umbria","article_publisher":"https:\/\/www.facebook.com\/exploringumbria\/","article_modified_time":"2020-07-24T15:41:44+00:00","og_image":[{"width":1284,"height":1800,"url":"https:\/\/www.exploring-umbria.com\/wp-content\/uploads\/2019\/05\/BEVAGNA-LAVATOIO-org.jpg","type":"image\/jpeg"}],"twitter_card":"summary_large_image","twitter_misc":{"Tiempo de lectura":"2 minutos"},"schema":{"@context":"https:\/\/schema.org","@graph":[{"@type":"Organization","@id":"https:\/\/www.exploring-umbria.com\/es\/#organization","name":"Exploring Umbria","url":"https:\/\/www.exploring-umbria.com\/es\/","sameAs":["https:\/\/www.facebook.com\/exploringumbria\/","https:\/\/www.instagram.com\/exploringumbria\/"],"logo":{"@type":"ImageObject","@id":"https:\/\/www.exploring-umbria.com\/es\/#logo","inLanguage":"es","url":"https:\/\/www.exploring-umbria.com\/wp-content\/uploads\/2019\/08\/solo-logo-verde.jpg","contentUrl":"https:\/\/www.exploring-umbria.com\/wp-content\/uploads\/2019\/08\/solo-logo-verde.jpg","width":952,"height":532,"caption":"Exploring Umbria"},"image":{"@id":"https:\/\/www.exploring-umbria.com\/es\/#logo"}},{"@type":"WebSite","@id":"https:\/\/www.exploring-umbria.com\/es\/#website","url":"https:\/\/www.exploring-umbria.com\/es\/","name":"Exploring Umbria","description":"your dates, your mood, your trip","publisher":{"@id":"https:\/\/www.exploring-umbria.com\/es\/#organization"},"potentialAction":[{"@type":"SearchAction","target":{"@type":"EntryPoint","urlTemplate":"https:\/\/www.exploring-umbria.com\/es\/?s={search_term_string}"},"query-input":"required name=search_term_string"}],"inLanguage":"es"},{"@type":"ImageObject","@id":"https:\/\/www.exploring-umbria.com\/es\/pueblos-en-umbria-muchas-joyas-escondidas\/que-ver-en-bevagna\/#primaryimage","inLanguage":"es","url":"https:\/\/www.exploring-umbria.com\/wp-content\/uploads\/2019\/05\/BEVAGNA-LAVATOIO-org.jpg","contentUrl":"https:\/\/www.exploring-umbria.com\/wp-content\/uploads\/2019\/05\/BEVAGNA-LAVATOIO-org.jpg","width":1284,"height":1800,"caption":"Scopri cosa vedere tra le meraviglie di Bevagna"},{"@type":"WebPage","@id":"https:\/\/www.exploring-umbria.com\/es\/pueblos-en-umbria-muchas-joyas-escondidas\/que-ver-en-bevagna\/#webpage","url":"https:\/\/www.exploring-umbria.com\/es\/pueblos-en-umbria-muchas-joyas-escondidas\/que-ver-en-bevagna\/","name":"Qu\u00e9 ver en Bevagna - Exploring Umbria","isPartOf":{"@id":"https:\/\/www.exploring-umbria.com\/es\/#website"},"primaryImageOfPage":{"@id":"https:\/\/www.exploring-umbria.com\/es\/pueblos-en-umbria-muchas-joyas-escondidas\/que-ver-en-bevagna\/#primaryimage"},"datePublished":"2019-03-26T19:28:15+00:00","dateModified":"2020-07-24T15:41:44+00:00","description":"Descubre qu\u00e9 ver en Bevagna\u00a0 Si deseas visitar el coraz\u00f3n del pueblo para saborear la esencia de su car\u00e1cter medieval, es imprescindible dar un paseo por","breadcrumb":{"@id":"https:\/\/www.exploring-umbria.com\/es\/pueblos-en-umbria-muchas-joyas-escondidas\/que-ver-en-bevagna\/#breadcrumb"},"inLanguage":"es","potentialAction":[{"@type":"ReadAction","target":["https:\/\/www.exploring-umbria.com\/es\/pueblos-en-umbria-muchas-joyas-escondidas\/que-ver-en-bevagna\/"]}]},{"@type":"BreadcrumbList","@id":"https:\/\/www.exploring-umbria.com\/es\/pueblos-en-umbria-muchas-joyas-escondidas\/que-ver-en-bevagna\/#breadcrumb","itemListElement":[{"@type":"ListItem","position":1,"name":"Home","item":"https:\/\/www.exploring-umbria.com\/es\/"},{"@type":"ListItem","position":2,"name":"Pueblos en Umbr\u00eda: muchas joyas escondidas","item":"https:\/\/www.exploring-umbria.com\/es\/pueblos-en-umbria-muchas-joyas-escondidas\/"},{"@type":"ListItem","position":3,"name":"Qu\u00e9 ver en Bevagna"}]}]}},"_links":{"self":[{"href":"https:\/\/www.exploring-umbria.com\/es\/wp-json\/wp\/v2\/pages\/38431"}],"collection":[{"href":"https:\/\/www.exploring-umbria.com\/es\/wp-json\/wp\/v2\/pages"}],"about":[{"href":"https:\/\/www.exploring-umbria.com\/es\/wp-json\/wp\/v2\/types\/page"}],"author":[{"embeddable":true,"href":"https:\/\/www.exploring-umbria.com\/es\/wp-json\/wp\/v2\/users\/4"}],"replies":[{"embeddable":true,"href":"https:\/\/www.exploring-umbria.com\/es\/wp-json\/wp\/v2\/comments?post=38431"}],"version-history":[{"count":2,"href":"https:\/\/www.exploring-umbria.com\/es\/wp-json\/wp\/v2\/pages\/38431\/revisions"}],"predecessor-version":[{"id":38435,"href":"https:\/\/www.exploring-umbria.com\/es\/wp-json\/wp\/v2\/pages\/38431\/revisions\/38435"}],"up":[{"embeddable":true,"href":"https:\/\/www.exploring-umbria.com\/es\/wp-json\/wp\/v2\/pages\/3272"}],"wp:featuredmedia":[{"embeddable":true,"href":"https:\/\/www.exploring-umbria.com\/es\/wp-json\/wp\/v2\/media\/5986"}],"wp:attachment":[{"href":"https:\/\/www.exploring-umbria.com\/es\/wp-json\/wp\/v2\/media?parent=38431"}],"curies":[{"name":"wp","href":"https:\/\/api.w.org\/{rel}","templated":true}]}}