{"id":38252,"date":"2019-03-26T19:29:49","date_gmt":"2019-03-26T18:29:49","guid":{"rendered":"https:\/\/www.exploring-umbria.com\/pueblos-en-umbria-muchas-joyas-escondidas\/que-hacer-en-preci-2\/eremo-di-san-fiorenzo\/"},"modified":"2020-07-23T17:26:54","modified_gmt":"2020-07-23T15:26:54","slug":"ermita-de-san-florencio","status":"publish","type":"page","link":"https:\/\/www.exploring-umbria.com\/es\/pueblos-en-umbria-muchas-joyas-escondidas\/que-hacer-en-preci-2\/ermita-de-san-florencio\/","title":{"rendered":"Ermita de San Florencio"},"content":{"rendered":"<p>En medio del valle del Guaita, no lejos de Collescille y a unos 1100 metros de altitud, se encuentra la peque\u00f1a <strong>ermita de San Florencio<\/strong>, escondida entre los bosques de arce y carpes.<\/p>\n<p>Gregorio Magno, en el \u00ab<em>Dialogorum<\/em>\u00ab, cuenta la historia del joven monje que se dedic\u00f3 durante muchos a\u00f1os a la vida asc\u00e9tica y contemplativa en compa\u00f1\u00eda del m\u00e1s famoso San Eutiquio.<\/p>\n<p>A la muerte de su padre espiritual S. Spes, en el siglo V, Eutiquio fue llamado al valle para tomar el lugar del maestro fallecido y rog\u00f3 a Florencio que mantuviera intacto y en oraci\u00f3n el lugar que hab\u00edan compartido durante tanto tiempo. Parece que Florencio permaneci\u00f3 fiel a su promesa y continu\u00f3 pasando su vida dentro de las pobres celdas excavadas en la pared rocosa, que todav\u00eda se puede ver hoy a poca distancia del edificio de culto. S\u00f3lo despu\u00e9s de la muerte de su amado compa\u00f1ero en el a\u00f1o 536, Florencio decidi\u00f3 dejar el valle y seguir a otro asceta que viv\u00eda fuera de las murallas de Foligno, San Vicente, con quien permaneci\u00f3 hasta su muerte a mediados del siglo VI.<\/p>\n<p>Durante mucho tiempo el lugar fue abandonado a la memoria de aquel santo ermita\u00f1o y s\u00f3lo en el siglo X, junto a las celdas, se construy\u00f3 una peque\u00f1a ermita con la capilla dedicada a San Fiorenzo.<\/p>\n<p>En los tiempos modernos, desde hace algunos a\u00f1os, este lugar santo pero casi olvidado ha salido a la luz gracias a otro monje polaco, Tadeo (\u00ab<em>Tadeusz<\/em>\u00ab), que opt\u00f3 por seguir los pasos del santo que le precedi\u00f3 y vive en absoluta pobreza dentro de las murallas de la peque\u00f1a ermita, comprometi\u00e9ndose a restaurar las pocas estancias ahora abandonadas y abiertas a los numerosos visitantes que llegan al lugar para conocerlo.<\/p>\n","protected":false},"excerpt":{"rendered":"<p>En medio del valle del Guaita, no lejos de Collescille y a unos 1100 metros de altitud, se encuentra la peque\u00f1a ermita de San Florencio, escondida entre los bosques de arce y carpes. Gregorio Magno, en el \u00abDialogorum\u00ab, cuenta la historia del joven monje que se dedic\u00f3 durante muchos a\u00f1os a la vida asc\u00e9tica y [&hellip;]<\/p>\n","protected":false},"author":4,"featured_media":0,"parent":38173,"menu_order":6,"comment_status":"closed","ping_status":"closed","template":"","meta":{"om_disable_all_campaigns":false,"_monsterinsights_skip_tracking":false,"_monsterinsights_sitenote_active":false,"_monsterinsights_sitenote_note":"","_monsterinsights_sitenote_category":0},"acf":[],"yoast_head":"<!-- This site is optimized with the Yoast SEO plugin v18.4.1 - https:\/\/yoast.com\/wordpress\/plugins\/seo\/ -->\n<title>Ermita de San Florencio - Exploring Umbria<\/title>\n<meta name=\"description\" content=\"En medio del valle del Guaita, no lejos de Collescille y a unos 1100 metros de altitud, se encuentra la peque\u00f1a ermita de San Florencio, escondida entre\" \/>\n<meta name=\"robots\" content=\"index, follow, max-snippet:-1, max-image-preview:large, max-video-preview:-1\" \/>\n<link rel=\"canonical\" href=\"https:\/\/www.exploring-umbria.com\/es\/pueblos-en-umbria-muchas-joyas-escondidas\/que-hacer-en-preci-2\/ermita-de-san-florencio\/\" \/>\n<meta property=\"og:locale\" content=\"es_ES\" \/>\n<meta property=\"og:type\" content=\"article\" \/>\n<meta property=\"og:title\" content=\"Ermita de San Florencio - Exploring Umbria\" \/>\n<meta property=\"og:description\" content=\"En medio del valle del Guaita, no lejos de Collescille y a unos 1100 metros de altitud, se encuentra la peque\u00f1a ermita de San Florencio, escondida entre\" \/>\n<meta property=\"og:url\" content=\"https:\/\/www.exploring-umbria.com\/es\/pueblos-en-umbria-muchas-joyas-escondidas\/que-hacer-en-preci-2\/ermita-de-san-florencio\/\" \/>\n<meta property=\"og:site_name\" content=\"Exploring Umbria\" \/>\n<meta property=\"article:publisher\" content=\"https:\/\/www.facebook.com\/exploringumbria\/\" \/>\n<meta property=\"article:modified_time\" content=\"2020-07-23T15:26:54+00:00\" \/>\n<meta name=\"twitter:card\" content=\"summary_large_image\" \/>\n<meta name=\"twitter:label1\" content=\"Tiempo de lectura\" \/>\n\t<meta name=\"twitter:data1\" content=\"2 minutos\" \/>\n<script type=\"application\/ld+json\" class=\"yoast-schema-graph\">{\"@context\":\"https:\/\/schema.org\",\"@graph\":[{\"@type\":\"Organization\",\"@id\":\"https:\/\/www.exploring-umbria.com\/es\/#organization\",\"name\":\"Exploring Umbria\",\"url\":\"https:\/\/www.exploring-umbria.com\/es\/\",\"sameAs\":[\"https:\/\/www.facebook.com\/exploringumbria\/\",\"https:\/\/www.instagram.com\/exploringumbria\/\"],\"logo\":{\"@type\":\"ImageObject\",\"@id\":\"https:\/\/www.exploring-umbria.com\/es\/#logo\",\"inLanguage\":\"es\",\"url\":\"https:\/\/www.exploring-umbria.com\/wp-content\/uploads\/2019\/08\/solo-logo-verde.jpg\",\"contentUrl\":\"https:\/\/www.exploring-umbria.com\/wp-content\/uploads\/2019\/08\/solo-logo-verde.jpg\",\"width\":952,\"height\":532,\"caption\":\"Exploring Umbria\"},\"image\":{\"@id\":\"https:\/\/www.exploring-umbria.com\/es\/#logo\"}},{\"@type\":\"WebSite\",\"@id\":\"https:\/\/www.exploring-umbria.com\/es\/#website\",\"url\":\"https:\/\/www.exploring-umbria.com\/es\/\",\"name\":\"Exploring Umbria\",\"description\":\"your dates, your mood, your trip\",\"publisher\":{\"@id\":\"https:\/\/www.exploring-umbria.com\/es\/#organization\"},\"potentialAction\":[{\"@type\":\"SearchAction\",\"target\":{\"@type\":\"EntryPoint\",\"urlTemplate\":\"https:\/\/www.exploring-umbria.com\/es\/?s={search_term_string}\"},\"query-input\":\"required name=search_term_string\"}],\"inLanguage\":\"es\"},{\"@type\":\"WebPage\",\"@id\":\"https:\/\/www.exploring-umbria.com\/es\/pueblos-en-umbria-muchas-joyas-escondidas\/que-hacer-en-preci-2\/ermita-de-san-florencio\/#webpage\",\"url\":\"https:\/\/www.exploring-umbria.com\/es\/pueblos-en-umbria-muchas-joyas-escondidas\/que-hacer-en-preci-2\/ermita-de-san-florencio\/\",\"name\":\"Ermita de San Florencio - Exploring Umbria\",\"isPartOf\":{\"@id\":\"https:\/\/www.exploring-umbria.com\/es\/#website\"},\"datePublished\":\"2019-03-26T18:29:49+00:00\",\"dateModified\":\"2020-07-23T15:26:54+00:00\",\"description\":\"En medio del valle del Guaita, no lejos de Collescille y a unos 1100 metros de altitud, se encuentra la peque\u00f1a ermita de San Florencio, escondida entre\",\"breadcrumb\":{\"@id\":\"https:\/\/www.exploring-umbria.com\/es\/pueblos-en-umbria-muchas-joyas-escondidas\/que-hacer-en-preci-2\/ermita-de-san-florencio\/#breadcrumb\"},\"inLanguage\":\"es\",\"potentialAction\":[{\"@type\":\"ReadAction\",\"target\":[\"https:\/\/www.exploring-umbria.com\/es\/pueblos-en-umbria-muchas-joyas-escondidas\/que-hacer-en-preci-2\/ermita-de-san-florencio\/\"]}]},{\"@type\":\"BreadcrumbList\",\"@id\":\"https:\/\/www.exploring-umbria.com\/es\/pueblos-en-umbria-muchas-joyas-escondidas\/que-hacer-en-preci-2\/ermita-de-san-florencio\/#breadcrumb\",\"itemListElement\":[{\"@type\":\"ListItem\",\"position\":1,\"name\":\"Home\",\"item\":\"https:\/\/www.exploring-umbria.com\/es\/\"},{\"@type\":\"ListItem\",\"position\":2,\"name\":\"Pueblos en Umbr\u00eda: muchas joyas escondidas\",\"item\":\"https:\/\/www.exploring-umbria.com\/es\/pueblos-en-umbria-muchas-joyas-escondidas\/\"},{\"@type\":\"ListItem\",\"position\":3,\"name\":\"Qu\u00e9 ver en Preci\",\"item\":\"https:\/\/www.exploring-umbria.com\/es\/pueblos-en-umbria-muchas-joyas-escondidas\/que-hacer-en-preci-2\/\"},{\"@type\":\"ListItem\",\"position\":4,\"name\":\"Ermita de San Florencio\"}]}]}<\/script>\n<!-- \/ Yoast SEO plugin. -->","yoast_head_json":{"title":"Ermita de San Florencio - Exploring Umbria","description":"En medio del valle del Guaita, no lejos de Collescille y a unos 1100 metros de altitud, se encuentra la peque\u00f1a ermita de San Florencio, escondida entre","robots":{"index":"index","follow":"follow","max-snippet":"max-snippet:-1","max-image-preview":"max-image-preview:large","max-video-preview":"max-video-preview:-1"},"canonical":"https:\/\/www.exploring-umbria.com\/es\/pueblos-en-umbria-muchas-joyas-escondidas\/que-hacer-en-preci-2\/ermita-de-san-florencio\/","og_locale":"es_ES","og_type":"article","og_title":"Ermita de San Florencio - Exploring Umbria","og_description":"En medio del valle del Guaita, no lejos de Collescille y a unos 1100 metros de altitud, se encuentra la peque\u00f1a ermita de San Florencio, escondida entre","og_url":"https:\/\/www.exploring-umbria.com\/es\/pueblos-en-umbria-muchas-joyas-escondidas\/que-hacer-en-preci-2\/ermita-de-san-florencio\/","og_site_name":"Exploring Umbria","article_publisher":"https:\/\/www.facebook.com\/exploringumbria\/","article_modified_time":"2020-07-23T15:26:54+00:00","twitter_card":"summary_large_image","twitter_misc":{"Tiempo de lectura":"2 minutos"},"schema":{"@context":"https:\/\/schema.org","@graph":[{"@type":"Organization","@id":"https:\/\/www.exploring-umbria.com\/es\/#organization","name":"Exploring Umbria","url":"https:\/\/www.exploring-umbria.com\/es\/","sameAs":["https:\/\/www.facebook.com\/exploringumbria\/","https:\/\/www.instagram.com\/exploringumbria\/"],"logo":{"@type":"ImageObject","@id":"https:\/\/www.exploring-umbria.com\/es\/#logo","inLanguage":"es","url":"https:\/\/www.exploring-umbria.com\/wp-content\/uploads\/2019\/08\/solo-logo-verde.jpg","contentUrl":"https:\/\/www.exploring-umbria.com\/wp-content\/uploads\/2019\/08\/solo-logo-verde.jpg","width":952,"height":532,"caption":"Exploring Umbria"},"image":{"@id":"https:\/\/www.exploring-umbria.com\/es\/#logo"}},{"@type":"WebSite","@id":"https:\/\/www.exploring-umbria.com\/es\/#website","url":"https:\/\/www.exploring-umbria.com\/es\/","name":"Exploring Umbria","description":"your dates, your mood, your trip","publisher":{"@id":"https:\/\/www.exploring-umbria.com\/es\/#organization"},"potentialAction":[{"@type":"SearchAction","target":{"@type":"EntryPoint","urlTemplate":"https:\/\/www.exploring-umbria.com\/es\/?s={search_term_string}"},"query-input":"required name=search_term_string"}],"inLanguage":"es"},{"@type":"WebPage","@id":"https:\/\/www.exploring-umbria.com\/es\/pueblos-en-umbria-muchas-joyas-escondidas\/que-hacer-en-preci-2\/ermita-de-san-florencio\/#webpage","url":"https:\/\/www.exploring-umbria.com\/es\/pueblos-en-umbria-muchas-joyas-escondidas\/que-hacer-en-preci-2\/ermita-de-san-florencio\/","name":"Ermita de San Florencio - Exploring Umbria","isPartOf":{"@id":"https:\/\/www.exploring-umbria.com\/es\/#website"},"datePublished":"2019-03-26T18:29:49+00:00","dateModified":"2020-07-23T15:26:54+00:00","description":"En medio del valle del Guaita, no lejos de Collescille y a unos 1100 metros de altitud, se encuentra la peque\u00f1a ermita de San Florencio, escondida entre","breadcrumb":{"@id":"https:\/\/www.exploring-umbria.com\/es\/pueblos-en-umbria-muchas-joyas-escondidas\/que-hacer-en-preci-2\/ermita-de-san-florencio\/#breadcrumb"},"inLanguage":"es","potentialAction":[{"@type":"ReadAction","target":["https:\/\/www.exploring-umbria.com\/es\/pueblos-en-umbria-muchas-joyas-escondidas\/que-hacer-en-preci-2\/ermita-de-san-florencio\/"]}]},{"@type":"BreadcrumbList","@id":"https:\/\/www.exploring-umbria.com\/es\/pueblos-en-umbria-muchas-joyas-escondidas\/que-hacer-en-preci-2\/ermita-de-san-florencio\/#breadcrumb","itemListElement":[{"@type":"ListItem","position":1,"name":"Home","item":"https:\/\/www.exploring-umbria.com\/es\/"},{"@type":"ListItem","position":2,"name":"Pueblos en Umbr\u00eda: muchas joyas escondidas","item":"https:\/\/www.exploring-umbria.com\/es\/pueblos-en-umbria-muchas-joyas-escondidas\/"},{"@type":"ListItem","position":3,"name":"Qu\u00e9 ver en Preci","item":"https:\/\/www.exploring-umbria.com\/es\/pueblos-en-umbria-muchas-joyas-escondidas\/que-hacer-en-preci-2\/"},{"@type":"ListItem","position":4,"name":"Ermita de San Florencio"}]}]}},"_links":{"self":[{"href":"https:\/\/www.exploring-umbria.com\/es\/wp-json\/wp\/v2\/pages\/38252"}],"collection":[{"href":"https:\/\/www.exploring-umbria.com\/es\/wp-json\/wp\/v2\/pages"}],"about":[{"href":"https:\/\/www.exploring-umbria.com\/es\/wp-json\/wp\/v2\/types\/page"}],"author":[{"embeddable":true,"href":"https:\/\/www.exploring-umbria.com\/es\/wp-json\/wp\/v2\/users\/4"}],"replies":[{"embeddable":true,"href":"https:\/\/www.exploring-umbria.com\/es\/wp-json\/wp\/v2\/comments?post=38252"}],"version-history":[{"count":2,"href":"https:\/\/www.exploring-umbria.com\/es\/wp-json\/wp\/v2\/pages\/38252\/revisions"}],"predecessor-version":[{"id":38256,"href":"https:\/\/www.exploring-umbria.com\/es\/wp-json\/wp\/v2\/pages\/38252\/revisions\/38256"}],"up":[{"embeddable":true,"href":"https:\/\/www.exploring-umbria.com\/es\/wp-json\/wp\/v2\/pages\/38173"}],"wp:attachment":[{"href":"https:\/\/www.exploring-umbria.com\/es\/wp-json\/wp\/v2\/media?parent=38252"}],"curies":[{"name":"wp","href":"https:\/\/api.w.org\/{rel}","templated":true}]}}