{"id":38210,"date":"2019-03-26T19:19:27","date_gmt":"2019-03-26T18:19:27","guid":{"rendered":"https:\/\/www.exploring-umbria.com\/pueblos-en-umbria-muchas-joyas-escondidas\/que-hacer-en-preci-2\/abbazia-di-santeutizio\/"},"modified":"2020-07-23T16:16:26","modified_gmt":"2020-07-23T14:16:26","slug":"abadia-de-santo-euticio","status":"publish","type":"page","link":"https:\/\/www.exploring-umbria.com\/es\/pueblos-en-umbria-muchas-joyas-escondidas\/que-hacer-en-preci-2\/abadia-de-santo-euticio\/","title":{"rendered":"Abad\u00eda de Santo Euticio"},"content":{"rendered":"<p>La Abad\u00eda de Santo Euticio, uno de los complejos mon\u00e1sticos m\u00e1s antiguos de Italia, se encuentra a poca distancia de la ciudad de Preci, en una conformaci\u00f3n rocosa de piedra caliza blanca con vistas al valle de Castoriana.<\/p>\n<p>El origen de la Abad\u00eda de Santo Euticio se remonta al siglo V-VI, per\u00edodo en el que los valles de los Apeninos comenzaron a convertirse en el refugio de muchos monjes orientales que se retiraron entre las formaciones rocosas locales para dedicarse a una vida de pobreza, contemplaci\u00f3n y ascetismo. Inicialmente eran peque\u00f1as comunidades de unos pocos individuos organizados en chozas humildes que, sin embargo, sentaron las bases para el nacimiento de la <em>regla benedictina \u00abora et labora\u00bb.<\/em><\/p>\n<p>Gregorio Magno, en sus \u00ab<em>Dialogorum<\/em>\u00ab, habla del venerable S. Spes, un monje sirio que lleg\u00f3 a Italia en el siglo V y fund\u00f3 un peque\u00f1o oratorio dedicado a la Virgen cerca de una rica fuente de agua que todav\u00eda irriga los territorios circundantes. Durante unos cuarenta a\u00f1os el monje gobern\u00f3 lacomunidad mon\u00e1stica, hasta su muerte en 510. Fue en esta ocasi\u00f3n cuando a uno de sus disc\u00edpulos m\u00e1s devotos y virtuosos se le confi\u00f3 la tarea de continuar el trabajo del difunto maestro. San Eutiquio se traslad\u00f3 al peque\u00f1o oratorio, obteniendo en la roca (ahora coronada por el campanario) la celda en la que se reun\u00eda en oraci\u00f3n, junto con su compa\u00f1ero S. Florencio, tambi\u00e9n disc\u00edpulo de S. Spes.<\/p>\n<p>En el a\u00f1o 536, tras la muerte de San Eutiquio, se construy\u00f3 un monasterio dedicado a \u00e9l, para apoyar el desarrollo y la expansi\u00f3n de la peque\u00f1a comunidad. Los monjes se dedicaban a la agricultura, a la ganader\u00eda, a la explotaci\u00f3n de la selva y a la gu\u00eda espiritual de los habitantes de la zona, consiguiendo importantes donaciones, incrementando su influencia econ\u00f3mica y pol\u00edtica en el valle, convirti\u00e9ndose en custodios de conocimientos y estableciendo la famosa Escuela Quir\u00fargica, que fue suprimida en 1215 por decreto del Concilio Lateranense que prohibi\u00f3 a los monjes el ejercicio de la profesi\u00f3n.<\/p>\n<p>Los religiosos, por temor a que se perdieran los conocimientos adquiridos a lo largo de los siglos, estaban dispuestos a divulgarlos a los habitantes de las aldeas vecinas, preservando as\u00ed las artes quir\u00fargicas.<\/p>\n<p>En 1180 se realizaron algunas obras de restauraci\u00f3n y ampliaci\u00f3n de la estructura, de las que se conservan restos en una inscripci\u00f3n en la luneta del p\u00f3rtico de entrada. Las obras se iniciaron a instancias del obispo <em>Teodino<\/em> <em>I<\/em> y se terminaron en 1236 bajo la direcci\u00f3n de <em>Teodino<\/em> <em>II<\/em>. En los siglos siguientes el monasterio cay\u00f3 en desgracia, pas\u00f3 bajo el control de la ciudad de Nursia entre los siglos XIV y XV y fue ocupado por los benedettini hasta la breve recuperaci\u00f3n del siglo XVII, cuando, a instancias del abad <em>Crescenzi<\/em>, se construy\u00f3 el bello campanario que corona el espol\u00f3n rocoso de las celdas de los santos Eutiquio y Florecio.<\/p>\n<p>En 1950, finalmente, la Abad\u00eda fue completamente abandonada y sacada a la luz s\u00f3lo unas d\u00e9cadas m\u00e1s tarde, a finales del siglo XX, gracias a los esfuerzos del joven p\u00e1rroco Dsobre <em>Fabrizio<\/em> <em>Proietti<\/em>, que obtuvo permiso para instalarse en la estructura y ofreci\u00f3 hospitalidad a cambio de ayuda para restaurar los espacios abandonados del complejo.<\/p>\n<p>Hoy en d\u00eda la Abad\u00eda de Santo Euticio todav\u00eda alberga una peque\u00f1a comunidad de monjes, pero est\u00e1 abierta a la visita de peregrinos y devotos que quieran reunirse en oraci\u00f3n en un lugar especial. La peque\u00f1a iglesia, de estilo rom\u00e1nico, est\u00e1 adornada por un hermoso roset\u00f3n circular con los signos de los cuatro evangelistas a los lados, en el interior del presbiterio se encuentra la cripta que alberga una urna con los restos del santo patr\u00f3n, mientras que en la planta superior de la Abad\u00eda se encuentra el <strong>Museo de la escuela de cirug\u00eda<\/strong>, que no hay que perderse.<\/p>\n","protected":false},"excerpt":{"rendered":"<p>La Abad\u00eda de Santo Euticio, uno de los complejos mon\u00e1sticos m\u00e1s antiguos de Italia, se encuentra a poca distancia de la ciudad de Preci, en una conformaci\u00f3n rocosa de piedra caliza blanca con vistas al valle de Castoriana. El origen de la Abad\u00eda de Santo Euticio se remonta al siglo V-VI, per\u00edodo en el que [&hellip;]<\/p>\n","protected":false},"author":4,"featured_media":17503,"parent":38173,"menu_order":1,"comment_status":"closed","ping_status":"closed","template":"","meta":{"om_disable_all_campaigns":false,"_monsterinsights_skip_tracking":false,"_monsterinsights_sitenote_active":false,"_monsterinsights_sitenote_note":"","_monsterinsights_sitenote_category":0},"acf":[],"yoast_head":"<!-- This site is optimized with the Yoast SEO plugin v18.4.1 - https:\/\/yoast.com\/wordpress\/plugins\/seo\/ -->\n<title>Abad\u00eda de Santo Euticio - Exploring Umbria<\/title>\n<meta name=\"description\" content=\"La Abad\u00eda de Santo Euticio, uno de los complejos mon\u00e1sticos m\u00e1s antiguos de Italia, se encuentra a poca distancia de la ciudad de Preci, en una\" \/>\n<meta name=\"robots\" content=\"index, follow, max-snippet:-1, max-image-preview:large, max-video-preview:-1\" \/>\n<link rel=\"canonical\" href=\"https:\/\/www.exploring-umbria.com\/es\/pueblos-en-umbria-muchas-joyas-escondidas\/que-hacer-en-preci-2\/abadia-de-santo-euticio\/\" \/>\n<meta property=\"og:locale\" content=\"es_ES\" \/>\n<meta property=\"og:type\" content=\"article\" \/>\n<meta property=\"og:title\" content=\"Abad\u00eda de Santo Euticio - Exploring Umbria\" \/>\n<meta property=\"og:description\" content=\"La Abad\u00eda de Santo Euticio, uno de los complejos mon\u00e1sticos m\u00e1s antiguos de Italia, se encuentra a poca distancia de la ciudad de Preci, en una\" \/>\n<meta property=\"og:url\" content=\"https:\/\/www.exploring-umbria.com\/es\/pueblos-en-umbria-muchas-joyas-escondidas\/que-hacer-en-preci-2\/abadia-de-santo-euticio\/\" \/>\n<meta property=\"og:site_name\" content=\"Exploring Umbria\" \/>\n<meta property=\"article:publisher\" content=\"https:\/\/www.facebook.com\/exploringumbria\/\" \/>\n<meta property=\"article:modified_time\" content=\"2020-07-23T14:16:26+00:00\" \/>\n<meta property=\"og:image\" content=\"https:\/\/www.exploring-umbria.com\/wp-content\/uploads\/2019\/07\/Preci-Abazia-di-Santeutizio.jpg\" \/>\n\t<meta property=\"og:image:width\" content=\"720\" \/>\n\t<meta property=\"og:image:height\" content=\"960\" \/>\n\t<meta property=\"og:image:type\" content=\"image\/jpeg\" \/>\n<meta name=\"twitter:card\" content=\"summary_large_image\" \/>\n<meta name=\"twitter:label1\" content=\"Tiempo de lectura\" \/>\n\t<meta name=\"twitter:data1\" content=\"3 minutos\" \/>\n<script type=\"application\/ld+json\" class=\"yoast-schema-graph\">{\"@context\":\"https:\/\/schema.org\",\"@graph\":[{\"@type\":\"Organization\",\"@id\":\"https:\/\/www.exploring-umbria.com\/es\/#organization\",\"name\":\"Exploring Umbria\",\"url\":\"https:\/\/www.exploring-umbria.com\/es\/\",\"sameAs\":[\"https:\/\/www.facebook.com\/exploringumbria\/\",\"https:\/\/www.instagram.com\/exploringumbria\/\"],\"logo\":{\"@type\":\"ImageObject\",\"@id\":\"https:\/\/www.exploring-umbria.com\/es\/#logo\",\"inLanguage\":\"es\",\"url\":\"https:\/\/www.exploring-umbria.com\/wp-content\/uploads\/2019\/08\/solo-logo-verde.jpg\",\"contentUrl\":\"https:\/\/www.exploring-umbria.com\/wp-content\/uploads\/2019\/08\/solo-logo-verde.jpg\",\"width\":952,\"height\":532,\"caption\":\"Exploring Umbria\"},\"image\":{\"@id\":\"https:\/\/www.exploring-umbria.com\/es\/#logo\"}},{\"@type\":\"WebSite\",\"@id\":\"https:\/\/www.exploring-umbria.com\/es\/#website\",\"url\":\"https:\/\/www.exploring-umbria.com\/es\/\",\"name\":\"Exploring Umbria\",\"description\":\"your dates, your mood, your trip\",\"publisher\":{\"@id\":\"https:\/\/www.exploring-umbria.com\/es\/#organization\"},\"potentialAction\":[{\"@type\":\"SearchAction\",\"target\":{\"@type\":\"EntryPoint\",\"urlTemplate\":\"https:\/\/www.exploring-umbria.com\/es\/?s={search_term_string}\"},\"query-input\":\"required name=search_term_string\"}],\"inLanguage\":\"es\"},{\"@type\":\"ImageObject\",\"@id\":\"https:\/\/www.exploring-umbria.com\/es\/pueblos-en-umbria-muchas-joyas-escondidas\/que-hacer-en-preci-2\/abadia-de-santo-euticio\/#primaryimage\",\"inLanguage\":\"es\",\"url\":\"https:\/\/www.exploring-umbria.com\/wp-content\/uploads\/2019\/07\/Preci-Abazia-di-Santeutizio.jpg\",\"contentUrl\":\"https:\/\/www.exploring-umbria.com\/wp-content\/uploads\/2019\/07\/Preci-Abazia-di-Santeutizio.jpg\",\"width\":720,\"height\":960,\"caption\":\"Abbazia di Sant'Eutizio, Preci\"},{\"@type\":\"WebPage\",\"@id\":\"https:\/\/www.exploring-umbria.com\/es\/pueblos-en-umbria-muchas-joyas-escondidas\/que-hacer-en-preci-2\/abadia-de-santo-euticio\/#webpage\",\"url\":\"https:\/\/www.exploring-umbria.com\/es\/pueblos-en-umbria-muchas-joyas-escondidas\/que-hacer-en-preci-2\/abadia-de-santo-euticio\/\",\"name\":\"Abad\u00eda de Santo Euticio - Exploring Umbria\",\"isPartOf\":{\"@id\":\"https:\/\/www.exploring-umbria.com\/es\/#website\"},\"primaryImageOfPage\":{\"@id\":\"https:\/\/www.exploring-umbria.com\/es\/pueblos-en-umbria-muchas-joyas-escondidas\/que-hacer-en-preci-2\/abadia-de-santo-euticio\/#primaryimage\"},\"datePublished\":\"2019-03-26T18:19:27+00:00\",\"dateModified\":\"2020-07-23T14:16:26+00:00\",\"description\":\"La Abad\u00eda de Santo Euticio, uno de los complejos mon\u00e1sticos m\u00e1s antiguos de Italia, se encuentra a poca distancia de la ciudad de Preci, en una\",\"breadcrumb\":{\"@id\":\"https:\/\/www.exploring-umbria.com\/es\/pueblos-en-umbria-muchas-joyas-escondidas\/que-hacer-en-preci-2\/abadia-de-santo-euticio\/#breadcrumb\"},\"inLanguage\":\"es\",\"potentialAction\":[{\"@type\":\"ReadAction\",\"target\":[\"https:\/\/www.exploring-umbria.com\/es\/pueblos-en-umbria-muchas-joyas-escondidas\/que-hacer-en-preci-2\/abadia-de-santo-euticio\/\"]}]},{\"@type\":\"BreadcrumbList\",\"@id\":\"https:\/\/www.exploring-umbria.com\/es\/pueblos-en-umbria-muchas-joyas-escondidas\/que-hacer-en-preci-2\/abadia-de-santo-euticio\/#breadcrumb\",\"itemListElement\":[{\"@type\":\"ListItem\",\"position\":1,\"name\":\"Home\",\"item\":\"https:\/\/www.exploring-umbria.com\/es\/\"},{\"@type\":\"ListItem\",\"position\":2,\"name\":\"Pueblos en Umbr\u00eda: muchas joyas escondidas\",\"item\":\"https:\/\/www.exploring-umbria.com\/es\/pueblos-en-umbria-muchas-joyas-escondidas\/\"},{\"@type\":\"ListItem\",\"position\":3,\"name\":\"Qu\u00e9 ver en Preci\",\"item\":\"https:\/\/www.exploring-umbria.com\/es\/pueblos-en-umbria-muchas-joyas-escondidas\/que-hacer-en-preci-2\/\"},{\"@type\":\"ListItem\",\"position\":4,\"name\":\"Abad\u00eda de Santo Euticio\"}]}]}<\/script>\n<!-- \/ Yoast SEO plugin. -->","yoast_head_json":{"title":"Abad\u00eda de Santo Euticio - Exploring Umbria","description":"La Abad\u00eda de Santo Euticio, uno de los complejos mon\u00e1sticos m\u00e1s antiguos de Italia, se encuentra a poca distancia de la ciudad de Preci, en una","robots":{"index":"index","follow":"follow","max-snippet":"max-snippet:-1","max-image-preview":"max-image-preview:large","max-video-preview":"max-video-preview:-1"},"canonical":"https:\/\/www.exploring-umbria.com\/es\/pueblos-en-umbria-muchas-joyas-escondidas\/que-hacer-en-preci-2\/abadia-de-santo-euticio\/","og_locale":"es_ES","og_type":"article","og_title":"Abad\u00eda de Santo Euticio - Exploring Umbria","og_description":"La Abad\u00eda de Santo Euticio, uno de los complejos mon\u00e1sticos m\u00e1s antiguos de Italia, se encuentra a poca distancia de la ciudad de Preci, en una","og_url":"https:\/\/www.exploring-umbria.com\/es\/pueblos-en-umbria-muchas-joyas-escondidas\/que-hacer-en-preci-2\/abadia-de-santo-euticio\/","og_site_name":"Exploring Umbria","article_publisher":"https:\/\/www.facebook.com\/exploringumbria\/","article_modified_time":"2020-07-23T14:16:26+00:00","og_image":[{"width":720,"height":960,"url":"https:\/\/www.exploring-umbria.com\/wp-content\/uploads\/2019\/07\/Preci-Abazia-di-Santeutizio.jpg","type":"image\/jpeg"}],"twitter_card":"summary_large_image","twitter_misc":{"Tiempo de lectura":"3 minutos"},"schema":{"@context":"https:\/\/schema.org","@graph":[{"@type":"Organization","@id":"https:\/\/www.exploring-umbria.com\/es\/#organization","name":"Exploring Umbria","url":"https:\/\/www.exploring-umbria.com\/es\/","sameAs":["https:\/\/www.facebook.com\/exploringumbria\/","https:\/\/www.instagram.com\/exploringumbria\/"],"logo":{"@type":"ImageObject","@id":"https:\/\/www.exploring-umbria.com\/es\/#logo","inLanguage":"es","url":"https:\/\/www.exploring-umbria.com\/wp-content\/uploads\/2019\/08\/solo-logo-verde.jpg","contentUrl":"https:\/\/www.exploring-umbria.com\/wp-content\/uploads\/2019\/08\/solo-logo-verde.jpg","width":952,"height":532,"caption":"Exploring Umbria"},"image":{"@id":"https:\/\/www.exploring-umbria.com\/es\/#logo"}},{"@type":"WebSite","@id":"https:\/\/www.exploring-umbria.com\/es\/#website","url":"https:\/\/www.exploring-umbria.com\/es\/","name":"Exploring Umbria","description":"your dates, your mood, your trip","publisher":{"@id":"https:\/\/www.exploring-umbria.com\/es\/#organization"},"potentialAction":[{"@type":"SearchAction","target":{"@type":"EntryPoint","urlTemplate":"https:\/\/www.exploring-umbria.com\/es\/?s={search_term_string}"},"query-input":"required name=search_term_string"}],"inLanguage":"es"},{"@type":"ImageObject","@id":"https:\/\/www.exploring-umbria.com\/es\/pueblos-en-umbria-muchas-joyas-escondidas\/que-hacer-en-preci-2\/abadia-de-santo-euticio\/#primaryimage","inLanguage":"es","url":"https:\/\/www.exploring-umbria.com\/wp-content\/uploads\/2019\/07\/Preci-Abazia-di-Santeutizio.jpg","contentUrl":"https:\/\/www.exploring-umbria.com\/wp-content\/uploads\/2019\/07\/Preci-Abazia-di-Santeutizio.jpg","width":720,"height":960,"caption":"Abbazia di Sant'Eutizio, Preci"},{"@type":"WebPage","@id":"https:\/\/www.exploring-umbria.com\/es\/pueblos-en-umbria-muchas-joyas-escondidas\/que-hacer-en-preci-2\/abadia-de-santo-euticio\/#webpage","url":"https:\/\/www.exploring-umbria.com\/es\/pueblos-en-umbria-muchas-joyas-escondidas\/que-hacer-en-preci-2\/abadia-de-santo-euticio\/","name":"Abad\u00eda de Santo Euticio - Exploring Umbria","isPartOf":{"@id":"https:\/\/www.exploring-umbria.com\/es\/#website"},"primaryImageOfPage":{"@id":"https:\/\/www.exploring-umbria.com\/es\/pueblos-en-umbria-muchas-joyas-escondidas\/que-hacer-en-preci-2\/abadia-de-santo-euticio\/#primaryimage"},"datePublished":"2019-03-26T18:19:27+00:00","dateModified":"2020-07-23T14:16:26+00:00","description":"La Abad\u00eda de Santo Euticio, uno de los complejos mon\u00e1sticos m\u00e1s antiguos de Italia, se encuentra a poca distancia de la ciudad de Preci, en una","breadcrumb":{"@id":"https:\/\/www.exploring-umbria.com\/es\/pueblos-en-umbria-muchas-joyas-escondidas\/que-hacer-en-preci-2\/abadia-de-santo-euticio\/#breadcrumb"},"inLanguage":"es","potentialAction":[{"@type":"ReadAction","target":["https:\/\/www.exploring-umbria.com\/es\/pueblos-en-umbria-muchas-joyas-escondidas\/que-hacer-en-preci-2\/abadia-de-santo-euticio\/"]}]},{"@type":"BreadcrumbList","@id":"https:\/\/www.exploring-umbria.com\/es\/pueblos-en-umbria-muchas-joyas-escondidas\/que-hacer-en-preci-2\/abadia-de-santo-euticio\/#breadcrumb","itemListElement":[{"@type":"ListItem","position":1,"name":"Home","item":"https:\/\/www.exploring-umbria.com\/es\/"},{"@type":"ListItem","position":2,"name":"Pueblos en Umbr\u00eda: muchas joyas escondidas","item":"https:\/\/www.exploring-umbria.com\/es\/pueblos-en-umbria-muchas-joyas-escondidas\/"},{"@type":"ListItem","position":3,"name":"Qu\u00e9 ver en Preci","item":"https:\/\/www.exploring-umbria.com\/es\/pueblos-en-umbria-muchas-joyas-escondidas\/que-hacer-en-preci-2\/"},{"@type":"ListItem","position":4,"name":"Abad\u00eda de Santo Euticio"}]}]}},"_links":{"self":[{"href":"https:\/\/www.exploring-umbria.com\/es\/wp-json\/wp\/v2\/pages\/38210"}],"collection":[{"href":"https:\/\/www.exploring-umbria.com\/es\/wp-json\/wp\/v2\/pages"}],"about":[{"href":"https:\/\/www.exploring-umbria.com\/es\/wp-json\/wp\/v2\/types\/page"}],"author":[{"embeddable":true,"href":"https:\/\/www.exploring-umbria.com\/es\/wp-json\/wp\/v2\/users\/4"}],"replies":[{"embeddable":true,"href":"https:\/\/www.exploring-umbria.com\/es\/wp-json\/wp\/v2\/comments?post=38210"}],"version-history":[{"count":2,"href":"https:\/\/www.exploring-umbria.com\/es\/wp-json\/wp\/v2\/pages\/38210\/revisions"}],"predecessor-version":[{"id":38214,"href":"https:\/\/www.exploring-umbria.com\/es\/wp-json\/wp\/v2\/pages\/38210\/revisions\/38214"}],"up":[{"embeddable":true,"href":"https:\/\/www.exploring-umbria.com\/es\/wp-json\/wp\/v2\/pages\/38173"}],"wp:featuredmedia":[{"embeddable":true,"href":"https:\/\/www.exploring-umbria.com\/es\/wp-json\/wp\/v2\/media\/17503"}],"wp:attachment":[{"href":"https:\/\/www.exploring-umbria.com\/es\/wp-json\/wp\/v2\/media?parent=38210"}],"curies":[{"name":"wp","href":"https:\/\/api.w.org\/{rel}","templated":true}]}}