{"id":38173,"date":"2019-03-26T18:59:24","date_gmt":"2019-03-26T17:59:24","guid":{"rendered":"https:\/\/www.exploring-umbria.com\/pueblos-en-umbria-muchas-joyas-escondidas\/cosa-vedere-a-preci\/"},"modified":"2020-07-20T19:35:48","modified_gmt":"2020-07-20T17:35:48","slug":"que-hacer-en-preci-2","status":"publish","type":"page","link":"https:\/\/www.exploring-umbria.com\/es\/pueblos-en-umbria-muchas-joyas-escondidas\/que-hacer-en-preci-2\/","title":{"rendered":"Qu\u00e9 ver en Preci"},"content":{"rendered":"<p><strong>Descubre qu\u00e9 ver en Preci\u00a0<\/strong><\/p>\n<p>Rodeado de una espesa vegetaci\u00f3n arb\u00f3rea y arbustiva, rica en plantas medicinales que desde la antig\u00fcedad han sido utilizadaspor los habitantes y monjes, como bosques, manantiales y formaciones calc\u00e1reas, el peque\u00f1o pueblo de Preci es uno de los muchos atractivos del <strong>\u00ab<a href=\"https:\/\/www.exploring-umbria.com\/es\/subcategories\/parques-y-lagos\/#heading31891\" target=\"_blank\" rel=\"noopener noreferrer\">Parque de los Montes Sibillini<\/a>\u00bb <\/strong>al que pertenece. Encaramado en las colinas de los <a href=\"https:\/\/es.wikipedia.org\/wiki\/Apeninos\" target=\"_blank\" rel=\"noopener noreferrer\">Apeninos<\/a>, el pueblo se estructura en una serie de calles estrechas y empinadas que a veces alcanzan una pendiente de hasta el ocho por ciento y que se refieren todas ellas a la plaza principal, el coraz\u00f3n deltrazado urbano.<\/p>\n<p>No tardar\u00e1s mucho en explorar la belleza de esta peque\u00f1a joya arquitect\u00f3nica, conservada en su forma del siglo XVI. La visita comenzar\u00e1 con la pizza central, sobre la que se alza el Ayuntamiento, s\u00edmbolo del poder civil, a poca distancia de la <strong>Iglesia de Santa Mar\u00eda de la Piedad, <\/strong>construida por los monjes de la Abad\u00eda de Santo Eutiquio en el siglo XIII y s\u00edmbolo del poder religioso. No lejos del centro de la ciudad, al oeste se encuentra el distrito de Ajedrez, que toma su nombre de los hermanos <em>Durante<\/em> y <em>Cesari<\/em> <em>Scacchi<\/em>, distinguidos exponentes de la famosa EscuelaQuir\u00fargica Preciana. Siguiendo el camino hom\u00f3nimo, se llega a la <strong>Iglesia de Santa Catalina<\/strong>, hoy desgraciadamente muy da\u00f1ada por los terremotos, que se presenta en formas completamente diferentes a las originales y que alberga el <strong>Museo de la Escuela Quir\u00fargica.<\/strong><\/p>\n<p>El peque\u00f1o pueblo habr\u00e1 mostrado todas sus maravillas, pero para no dejar de lado nada, te recomendamos que llegues al extremo sur de la ciudad, donde las antiguas murallas de la ciudad han conservado la entrada del \u00ab<strong>arco de Finocchioli\u00bb. <\/strong>Una vez que hayas cruzado el umbral, habr\u00e1 abandonado el circuito de la ciudad y tendr\u00e1 la oportunidad de admirar la hermosa vista del valle del Castoriana.<\/p>\n","protected":false},"excerpt":{"rendered":"<p>Descubre qu\u00e9 ver en Preci\u00a0 Rodeado de una espesa vegetaci\u00f3n arb\u00f3rea y arbustiva, rica en plantas medicinales que desde la antig\u00fcedad han sido utilizadaspor los habitantes y monjes, como bosques, manantiales y formaciones calc\u00e1reas, el peque\u00f1o pueblo de Preci es uno de los muchos atractivos del \u00abParque de los Montes Sibillini\u00bb al que pertenece. Encaramado [&hellip;]<\/p>\n","protected":false},"author":4,"featured_media":17486,"parent":3272,"menu_order":0,"comment_status":"closed","ping_status":"closed","template":"","meta":{"om_disable_all_campaigns":false,"_monsterinsights_skip_tracking":false,"_monsterinsights_sitenote_active":false,"_monsterinsights_sitenote_note":"","_monsterinsights_sitenote_category":0},"acf":[],"yoast_head":"<!-- This site is optimized with the Yoast SEO plugin v18.4.1 - https:\/\/yoast.com\/wordpress\/plugins\/seo\/ -->\n<title>Qu\u00e9 ver en Preci - Exploring Umbria<\/title>\n<meta name=\"description\" content=\"Descubre qu\u00e9 ver en Preci\u00a0 Rodeado de una espesa vegetaci\u00f3n arb\u00f3rea y arbustiva, rica en plantas medicinales que desde la antig\u00fcedad han sido\" \/>\n<meta name=\"robots\" content=\"index, follow, max-snippet:-1, max-image-preview:large, max-video-preview:-1\" \/>\n<link rel=\"canonical\" href=\"https:\/\/www.exploring-umbria.com\/es\/pueblos-en-umbria-muchas-joyas-escondidas\/que-hacer-en-preci-2\/\" \/>\n<meta property=\"og:locale\" content=\"es_ES\" \/>\n<meta property=\"og:type\" content=\"article\" \/>\n<meta property=\"og:title\" content=\"Qu\u00e9 ver en Preci - Exploring Umbria\" \/>\n<meta property=\"og:description\" content=\"Descubre qu\u00e9 ver en Preci\u00a0 Rodeado de una espesa vegetaci\u00f3n arb\u00f3rea y arbustiva, rica en plantas medicinales que desde la antig\u00fcedad han sido\" \/>\n<meta property=\"og:url\" content=\"https:\/\/www.exploring-umbria.com\/es\/pueblos-en-umbria-muchas-joyas-escondidas\/que-hacer-en-preci-2\/\" \/>\n<meta property=\"og:site_name\" content=\"Exploring Umbria\" \/>\n<meta property=\"article:publisher\" content=\"https:\/\/www.facebook.com\/exploringumbria\/\" \/>\n<meta property=\"article:modified_time\" content=\"2020-07-20T17:35:48+00:00\" \/>\n<meta property=\"og:image\" content=\"https:\/\/www.exploring-umbria.com\/wp-content\/uploads\/2019\/07\/PRECI-VISTA.jpg\" \/>\n\t<meta property=\"og:image:width\" content=\"960\" \/>\n\t<meta property=\"og:image:height\" content=\"720\" \/>\n\t<meta property=\"og:image:type\" content=\"image\/jpeg\" \/>\n<meta name=\"twitter:card\" content=\"summary_large_image\" \/>\n<meta name=\"twitter:label1\" content=\"Tiempo de lectura\" \/>\n\t<meta name=\"twitter:data1\" content=\"2 minutos\" \/>\n<script type=\"application\/ld+json\" class=\"yoast-schema-graph\">{\"@context\":\"https:\/\/schema.org\",\"@graph\":[{\"@type\":\"Organization\",\"@id\":\"https:\/\/www.exploring-umbria.com\/es\/#organization\",\"name\":\"Exploring Umbria\",\"url\":\"https:\/\/www.exploring-umbria.com\/es\/\",\"sameAs\":[\"https:\/\/www.facebook.com\/exploringumbria\/\",\"https:\/\/www.instagram.com\/exploringumbria\/\"],\"logo\":{\"@type\":\"ImageObject\",\"@id\":\"https:\/\/www.exploring-umbria.com\/es\/#logo\",\"inLanguage\":\"es\",\"url\":\"https:\/\/www.exploring-umbria.com\/wp-content\/uploads\/2019\/08\/solo-logo-verde.jpg\",\"contentUrl\":\"https:\/\/www.exploring-umbria.com\/wp-content\/uploads\/2019\/08\/solo-logo-verde.jpg\",\"width\":952,\"height\":532,\"caption\":\"Exploring Umbria\"},\"image\":{\"@id\":\"https:\/\/www.exploring-umbria.com\/es\/#logo\"}},{\"@type\":\"WebSite\",\"@id\":\"https:\/\/www.exploring-umbria.com\/es\/#website\",\"url\":\"https:\/\/www.exploring-umbria.com\/es\/\",\"name\":\"Exploring Umbria\",\"description\":\"your dates, your mood, your trip\",\"publisher\":{\"@id\":\"https:\/\/www.exploring-umbria.com\/es\/#organization\"},\"potentialAction\":[{\"@type\":\"SearchAction\",\"target\":{\"@type\":\"EntryPoint\",\"urlTemplate\":\"https:\/\/www.exploring-umbria.com\/es\/?s={search_term_string}\"},\"query-input\":\"required name=search_term_string\"}],\"inLanguage\":\"es\"},{\"@type\":\"ImageObject\",\"@id\":\"https:\/\/www.exploring-umbria.com\/es\/pueblos-en-umbria-muchas-joyas-escondidas\/que-hacer-en-preci-2\/#primaryimage\",\"inLanguage\":\"es\",\"url\":\"https:\/\/www.exploring-umbria.com\/wp-content\/uploads\/2019\/07\/PRECI-VISTA.jpg\",\"contentUrl\":\"https:\/\/www.exploring-umbria.com\/wp-content\/uploads\/2019\/07\/PRECI-VISTA.jpg\",\"width\":960,\"height\":720,\"caption\":\"Preci\"},{\"@type\":\"WebPage\",\"@id\":\"https:\/\/www.exploring-umbria.com\/es\/pueblos-en-umbria-muchas-joyas-escondidas\/que-hacer-en-preci-2\/#webpage\",\"url\":\"https:\/\/www.exploring-umbria.com\/es\/pueblos-en-umbria-muchas-joyas-escondidas\/que-hacer-en-preci-2\/\",\"name\":\"Qu\u00e9 ver en Preci - Exploring Umbria\",\"isPartOf\":{\"@id\":\"https:\/\/www.exploring-umbria.com\/es\/#website\"},\"primaryImageOfPage\":{\"@id\":\"https:\/\/www.exploring-umbria.com\/es\/pueblos-en-umbria-muchas-joyas-escondidas\/que-hacer-en-preci-2\/#primaryimage\"},\"datePublished\":\"2019-03-26T17:59:24+00:00\",\"dateModified\":\"2020-07-20T17:35:48+00:00\",\"description\":\"Descubre qu\u00e9 ver en Preci\u00a0 Rodeado de una espesa vegetaci\u00f3n arb\u00f3rea y arbustiva, rica en plantas medicinales que desde la antig\u00fcedad han sido\",\"breadcrumb\":{\"@id\":\"https:\/\/www.exploring-umbria.com\/es\/pueblos-en-umbria-muchas-joyas-escondidas\/que-hacer-en-preci-2\/#breadcrumb\"},\"inLanguage\":\"es\",\"potentialAction\":[{\"@type\":\"ReadAction\",\"target\":[\"https:\/\/www.exploring-umbria.com\/es\/pueblos-en-umbria-muchas-joyas-escondidas\/que-hacer-en-preci-2\/\"]}]},{\"@type\":\"BreadcrumbList\",\"@id\":\"https:\/\/www.exploring-umbria.com\/es\/pueblos-en-umbria-muchas-joyas-escondidas\/que-hacer-en-preci-2\/#breadcrumb\",\"itemListElement\":[{\"@type\":\"ListItem\",\"position\":1,\"name\":\"Home\",\"item\":\"https:\/\/www.exploring-umbria.com\/es\/\"},{\"@type\":\"ListItem\",\"position\":2,\"name\":\"Pueblos en Umbr\u00eda: muchas joyas escondidas\",\"item\":\"https:\/\/www.exploring-umbria.com\/es\/pueblos-en-umbria-muchas-joyas-escondidas\/\"},{\"@type\":\"ListItem\",\"position\":3,\"name\":\"Qu\u00e9 ver en Preci\"}]}]}<\/script>\n<!-- \/ Yoast SEO plugin. -->","yoast_head_json":{"title":"Qu\u00e9 ver en Preci - Exploring Umbria","description":"Descubre qu\u00e9 ver en Preci\u00a0 Rodeado de una espesa vegetaci\u00f3n arb\u00f3rea y arbustiva, rica en plantas medicinales que desde la antig\u00fcedad han sido","robots":{"index":"index","follow":"follow","max-snippet":"max-snippet:-1","max-image-preview":"max-image-preview:large","max-video-preview":"max-video-preview:-1"},"canonical":"https:\/\/www.exploring-umbria.com\/es\/pueblos-en-umbria-muchas-joyas-escondidas\/que-hacer-en-preci-2\/","og_locale":"es_ES","og_type":"article","og_title":"Qu\u00e9 ver en Preci - Exploring Umbria","og_description":"Descubre qu\u00e9 ver en Preci\u00a0 Rodeado de una espesa vegetaci\u00f3n arb\u00f3rea y arbustiva, rica en plantas medicinales que desde la antig\u00fcedad han sido","og_url":"https:\/\/www.exploring-umbria.com\/es\/pueblos-en-umbria-muchas-joyas-escondidas\/que-hacer-en-preci-2\/","og_site_name":"Exploring Umbria","article_publisher":"https:\/\/www.facebook.com\/exploringumbria\/","article_modified_time":"2020-07-20T17:35:48+00:00","og_image":[{"width":960,"height":720,"url":"https:\/\/www.exploring-umbria.com\/wp-content\/uploads\/2019\/07\/PRECI-VISTA.jpg","type":"image\/jpeg"}],"twitter_card":"summary_large_image","twitter_misc":{"Tiempo de lectura":"2 minutos"},"schema":{"@context":"https:\/\/schema.org","@graph":[{"@type":"Organization","@id":"https:\/\/www.exploring-umbria.com\/es\/#organization","name":"Exploring Umbria","url":"https:\/\/www.exploring-umbria.com\/es\/","sameAs":["https:\/\/www.facebook.com\/exploringumbria\/","https:\/\/www.instagram.com\/exploringumbria\/"],"logo":{"@type":"ImageObject","@id":"https:\/\/www.exploring-umbria.com\/es\/#logo","inLanguage":"es","url":"https:\/\/www.exploring-umbria.com\/wp-content\/uploads\/2019\/08\/solo-logo-verde.jpg","contentUrl":"https:\/\/www.exploring-umbria.com\/wp-content\/uploads\/2019\/08\/solo-logo-verde.jpg","width":952,"height":532,"caption":"Exploring Umbria"},"image":{"@id":"https:\/\/www.exploring-umbria.com\/es\/#logo"}},{"@type":"WebSite","@id":"https:\/\/www.exploring-umbria.com\/es\/#website","url":"https:\/\/www.exploring-umbria.com\/es\/","name":"Exploring Umbria","description":"your dates, your mood, your trip","publisher":{"@id":"https:\/\/www.exploring-umbria.com\/es\/#organization"},"potentialAction":[{"@type":"SearchAction","target":{"@type":"EntryPoint","urlTemplate":"https:\/\/www.exploring-umbria.com\/es\/?s={search_term_string}"},"query-input":"required name=search_term_string"}],"inLanguage":"es"},{"@type":"ImageObject","@id":"https:\/\/www.exploring-umbria.com\/es\/pueblos-en-umbria-muchas-joyas-escondidas\/que-hacer-en-preci-2\/#primaryimage","inLanguage":"es","url":"https:\/\/www.exploring-umbria.com\/wp-content\/uploads\/2019\/07\/PRECI-VISTA.jpg","contentUrl":"https:\/\/www.exploring-umbria.com\/wp-content\/uploads\/2019\/07\/PRECI-VISTA.jpg","width":960,"height":720,"caption":"Preci"},{"@type":"WebPage","@id":"https:\/\/www.exploring-umbria.com\/es\/pueblos-en-umbria-muchas-joyas-escondidas\/que-hacer-en-preci-2\/#webpage","url":"https:\/\/www.exploring-umbria.com\/es\/pueblos-en-umbria-muchas-joyas-escondidas\/que-hacer-en-preci-2\/","name":"Qu\u00e9 ver en Preci - Exploring Umbria","isPartOf":{"@id":"https:\/\/www.exploring-umbria.com\/es\/#website"},"primaryImageOfPage":{"@id":"https:\/\/www.exploring-umbria.com\/es\/pueblos-en-umbria-muchas-joyas-escondidas\/que-hacer-en-preci-2\/#primaryimage"},"datePublished":"2019-03-26T17:59:24+00:00","dateModified":"2020-07-20T17:35:48+00:00","description":"Descubre qu\u00e9 ver en Preci\u00a0 Rodeado de una espesa vegetaci\u00f3n arb\u00f3rea y arbustiva, rica en plantas medicinales que desde la antig\u00fcedad han sido","breadcrumb":{"@id":"https:\/\/www.exploring-umbria.com\/es\/pueblos-en-umbria-muchas-joyas-escondidas\/que-hacer-en-preci-2\/#breadcrumb"},"inLanguage":"es","potentialAction":[{"@type":"ReadAction","target":["https:\/\/www.exploring-umbria.com\/es\/pueblos-en-umbria-muchas-joyas-escondidas\/que-hacer-en-preci-2\/"]}]},{"@type":"BreadcrumbList","@id":"https:\/\/www.exploring-umbria.com\/es\/pueblos-en-umbria-muchas-joyas-escondidas\/que-hacer-en-preci-2\/#breadcrumb","itemListElement":[{"@type":"ListItem","position":1,"name":"Home","item":"https:\/\/www.exploring-umbria.com\/es\/"},{"@type":"ListItem","position":2,"name":"Pueblos en Umbr\u00eda: muchas joyas escondidas","item":"https:\/\/www.exploring-umbria.com\/es\/pueblos-en-umbria-muchas-joyas-escondidas\/"},{"@type":"ListItem","position":3,"name":"Qu\u00e9 ver en Preci"}]}]}},"_links":{"self":[{"href":"https:\/\/www.exploring-umbria.com\/es\/wp-json\/wp\/v2\/pages\/38173"}],"collection":[{"href":"https:\/\/www.exploring-umbria.com\/es\/wp-json\/wp\/v2\/pages"}],"about":[{"href":"https:\/\/www.exploring-umbria.com\/es\/wp-json\/wp\/v2\/types\/page"}],"author":[{"embeddable":true,"href":"https:\/\/www.exploring-umbria.com\/es\/wp-json\/wp\/v2\/users\/4"}],"replies":[{"embeddable":true,"href":"https:\/\/www.exploring-umbria.com\/es\/wp-json\/wp\/v2\/comments?post=38173"}],"version-history":[{"count":2,"href":"https:\/\/www.exploring-umbria.com\/es\/wp-json\/wp\/v2\/pages\/38173\/revisions"}],"predecessor-version":[{"id":38178,"href":"https:\/\/www.exploring-umbria.com\/es\/wp-json\/wp\/v2\/pages\/38173\/revisions\/38178"}],"up":[{"embeddable":true,"href":"https:\/\/www.exploring-umbria.com\/es\/wp-json\/wp\/v2\/pages\/3272"}],"wp:featuredmedia":[{"embeddable":true,"href":"https:\/\/www.exploring-umbria.com\/es\/wp-json\/wp\/v2\/media\/17486"}],"wp:attachment":[{"href":"https:\/\/www.exploring-umbria.com\/es\/wp-json\/wp\/v2\/media?parent=38173"}],"curies":[{"name":"wp","href":"https:\/\/api.w.org\/{rel}","templated":true}]}}