{"id":38154,"date":"2019-03-25T18:42:41","date_gmt":"2019-03-25T17:42:41","guid":{"rendered":"https:\/\/www.exploring-umbria.com\/pueblos-en-umbria-muchas-joyas-escondidas\/que-ver-en-corciano\/castello-di-pieve-del-vescovo\/"},"modified":"2020-07-20T18:43:29","modified_gmt":"2020-07-20T16:43:29","slug":"castillo-de-la-parroquia-del-obispo","status":"publish","type":"page","link":"https:\/\/www.exploring-umbria.com\/es\/pueblos-en-umbria-muchas-joyas-escondidas\/que-ver-en-corciano\/castillo-de-la-parroquia-del-obispo\/","title":{"rendered":"Castillo de la Parroquia del Obispo"},"content":{"rendered":"<p>A un kil\u00f3metro de Corciano, en la cima de la colina de Migiana di Monte Malbe, se encuentra el majestuoso y orgulloso <strong>Castillo de la Parroquia del Obispo <\/strong>(Pieve del Vescovo).<\/p>\n<p>La estructura fortificada, bien conservada desde la antig\u00fcedad pero que ya no est\u00e1 abierta a los visitantes, tiene or\u00edgenes muy remotos. Parece ser que el n\u00facleo original se remonta a los siglos VII o XI. Cuando en la zona hab\u00eda un \u00ab<em>Plebs Sancti Joahnnis<\/em>\u00ab, es decir, un lugar de culto dedicado a San Juan. En 1396, con el permiso del municipio de Perugia, se fortific\u00f3 la estructura adquiriendo el aspecto actual que la caracteriza: las imponentes murallas cuadrangulares con cuatro torres de esquina.<\/p>\n<p>Al a\u00f1o siguiente el edificio acogi\u00f3 la famosa y suntuosa boda del Capit\u00e1n de Ventura <em>Biordo<\/em> <em>di<\/em> <em>Michelotti<\/em> con la noble <em>Giovanna<\/em> <em>Orsini<\/em>. Desde ese momento el castillo fue utilizado como lugar de defensa. Hasta el Renacimiento, cuando transform\u00f3 su funci\u00f3n en suntuosa residencia de los obispos de Perugia. Este fue el per\u00edodo en el que el castillo fue transformado en dep\u00f3sito de armas por las tropas alemanas durante la Segunda Guerra Mundial y luego en almac\u00e9n agr\u00edcola hasta el siglo XX.<\/p>\n<p>Desde 2005, tras importantes obras de restauraci\u00f3n, el conjunto arquitect\u00f3nico alberga el Museo Diocesano de la Parroquia Obispal.<\/p>\n","protected":false},"excerpt":{"rendered":"<p>A un kil\u00f3metro de Corciano, en la cima de la colina de Migiana di Monte Malbe, se encuentra el majestuoso y orgulloso Castillo de la Parroquia del Obispo (Pieve del Vescovo). La estructura fortificada, bien conservada desde la antig\u00fcedad pero que ya no est\u00e1 abierta a los visitantes, tiene or\u00edgenes muy remotos. Parece ser que [&hellip;]<\/p>\n","protected":false},"author":4,"featured_media":0,"parent":38110,"menu_order":5,"comment_status":"closed","ping_status":"closed","template":"","meta":{"om_disable_all_campaigns":false,"_monsterinsights_skip_tracking":false,"_monsterinsights_sitenote_active":false,"_monsterinsights_sitenote_note":"","_monsterinsights_sitenote_category":0},"acf":[],"yoast_head":"<!-- This site is optimized with the Yoast SEO plugin v18.4.1 - https:\/\/yoast.com\/wordpress\/plugins\/seo\/ -->\n<title>Castillo de la Parroquia del Obispo - Exploring Umbria<\/title>\n<meta name=\"description\" content=\"A un kil\u00f3metro de Corciano, en la cima de la colina de Migiana di Monte Malbe, se encuentra el majestuoso y orgulloso Castillo de la Parroquia del Obispo\" \/>\n<meta name=\"robots\" content=\"index, follow, max-snippet:-1, max-image-preview:large, max-video-preview:-1\" \/>\n<link rel=\"canonical\" href=\"https:\/\/www.exploring-umbria.com\/es\/pueblos-en-umbria-muchas-joyas-escondidas\/que-ver-en-corciano\/castillo-de-la-parroquia-del-obispo\/\" \/>\n<meta property=\"og:locale\" content=\"es_ES\" \/>\n<meta property=\"og:type\" content=\"article\" \/>\n<meta property=\"og:title\" content=\"Castillo de la Parroquia del Obispo - Exploring Umbria\" \/>\n<meta property=\"og:description\" content=\"A un kil\u00f3metro de Corciano, en la cima de la colina de Migiana di Monte Malbe, se encuentra el majestuoso y orgulloso Castillo de la Parroquia del Obispo\" \/>\n<meta property=\"og:url\" content=\"https:\/\/www.exploring-umbria.com\/es\/pueblos-en-umbria-muchas-joyas-escondidas\/que-ver-en-corciano\/castillo-de-la-parroquia-del-obispo\/\" \/>\n<meta property=\"og:site_name\" content=\"Exploring Umbria\" \/>\n<meta property=\"article:publisher\" content=\"https:\/\/www.facebook.com\/exploringumbria\/\" \/>\n<meta property=\"article:modified_time\" content=\"2020-07-20T16:43:29+00:00\" \/>\n<meta name=\"twitter:card\" content=\"summary_large_image\" \/>\n<meta name=\"twitter:label1\" content=\"Tiempo de lectura\" \/>\n\t<meta name=\"twitter:data1\" content=\"1 minuto\" \/>\n<script type=\"application\/ld+json\" class=\"yoast-schema-graph\">{\"@context\":\"https:\/\/schema.org\",\"@graph\":[{\"@type\":\"Organization\",\"@id\":\"https:\/\/www.exploring-umbria.com\/es\/#organization\",\"name\":\"Exploring Umbria\",\"url\":\"https:\/\/www.exploring-umbria.com\/es\/\",\"sameAs\":[\"https:\/\/www.facebook.com\/exploringumbria\/\",\"https:\/\/www.instagram.com\/exploringumbria\/\"],\"logo\":{\"@type\":\"ImageObject\",\"@id\":\"https:\/\/www.exploring-umbria.com\/es\/#logo\",\"inLanguage\":\"es\",\"url\":\"https:\/\/www.exploring-umbria.com\/wp-content\/uploads\/2019\/08\/solo-logo-verde.jpg\",\"contentUrl\":\"https:\/\/www.exploring-umbria.com\/wp-content\/uploads\/2019\/08\/solo-logo-verde.jpg\",\"width\":952,\"height\":532,\"caption\":\"Exploring Umbria\"},\"image\":{\"@id\":\"https:\/\/www.exploring-umbria.com\/es\/#logo\"}},{\"@type\":\"WebSite\",\"@id\":\"https:\/\/www.exploring-umbria.com\/es\/#website\",\"url\":\"https:\/\/www.exploring-umbria.com\/es\/\",\"name\":\"Exploring Umbria\",\"description\":\"your dates, your mood, your trip\",\"publisher\":{\"@id\":\"https:\/\/www.exploring-umbria.com\/es\/#organization\"},\"potentialAction\":[{\"@type\":\"SearchAction\",\"target\":{\"@type\":\"EntryPoint\",\"urlTemplate\":\"https:\/\/www.exploring-umbria.com\/es\/?s={search_term_string}\"},\"query-input\":\"required name=search_term_string\"}],\"inLanguage\":\"es\"},{\"@type\":\"WebPage\",\"@id\":\"https:\/\/www.exploring-umbria.com\/es\/pueblos-en-umbria-muchas-joyas-escondidas\/que-ver-en-corciano\/castillo-de-la-parroquia-del-obispo\/#webpage\",\"url\":\"https:\/\/www.exploring-umbria.com\/es\/pueblos-en-umbria-muchas-joyas-escondidas\/que-ver-en-corciano\/castillo-de-la-parroquia-del-obispo\/\",\"name\":\"Castillo de la Parroquia del Obispo - Exploring Umbria\",\"isPartOf\":{\"@id\":\"https:\/\/www.exploring-umbria.com\/es\/#website\"},\"datePublished\":\"2019-03-25T17:42:41+00:00\",\"dateModified\":\"2020-07-20T16:43:29+00:00\",\"description\":\"A un kil\u00f3metro de Corciano, en la cima de la colina de Migiana di Monte Malbe, se encuentra el majestuoso y orgulloso Castillo de la Parroquia del Obispo\",\"breadcrumb\":{\"@id\":\"https:\/\/www.exploring-umbria.com\/es\/pueblos-en-umbria-muchas-joyas-escondidas\/que-ver-en-corciano\/castillo-de-la-parroquia-del-obispo\/#breadcrumb\"},\"inLanguage\":\"es\",\"potentialAction\":[{\"@type\":\"ReadAction\",\"target\":[\"https:\/\/www.exploring-umbria.com\/es\/pueblos-en-umbria-muchas-joyas-escondidas\/que-ver-en-corciano\/castillo-de-la-parroquia-del-obispo\/\"]}]},{\"@type\":\"BreadcrumbList\",\"@id\":\"https:\/\/www.exploring-umbria.com\/es\/pueblos-en-umbria-muchas-joyas-escondidas\/que-ver-en-corciano\/castillo-de-la-parroquia-del-obispo\/#breadcrumb\",\"itemListElement\":[{\"@type\":\"ListItem\",\"position\":1,\"name\":\"Home\",\"item\":\"https:\/\/www.exploring-umbria.com\/es\/\"},{\"@type\":\"ListItem\",\"position\":2,\"name\":\"Pueblos en Umbr\u00eda: muchas joyas escondidas\",\"item\":\"https:\/\/www.exploring-umbria.com\/es\/pueblos-en-umbria-muchas-joyas-escondidas\/\"},{\"@type\":\"ListItem\",\"position\":3,\"name\":\"Qu\u00e9 ver en Corciano\",\"item\":\"https:\/\/www.exploring-umbria.com\/es\/pueblos-en-umbria-muchas-joyas-escondidas\/que-ver-en-corciano\/\"},{\"@type\":\"ListItem\",\"position\":4,\"name\":\"Castillo de la Parroquia del Obispo\"}]}]}<\/script>\n<!-- \/ Yoast SEO plugin. -->","yoast_head_json":{"title":"Castillo de la Parroquia del Obispo - Exploring Umbria","description":"A un kil\u00f3metro de Corciano, en la cima de la colina de Migiana di Monte Malbe, se encuentra el majestuoso y orgulloso Castillo de la Parroquia del Obispo","robots":{"index":"index","follow":"follow","max-snippet":"max-snippet:-1","max-image-preview":"max-image-preview:large","max-video-preview":"max-video-preview:-1"},"canonical":"https:\/\/www.exploring-umbria.com\/es\/pueblos-en-umbria-muchas-joyas-escondidas\/que-ver-en-corciano\/castillo-de-la-parroquia-del-obispo\/","og_locale":"es_ES","og_type":"article","og_title":"Castillo de la Parroquia del Obispo - Exploring Umbria","og_description":"A un kil\u00f3metro de Corciano, en la cima de la colina de Migiana di Monte Malbe, se encuentra el majestuoso y orgulloso Castillo de la Parroquia del Obispo","og_url":"https:\/\/www.exploring-umbria.com\/es\/pueblos-en-umbria-muchas-joyas-escondidas\/que-ver-en-corciano\/castillo-de-la-parroquia-del-obispo\/","og_site_name":"Exploring Umbria","article_publisher":"https:\/\/www.facebook.com\/exploringumbria\/","article_modified_time":"2020-07-20T16:43:29+00:00","twitter_card":"summary_large_image","twitter_misc":{"Tiempo de lectura":"1 minuto"},"schema":{"@context":"https:\/\/schema.org","@graph":[{"@type":"Organization","@id":"https:\/\/www.exploring-umbria.com\/es\/#organization","name":"Exploring Umbria","url":"https:\/\/www.exploring-umbria.com\/es\/","sameAs":["https:\/\/www.facebook.com\/exploringumbria\/","https:\/\/www.instagram.com\/exploringumbria\/"],"logo":{"@type":"ImageObject","@id":"https:\/\/www.exploring-umbria.com\/es\/#logo","inLanguage":"es","url":"https:\/\/www.exploring-umbria.com\/wp-content\/uploads\/2019\/08\/solo-logo-verde.jpg","contentUrl":"https:\/\/www.exploring-umbria.com\/wp-content\/uploads\/2019\/08\/solo-logo-verde.jpg","width":952,"height":532,"caption":"Exploring Umbria"},"image":{"@id":"https:\/\/www.exploring-umbria.com\/es\/#logo"}},{"@type":"WebSite","@id":"https:\/\/www.exploring-umbria.com\/es\/#website","url":"https:\/\/www.exploring-umbria.com\/es\/","name":"Exploring Umbria","description":"your dates, your mood, your trip","publisher":{"@id":"https:\/\/www.exploring-umbria.com\/es\/#organization"},"potentialAction":[{"@type":"SearchAction","target":{"@type":"EntryPoint","urlTemplate":"https:\/\/www.exploring-umbria.com\/es\/?s={search_term_string}"},"query-input":"required name=search_term_string"}],"inLanguage":"es"},{"@type":"WebPage","@id":"https:\/\/www.exploring-umbria.com\/es\/pueblos-en-umbria-muchas-joyas-escondidas\/que-ver-en-corciano\/castillo-de-la-parroquia-del-obispo\/#webpage","url":"https:\/\/www.exploring-umbria.com\/es\/pueblos-en-umbria-muchas-joyas-escondidas\/que-ver-en-corciano\/castillo-de-la-parroquia-del-obispo\/","name":"Castillo de la Parroquia del Obispo - Exploring Umbria","isPartOf":{"@id":"https:\/\/www.exploring-umbria.com\/es\/#website"},"datePublished":"2019-03-25T17:42:41+00:00","dateModified":"2020-07-20T16:43:29+00:00","description":"A un kil\u00f3metro de Corciano, en la cima de la colina de Migiana di Monte Malbe, se encuentra el majestuoso y orgulloso Castillo de la Parroquia del Obispo","breadcrumb":{"@id":"https:\/\/www.exploring-umbria.com\/es\/pueblos-en-umbria-muchas-joyas-escondidas\/que-ver-en-corciano\/castillo-de-la-parroquia-del-obispo\/#breadcrumb"},"inLanguage":"es","potentialAction":[{"@type":"ReadAction","target":["https:\/\/www.exploring-umbria.com\/es\/pueblos-en-umbria-muchas-joyas-escondidas\/que-ver-en-corciano\/castillo-de-la-parroquia-del-obispo\/"]}]},{"@type":"BreadcrumbList","@id":"https:\/\/www.exploring-umbria.com\/es\/pueblos-en-umbria-muchas-joyas-escondidas\/que-ver-en-corciano\/castillo-de-la-parroquia-del-obispo\/#breadcrumb","itemListElement":[{"@type":"ListItem","position":1,"name":"Home","item":"https:\/\/www.exploring-umbria.com\/es\/"},{"@type":"ListItem","position":2,"name":"Pueblos en Umbr\u00eda: muchas joyas escondidas","item":"https:\/\/www.exploring-umbria.com\/es\/pueblos-en-umbria-muchas-joyas-escondidas\/"},{"@type":"ListItem","position":3,"name":"Qu\u00e9 ver en Corciano","item":"https:\/\/www.exploring-umbria.com\/es\/pueblos-en-umbria-muchas-joyas-escondidas\/que-ver-en-corciano\/"},{"@type":"ListItem","position":4,"name":"Castillo de la Parroquia del Obispo"}]}]}},"_links":{"self":[{"href":"https:\/\/www.exploring-umbria.com\/es\/wp-json\/wp\/v2\/pages\/38154"}],"collection":[{"href":"https:\/\/www.exploring-umbria.com\/es\/wp-json\/wp\/v2\/pages"}],"about":[{"href":"https:\/\/www.exploring-umbria.com\/es\/wp-json\/wp\/v2\/types\/page"}],"author":[{"embeddable":true,"href":"https:\/\/www.exploring-umbria.com\/es\/wp-json\/wp\/v2\/users\/4"}],"replies":[{"embeddable":true,"href":"https:\/\/www.exploring-umbria.com\/es\/wp-json\/wp\/v2\/comments?post=38154"}],"version-history":[{"count":2,"href":"https:\/\/www.exploring-umbria.com\/es\/wp-json\/wp\/v2\/pages\/38154\/revisions"}],"predecessor-version":[{"id":38158,"href":"https:\/\/www.exploring-umbria.com\/es\/wp-json\/wp\/v2\/pages\/38154\/revisions\/38158"}],"up":[{"embeddable":true,"href":"https:\/\/www.exploring-umbria.com\/es\/wp-json\/wp\/v2\/pages\/38110"}],"wp:attachment":[{"href":"https:\/\/www.exploring-umbria.com\/es\/wp-json\/wp\/v2\/media?parent=38154"}],"curies":[{"name":"wp","href":"https:\/\/api.w.org\/{rel}","templated":true}]}}