{"id":37965,"date":"2019-05-21T14:32:39","date_gmt":"2019-05-21T12:32:39","guid":{"rendered":"https:\/\/www.exploring-umbria.com\/pueblos-en-umbria-muchas-joyas-escondidas\/que-ver-en-spello\/chiesa-di-san-claudio\/"},"modified":"2020-07-15T13:57:20","modified_gmt":"2020-07-15T11:57:20","slug":"iglesia-de-san-claudio","status":"publish","type":"page","link":"https:\/\/www.exploring-umbria.com\/es\/pueblos-en-umbria-muchas-joyas-escondidas\/que-ver-en-spello\/iglesia-de-san-claudio\/","title":{"rendered":"Iglesia de San Claudio"},"content":{"rendered":"<p>La iglesia de San Claudio est\u00e1 situada fuera de las murallas de la ciudad, cerca del Anfiteatro y es un maravilloso ejemplo de iglesia rom\u00e1nica de Umbr\u00eda, ya que ha mantenido casi inalteradas las caracter\u00edsticas del lenguaje art\u00edstico franciscano entre los siglos \u2169\u2161 y \u2169\u2162. En resumen, como afirma el historiador local <em>Dazio Pasquini<\/em>, \u00abuna de las pocas iglesias de Spello que no ten\u00eda dinero para ser barroca&#8230;\u00bb.<br \/>\nSeg\u00fan un documento de 1178, la iglesia pertenec\u00eda a la Abad\u00eda de San Silvestre de Collepino, de orden camaldulense; antes de 1393 pas\u00f3 a manos de la comunidad de Spello, aunque continuaron pagando a los monjes de San Silvestre una cuota anual.<br \/>\nA partir de finales del siglo XIV, despu\u00e9s de que el papa liberase a la iglesia de Spello con indulgencia plenaria, \u00e9sta se convirti\u00f3 en un centro religioso popular, donde se celebraban fiestas, lo que requer\u00eda la construcci\u00f3n de dos porches a cada lado del edificio.<br \/>\nEl terrible terremoto de 1832 caus\u00f3 da\u00f1os en la estructura, que fue objeto de restauraci\u00f3n, al igual que ocurri\u00f3 en el siglo XX. Tras el terremoto de 1997, se emprendieron otras obras, incluida la restauraci\u00f3n de los frescos, finalizada en 2009.<br \/>\nLa fachada de la iglesia de San Claudio, de piedra caliza blanca, es interesante ya quees ligeramente asim\u00e9trica; en la parte superior hay un magn\u00edfico roset\u00f3n, flanqueado por dos ajimeces. Finalmente, en la parte superior se alza el campanario en dos \u00f3rdenes, donde antes estaban las campanas, y en los extremos dos estatuas de \u00e1guilas, ahora ac\u00e9falas.<br \/>\nEl interior tiene tres naves divididas, a la derecha por columnas y a la izquierda por pilares en los que aparecen frescos de San Claudio en toda su longitud, que tiene en la mano sus herramientas detrabajo: el escuadra, el cincel y el martillo. En el \u00e1bside se encuentra el altar hecho a partir de la tapa de un sarc\u00f3fago.<br \/>\nLas paredes interiores del edificio estaban casi totalmente pintadas, pero hoy s\u00f3lo quedan algunos restos, entre ellos el ciclo de frescos de la <em>Cola di Petruccioli<\/em>, <em>el Misterio de la Redenci\u00f3n<\/em> en el presbiterio y las huellas de una <em>Crucifixi\u00f3n<\/em> en la pila del \u00e1bside.<\/p>\n","protected":false},"excerpt":{"rendered":"<p>La iglesia de San Claudio est\u00e1 situada fuera de las murallas de la ciudad, cerca del Anfiteatro y es un maravilloso ejemplo de iglesia rom\u00e1nica de Umbr\u00eda, ya que ha mantenido casi inalteradas las caracter\u00edsticas del lenguaje art\u00edstico franciscano entre los siglos \u2169\u2161 y \u2169\u2162. En resumen, como afirma el historiador local Dazio Pasquini, \u00abuna [&hellip;]<\/p>\n","protected":false},"author":4,"featured_media":0,"parent":37803,"menu_order":0,"comment_status":"closed","ping_status":"closed","template":"","meta":{"om_disable_all_campaigns":false,"_monsterinsights_skip_tracking":false,"_monsterinsights_sitenote_active":false,"_monsterinsights_sitenote_note":"","_monsterinsights_sitenote_category":0},"acf":[],"yoast_head":"<!-- This site is optimized with the Yoast SEO plugin v18.4.1 - https:\/\/yoast.com\/wordpress\/plugins\/seo\/ -->\n<title>Iglesia de San Claudio - Exploring Umbria<\/title>\n<meta name=\"description\" content=\"La iglesia de San Claudio est\u00e1 situada fuera de las murallas de la ciudad, cerca del Anfiteatro y es un maravilloso ejemplo de iglesia rom\u00e1nica de Umbr\u00eda,\" \/>\n<meta name=\"robots\" content=\"index, follow, max-snippet:-1, max-image-preview:large, max-video-preview:-1\" \/>\n<link rel=\"canonical\" href=\"https:\/\/www.exploring-umbria.com\/es\/pueblos-en-umbria-muchas-joyas-escondidas\/que-ver-en-spello\/iglesia-de-san-claudio\/\" \/>\n<meta property=\"og:locale\" content=\"es_ES\" \/>\n<meta property=\"og:type\" content=\"article\" \/>\n<meta property=\"og:title\" content=\"Iglesia de San Claudio - Exploring Umbria\" \/>\n<meta property=\"og:description\" content=\"La iglesia de San Claudio est\u00e1 situada fuera de las murallas de la ciudad, cerca del Anfiteatro y es un maravilloso ejemplo de iglesia rom\u00e1nica de Umbr\u00eda,\" \/>\n<meta property=\"og:url\" content=\"https:\/\/www.exploring-umbria.com\/es\/pueblos-en-umbria-muchas-joyas-escondidas\/que-ver-en-spello\/iglesia-de-san-claudio\/\" \/>\n<meta property=\"og:site_name\" content=\"Exploring Umbria\" \/>\n<meta property=\"article:publisher\" content=\"https:\/\/www.facebook.com\/exploringumbria\/\" \/>\n<meta property=\"article:modified_time\" content=\"2020-07-15T11:57:20+00:00\" \/>\n<meta name=\"twitter:card\" content=\"summary_large_image\" \/>\n<meta name=\"twitter:label1\" content=\"Tiempo de lectura\" \/>\n\t<meta name=\"twitter:data1\" content=\"2 minutos\" \/>\n<script type=\"application\/ld+json\" class=\"yoast-schema-graph\">{\"@context\":\"https:\/\/schema.org\",\"@graph\":[{\"@type\":\"Organization\",\"@id\":\"https:\/\/www.exploring-umbria.com\/es\/#organization\",\"name\":\"Exploring Umbria\",\"url\":\"https:\/\/www.exploring-umbria.com\/es\/\",\"sameAs\":[\"https:\/\/www.facebook.com\/exploringumbria\/\",\"https:\/\/www.instagram.com\/exploringumbria\/\"],\"logo\":{\"@type\":\"ImageObject\",\"@id\":\"https:\/\/www.exploring-umbria.com\/es\/#logo\",\"inLanguage\":\"es\",\"url\":\"https:\/\/www.exploring-umbria.com\/wp-content\/uploads\/2019\/08\/solo-logo-verde.jpg\",\"contentUrl\":\"https:\/\/www.exploring-umbria.com\/wp-content\/uploads\/2019\/08\/solo-logo-verde.jpg\",\"width\":952,\"height\":532,\"caption\":\"Exploring Umbria\"},\"image\":{\"@id\":\"https:\/\/www.exploring-umbria.com\/es\/#logo\"}},{\"@type\":\"WebSite\",\"@id\":\"https:\/\/www.exploring-umbria.com\/es\/#website\",\"url\":\"https:\/\/www.exploring-umbria.com\/es\/\",\"name\":\"Exploring Umbria\",\"description\":\"your dates, your mood, your trip\",\"publisher\":{\"@id\":\"https:\/\/www.exploring-umbria.com\/es\/#organization\"},\"potentialAction\":[{\"@type\":\"SearchAction\",\"target\":{\"@type\":\"EntryPoint\",\"urlTemplate\":\"https:\/\/www.exploring-umbria.com\/es\/?s={search_term_string}\"},\"query-input\":\"required name=search_term_string\"}],\"inLanguage\":\"es\"},{\"@type\":\"WebPage\",\"@id\":\"https:\/\/www.exploring-umbria.com\/es\/pueblos-en-umbria-muchas-joyas-escondidas\/que-ver-en-spello\/iglesia-de-san-claudio\/#webpage\",\"url\":\"https:\/\/www.exploring-umbria.com\/es\/pueblos-en-umbria-muchas-joyas-escondidas\/que-ver-en-spello\/iglesia-de-san-claudio\/\",\"name\":\"Iglesia de San Claudio - Exploring Umbria\",\"isPartOf\":{\"@id\":\"https:\/\/www.exploring-umbria.com\/es\/#website\"},\"datePublished\":\"2019-05-21T12:32:39+00:00\",\"dateModified\":\"2020-07-15T11:57:20+00:00\",\"description\":\"La iglesia de San Claudio est\u00e1 situada fuera de las murallas de la ciudad, cerca del Anfiteatro y es un maravilloso ejemplo de iglesia rom\u00e1nica de Umbr\u00eda,\",\"breadcrumb\":{\"@id\":\"https:\/\/www.exploring-umbria.com\/es\/pueblos-en-umbria-muchas-joyas-escondidas\/que-ver-en-spello\/iglesia-de-san-claudio\/#breadcrumb\"},\"inLanguage\":\"es\",\"potentialAction\":[{\"@type\":\"ReadAction\",\"target\":[\"https:\/\/www.exploring-umbria.com\/es\/pueblos-en-umbria-muchas-joyas-escondidas\/que-ver-en-spello\/iglesia-de-san-claudio\/\"]}]},{\"@type\":\"BreadcrumbList\",\"@id\":\"https:\/\/www.exploring-umbria.com\/es\/pueblos-en-umbria-muchas-joyas-escondidas\/que-ver-en-spello\/iglesia-de-san-claudio\/#breadcrumb\",\"itemListElement\":[{\"@type\":\"ListItem\",\"position\":1,\"name\":\"Home\",\"item\":\"https:\/\/www.exploring-umbria.com\/es\/\"},{\"@type\":\"ListItem\",\"position\":2,\"name\":\"Pueblos en Umbr\u00eda: muchas joyas escondidas\",\"item\":\"https:\/\/www.exploring-umbria.com\/es\/pueblos-en-umbria-muchas-joyas-escondidas\/\"},{\"@type\":\"ListItem\",\"position\":3,\"name\":\"Qu\u00e9 ver en Spello\",\"item\":\"https:\/\/www.exploring-umbria.com\/es\/pueblos-en-umbria-muchas-joyas-escondidas\/que-ver-en-spello\/\"},{\"@type\":\"ListItem\",\"position\":4,\"name\":\"Iglesia de San Claudio\"}]}]}<\/script>\n<!-- \/ Yoast SEO plugin. -->","yoast_head_json":{"title":"Iglesia de San Claudio - Exploring Umbria","description":"La iglesia de San Claudio est\u00e1 situada fuera de las murallas de la ciudad, cerca del Anfiteatro y es un maravilloso ejemplo de iglesia rom\u00e1nica de Umbr\u00eda,","robots":{"index":"index","follow":"follow","max-snippet":"max-snippet:-1","max-image-preview":"max-image-preview:large","max-video-preview":"max-video-preview:-1"},"canonical":"https:\/\/www.exploring-umbria.com\/es\/pueblos-en-umbria-muchas-joyas-escondidas\/que-ver-en-spello\/iglesia-de-san-claudio\/","og_locale":"es_ES","og_type":"article","og_title":"Iglesia de San Claudio - Exploring Umbria","og_description":"La iglesia de San Claudio est\u00e1 situada fuera de las murallas de la ciudad, cerca del Anfiteatro y es un maravilloso ejemplo de iglesia rom\u00e1nica de Umbr\u00eda,","og_url":"https:\/\/www.exploring-umbria.com\/es\/pueblos-en-umbria-muchas-joyas-escondidas\/que-ver-en-spello\/iglesia-de-san-claudio\/","og_site_name":"Exploring Umbria","article_publisher":"https:\/\/www.facebook.com\/exploringumbria\/","article_modified_time":"2020-07-15T11:57:20+00:00","twitter_card":"summary_large_image","twitter_misc":{"Tiempo de lectura":"2 minutos"},"schema":{"@context":"https:\/\/schema.org","@graph":[{"@type":"Organization","@id":"https:\/\/www.exploring-umbria.com\/es\/#organization","name":"Exploring Umbria","url":"https:\/\/www.exploring-umbria.com\/es\/","sameAs":["https:\/\/www.facebook.com\/exploringumbria\/","https:\/\/www.instagram.com\/exploringumbria\/"],"logo":{"@type":"ImageObject","@id":"https:\/\/www.exploring-umbria.com\/es\/#logo","inLanguage":"es","url":"https:\/\/www.exploring-umbria.com\/wp-content\/uploads\/2019\/08\/solo-logo-verde.jpg","contentUrl":"https:\/\/www.exploring-umbria.com\/wp-content\/uploads\/2019\/08\/solo-logo-verde.jpg","width":952,"height":532,"caption":"Exploring Umbria"},"image":{"@id":"https:\/\/www.exploring-umbria.com\/es\/#logo"}},{"@type":"WebSite","@id":"https:\/\/www.exploring-umbria.com\/es\/#website","url":"https:\/\/www.exploring-umbria.com\/es\/","name":"Exploring Umbria","description":"your dates, your mood, your trip","publisher":{"@id":"https:\/\/www.exploring-umbria.com\/es\/#organization"},"potentialAction":[{"@type":"SearchAction","target":{"@type":"EntryPoint","urlTemplate":"https:\/\/www.exploring-umbria.com\/es\/?s={search_term_string}"},"query-input":"required name=search_term_string"}],"inLanguage":"es"},{"@type":"WebPage","@id":"https:\/\/www.exploring-umbria.com\/es\/pueblos-en-umbria-muchas-joyas-escondidas\/que-ver-en-spello\/iglesia-de-san-claudio\/#webpage","url":"https:\/\/www.exploring-umbria.com\/es\/pueblos-en-umbria-muchas-joyas-escondidas\/que-ver-en-spello\/iglesia-de-san-claudio\/","name":"Iglesia de San Claudio - Exploring Umbria","isPartOf":{"@id":"https:\/\/www.exploring-umbria.com\/es\/#website"},"datePublished":"2019-05-21T12:32:39+00:00","dateModified":"2020-07-15T11:57:20+00:00","description":"La iglesia de San Claudio est\u00e1 situada fuera de las murallas de la ciudad, cerca del Anfiteatro y es un maravilloso ejemplo de iglesia rom\u00e1nica de Umbr\u00eda,","breadcrumb":{"@id":"https:\/\/www.exploring-umbria.com\/es\/pueblos-en-umbria-muchas-joyas-escondidas\/que-ver-en-spello\/iglesia-de-san-claudio\/#breadcrumb"},"inLanguage":"es","potentialAction":[{"@type":"ReadAction","target":["https:\/\/www.exploring-umbria.com\/es\/pueblos-en-umbria-muchas-joyas-escondidas\/que-ver-en-spello\/iglesia-de-san-claudio\/"]}]},{"@type":"BreadcrumbList","@id":"https:\/\/www.exploring-umbria.com\/es\/pueblos-en-umbria-muchas-joyas-escondidas\/que-ver-en-spello\/iglesia-de-san-claudio\/#breadcrumb","itemListElement":[{"@type":"ListItem","position":1,"name":"Home","item":"https:\/\/www.exploring-umbria.com\/es\/"},{"@type":"ListItem","position":2,"name":"Pueblos en Umbr\u00eda: muchas joyas escondidas","item":"https:\/\/www.exploring-umbria.com\/es\/pueblos-en-umbria-muchas-joyas-escondidas\/"},{"@type":"ListItem","position":3,"name":"Qu\u00e9 ver en Spello","item":"https:\/\/www.exploring-umbria.com\/es\/pueblos-en-umbria-muchas-joyas-escondidas\/que-ver-en-spello\/"},{"@type":"ListItem","position":4,"name":"Iglesia de San Claudio"}]}]}},"_links":{"self":[{"href":"https:\/\/www.exploring-umbria.com\/es\/wp-json\/wp\/v2\/pages\/37965"}],"collection":[{"href":"https:\/\/www.exploring-umbria.com\/es\/wp-json\/wp\/v2\/pages"}],"about":[{"href":"https:\/\/www.exploring-umbria.com\/es\/wp-json\/wp\/v2\/types\/page"}],"author":[{"embeddable":true,"href":"https:\/\/www.exploring-umbria.com\/es\/wp-json\/wp\/v2\/users\/4"}],"replies":[{"embeddable":true,"href":"https:\/\/www.exploring-umbria.com\/es\/wp-json\/wp\/v2\/comments?post=37965"}],"version-history":[{"count":3,"href":"https:\/\/www.exploring-umbria.com\/es\/wp-json\/wp\/v2\/pages\/37965\/revisions"}],"predecessor-version":[{"id":37972,"href":"https:\/\/www.exploring-umbria.com\/es\/wp-json\/wp\/v2\/pages\/37965\/revisions\/37972"}],"up":[{"embeddable":true,"href":"https:\/\/www.exploring-umbria.com\/es\/wp-json\/wp\/v2\/pages\/37803"}],"wp:attachment":[{"href":"https:\/\/www.exploring-umbria.com\/es\/wp-json\/wp\/v2\/media?parent=37965"}],"curies":[{"name":"wp","href":"https:\/\/api.w.org\/{rel}","templated":true}]}}