{"id":37948,"date":"2019-08-09T18:25:04","date_gmt":"2019-08-09T16:25:04","guid":{"rendered":"https:\/\/www.exploring-umbria.com\/pueblos-en-umbria-muchas-joyas-escondidas\/que-ver-en-spello\/villa-fidelia\/"},"modified":"2020-07-15T13:46:42","modified_gmt":"2020-07-15T11:46:42","slug":"villa-fidelia","status":"publish","type":"page","link":"https:\/\/www.exploring-umbria.com\/es\/pueblos-en-umbria-muchas-joyas-escondidas\/que-ver-en-spello\/villa-fidelia\/","title":{"rendered":"Villa Fidelia"},"content":{"rendered":"<p><strong>Villa Fidelia<\/strong>, o Costanzi, del ingeniero <em>Decio Costanzi<\/em>, su \u00faltimo propietario, ya es claramente visible a lo largo de la carretera estatal que une Spello con As\u00eds. Se encuentra en el sitio religioso m\u00e1s importante de la antigua Umbr\u00eda: aqu\u00ed, de hecho, durante casi diez siglos, se encontraba el Santuario Federal de la Liga de ciudades de Umbr\u00eda, que data de los siglos IV al V a.C. Con la conquista romana, la estructura se reforz\u00f3 bajo Augusto y Constantino: se construy\u00f3 una escalinata que conectaba el sacelio de J\u00fapiter, en la zona donde hoy se encuentra la casita de verano, con el sacelio de Venus, correspondiente al monasterio de las Hermanas Misioneras Franciscanas. Constantino tambi\u00e9n expres\u00f3 en su Rescripto el deseo de que, en la base del santuario, se erigiera un templo dedicado a su <em>gens Flavia<\/em>.<br \/>\nLa estructura que vemos hoy, transformada m\u00e1s tarde en villa privada, es el resultado de los cambios a lo largo del tiempo de los propietarios que la han seguido: la familia <em>Urbani<\/em> en el siglo XVI, la arist\u00f3crata <em>Teresa Pamphili Grillo<\/em> que la compr\u00f3 en el siglo XVIII, <em>Gregorio Piermarini<\/em>, que instal\u00f3 el jard\u00edn vesubiano y la fuente de Diana, y finalmente <em>Decio Costanzi<\/em>. Este \u00faltimo vendi\u00f3 el edificio meridional, el antiguo sacelio de Venus, al instituto mon\u00e1stico, mientras que el resto de la zona es propiedad, desde 1974, de la provinciade Perugia, que la utiliza para espect\u00e1culos y exposiciones.<br \/>\nImportantes intervenciones fueron realizadas por el arquitecto de Foligno <em>Giuseppe Piermarini<\/em>, que hizo construir un pabell\u00f3n de recreo, que fue modificado posteriormente, y por <em>Cesare<\/em> <em>Bazzani<\/em> a principios del siglo XX: es a \u00e9stos a los que debemos <strong>el gusto ecl\u00e9ctico del edificio que combina elementos barrocos y neocl\u00e1sicos.<\/strong><br \/>\nLa Villa era un centro tan prestigioso que en 1930 fue elegida como lugar de celebraci\u00f3n de la boda entre Boris III de Bulgaria y Juana de Saboya, hija del rey Victor Manuel III de Italia.<br \/>\nHoy en d\u00eda el complejo tiene una superficie de 60.000 metros cuadrados, ocupados por el vasto parque y varios edificios. Entrando, se puede ver el centro de visitantes, la obra de <em>Bazzani<\/em>, <strong>el evocador jard\u00edn barroco<\/strong>, tambi\u00e9n llamado vesubiano, con la fuente de Diana la cazadora, y el c\u00e9sped de la Magnolia. De gran inter\u00e9s es la <strong>iglesia de San Fidel<\/strong>, un santo del que toma su nombre la villa, que tambi\u00e9n es quiz\u00e1s ya una zona sagrada. La casita <strong>de verano<\/strong>, <strong>el<\/strong> <strong>peque\u00f1o<\/strong> <strong>teatro<\/strong> y la <strong>casa<\/strong> <strong>del jardinero<\/strong> son encantadores; <strong>el<\/strong> <strong>jard\u00edn de<\/strong> <strong>estilo italiano <\/strong>es armonioso y geom\u00e9trico, seguido por el limonar, el picadero y el extenso parque de 20.000 metros cuadrados, con encinas y olivares.<\/p>\n","protected":false},"excerpt":{"rendered":"<p>Villa Fidelia, o Costanzi, del ingeniero Decio Costanzi, su \u00faltimo propietario, ya es claramente visible a lo largo de la carretera estatal que une Spello con As\u00eds. Se encuentra en el sitio religioso m\u00e1s importante de la antigua Umbr\u00eda: aqu\u00ed, de hecho, durante casi diez siglos, se encontraba el Santuario Federal de la Liga de [&hellip;]<\/p>\n","protected":false},"author":4,"featured_media":0,"parent":37803,"menu_order":0,"comment_status":"closed","ping_status":"closed","template":"","meta":{"om_disable_all_campaigns":false,"_monsterinsights_skip_tracking":false,"_monsterinsights_sitenote_active":false,"_monsterinsights_sitenote_note":"","_monsterinsights_sitenote_category":0},"acf":[],"yoast_head":"<!-- This site is optimized with the Yoast SEO plugin v18.4.1 - https:\/\/yoast.com\/wordpress\/plugins\/seo\/ -->\n<title>Villa Fidelia - Exploring Umbria<\/title>\n<meta name=\"description\" content=\"Villa Fidelia, o Costanzi, del ingeniero Decio Costanzi, su \u00faltimo propietario, ya es claramente visible a lo largo de la carretera estatal que une Spello\" \/>\n<meta name=\"robots\" content=\"index, follow, max-snippet:-1, max-image-preview:large, max-video-preview:-1\" \/>\n<link rel=\"canonical\" href=\"https:\/\/www.exploring-umbria.com\/es\/pueblos-en-umbria-muchas-joyas-escondidas\/que-ver-en-spello\/villa-fidelia\/\" \/>\n<meta property=\"og:locale\" content=\"es_ES\" \/>\n<meta property=\"og:type\" content=\"article\" \/>\n<meta property=\"og:title\" content=\"Villa Fidelia - Exploring Umbria\" \/>\n<meta property=\"og:description\" content=\"Villa Fidelia, o Costanzi, del ingeniero Decio Costanzi, su \u00faltimo propietario, ya es claramente visible a lo largo de la carretera estatal que une Spello\" \/>\n<meta property=\"og:url\" content=\"https:\/\/www.exploring-umbria.com\/es\/pueblos-en-umbria-muchas-joyas-escondidas\/que-ver-en-spello\/villa-fidelia\/\" \/>\n<meta property=\"og:site_name\" content=\"Exploring Umbria\" \/>\n<meta property=\"article:publisher\" content=\"https:\/\/www.facebook.com\/exploringumbria\/\" \/>\n<meta property=\"article:modified_time\" content=\"2020-07-15T11:46:42+00:00\" \/>\n<meta name=\"twitter:card\" content=\"summary_large_image\" \/>\n<meta name=\"twitter:label1\" content=\"Tiempo de lectura\" \/>\n\t<meta name=\"twitter:data1\" content=\"2 minutos\" \/>\n<script type=\"application\/ld+json\" class=\"yoast-schema-graph\">{\"@context\":\"https:\/\/schema.org\",\"@graph\":[{\"@type\":\"Organization\",\"@id\":\"https:\/\/www.exploring-umbria.com\/es\/#organization\",\"name\":\"Exploring Umbria\",\"url\":\"https:\/\/www.exploring-umbria.com\/es\/\",\"sameAs\":[\"https:\/\/www.facebook.com\/exploringumbria\/\",\"https:\/\/www.instagram.com\/exploringumbria\/\"],\"logo\":{\"@type\":\"ImageObject\",\"@id\":\"https:\/\/www.exploring-umbria.com\/es\/#logo\",\"inLanguage\":\"es\",\"url\":\"https:\/\/www.exploring-umbria.com\/wp-content\/uploads\/2019\/08\/solo-logo-verde.jpg\",\"contentUrl\":\"https:\/\/www.exploring-umbria.com\/wp-content\/uploads\/2019\/08\/solo-logo-verde.jpg\",\"width\":952,\"height\":532,\"caption\":\"Exploring Umbria\"},\"image\":{\"@id\":\"https:\/\/www.exploring-umbria.com\/es\/#logo\"}},{\"@type\":\"WebSite\",\"@id\":\"https:\/\/www.exploring-umbria.com\/es\/#website\",\"url\":\"https:\/\/www.exploring-umbria.com\/es\/\",\"name\":\"Exploring Umbria\",\"description\":\"your dates, your mood, your trip\",\"publisher\":{\"@id\":\"https:\/\/www.exploring-umbria.com\/es\/#organization\"},\"potentialAction\":[{\"@type\":\"SearchAction\",\"target\":{\"@type\":\"EntryPoint\",\"urlTemplate\":\"https:\/\/www.exploring-umbria.com\/es\/?s={search_term_string}\"},\"query-input\":\"required name=search_term_string\"}],\"inLanguage\":\"es\"},{\"@type\":\"WebPage\",\"@id\":\"https:\/\/www.exploring-umbria.com\/es\/pueblos-en-umbria-muchas-joyas-escondidas\/que-ver-en-spello\/villa-fidelia\/#webpage\",\"url\":\"https:\/\/www.exploring-umbria.com\/es\/pueblos-en-umbria-muchas-joyas-escondidas\/que-ver-en-spello\/villa-fidelia\/\",\"name\":\"Villa Fidelia - Exploring Umbria\",\"isPartOf\":{\"@id\":\"https:\/\/www.exploring-umbria.com\/es\/#website\"},\"datePublished\":\"2019-08-09T16:25:04+00:00\",\"dateModified\":\"2020-07-15T11:46:42+00:00\",\"description\":\"Villa Fidelia, o Costanzi, del ingeniero Decio Costanzi, su \u00faltimo propietario, ya es claramente visible a lo largo de la carretera estatal que une Spello\",\"breadcrumb\":{\"@id\":\"https:\/\/www.exploring-umbria.com\/es\/pueblos-en-umbria-muchas-joyas-escondidas\/que-ver-en-spello\/villa-fidelia\/#breadcrumb\"},\"inLanguage\":\"es\",\"potentialAction\":[{\"@type\":\"ReadAction\",\"target\":[\"https:\/\/www.exploring-umbria.com\/es\/pueblos-en-umbria-muchas-joyas-escondidas\/que-ver-en-spello\/villa-fidelia\/\"]}]},{\"@type\":\"BreadcrumbList\",\"@id\":\"https:\/\/www.exploring-umbria.com\/es\/pueblos-en-umbria-muchas-joyas-escondidas\/que-ver-en-spello\/villa-fidelia\/#breadcrumb\",\"itemListElement\":[{\"@type\":\"ListItem\",\"position\":1,\"name\":\"Home\",\"item\":\"https:\/\/www.exploring-umbria.com\/es\/\"},{\"@type\":\"ListItem\",\"position\":2,\"name\":\"Pueblos en Umbr\u00eda: muchas joyas escondidas\",\"item\":\"https:\/\/www.exploring-umbria.com\/es\/pueblos-en-umbria-muchas-joyas-escondidas\/\"},{\"@type\":\"ListItem\",\"position\":3,\"name\":\"Qu\u00e9 ver en Spello\",\"item\":\"https:\/\/www.exploring-umbria.com\/es\/pueblos-en-umbria-muchas-joyas-escondidas\/que-ver-en-spello\/\"},{\"@type\":\"ListItem\",\"position\":4,\"name\":\"Villa Fidelia\"}]}]}<\/script>\n<!-- \/ Yoast SEO plugin. -->","yoast_head_json":{"title":"Villa Fidelia - Exploring Umbria","description":"Villa Fidelia, o Costanzi, del ingeniero Decio Costanzi, su \u00faltimo propietario, ya es claramente visible a lo largo de la carretera estatal que une Spello","robots":{"index":"index","follow":"follow","max-snippet":"max-snippet:-1","max-image-preview":"max-image-preview:large","max-video-preview":"max-video-preview:-1"},"canonical":"https:\/\/www.exploring-umbria.com\/es\/pueblos-en-umbria-muchas-joyas-escondidas\/que-ver-en-spello\/villa-fidelia\/","og_locale":"es_ES","og_type":"article","og_title":"Villa Fidelia - Exploring Umbria","og_description":"Villa Fidelia, o Costanzi, del ingeniero Decio Costanzi, su \u00faltimo propietario, ya es claramente visible a lo largo de la carretera estatal que une Spello","og_url":"https:\/\/www.exploring-umbria.com\/es\/pueblos-en-umbria-muchas-joyas-escondidas\/que-ver-en-spello\/villa-fidelia\/","og_site_name":"Exploring Umbria","article_publisher":"https:\/\/www.facebook.com\/exploringumbria\/","article_modified_time":"2020-07-15T11:46:42+00:00","twitter_card":"summary_large_image","twitter_misc":{"Tiempo de lectura":"2 minutos"},"schema":{"@context":"https:\/\/schema.org","@graph":[{"@type":"Organization","@id":"https:\/\/www.exploring-umbria.com\/es\/#organization","name":"Exploring Umbria","url":"https:\/\/www.exploring-umbria.com\/es\/","sameAs":["https:\/\/www.facebook.com\/exploringumbria\/","https:\/\/www.instagram.com\/exploringumbria\/"],"logo":{"@type":"ImageObject","@id":"https:\/\/www.exploring-umbria.com\/es\/#logo","inLanguage":"es","url":"https:\/\/www.exploring-umbria.com\/wp-content\/uploads\/2019\/08\/solo-logo-verde.jpg","contentUrl":"https:\/\/www.exploring-umbria.com\/wp-content\/uploads\/2019\/08\/solo-logo-verde.jpg","width":952,"height":532,"caption":"Exploring Umbria"},"image":{"@id":"https:\/\/www.exploring-umbria.com\/es\/#logo"}},{"@type":"WebSite","@id":"https:\/\/www.exploring-umbria.com\/es\/#website","url":"https:\/\/www.exploring-umbria.com\/es\/","name":"Exploring Umbria","description":"your dates, your mood, your trip","publisher":{"@id":"https:\/\/www.exploring-umbria.com\/es\/#organization"},"potentialAction":[{"@type":"SearchAction","target":{"@type":"EntryPoint","urlTemplate":"https:\/\/www.exploring-umbria.com\/es\/?s={search_term_string}"},"query-input":"required name=search_term_string"}],"inLanguage":"es"},{"@type":"WebPage","@id":"https:\/\/www.exploring-umbria.com\/es\/pueblos-en-umbria-muchas-joyas-escondidas\/que-ver-en-spello\/villa-fidelia\/#webpage","url":"https:\/\/www.exploring-umbria.com\/es\/pueblos-en-umbria-muchas-joyas-escondidas\/que-ver-en-spello\/villa-fidelia\/","name":"Villa Fidelia - Exploring Umbria","isPartOf":{"@id":"https:\/\/www.exploring-umbria.com\/es\/#website"},"datePublished":"2019-08-09T16:25:04+00:00","dateModified":"2020-07-15T11:46:42+00:00","description":"Villa Fidelia, o Costanzi, del ingeniero Decio Costanzi, su \u00faltimo propietario, ya es claramente visible a lo largo de la carretera estatal que une Spello","breadcrumb":{"@id":"https:\/\/www.exploring-umbria.com\/es\/pueblos-en-umbria-muchas-joyas-escondidas\/que-ver-en-spello\/villa-fidelia\/#breadcrumb"},"inLanguage":"es","potentialAction":[{"@type":"ReadAction","target":["https:\/\/www.exploring-umbria.com\/es\/pueblos-en-umbria-muchas-joyas-escondidas\/que-ver-en-spello\/villa-fidelia\/"]}]},{"@type":"BreadcrumbList","@id":"https:\/\/www.exploring-umbria.com\/es\/pueblos-en-umbria-muchas-joyas-escondidas\/que-ver-en-spello\/villa-fidelia\/#breadcrumb","itemListElement":[{"@type":"ListItem","position":1,"name":"Home","item":"https:\/\/www.exploring-umbria.com\/es\/"},{"@type":"ListItem","position":2,"name":"Pueblos en Umbr\u00eda: muchas joyas escondidas","item":"https:\/\/www.exploring-umbria.com\/es\/pueblos-en-umbria-muchas-joyas-escondidas\/"},{"@type":"ListItem","position":3,"name":"Qu\u00e9 ver en Spello","item":"https:\/\/www.exploring-umbria.com\/es\/pueblos-en-umbria-muchas-joyas-escondidas\/que-ver-en-spello\/"},{"@type":"ListItem","position":4,"name":"Villa Fidelia"}]}]}},"_links":{"self":[{"href":"https:\/\/www.exploring-umbria.com\/es\/wp-json\/wp\/v2\/pages\/37948"}],"collection":[{"href":"https:\/\/www.exploring-umbria.com\/es\/wp-json\/wp\/v2\/pages"}],"about":[{"href":"https:\/\/www.exploring-umbria.com\/es\/wp-json\/wp\/v2\/types\/page"}],"author":[{"embeddable":true,"href":"https:\/\/www.exploring-umbria.com\/es\/wp-json\/wp\/v2\/users\/4"}],"replies":[{"embeddable":true,"href":"https:\/\/www.exploring-umbria.com\/es\/wp-json\/wp\/v2\/comments?post=37948"}],"version-history":[{"count":2,"href":"https:\/\/www.exploring-umbria.com\/es\/wp-json\/wp\/v2\/pages\/37948\/revisions"}],"predecessor-version":[{"id":37951,"href":"https:\/\/www.exploring-umbria.com\/es\/wp-json\/wp\/v2\/pages\/37948\/revisions\/37951"}],"up":[{"embeddable":true,"href":"https:\/\/www.exploring-umbria.com\/es\/wp-json\/wp\/v2\/pages\/37803"}],"wp:attachment":[{"href":"https:\/\/www.exploring-umbria.com\/es\/wp-json\/wp\/v2\/media?parent=37948"}],"curies":[{"name":"wp","href":"https:\/\/api.w.org\/{rel}","templated":true}]}}