{"id":37939,"date":"2019-08-09T18:23:53","date_gmt":"2019-08-09T16:23:53","guid":{"rendered":"https:\/\/www.exploring-umbria.com\/pueblos-en-umbria-muchas-joyas-escondidas\/que-ver-en-spello\/porta-dellarce\/"},"modified":"2020-07-15T13:41:54","modified_gmt":"2020-07-15T11:41:54","slug":"puerta-dellarce","status":"publish","type":"page","link":"https:\/\/www.exploring-umbria.com\/es\/pueblos-en-umbria-muchas-joyas-escondidas\/que-ver-en-spello\/puerta-dellarce\/","title":{"rendered":"Puerta dell\u2019Arce"},"content":{"rendered":"<p><strong>La Purta dell&#8217;Arce<\/strong> o <strong>Puerta de la Fortaleza<\/strong> est\u00e1 situada en el punto m\u00e1s alto y septentrional de las murallas de la ciudad, hasta el punto de que tambi\u00e9n se ha formulado la hip\u00f3tesis de que podr\u00eda formar parte de anteriores murallas republicanas, de las que, sin embargo, no hay rastro alguno. Debido a su proximidad al monasterio capuchino, <strong>tambi\u00e9n se le llama la Puerta de los Capuchinos<\/strong> y a trav\u00e9s de ella se abri\u00f3 el paso a la monta\u00f1a.<\/p>\n<p>Tiene un solo arco de 3 metros de ancho y s\u00f3lo se conserva el doble arco de sillares, de donde se aprecia la hendidura de la que sal\u00eda la persiana de cierre, y los muelles, en su mayor\u00eda subterr\u00e1neos. El lado exterior del arco tiene un <strong>marco tallado en los sillares<\/strong>, que probablemente tambi\u00e9n estaba en el lado opuesto, pero del que no quedan restos. El arco est\u00e1 construido en bloques cuadrangulares de piedra blanca local dispuestos en seco.<\/p>\n","protected":false},"excerpt":{"rendered":"<p>La Purta dell&#8217;Arce o Puerta de la Fortaleza est\u00e1 situada en el punto m\u00e1s alto y septentrional de las murallas de la ciudad, hasta el punto de que tambi\u00e9n se ha formulado la hip\u00f3tesis de que podr\u00eda formar parte de anteriores murallas republicanas, de las que, sin embargo, no hay rastro alguno. Debido a su [&hellip;]<\/p>\n","protected":false},"author":4,"featured_media":0,"parent":37803,"menu_order":0,"comment_status":"closed","ping_status":"closed","template":"","meta":{"om_disable_all_campaigns":false,"_monsterinsights_skip_tracking":false,"_monsterinsights_sitenote_active":false,"_monsterinsights_sitenote_note":"","_monsterinsights_sitenote_category":0},"acf":[],"yoast_head":"<!-- This site is optimized with the Yoast SEO plugin v18.4.1 - https:\/\/yoast.com\/wordpress\/plugins\/seo\/ -->\n<title>Puerta dell\u2019Arce - Exploring Umbria<\/title>\n<meta name=\"description\" content=\"La Purta dell&#039;Arce o Puerta de la Fortaleza est\u00e1 situada en el punto m\u00e1s alto y septentrional de las murallas de la ciudad, hasta el punto de que tambi\u00e9n\" \/>\n<meta name=\"robots\" content=\"index, follow, max-snippet:-1, max-image-preview:large, max-video-preview:-1\" \/>\n<link rel=\"canonical\" href=\"https:\/\/www.exploring-umbria.com\/es\/pueblos-en-umbria-muchas-joyas-escondidas\/que-ver-en-spello\/puerta-dellarce\/\" \/>\n<meta property=\"og:locale\" content=\"es_ES\" \/>\n<meta property=\"og:type\" content=\"article\" \/>\n<meta property=\"og:title\" content=\"Puerta dell\u2019Arce - Exploring Umbria\" \/>\n<meta property=\"og:description\" content=\"La Purta dell&#039;Arce o Puerta de la Fortaleza est\u00e1 situada en el punto m\u00e1s alto y septentrional de las murallas de la ciudad, hasta el punto de que tambi\u00e9n\" \/>\n<meta property=\"og:url\" content=\"https:\/\/www.exploring-umbria.com\/es\/pueblos-en-umbria-muchas-joyas-escondidas\/que-ver-en-spello\/puerta-dellarce\/\" \/>\n<meta property=\"og:site_name\" content=\"Exploring Umbria\" \/>\n<meta property=\"article:publisher\" content=\"https:\/\/www.facebook.com\/exploringumbria\/\" \/>\n<meta property=\"article:modified_time\" content=\"2020-07-15T11:41:54+00:00\" \/>\n<meta name=\"twitter:card\" content=\"summary_large_image\" \/>\n<meta name=\"twitter:label1\" content=\"Tiempo de lectura\" \/>\n\t<meta name=\"twitter:data1\" content=\"1 minuto\" \/>\n<script type=\"application\/ld+json\" class=\"yoast-schema-graph\">{\"@context\":\"https:\/\/schema.org\",\"@graph\":[{\"@type\":\"Organization\",\"@id\":\"https:\/\/www.exploring-umbria.com\/es\/#organization\",\"name\":\"Exploring Umbria\",\"url\":\"https:\/\/www.exploring-umbria.com\/es\/\",\"sameAs\":[\"https:\/\/www.facebook.com\/exploringumbria\/\",\"https:\/\/www.instagram.com\/exploringumbria\/\"],\"logo\":{\"@type\":\"ImageObject\",\"@id\":\"https:\/\/www.exploring-umbria.com\/es\/#logo\",\"inLanguage\":\"es\",\"url\":\"https:\/\/www.exploring-umbria.com\/wp-content\/uploads\/2019\/08\/solo-logo-verde.jpg\",\"contentUrl\":\"https:\/\/www.exploring-umbria.com\/wp-content\/uploads\/2019\/08\/solo-logo-verde.jpg\",\"width\":952,\"height\":532,\"caption\":\"Exploring Umbria\"},\"image\":{\"@id\":\"https:\/\/www.exploring-umbria.com\/es\/#logo\"}},{\"@type\":\"WebSite\",\"@id\":\"https:\/\/www.exploring-umbria.com\/es\/#website\",\"url\":\"https:\/\/www.exploring-umbria.com\/es\/\",\"name\":\"Exploring Umbria\",\"description\":\"your dates, your mood, your trip\",\"publisher\":{\"@id\":\"https:\/\/www.exploring-umbria.com\/es\/#organization\"},\"potentialAction\":[{\"@type\":\"SearchAction\",\"target\":{\"@type\":\"EntryPoint\",\"urlTemplate\":\"https:\/\/www.exploring-umbria.com\/es\/?s={search_term_string}\"},\"query-input\":\"required name=search_term_string\"}],\"inLanguage\":\"es\"},{\"@type\":\"WebPage\",\"@id\":\"https:\/\/www.exploring-umbria.com\/es\/pueblos-en-umbria-muchas-joyas-escondidas\/que-ver-en-spello\/puerta-dellarce\/#webpage\",\"url\":\"https:\/\/www.exploring-umbria.com\/es\/pueblos-en-umbria-muchas-joyas-escondidas\/que-ver-en-spello\/puerta-dellarce\/\",\"name\":\"Puerta dell\u2019Arce - Exploring Umbria\",\"isPartOf\":{\"@id\":\"https:\/\/www.exploring-umbria.com\/es\/#website\"},\"datePublished\":\"2019-08-09T16:23:53+00:00\",\"dateModified\":\"2020-07-15T11:41:54+00:00\",\"description\":\"La Purta dell'Arce o Puerta de la Fortaleza est\u00e1 situada en el punto m\u00e1s alto y septentrional de las murallas de la ciudad, hasta el punto de que tambi\u00e9n\",\"breadcrumb\":{\"@id\":\"https:\/\/www.exploring-umbria.com\/es\/pueblos-en-umbria-muchas-joyas-escondidas\/que-ver-en-spello\/puerta-dellarce\/#breadcrumb\"},\"inLanguage\":\"es\",\"potentialAction\":[{\"@type\":\"ReadAction\",\"target\":[\"https:\/\/www.exploring-umbria.com\/es\/pueblos-en-umbria-muchas-joyas-escondidas\/que-ver-en-spello\/puerta-dellarce\/\"]}]},{\"@type\":\"BreadcrumbList\",\"@id\":\"https:\/\/www.exploring-umbria.com\/es\/pueblos-en-umbria-muchas-joyas-escondidas\/que-ver-en-spello\/puerta-dellarce\/#breadcrumb\",\"itemListElement\":[{\"@type\":\"ListItem\",\"position\":1,\"name\":\"Home\",\"item\":\"https:\/\/www.exploring-umbria.com\/es\/\"},{\"@type\":\"ListItem\",\"position\":2,\"name\":\"Pueblos en Umbr\u00eda: muchas joyas escondidas\",\"item\":\"https:\/\/www.exploring-umbria.com\/es\/pueblos-en-umbria-muchas-joyas-escondidas\/\"},{\"@type\":\"ListItem\",\"position\":3,\"name\":\"Qu\u00e9 ver en Spello\",\"item\":\"https:\/\/www.exploring-umbria.com\/es\/pueblos-en-umbria-muchas-joyas-escondidas\/que-ver-en-spello\/\"},{\"@type\":\"ListItem\",\"position\":4,\"name\":\"Puerta dell\u2019Arce\"}]}]}<\/script>\n<!-- \/ Yoast SEO plugin. -->","yoast_head_json":{"title":"Puerta dell\u2019Arce - Exploring Umbria","description":"La Purta dell'Arce o Puerta de la Fortaleza est\u00e1 situada en el punto m\u00e1s alto y septentrional de las murallas de la ciudad, hasta el punto de que tambi\u00e9n","robots":{"index":"index","follow":"follow","max-snippet":"max-snippet:-1","max-image-preview":"max-image-preview:large","max-video-preview":"max-video-preview:-1"},"canonical":"https:\/\/www.exploring-umbria.com\/es\/pueblos-en-umbria-muchas-joyas-escondidas\/que-ver-en-spello\/puerta-dellarce\/","og_locale":"es_ES","og_type":"article","og_title":"Puerta dell\u2019Arce - Exploring Umbria","og_description":"La Purta dell'Arce o Puerta de la Fortaleza est\u00e1 situada en el punto m\u00e1s alto y septentrional de las murallas de la ciudad, hasta el punto de que tambi\u00e9n","og_url":"https:\/\/www.exploring-umbria.com\/es\/pueblos-en-umbria-muchas-joyas-escondidas\/que-ver-en-spello\/puerta-dellarce\/","og_site_name":"Exploring Umbria","article_publisher":"https:\/\/www.facebook.com\/exploringumbria\/","article_modified_time":"2020-07-15T11:41:54+00:00","twitter_card":"summary_large_image","twitter_misc":{"Tiempo de lectura":"1 minuto"},"schema":{"@context":"https:\/\/schema.org","@graph":[{"@type":"Organization","@id":"https:\/\/www.exploring-umbria.com\/es\/#organization","name":"Exploring Umbria","url":"https:\/\/www.exploring-umbria.com\/es\/","sameAs":["https:\/\/www.facebook.com\/exploringumbria\/","https:\/\/www.instagram.com\/exploringumbria\/"],"logo":{"@type":"ImageObject","@id":"https:\/\/www.exploring-umbria.com\/es\/#logo","inLanguage":"es","url":"https:\/\/www.exploring-umbria.com\/wp-content\/uploads\/2019\/08\/solo-logo-verde.jpg","contentUrl":"https:\/\/www.exploring-umbria.com\/wp-content\/uploads\/2019\/08\/solo-logo-verde.jpg","width":952,"height":532,"caption":"Exploring Umbria"},"image":{"@id":"https:\/\/www.exploring-umbria.com\/es\/#logo"}},{"@type":"WebSite","@id":"https:\/\/www.exploring-umbria.com\/es\/#website","url":"https:\/\/www.exploring-umbria.com\/es\/","name":"Exploring Umbria","description":"your dates, your mood, your trip","publisher":{"@id":"https:\/\/www.exploring-umbria.com\/es\/#organization"},"potentialAction":[{"@type":"SearchAction","target":{"@type":"EntryPoint","urlTemplate":"https:\/\/www.exploring-umbria.com\/es\/?s={search_term_string}"},"query-input":"required name=search_term_string"}],"inLanguage":"es"},{"@type":"WebPage","@id":"https:\/\/www.exploring-umbria.com\/es\/pueblos-en-umbria-muchas-joyas-escondidas\/que-ver-en-spello\/puerta-dellarce\/#webpage","url":"https:\/\/www.exploring-umbria.com\/es\/pueblos-en-umbria-muchas-joyas-escondidas\/que-ver-en-spello\/puerta-dellarce\/","name":"Puerta dell\u2019Arce - Exploring Umbria","isPartOf":{"@id":"https:\/\/www.exploring-umbria.com\/es\/#website"},"datePublished":"2019-08-09T16:23:53+00:00","dateModified":"2020-07-15T11:41:54+00:00","description":"La Purta dell'Arce o Puerta de la Fortaleza est\u00e1 situada en el punto m\u00e1s alto y septentrional de las murallas de la ciudad, hasta el punto de que tambi\u00e9n","breadcrumb":{"@id":"https:\/\/www.exploring-umbria.com\/es\/pueblos-en-umbria-muchas-joyas-escondidas\/que-ver-en-spello\/puerta-dellarce\/#breadcrumb"},"inLanguage":"es","potentialAction":[{"@type":"ReadAction","target":["https:\/\/www.exploring-umbria.com\/es\/pueblos-en-umbria-muchas-joyas-escondidas\/que-ver-en-spello\/puerta-dellarce\/"]}]},{"@type":"BreadcrumbList","@id":"https:\/\/www.exploring-umbria.com\/es\/pueblos-en-umbria-muchas-joyas-escondidas\/que-ver-en-spello\/puerta-dellarce\/#breadcrumb","itemListElement":[{"@type":"ListItem","position":1,"name":"Home","item":"https:\/\/www.exploring-umbria.com\/es\/"},{"@type":"ListItem","position":2,"name":"Pueblos en Umbr\u00eda: muchas joyas escondidas","item":"https:\/\/www.exploring-umbria.com\/es\/pueblos-en-umbria-muchas-joyas-escondidas\/"},{"@type":"ListItem","position":3,"name":"Qu\u00e9 ver en Spello","item":"https:\/\/www.exploring-umbria.com\/es\/pueblos-en-umbria-muchas-joyas-escondidas\/que-ver-en-spello\/"},{"@type":"ListItem","position":4,"name":"Puerta dell\u2019Arce"}]}]}},"_links":{"self":[{"href":"https:\/\/www.exploring-umbria.com\/es\/wp-json\/wp\/v2\/pages\/37939"}],"collection":[{"href":"https:\/\/www.exploring-umbria.com\/es\/wp-json\/wp\/v2\/pages"}],"about":[{"href":"https:\/\/www.exploring-umbria.com\/es\/wp-json\/wp\/v2\/types\/page"}],"author":[{"embeddable":true,"href":"https:\/\/www.exploring-umbria.com\/es\/wp-json\/wp\/v2\/users\/4"}],"replies":[{"embeddable":true,"href":"https:\/\/www.exploring-umbria.com\/es\/wp-json\/wp\/v2\/comments?post=37939"}],"version-history":[{"count":2,"href":"https:\/\/www.exploring-umbria.com\/es\/wp-json\/wp\/v2\/pages\/37939\/revisions"}],"predecessor-version":[{"id":37944,"href":"https:\/\/www.exploring-umbria.com\/es\/wp-json\/wp\/v2\/pages\/37939\/revisions\/37944"}],"up":[{"embeddable":true,"href":"https:\/\/www.exploring-umbria.com\/es\/wp-json\/wp\/v2\/pages\/37803"}],"wp:attachment":[{"href":"https:\/\/www.exploring-umbria.com\/es\/wp-json\/wp\/v2\/media?parent=37939"}],"curies":[{"name":"wp","href":"https:\/\/api.w.org\/{rel}","templated":true}]}}