{"id":37921,"date":"2019-08-09T18:20:42","date_gmt":"2019-08-09T16:20:42","guid":{"rendered":"https:\/\/www.exploring-umbria.com\/pueblos-en-umbria-muchas-joyas-escondidas\/que-ver-en-spello\/palazzo-urbani\/"},"modified":"2020-07-15T13:21:29","modified_gmt":"2020-07-15T11:21:29","slug":"palacio-urbani","status":"publish","type":"page","link":"https:\/\/www.exploring-umbria.com\/es\/pueblos-en-umbria-muchas-joyas-escondidas\/que-ver-en-spello\/palacio-urbani\/","title":{"rendered":"Palacio Urbani"},"content":{"rendered":"<p>El <strong>Palacio Urbani-Acuti<\/strong>, tambi\u00e9n llamado Cruciani, est\u00e1 situado en Via Garibaldi y fue uno de los principales edificios privados de Spello. Fue construido hacia 1602 por la noble familia hechicera Acuti-Urbani, ampliando los edificios que la rodeaban, y fue durante siglos el hogar de familias patricias: en 1620 pas\u00f3 a manos de los Monaldi, en 1718 de los Grillo-Pamphili y finalmente de los Cruciani en 1769. En 1940 fue vendida al cercano colegio Vitale Rosi y luego pas\u00f3 a ser propiedad del municipio.<br \/>\nEl Palacio Cruciani sufri\u00f3 varias transformaciones ligadas al gusto de las familias nobles que lo habitaron; hoy tiene cuatro pisos y es de <strong>estilo claramente barroco<\/strong>. La compleja estructura gira en torno al patio, aireado por los grandes ventanales del ala oriental, y alberga una \u00e9poca bien decorada con m\u00e1scaras, que tambi\u00e9n representan el emblema her\u00e1ldico colocado por los Urbani-Acuti. El balc\u00f3n con techo de madera a la izquierda del patio es muy refinado y ofrece una magn\u00edfica vista.<br \/>\nEn el interior, la planta baja est\u00e1 decorada con alegor\u00edas del siglo XVII pintadas al fresco en la b\u00f3veda de ca\u00f1\u00f3n por un artista desconocido y fechadas en 1602, as\u00ed como las decoraciones de las escaleras y de la planta principal. La sala principal es la <strong>Sala de las Cuatro Estaciones<\/strong>, en la primera planta, que hoy alberga las reuniones del ayuntamiento. La b\u00f3veda representa las Cuatro Estaciones, mientras que las paredes, con motivos con candeleros, alternan con las iniciales del cliente <em>Giovanni Cruciani<\/em>, la fecha de ejecuci\u00f3n de las pinturas (1890) y la firma del artista <em>Gaetano Pompei di Amendola<\/em>.<\/p>\n","protected":false},"excerpt":{"rendered":"<p>El Palacio Urbani-Acuti, tambi\u00e9n llamado Cruciani, est\u00e1 situado en Via Garibaldi y fue uno de los principales edificios privados de Spello. Fue construido hacia 1602 por la noble familia hechicera Acuti-Urbani, ampliando los edificios que la rodeaban, y fue durante siglos el hogar de familias patricias: en 1620 pas\u00f3 a manos de los Monaldi, en [&hellip;]<\/p>\n","protected":false},"author":4,"featured_media":0,"parent":37803,"menu_order":0,"comment_status":"closed","ping_status":"closed","template":"","meta":{"om_disable_all_campaigns":false,"_monsterinsights_skip_tracking":false,"_monsterinsights_sitenote_active":false,"_monsterinsights_sitenote_note":"","_monsterinsights_sitenote_category":0},"acf":[],"yoast_head":"<!-- This site is optimized with the Yoast SEO plugin v18.4.1 - https:\/\/yoast.com\/wordpress\/plugins\/seo\/ -->\n<title>Palacio Urbani - Exploring Umbria<\/title>\n<meta name=\"description\" content=\"El Palacio Urbani-Acuti, tambi\u00e9n llamado Cruciani, est\u00e1 situado en Via Garibaldi y fue uno de los principales edificios privados de Spello. Fue construido\" \/>\n<meta name=\"robots\" content=\"index, follow, max-snippet:-1, max-image-preview:large, max-video-preview:-1\" \/>\n<link rel=\"canonical\" href=\"https:\/\/www.exploring-umbria.com\/es\/pueblos-en-umbria-muchas-joyas-escondidas\/que-ver-en-spello\/palacio-urbani\/\" \/>\n<meta property=\"og:locale\" content=\"es_ES\" \/>\n<meta property=\"og:type\" content=\"article\" \/>\n<meta property=\"og:title\" content=\"Palacio Urbani - Exploring Umbria\" \/>\n<meta property=\"og:description\" content=\"El Palacio Urbani-Acuti, tambi\u00e9n llamado Cruciani, est\u00e1 situado en Via Garibaldi y fue uno de los principales edificios privados de Spello. Fue construido\" \/>\n<meta property=\"og:url\" content=\"https:\/\/www.exploring-umbria.com\/es\/pueblos-en-umbria-muchas-joyas-escondidas\/que-ver-en-spello\/palacio-urbani\/\" \/>\n<meta property=\"og:site_name\" content=\"Exploring Umbria\" \/>\n<meta property=\"article:publisher\" content=\"https:\/\/www.facebook.com\/exploringumbria\/\" \/>\n<meta property=\"article:modified_time\" content=\"2020-07-15T11:21:29+00:00\" \/>\n<meta name=\"twitter:card\" content=\"summary_large_image\" \/>\n<meta name=\"twitter:label1\" content=\"Tiempo de lectura\" \/>\n\t<meta name=\"twitter:data1\" content=\"1 minuto\" \/>\n<script type=\"application\/ld+json\" class=\"yoast-schema-graph\">{\"@context\":\"https:\/\/schema.org\",\"@graph\":[{\"@type\":\"Organization\",\"@id\":\"https:\/\/www.exploring-umbria.com\/es\/#organization\",\"name\":\"Exploring Umbria\",\"url\":\"https:\/\/www.exploring-umbria.com\/es\/\",\"sameAs\":[\"https:\/\/www.facebook.com\/exploringumbria\/\",\"https:\/\/www.instagram.com\/exploringumbria\/\"],\"logo\":{\"@type\":\"ImageObject\",\"@id\":\"https:\/\/www.exploring-umbria.com\/es\/#logo\",\"inLanguage\":\"es\",\"url\":\"https:\/\/www.exploring-umbria.com\/wp-content\/uploads\/2019\/08\/solo-logo-verde.jpg\",\"contentUrl\":\"https:\/\/www.exploring-umbria.com\/wp-content\/uploads\/2019\/08\/solo-logo-verde.jpg\",\"width\":952,\"height\":532,\"caption\":\"Exploring Umbria\"},\"image\":{\"@id\":\"https:\/\/www.exploring-umbria.com\/es\/#logo\"}},{\"@type\":\"WebSite\",\"@id\":\"https:\/\/www.exploring-umbria.com\/es\/#website\",\"url\":\"https:\/\/www.exploring-umbria.com\/es\/\",\"name\":\"Exploring Umbria\",\"description\":\"your dates, your mood, your trip\",\"publisher\":{\"@id\":\"https:\/\/www.exploring-umbria.com\/es\/#organization\"},\"potentialAction\":[{\"@type\":\"SearchAction\",\"target\":{\"@type\":\"EntryPoint\",\"urlTemplate\":\"https:\/\/www.exploring-umbria.com\/es\/?s={search_term_string}\"},\"query-input\":\"required name=search_term_string\"}],\"inLanguage\":\"es\"},{\"@type\":\"WebPage\",\"@id\":\"https:\/\/www.exploring-umbria.com\/es\/pueblos-en-umbria-muchas-joyas-escondidas\/que-ver-en-spello\/palacio-urbani\/#webpage\",\"url\":\"https:\/\/www.exploring-umbria.com\/es\/pueblos-en-umbria-muchas-joyas-escondidas\/que-ver-en-spello\/palacio-urbani\/\",\"name\":\"Palacio Urbani - Exploring Umbria\",\"isPartOf\":{\"@id\":\"https:\/\/www.exploring-umbria.com\/es\/#website\"},\"datePublished\":\"2019-08-09T16:20:42+00:00\",\"dateModified\":\"2020-07-15T11:21:29+00:00\",\"description\":\"El Palacio Urbani-Acuti, tambi\u00e9n llamado Cruciani, est\u00e1 situado en Via Garibaldi y fue uno de los principales edificios privados de Spello. Fue construido\",\"breadcrumb\":{\"@id\":\"https:\/\/www.exploring-umbria.com\/es\/pueblos-en-umbria-muchas-joyas-escondidas\/que-ver-en-spello\/palacio-urbani\/#breadcrumb\"},\"inLanguage\":\"es\",\"potentialAction\":[{\"@type\":\"ReadAction\",\"target\":[\"https:\/\/www.exploring-umbria.com\/es\/pueblos-en-umbria-muchas-joyas-escondidas\/que-ver-en-spello\/palacio-urbani\/\"]}]},{\"@type\":\"BreadcrumbList\",\"@id\":\"https:\/\/www.exploring-umbria.com\/es\/pueblos-en-umbria-muchas-joyas-escondidas\/que-ver-en-spello\/palacio-urbani\/#breadcrumb\",\"itemListElement\":[{\"@type\":\"ListItem\",\"position\":1,\"name\":\"Home\",\"item\":\"https:\/\/www.exploring-umbria.com\/es\/\"},{\"@type\":\"ListItem\",\"position\":2,\"name\":\"Pueblos en Umbr\u00eda: muchas joyas escondidas\",\"item\":\"https:\/\/www.exploring-umbria.com\/es\/pueblos-en-umbria-muchas-joyas-escondidas\/\"},{\"@type\":\"ListItem\",\"position\":3,\"name\":\"Qu\u00e9 ver en Spello\",\"item\":\"https:\/\/www.exploring-umbria.com\/es\/pueblos-en-umbria-muchas-joyas-escondidas\/que-ver-en-spello\/\"},{\"@type\":\"ListItem\",\"position\":4,\"name\":\"Palacio Urbani\"}]}]}<\/script>\n<!-- \/ Yoast SEO plugin. -->","yoast_head_json":{"title":"Palacio Urbani - Exploring Umbria","description":"El Palacio Urbani-Acuti, tambi\u00e9n llamado Cruciani, est\u00e1 situado en Via Garibaldi y fue uno de los principales edificios privados de Spello. Fue construido","robots":{"index":"index","follow":"follow","max-snippet":"max-snippet:-1","max-image-preview":"max-image-preview:large","max-video-preview":"max-video-preview:-1"},"canonical":"https:\/\/www.exploring-umbria.com\/es\/pueblos-en-umbria-muchas-joyas-escondidas\/que-ver-en-spello\/palacio-urbani\/","og_locale":"es_ES","og_type":"article","og_title":"Palacio Urbani - Exploring Umbria","og_description":"El Palacio Urbani-Acuti, tambi\u00e9n llamado Cruciani, est\u00e1 situado en Via Garibaldi y fue uno de los principales edificios privados de Spello. Fue construido","og_url":"https:\/\/www.exploring-umbria.com\/es\/pueblos-en-umbria-muchas-joyas-escondidas\/que-ver-en-spello\/palacio-urbani\/","og_site_name":"Exploring Umbria","article_publisher":"https:\/\/www.facebook.com\/exploringumbria\/","article_modified_time":"2020-07-15T11:21:29+00:00","twitter_card":"summary_large_image","twitter_misc":{"Tiempo de lectura":"1 minuto"},"schema":{"@context":"https:\/\/schema.org","@graph":[{"@type":"Organization","@id":"https:\/\/www.exploring-umbria.com\/es\/#organization","name":"Exploring Umbria","url":"https:\/\/www.exploring-umbria.com\/es\/","sameAs":["https:\/\/www.facebook.com\/exploringumbria\/","https:\/\/www.instagram.com\/exploringumbria\/"],"logo":{"@type":"ImageObject","@id":"https:\/\/www.exploring-umbria.com\/es\/#logo","inLanguage":"es","url":"https:\/\/www.exploring-umbria.com\/wp-content\/uploads\/2019\/08\/solo-logo-verde.jpg","contentUrl":"https:\/\/www.exploring-umbria.com\/wp-content\/uploads\/2019\/08\/solo-logo-verde.jpg","width":952,"height":532,"caption":"Exploring Umbria"},"image":{"@id":"https:\/\/www.exploring-umbria.com\/es\/#logo"}},{"@type":"WebSite","@id":"https:\/\/www.exploring-umbria.com\/es\/#website","url":"https:\/\/www.exploring-umbria.com\/es\/","name":"Exploring Umbria","description":"your dates, your mood, your trip","publisher":{"@id":"https:\/\/www.exploring-umbria.com\/es\/#organization"},"potentialAction":[{"@type":"SearchAction","target":{"@type":"EntryPoint","urlTemplate":"https:\/\/www.exploring-umbria.com\/es\/?s={search_term_string}"},"query-input":"required name=search_term_string"}],"inLanguage":"es"},{"@type":"WebPage","@id":"https:\/\/www.exploring-umbria.com\/es\/pueblos-en-umbria-muchas-joyas-escondidas\/que-ver-en-spello\/palacio-urbani\/#webpage","url":"https:\/\/www.exploring-umbria.com\/es\/pueblos-en-umbria-muchas-joyas-escondidas\/que-ver-en-spello\/palacio-urbani\/","name":"Palacio Urbani - Exploring Umbria","isPartOf":{"@id":"https:\/\/www.exploring-umbria.com\/es\/#website"},"datePublished":"2019-08-09T16:20:42+00:00","dateModified":"2020-07-15T11:21:29+00:00","description":"El Palacio Urbani-Acuti, tambi\u00e9n llamado Cruciani, est\u00e1 situado en Via Garibaldi y fue uno de los principales edificios privados de Spello. Fue construido","breadcrumb":{"@id":"https:\/\/www.exploring-umbria.com\/es\/pueblos-en-umbria-muchas-joyas-escondidas\/que-ver-en-spello\/palacio-urbani\/#breadcrumb"},"inLanguage":"es","potentialAction":[{"@type":"ReadAction","target":["https:\/\/www.exploring-umbria.com\/es\/pueblos-en-umbria-muchas-joyas-escondidas\/que-ver-en-spello\/palacio-urbani\/"]}]},{"@type":"BreadcrumbList","@id":"https:\/\/www.exploring-umbria.com\/es\/pueblos-en-umbria-muchas-joyas-escondidas\/que-ver-en-spello\/palacio-urbani\/#breadcrumb","itemListElement":[{"@type":"ListItem","position":1,"name":"Home","item":"https:\/\/www.exploring-umbria.com\/es\/"},{"@type":"ListItem","position":2,"name":"Pueblos en Umbr\u00eda: muchas joyas escondidas","item":"https:\/\/www.exploring-umbria.com\/es\/pueblos-en-umbria-muchas-joyas-escondidas\/"},{"@type":"ListItem","position":3,"name":"Qu\u00e9 ver en Spello","item":"https:\/\/www.exploring-umbria.com\/es\/pueblos-en-umbria-muchas-joyas-escondidas\/que-ver-en-spello\/"},{"@type":"ListItem","position":4,"name":"Palacio Urbani"}]}]}},"_links":{"self":[{"href":"https:\/\/www.exploring-umbria.com\/es\/wp-json\/wp\/v2\/pages\/37921"}],"collection":[{"href":"https:\/\/www.exploring-umbria.com\/es\/wp-json\/wp\/v2\/pages"}],"about":[{"href":"https:\/\/www.exploring-umbria.com\/es\/wp-json\/wp\/v2\/types\/page"}],"author":[{"embeddable":true,"href":"https:\/\/www.exploring-umbria.com\/es\/wp-json\/wp\/v2\/users\/4"}],"replies":[{"embeddable":true,"href":"https:\/\/www.exploring-umbria.com\/es\/wp-json\/wp\/v2\/comments?post=37921"}],"version-history":[{"count":2,"href":"https:\/\/www.exploring-umbria.com\/es\/wp-json\/wp\/v2\/pages\/37921\/revisions"}],"predecessor-version":[{"id":37925,"href":"https:\/\/www.exploring-umbria.com\/es\/wp-json\/wp\/v2\/pages\/37921\/revisions\/37925"}],"up":[{"embeddable":true,"href":"https:\/\/www.exploring-umbria.com\/es\/wp-json\/wp\/v2\/pages\/37803"}],"wp:attachment":[{"href":"https:\/\/www.exploring-umbria.com\/es\/wp-json\/wp\/v2\/media?parent=37921"}],"curies":[{"name":"wp","href":"https:\/\/api.w.org\/{rel}","templated":true}]}}