{"id":37894,"date":"2019-08-09T18:15:48","date_gmt":"2019-08-09T16:15:48","guid":{"rendered":"https:\/\/www.exploring-umbria.com\/pueblos-en-umbria-muchas-joyas-escondidas\/que-ver-en-spello\/fonte-bregno\/"},"modified":"2020-07-15T11:40:25","modified_gmt":"2020-07-15T09:40:25","slug":"fuente-fonte-bregno","status":"publish","type":"page","link":"https:\/\/www.exploring-umbria.com\/es\/pueblos-en-umbria-muchas-joyas-escondidas\/que-ver-en-spello\/fuente-fonte-bregno\/","title":{"rendered":"Fuente Fonte Bregno"},"content":{"rendered":"<p><strong>Fonte Bregno<\/strong> es la fuente m\u00e1s alta de Subasio (1028 m) y est\u00e1 dividida entre los municipios de As\u00eds y Spello, que la disputan desde la Edad Media. Se puede llegar a ella a trav\u00e9s de un<strong> sendero que parte de la iglesia de la Virgen della Spella<\/strong>, que tambi\u00e9n puede ser recorrido por personas con discapacidades motrices. La fuente tambi\u00e9n cuenta con un peque\u00f1o refugio con chimenea y una peque\u00f1a \u00e1rea equipada para picnics y acampada.<br \/>\nEl nombre deriva de su funci\u00f3n de abrevadero para animales (\u00abbregno\u00bb o \u00abtruogolo\u00bb) y <strong>tiene origen lombardo<\/strong>; en documentos de los siglos XVIII y XIX se denomina \u00abBregnole\u00bb o \u00abBregnola\u00bb. Precisamente porque era un punto estrat\u00e9gico para el riego de los reba\u00f1os que pastaban en la cima de la monta\u00f1a, Fontebregno fue <strong>duramente disputado entre Spello y As\u00eds<\/strong>, hasta la resoluci\u00f3n de 1772, a juicio de Monse\u00f1or Tiberio Soderini, que defini\u00f3 los l\u00edmites de los municipios en beneficio de la ciudad ser\u00e1fica y que fue impuesta como un acto de concordia por el Papa Clemente XIV, a petici\u00f3n del municipio de As\u00eds.<br \/>\nLa fuente ten\u00eda tres bocas y consist\u00eda en un parapeto alto y alas laterales cortas; tambi\u00e9n hab\u00eda una placa amurallada en el prospecto, que conmemoraba la sentencia del Cardenal Soderini, quien orden\u00f3 que los municipios de Spello y As\u00eds dispusieran conjuntamente la restauraci\u00f3n de la fuente en el futuro. Esto se debe a que las dos galer\u00edas filtrantes que convergen en la obra de toma se realizan una en la ciudad de As\u00eds y otra en la ciudad de Spello. Hoy el manantial, restaurado en 2012, est\u00e1 equipado con dos toberas y en la izquierda hay una escultura de <em>Fiorenzo Bacci<\/em>, que representa al curandero de Ninfas de las aguas de Subasio: esta, que es por lo tanto un homenaje al agua, forma parte de una serie de obras dedicadas a los cuatro elementos (tierra, viento, agua, fuego) que se distribuyen dentro del Parque de Subasio.<\/p>\n","protected":false},"excerpt":{"rendered":"<p>Fonte Bregno es la fuente m\u00e1s alta de Subasio (1028 m) y est\u00e1 dividida entre los municipios de As\u00eds y Spello, que la disputan desde la Edad Media. Se puede llegar a ella a trav\u00e9s de un sendero que parte de la iglesia de la Virgen della Spella, que tambi\u00e9n puede ser recorrido por personas [&hellip;]<\/p>\n","protected":false},"author":4,"featured_media":0,"parent":37803,"menu_order":0,"comment_status":"closed","ping_status":"closed","template":"","meta":{"om_disable_all_campaigns":false,"_monsterinsights_skip_tracking":false,"_monsterinsights_sitenote_active":false,"_monsterinsights_sitenote_note":"","_monsterinsights_sitenote_category":0},"acf":[],"yoast_head":"<!-- This site is optimized with the Yoast SEO plugin v18.4.1 - https:\/\/yoast.com\/wordpress\/plugins\/seo\/ -->\n<title>Fuente Fonte Bregno - Exploring Umbria<\/title>\n<meta name=\"description\" content=\"Fonte Bregno es la fuente m\u00e1s alta de Subasio (1028 m) y est\u00e1 dividida entre los municipios de As\u00eds y Spello, que la disputan desde la Edad Media. Se\" \/>\n<meta name=\"robots\" content=\"index, follow, max-snippet:-1, max-image-preview:large, max-video-preview:-1\" \/>\n<link rel=\"canonical\" href=\"https:\/\/www.exploring-umbria.com\/es\/pueblos-en-umbria-muchas-joyas-escondidas\/que-ver-en-spello\/fuente-fonte-bregno\/\" \/>\n<meta property=\"og:locale\" content=\"es_ES\" \/>\n<meta property=\"og:type\" content=\"article\" \/>\n<meta property=\"og:title\" content=\"Fuente Fonte Bregno - Exploring Umbria\" \/>\n<meta property=\"og:description\" content=\"Fonte Bregno es la fuente m\u00e1s alta de Subasio (1028 m) y est\u00e1 dividida entre los municipios de As\u00eds y Spello, que la disputan desde la Edad Media. Se\" \/>\n<meta property=\"og:url\" content=\"https:\/\/www.exploring-umbria.com\/es\/pueblos-en-umbria-muchas-joyas-escondidas\/que-ver-en-spello\/fuente-fonte-bregno\/\" \/>\n<meta property=\"og:site_name\" content=\"Exploring Umbria\" \/>\n<meta property=\"article:publisher\" content=\"https:\/\/www.facebook.com\/exploringumbria\/\" \/>\n<meta property=\"article:modified_time\" content=\"2020-07-15T09:40:25+00:00\" \/>\n<meta name=\"twitter:card\" content=\"summary_large_image\" \/>\n<meta name=\"twitter:label1\" content=\"Tiempo de lectura\" \/>\n\t<meta name=\"twitter:data1\" content=\"2 minutos\" \/>\n<script type=\"application\/ld+json\" class=\"yoast-schema-graph\">{\"@context\":\"https:\/\/schema.org\",\"@graph\":[{\"@type\":\"Organization\",\"@id\":\"https:\/\/www.exploring-umbria.com\/es\/#organization\",\"name\":\"Exploring Umbria\",\"url\":\"https:\/\/www.exploring-umbria.com\/es\/\",\"sameAs\":[\"https:\/\/www.facebook.com\/exploringumbria\/\",\"https:\/\/www.instagram.com\/exploringumbria\/\"],\"logo\":{\"@type\":\"ImageObject\",\"@id\":\"https:\/\/www.exploring-umbria.com\/es\/#logo\",\"inLanguage\":\"es\",\"url\":\"https:\/\/www.exploring-umbria.com\/wp-content\/uploads\/2019\/08\/solo-logo-verde.jpg\",\"contentUrl\":\"https:\/\/www.exploring-umbria.com\/wp-content\/uploads\/2019\/08\/solo-logo-verde.jpg\",\"width\":952,\"height\":532,\"caption\":\"Exploring Umbria\"},\"image\":{\"@id\":\"https:\/\/www.exploring-umbria.com\/es\/#logo\"}},{\"@type\":\"WebSite\",\"@id\":\"https:\/\/www.exploring-umbria.com\/es\/#website\",\"url\":\"https:\/\/www.exploring-umbria.com\/es\/\",\"name\":\"Exploring Umbria\",\"description\":\"your dates, your mood, your trip\",\"publisher\":{\"@id\":\"https:\/\/www.exploring-umbria.com\/es\/#organization\"},\"potentialAction\":[{\"@type\":\"SearchAction\",\"target\":{\"@type\":\"EntryPoint\",\"urlTemplate\":\"https:\/\/www.exploring-umbria.com\/es\/?s={search_term_string}\"},\"query-input\":\"required name=search_term_string\"}],\"inLanguage\":\"es\"},{\"@type\":\"WebPage\",\"@id\":\"https:\/\/www.exploring-umbria.com\/es\/pueblos-en-umbria-muchas-joyas-escondidas\/que-ver-en-spello\/fuente-fonte-bregno\/#webpage\",\"url\":\"https:\/\/www.exploring-umbria.com\/es\/pueblos-en-umbria-muchas-joyas-escondidas\/que-ver-en-spello\/fuente-fonte-bregno\/\",\"name\":\"Fuente Fonte Bregno - Exploring Umbria\",\"isPartOf\":{\"@id\":\"https:\/\/www.exploring-umbria.com\/es\/#website\"},\"datePublished\":\"2019-08-09T16:15:48+00:00\",\"dateModified\":\"2020-07-15T09:40:25+00:00\",\"description\":\"Fonte Bregno es la fuente m\u00e1s alta de Subasio (1028 m) y est\u00e1 dividida entre los municipios de As\u00eds y Spello, que la disputan desde la Edad Media. Se\",\"breadcrumb\":{\"@id\":\"https:\/\/www.exploring-umbria.com\/es\/pueblos-en-umbria-muchas-joyas-escondidas\/que-ver-en-spello\/fuente-fonte-bregno\/#breadcrumb\"},\"inLanguage\":\"es\",\"potentialAction\":[{\"@type\":\"ReadAction\",\"target\":[\"https:\/\/www.exploring-umbria.com\/es\/pueblos-en-umbria-muchas-joyas-escondidas\/que-ver-en-spello\/fuente-fonte-bregno\/\"]}]},{\"@type\":\"BreadcrumbList\",\"@id\":\"https:\/\/www.exploring-umbria.com\/es\/pueblos-en-umbria-muchas-joyas-escondidas\/que-ver-en-spello\/fuente-fonte-bregno\/#breadcrumb\",\"itemListElement\":[{\"@type\":\"ListItem\",\"position\":1,\"name\":\"Home\",\"item\":\"https:\/\/www.exploring-umbria.com\/es\/\"},{\"@type\":\"ListItem\",\"position\":2,\"name\":\"Pueblos en Umbr\u00eda: muchas joyas escondidas\",\"item\":\"https:\/\/www.exploring-umbria.com\/es\/pueblos-en-umbria-muchas-joyas-escondidas\/\"},{\"@type\":\"ListItem\",\"position\":3,\"name\":\"Qu\u00e9 ver en Spello\",\"item\":\"https:\/\/www.exploring-umbria.com\/es\/pueblos-en-umbria-muchas-joyas-escondidas\/que-ver-en-spello\/\"},{\"@type\":\"ListItem\",\"position\":4,\"name\":\"Fuente Fonte Bregno\"}]}]}<\/script>\n<!-- \/ Yoast SEO plugin. -->","yoast_head_json":{"title":"Fuente Fonte Bregno - Exploring Umbria","description":"Fonte Bregno es la fuente m\u00e1s alta de Subasio (1028 m) y est\u00e1 dividida entre los municipios de As\u00eds y Spello, que la disputan desde la Edad Media. Se","robots":{"index":"index","follow":"follow","max-snippet":"max-snippet:-1","max-image-preview":"max-image-preview:large","max-video-preview":"max-video-preview:-1"},"canonical":"https:\/\/www.exploring-umbria.com\/es\/pueblos-en-umbria-muchas-joyas-escondidas\/que-ver-en-spello\/fuente-fonte-bregno\/","og_locale":"es_ES","og_type":"article","og_title":"Fuente Fonte Bregno - Exploring Umbria","og_description":"Fonte Bregno es la fuente m\u00e1s alta de Subasio (1028 m) y est\u00e1 dividida entre los municipios de As\u00eds y Spello, que la disputan desde la Edad Media. Se","og_url":"https:\/\/www.exploring-umbria.com\/es\/pueblos-en-umbria-muchas-joyas-escondidas\/que-ver-en-spello\/fuente-fonte-bregno\/","og_site_name":"Exploring Umbria","article_publisher":"https:\/\/www.facebook.com\/exploringumbria\/","article_modified_time":"2020-07-15T09:40:25+00:00","twitter_card":"summary_large_image","twitter_misc":{"Tiempo de lectura":"2 minutos"},"schema":{"@context":"https:\/\/schema.org","@graph":[{"@type":"Organization","@id":"https:\/\/www.exploring-umbria.com\/es\/#organization","name":"Exploring Umbria","url":"https:\/\/www.exploring-umbria.com\/es\/","sameAs":["https:\/\/www.facebook.com\/exploringumbria\/","https:\/\/www.instagram.com\/exploringumbria\/"],"logo":{"@type":"ImageObject","@id":"https:\/\/www.exploring-umbria.com\/es\/#logo","inLanguage":"es","url":"https:\/\/www.exploring-umbria.com\/wp-content\/uploads\/2019\/08\/solo-logo-verde.jpg","contentUrl":"https:\/\/www.exploring-umbria.com\/wp-content\/uploads\/2019\/08\/solo-logo-verde.jpg","width":952,"height":532,"caption":"Exploring Umbria"},"image":{"@id":"https:\/\/www.exploring-umbria.com\/es\/#logo"}},{"@type":"WebSite","@id":"https:\/\/www.exploring-umbria.com\/es\/#website","url":"https:\/\/www.exploring-umbria.com\/es\/","name":"Exploring Umbria","description":"your dates, your mood, your trip","publisher":{"@id":"https:\/\/www.exploring-umbria.com\/es\/#organization"},"potentialAction":[{"@type":"SearchAction","target":{"@type":"EntryPoint","urlTemplate":"https:\/\/www.exploring-umbria.com\/es\/?s={search_term_string}"},"query-input":"required name=search_term_string"}],"inLanguage":"es"},{"@type":"WebPage","@id":"https:\/\/www.exploring-umbria.com\/es\/pueblos-en-umbria-muchas-joyas-escondidas\/que-ver-en-spello\/fuente-fonte-bregno\/#webpage","url":"https:\/\/www.exploring-umbria.com\/es\/pueblos-en-umbria-muchas-joyas-escondidas\/que-ver-en-spello\/fuente-fonte-bregno\/","name":"Fuente Fonte Bregno - Exploring Umbria","isPartOf":{"@id":"https:\/\/www.exploring-umbria.com\/es\/#website"},"datePublished":"2019-08-09T16:15:48+00:00","dateModified":"2020-07-15T09:40:25+00:00","description":"Fonte Bregno es la fuente m\u00e1s alta de Subasio (1028 m) y est\u00e1 dividida entre los municipios de As\u00eds y Spello, que la disputan desde la Edad Media. Se","breadcrumb":{"@id":"https:\/\/www.exploring-umbria.com\/es\/pueblos-en-umbria-muchas-joyas-escondidas\/que-ver-en-spello\/fuente-fonte-bregno\/#breadcrumb"},"inLanguage":"es","potentialAction":[{"@type":"ReadAction","target":["https:\/\/www.exploring-umbria.com\/es\/pueblos-en-umbria-muchas-joyas-escondidas\/que-ver-en-spello\/fuente-fonte-bregno\/"]}]},{"@type":"BreadcrumbList","@id":"https:\/\/www.exploring-umbria.com\/es\/pueblos-en-umbria-muchas-joyas-escondidas\/que-ver-en-spello\/fuente-fonte-bregno\/#breadcrumb","itemListElement":[{"@type":"ListItem","position":1,"name":"Home","item":"https:\/\/www.exploring-umbria.com\/es\/"},{"@type":"ListItem","position":2,"name":"Pueblos en Umbr\u00eda: muchas joyas escondidas","item":"https:\/\/www.exploring-umbria.com\/es\/pueblos-en-umbria-muchas-joyas-escondidas\/"},{"@type":"ListItem","position":3,"name":"Qu\u00e9 ver en Spello","item":"https:\/\/www.exploring-umbria.com\/es\/pueblos-en-umbria-muchas-joyas-escondidas\/que-ver-en-spello\/"},{"@type":"ListItem","position":4,"name":"Fuente Fonte Bregno"}]}]}},"_links":{"self":[{"href":"https:\/\/www.exploring-umbria.com\/es\/wp-json\/wp\/v2\/pages\/37894"}],"collection":[{"href":"https:\/\/www.exploring-umbria.com\/es\/wp-json\/wp\/v2\/pages"}],"about":[{"href":"https:\/\/www.exploring-umbria.com\/es\/wp-json\/wp\/v2\/types\/page"}],"author":[{"embeddable":true,"href":"https:\/\/www.exploring-umbria.com\/es\/wp-json\/wp\/v2\/users\/4"}],"replies":[{"embeddable":true,"href":"https:\/\/www.exploring-umbria.com\/es\/wp-json\/wp\/v2\/comments?post=37894"}],"version-history":[{"count":2,"href":"https:\/\/www.exploring-umbria.com\/es\/wp-json\/wp\/v2\/pages\/37894\/revisions"}],"predecessor-version":[{"id":37897,"href":"https:\/\/www.exploring-umbria.com\/es\/wp-json\/wp\/v2\/pages\/37894\/revisions\/37897"}],"up":[{"embeddable":true,"href":"https:\/\/www.exploring-umbria.com\/es\/wp-json\/wp\/v2\/pages\/37803"}],"wp:attachment":[{"href":"https:\/\/www.exploring-umbria.com\/es\/wp-json\/wp\/v2\/media?parent=37894"}],"curies":[{"name":"wp","href":"https:\/\/api.w.org\/{rel}","templated":true}]}}