{"id":37815,"date":"2019-08-09T18:09:00","date_gmt":"2019-08-09T16:09:00","guid":{"rendered":"https:\/\/www.exploring-umbria.com\/pueblos-en-umbria-muchas-joyas-escondidas\/que-ver-en-spello\/chiesa-di-san-martino\/"},"modified":"2020-07-14T12:31:46","modified_gmt":"2020-07-14T10:31:46","slug":"iglesia-de-san-martin","status":"publish","type":"page","link":"https:\/\/www.exploring-umbria.com\/es\/pueblos-en-umbria-muchas-joyas-escondidas\/que-ver-en-spello\/iglesia-de-san-martin\/","title":{"rendered":"Iglesia de San Mart\u00edn"},"content":{"rendered":"<p><strong>La iglesia de San Mart\u00edn<\/strong> es un peque\u00f1o edificio armonioso y equilibrado, perfectamente insertado en un encantador barrio medieval de Spello, <strong>en pleno centro hist\u00f3rico<\/strong>. Probablemente fue fundada entre los siglos XI y XII por los habitantes de la terciaria Pusterula en honor al obispo de Tours, aunque las primeras noticias sobre la iglesia son mucho m\u00e1s tard\u00edas, hacia 1333-34. Se cree que el edificio, <strong>una de las iglesias \u00abpobres\u00bb de Spello<\/strong>, tuvo dos fases distintas de construcci\u00f3n: la primera entre finales del siglo XI y principios del XII, a la que debemos el dise\u00f1o arquitect\u00f3nico del edificio, resuelto seg\u00fan un modelo rom\u00e1nico, con cubierta a dos aguas.<br \/>\nLa segunda fase se remonta al movimiento del campanario, que originalmente terminaba en una vela en la fachada, mientras que ahora se encuentra en la zona del \u00e1bside, tambi\u00e9n se reconstruy\u00f3 la cubierta y se hicieron tres arcos transversales internos, reelaborados en el siglo pasado.<br \/>\nHoy la iglesia est\u00e1 cerrada, salvo algunas ceremonias o exposiciones de artistas locales, y se presenta con <strong>una sencilla fachada de piedra blanca local<\/strong> y una puerta de acceso enmarcada por dos anillos, uno blanco y otro rojo, en la parte superior hay una ventana ajimezada con capitel en forma de lirio. La planta es rectangular y dentro las paredes, divergentes, crean un ilusorio ensanchamiento de la profundidad. Al final se encuentra el \u00e1bside, con un altar reensamblado en 1971 con hallazgos arqueol\u00f3gicos y piezas originales, y detr\u00e1s de \u00e9l se abre la peque\u00f1a puerta de la sacrist\u00eda.<br \/>\nLa estructura pict\u00f3rica est\u00e1 muy da\u00f1ada: en una hornacina de la izquierda hay un fresco que representa a San Mart\u00edn dando su abrigo a los pobres, y encima un fresco con San Sebasti\u00e1n, ambos del siglo XV. Abajo se encuentra la placa de Gaetano Franceschini, que eligi\u00f3 la iglesia San Mart\u00edn como lugar de enterramiento.<\/p>\n","protected":false},"excerpt":{"rendered":"<p>La iglesia de San Mart\u00edn es un peque\u00f1o edificio armonioso y equilibrado, perfectamente insertado en un encantador barrio medieval de Spello, en pleno centro hist\u00f3rico. Probablemente fue fundada entre los siglos XI y XII por los habitantes de la terciaria Pusterula en honor al obispo de Tours, aunque las primeras noticias sobre la iglesia son [&hellip;]<\/p>\n","protected":false},"author":4,"featured_media":0,"parent":37803,"menu_order":0,"comment_status":"closed","ping_status":"closed","template":"","meta":{"om_disable_all_campaigns":false,"_monsterinsights_skip_tracking":false,"_monsterinsights_sitenote_active":false,"_monsterinsights_sitenote_note":"","_monsterinsights_sitenote_category":0},"acf":[],"yoast_head":"<!-- This site is optimized with the Yoast SEO plugin v18.4.1 - https:\/\/yoast.com\/wordpress\/plugins\/seo\/ -->\n<title>Iglesia de San Mart\u00edn - Exploring Umbria<\/title>\n<meta name=\"description\" content=\"La iglesia de San Mart\u00edn es un peque\u00f1o edificio armonioso y equilibrado, perfectamente insertado en un encantador barrio medieval de Spello, en pleno\" \/>\n<meta name=\"robots\" content=\"index, follow, max-snippet:-1, max-image-preview:large, max-video-preview:-1\" \/>\n<link rel=\"canonical\" href=\"https:\/\/www.exploring-umbria.com\/es\/pueblos-en-umbria-muchas-joyas-escondidas\/que-ver-en-spello\/iglesia-de-san-martin\/\" \/>\n<meta property=\"og:locale\" content=\"es_ES\" \/>\n<meta property=\"og:type\" content=\"article\" \/>\n<meta property=\"og:title\" content=\"Iglesia de San Mart\u00edn - Exploring Umbria\" \/>\n<meta property=\"og:description\" content=\"La iglesia de San Mart\u00edn es un peque\u00f1o edificio armonioso y equilibrado, perfectamente insertado en un encantador barrio medieval de Spello, en pleno\" \/>\n<meta property=\"og:url\" content=\"https:\/\/www.exploring-umbria.com\/es\/pueblos-en-umbria-muchas-joyas-escondidas\/que-ver-en-spello\/iglesia-de-san-martin\/\" \/>\n<meta property=\"og:site_name\" content=\"Exploring Umbria\" \/>\n<meta property=\"article:publisher\" content=\"https:\/\/www.facebook.com\/exploringumbria\/\" \/>\n<meta property=\"article:modified_time\" content=\"2020-07-14T10:31:46+00:00\" \/>\n<meta name=\"twitter:card\" content=\"summary_large_image\" \/>\n<meta name=\"twitter:label1\" content=\"Tiempo de lectura\" \/>\n\t<meta name=\"twitter:data1\" content=\"2 minutos\" \/>\n<script type=\"application\/ld+json\" class=\"yoast-schema-graph\">{\"@context\":\"https:\/\/schema.org\",\"@graph\":[{\"@type\":\"Organization\",\"@id\":\"https:\/\/www.exploring-umbria.com\/es\/#organization\",\"name\":\"Exploring Umbria\",\"url\":\"https:\/\/www.exploring-umbria.com\/es\/\",\"sameAs\":[\"https:\/\/www.facebook.com\/exploringumbria\/\",\"https:\/\/www.instagram.com\/exploringumbria\/\"],\"logo\":{\"@type\":\"ImageObject\",\"@id\":\"https:\/\/www.exploring-umbria.com\/es\/#logo\",\"inLanguage\":\"es\",\"url\":\"https:\/\/www.exploring-umbria.com\/wp-content\/uploads\/2019\/08\/solo-logo-verde.jpg\",\"contentUrl\":\"https:\/\/www.exploring-umbria.com\/wp-content\/uploads\/2019\/08\/solo-logo-verde.jpg\",\"width\":952,\"height\":532,\"caption\":\"Exploring Umbria\"},\"image\":{\"@id\":\"https:\/\/www.exploring-umbria.com\/es\/#logo\"}},{\"@type\":\"WebSite\",\"@id\":\"https:\/\/www.exploring-umbria.com\/es\/#website\",\"url\":\"https:\/\/www.exploring-umbria.com\/es\/\",\"name\":\"Exploring Umbria\",\"description\":\"your dates, your mood, your trip\",\"publisher\":{\"@id\":\"https:\/\/www.exploring-umbria.com\/es\/#organization\"},\"potentialAction\":[{\"@type\":\"SearchAction\",\"target\":{\"@type\":\"EntryPoint\",\"urlTemplate\":\"https:\/\/www.exploring-umbria.com\/es\/?s={search_term_string}\"},\"query-input\":\"required name=search_term_string\"}],\"inLanguage\":\"es\"},{\"@type\":\"WebPage\",\"@id\":\"https:\/\/www.exploring-umbria.com\/es\/pueblos-en-umbria-muchas-joyas-escondidas\/que-ver-en-spello\/iglesia-de-san-martin\/#webpage\",\"url\":\"https:\/\/www.exploring-umbria.com\/es\/pueblos-en-umbria-muchas-joyas-escondidas\/que-ver-en-spello\/iglesia-de-san-martin\/\",\"name\":\"Iglesia de San Mart\u00edn - Exploring Umbria\",\"isPartOf\":{\"@id\":\"https:\/\/www.exploring-umbria.com\/es\/#website\"},\"datePublished\":\"2019-08-09T16:09:00+00:00\",\"dateModified\":\"2020-07-14T10:31:46+00:00\",\"description\":\"La iglesia de San Mart\u00edn es un peque\u00f1o edificio armonioso y equilibrado, perfectamente insertado en un encantador barrio medieval de Spello, en pleno\",\"breadcrumb\":{\"@id\":\"https:\/\/www.exploring-umbria.com\/es\/pueblos-en-umbria-muchas-joyas-escondidas\/que-ver-en-spello\/iglesia-de-san-martin\/#breadcrumb\"},\"inLanguage\":\"es\",\"potentialAction\":[{\"@type\":\"ReadAction\",\"target\":[\"https:\/\/www.exploring-umbria.com\/es\/pueblos-en-umbria-muchas-joyas-escondidas\/que-ver-en-spello\/iglesia-de-san-martin\/\"]}]},{\"@type\":\"BreadcrumbList\",\"@id\":\"https:\/\/www.exploring-umbria.com\/es\/pueblos-en-umbria-muchas-joyas-escondidas\/que-ver-en-spello\/iglesia-de-san-martin\/#breadcrumb\",\"itemListElement\":[{\"@type\":\"ListItem\",\"position\":1,\"name\":\"Home\",\"item\":\"https:\/\/www.exploring-umbria.com\/es\/\"},{\"@type\":\"ListItem\",\"position\":2,\"name\":\"Pueblos en Umbr\u00eda: muchas joyas escondidas\",\"item\":\"https:\/\/www.exploring-umbria.com\/es\/pueblos-en-umbria-muchas-joyas-escondidas\/\"},{\"@type\":\"ListItem\",\"position\":3,\"name\":\"Qu\u00e9 ver en Spello\",\"item\":\"https:\/\/www.exploring-umbria.com\/es\/pueblos-en-umbria-muchas-joyas-escondidas\/que-ver-en-spello\/\"},{\"@type\":\"ListItem\",\"position\":4,\"name\":\"Iglesia de San Mart\u00edn\"}]}]}<\/script>\n<!-- \/ Yoast SEO plugin. -->","yoast_head_json":{"title":"Iglesia de San Mart\u00edn - Exploring Umbria","description":"La iglesia de San Mart\u00edn es un peque\u00f1o edificio armonioso y equilibrado, perfectamente insertado en un encantador barrio medieval de Spello, en pleno","robots":{"index":"index","follow":"follow","max-snippet":"max-snippet:-1","max-image-preview":"max-image-preview:large","max-video-preview":"max-video-preview:-1"},"canonical":"https:\/\/www.exploring-umbria.com\/es\/pueblos-en-umbria-muchas-joyas-escondidas\/que-ver-en-spello\/iglesia-de-san-martin\/","og_locale":"es_ES","og_type":"article","og_title":"Iglesia de San Mart\u00edn - Exploring Umbria","og_description":"La iglesia de San Mart\u00edn es un peque\u00f1o edificio armonioso y equilibrado, perfectamente insertado en un encantador barrio medieval de Spello, en pleno","og_url":"https:\/\/www.exploring-umbria.com\/es\/pueblos-en-umbria-muchas-joyas-escondidas\/que-ver-en-spello\/iglesia-de-san-martin\/","og_site_name":"Exploring Umbria","article_publisher":"https:\/\/www.facebook.com\/exploringumbria\/","article_modified_time":"2020-07-14T10:31:46+00:00","twitter_card":"summary_large_image","twitter_misc":{"Tiempo de lectura":"2 minutos"},"schema":{"@context":"https:\/\/schema.org","@graph":[{"@type":"Organization","@id":"https:\/\/www.exploring-umbria.com\/es\/#organization","name":"Exploring Umbria","url":"https:\/\/www.exploring-umbria.com\/es\/","sameAs":["https:\/\/www.facebook.com\/exploringumbria\/","https:\/\/www.instagram.com\/exploringumbria\/"],"logo":{"@type":"ImageObject","@id":"https:\/\/www.exploring-umbria.com\/es\/#logo","inLanguage":"es","url":"https:\/\/www.exploring-umbria.com\/wp-content\/uploads\/2019\/08\/solo-logo-verde.jpg","contentUrl":"https:\/\/www.exploring-umbria.com\/wp-content\/uploads\/2019\/08\/solo-logo-verde.jpg","width":952,"height":532,"caption":"Exploring Umbria"},"image":{"@id":"https:\/\/www.exploring-umbria.com\/es\/#logo"}},{"@type":"WebSite","@id":"https:\/\/www.exploring-umbria.com\/es\/#website","url":"https:\/\/www.exploring-umbria.com\/es\/","name":"Exploring Umbria","description":"your dates, your mood, your trip","publisher":{"@id":"https:\/\/www.exploring-umbria.com\/es\/#organization"},"potentialAction":[{"@type":"SearchAction","target":{"@type":"EntryPoint","urlTemplate":"https:\/\/www.exploring-umbria.com\/es\/?s={search_term_string}"},"query-input":"required name=search_term_string"}],"inLanguage":"es"},{"@type":"WebPage","@id":"https:\/\/www.exploring-umbria.com\/es\/pueblos-en-umbria-muchas-joyas-escondidas\/que-ver-en-spello\/iglesia-de-san-martin\/#webpage","url":"https:\/\/www.exploring-umbria.com\/es\/pueblos-en-umbria-muchas-joyas-escondidas\/que-ver-en-spello\/iglesia-de-san-martin\/","name":"Iglesia de San Mart\u00edn - Exploring Umbria","isPartOf":{"@id":"https:\/\/www.exploring-umbria.com\/es\/#website"},"datePublished":"2019-08-09T16:09:00+00:00","dateModified":"2020-07-14T10:31:46+00:00","description":"La iglesia de San Mart\u00edn es un peque\u00f1o edificio armonioso y equilibrado, perfectamente insertado en un encantador barrio medieval de Spello, en pleno","breadcrumb":{"@id":"https:\/\/www.exploring-umbria.com\/es\/pueblos-en-umbria-muchas-joyas-escondidas\/que-ver-en-spello\/iglesia-de-san-martin\/#breadcrumb"},"inLanguage":"es","potentialAction":[{"@type":"ReadAction","target":["https:\/\/www.exploring-umbria.com\/es\/pueblos-en-umbria-muchas-joyas-escondidas\/que-ver-en-spello\/iglesia-de-san-martin\/"]}]},{"@type":"BreadcrumbList","@id":"https:\/\/www.exploring-umbria.com\/es\/pueblos-en-umbria-muchas-joyas-escondidas\/que-ver-en-spello\/iglesia-de-san-martin\/#breadcrumb","itemListElement":[{"@type":"ListItem","position":1,"name":"Home","item":"https:\/\/www.exploring-umbria.com\/es\/"},{"@type":"ListItem","position":2,"name":"Pueblos en Umbr\u00eda: muchas joyas escondidas","item":"https:\/\/www.exploring-umbria.com\/es\/pueblos-en-umbria-muchas-joyas-escondidas\/"},{"@type":"ListItem","position":3,"name":"Qu\u00e9 ver en Spello","item":"https:\/\/www.exploring-umbria.com\/es\/pueblos-en-umbria-muchas-joyas-escondidas\/que-ver-en-spello\/"},{"@type":"ListItem","position":4,"name":"Iglesia de San Mart\u00edn"}]}]}},"_links":{"self":[{"href":"https:\/\/www.exploring-umbria.com\/es\/wp-json\/wp\/v2\/pages\/37815"}],"collection":[{"href":"https:\/\/www.exploring-umbria.com\/es\/wp-json\/wp\/v2\/pages"}],"about":[{"href":"https:\/\/www.exploring-umbria.com\/es\/wp-json\/wp\/v2\/types\/page"}],"author":[{"embeddable":true,"href":"https:\/\/www.exploring-umbria.com\/es\/wp-json\/wp\/v2\/users\/4"}],"replies":[{"embeddable":true,"href":"https:\/\/www.exploring-umbria.com\/es\/wp-json\/wp\/v2\/comments?post=37815"}],"version-history":[{"count":2,"href":"https:\/\/www.exploring-umbria.com\/es\/wp-json\/wp\/v2\/pages\/37815\/revisions"}],"predecessor-version":[{"id":37818,"href":"https:\/\/www.exploring-umbria.com\/es\/wp-json\/wp\/v2\/pages\/37815\/revisions\/37818"}],"up":[{"embeddable":true,"href":"https:\/\/www.exploring-umbria.com\/es\/wp-json\/wp\/v2\/pages\/37803"}],"wp:attachment":[{"href":"https:\/\/www.exploring-umbria.com\/es\/wp-json\/wp\/v2\/media?parent=37815"}],"curies":[{"name":"wp","href":"https:\/\/api.w.org\/{rel}","templated":true}]}}