{"id":37800,"date":"2019-05-21T14:19:49","date_gmt":"2019-05-21T12:19:49","guid":{"rendered":"https:\/\/www.exploring-umbria.com\/pueblos-en-umbria-muchas-joyas-escondidas\/scopri-spello\/"},"modified":"2020-07-14T12:18:35","modified_gmt":"2020-07-14T10:18:35","slug":"descubre-spello","status":"publish","type":"page","link":"https:\/\/www.exploring-umbria.com\/es\/pueblos-en-umbria-muchas-joyas-escondidas\/descubre-spello\/","title":{"rendered":"Descubre Spello"},"content":{"rendered":"<p><strong>Descubre Spello\u00a0<\/strong><\/p>\n<p>Como para vigilar todo el valle del Umbr\u00eda, <strong>Spello<\/strong> se extiende suavemente sobre un espol\u00f3n del Subasio y desciende desde la cima hasta la llanura; al otro lado de la colina domina el valle de Chiona, afluente del r\u00edo Topino, cuyo curso est\u00e1 salpicado de robles centenarios.<br \/>\nSpello te deleitar\u00e1 con los colores de sus flores, que pueblan los callejones del pueblo, y con los de los hermosos atardeceres, que hacen brillar los edificios construidos en piedra blanca y rosa del Subasio.<br \/>\nDurante siglos el centro hist\u00f3rico se ha desarrollado sobre el trazado romano original y sobre \u00e9l se construy\u00f3 la ciudad medieval, renacentista, pontificia y moderna, todas ellas distinguibles en la trama urbana actual; las <a href=\"https:\/\/www.exploring-umbria.com\/es\/actividades\/guided-tour-of-spello\/\" target=\"_blank\" rel=\"noopener noreferrer\">callejuelas<\/a> de Spello se ramifican a partir de los antiguos cardo romanos, que bajan hacia el oeste, y decumanus, que suben de sur a norte.<br \/>\nDe hecho, Spello era una colonia romana pero las presencias m\u00e1s antiguas en el territorio se remontan al siglo \u2166 a. C., como lo demuestran los numerosos hallazgos de asentamientos que se refieren a poblaciones de Umbr\u00eda. Despu\u00e9s de la devastaci\u00f3n de parte de Octaviano, se fund\u00f3 la colonia romana <em>Iulia Hispellum<\/em>, que poco a poco fue adquiriendo m\u00e1s importancia, especialmente gracias a la proximidad de la V\u00eda Flaminia. Las murallas de la ciudad y los restos del Anfiteatro, el Teatro, el Templo y los Ba\u00f1os se remontan a la \u00e9poca romana. A esta \u00e9poca tambi\u00e9n le debemos la recuperaci\u00f3n de los pantanos de la llanura, que originalmente fue ocupada por el <em>Lacus Umber<\/em>. Otro elemento en el desarrollo de Spellano fue sin duda el cristianismo: el emperador Constantino, de hecho, entre los a\u00f1os 326 y 333 d. C., promulg\u00f3 un Rescripto en el que proclamaba la ciudad como Santuario Fiel.<br \/>\nTras la ca\u00edda del Imperio de Occidente comenz\u00f3 una profunda crisis que se agrav\u00f3 con la invasi\u00f3n de Atila y Totila, rey de los godos, hasta llegar a la destrucci\u00f3n perpetrada por los lombardos. Spello comenz\u00f3 a surgir de nuevo en la \u00e9poca comunal y la ciudad se convirti\u00f3 en una ciudad densamente habitada, hasta el punto de dividirse en las tres Terzieri de <em>Pusterola<\/em>, <em>Mezota<\/em> y <em>Porta Chiusa<\/em> (o Borgo), las tres \u00e1reas de forma el\u00edptica que descienden desde la Puerta dell&#8217;Arce, el punto m\u00e1s alto, hasta m\u00e1s all\u00e1 de las murallas; desarroll\u00e1ndose cada vez m\u00e1s, el pueblo se extendi\u00f3 fuera de la Puerta de Venus.<br \/>\nA lo largo de su historia, Spello fue presionada por ciudades cercanas, como Perugia, As\u00eds y\u00a0 y se convirti\u00f3 en el gastaldato de este \u00faltimo. En el siglo \u2169\u2162 fue da\u00f1ado varias veces y fue arrasado por Federico \u2161 , que tambi\u00e9n destruy\u00f3 la iglesia de San Lorenzo con el archivo y la sacrist\u00eda.<br \/>\nA finales del siglo \u2169\u2163 entr\u00f3 en la \u00f3rbita de la familia umbra m\u00e1s importante de la \u00e9poca: los <em>Baglioni<\/em>, que enriquecieron enormemente a Spello con importantes encargos arquitect\u00f3nicos y art\u00edsticos, como la capilla Baglioni, pintada por <a href=\"https:\/\/es.wikipedia.org\/wiki\/Pinturicchio\" target=\"_blank\" rel=\"noopener noreferrer\"><em>Pinturicchio<\/em> <\/a>en la iglesia de Santa Maria Maggiore. En 1583 la ciudad volvi\u00f3 bajo la protecci\u00f3n de la Iglesia, para quien comenz\u00f3 un largo per\u00edodo de decadencia que fue empeorando paulatinamente hasta el colmo: un terrible terremoto en 1832 destruy\u00f3\u00a0 toda la ciudad. S\u00f3lo en los a\u00f1os 60, gracias a la industrializaci\u00f3n, Spello pudo florecer hasta convertirse en el orgullo y la alegr\u00eda de Umbr\u00eda.<br \/>\nSpello es uno de los pueblos m\u00e1s bellos de Italia, pero es sobre todo Ciudad del Aceite, y lo notar\u00e1 en cuanto cruce su umbral. De hecho, la Porta Consolare, la entrada principal de la ciudad, est\u00e1 flanqueada por una torre medieval sobre la que se alza un olivo centenario. Desde hace miles de a\u00f1os, el olivo es un punto de referencia para la comunidad de Spello y sigue influyendo en la din\u00e1mica social, econ\u00f3mica, paisaj\u00edstica y cultural de la ciudad; aqu\u00ed se cultiva el moraiolo, del que se obtiene un aceite afrutado extravirgen con sabor amargo y picante.<br \/>\nSpello vive en simbiosis con la naturaleza tambi\u00e9n desde el punto de vista enogastron\u00f3mico; las recetas locales son sencillas y tradicionales y se basan en productos aut\u00e9nticos cultivados en los jardines o en los bosques cercanos: esp\u00e1rragos, trufa negra y, por supuesto, bruschetta, pan horneado en madera con ajo y aceite.<br \/>\nEl calendario de eventos en Spello es denso y la animada comunidad organiza iniciativas dispersas a lo largo del a\u00f1o. Ciertamente el d\u00eda m\u00e1s importante del a\u00f1o para los spellani es el Corpus Christi, cuando la ciudad se convierte en una maravillosa pradera en flor. De hecho, se realizan \u00abalfombras\u00bb y \u00abpinturas\u00bb de flores que se extienden a lo largo de 2 km por las calles de la ciudad y que permanecen expuestas hasta la puesta del sol; la preparaci\u00f3n de la \u00abinfiorata\u00bb de Corpus Christi comienza seis meses antes y se cuida hasta el m\u00e1s m\u00ednimo detalle: los decoradores, dirigidos por el maestro florero, son mil y cada a\u00f1o las \u00abInfiorate\u00bb son visitadas por 50\/80.000 personas. Spello es el l\u00edder de la Asociaci\u00f3n Nacional \u00abCitt\u00e0 delle Infiorate\u00bb desde hace algunos a\u00f1os y muchos maestros de Spello organizan algunas de ellas en Italia y en el extranjero.<br \/>\nLos dos principales acontecimientos de la ciudadson <em>Hispellum<\/em>, que durante la tercera semana de agosto recuerda el \u00abRescripto de Constantino\u00bb de 336 d. C. a trav\u00e9s de rituales, procesiones, banquetes y batallas entre gladiadores; y <em>el Oro de Spello<\/em>, que se celebra en la tercera semana de noviembre y recuerda la tradici\u00f3n campesina de Spello y el aceite, su producto m\u00e1s valioso; Oro di Spello tambi\u00e9n se incluye en la exposici\u00f3n regional \u00abFrantoi Aperti\u00bb, dedicada a las almazaras.<br \/>\nSpello te ofrecer\u00e1 muchas otras oportunidades para la recreaci\u00f3n. Adem\u00e1s de la exposici\u00f3n del Teatro Comunal Subasio y de las numerosas exposiciones y conferencias organizadas en el Ayuntamiento, se encuentran los llamados \u00abaltri petali di Spello\u00bb (otros p\u00e9talos de Spello): el Festival de Cine entre febrero y marzo; \u00abFinestre, balconi e vicoli fioriti\u00bb (Ventanas, balcones y callejones en flor) en mayo; la Fiesta del Grechetto, uva aut\u00f3ctona, en julio y, durante todo el verano; \u00abIncontri per le strade\u00bb, un evento que combina m\u00fasica, danza, teatro y arte con espect\u00e1culos en las plazas de la ciudad vieja.<\/p>\n","protected":false},"excerpt":{"rendered":"<p>Descubre Spello\u00a0 Como para vigilar todo el valle del Umbr\u00eda, Spello se extiende suavemente sobre un espol\u00f3n del Subasio y desciende desde la cima hasta la llanura; al otro lado de la colina domina el valle de Chiona, afluente del r\u00edo Topino, cuyo curso est\u00e1 salpicado de robles centenarios. Spello te deleitar\u00e1 con los colores [&hellip;]<\/p>\n","protected":false},"author":4,"featured_media":6658,"parent":3272,"menu_order":7,"comment_status":"closed","ping_status":"closed","template":"","meta":{"om_disable_all_campaigns":false,"_monsterinsights_skip_tracking":false,"_monsterinsights_sitenote_active":false,"_monsterinsights_sitenote_note":"","_monsterinsights_sitenote_category":0},"acf":[],"yoast_head":"<!-- This site is optimized with the Yoast SEO plugin v18.4.1 - https:\/\/yoast.com\/wordpress\/plugins\/seo\/ -->\n<title>Descubre Spello - Exploring Umbria<\/title>\n<meta name=\"description\" content=\"Descubre Spello\u00a0 Como para vigilar todo el valle del Umbr\u00eda, Spello se extiende suavemente sobre un espol\u00f3n del Subasio y desciende desde la cima hasta la\" \/>\n<meta name=\"robots\" content=\"index, follow, max-snippet:-1, max-image-preview:large, max-video-preview:-1\" \/>\n<link rel=\"canonical\" href=\"https:\/\/www.exploring-umbria.com\/es\/pueblos-en-umbria-muchas-joyas-escondidas\/descubre-spello\/\" \/>\n<meta property=\"og:locale\" content=\"es_ES\" \/>\n<meta property=\"og:type\" content=\"article\" \/>\n<meta property=\"og:title\" content=\"Descubre Spello - Exploring Umbria\" \/>\n<meta property=\"og:description\" content=\"Descubre Spello\u00a0 Como para vigilar todo el valle del Umbr\u00eda, Spello se extiende suavemente sobre un espol\u00f3n del Subasio y desciende desde la cima hasta la\" \/>\n<meta property=\"og:url\" content=\"https:\/\/www.exploring-umbria.com\/es\/pueblos-en-umbria-muchas-joyas-escondidas\/descubre-spello\/\" \/>\n<meta property=\"og:site_name\" content=\"Exploring Umbria\" \/>\n<meta property=\"article:publisher\" content=\"https:\/\/www.facebook.com\/exploringumbria\/\" \/>\n<meta property=\"article:modified_time\" content=\"2020-07-14T10:18:35+00:00\" \/>\n<meta property=\"og:image\" content=\"https:\/\/www.exploring-umbria.com\/wp-content\/uploads\/2019\/05\/Spello-girasoli.jpeg\" \/>\n\t<meta property=\"og:image:width\" content=\"2000\" \/>\n\t<meta property=\"og:image:height\" content=\"720\" \/>\n\t<meta property=\"og:image:type\" content=\"image\/jpeg\" \/>\n<meta name=\"twitter:card\" content=\"summary_large_image\" \/>\n<meta name=\"twitter:label1\" content=\"Tiempo de lectura\" \/>\n\t<meta name=\"twitter:data1\" content=\"5 minutos\" \/>\n<script type=\"application\/ld+json\" class=\"yoast-schema-graph\">{\"@context\":\"https:\/\/schema.org\",\"@graph\":[{\"@type\":\"Organization\",\"@id\":\"https:\/\/www.exploring-umbria.com\/es\/#organization\",\"name\":\"Exploring Umbria\",\"url\":\"https:\/\/www.exploring-umbria.com\/es\/\",\"sameAs\":[\"https:\/\/www.facebook.com\/exploringumbria\/\",\"https:\/\/www.instagram.com\/exploringumbria\/\"],\"logo\":{\"@type\":\"ImageObject\",\"@id\":\"https:\/\/www.exploring-umbria.com\/es\/#logo\",\"inLanguage\":\"es\",\"url\":\"https:\/\/www.exploring-umbria.com\/wp-content\/uploads\/2019\/08\/solo-logo-verde.jpg\",\"contentUrl\":\"https:\/\/www.exploring-umbria.com\/wp-content\/uploads\/2019\/08\/solo-logo-verde.jpg\",\"width\":952,\"height\":532,\"caption\":\"Exploring Umbria\"},\"image\":{\"@id\":\"https:\/\/www.exploring-umbria.com\/es\/#logo\"}},{\"@type\":\"WebSite\",\"@id\":\"https:\/\/www.exploring-umbria.com\/es\/#website\",\"url\":\"https:\/\/www.exploring-umbria.com\/es\/\",\"name\":\"Exploring Umbria\",\"description\":\"your dates, your mood, your trip\",\"publisher\":{\"@id\":\"https:\/\/www.exploring-umbria.com\/es\/#organization\"},\"potentialAction\":[{\"@type\":\"SearchAction\",\"target\":{\"@type\":\"EntryPoint\",\"urlTemplate\":\"https:\/\/www.exploring-umbria.com\/es\/?s={search_term_string}\"},\"query-input\":\"required name=search_term_string\"}],\"inLanguage\":\"es\"},{\"@type\":\"ImageObject\",\"@id\":\"https:\/\/www.exploring-umbria.com\/es\/pueblos-en-umbria-muchas-joyas-escondidas\/descubre-spello\/#primaryimage\",\"inLanguage\":\"es\",\"url\":\"https:\/\/www.exploring-umbria.com\/wp-content\/uploads\/2019\/05\/Spello-girasoli.jpeg\",\"contentUrl\":\"https:\/\/www.exploring-umbria.com\/wp-content\/uploads\/2019\/05\/Spello-girasoli.jpeg\",\"width\":2000,\"height\":720,\"caption\":\"Scopri Spello\"},{\"@type\":\"WebPage\",\"@id\":\"https:\/\/www.exploring-umbria.com\/es\/pueblos-en-umbria-muchas-joyas-escondidas\/descubre-spello\/#webpage\",\"url\":\"https:\/\/www.exploring-umbria.com\/es\/pueblos-en-umbria-muchas-joyas-escondidas\/descubre-spello\/\",\"name\":\"Descubre Spello - Exploring Umbria\",\"isPartOf\":{\"@id\":\"https:\/\/www.exploring-umbria.com\/es\/#website\"},\"primaryImageOfPage\":{\"@id\":\"https:\/\/www.exploring-umbria.com\/es\/pueblos-en-umbria-muchas-joyas-escondidas\/descubre-spello\/#primaryimage\"},\"datePublished\":\"2019-05-21T12:19:49+00:00\",\"dateModified\":\"2020-07-14T10:18:35+00:00\",\"description\":\"Descubre Spello\u00a0 Como para vigilar todo el valle del Umbr\u00eda, Spello se extiende suavemente sobre un espol\u00f3n del Subasio y desciende desde la cima hasta la\",\"breadcrumb\":{\"@id\":\"https:\/\/www.exploring-umbria.com\/es\/pueblos-en-umbria-muchas-joyas-escondidas\/descubre-spello\/#breadcrumb\"},\"inLanguage\":\"es\",\"potentialAction\":[{\"@type\":\"ReadAction\",\"target\":[\"https:\/\/www.exploring-umbria.com\/es\/pueblos-en-umbria-muchas-joyas-escondidas\/descubre-spello\/\"]}]},{\"@type\":\"BreadcrumbList\",\"@id\":\"https:\/\/www.exploring-umbria.com\/es\/pueblos-en-umbria-muchas-joyas-escondidas\/descubre-spello\/#breadcrumb\",\"itemListElement\":[{\"@type\":\"ListItem\",\"position\":1,\"name\":\"Home\",\"item\":\"https:\/\/www.exploring-umbria.com\/es\/\"},{\"@type\":\"ListItem\",\"position\":2,\"name\":\"Pueblos en Umbr\u00eda: muchas joyas escondidas\",\"item\":\"https:\/\/www.exploring-umbria.com\/es\/pueblos-en-umbria-muchas-joyas-escondidas\/\"},{\"@type\":\"ListItem\",\"position\":3,\"name\":\"Descubre Spello\"}]}]}<\/script>\n<!-- \/ Yoast SEO plugin. -->","yoast_head_json":{"title":"Descubre Spello - Exploring Umbria","description":"Descubre Spello\u00a0 Como para vigilar todo el valle del Umbr\u00eda, Spello se extiende suavemente sobre un espol\u00f3n del Subasio y desciende desde la cima hasta la","robots":{"index":"index","follow":"follow","max-snippet":"max-snippet:-1","max-image-preview":"max-image-preview:large","max-video-preview":"max-video-preview:-1"},"canonical":"https:\/\/www.exploring-umbria.com\/es\/pueblos-en-umbria-muchas-joyas-escondidas\/descubre-spello\/","og_locale":"es_ES","og_type":"article","og_title":"Descubre Spello - Exploring Umbria","og_description":"Descubre Spello\u00a0 Como para vigilar todo el valle del Umbr\u00eda, Spello se extiende suavemente sobre un espol\u00f3n del Subasio y desciende desde la cima hasta la","og_url":"https:\/\/www.exploring-umbria.com\/es\/pueblos-en-umbria-muchas-joyas-escondidas\/descubre-spello\/","og_site_name":"Exploring Umbria","article_publisher":"https:\/\/www.facebook.com\/exploringumbria\/","article_modified_time":"2020-07-14T10:18:35+00:00","og_image":[{"width":2000,"height":720,"url":"https:\/\/www.exploring-umbria.com\/wp-content\/uploads\/2019\/05\/Spello-girasoli.jpeg","type":"image\/jpeg"}],"twitter_card":"summary_large_image","twitter_misc":{"Tiempo de lectura":"5 minutos"},"schema":{"@context":"https:\/\/schema.org","@graph":[{"@type":"Organization","@id":"https:\/\/www.exploring-umbria.com\/es\/#organization","name":"Exploring Umbria","url":"https:\/\/www.exploring-umbria.com\/es\/","sameAs":["https:\/\/www.facebook.com\/exploringumbria\/","https:\/\/www.instagram.com\/exploringumbria\/"],"logo":{"@type":"ImageObject","@id":"https:\/\/www.exploring-umbria.com\/es\/#logo","inLanguage":"es","url":"https:\/\/www.exploring-umbria.com\/wp-content\/uploads\/2019\/08\/solo-logo-verde.jpg","contentUrl":"https:\/\/www.exploring-umbria.com\/wp-content\/uploads\/2019\/08\/solo-logo-verde.jpg","width":952,"height":532,"caption":"Exploring Umbria"},"image":{"@id":"https:\/\/www.exploring-umbria.com\/es\/#logo"}},{"@type":"WebSite","@id":"https:\/\/www.exploring-umbria.com\/es\/#website","url":"https:\/\/www.exploring-umbria.com\/es\/","name":"Exploring Umbria","description":"your dates, your mood, your trip","publisher":{"@id":"https:\/\/www.exploring-umbria.com\/es\/#organization"},"potentialAction":[{"@type":"SearchAction","target":{"@type":"EntryPoint","urlTemplate":"https:\/\/www.exploring-umbria.com\/es\/?s={search_term_string}"},"query-input":"required name=search_term_string"}],"inLanguage":"es"},{"@type":"ImageObject","@id":"https:\/\/www.exploring-umbria.com\/es\/pueblos-en-umbria-muchas-joyas-escondidas\/descubre-spello\/#primaryimage","inLanguage":"es","url":"https:\/\/www.exploring-umbria.com\/wp-content\/uploads\/2019\/05\/Spello-girasoli.jpeg","contentUrl":"https:\/\/www.exploring-umbria.com\/wp-content\/uploads\/2019\/05\/Spello-girasoli.jpeg","width":2000,"height":720,"caption":"Scopri Spello"},{"@type":"WebPage","@id":"https:\/\/www.exploring-umbria.com\/es\/pueblos-en-umbria-muchas-joyas-escondidas\/descubre-spello\/#webpage","url":"https:\/\/www.exploring-umbria.com\/es\/pueblos-en-umbria-muchas-joyas-escondidas\/descubre-spello\/","name":"Descubre Spello - Exploring Umbria","isPartOf":{"@id":"https:\/\/www.exploring-umbria.com\/es\/#website"},"primaryImageOfPage":{"@id":"https:\/\/www.exploring-umbria.com\/es\/pueblos-en-umbria-muchas-joyas-escondidas\/descubre-spello\/#primaryimage"},"datePublished":"2019-05-21T12:19:49+00:00","dateModified":"2020-07-14T10:18:35+00:00","description":"Descubre Spello\u00a0 Como para vigilar todo el valle del Umbr\u00eda, Spello se extiende suavemente sobre un espol\u00f3n del Subasio y desciende desde la cima hasta la","breadcrumb":{"@id":"https:\/\/www.exploring-umbria.com\/es\/pueblos-en-umbria-muchas-joyas-escondidas\/descubre-spello\/#breadcrumb"},"inLanguage":"es","potentialAction":[{"@type":"ReadAction","target":["https:\/\/www.exploring-umbria.com\/es\/pueblos-en-umbria-muchas-joyas-escondidas\/descubre-spello\/"]}]},{"@type":"BreadcrumbList","@id":"https:\/\/www.exploring-umbria.com\/es\/pueblos-en-umbria-muchas-joyas-escondidas\/descubre-spello\/#breadcrumb","itemListElement":[{"@type":"ListItem","position":1,"name":"Home","item":"https:\/\/www.exploring-umbria.com\/es\/"},{"@type":"ListItem","position":2,"name":"Pueblos en Umbr\u00eda: muchas joyas escondidas","item":"https:\/\/www.exploring-umbria.com\/es\/pueblos-en-umbria-muchas-joyas-escondidas\/"},{"@type":"ListItem","position":3,"name":"Descubre Spello"}]}]}},"_links":{"self":[{"href":"https:\/\/www.exploring-umbria.com\/es\/wp-json\/wp\/v2\/pages\/37800"}],"collection":[{"href":"https:\/\/www.exploring-umbria.com\/es\/wp-json\/wp\/v2\/pages"}],"about":[{"href":"https:\/\/www.exploring-umbria.com\/es\/wp-json\/wp\/v2\/types\/page"}],"author":[{"embeddable":true,"href":"https:\/\/www.exploring-umbria.com\/es\/wp-json\/wp\/v2\/users\/4"}],"replies":[{"embeddable":true,"href":"https:\/\/www.exploring-umbria.com\/es\/wp-json\/wp\/v2\/comments?post=37800"}],"version-history":[{"count":2,"href":"https:\/\/www.exploring-umbria.com\/es\/wp-json\/wp\/v2\/pages\/37800\/revisions"}],"predecessor-version":[{"id":37802,"href":"https:\/\/www.exploring-umbria.com\/es\/wp-json\/wp\/v2\/pages\/37800\/revisions\/37802"}],"up":[{"embeddable":true,"href":"https:\/\/www.exploring-umbria.com\/es\/wp-json\/wp\/v2\/pages\/3272"}],"wp:featuredmedia":[{"embeddable":true,"href":"https:\/\/www.exploring-umbria.com\/es\/wp-json\/wp\/v2\/media\/6658"}],"wp:attachment":[{"href":"https:\/\/www.exploring-umbria.com\/es\/wp-json\/wp\/v2\/media?parent=37800"}],"curies":[{"name":"wp","href":"https:\/\/api.w.org\/{rel}","templated":true}]}}