{"id":34930,"date":"2019-05-21T15:03:56","date_gmt":"2019-05-21T13:03:56","guid":{"rendered":"https:\/\/www.exploring-umbria.com\/pueblos-en-umbria-muchas-joyas-escondidas\/scopri-citta-della-pieve\/"},"modified":"2020-07-29T16:45:32","modified_gmt":"2020-07-29T14:45:32","slug":"descubre-citta-della-pieve","status":"publish","type":"page","link":"https:\/\/www.exploring-umbria.com\/es\/pueblos-en-umbria-muchas-joyas-escondidas\/descubre-citta-della-pieve\/","title":{"rendered":"Descubre Citt\u00e0 della Pieve"},"content":{"rendered":"<p><strong>Descubre Citt\u00e0 della Pieve\u00a0<\/strong><\/p>\n<p>En un lugar en la frontera con la Toscana y cerca del Lacio, a una altitud de 508 metros sobre el nivel del mar, se encuentra el caracter\u00edstico pueblo de <strong>Citt\u00e0 della Pieve<\/strong>, en Umbr\u00eda.<\/p>\n<p>Su posici\u00f3n privilegiada sobre una colina le permitir\u00e1 disfrutar de una maravillosa vista del lago Trasimeno y del Val di Chiana, joyas \u00fanicas para admirar en el centro de Italia.<\/p>\n<p>El pueblo es conocido por haber dado a luz al m\u00e1s importante exponente de la pintura umbra del siglo XV, el maestro <em>Pietro Vannucci<\/em> tambi\u00e9n llamado <a href=\"https:\/\/es.wikipedia.org\/wiki\/Pietro_Perugino\" target=\"_blank\" rel=\"noopener noreferrer\"><strong>Il Perugino<\/strong><\/a>. El pintor, que tambi\u00e9n fue maestro de Raffaello, ha sabido devolver a sus obras los encantadores paisajes aut\u00f3ctonos en los que se inspir\u00f3 y rode\u00f3 a lo largo de su vida, como las suaves pendientes y la exuberante y envolvente vegetaci\u00f3n. En el interior de los monumentos de la ciudad se pueden admirar las numerosas obras realizadas por el ilustre pintor.<\/p>\n<p>Citt\u00e0 della Pieve hoy forma parte de la provincia de <a href=\"https:\/\/www.exploring-umbria.com\/es\/subcategories\/cosa-fare-e-cosa-vedere-a-perugia\/#heading3168\" target=\"_blank\" rel=\"noopener noreferrer\">Perugia<\/a>, pero el material arqueol\u00f3gico encontrado en la zona atestigua que en su d\u00eda perteneci\u00f3 a <em>Chiusi<\/em>; los or\u00edgenes de la ciudad se remontan al siglo VII, \u00e9poca en la que los <strong>lombardos<\/strong> ejercieron su poder sobre el <em>Ducado de Tuscia<\/em>. El nombre actual de Citt\u00e0 della Pieve se debe a una <strong>iglesia parroquial<\/strong> (en italiano \u00abpieve\u00bb) que fue construida en honor a los <em>santos<\/em> m\u00e1rtires<em>Gervasio y Protasio<\/em>, y dentro de la cual los paganos comenzaron a ser bautizados y convertidos al cristianismo.<\/p>\n<p>El pueblo tambi\u00e9n tom\u00f3 el nombre de <em>Citt\u00e0 di Castel della Pieve<\/em> por la presencia de las murallas que datan del siglo XI que se construyeron para proteger y delimitar la fortificaci\u00f3n, pero el nombre result\u00f3 ser demasiado largo y similar a la localidad de Citt\u00e0 di Castello. Para poder distinguirlos, se le llam\u00f3 posteriormente Citt\u00e0 della Pieve.<\/p>\n<p>La vida de la ciudad comenz\u00f3 a desarrollarse dentro de ella y pronto el n\u00famero de habitantes aument\u00f3 principalmente como resultado de una situaci\u00f3n de dificultades que se cre\u00f3 en el tercerretiro a continuaci\u00f3n, la inconveniencia en el Val di Chiana, poco a poco se convirti\u00f3 en zona pantanosa y ya no habitable, oblig\u00f3 a la poblaci\u00f3n a encontrar refugio en el pueblo.<\/p>\n<p>Citt\u00e0 della Pieve tambi\u00e9n estuvo sometida durante mucho tiempo a un rigido dominio de la cercana Perugia, que limit\u00f3 definitivamente la expansi\u00f3n del pueblo por el car\u00e1cter fuerte y rebelde. De 1228 a 1250 Citt\u00e0 della Pieve vivi\u00f3 una fase de independencia gracias a <em>Federico II de Suabia<\/em>, que condujo al nacimiento de <strong>la ciudad libre<\/strong>, \u00e9poca en la que tambi\u00e9n defini\u00f3 el urbanismo de la aldea que ha llegado hasta nuestros d\u00edas. Si observamos el per\u00edmetro de Citt\u00e0 della Pieve, se puede reconocer una silueta muy interesante y curiosa que representa un <em>\u00e1guila<\/em>; el territorio se dividi\u00f3 en tres partes, los \u00abterizieri\u00bb, que corresponden a las tres partes diferentes del \u00e1guila y tambi\u00e9n simbolizan las tres clases sociales de la \u00e9poca. En la cabeza del ave rapaz, mirando hacia Roma, se encuentra el <strong>Terziere Castello<\/strong>, que representaba<strong> la clase de los caballeros<\/strong>y por lo tanto, la <strong>aristocracia<\/strong>; el vientre constituye el <strong>Terziere Borgo Dentro<\/strong> y simboliza la <strong>burgues\u00eda<\/strong>; el ala y la cola albergan el <strong>Terziere Casalino<\/strong>, y aluden a la <strong>clase de peones <\/strong>, los <strong>campesinos<\/strong>.<\/p>\n<p>Te fascinar\u00e1 ver y comprender el urbanismo de Citt\u00e0 della Pieve del siglo XIII; en el per\u00edodo de los enfrentamientos entre las clases sociales, los anchos caminos que se desarrollaron en una curva denotaban la presencia de los caballeros, que necesitaban m\u00e1s espacio debido a los caballos; estos caminos estaban en clara oposici\u00f3n a los m\u00e1s estrechos y con un trazado fragmentado, que pon\u00eda de manifiesto la presencia de la clase de los peones, los campesinos. De esta manera, los caballeros pudieron escapar de los ataques de los peons equipados con arco y ballesta gracias a la curvatura de las calles, mientras que los peones pudieron escapar de los ataques de los caballeros en los callejones estrechos no accesibles a caballo.<\/p>\n<p>Los Terzieri de Citt\u00e0 della Pieve han estado a menudo en conflicto entre s\u00ed y el esp\u00edritu de competici\u00f3n ha alimentado su deseo de sobresalir. Pero para evocar el pasado medieval y aclamar la identidad de la gente de Citt\u00e0 della Pieve, cada a\u00f1o en agosto se celebra el caracter\u00edstico y conmemorativo <strong>Palio dei Terzieri<\/strong>. En esta \u00e9poca del a\u00f1o el pueblo se llena de colores, cortinas y pancartas, los abanderados act\u00faan en las calles, reabriendo las tiendas de los antiguos oficios, artesanos, artistas, reviviendo el ambiente del pasado, que ofrecen deliciosas y suculentas delicias con un sabor antiguo y t\u00edpico de la tradici\u00f3n. Los callejones del pueblo acogen el caracter\u00edstico mercado renacentista y se realizan espect\u00e1culos itinerantes, m\u00fasica y juegos, los terzieri se desaf\u00edan y compiten por el precioso tapiz del maestro <em>Antonio Marroni<\/em>, que representa los monumentos m\u00e1s importantes de Citt\u00e0 della Pieve, algunos arqueros que rinden homenaje al Maestro del Campo y a los s\u00edmbolos de los Terzieri: el castillo medieval, la Fortaleza del Borgo Dentro y el Pozo del Casalino. Entre los eventos m\u00e1s significativos de este acontecimiento se encuentran el Desfile Hist\u00f3rico y la <strong>Caza del Toro<\/strong>.<\/p>\n<p>Mucha gente de Pieve desfila por las calles m\u00e1s importantes del centro vistiendo maravillosos y elegantes vestidos hist\u00f3ricos, representando a las diferentes clases sociales del pasado, como caballeros, damas y plebeyos. Apasionados m\u00fasicos tocan y evocan dulces melod\u00edas y la procesi\u00f3n avanza por el pueblo encabezada por el Maestro del escenario, por el Abanderado y por otras importantes personalidades. La procesi\u00f3n de unas setecientas personas va seguida por un carro aleg\u00f3rico de inspiraci\u00f3n cl\u00e1sica.<\/p>\n<p>La <strong>Caza del Toro<\/strong>, por su parte, representa, sin violencia, las antiguas <em>\u00a0corridas<\/em> de toros <em>sieneses<\/em>; los arqueros de los distintos Terzieri, que disponen de tres flechas cada uno, se desaf\u00edan con sus arcos e intentan dar en sus respectivos blancos, formados por tres siluetas de madera que representan a los toros de la raza chianina. Las siluetas de los toros, cada una con una banda que representalos diferentes colores de los Terzieri, se colocan en un carrusel y se mueven cada vez m\u00e1s r\u00e1pido, haciendo la carrera cada vez m\u00e1s compleja y emocionante.<\/p>\n<p>Otro evento que fascina tanto a los habitantes como a los turistas es la muestra floral de San Luigi Gonzaga, patrono del Terziere Casalino; cada a\u00f1o, en las calles del pueblo, se hacen dibujos maravillosos y detallados con p\u00e9talos de colores, siempre siguiendo diferentes temas. El evento es una oportunidad \u00fanica y marca el inicio de los eventos veraniegos de Citt\u00e0 della Pieve.<\/p>\n<p>Durante el per\u00edodo de Pascua, sin embargo, el pueblo organiza la <strong>Feria de Muestras<\/strong>, un evento que incluye la exposici\u00f3n de excelencia y productos t\u00edpicos relacionados con la agricultura, la gastronom\u00eda y la artesan\u00eda de Citt\u00e0 della Pieve. Tambi\u00e9n con motivo de las fiestas de Pascua, se celebra una evocadora representaci\u00f3n de las <strong>Pinturas Vivientes<\/strong>, en la que los participantes interpretan los temas de la Pasi\u00f3n, Muerte y Resurrecci\u00f3n de Cristo en los incre\u00edbles paisajes del subsuelo del Palacio Orca.<\/p>\n<p>Entre los eventos que no hay que perderse est\u00e1 sin duda<strong> Zafferiamo<\/strong>, una fiesta que celebra uno de los s\u00edmbolos m\u00e1s importantes de la aldea, antiguamente conocido como el <em>crocus<\/em>. Citt\u00e0 della Pieve posee un <strong>azafr\u00e1n<\/strong> de gran calidad, cuya producci\u00f3n ya est\u00e1 plasmda en documentos del siglo XIII, precisamente en el Estatuto de Perugia de 1279, que prohib\u00eda su siembra a los\u00a0 extranjeros. Originalmente se utilizaba para te\u00f1ir telas y era una fuente de riqueza muy importante para la econom\u00eda de la ciudad. Hoy en d\u00eda el azafr\u00e1n de Citt\u00e0 della Pieve es un producto de excelencia en Italia y se vende en filamentos para preservar y asegurar su calidad y autenticidad. Durante el evento en el que es protagonista, que se celebra anualmente en el mes de octubre y no se centra \u00fanicamente en el uso del oro rojo en la gastronom\u00eda, es posible participar en talleres de <em>tinte<\/em> de tejidos a trav\u00e9s de los pigmentos del azafr\u00e1n, o de <em>pintura<\/em>, obteniendo as\u00ed los diferentes matices de color de la apreciada especia.<\/p>\n<p>A lo largo de los siglos, los habitantes de Pieve se han especializado tambi\u00e9n en la producci\u00f3n de <strong>ladrillos<\/strong>, una particular terracota de color rojizo con la que se fabricaban la mayor\u00eda de las casas del pueblo, desde las fachadas hasta los suelos, y han demostrado tambi\u00e9n sus excelentes cualidades en la elaboraci\u00f3n tradicional de <strong>encajes de bolillo<\/strong>, <strong>encajes de ganchillo<\/strong> y <strong>bordados<\/strong>. La tela carmes\u00ed, una tela preciosa que se ha trabajado desde la antig\u00fcedad, y los bordados realizados con <em>Punto Perusino<\/em>, inspirados en las im\u00e1genes del Renacimiento y las decoraciones de las obras del gran maestro, son muy conocidos.<\/p>\n<p>Citt\u00e0 della Pieve tambi\u00e9n realza sus productos m\u00e1s genuinos de la naturaleza y su valiosa calidad. Aqu\u00ed podr\u00e1s degustar y disfrutar del <strong>vino<\/strong> <em>Colli del Trasimeno<\/em> D.O.C. y apreciar su aroma afrutado y su regusto ligeramente amargo, con el que podr\u00e1 acompa\u00f1ar sus cenas a base de carnes y verduras, es en realidad un vino principalmente tinto de Sangiovese o de uvas de Trasimeno. Igualmente importante es la producci\u00f3n de <strong>aceite de oliva virgen<\/strong> <strong>extra<\/strong> <em>Colli Orvietani<\/em>, elaborado a partir de las variedades Leccino, Frantoio y Moraiolo; con su inconfundible sabor, especialmente afrutado, y con su intensidad, dar\u00e1 una explosi\u00f3n de sabor \u00fanico a tu paladar.<\/p>\n<p>Entre las especialidades t\u00edpicas de la tradici\u00f3n culinaria de Piamonte son el <strong>jabal\u00ed con estrag\u00f3n o allo spito<\/strong>, con su sabor intenso y fuerte y la <strong>Sopa de Frijoles del Lago Trasimeno<\/strong>, un plato genuino, exquisito y de sabor antiguo, recetas que te encantar\u00e1n.<\/p>\n","protected":false},"excerpt":{"rendered":"<p>Descubre Citt\u00e0 della Pieve\u00a0 En un lugar en la frontera con la Toscana y cerca del Lacio, a una altitud de 508 metros sobre el nivel del mar, se encuentra el caracter\u00edstico pueblo de Citt\u00e0 della Pieve, en Umbr\u00eda. Su posici\u00f3n privilegiada sobre una colina le permitir\u00e1 disfrutar de una maravillosa vista del lago Trasimeno [&hellip;]<\/p>\n","protected":false},"author":4,"featured_media":17458,"parent":3272,"menu_order":9,"comment_status":"closed","ping_status":"closed","template":"","meta":{"om_disable_all_campaigns":false,"_monsterinsights_skip_tracking":false,"_monsterinsights_sitenote_active":false,"_monsterinsights_sitenote_note":"","_monsterinsights_sitenote_category":0},"acf":[],"yoast_head":"<!-- This site is optimized with the Yoast SEO plugin v18.4.1 - https:\/\/yoast.com\/wordpress\/plugins\/seo\/ -->\n<title>Descubre Citt\u00e0 della Pieve - Exploring Umbria<\/title>\n<meta name=\"description\" content=\"Descubre Citt\u00e0 della Pieve\u00a0 En un lugar en la frontera con la Toscana y cerca del Lacio, a una altitud de 508 metros sobre el nivel del mar, se encuentra\" \/>\n<meta name=\"robots\" content=\"index, follow, max-snippet:-1, max-image-preview:large, max-video-preview:-1\" \/>\n<link rel=\"canonical\" href=\"https:\/\/www.exploring-umbria.com\/es\/pueblos-en-umbria-muchas-joyas-escondidas\/descubre-citta-della-pieve\/\" \/>\n<meta property=\"og:locale\" content=\"es_ES\" \/>\n<meta property=\"og:type\" content=\"article\" \/>\n<meta property=\"og:title\" content=\"Descubre Citt\u00e0 della Pieve - Exploring Umbria\" \/>\n<meta property=\"og:description\" content=\"Descubre Citt\u00e0 della Pieve\u00a0 En un lugar en la frontera con la Toscana y cerca del Lacio, a una altitud de 508 metros sobre el nivel del mar, se encuentra\" \/>\n<meta property=\"og:url\" content=\"https:\/\/www.exploring-umbria.com\/es\/pueblos-en-umbria-muchas-joyas-escondidas\/descubre-citta-della-pieve\/\" \/>\n<meta property=\"og:site_name\" content=\"Exploring Umbria\" \/>\n<meta property=\"article:publisher\" content=\"https:\/\/www.facebook.com\/exploringumbria\/\" \/>\n<meta property=\"article:modified_time\" content=\"2020-07-29T14:45:32+00:00\" \/>\n<meta property=\"og:image\" content=\"https:\/\/www.exploring-umbria.com\/wp-content\/uploads\/2019\/07\/Citt\u00e0-della-Pieve-vista-notte.jpg\" \/>\n\t<meta property=\"og:image:width\" content=\"720\" \/>\n\t<meta property=\"og:image:height\" content=\"960\" \/>\n\t<meta property=\"og:image:type\" content=\"image\/jpeg\" \/>\n<meta name=\"twitter:card\" content=\"summary_large_image\" \/>\n<meta name=\"twitter:label1\" content=\"Tiempo de lectura\" \/>\n\t<meta name=\"twitter:data1\" content=\"8 minutos\" \/>\n<script type=\"application\/ld+json\" class=\"yoast-schema-graph\">{\"@context\":\"https:\/\/schema.org\",\"@graph\":[{\"@type\":\"Organization\",\"@id\":\"https:\/\/www.exploring-umbria.com\/es\/#organization\",\"name\":\"Exploring Umbria\",\"url\":\"https:\/\/www.exploring-umbria.com\/es\/\",\"sameAs\":[\"https:\/\/www.facebook.com\/exploringumbria\/\",\"https:\/\/www.instagram.com\/exploringumbria\/\"],\"logo\":{\"@type\":\"ImageObject\",\"@id\":\"https:\/\/www.exploring-umbria.com\/es\/#logo\",\"inLanguage\":\"es\",\"url\":\"https:\/\/www.exploring-umbria.com\/wp-content\/uploads\/2019\/08\/solo-logo-verde.jpg\",\"contentUrl\":\"https:\/\/www.exploring-umbria.com\/wp-content\/uploads\/2019\/08\/solo-logo-verde.jpg\",\"width\":952,\"height\":532,\"caption\":\"Exploring Umbria\"},\"image\":{\"@id\":\"https:\/\/www.exploring-umbria.com\/es\/#logo\"}},{\"@type\":\"WebSite\",\"@id\":\"https:\/\/www.exploring-umbria.com\/es\/#website\",\"url\":\"https:\/\/www.exploring-umbria.com\/es\/\",\"name\":\"Exploring Umbria\",\"description\":\"your dates, your mood, your trip\",\"publisher\":{\"@id\":\"https:\/\/www.exploring-umbria.com\/es\/#organization\"},\"potentialAction\":[{\"@type\":\"SearchAction\",\"target\":{\"@type\":\"EntryPoint\",\"urlTemplate\":\"https:\/\/www.exploring-umbria.com\/es\/?s={search_term_string}\"},\"query-input\":\"required name=search_term_string\"}],\"inLanguage\":\"es\"},{\"@type\":\"ImageObject\",\"@id\":\"https:\/\/www.exploring-umbria.com\/es\/pueblos-en-umbria-muchas-joyas-escondidas\/descubre-citta-della-pieve\/#primaryimage\",\"inLanguage\":\"es\",\"url\":\"https:\/\/www.exploring-umbria.com\/wp-content\/uploads\/2019\/07\/Citt\u00e0-della-Pieve-vista-notte.jpg\",\"contentUrl\":\"https:\/\/www.exploring-umbria.com\/wp-content\/uploads\/2019\/07\/Citt\u00e0-della-Pieve-vista-notte.jpg\",\"width\":720,\"height\":960,\"caption\":\"Citt\u00e0 della Pieve\"},{\"@type\":\"WebPage\",\"@id\":\"https:\/\/www.exploring-umbria.com\/es\/pueblos-en-umbria-muchas-joyas-escondidas\/descubre-citta-della-pieve\/#webpage\",\"url\":\"https:\/\/www.exploring-umbria.com\/es\/pueblos-en-umbria-muchas-joyas-escondidas\/descubre-citta-della-pieve\/\",\"name\":\"Descubre Citt\u00e0 della Pieve - Exploring Umbria\",\"isPartOf\":{\"@id\":\"https:\/\/www.exploring-umbria.com\/es\/#website\"},\"primaryImageOfPage\":{\"@id\":\"https:\/\/www.exploring-umbria.com\/es\/pueblos-en-umbria-muchas-joyas-escondidas\/descubre-citta-della-pieve\/#primaryimage\"},\"datePublished\":\"2019-05-21T13:03:56+00:00\",\"dateModified\":\"2020-07-29T14:45:32+00:00\",\"description\":\"Descubre Citt\u00e0 della Pieve\u00a0 En un lugar en la frontera con la Toscana y cerca del Lacio, a una altitud de 508 metros sobre el nivel del mar, se encuentra\",\"breadcrumb\":{\"@id\":\"https:\/\/www.exploring-umbria.com\/es\/pueblos-en-umbria-muchas-joyas-escondidas\/descubre-citta-della-pieve\/#breadcrumb\"},\"inLanguage\":\"es\",\"potentialAction\":[{\"@type\":\"ReadAction\",\"target\":[\"https:\/\/www.exploring-umbria.com\/es\/pueblos-en-umbria-muchas-joyas-escondidas\/descubre-citta-della-pieve\/\"]}]},{\"@type\":\"BreadcrumbList\",\"@id\":\"https:\/\/www.exploring-umbria.com\/es\/pueblos-en-umbria-muchas-joyas-escondidas\/descubre-citta-della-pieve\/#breadcrumb\",\"itemListElement\":[{\"@type\":\"ListItem\",\"position\":1,\"name\":\"Home\",\"item\":\"https:\/\/www.exploring-umbria.com\/es\/\"},{\"@type\":\"ListItem\",\"position\":2,\"name\":\"Pueblos en Umbr\u00eda: muchas joyas escondidas\",\"item\":\"https:\/\/www.exploring-umbria.com\/es\/pueblos-en-umbria-muchas-joyas-escondidas\/\"},{\"@type\":\"ListItem\",\"position\":3,\"name\":\"Descubre Citt\u00e0 della Pieve\"}]}]}<\/script>\n<!-- \/ Yoast SEO plugin. -->","yoast_head_json":{"title":"Descubre Citt\u00e0 della Pieve - Exploring Umbria","description":"Descubre Citt\u00e0 della Pieve\u00a0 En un lugar en la frontera con la Toscana y cerca del Lacio, a una altitud de 508 metros sobre el nivel del mar, se encuentra","robots":{"index":"index","follow":"follow","max-snippet":"max-snippet:-1","max-image-preview":"max-image-preview:large","max-video-preview":"max-video-preview:-1"},"canonical":"https:\/\/www.exploring-umbria.com\/es\/pueblos-en-umbria-muchas-joyas-escondidas\/descubre-citta-della-pieve\/","og_locale":"es_ES","og_type":"article","og_title":"Descubre Citt\u00e0 della Pieve - Exploring Umbria","og_description":"Descubre Citt\u00e0 della Pieve\u00a0 En un lugar en la frontera con la Toscana y cerca del Lacio, a una altitud de 508 metros sobre el nivel del mar, se encuentra","og_url":"https:\/\/www.exploring-umbria.com\/es\/pueblos-en-umbria-muchas-joyas-escondidas\/descubre-citta-della-pieve\/","og_site_name":"Exploring Umbria","article_publisher":"https:\/\/www.facebook.com\/exploringumbria\/","article_modified_time":"2020-07-29T14:45:32+00:00","og_image":[{"width":720,"height":960,"url":"https:\/\/www.exploring-umbria.com\/wp-content\/uploads\/2019\/07\/Citt\u00e0-della-Pieve-vista-notte.jpg","type":"image\/jpeg"}],"twitter_card":"summary_large_image","twitter_misc":{"Tiempo de lectura":"8 minutos"},"schema":{"@context":"https:\/\/schema.org","@graph":[{"@type":"Organization","@id":"https:\/\/www.exploring-umbria.com\/es\/#organization","name":"Exploring Umbria","url":"https:\/\/www.exploring-umbria.com\/es\/","sameAs":["https:\/\/www.facebook.com\/exploringumbria\/","https:\/\/www.instagram.com\/exploringumbria\/"],"logo":{"@type":"ImageObject","@id":"https:\/\/www.exploring-umbria.com\/es\/#logo","inLanguage":"es","url":"https:\/\/www.exploring-umbria.com\/wp-content\/uploads\/2019\/08\/solo-logo-verde.jpg","contentUrl":"https:\/\/www.exploring-umbria.com\/wp-content\/uploads\/2019\/08\/solo-logo-verde.jpg","width":952,"height":532,"caption":"Exploring Umbria"},"image":{"@id":"https:\/\/www.exploring-umbria.com\/es\/#logo"}},{"@type":"WebSite","@id":"https:\/\/www.exploring-umbria.com\/es\/#website","url":"https:\/\/www.exploring-umbria.com\/es\/","name":"Exploring Umbria","description":"your dates, your mood, your trip","publisher":{"@id":"https:\/\/www.exploring-umbria.com\/es\/#organization"},"potentialAction":[{"@type":"SearchAction","target":{"@type":"EntryPoint","urlTemplate":"https:\/\/www.exploring-umbria.com\/es\/?s={search_term_string}"},"query-input":"required name=search_term_string"}],"inLanguage":"es"},{"@type":"ImageObject","@id":"https:\/\/www.exploring-umbria.com\/es\/pueblos-en-umbria-muchas-joyas-escondidas\/descubre-citta-della-pieve\/#primaryimage","inLanguage":"es","url":"https:\/\/www.exploring-umbria.com\/wp-content\/uploads\/2019\/07\/Citt\u00e0-della-Pieve-vista-notte.jpg","contentUrl":"https:\/\/www.exploring-umbria.com\/wp-content\/uploads\/2019\/07\/Citt\u00e0-della-Pieve-vista-notte.jpg","width":720,"height":960,"caption":"Citt\u00e0 della Pieve"},{"@type":"WebPage","@id":"https:\/\/www.exploring-umbria.com\/es\/pueblos-en-umbria-muchas-joyas-escondidas\/descubre-citta-della-pieve\/#webpage","url":"https:\/\/www.exploring-umbria.com\/es\/pueblos-en-umbria-muchas-joyas-escondidas\/descubre-citta-della-pieve\/","name":"Descubre Citt\u00e0 della Pieve - Exploring Umbria","isPartOf":{"@id":"https:\/\/www.exploring-umbria.com\/es\/#website"},"primaryImageOfPage":{"@id":"https:\/\/www.exploring-umbria.com\/es\/pueblos-en-umbria-muchas-joyas-escondidas\/descubre-citta-della-pieve\/#primaryimage"},"datePublished":"2019-05-21T13:03:56+00:00","dateModified":"2020-07-29T14:45:32+00:00","description":"Descubre Citt\u00e0 della Pieve\u00a0 En un lugar en la frontera con la Toscana y cerca del Lacio, a una altitud de 508 metros sobre el nivel del mar, se encuentra","breadcrumb":{"@id":"https:\/\/www.exploring-umbria.com\/es\/pueblos-en-umbria-muchas-joyas-escondidas\/descubre-citta-della-pieve\/#breadcrumb"},"inLanguage":"es","potentialAction":[{"@type":"ReadAction","target":["https:\/\/www.exploring-umbria.com\/es\/pueblos-en-umbria-muchas-joyas-escondidas\/descubre-citta-della-pieve\/"]}]},{"@type":"BreadcrumbList","@id":"https:\/\/www.exploring-umbria.com\/es\/pueblos-en-umbria-muchas-joyas-escondidas\/descubre-citta-della-pieve\/#breadcrumb","itemListElement":[{"@type":"ListItem","position":1,"name":"Home","item":"https:\/\/www.exploring-umbria.com\/es\/"},{"@type":"ListItem","position":2,"name":"Pueblos en Umbr\u00eda: muchas joyas escondidas","item":"https:\/\/www.exploring-umbria.com\/es\/pueblos-en-umbria-muchas-joyas-escondidas\/"},{"@type":"ListItem","position":3,"name":"Descubre Citt\u00e0 della Pieve"}]}]}},"_links":{"self":[{"href":"https:\/\/www.exploring-umbria.com\/es\/wp-json\/wp\/v2\/pages\/34930"}],"collection":[{"href":"https:\/\/www.exploring-umbria.com\/es\/wp-json\/wp\/v2\/pages"}],"about":[{"href":"https:\/\/www.exploring-umbria.com\/es\/wp-json\/wp\/v2\/types\/page"}],"author":[{"embeddable":true,"href":"https:\/\/www.exploring-umbria.com\/es\/wp-json\/wp\/v2\/users\/4"}],"replies":[{"embeddable":true,"href":"https:\/\/www.exploring-umbria.com\/es\/wp-json\/wp\/v2\/comments?post=34930"}],"version-history":[{"count":4,"href":"https:\/\/www.exploring-umbria.com\/es\/wp-json\/wp\/v2\/pages\/34930\/revisions"}],"predecessor-version":[{"id":38632,"href":"https:\/\/www.exploring-umbria.com\/es\/wp-json\/wp\/v2\/pages\/34930\/revisions\/38632"}],"up":[{"embeddable":true,"href":"https:\/\/www.exploring-umbria.com\/es\/wp-json\/wp\/v2\/pages\/3272"}],"wp:featuredmedia":[{"embeddable":true,"href":"https:\/\/www.exploring-umbria.com\/es\/wp-json\/wp\/v2\/media\/17458"}],"wp:attachment":[{"href":"https:\/\/www.exploring-umbria.com\/es\/wp-json\/wp\/v2\/media?parent=34930"}],"curies":[{"name":"wp","href":"https:\/\/api.w.org\/{rel}","templated":true}]}}