{"id":33313,"date":"2019-05-20T02:46:36","date_gmt":"2019-05-20T00:46:36","guid":{"rendered":"https:\/\/www.exploring-umbria.com\/descubre-spoleto\/que-ver-en-spoleto\/santuario-della-madonna-di-loreto\/"},"modified":"2020-03-31T20:21:46","modified_gmt":"2020-03-31T18:21:46","slug":"santuario-de-la-virgen-de-loreto","status":"publish","type":"page","link":"https:\/\/www.exploring-umbria.com\/es\/descubre-spoleto\/que-ver-en-spoleto\/santuario-de-la-virgen-de-loreto\/","title":{"rendered":"Santuario de la Virgen de Loreto"},"content":{"rendered":"<p>El Santuario de la Virgen de Loreto se encuentra al final de la calle hom\u00f3nima (Loreto), cerca de la Puerta di San Mateo, m\u00e1s tarde rebautizada como Puerta de Loreto.<\/p>\n<p>En 1537, <em>Jacopo Spinelli de Spoleto<\/em> ya hab\u00eda erigidouna Majestad en esta \u00e1rea, insertada en una valiosa reproducci\u00f3n de la casa de Nazaret. La decoraci\u00f3n pict\u00f3rica de la obra, con un fresco que representa a la Virgen y a los Santos Sebasti\u00e1n y Antonio, fue confiada a <em>Jacopo Santoro da Giuliana<\/em>, conocido <em>como <a href=\"https:\/\/it.wikipedia.org\/wiki\/Giacomo_Santoro\" target=\"_blank\" rel=\"noopener noreferrer\">Jacopo Siculo<\/a><\/em>. Seg\u00fan la tradici\u00f3n, la pintura no fue terminada por los artistas sino por la intervenci\u00f3n divina, convirti\u00e9ndose inmediatamente en un objeto de profunda veneraci\u00f3n.<\/p>\n<p>Con motivo del terremoto que sacudi\u00f3 <a href=\"https:\/\/www.exploring-umbria.com\/es\/actividades\/guided-tour-of-spoleto\/\" target=\"_blank\" rel=\"noopener noreferrer\">Spoleto<\/a> en 1571, los ciudadanos se dirigieron a la Virgen para que este se detuviera. Seg\u00fan las historias locales, muchos de los fieles vieron los ojos de la Virgen movi\u00e9ndose hacia los transe\u00fantes. Desde entonces se decidi\u00f3 construir un imponente edificio para preservar la imagen sagrada y hacer monumental el camino que conduc\u00eda a ella, con la construcci\u00f3n del p\u00f3rtico hom\u00f3nimo. A partir de 1572 fue construida la moderna iglesia bajo mando de <em>Annibale de Lippi<\/em> de Florencia. La iglesia tiene una fachada muy sencilla y elegante, con dos \u00f3rdenes separadas por una cornisa voladiza, decorados con pilastras coronadas por un friso liso. La parte superior est\u00e1 adornada con un gran t\u00edmpano y un arco de medio punto que enmarca la ventana central. El portal de entrada, tambi\u00e9n monumental y bien trabajado, fue construido posteriormente en 1662. El interior es espacioso, en forma de cruz griega, con un elegante y refinado estilo renacentista. Alberga varias obras de arte, incluyendo pinturas y esculturas del siglo XVII, mientras que en el centro se encuentra la bella Majestad de <em>Spinelli<\/em>.<\/p>\n","protected":false},"excerpt":{"rendered":"<p>El Santuario de la Virgen de Loreto se encuentra al final de la calle hom\u00f3nima (Loreto), cerca de la Puerta di San Mateo, m\u00e1s tarde rebautizada como Puerta de Loreto. En 1537, Jacopo Spinelli de Spoleto ya hab\u00eda erigidouna Majestad en esta \u00e1rea, insertada en una valiosa reproducci\u00f3n de la casa de Nazaret. La decoraci\u00f3n [&hellip;]<\/p>\n","protected":false},"author":4,"featured_media":0,"parent":33213,"menu_order":23,"comment_status":"closed","ping_status":"closed","template":"","meta":{"om_disable_all_campaigns":false,"_monsterinsights_skip_tracking":false,"_monsterinsights_sitenote_active":false,"_monsterinsights_sitenote_note":"","_monsterinsights_sitenote_category":0},"acf":[],"yoast_head":"<!-- This site is optimized with the Yoast SEO plugin v18.4.1 - https:\/\/yoast.com\/wordpress\/plugins\/seo\/ -->\n<title>Santuario de la Virgen de Loreto - Exploring Umbria<\/title>\n<meta name=\"description\" content=\"El Santuario de la Virgen de Loreto se encuentra al final de la calle hom\u00f3nima (Loreto), cerca de la Puerta di San Mateo, m\u00e1s tarde rebautizada como\" \/>\n<meta name=\"robots\" content=\"index, follow, max-snippet:-1, max-image-preview:large, max-video-preview:-1\" \/>\n<link rel=\"canonical\" href=\"https:\/\/www.exploring-umbria.com\/es\/descubre-spoleto\/que-ver-en-spoleto\/santuario-de-la-virgen-de-loreto\/\" \/>\n<meta property=\"og:locale\" content=\"es_ES\" \/>\n<meta property=\"og:type\" content=\"article\" \/>\n<meta property=\"og:title\" content=\"Santuario de la Virgen de Loreto - Exploring Umbria\" \/>\n<meta property=\"og:description\" content=\"El Santuario de la Virgen de Loreto se encuentra al final de la calle hom\u00f3nima (Loreto), cerca de la Puerta di San Mateo, m\u00e1s tarde rebautizada como\" \/>\n<meta property=\"og:url\" content=\"https:\/\/www.exploring-umbria.com\/es\/descubre-spoleto\/que-ver-en-spoleto\/santuario-de-la-virgen-de-loreto\/\" \/>\n<meta property=\"og:site_name\" content=\"Exploring Umbria\" \/>\n<meta property=\"article:publisher\" content=\"https:\/\/www.facebook.com\/exploringumbria\/\" \/>\n<meta property=\"article:modified_time\" content=\"2020-03-31T18:21:46+00:00\" \/>\n<meta name=\"twitter:card\" content=\"summary_large_image\" \/>\n<meta name=\"twitter:label1\" content=\"Tiempo de lectura\" \/>\n\t<meta name=\"twitter:data1\" content=\"2 minutos\" \/>\n<script type=\"application\/ld+json\" class=\"yoast-schema-graph\">{\"@context\":\"https:\/\/schema.org\",\"@graph\":[{\"@type\":\"Organization\",\"@id\":\"https:\/\/www.exploring-umbria.com\/es\/#organization\",\"name\":\"Exploring Umbria\",\"url\":\"https:\/\/www.exploring-umbria.com\/es\/\",\"sameAs\":[\"https:\/\/www.facebook.com\/exploringumbria\/\",\"https:\/\/www.instagram.com\/exploringumbria\/\"],\"logo\":{\"@type\":\"ImageObject\",\"@id\":\"https:\/\/www.exploring-umbria.com\/es\/#logo\",\"inLanguage\":\"es\",\"url\":\"https:\/\/www.exploring-umbria.com\/wp-content\/uploads\/2019\/08\/solo-logo-verde.jpg\",\"contentUrl\":\"https:\/\/www.exploring-umbria.com\/wp-content\/uploads\/2019\/08\/solo-logo-verde.jpg\",\"width\":952,\"height\":532,\"caption\":\"Exploring Umbria\"},\"image\":{\"@id\":\"https:\/\/www.exploring-umbria.com\/es\/#logo\"}},{\"@type\":\"WebSite\",\"@id\":\"https:\/\/www.exploring-umbria.com\/es\/#website\",\"url\":\"https:\/\/www.exploring-umbria.com\/es\/\",\"name\":\"Exploring Umbria\",\"description\":\"your dates, your mood, your trip\",\"publisher\":{\"@id\":\"https:\/\/www.exploring-umbria.com\/es\/#organization\"},\"potentialAction\":[{\"@type\":\"SearchAction\",\"target\":{\"@type\":\"EntryPoint\",\"urlTemplate\":\"https:\/\/www.exploring-umbria.com\/es\/?s={search_term_string}\"},\"query-input\":\"required name=search_term_string\"}],\"inLanguage\":\"es\"},{\"@type\":\"WebPage\",\"@id\":\"https:\/\/www.exploring-umbria.com\/es\/descubre-spoleto\/que-ver-en-spoleto\/santuario-de-la-virgen-de-loreto\/#webpage\",\"url\":\"https:\/\/www.exploring-umbria.com\/es\/descubre-spoleto\/que-ver-en-spoleto\/santuario-de-la-virgen-de-loreto\/\",\"name\":\"Santuario de la Virgen de Loreto - Exploring Umbria\",\"isPartOf\":{\"@id\":\"https:\/\/www.exploring-umbria.com\/es\/#website\"},\"datePublished\":\"2019-05-20T00:46:36+00:00\",\"dateModified\":\"2020-03-31T18:21:46+00:00\",\"description\":\"El Santuario de la Virgen de Loreto se encuentra al final de la calle hom\u00f3nima (Loreto), cerca de la Puerta di San Mateo, m\u00e1s tarde rebautizada como\",\"breadcrumb\":{\"@id\":\"https:\/\/www.exploring-umbria.com\/es\/descubre-spoleto\/que-ver-en-spoleto\/santuario-de-la-virgen-de-loreto\/#breadcrumb\"},\"inLanguage\":\"es\",\"potentialAction\":[{\"@type\":\"ReadAction\",\"target\":[\"https:\/\/www.exploring-umbria.com\/es\/descubre-spoleto\/que-ver-en-spoleto\/santuario-de-la-virgen-de-loreto\/\"]}]},{\"@type\":\"BreadcrumbList\",\"@id\":\"https:\/\/www.exploring-umbria.com\/es\/descubre-spoleto\/que-ver-en-spoleto\/santuario-de-la-virgen-de-loreto\/#breadcrumb\",\"itemListElement\":[{\"@type\":\"ListItem\",\"position\":1,\"name\":\"Home\",\"item\":\"https:\/\/www.exploring-umbria.com\/es\/\"},{\"@type\":\"ListItem\",\"position\":2,\"name\":\"Descubre Spoleto\",\"item\":\"https:\/\/www.exploring-umbria.com\/es\/descubre-spoleto\/\"},{\"@type\":\"ListItem\",\"position\":3,\"name\":\"Qu\u00e9 ver en Spoleto\",\"item\":\"https:\/\/www.exploring-umbria.com\/es\/descubre-spoleto\/que-ver-en-spoleto\/\"},{\"@type\":\"ListItem\",\"position\":4,\"name\":\"Santuario de la Virgen de Loreto\"}]}]}<\/script>\n<!-- \/ Yoast SEO plugin. -->","yoast_head_json":{"title":"Santuario de la Virgen de Loreto - Exploring Umbria","description":"El Santuario de la Virgen de Loreto se encuentra al final de la calle hom\u00f3nima (Loreto), cerca de la Puerta di San Mateo, m\u00e1s tarde rebautizada como","robots":{"index":"index","follow":"follow","max-snippet":"max-snippet:-1","max-image-preview":"max-image-preview:large","max-video-preview":"max-video-preview:-1"},"canonical":"https:\/\/www.exploring-umbria.com\/es\/descubre-spoleto\/que-ver-en-spoleto\/santuario-de-la-virgen-de-loreto\/","og_locale":"es_ES","og_type":"article","og_title":"Santuario de la Virgen de Loreto - Exploring Umbria","og_description":"El Santuario de la Virgen de Loreto se encuentra al final de la calle hom\u00f3nima (Loreto), cerca de la Puerta di San Mateo, m\u00e1s tarde rebautizada como","og_url":"https:\/\/www.exploring-umbria.com\/es\/descubre-spoleto\/que-ver-en-spoleto\/santuario-de-la-virgen-de-loreto\/","og_site_name":"Exploring Umbria","article_publisher":"https:\/\/www.facebook.com\/exploringumbria\/","article_modified_time":"2020-03-31T18:21:46+00:00","twitter_card":"summary_large_image","twitter_misc":{"Tiempo de lectura":"2 minutos"},"schema":{"@context":"https:\/\/schema.org","@graph":[{"@type":"Organization","@id":"https:\/\/www.exploring-umbria.com\/es\/#organization","name":"Exploring Umbria","url":"https:\/\/www.exploring-umbria.com\/es\/","sameAs":["https:\/\/www.facebook.com\/exploringumbria\/","https:\/\/www.instagram.com\/exploringumbria\/"],"logo":{"@type":"ImageObject","@id":"https:\/\/www.exploring-umbria.com\/es\/#logo","inLanguage":"es","url":"https:\/\/www.exploring-umbria.com\/wp-content\/uploads\/2019\/08\/solo-logo-verde.jpg","contentUrl":"https:\/\/www.exploring-umbria.com\/wp-content\/uploads\/2019\/08\/solo-logo-verde.jpg","width":952,"height":532,"caption":"Exploring Umbria"},"image":{"@id":"https:\/\/www.exploring-umbria.com\/es\/#logo"}},{"@type":"WebSite","@id":"https:\/\/www.exploring-umbria.com\/es\/#website","url":"https:\/\/www.exploring-umbria.com\/es\/","name":"Exploring Umbria","description":"your dates, your mood, your trip","publisher":{"@id":"https:\/\/www.exploring-umbria.com\/es\/#organization"},"potentialAction":[{"@type":"SearchAction","target":{"@type":"EntryPoint","urlTemplate":"https:\/\/www.exploring-umbria.com\/es\/?s={search_term_string}"},"query-input":"required name=search_term_string"}],"inLanguage":"es"},{"@type":"WebPage","@id":"https:\/\/www.exploring-umbria.com\/es\/descubre-spoleto\/que-ver-en-spoleto\/santuario-de-la-virgen-de-loreto\/#webpage","url":"https:\/\/www.exploring-umbria.com\/es\/descubre-spoleto\/que-ver-en-spoleto\/santuario-de-la-virgen-de-loreto\/","name":"Santuario de la Virgen de Loreto - Exploring Umbria","isPartOf":{"@id":"https:\/\/www.exploring-umbria.com\/es\/#website"},"datePublished":"2019-05-20T00:46:36+00:00","dateModified":"2020-03-31T18:21:46+00:00","description":"El Santuario de la Virgen de Loreto se encuentra al final de la calle hom\u00f3nima (Loreto), cerca de la Puerta di San Mateo, m\u00e1s tarde rebautizada como","breadcrumb":{"@id":"https:\/\/www.exploring-umbria.com\/es\/descubre-spoleto\/que-ver-en-spoleto\/santuario-de-la-virgen-de-loreto\/#breadcrumb"},"inLanguage":"es","potentialAction":[{"@type":"ReadAction","target":["https:\/\/www.exploring-umbria.com\/es\/descubre-spoleto\/que-ver-en-spoleto\/santuario-de-la-virgen-de-loreto\/"]}]},{"@type":"BreadcrumbList","@id":"https:\/\/www.exploring-umbria.com\/es\/descubre-spoleto\/que-ver-en-spoleto\/santuario-de-la-virgen-de-loreto\/#breadcrumb","itemListElement":[{"@type":"ListItem","position":1,"name":"Home","item":"https:\/\/www.exploring-umbria.com\/es\/"},{"@type":"ListItem","position":2,"name":"Descubre Spoleto","item":"https:\/\/www.exploring-umbria.com\/es\/descubre-spoleto\/"},{"@type":"ListItem","position":3,"name":"Qu\u00e9 ver en Spoleto","item":"https:\/\/www.exploring-umbria.com\/es\/descubre-spoleto\/que-ver-en-spoleto\/"},{"@type":"ListItem","position":4,"name":"Santuario de la Virgen de Loreto"}]}]}},"_links":{"self":[{"href":"https:\/\/www.exploring-umbria.com\/es\/wp-json\/wp\/v2\/pages\/33313"}],"collection":[{"href":"https:\/\/www.exploring-umbria.com\/es\/wp-json\/wp\/v2\/pages"}],"about":[{"href":"https:\/\/www.exploring-umbria.com\/es\/wp-json\/wp\/v2\/types\/page"}],"author":[{"embeddable":true,"href":"https:\/\/www.exploring-umbria.com\/es\/wp-json\/wp\/v2\/users\/4"}],"replies":[{"embeddable":true,"href":"https:\/\/www.exploring-umbria.com\/es\/wp-json\/wp\/v2\/comments?post=33313"}],"version-history":[{"count":2,"href":"https:\/\/www.exploring-umbria.com\/es\/wp-json\/wp\/v2\/pages\/33313\/revisions"}],"predecessor-version":[{"id":33315,"href":"https:\/\/www.exploring-umbria.com\/es\/wp-json\/wp\/v2\/pages\/33313\/revisions\/33315"}],"up":[{"embeddable":true,"href":"https:\/\/www.exploring-umbria.com\/es\/wp-json\/wp\/v2\/pages\/33213"}],"wp:attachment":[{"href":"https:\/\/www.exploring-umbria.com\/es\/wp-json\/wp\/v2\/media?parent=33313"}],"curies":[{"name":"wp","href":"https:\/\/api.w.org\/{rel}","templated":true}]}}