{"id":33303,"date":"2019-05-20T02:42:26","date_gmt":"2019-05-20T00:42:26","guid":{"rendered":"https:\/\/www.exploring-umbria.com\/descubre-spoleto\/que-ver-en-spoleto\/ponte-sanguinario\/"},"modified":"2020-03-31T20:00:47","modified_gmt":"2020-03-31T18:00:47","slug":"puente-sanguinario","status":"publish","type":"page","link":"https:\/\/www.exploring-umbria.com\/es\/descubre-spoleto\/que-ver-en-spoleto\/puente-sanguinario\/","title":{"rendered":"Puente Sanguinario"},"content":{"rendered":"<p>El <strong>Puente Sanguinario<\/strong> est\u00e1 situado en el centro hist\u00f3rico de <a href=\"https:\/\/www.exploring-umbria.com\/es\/subcategories\/cosa-fare-e-cosa-vedere-a-spoleto\/#heading33201\" target=\"_blank\" rel=\"noopener noreferrer\">Spoleto<\/a>, bajo la Plaza Vittorio y cerca del anfiteatro romano. Construido en \u00e9poca romana, presumiblemente en el siglo I a.C., el puente consta de tres arcos de medio punto, formados por bloques cuadrados de travertino, piedra maciza y con una gran resistencia al desgaste del tiempo. Fue encargado por el emperador Augusto para cruzar el arroyo Tessino hasta la <a href=\"https:\/\/es.wikipedia.org\/wiki\/V%C3%ADa_Flaminia\" target=\"_blank\" rel=\"noopener noreferrer\">V\u00eda Flaminia<\/a>, pero con el paso de los siglos el arroyo fue desplazando su cauce hacia el norte, de modo que el puente, en un momento dado, perdi\u00f3 su funci\u00f3n y las numerosas inundaciones lo enterraron.<\/p>\n<p>La obra fue descubierta en 1817 durante la restauraci\u00f3n del Estado Pontificio y fue terminada, apresuradamente, en 1820 con ocasi\u00f3n de la visita a Spoleto del emperador de Austria Francisco II.<\/p>\n<p>Hay muchas leyendas sobre el nombre del puente, se dice que en \u00e9l fueron decapitados los m\u00e1rtires y sus cabezas arrojadas al r\u00edo, o incluso que desde aqu\u00ed fueron arrojados los cuerpos de los que murieron luchando en el anfiteatro cercano.<\/p>\n<p>Tambi\u00e9n se dice que en el a\u00f1o 253 d.C., en las inmediaciones del puente, el emperador romano Emiliano fue asesinado por sus soldados, por lo que solo fue emperador durante tres meses.<\/p>\n<p>La versi\u00f3n m\u00e1s acreditada por los historiadores sobre el origen del nombre Sanguinario es la del martirio de San Ponciano, patr\u00f3n de la ciudad de Spoleto. Alrededor del siglo II a.C., bajo el dominio de Marco Aurelio, Spoleto fue el hogar de un joven noble llamado Ponciano, al que Dios acudi\u00f3 en sue\u00f1os durante la noche para pedirleque se convirtiera en su siervo. Ponciano sin ninguna vacilaci\u00f3n se convirti\u00f3 y comenz\u00f3 a predicar la religi\u00f3n de los cristianos. La pol\u00edtica anticristiana de Marco Aurelio no dio tregua y cuando sus soldados llegaron a Spoleto, Ponciano no se salv\u00f3 de la persecuci\u00f3n. Al principio fue arrojado al anfiteatro para alimentar a los leones, pero las bestias no se le acercaron, luego lo arrojaron sobre las brasas pero ni siquiera el fuego logr\u00f3 matarlo. Finalmente los soldados lo decapitaron justo en el puente Sanguinario. Su cabeza cortada una vez que se cay\u00f3 al suelo derram\u00f3 una fuente de agua pura. Es en ese punto donde se encuentra la iglesia dedicada al santo.<\/p>\n<p>En \u00e9pocas m\u00e1s recientes se ha planteado la hip\u00f3tesis de que el nombre Sanguinario puede ser considerado como una corrupci\u00f3n del t\u00e9rmino \u00ab<em>sandapilarius<\/em>\u00bb que recuerda el nombre de la puerta sandapilaria del anfiteatro romano o una referencia directa al nombre del arroyo Sanguineto, afluente del Tessino.<\/p>\n<p>En la actualidad, para visitar el puente es necesario bajar un corto tramo de escaleras y s\u00f3lo se pueden ver dos de los tres arcos, ya que la obra se encuentra a\u00fan en proceso de recuperaci\u00f3n.<\/p>\n<p>Visitando el puente y las muchas maravillas del casco antiguo tendr\u00e1s la oportunidad de hacerte una idea de las leyendas que se ciernen sobre este lugar, tal vez haciendo una pausa en los muchos lugares de la zona para degustar los muchos productos t\u00edpicos.<\/p>\n","protected":false},"excerpt":{"rendered":"<p>El Puente Sanguinario est\u00e1 situado en el centro hist\u00f3rico de Spoleto, bajo la Plaza Vittorio y cerca del anfiteatro romano. Construido en \u00e9poca romana, presumiblemente en el siglo I a.C., el puente consta de tres arcos de medio punto, formados por bloques cuadrados de travertino, piedra maciza y con una gran resistencia al desgaste del [&hellip;]<\/p>\n","protected":false},"author":4,"featured_media":0,"parent":33213,"menu_order":20,"comment_status":"closed","ping_status":"closed","template":"","meta":{"om_disable_all_campaigns":false,"_monsterinsights_skip_tracking":false,"_monsterinsights_sitenote_active":false,"_monsterinsights_sitenote_note":"","_monsterinsights_sitenote_category":0},"acf":[],"yoast_head":"<!-- This site is optimized with the Yoast SEO plugin v18.4.1 - https:\/\/yoast.com\/wordpress\/plugins\/seo\/ -->\n<title>Puente Sanguinario - Exploring Umbria<\/title>\n<meta name=\"description\" content=\"El Puente Sanguinario est\u00e1 situado en el centro hist\u00f3rico de Spoleto, bajo la Plaza Vittorio y cerca del anfiteatro romano. Construido en \u00e9poca romana,\" \/>\n<meta name=\"robots\" content=\"index, follow, max-snippet:-1, max-image-preview:large, max-video-preview:-1\" \/>\n<link rel=\"canonical\" href=\"https:\/\/www.exploring-umbria.com\/es\/descubre-spoleto\/que-ver-en-spoleto\/puente-sanguinario\/\" \/>\n<meta property=\"og:locale\" content=\"es_ES\" \/>\n<meta property=\"og:type\" content=\"article\" \/>\n<meta property=\"og:title\" content=\"Puente Sanguinario - Exploring Umbria\" \/>\n<meta property=\"og:description\" content=\"El Puente Sanguinario est\u00e1 situado en el centro hist\u00f3rico de Spoleto, bajo la Plaza Vittorio y cerca del anfiteatro romano. Construido en \u00e9poca romana,\" \/>\n<meta property=\"og:url\" content=\"https:\/\/www.exploring-umbria.com\/es\/descubre-spoleto\/que-ver-en-spoleto\/puente-sanguinario\/\" \/>\n<meta property=\"og:site_name\" content=\"Exploring Umbria\" \/>\n<meta property=\"article:publisher\" content=\"https:\/\/www.facebook.com\/exploringumbria\/\" \/>\n<meta property=\"article:modified_time\" content=\"2020-03-31T18:00:47+00:00\" \/>\n<meta name=\"twitter:card\" content=\"summary_large_image\" \/>\n<meta name=\"twitter:label1\" content=\"Tiempo de lectura\" \/>\n\t<meta name=\"twitter:data1\" content=\"3 minutos\" \/>\n<script type=\"application\/ld+json\" class=\"yoast-schema-graph\">{\"@context\":\"https:\/\/schema.org\",\"@graph\":[{\"@type\":\"Organization\",\"@id\":\"https:\/\/www.exploring-umbria.com\/es\/#organization\",\"name\":\"Exploring Umbria\",\"url\":\"https:\/\/www.exploring-umbria.com\/es\/\",\"sameAs\":[\"https:\/\/www.facebook.com\/exploringumbria\/\",\"https:\/\/www.instagram.com\/exploringumbria\/\"],\"logo\":{\"@type\":\"ImageObject\",\"@id\":\"https:\/\/www.exploring-umbria.com\/es\/#logo\",\"inLanguage\":\"es\",\"url\":\"https:\/\/www.exploring-umbria.com\/wp-content\/uploads\/2019\/08\/solo-logo-verde.jpg\",\"contentUrl\":\"https:\/\/www.exploring-umbria.com\/wp-content\/uploads\/2019\/08\/solo-logo-verde.jpg\",\"width\":952,\"height\":532,\"caption\":\"Exploring Umbria\"},\"image\":{\"@id\":\"https:\/\/www.exploring-umbria.com\/es\/#logo\"}},{\"@type\":\"WebSite\",\"@id\":\"https:\/\/www.exploring-umbria.com\/es\/#website\",\"url\":\"https:\/\/www.exploring-umbria.com\/es\/\",\"name\":\"Exploring Umbria\",\"description\":\"your dates, your mood, your trip\",\"publisher\":{\"@id\":\"https:\/\/www.exploring-umbria.com\/es\/#organization\"},\"potentialAction\":[{\"@type\":\"SearchAction\",\"target\":{\"@type\":\"EntryPoint\",\"urlTemplate\":\"https:\/\/www.exploring-umbria.com\/es\/?s={search_term_string}\"},\"query-input\":\"required name=search_term_string\"}],\"inLanguage\":\"es\"},{\"@type\":\"WebPage\",\"@id\":\"https:\/\/www.exploring-umbria.com\/es\/descubre-spoleto\/que-ver-en-spoleto\/puente-sanguinario\/#webpage\",\"url\":\"https:\/\/www.exploring-umbria.com\/es\/descubre-spoleto\/que-ver-en-spoleto\/puente-sanguinario\/\",\"name\":\"Puente Sanguinario - Exploring Umbria\",\"isPartOf\":{\"@id\":\"https:\/\/www.exploring-umbria.com\/es\/#website\"},\"datePublished\":\"2019-05-20T00:42:26+00:00\",\"dateModified\":\"2020-03-31T18:00:47+00:00\",\"description\":\"El Puente Sanguinario est\u00e1 situado en el centro hist\u00f3rico de Spoleto, bajo la Plaza Vittorio y cerca del anfiteatro romano. Construido en \u00e9poca romana,\",\"breadcrumb\":{\"@id\":\"https:\/\/www.exploring-umbria.com\/es\/descubre-spoleto\/que-ver-en-spoleto\/puente-sanguinario\/#breadcrumb\"},\"inLanguage\":\"es\",\"potentialAction\":[{\"@type\":\"ReadAction\",\"target\":[\"https:\/\/www.exploring-umbria.com\/es\/descubre-spoleto\/que-ver-en-spoleto\/puente-sanguinario\/\"]}]},{\"@type\":\"BreadcrumbList\",\"@id\":\"https:\/\/www.exploring-umbria.com\/es\/descubre-spoleto\/que-ver-en-spoleto\/puente-sanguinario\/#breadcrumb\",\"itemListElement\":[{\"@type\":\"ListItem\",\"position\":1,\"name\":\"Home\",\"item\":\"https:\/\/www.exploring-umbria.com\/es\/\"},{\"@type\":\"ListItem\",\"position\":2,\"name\":\"Descubre Spoleto\",\"item\":\"https:\/\/www.exploring-umbria.com\/es\/descubre-spoleto\/\"},{\"@type\":\"ListItem\",\"position\":3,\"name\":\"Qu\u00e9 ver en Spoleto\",\"item\":\"https:\/\/www.exploring-umbria.com\/es\/descubre-spoleto\/que-ver-en-spoleto\/\"},{\"@type\":\"ListItem\",\"position\":4,\"name\":\"Puente Sanguinario\"}]}]}<\/script>\n<!-- \/ Yoast SEO plugin. -->","yoast_head_json":{"title":"Puente Sanguinario - Exploring Umbria","description":"El Puente Sanguinario est\u00e1 situado en el centro hist\u00f3rico de Spoleto, bajo la Plaza Vittorio y cerca del anfiteatro romano. Construido en \u00e9poca romana,","robots":{"index":"index","follow":"follow","max-snippet":"max-snippet:-1","max-image-preview":"max-image-preview:large","max-video-preview":"max-video-preview:-1"},"canonical":"https:\/\/www.exploring-umbria.com\/es\/descubre-spoleto\/que-ver-en-spoleto\/puente-sanguinario\/","og_locale":"es_ES","og_type":"article","og_title":"Puente Sanguinario - Exploring Umbria","og_description":"El Puente Sanguinario est\u00e1 situado en el centro hist\u00f3rico de Spoleto, bajo la Plaza Vittorio y cerca del anfiteatro romano. Construido en \u00e9poca romana,","og_url":"https:\/\/www.exploring-umbria.com\/es\/descubre-spoleto\/que-ver-en-spoleto\/puente-sanguinario\/","og_site_name":"Exploring Umbria","article_publisher":"https:\/\/www.facebook.com\/exploringumbria\/","article_modified_time":"2020-03-31T18:00:47+00:00","twitter_card":"summary_large_image","twitter_misc":{"Tiempo de lectura":"3 minutos"},"schema":{"@context":"https:\/\/schema.org","@graph":[{"@type":"Organization","@id":"https:\/\/www.exploring-umbria.com\/es\/#organization","name":"Exploring Umbria","url":"https:\/\/www.exploring-umbria.com\/es\/","sameAs":["https:\/\/www.facebook.com\/exploringumbria\/","https:\/\/www.instagram.com\/exploringumbria\/"],"logo":{"@type":"ImageObject","@id":"https:\/\/www.exploring-umbria.com\/es\/#logo","inLanguage":"es","url":"https:\/\/www.exploring-umbria.com\/wp-content\/uploads\/2019\/08\/solo-logo-verde.jpg","contentUrl":"https:\/\/www.exploring-umbria.com\/wp-content\/uploads\/2019\/08\/solo-logo-verde.jpg","width":952,"height":532,"caption":"Exploring Umbria"},"image":{"@id":"https:\/\/www.exploring-umbria.com\/es\/#logo"}},{"@type":"WebSite","@id":"https:\/\/www.exploring-umbria.com\/es\/#website","url":"https:\/\/www.exploring-umbria.com\/es\/","name":"Exploring Umbria","description":"your dates, your mood, your trip","publisher":{"@id":"https:\/\/www.exploring-umbria.com\/es\/#organization"},"potentialAction":[{"@type":"SearchAction","target":{"@type":"EntryPoint","urlTemplate":"https:\/\/www.exploring-umbria.com\/es\/?s={search_term_string}"},"query-input":"required name=search_term_string"}],"inLanguage":"es"},{"@type":"WebPage","@id":"https:\/\/www.exploring-umbria.com\/es\/descubre-spoleto\/que-ver-en-spoleto\/puente-sanguinario\/#webpage","url":"https:\/\/www.exploring-umbria.com\/es\/descubre-spoleto\/que-ver-en-spoleto\/puente-sanguinario\/","name":"Puente Sanguinario - Exploring Umbria","isPartOf":{"@id":"https:\/\/www.exploring-umbria.com\/es\/#website"},"datePublished":"2019-05-20T00:42:26+00:00","dateModified":"2020-03-31T18:00:47+00:00","description":"El Puente Sanguinario est\u00e1 situado en el centro hist\u00f3rico de Spoleto, bajo la Plaza Vittorio y cerca del anfiteatro romano. Construido en \u00e9poca romana,","breadcrumb":{"@id":"https:\/\/www.exploring-umbria.com\/es\/descubre-spoleto\/que-ver-en-spoleto\/puente-sanguinario\/#breadcrumb"},"inLanguage":"es","potentialAction":[{"@type":"ReadAction","target":["https:\/\/www.exploring-umbria.com\/es\/descubre-spoleto\/que-ver-en-spoleto\/puente-sanguinario\/"]}]},{"@type":"BreadcrumbList","@id":"https:\/\/www.exploring-umbria.com\/es\/descubre-spoleto\/que-ver-en-spoleto\/puente-sanguinario\/#breadcrumb","itemListElement":[{"@type":"ListItem","position":1,"name":"Home","item":"https:\/\/www.exploring-umbria.com\/es\/"},{"@type":"ListItem","position":2,"name":"Descubre Spoleto","item":"https:\/\/www.exploring-umbria.com\/es\/descubre-spoleto\/"},{"@type":"ListItem","position":3,"name":"Qu\u00e9 ver en Spoleto","item":"https:\/\/www.exploring-umbria.com\/es\/descubre-spoleto\/que-ver-en-spoleto\/"},{"@type":"ListItem","position":4,"name":"Puente Sanguinario"}]}]}},"_links":{"self":[{"href":"https:\/\/www.exploring-umbria.com\/es\/wp-json\/wp\/v2\/pages\/33303"}],"collection":[{"href":"https:\/\/www.exploring-umbria.com\/es\/wp-json\/wp\/v2\/pages"}],"about":[{"href":"https:\/\/www.exploring-umbria.com\/es\/wp-json\/wp\/v2\/types\/page"}],"author":[{"embeddable":true,"href":"https:\/\/www.exploring-umbria.com\/es\/wp-json\/wp\/v2\/users\/4"}],"replies":[{"embeddable":true,"href":"https:\/\/www.exploring-umbria.com\/es\/wp-json\/wp\/v2\/comments?post=33303"}],"version-history":[{"count":2,"href":"https:\/\/www.exploring-umbria.com\/es\/wp-json\/wp\/v2\/pages\/33303\/revisions"}],"predecessor-version":[{"id":33305,"href":"https:\/\/www.exploring-umbria.com\/es\/wp-json\/wp\/v2\/pages\/33303\/revisions\/33305"}],"up":[{"embeddable":true,"href":"https:\/\/www.exploring-umbria.com\/es\/wp-json\/wp\/v2\/pages\/33213"}],"wp:attachment":[{"href":"https:\/\/www.exploring-umbria.com\/es\/wp-json\/wp\/v2\/media?parent=33303"}],"curies":[{"name":"wp","href":"https:\/\/api.w.org\/{rel}","templated":true}]}}