{"id":33277,"date":"2019-05-20T02:27:57","date_gmt":"2019-05-20T00:27:57","guid":{"rendered":"https:\/\/www.exploring-umbria.com\/descubre-spoleto\/que-ver-en-spoleto\/chiesa-di-san-domenico-a-spoleto\/"},"modified":"2020-03-31T19:13:20","modified_gmt":"2020-03-31T17:13:20","slug":"iglesia-de-santo-domingo-en-spoleto","status":"publish","type":"page","link":"https:\/\/www.exploring-umbria.com\/es\/descubre-spoleto\/que-ver-en-spoleto\/iglesia-de-santo-domingo-en-spoleto\/","title":{"rendered":"Iglesia de Santo Domingo en Spoleto"},"content":{"rendered":"<p>En la plaza hom\u00f3nima de Spoleto se levanta la <strong>Iglesia de Santo Domingo<\/strong>, de estilo g\u00f3tico local, muy particular, construida entre finales del siglo XIII y principios del XIV y anexa al convento preexistente, construido en 1247.<\/p>\n<p>La iglesia fue construida en bloques de piedra, dispuestos en filas horizontales alternadas de blanco y rosa, mostrando una particular construcci\u00f3n y decoraci\u00f3n que recuerda a las iglesias de <a href=\"https:\/\/www.exploring-umbria.com\/es\/subcategories\/cosa-fare-e-cosa-vedere-ad-assisi\/#heading3240\" target=\"_blank\" rel=\"noopener noreferrer\">Santa Clara en As\u00eds<\/a> y <a href=\"https:\/\/www.exploring-umbria.com\/es\/subcategories\/cosa-fare-e-cosa-vedere-a-todi\/#heading2923\" target=\"_blank\" rel=\"noopener noreferrer\">Santa Pr\u00e1xedes en Todi<\/a>.<\/p>\n<p>El acceso al edificio se realiza a trav\u00e9s de dos portales, uno peque\u00f1o, de lunetos en la fachada central, y el otro m\u00e1s grande y elegante, enmarcado por marcos arqueados, que se abre en el lado derecho. La parte superior de la sencilla fachada tambi\u00e9n est\u00e1 decorada con un gran roset\u00f3n.<\/p>\n<p>En el interior, la iglesia es de una sola nave con un gran trasepto y alberga algunas obras, entre las que destacan dos frescos de <a href=\"https:\/\/es.wikipedia.org\/wiki\/Giovanni_Lanfranco\" target=\"_blank\" rel=\"noopener noreferrer\"><em>Giovanni Lanfranco<\/em><\/a> que representan el <strong>Triunfo de Santo Tom\u00e1s de Aquino <\/strong>y la <strong>Virgen y el Ni\u00f1o con cuatro santos <\/strong>(Santa Ana, Santa Catalina de Siena, Santa Catalina de Alejandr\u00eda y Santa Elena).<\/p>\n<p>A lo largo de los siglos la Iglesia de Santo Domingo de Spoleto fue objeto de numerosas reformas, por ejemplo las decoraciones barrocas realizadas entre los siglos XVII y XVIII que fueron retiradas en el siglo XX tras la intervenci\u00f3n del arquitecto <em>Ugo Tarchi<\/em>.<\/p>\n","protected":false},"excerpt":{"rendered":"<p>En la plaza hom\u00f3nima de Spoleto se levanta la Iglesia de Santo Domingo, de estilo g\u00f3tico local, muy particular, construida entre finales del siglo XIII y principios del XIV y anexa al convento preexistente, construido en 1247. La iglesia fue construida en bloques de piedra, dispuestos en filas horizontales alternadas de blanco y rosa, mostrando [&hellip;]<\/p>\n","protected":false},"author":4,"featured_media":0,"parent":33213,"menu_order":13,"comment_status":"closed","ping_status":"closed","template":"","meta":{"om_disable_all_campaigns":false,"_monsterinsights_skip_tracking":false,"_monsterinsights_sitenote_active":false,"_monsterinsights_sitenote_note":"","_monsterinsights_sitenote_category":0},"acf":[],"yoast_head":"<!-- This site is optimized with the Yoast SEO plugin v18.4.1 - https:\/\/yoast.com\/wordpress\/plugins\/seo\/ -->\n<title>Iglesia de Santo Domingo en Spoleto - Exploring Umbria<\/title>\n<meta name=\"description\" content=\"En la plaza hom\u00f3nima de Spoleto se levanta la Iglesia de Santo Domingo, de estilo g\u00f3tico local, muy particular, construida entre finales del siglo XIII y\" \/>\n<meta name=\"robots\" content=\"index, follow, max-snippet:-1, max-image-preview:large, max-video-preview:-1\" \/>\n<link rel=\"canonical\" href=\"https:\/\/www.exploring-umbria.com\/es\/descubre-spoleto\/que-ver-en-spoleto\/iglesia-de-santo-domingo-en-spoleto\/\" \/>\n<meta property=\"og:locale\" content=\"es_ES\" \/>\n<meta property=\"og:type\" content=\"article\" \/>\n<meta property=\"og:title\" content=\"Iglesia de Santo Domingo en Spoleto - Exploring Umbria\" \/>\n<meta property=\"og:description\" content=\"En la plaza hom\u00f3nima de Spoleto se levanta la Iglesia de Santo Domingo, de estilo g\u00f3tico local, muy particular, construida entre finales del siglo XIII y\" \/>\n<meta property=\"og:url\" content=\"https:\/\/www.exploring-umbria.com\/es\/descubre-spoleto\/que-ver-en-spoleto\/iglesia-de-santo-domingo-en-spoleto\/\" \/>\n<meta property=\"og:site_name\" content=\"Exploring Umbria\" \/>\n<meta property=\"article:publisher\" content=\"https:\/\/www.facebook.com\/exploringumbria\/\" \/>\n<meta property=\"article:modified_time\" content=\"2020-03-31T17:13:20+00:00\" \/>\n<meta name=\"twitter:card\" content=\"summary_large_image\" \/>\n<meta name=\"twitter:label1\" content=\"Tiempo de lectura\" \/>\n\t<meta name=\"twitter:data1\" content=\"1 minuto\" \/>\n<script type=\"application\/ld+json\" class=\"yoast-schema-graph\">{\"@context\":\"https:\/\/schema.org\",\"@graph\":[{\"@type\":\"Organization\",\"@id\":\"https:\/\/www.exploring-umbria.com\/es\/#organization\",\"name\":\"Exploring Umbria\",\"url\":\"https:\/\/www.exploring-umbria.com\/es\/\",\"sameAs\":[\"https:\/\/www.facebook.com\/exploringumbria\/\",\"https:\/\/www.instagram.com\/exploringumbria\/\"],\"logo\":{\"@type\":\"ImageObject\",\"@id\":\"https:\/\/www.exploring-umbria.com\/es\/#logo\",\"inLanguage\":\"es\",\"url\":\"https:\/\/www.exploring-umbria.com\/wp-content\/uploads\/2019\/08\/solo-logo-verde.jpg\",\"contentUrl\":\"https:\/\/www.exploring-umbria.com\/wp-content\/uploads\/2019\/08\/solo-logo-verde.jpg\",\"width\":952,\"height\":532,\"caption\":\"Exploring Umbria\"},\"image\":{\"@id\":\"https:\/\/www.exploring-umbria.com\/es\/#logo\"}},{\"@type\":\"WebSite\",\"@id\":\"https:\/\/www.exploring-umbria.com\/es\/#website\",\"url\":\"https:\/\/www.exploring-umbria.com\/es\/\",\"name\":\"Exploring Umbria\",\"description\":\"your dates, your mood, your trip\",\"publisher\":{\"@id\":\"https:\/\/www.exploring-umbria.com\/es\/#organization\"},\"potentialAction\":[{\"@type\":\"SearchAction\",\"target\":{\"@type\":\"EntryPoint\",\"urlTemplate\":\"https:\/\/www.exploring-umbria.com\/es\/?s={search_term_string}\"},\"query-input\":\"required name=search_term_string\"}],\"inLanguage\":\"es\"},{\"@type\":\"WebPage\",\"@id\":\"https:\/\/www.exploring-umbria.com\/es\/descubre-spoleto\/que-ver-en-spoleto\/iglesia-de-santo-domingo-en-spoleto\/#webpage\",\"url\":\"https:\/\/www.exploring-umbria.com\/es\/descubre-spoleto\/que-ver-en-spoleto\/iglesia-de-santo-domingo-en-spoleto\/\",\"name\":\"Iglesia de Santo Domingo en Spoleto - Exploring Umbria\",\"isPartOf\":{\"@id\":\"https:\/\/www.exploring-umbria.com\/es\/#website\"},\"datePublished\":\"2019-05-20T00:27:57+00:00\",\"dateModified\":\"2020-03-31T17:13:20+00:00\",\"description\":\"En la plaza hom\u00f3nima de Spoleto se levanta la Iglesia de Santo Domingo, de estilo g\u00f3tico local, muy particular, construida entre finales del siglo XIII y\",\"breadcrumb\":{\"@id\":\"https:\/\/www.exploring-umbria.com\/es\/descubre-spoleto\/que-ver-en-spoleto\/iglesia-de-santo-domingo-en-spoleto\/#breadcrumb\"},\"inLanguage\":\"es\",\"potentialAction\":[{\"@type\":\"ReadAction\",\"target\":[\"https:\/\/www.exploring-umbria.com\/es\/descubre-spoleto\/que-ver-en-spoleto\/iglesia-de-santo-domingo-en-spoleto\/\"]}]},{\"@type\":\"BreadcrumbList\",\"@id\":\"https:\/\/www.exploring-umbria.com\/es\/descubre-spoleto\/que-ver-en-spoleto\/iglesia-de-santo-domingo-en-spoleto\/#breadcrumb\",\"itemListElement\":[{\"@type\":\"ListItem\",\"position\":1,\"name\":\"Home\",\"item\":\"https:\/\/www.exploring-umbria.com\/es\/\"},{\"@type\":\"ListItem\",\"position\":2,\"name\":\"Descubre Spoleto\",\"item\":\"https:\/\/www.exploring-umbria.com\/es\/descubre-spoleto\/\"},{\"@type\":\"ListItem\",\"position\":3,\"name\":\"Qu\u00e9 ver en Spoleto\",\"item\":\"https:\/\/www.exploring-umbria.com\/es\/descubre-spoleto\/que-ver-en-spoleto\/\"},{\"@type\":\"ListItem\",\"position\":4,\"name\":\"Iglesia de Santo Domingo en Spoleto\"}]}]}<\/script>\n<!-- \/ Yoast SEO plugin. -->","yoast_head_json":{"title":"Iglesia de Santo Domingo en Spoleto - Exploring Umbria","description":"En la plaza hom\u00f3nima de Spoleto se levanta la Iglesia de Santo Domingo, de estilo g\u00f3tico local, muy particular, construida entre finales del siglo XIII y","robots":{"index":"index","follow":"follow","max-snippet":"max-snippet:-1","max-image-preview":"max-image-preview:large","max-video-preview":"max-video-preview:-1"},"canonical":"https:\/\/www.exploring-umbria.com\/es\/descubre-spoleto\/que-ver-en-spoleto\/iglesia-de-santo-domingo-en-spoleto\/","og_locale":"es_ES","og_type":"article","og_title":"Iglesia de Santo Domingo en Spoleto - Exploring Umbria","og_description":"En la plaza hom\u00f3nima de Spoleto se levanta la Iglesia de Santo Domingo, de estilo g\u00f3tico local, muy particular, construida entre finales del siglo XIII y","og_url":"https:\/\/www.exploring-umbria.com\/es\/descubre-spoleto\/que-ver-en-spoleto\/iglesia-de-santo-domingo-en-spoleto\/","og_site_name":"Exploring Umbria","article_publisher":"https:\/\/www.facebook.com\/exploringumbria\/","article_modified_time":"2020-03-31T17:13:20+00:00","twitter_card":"summary_large_image","twitter_misc":{"Tiempo de lectura":"1 minuto"},"schema":{"@context":"https:\/\/schema.org","@graph":[{"@type":"Organization","@id":"https:\/\/www.exploring-umbria.com\/es\/#organization","name":"Exploring Umbria","url":"https:\/\/www.exploring-umbria.com\/es\/","sameAs":["https:\/\/www.facebook.com\/exploringumbria\/","https:\/\/www.instagram.com\/exploringumbria\/"],"logo":{"@type":"ImageObject","@id":"https:\/\/www.exploring-umbria.com\/es\/#logo","inLanguage":"es","url":"https:\/\/www.exploring-umbria.com\/wp-content\/uploads\/2019\/08\/solo-logo-verde.jpg","contentUrl":"https:\/\/www.exploring-umbria.com\/wp-content\/uploads\/2019\/08\/solo-logo-verde.jpg","width":952,"height":532,"caption":"Exploring Umbria"},"image":{"@id":"https:\/\/www.exploring-umbria.com\/es\/#logo"}},{"@type":"WebSite","@id":"https:\/\/www.exploring-umbria.com\/es\/#website","url":"https:\/\/www.exploring-umbria.com\/es\/","name":"Exploring Umbria","description":"your dates, your mood, your trip","publisher":{"@id":"https:\/\/www.exploring-umbria.com\/es\/#organization"},"potentialAction":[{"@type":"SearchAction","target":{"@type":"EntryPoint","urlTemplate":"https:\/\/www.exploring-umbria.com\/es\/?s={search_term_string}"},"query-input":"required name=search_term_string"}],"inLanguage":"es"},{"@type":"WebPage","@id":"https:\/\/www.exploring-umbria.com\/es\/descubre-spoleto\/que-ver-en-spoleto\/iglesia-de-santo-domingo-en-spoleto\/#webpage","url":"https:\/\/www.exploring-umbria.com\/es\/descubre-spoleto\/que-ver-en-spoleto\/iglesia-de-santo-domingo-en-spoleto\/","name":"Iglesia de Santo Domingo en Spoleto - Exploring Umbria","isPartOf":{"@id":"https:\/\/www.exploring-umbria.com\/es\/#website"},"datePublished":"2019-05-20T00:27:57+00:00","dateModified":"2020-03-31T17:13:20+00:00","description":"En la plaza hom\u00f3nima de Spoleto se levanta la Iglesia de Santo Domingo, de estilo g\u00f3tico local, muy particular, construida entre finales del siglo XIII y","breadcrumb":{"@id":"https:\/\/www.exploring-umbria.com\/es\/descubre-spoleto\/que-ver-en-spoleto\/iglesia-de-santo-domingo-en-spoleto\/#breadcrumb"},"inLanguage":"es","potentialAction":[{"@type":"ReadAction","target":["https:\/\/www.exploring-umbria.com\/es\/descubre-spoleto\/que-ver-en-spoleto\/iglesia-de-santo-domingo-en-spoleto\/"]}]},{"@type":"BreadcrumbList","@id":"https:\/\/www.exploring-umbria.com\/es\/descubre-spoleto\/que-ver-en-spoleto\/iglesia-de-santo-domingo-en-spoleto\/#breadcrumb","itemListElement":[{"@type":"ListItem","position":1,"name":"Home","item":"https:\/\/www.exploring-umbria.com\/es\/"},{"@type":"ListItem","position":2,"name":"Descubre Spoleto","item":"https:\/\/www.exploring-umbria.com\/es\/descubre-spoleto\/"},{"@type":"ListItem","position":3,"name":"Qu\u00e9 ver en Spoleto","item":"https:\/\/www.exploring-umbria.com\/es\/descubre-spoleto\/que-ver-en-spoleto\/"},{"@type":"ListItem","position":4,"name":"Iglesia de Santo Domingo en Spoleto"}]}]}},"_links":{"self":[{"href":"https:\/\/www.exploring-umbria.com\/es\/wp-json\/wp\/v2\/pages\/33277"}],"collection":[{"href":"https:\/\/www.exploring-umbria.com\/es\/wp-json\/wp\/v2\/pages"}],"about":[{"href":"https:\/\/www.exploring-umbria.com\/es\/wp-json\/wp\/v2\/types\/page"}],"author":[{"embeddable":true,"href":"https:\/\/www.exploring-umbria.com\/es\/wp-json\/wp\/v2\/users\/4"}],"replies":[{"embeddable":true,"href":"https:\/\/www.exploring-umbria.com\/es\/wp-json\/wp\/v2\/comments?post=33277"}],"version-history":[{"count":2,"href":"https:\/\/www.exploring-umbria.com\/es\/wp-json\/wp\/v2\/pages\/33277\/revisions"}],"predecessor-version":[{"id":33279,"href":"https:\/\/www.exploring-umbria.com\/es\/wp-json\/wp\/v2\/pages\/33277\/revisions\/33279"}],"up":[{"embeddable":true,"href":"https:\/\/www.exploring-umbria.com\/es\/wp-json\/wp\/v2\/pages\/33213"}],"wp:attachment":[{"href":"https:\/\/www.exploring-umbria.com\/es\/wp-json\/wp\/v2\/media?parent=33277"}],"curies":[{"name":"wp","href":"https:\/\/api.w.org\/{rel}","templated":true}]}}