{"id":33273,"date":"2019-05-20T02:26:54","date_gmt":"2019-05-20T00:26:54","guid":{"rendered":"https:\/\/www.exploring-umbria.com\/descubre-spoleto\/que-ver-en-spoleto\/chiesa-di-san-filippo-neri-a-spoleto\/"},"modified":"2020-03-31T19:04:11","modified_gmt":"2020-03-31T17:04:11","slug":"chiesa-di-san-filippo-neri-a-spoleto","status":"publish","type":"page","link":"https:\/\/www.exploring-umbria.com\/es\/descubre-spoleto\/que-ver-en-spoleto\/chiesa-di-san-filippo-neri-a-spoleto\/","title":{"rendered":"Iglesia de San Felipe Neri en Spoleto"},"content":{"rendered":"<p><strong>La hermosa iglesia de San Felipe Neri <\/strong>se encuentra en la Plaza Mentana y fue construida a partir de 1640 por encargo de dos ricos de <a href=\"https:\/\/www.exploring-umbria.com\/es\/subcategories\/cosa-fare-e-cosa-vedere-a-spoleto\/#heading33201\" target=\"_blank\" rel=\"noopener noreferrer\">Spoleto<\/a> residentes en Roma: <em>Ugo Alberici<\/em> y <em>Loreto Vittori<\/em>.<\/p>\n<p>El proyecto del edificio fue confiado a <em>Loreto Scelli<\/em> y finalmente se termin\u00f3 en 1671, con la construcci\u00f3n de la c\u00fapula. La consagraci\u00f3n, en cambio, no tuvo lugar hasta 1724.<\/p>\n<p>La Iglesia de San Felipe Neri de Spoleto tiene las formas y caracter\u00edsticas arquitect\u00f3nicas de los edificios eclesi\u00e1sticos romanos del siglo XVII, con una elegante fachada de travertino adornada con pilastras y un hermoso t\u00edmpano. El espacio interior est\u00e1 dividido en tres naves separadas por pilares y un gran transepto rematado por la c\u00fapula.<\/p>\n<p>En el interior de la sacrist\u00eda hay un busto de m\u00e1rmol de S. Felipe Neri, obra del escultor <a href=\"https:\/\/es.wikipedia.org\/wiki\/Alessandro_Algardi\" target=\"_blank\" rel=\"noopener noreferrer\"><em>Alessandro Algardi<\/em><\/a> (1650). Las capillas laterales albergan altares de los siglos XVII y XVIII, mientras que las paredes est\u00e1n decoradas con pinturas del siglo XVIII de autores como <em>Gaetano Lapis<\/em>, <em>Sebastiano Conca<\/em>, <em>Pietro Labruzzi<\/em> y el pintor <em>Francesco Refini <\/em>de Spoleto.<\/p>\n","protected":false},"excerpt":{"rendered":"<p>La hermosa iglesia de San Felipe Neri se encuentra en la Plaza Mentana y fue construida a partir de 1640 por encargo de dos ricos de Spoleto residentes en Roma: Ugo Alberici y Loreto Vittori. El proyecto del edificio fue confiado a Loreto Scelli y finalmente se termin\u00f3 en 1671, con la construcci\u00f3n de la [&hellip;]<\/p>\n","protected":false},"author":4,"featured_media":16376,"parent":33213,"menu_order":12,"comment_status":"closed","ping_status":"closed","template":"","meta":{"om_disable_all_campaigns":false,"_monsterinsights_skip_tracking":false,"_monsterinsights_sitenote_active":false,"_monsterinsights_sitenote_note":"","_monsterinsights_sitenote_category":0},"acf":[],"yoast_head":"<!-- This site is optimized with the Yoast SEO plugin v18.4.1 - https:\/\/yoast.com\/wordpress\/plugins\/seo\/ -->\n<title>Iglesia de San Felipe Neri en Spoleto - Exploring Umbria<\/title>\n<meta name=\"description\" content=\"La hermosa iglesia de San Felipe Neri se encuentra en la Plaza Mentana y fue construida a partir de 1640 por encargo de dos ricos de Spoleto residentes en\" \/>\n<meta name=\"robots\" content=\"index, follow, max-snippet:-1, max-image-preview:large, max-video-preview:-1\" \/>\n<link rel=\"canonical\" href=\"https:\/\/www.exploring-umbria.com\/es\/descubre-spoleto\/que-ver-en-spoleto\/chiesa-di-san-filippo-neri-a-spoleto\/\" \/>\n<meta property=\"og:locale\" content=\"es_ES\" \/>\n<meta property=\"og:type\" content=\"article\" \/>\n<meta property=\"og:title\" content=\"Iglesia de San Felipe Neri en Spoleto - Exploring Umbria\" \/>\n<meta property=\"og:description\" content=\"La hermosa iglesia de San Felipe Neri se encuentra en la Plaza Mentana y fue construida a partir de 1640 por encargo de dos ricos de Spoleto residentes en\" \/>\n<meta property=\"og:url\" content=\"https:\/\/www.exploring-umbria.com\/es\/descubre-spoleto\/que-ver-en-spoleto\/chiesa-di-san-filippo-neri-a-spoleto\/\" \/>\n<meta property=\"og:site_name\" content=\"Exploring Umbria\" \/>\n<meta property=\"article:publisher\" content=\"https:\/\/www.facebook.com\/exploringumbria\/\" \/>\n<meta property=\"article:modified_time\" content=\"2020-03-31T17:04:11+00:00\" \/>\n<meta property=\"og:image\" content=\"https:\/\/www.exploring-umbria.com\/wp-content\/uploads\/2019\/07\/chiesa-di-san-filippo-Spoleto.jpg\" \/>\n\t<meta property=\"og:image:width\" content=\"1200\" \/>\n\t<meta property=\"og:image:height\" content=\"1600\" \/>\n\t<meta property=\"og:image:type\" content=\"image\/jpeg\" \/>\n<meta name=\"twitter:card\" content=\"summary_large_image\" \/>\n<meta name=\"twitter:label1\" content=\"Tiempo de lectura\" \/>\n\t<meta name=\"twitter:data1\" content=\"1 minuto\" \/>\n<script type=\"application\/ld+json\" class=\"yoast-schema-graph\">{\"@context\":\"https:\/\/schema.org\",\"@graph\":[{\"@type\":\"Organization\",\"@id\":\"https:\/\/www.exploring-umbria.com\/es\/#organization\",\"name\":\"Exploring Umbria\",\"url\":\"https:\/\/www.exploring-umbria.com\/es\/\",\"sameAs\":[\"https:\/\/www.facebook.com\/exploringumbria\/\",\"https:\/\/www.instagram.com\/exploringumbria\/\"],\"logo\":{\"@type\":\"ImageObject\",\"@id\":\"https:\/\/www.exploring-umbria.com\/es\/#logo\",\"inLanguage\":\"es\",\"url\":\"https:\/\/www.exploring-umbria.com\/wp-content\/uploads\/2019\/08\/solo-logo-verde.jpg\",\"contentUrl\":\"https:\/\/www.exploring-umbria.com\/wp-content\/uploads\/2019\/08\/solo-logo-verde.jpg\",\"width\":952,\"height\":532,\"caption\":\"Exploring Umbria\"},\"image\":{\"@id\":\"https:\/\/www.exploring-umbria.com\/es\/#logo\"}},{\"@type\":\"WebSite\",\"@id\":\"https:\/\/www.exploring-umbria.com\/es\/#website\",\"url\":\"https:\/\/www.exploring-umbria.com\/es\/\",\"name\":\"Exploring Umbria\",\"description\":\"your dates, your mood, your trip\",\"publisher\":{\"@id\":\"https:\/\/www.exploring-umbria.com\/es\/#organization\"},\"potentialAction\":[{\"@type\":\"SearchAction\",\"target\":{\"@type\":\"EntryPoint\",\"urlTemplate\":\"https:\/\/www.exploring-umbria.com\/es\/?s={search_term_string}\"},\"query-input\":\"required name=search_term_string\"}],\"inLanguage\":\"es\"},{\"@type\":\"ImageObject\",\"@id\":\"https:\/\/www.exploring-umbria.com\/es\/descubre-spoleto\/que-ver-en-spoleto\/chiesa-di-san-filippo-neri-a-spoleto\/#primaryimage\",\"inLanguage\":\"es\",\"url\":\"https:\/\/www.exploring-umbria.com\/wp-content\/uploads\/2019\/07\/chiesa-di-san-filippo-Spoleto.jpg\",\"contentUrl\":\"https:\/\/www.exploring-umbria.com\/wp-content\/uploads\/2019\/07\/chiesa-di-san-filippo-Spoleto.jpg\",\"width\":1200,\"height\":1600,\"caption\":\"la chiesa di san Filippo a Spoleto\"},{\"@type\":\"WebPage\",\"@id\":\"https:\/\/www.exploring-umbria.com\/es\/descubre-spoleto\/que-ver-en-spoleto\/chiesa-di-san-filippo-neri-a-spoleto\/#webpage\",\"url\":\"https:\/\/www.exploring-umbria.com\/es\/descubre-spoleto\/que-ver-en-spoleto\/chiesa-di-san-filippo-neri-a-spoleto\/\",\"name\":\"Iglesia de San Felipe Neri en Spoleto - Exploring Umbria\",\"isPartOf\":{\"@id\":\"https:\/\/www.exploring-umbria.com\/es\/#website\"},\"primaryImageOfPage\":{\"@id\":\"https:\/\/www.exploring-umbria.com\/es\/descubre-spoleto\/que-ver-en-spoleto\/chiesa-di-san-filippo-neri-a-spoleto\/#primaryimage\"},\"datePublished\":\"2019-05-20T00:26:54+00:00\",\"dateModified\":\"2020-03-31T17:04:11+00:00\",\"description\":\"La hermosa iglesia de San Felipe Neri se encuentra en la Plaza Mentana y fue construida a partir de 1640 por encargo de dos ricos de Spoleto residentes en\",\"breadcrumb\":{\"@id\":\"https:\/\/www.exploring-umbria.com\/es\/descubre-spoleto\/que-ver-en-spoleto\/chiesa-di-san-filippo-neri-a-spoleto\/#breadcrumb\"},\"inLanguage\":\"es\",\"potentialAction\":[{\"@type\":\"ReadAction\",\"target\":[\"https:\/\/www.exploring-umbria.com\/es\/descubre-spoleto\/que-ver-en-spoleto\/chiesa-di-san-filippo-neri-a-spoleto\/\"]}]},{\"@type\":\"BreadcrumbList\",\"@id\":\"https:\/\/www.exploring-umbria.com\/es\/descubre-spoleto\/que-ver-en-spoleto\/chiesa-di-san-filippo-neri-a-spoleto\/#breadcrumb\",\"itemListElement\":[{\"@type\":\"ListItem\",\"position\":1,\"name\":\"Home\",\"item\":\"https:\/\/www.exploring-umbria.com\/es\/\"},{\"@type\":\"ListItem\",\"position\":2,\"name\":\"Descubre Spoleto\",\"item\":\"https:\/\/www.exploring-umbria.com\/es\/descubre-spoleto\/\"},{\"@type\":\"ListItem\",\"position\":3,\"name\":\"Qu\u00e9 ver en Spoleto\",\"item\":\"https:\/\/www.exploring-umbria.com\/es\/descubre-spoleto\/que-ver-en-spoleto\/\"},{\"@type\":\"ListItem\",\"position\":4,\"name\":\"Iglesia de San Felipe Neri en Spoleto\"}]}]}<\/script>\n<!-- \/ Yoast SEO plugin. -->","yoast_head_json":{"title":"Iglesia de San Felipe Neri en Spoleto - Exploring Umbria","description":"La hermosa iglesia de San Felipe Neri se encuentra en la Plaza Mentana y fue construida a partir de 1640 por encargo de dos ricos de Spoleto residentes en","robots":{"index":"index","follow":"follow","max-snippet":"max-snippet:-1","max-image-preview":"max-image-preview:large","max-video-preview":"max-video-preview:-1"},"canonical":"https:\/\/www.exploring-umbria.com\/es\/descubre-spoleto\/que-ver-en-spoleto\/chiesa-di-san-filippo-neri-a-spoleto\/","og_locale":"es_ES","og_type":"article","og_title":"Iglesia de San Felipe Neri en Spoleto - Exploring Umbria","og_description":"La hermosa iglesia de San Felipe Neri se encuentra en la Plaza Mentana y fue construida a partir de 1640 por encargo de dos ricos de Spoleto residentes en","og_url":"https:\/\/www.exploring-umbria.com\/es\/descubre-spoleto\/que-ver-en-spoleto\/chiesa-di-san-filippo-neri-a-spoleto\/","og_site_name":"Exploring Umbria","article_publisher":"https:\/\/www.facebook.com\/exploringumbria\/","article_modified_time":"2020-03-31T17:04:11+00:00","og_image":[{"width":1200,"height":1600,"url":"https:\/\/www.exploring-umbria.com\/wp-content\/uploads\/2019\/07\/chiesa-di-san-filippo-Spoleto.jpg","type":"image\/jpeg"}],"twitter_card":"summary_large_image","twitter_misc":{"Tiempo de lectura":"1 minuto"},"schema":{"@context":"https:\/\/schema.org","@graph":[{"@type":"Organization","@id":"https:\/\/www.exploring-umbria.com\/es\/#organization","name":"Exploring Umbria","url":"https:\/\/www.exploring-umbria.com\/es\/","sameAs":["https:\/\/www.facebook.com\/exploringumbria\/","https:\/\/www.instagram.com\/exploringumbria\/"],"logo":{"@type":"ImageObject","@id":"https:\/\/www.exploring-umbria.com\/es\/#logo","inLanguage":"es","url":"https:\/\/www.exploring-umbria.com\/wp-content\/uploads\/2019\/08\/solo-logo-verde.jpg","contentUrl":"https:\/\/www.exploring-umbria.com\/wp-content\/uploads\/2019\/08\/solo-logo-verde.jpg","width":952,"height":532,"caption":"Exploring Umbria"},"image":{"@id":"https:\/\/www.exploring-umbria.com\/es\/#logo"}},{"@type":"WebSite","@id":"https:\/\/www.exploring-umbria.com\/es\/#website","url":"https:\/\/www.exploring-umbria.com\/es\/","name":"Exploring Umbria","description":"your dates, your mood, your trip","publisher":{"@id":"https:\/\/www.exploring-umbria.com\/es\/#organization"},"potentialAction":[{"@type":"SearchAction","target":{"@type":"EntryPoint","urlTemplate":"https:\/\/www.exploring-umbria.com\/es\/?s={search_term_string}"},"query-input":"required name=search_term_string"}],"inLanguage":"es"},{"@type":"ImageObject","@id":"https:\/\/www.exploring-umbria.com\/es\/descubre-spoleto\/que-ver-en-spoleto\/chiesa-di-san-filippo-neri-a-spoleto\/#primaryimage","inLanguage":"es","url":"https:\/\/www.exploring-umbria.com\/wp-content\/uploads\/2019\/07\/chiesa-di-san-filippo-Spoleto.jpg","contentUrl":"https:\/\/www.exploring-umbria.com\/wp-content\/uploads\/2019\/07\/chiesa-di-san-filippo-Spoleto.jpg","width":1200,"height":1600,"caption":"la chiesa di san Filippo a Spoleto"},{"@type":"WebPage","@id":"https:\/\/www.exploring-umbria.com\/es\/descubre-spoleto\/que-ver-en-spoleto\/chiesa-di-san-filippo-neri-a-spoleto\/#webpage","url":"https:\/\/www.exploring-umbria.com\/es\/descubre-spoleto\/que-ver-en-spoleto\/chiesa-di-san-filippo-neri-a-spoleto\/","name":"Iglesia de San Felipe Neri en Spoleto - Exploring Umbria","isPartOf":{"@id":"https:\/\/www.exploring-umbria.com\/es\/#website"},"primaryImageOfPage":{"@id":"https:\/\/www.exploring-umbria.com\/es\/descubre-spoleto\/que-ver-en-spoleto\/chiesa-di-san-filippo-neri-a-spoleto\/#primaryimage"},"datePublished":"2019-05-20T00:26:54+00:00","dateModified":"2020-03-31T17:04:11+00:00","description":"La hermosa iglesia de San Felipe Neri se encuentra en la Plaza Mentana y fue construida a partir de 1640 por encargo de dos ricos de Spoleto residentes en","breadcrumb":{"@id":"https:\/\/www.exploring-umbria.com\/es\/descubre-spoleto\/que-ver-en-spoleto\/chiesa-di-san-filippo-neri-a-spoleto\/#breadcrumb"},"inLanguage":"es","potentialAction":[{"@type":"ReadAction","target":["https:\/\/www.exploring-umbria.com\/es\/descubre-spoleto\/que-ver-en-spoleto\/chiesa-di-san-filippo-neri-a-spoleto\/"]}]},{"@type":"BreadcrumbList","@id":"https:\/\/www.exploring-umbria.com\/es\/descubre-spoleto\/que-ver-en-spoleto\/chiesa-di-san-filippo-neri-a-spoleto\/#breadcrumb","itemListElement":[{"@type":"ListItem","position":1,"name":"Home","item":"https:\/\/www.exploring-umbria.com\/es\/"},{"@type":"ListItem","position":2,"name":"Descubre Spoleto","item":"https:\/\/www.exploring-umbria.com\/es\/descubre-spoleto\/"},{"@type":"ListItem","position":3,"name":"Qu\u00e9 ver en Spoleto","item":"https:\/\/www.exploring-umbria.com\/es\/descubre-spoleto\/que-ver-en-spoleto\/"},{"@type":"ListItem","position":4,"name":"Iglesia de San Felipe Neri en Spoleto"}]}]}},"_links":{"self":[{"href":"https:\/\/www.exploring-umbria.com\/es\/wp-json\/wp\/v2\/pages\/33273"}],"collection":[{"href":"https:\/\/www.exploring-umbria.com\/es\/wp-json\/wp\/v2\/pages"}],"about":[{"href":"https:\/\/www.exploring-umbria.com\/es\/wp-json\/wp\/v2\/types\/page"}],"author":[{"embeddable":true,"href":"https:\/\/www.exploring-umbria.com\/es\/wp-json\/wp\/v2\/users\/4"}],"replies":[{"embeddable":true,"href":"https:\/\/www.exploring-umbria.com\/es\/wp-json\/wp\/v2\/comments?post=33273"}],"version-history":[{"count":2,"href":"https:\/\/www.exploring-umbria.com\/es\/wp-json\/wp\/v2\/pages\/33273\/revisions"}],"predecessor-version":[{"id":33275,"href":"https:\/\/www.exploring-umbria.com\/es\/wp-json\/wp\/v2\/pages\/33273\/revisions\/33275"}],"up":[{"embeddable":true,"href":"https:\/\/www.exploring-umbria.com\/es\/wp-json\/wp\/v2\/pages\/33213"}],"wp:featuredmedia":[{"embeddable":true,"href":"https:\/\/www.exploring-umbria.com\/es\/wp-json\/wp\/v2\/media\/16376"}],"wp:attachment":[{"href":"https:\/\/www.exploring-umbria.com\/es\/wp-json\/wp\/v2\/media?parent=33273"}],"curies":[{"name":"wp","href":"https:\/\/api.w.org\/{rel}","templated":true}]}}