{"id":33252,"date":"2019-05-20T02:16:07","date_gmt":"2019-05-20T00:16:07","guid":{"rendered":"https:\/\/www.exploring-umbria.com\/descubre-spoleto\/que-ver-en-spoleto\/abbazia-di-san-paolo-inter-vineas\/"},"modified":"2020-03-31T14:09:02","modified_gmt":"2020-03-31T12:09:02","slug":"abadia-de-san-pablo-inter-vineas","status":"publish","type":"page","link":"https:\/\/www.exploring-umbria.com\/es\/descubre-spoleto\/que-ver-en-spoleto\/abadia-de-san-pablo-inter-vineas\/","title":{"rendered":"Abad\u00eda de San Pablo Inter Vineas"},"content":{"rendered":"<p>No muy lejos del hospital de la ciudad, en las afueras de <a href=\"https:\/\/www.exploring-umbria.com\/es\/actividades\/guided-tour-of-spoleto\/\" target=\"_blank\" rel=\"noopener noreferrer\">Spoleto<\/a>, se <strong>encuentra la Abad\u00eda<\/strong> dedicada a <strong>San Pablo Inter Vineas<\/strong>, mencionada en algunas fuentes hist\u00f3ricas desde el siglo VI. En uno de sus escritos, <a href=\"https:\/\/es.wikipedia.org\/wiki\/Gregorio_Magno\" target=\"_blank\" rel=\"noopener noreferrer\">Gregorio Magno<\/a> habla de un obispo ario que sufri\u00f3 una ceguera repentina por haber intentado celebrar a la fuerza una misa dentro de la iglesia. Tenemos trazas de ello en una fuente del siglo X que menciona a la Abad\u00eda con motivo de la fundaci\u00f3n de un convento femenino. Las formas actuales del edificio se deben, sin embargo, a la renovaci\u00f3n de 1234 y a una profunda restauraci\u00f3n, finalizada en 1965, que restaur\u00f3 las antiguas estructuras rom\u00e1nicas.<\/p>\n<p>Los restos m\u00e1s antiguos de la Abad\u00eda de San Pablo Inter Vineas son, de hecho, el claustro, formado por arcos de medio punto sostenidos por columnas y pilares alternados, que pertenecer\u00edan al antiguo convento del siglo X.<\/p>\n<p>Externamente, la iglesia tiene una fachada muy similar a las iglesias de la ciudad de San Pedro y San Ponciano con el portal de entrada con tres marcos y el hermoso roset\u00f3n central decorativo, en la parte superior. En el interior, el espacio se divide en tres naves que terminan en el crucero. Muchos de los frescos que decoraban las paredes de todo el crucero y el \u00e1bside fueron retirados y, lamentablemente, se perdieron durante la restauraci\u00f3n. Las escenas restantes nos permiten asumir la acci\u00f3n de al menos dos manos art\u00edsticasdistintas, probablemente entre los siglos XII y XIII.<\/p>\n","protected":false},"excerpt":{"rendered":"<p>No muy lejos del hospital de la ciudad, en las afueras de Spoleto, se encuentra la Abad\u00eda dedicada a San Pablo Inter Vineas, mencionada en algunas fuentes hist\u00f3ricas desde el siglo VI. En uno de sus escritos, Gregorio Magno habla de un obispo ario que sufri\u00f3 una ceguera repentina por haber intentado celebrar a la [&hellip;]<\/p>\n","protected":false},"author":4,"featured_media":0,"parent":33213,"menu_order":7,"comment_status":"closed","ping_status":"closed","template":"","meta":{"om_disable_all_campaigns":false,"_monsterinsights_skip_tracking":false,"_monsterinsights_sitenote_active":false,"_monsterinsights_sitenote_note":"","_monsterinsights_sitenote_category":0},"acf":[],"yoast_head":"<!-- This site is optimized with the Yoast SEO plugin v18.4.1 - https:\/\/yoast.com\/wordpress\/plugins\/seo\/ -->\n<title>Abad\u00eda de San Pablo Inter Vineas - Exploring Umbria<\/title>\n<meta name=\"description\" content=\"No muy lejos del hospital de la ciudad, en las afueras de Spoleto, se encuentra la Abad\u00eda dedicada a San Pablo Inter Vineas, mencionada en algunas fuentes\" \/>\n<meta name=\"robots\" content=\"index, follow, max-snippet:-1, max-image-preview:large, max-video-preview:-1\" \/>\n<link rel=\"canonical\" href=\"https:\/\/www.exploring-umbria.com\/es\/descubre-spoleto\/que-ver-en-spoleto\/abadia-de-san-pablo-inter-vineas\/\" \/>\n<meta property=\"og:locale\" content=\"es_ES\" \/>\n<meta property=\"og:type\" content=\"article\" \/>\n<meta property=\"og:title\" content=\"Abad\u00eda de San Pablo Inter Vineas - Exploring Umbria\" \/>\n<meta property=\"og:description\" content=\"No muy lejos del hospital de la ciudad, en las afueras de Spoleto, se encuentra la Abad\u00eda dedicada a San Pablo Inter Vineas, mencionada en algunas fuentes\" \/>\n<meta property=\"og:url\" content=\"https:\/\/www.exploring-umbria.com\/es\/descubre-spoleto\/que-ver-en-spoleto\/abadia-de-san-pablo-inter-vineas\/\" \/>\n<meta property=\"og:site_name\" content=\"Exploring Umbria\" \/>\n<meta property=\"article:publisher\" content=\"https:\/\/www.facebook.com\/exploringumbria\/\" \/>\n<meta property=\"article:modified_time\" content=\"2020-03-31T12:09:02+00:00\" \/>\n<meta name=\"twitter:card\" content=\"summary_large_image\" \/>\n<meta name=\"twitter:label1\" content=\"Tiempo de lectura\" \/>\n\t<meta name=\"twitter:data1\" content=\"1 minuto\" \/>\n<script type=\"application\/ld+json\" class=\"yoast-schema-graph\">{\"@context\":\"https:\/\/schema.org\",\"@graph\":[{\"@type\":\"Organization\",\"@id\":\"https:\/\/www.exploring-umbria.com\/es\/#organization\",\"name\":\"Exploring Umbria\",\"url\":\"https:\/\/www.exploring-umbria.com\/es\/\",\"sameAs\":[\"https:\/\/www.facebook.com\/exploringumbria\/\",\"https:\/\/www.instagram.com\/exploringumbria\/\"],\"logo\":{\"@type\":\"ImageObject\",\"@id\":\"https:\/\/www.exploring-umbria.com\/es\/#logo\",\"inLanguage\":\"es\",\"url\":\"https:\/\/www.exploring-umbria.com\/wp-content\/uploads\/2019\/08\/solo-logo-verde.jpg\",\"contentUrl\":\"https:\/\/www.exploring-umbria.com\/wp-content\/uploads\/2019\/08\/solo-logo-verde.jpg\",\"width\":952,\"height\":532,\"caption\":\"Exploring Umbria\"},\"image\":{\"@id\":\"https:\/\/www.exploring-umbria.com\/es\/#logo\"}},{\"@type\":\"WebSite\",\"@id\":\"https:\/\/www.exploring-umbria.com\/es\/#website\",\"url\":\"https:\/\/www.exploring-umbria.com\/es\/\",\"name\":\"Exploring Umbria\",\"description\":\"your dates, your mood, your trip\",\"publisher\":{\"@id\":\"https:\/\/www.exploring-umbria.com\/es\/#organization\"},\"potentialAction\":[{\"@type\":\"SearchAction\",\"target\":{\"@type\":\"EntryPoint\",\"urlTemplate\":\"https:\/\/www.exploring-umbria.com\/es\/?s={search_term_string}\"},\"query-input\":\"required name=search_term_string\"}],\"inLanguage\":\"es\"},{\"@type\":\"WebPage\",\"@id\":\"https:\/\/www.exploring-umbria.com\/es\/descubre-spoleto\/que-ver-en-spoleto\/abadia-de-san-pablo-inter-vineas\/#webpage\",\"url\":\"https:\/\/www.exploring-umbria.com\/es\/descubre-spoleto\/que-ver-en-spoleto\/abadia-de-san-pablo-inter-vineas\/\",\"name\":\"Abad\u00eda de San Pablo Inter Vineas - Exploring Umbria\",\"isPartOf\":{\"@id\":\"https:\/\/www.exploring-umbria.com\/es\/#website\"},\"datePublished\":\"2019-05-20T00:16:07+00:00\",\"dateModified\":\"2020-03-31T12:09:02+00:00\",\"description\":\"No muy lejos del hospital de la ciudad, en las afueras de Spoleto, se encuentra la Abad\u00eda dedicada a San Pablo Inter Vineas, mencionada en algunas fuentes\",\"breadcrumb\":{\"@id\":\"https:\/\/www.exploring-umbria.com\/es\/descubre-spoleto\/que-ver-en-spoleto\/abadia-de-san-pablo-inter-vineas\/#breadcrumb\"},\"inLanguage\":\"es\",\"potentialAction\":[{\"@type\":\"ReadAction\",\"target\":[\"https:\/\/www.exploring-umbria.com\/es\/descubre-spoleto\/que-ver-en-spoleto\/abadia-de-san-pablo-inter-vineas\/\"]}]},{\"@type\":\"BreadcrumbList\",\"@id\":\"https:\/\/www.exploring-umbria.com\/es\/descubre-spoleto\/que-ver-en-spoleto\/abadia-de-san-pablo-inter-vineas\/#breadcrumb\",\"itemListElement\":[{\"@type\":\"ListItem\",\"position\":1,\"name\":\"Home\",\"item\":\"https:\/\/www.exploring-umbria.com\/es\/\"},{\"@type\":\"ListItem\",\"position\":2,\"name\":\"Descubre Spoleto\",\"item\":\"https:\/\/www.exploring-umbria.com\/es\/descubre-spoleto\/\"},{\"@type\":\"ListItem\",\"position\":3,\"name\":\"Qu\u00e9 ver en Spoleto\",\"item\":\"https:\/\/www.exploring-umbria.com\/es\/descubre-spoleto\/que-ver-en-spoleto\/\"},{\"@type\":\"ListItem\",\"position\":4,\"name\":\"Abad\u00eda de San Pablo Inter Vineas\"}]}]}<\/script>\n<!-- \/ Yoast SEO plugin. -->","yoast_head_json":{"title":"Abad\u00eda de San Pablo Inter Vineas - Exploring Umbria","description":"No muy lejos del hospital de la ciudad, en las afueras de Spoleto, se encuentra la Abad\u00eda dedicada a San Pablo Inter Vineas, mencionada en algunas fuentes","robots":{"index":"index","follow":"follow","max-snippet":"max-snippet:-1","max-image-preview":"max-image-preview:large","max-video-preview":"max-video-preview:-1"},"canonical":"https:\/\/www.exploring-umbria.com\/es\/descubre-spoleto\/que-ver-en-spoleto\/abadia-de-san-pablo-inter-vineas\/","og_locale":"es_ES","og_type":"article","og_title":"Abad\u00eda de San Pablo Inter Vineas - Exploring Umbria","og_description":"No muy lejos del hospital de la ciudad, en las afueras de Spoleto, se encuentra la Abad\u00eda dedicada a San Pablo Inter Vineas, mencionada en algunas fuentes","og_url":"https:\/\/www.exploring-umbria.com\/es\/descubre-spoleto\/que-ver-en-spoleto\/abadia-de-san-pablo-inter-vineas\/","og_site_name":"Exploring Umbria","article_publisher":"https:\/\/www.facebook.com\/exploringumbria\/","article_modified_time":"2020-03-31T12:09:02+00:00","twitter_card":"summary_large_image","twitter_misc":{"Tiempo de lectura":"1 minuto"},"schema":{"@context":"https:\/\/schema.org","@graph":[{"@type":"Organization","@id":"https:\/\/www.exploring-umbria.com\/es\/#organization","name":"Exploring Umbria","url":"https:\/\/www.exploring-umbria.com\/es\/","sameAs":["https:\/\/www.facebook.com\/exploringumbria\/","https:\/\/www.instagram.com\/exploringumbria\/"],"logo":{"@type":"ImageObject","@id":"https:\/\/www.exploring-umbria.com\/es\/#logo","inLanguage":"es","url":"https:\/\/www.exploring-umbria.com\/wp-content\/uploads\/2019\/08\/solo-logo-verde.jpg","contentUrl":"https:\/\/www.exploring-umbria.com\/wp-content\/uploads\/2019\/08\/solo-logo-verde.jpg","width":952,"height":532,"caption":"Exploring Umbria"},"image":{"@id":"https:\/\/www.exploring-umbria.com\/es\/#logo"}},{"@type":"WebSite","@id":"https:\/\/www.exploring-umbria.com\/es\/#website","url":"https:\/\/www.exploring-umbria.com\/es\/","name":"Exploring Umbria","description":"your dates, your mood, your trip","publisher":{"@id":"https:\/\/www.exploring-umbria.com\/es\/#organization"},"potentialAction":[{"@type":"SearchAction","target":{"@type":"EntryPoint","urlTemplate":"https:\/\/www.exploring-umbria.com\/es\/?s={search_term_string}"},"query-input":"required name=search_term_string"}],"inLanguage":"es"},{"@type":"WebPage","@id":"https:\/\/www.exploring-umbria.com\/es\/descubre-spoleto\/que-ver-en-spoleto\/abadia-de-san-pablo-inter-vineas\/#webpage","url":"https:\/\/www.exploring-umbria.com\/es\/descubre-spoleto\/que-ver-en-spoleto\/abadia-de-san-pablo-inter-vineas\/","name":"Abad\u00eda de San Pablo Inter Vineas - Exploring Umbria","isPartOf":{"@id":"https:\/\/www.exploring-umbria.com\/es\/#website"},"datePublished":"2019-05-20T00:16:07+00:00","dateModified":"2020-03-31T12:09:02+00:00","description":"No muy lejos del hospital de la ciudad, en las afueras de Spoleto, se encuentra la Abad\u00eda dedicada a San Pablo Inter Vineas, mencionada en algunas fuentes","breadcrumb":{"@id":"https:\/\/www.exploring-umbria.com\/es\/descubre-spoleto\/que-ver-en-spoleto\/abadia-de-san-pablo-inter-vineas\/#breadcrumb"},"inLanguage":"es","potentialAction":[{"@type":"ReadAction","target":["https:\/\/www.exploring-umbria.com\/es\/descubre-spoleto\/que-ver-en-spoleto\/abadia-de-san-pablo-inter-vineas\/"]}]},{"@type":"BreadcrumbList","@id":"https:\/\/www.exploring-umbria.com\/es\/descubre-spoleto\/que-ver-en-spoleto\/abadia-de-san-pablo-inter-vineas\/#breadcrumb","itemListElement":[{"@type":"ListItem","position":1,"name":"Home","item":"https:\/\/www.exploring-umbria.com\/es\/"},{"@type":"ListItem","position":2,"name":"Descubre Spoleto","item":"https:\/\/www.exploring-umbria.com\/es\/descubre-spoleto\/"},{"@type":"ListItem","position":3,"name":"Qu\u00e9 ver en Spoleto","item":"https:\/\/www.exploring-umbria.com\/es\/descubre-spoleto\/que-ver-en-spoleto\/"},{"@type":"ListItem","position":4,"name":"Abad\u00eda de San Pablo Inter Vineas"}]}]}},"_links":{"self":[{"href":"https:\/\/www.exploring-umbria.com\/es\/wp-json\/wp\/v2\/pages\/33252"}],"collection":[{"href":"https:\/\/www.exploring-umbria.com\/es\/wp-json\/wp\/v2\/pages"}],"about":[{"href":"https:\/\/www.exploring-umbria.com\/es\/wp-json\/wp\/v2\/types\/page"}],"author":[{"embeddable":true,"href":"https:\/\/www.exploring-umbria.com\/es\/wp-json\/wp\/v2\/users\/4"}],"replies":[{"embeddable":true,"href":"https:\/\/www.exploring-umbria.com\/es\/wp-json\/wp\/v2\/comments?post=33252"}],"version-history":[{"count":2,"href":"https:\/\/www.exploring-umbria.com\/es\/wp-json\/wp\/v2\/pages\/33252\/revisions"}],"predecessor-version":[{"id":33254,"href":"https:\/\/www.exploring-umbria.com\/es\/wp-json\/wp\/v2\/pages\/33252\/revisions\/33254"}],"up":[{"embeddable":true,"href":"https:\/\/www.exploring-umbria.com\/es\/wp-json\/wp\/v2\/pages\/33213"}],"wp:attachment":[{"href":"https:\/\/www.exploring-umbria.com\/es\/wp-json\/wp\/v2\/media?parent=33252"}],"curies":[{"name":"wp","href":"https:\/\/api.w.org\/{rel}","templated":true}]}}