{"id":33248,"date":"2019-05-20T02:14:49","date_gmt":"2019-05-20T00:14:49","guid":{"rendered":"https:\/\/www.exploring-umbria.com\/descubre-spoleto\/que-ver-en-spoleto\/casa-romana\/"},"modified":"2020-03-31T14:02:55","modified_gmt":"2020-03-31T12:02:55","slug":"casa-romana-de-spoleto","status":"publish","type":"page","link":"https:\/\/www.exploring-umbria.com\/es\/descubre-spoleto\/que-ver-en-spoleto\/casa-romana-de-spoleto\/","title":{"rendered":"Casa Romana de Spoleto"},"content":{"rendered":"<p><strong>La Casa Romana<\/strong> fue descubierta en 1985 por el arque\u00f3logo de Spoleto <em>Giuseppe Sordini<\/em>, quien se dedic\u00f3 a su restauraci\u00f3n hasta 1914, a\u00f1o de su muerte.<\/p>\n<p>La casa est\u00e1 situada cerca del Foro Romano, ahora Plaza del Mercado. Se trata de una casa que perteneci\u00f3 a una figura destacada de la \u00e9poca, lo que se deduce del refinamiento de los elementos decorativos y de su arquitectura. Durante las excavaciones se encontr\u00f3 una inscripci\u00f3n dedicada al emperador <em>Cal\u00edgula<\/em>, firmada por <em>Polla<\/em>, que no puede dejar de sugerir que la casa pertenec\u00eda a <strong>Vespasiana Polla<\/strong>, madre del emperador <a href=\"https:\/\/es.wikipedia.org\/wiki\/Vespasiano\" target=\"_blank\" rel=\"noopener noreferrer\"><em>Vespasiano<\/em> <\/a>y originaria de la zona comprendida entre Norcia y <a href=\"https:\/\/www.exploring-umbria.com\/es\/subcategories\/cosa-fare-e-cosa-vedere-a-spoleto\/#heading33201\" target=\"_blank\" rel=\"noopener noreferrer\">Spoleto<\/a>. A pesar de las numerosas restauraciones realizadas a lo largo del tiempo, el tipo de mamposter\u00eda y el estilo de los frescos y mosaicos sit\u00faan a la Casa Romana en el siglo I d.C., de hecho, la divisi\u00f3n de sus salas nos devuelve inmediatamente al esquema arquitect\u00f3nico utilizado en las casas patricias construidas entre finales de la \u00e9poca republicana y principios de la imperial. Las habitaciones de la Domus conservan hermosos mosaicos pavimentados casi intactos. Despu\u00e9s de un corto pasillo se entra en el vest\u00edbulo central, el<em>Atrio<\/em>, en cuyo centro se puede admirar el<em>Impluvium<\/em>, una ba\u00f1era de forma cuadrada en el que se recog\u00eda el agua de lluvia para transportarla hastael dep\u00f3sito subyacente de 7 metros de profundidad. Inmediatamente despu\u00e9s del <em>Atrio<\/em> se entra en el <em>Ablinum<\/em>, la habitaci\u00f3n m\u00e1s elegante y rica de la casa, un lugar dedicado a las actividades familiares, pol\u00edticas y sociales del propietario. Esta sala est\u00e1 flanqueada por dos salas m\u00e1s peque\u00f1as cuya decoraci\u00f3n se cree que se remonta a \u00e9pocas posteriores. La habitaci\u00f3n de la izquierda probablemente comunicaba, originalmente, con el <em>Peristilium<\/em>, que era un jard\u00edn interior cerrado por un porche. \u00a0Alrededor del atrio hay dos dormitorios (<em>cubicola<\/em>) y dos espacios abiertos (<em>alae<\/em>). Los Mosaicos pavimentados con azulejos en blanco y negro tienen dise\u00f1os geom\u00e9tricos con trazos de decoraci\u00f3n enc\u00e1ustica.<\/p>\n","protected":false},"excerpt":{"rendered":"<p>La Casa Romana fue descubierta en 1985 por el arque\u00f3logo de Spoleto Giuseppe Sordini, quien se dedic\u00f3 a su restauraci\u00f3n hasta 1914, a\u00f1o de su muerte. La casa est\u00e1 situada cerca del Foro Romano, ahora Plaza del Mercado. Se trata de una casa que perteneci\u00f3 a una figura destacada de la \u00e9poca, lo que se [&hellip;]<\/p>\n","protected":false},"author":4,"featured_media":0,"parent":33213,"menu_order":6,"comment_status":"closed","ping_status":"closed","template":"","meta":{"om_disable_all_campaigns":false,"_monsterinsights_skip_tracking":false,"_monsterinsights_sitenote_active":false,"_monsterinsights_sitenote_note":"","_monsterinsights_sitenote_category":0},"acf":[],"yoast_head":"<!-- This site is optimized with the Yoast SEO plugin v18.4.1 - https:\/\/yoast.com\/wordpress\/plugins\/seo\/ -->\n<title>Casa Romana de Spoleto - Exploring Umbria<\/title>\n<meta name=\"description\" content=\"La Casa Romana fue descubierta en 1985 por el arque\u00f3logo de Spoleto Giuseppe Sordini, quien se dedic\u00f3 a su restauraci\u00f3n hasta 1914, a\u00f1o de su muerte. La\" \/>\n<meta name=\"robots\" content=\"index, follow, max-snippet:-1, max-image-preview:large, max-video-preview:-1\" \/>\n<link rel=\"canonical\" href=\"https:\/\/www.exploring-umbria.com\/es\/descubre-spoleto\/que-ver-en-spoleto\/casa-romana-de-spoleto\/\" \/>\n<meta property=\"og:locale\" content=\"es_ES\" \/>\n<meta property=\"og:type\" content=\"article\" \/>\n<meta property=\"og:title\" content=\"Casa Romana de Spoleto - Exploring Umbria\" \/>\n<meta property=\"og:description\" content=\"La Casa Romana fue descubierta en 1985 por el arque\u00f3logo de Spoleto Giuseppe Sordini, quien se dedic\u00f3 a su restauraci\u00f3n hasta 1914, a\u00f1o de su muerte. La\" \/>\n<meta property=\"og:url\" content=\"https:\/\/www.exploring-umbria.com\/es\/descubre-spoleto\/que-ver-en-spoleto\/casa-romana-de-spoleto\/\" \/>\n<meta property=\"og:site_name\" content=\"Exploring Umbria\" \/>\n<meta property=\"article:publisher\" content=\"https:\/\/www.facebook.com\/exploringumbria\/\" \/>\n<meta property=\"article:modified_time\" content=\"2020-03-31T12:02:55+00:00\" \/>\n<meta name=\"twitter:card\" content=\"summary_large_image\" \/>\n<meta name=\"twitter:label1\" content=\"Tiempo de lectura\" \/>\n\t<meta name=\"twitter:data1\" content=\"2 minutos\" \/>\n<script type=\"application\/ld+json\" class=\"yoast-schema-graph\">{\"@context\":\"https:\/\/schema.org\",\"@graph\":[{\"@type\":\"Organization\",\"@id\":\"https:\/\/www.exploring-umbria.com\/es\/#organization\",\"name\":\"Exploring Umbria\",\"url\":\"https:\/\/www.exploring-umbria.com\/es\/\",\"sameAs\":[\"https:\/\/www.facebook.com\/exploringumbria\/\",\"https:\/\/www.instagram.com\/exploringumbria\/\"],\"logo\":{\"@type\":\"ImageObject\",\"@id\":\"https:\/\/www.exploring-umbria.com\/es\/#logo\",\"inLanguage\":\"es\",\"url\":\"https:\/\/www.exploring-umbria.com\/wp-content\/uploads\/2019\/08\/solo-logo-verde.jpg\",\"contentUrl\":\"https:\/\/www.exploring-umbria.com\/wp-content\/uploads\/2019\/08\/solo-logo-verde.jpg\",\"width\":952,\"height\":532,\"caption\":\"Exploring Umbria\"},\"image\":{\"@id\":\"https:\/\/www.exploring-umbria.com\/es\/#logo\"}},{\"@type\":\"WebSite\",\"@id\":\"https:\/\/www.exploring-umbria.com\/es\/#website\",\"url\":\"https:\/\/www.exploring-umbria.com\/es\/\",\"name\":\"Exploring Umbria\",\"description\":\"your dates, your mood, your trip\",\"publisher\":{\"@id\":\"https:\/\/www.exploring-umbria.com\/es\/#organization\"},\"potentialAction\":[{\"@type\":\"SearchAction\",\"target\":{\"@type\":\"EntryPoint\",\"urlTemplate\":\"https:\/\/www.exploring-umbria.com\/es\/?s={search_term_string}\"},\"query-input\":\"required name=search_term_string\"}],\"inLanguage\":\"es\"},{\"@type\":\"WebPage\",\"@id\":\"https:\/\/www.exploring-umbria.com\/es\/descubre-spoleto\/que-ver-en-spoleto\/casa-romana-de-spoleto\/#webpage\",\"url\":\"https:\/\/www.exploring-umbria.com\/es\/descubre-spoleto\/que-ver-en-spoleto\/casa-romana-de-spoleto\/\",\"name\":\"Casa Romana de Spoleto - Exploring Umbria\",\"isPartOf\":{\"@id\":\"https:\/\/www.exploring-umbria.com\/es\/#website\"},\"datePublished\":\"2019-05-20T00:14:49+00:00\",\"dateModified\":\"2020-03-31T12:02:55+00:00\",\"description\":\"La Casa Romana fue descubierta en 1985 por el arque\u00f3logo de Spoleto Giuseppe Sordini, quien se dedic\u00f3 a su restauraci\u00f3n hasta 1914, a\u00f1o de su muerte. La\",\"breadcrumb\":{\"@id\":\"https:\/\/www.exploring-umbria.com\/es\/descubre-spoleto\/que-ver-en-spoleto\/casa-romana-de-spoleto\/#breadcrumb\"},\"inLanguage\":\"es\",\"potentialAction\":[{\"@type\":\"ReadAction\",\"target\":[\"https:\/\/www.exploring-umbria.com\/es\/descubre-spoleto\/que-ver-en-spoleto\/casa-romana-de-spoleto\/\"]}]},{\"@type\":\"BreadcrumbList\",\"@id\":\"https:\/\/www.exploring-umbria.com\/es\/descubre-spoleto\/que-ver-en-spoleto\/casa-romana-de-spoleto\/#breadcrumb\",\"itemListElement\":[{\"@type\":\"ListItem\",\"position\":1,\"name\":\"Home\",\"item\":\"https:\/\/www.exploring-umbria.com\/es\/\"},{\"@type\":\"ListItem\",\"position\":2,\"name\":\"Descubre Spoleto\",\"item\":\"https:\/\/www.exploring-umbria.com\/es\/descubre-spoleto\/\"},{\"@type\":\"ListItem\",\"position\":3,\"name\":\"Qu\u00e9 ver en Spoleto\",\"item\":\"https:\/\/www.exploring-umbria.com\/es\/descubre-spoleto\/que-ver-en-spoleto\/\"},{\"@type\":\"ListItem\",\"position\":4,\"name\":\"Casa Romana de Spoleto\"}]}]}<\/script>\n<!-- \/ Yoast SEO plugin. -->","yoast_head_json":{"title":"Casa Romana de Spoleto - Exploring Umbria","description":"La Casa Romana fue descubierta en 1985 por el arque\u00f3logo de Spoleto Giuseppe Sordini, quien se dedic\u00f3 a su restauraci\u00f3n hasta 1914, a\u00f1o de su muerte. La","robots":{"index":"index","follow":"follow","max-snippet":"max-snippet:-1","max-image-preview":"max-image-preview:large","max-video-preview":"max-video-preview:-1"},"canonical":"https:\/\/www.exploring-umbria.com\/es\/descubre-spoleto\/que-ver-en-spoleto\/casa-romana-de-spoleto\/","og_locale":"es_ES","og_type":"article","og_title":"Casa Romana de Spoleto - Exploring Umbria","og_description":"La Casa Romana fue descubierta en 1985 por el arque\u00f3logo de Spoleto Giuseppe Sordini, quien se dedic\u00f3 a su restauraci\u00f3n hasta 1914, a\u00f1o de su muerte. La","og_url":"https:\/\/www.exploring-umbria.com\/es\/descubre-spoleto\/que-ver-en-spoleto\/casa-romana-de-spoleto\/","og_site_name":"Exploring Umbria","article_publisher":"https:\/\/www.facebook.com\/exploringumbria\/","article_modified_time":"2020-03-31T12:02:55+00:00","twitter_card":"summary_large_image","twitter_misc":{"Tiempo de lectura":"2 minutos"},"schema":{"@context":"https:\/\/schema.org","@graph":[{"@type":"Organization","@id":"https:\/\/www.exploring-umbria.com\/es\/#organization","name":"Exploring Umbria","url":"https:\/\/www.exploring-umbria.com\/es\/","sameAs":["https:\/\/www.facebook.com\/exploringumbria\/","https:\/\/www.instagram.com\/exploringumbria\/"],"logo":{"@type":"ImageObject","@id":"https:\/\/www.exploring-umbria.com\/es\/#logo","inLanguage":"es","url":"https:\/\/www.exploring-umbria.com\/wp-content\/uploads\/2019\/08\/solo-logo-verde.jpg","contentUrl":"https:\/\/www.exploring-umbria.com\/wp-content\/uploads\/2019\/08\/solo-logo-verde.jpg","width":952,"height":532,"caption":"Exploring Umbria"},"image":{"@id":"https:\/\/www.exploring-umbria.com\/es\/#logo"}},{"@type":"WebSite","@id":"https:\/\/www.exploring-umbria.com\/es\/#website","url":"https:\/\/www.exploring-umbria.com\/es\/","name":"Exploring Umbria","description":"your dates, your mood, your trip","publisher":{"@id":"https:\/\/www.exploring-umbria.com\/es\/#organization"},"potentialAction":[{"@type":"SearchAction","target":{"@type":"EntryPoint","urlTemplate":"https:\/\/www.exploring-umbria.com\/es\/?s={search_term_string}"},"query-input":"required name=search_term_string"}],"inLanguage":"es"},{"@type":"WebPage","@id":"https:\/\/www.exploring-umbria.com\/es\/descubre-spoleto\/que-ver-en-spoleto\/casa-romana-de-spoleto\/#webpage","url":"https:\/\/www.exploring-umbria.com\/es\/descubre-spoleto\/que-ver-en-spoleto\/casa-romana-de-spoleto\/","name":"Casa Romana de Spoleto - Exploring Umbria","isPartOf":{"@id":"https:\/\/www.exploring-umbria.com\/es\/#website"},"datePublished":"2019-05-20T00:14:49+00:00","dateModified":"2020-03-31T12:02:55+00:00","description":"La Casa Romana fue descubierta en 1985 por el arque\u00f3logo de Spoleto Giuseppe Sordini, quien se dedic\u00f3 a su restauraci\u00f3n hasta 1914, a\u00f1o de su muerte. La","breadcrumb":{"@id":"https:\/\/www.exploring-umbria.com\/es\/descubre-spoleto\/que-ver-en-spoleto\/casa-romana-de-spoleto\/#breadcrumb"},"inLanguage":"es","potentialAction":[{"@type":"ReadAction","target":["https:\/\/www.exploring-umbria.com\/es\/descubre-spoleto\/que-ver-en-spoleto\/casa-romana-de-spoleto\/"]}]},{"@type":"BreadcrumbList","@id":"https:\/\/www.exploring-umbria.com\/es\/descubre-spoleto\/que-ver-en-spoleto\/casa-romana-de-spoleto\/#breadcrumb","itemListElement":[{"@type":"ListItem","position":1,"name":"Home","item":"https:\/\/www.exploring-umbria.com\/es\/"},{"@type":"ListItem","position":2,"name":"Descubre Spoleto","item":"https:\/\/www.exploring-umbria.com\/es\/descubre-spoleto\/"},{"@type":"ListItem","position":3,"name":"Qu\u00e9 ver en Spoleto","item":"https:\/\/www.exploring-umbria.com\/es\/descubre-spoleto\/que-ver-en-spoleto\/"},{"@type":"ListItem","position":4,"name":"Casa Romana de Spoleto"}]}]}},"_links":{"self":[{"href":"https:\/\/www.exploring-umbria.com\/es\/wp-json\/wp\/v2\/pages\/33248"}],"collection":[{"href":"https:\/\/www.exploring-umbria.com\/es\/wp-json\/wp\/v2\/pages"}],"about":[{"href":"https:\/\/www.exploring-umbria.com\/es\/wp-json\/wp\/v2\/types\/page"}],"author":[{"embeddable":true,"href":"https:\/\/www.exploring-umbria.com\/es\/wp-json\/wp\/v2\/users\/4"}],"replies":[{"embeddable":true,"href":"https:\/\/www.exploring-umbria.com\/es\/wp-json\/wp\/v2\/comments?post=33248"}],"version-history":[{"count":2,"href":"https:\/\/www.exploring-umbria.com\/es\/wp-json\/wp\/v2\/pages\/33248\/revisions"}],"predecessor-version":[{"id":33251,"href":"https:\/\/www.exploring-umbria.com\/es\/wp-json\/wp\/v2\/pages\/33248\/revisions\/33251"}],"up":[{"embeddable":true,"href":"https:\/\/www.exploring-umbria.com\/es\/wp-json\/wp\/v2\/pages\/33213"}],"wp:attachment":[{"href":"https:\/\/www.exploring-umbria.com\/es\/wp-json\/wp\/v2\/media?parent=33248"}],"curies":[{"name":"wp","href":"https:\/\/api.w.org\/{rel}","templated":true}]}}