{"id":33244,"date":"2019-05-20T02:11:54","date_gmt":"2019-05-20T00:11:54","guid":{"rendered":"https:\/\/www.exploring-umbria.com\/descubre-spoleto\/que-ver-en-spoleto\/rocca-di-albornoz\/"},"modified":"2020-03-31T13:58:18","modified_gmt":"2020-03-31T11:58:18","slug":"fortaleza-de-albornoz","status":"publish","type":"page","link":"https:\/\/www.exploring-umbria.com\/es\/descubre-spoleto\/que-ver-en-spoleto\/fortaleza-de-albornoz\/","title":{"rendered":"Fortaleza de Albornoz"},"content":{"rendered":"<p>La Fortaleza de Albornoz, tambi\u00e9n conocida como Castillo de Spoleto, fue construida a partir de 1359 en la cima de la colina de San El\u00edas, en una posici\u00f3n elevada y dominante sobre la ciudad y el valle circundante. La construcci\u00f3n de este imponente edificio militar destinado a controlar la V\u00eda Flaminia fue encargada por el Papa Alejandro VI, junto con muchas otras fortalezas similares, con el fin de restaurar el poder papal sobre los territorios de Italia central durante el cautiverio de Avi\u00f1\u00f3n. El Papa, que viv\u00eda en Avi\u00f1\u00f3n, envi\u00f3 a <a href=\"https:\/\/www.exploring-umbria.com\/es\/subcategories\/cosa-fare-e-cosa-vedere-a-spoleto\/#heading33201\" target=\"_blank\" rel=\"noopener noreferrer\">Spoleto<\/a> al poderoso cardenal espa\u00f1ol <a href=\"https:\/\/es.wikipedia.org\/wiki\/Gil_%C3%81lvarez_de_Albornoz\" target=\"_blank\" rel=\"noopener noreferrer\">Albornoz<\/a>, que confi\u00f3 la direcci\u00f3n de las obras, terminadas en 1370, a <em>Matteo di Giovannello de Gubbio<\/em>, llamado el \u00ab<em>Gattapone<\/em>\u00ab.<\/p>\n<p>Debido a su posici\u00f3n estrat\u00e9gica y a la grandeza del edificio, la Fortaleza de Albornoz se convirti\u00f3 a lo largo de los siglos en la sede de importantes figuras como rectores del Ducado, gobernadores de la ciudad y legados papales. Seg\u00fan la tradici\u00f3n, la propia Lucrecia Borgia, hija de Alejandro VI, que la nombr\u00f3 regente del Ducado de Spoleto con s\u00f3lo 19 a\u00f1os, se aloj\u00f3 dos veces en la Fortaleza: en 1499 durante tres meses y en 1502 para una breve parada en el camino que la llev\u00f3 a Ferrara.<\/p>\n<p>La estructura arquitect\u00f3nica es de planta rectangular defendida por seis imponentes torres, la m\u00e1s grande y central de las cuales se llama \u00ab<em>Torre del Esp\u00edritu<\/em>\u00ab, quiz\u00e1s en referencia a la cruel hija del pont\u00edfice. En el interior de las murallas perimetrales hay dos patios: el <strong>Patio de las Armas<\/strong>, dedicado a la milicia armada, y el <strong>Patio de Honor<\/strong>, dedicado a los administradores y gobernadores, y decorado con una doble logia enteramente en terracota y un elegante pozo hexagonal. Entre los numerosos espacios interiores, cabe destacar el <strong>Sal\u00f3n de Honor, <\/strong>la sala m\u00e1s grande de todo el edificio, dedicada a ceremonias y banquetes, y decorada con frescos de los siglos XVI-XVII; y la <strong>C\u00e1mara Pinta (o Picta),<\/strong> tambi\u00e9n decorada con escenas caballerescas pintadas al fresco entre 1392 y 1416.<\/p>\n<p>Desde 1817 hasta 1983 la fortaleza se convirti\u00f3 en una prisi\u00f3n y perdi\u00f3 muchas de sus obras de arte. No fue hasta despu\u00e9s del cierre de la prisi\u00f3n cuando esta fue sometida a un cuidadoso trabajo de restauraci\u00f3n y mejora que condujo a la inauguraci\u00f3n, en 2007, del Museo Nacional <strong>del Ducado<\/strong>. El museo est\u00e1 dividido en 15 salas hist\u00f3ricas de la fortaleza que se reparten en dos plantas. La inferior presenta obras y materiales ordenados cronol\u00f3gicamente que cuentan la historia del territorio identificado con el nombre del Ducado de Spoleto en un per\u00edodo comprendido entre los siglos IV y XV d.C. La superior contiene numerosas esculturas y pinturas realizadas entre el rom\u00e1nico y el renacimiento.<\/p>\n","protected":false},"excerpt":{"rendered":"<p>La Fortaleza de Albornoz, tambi\u00e9n conocida como Castillo de Spoleto, fue construida a partir de 1359 en la cima de la colina de San El\u00edas, en una posici\u00f3n elevada y dominante sobre la ciudad y el valle circundante. La construcci\u00f3n de este imponente edificio militar destinado a controlar la V\u00eda Flaminia fue encargada por el [&hellip;]<\/p>\n","protected":false},"author":4,"featured_media":16364,"parent":33213,"menu_order":5,"comment_status":"closed","ping_status":"closed","template":"","meta":{"om_disable_all_campaigns":false,"_monsterinsights_skip_tracking":false,"_monsterinsights_sitenote_active":false,"_monsterinsights_sitenote_note":"","_monsterinsights_sitenote_category":0},"acf":[],"yoast_head":"<!-- This site is optimized with the Yoast SEO plugin v18.4.1 - https:\/\/yoast.com\/wordpress\/plugins\/seo\/ -->\n<title>Fortaleza de Albornoz - Exploring Umbria<\/title>\n<meta name=\"description\" content=\"La Fortaleza de Albornoz, tambi\u00e9n conocida como Castillo de Spoleto, fue construida a partir de 1359 en la cima de la colina de San El\u00edas, en una posici\u00f3n\" \/>\n<meta name=\"robots\" content=\"index, follow, max-snippet:-1, max-image-preview:large, max-video-preview:-1\" \/>\n<link rel=\"canonical\" href=\"https:\/\/www.exploring-umbria.com\/es\/descubre-spoleto\/que-ver-en-spoleto\/fortaleza-de-albornoz\/\" \/>\n<meta property=\"og:locale\" content=\"es_ES\" \/>\n<meta property=\"og:type\" content=\"article\" \/>\n<meta property=\"og:title\" content=\"Fortaleza de Albornoz - Exploring Umbria\" \/>\n<meta property=\"og:description\" content=\"La Fortaleza de Albornoz, tambi\u00e9n conocida como Castillo de Spoleto, fue construida a partir de 1359 en la cima de la colina de San El\u00edas, en una posici\u00f3n\" \/>\n<meta property=\"og:url\" content=\"https:\/\/www.exploring-umbria.com\/es\/descubre-spoleto\/que-ver-en-spoleto\/fortaleza-de-albornoz\/\" \/>\n<meta property=\"og:site_name\" content=\"Exploring Umbria\" \/>\n<meta property=\"article:publisher\" content=\"https:\/\/www.facebook.com\/exploringumbria\/\" \/>\n<meta property=\"article:modified_time\" content=\"2020-03-31T11:58:18+00:00\" \/>\n<meta property=\"og:image\" content=\"https:\/\/www.exploring-umbria.com\/wp-content\/uploads\/2019\/07\/rocca-albornoziana-spoleto.jpg\" \/>\n\t<meta property=\"og:image:width\" content=\"1600\" \/>\n\t<meta property=\"og:image:height\" content=\"1200\" \/>\n\t<meta property=\"og:image:type\" content=\"image\/jpeg\" \/>\n<meta name=\"twitter:card\" content=\"summary_large_image\" \/>\n<meta name=\"twitter:label1\" content=\"Tiempo de lectura\" \/>\n\t<meta name=\"twitter:data1\" content=\"2 minutos\" \/>\n<script type=\"application\/ld+json\" class=\"yoast-schema-graph\">{\"@context\":\"https:\/\/schema.org\",\"@graph\":[{\"@type\":\"Organization\",\"@id\":\"https:\/\/www.exploring-umbria.com\/es\/#organization\",\"name\":\"Exploring Umbria\",\"url\":\"https:\/\/www.exploring-umbria.com\/es\/\",\"sameAs\":[\"https:\/\/www.facebook.com\/exploringumbria\/\",\"https:\/\/www.instagram.com\/exploringumbria\/\"],\"logo\":{\"@type\":\"ImageObject\",\"@id\":\"https:\/\/www.exploring-umbria.com\/es\/#logo\",\"inLanguage\":\"es\",\"url\":\"https:\/\/www.exploring-umbria.com\/wp-content\/uploads\/2019\/08\/solo-logo-verde.jpg\",\"contentUrl\":\"https:\/\/www.exploring-umbria.com\/wp-content\/uploads\/2019\/08\/solo-logo-verde.jpg\",\"width\":952,\"height\":532,\"caption\":\"Exploring Umbria\"},\"image\":{\"@id\":\"https:\/\/www.exploring-umbria.com\/es\/#logo\"}},{\"@type\":\"WebSite\",\"@id\":\"https:\/\/www.exploring-umbria.com\/es\/#website\",\"url\":\"https:\/\/www.exploring-umbria.com\/es\/\",\"name\":\"Exploring Umbria\",\"description\":\"your dates, your mood, your trip\",\"publisher\":{\"@id\":\"https:\/\/www.exploring-umbria.com\/es\/#organization\"},\"potentialAction\":[{\"@type\":\"SearchAction\",\"target\":{\"@type\":\"EntryPoint\",\"urlTemplate\":\"https:\/\/www.exploring-umbria.com\/es\/?s={search_term_string}\"},\"query-input\":\"required name=search_term_string\"}],\"inLanguage\":\"es\"},{\"@type\":\"ImageObject\",\"@id\":\"https:\/\/www.exploring-umbria.com\/es\/descubre-spoleto\/que-ver-en-spoleto\/fortaleza-de-albornoz\/#primaryimage\",\"inLanguage\":\"es\",\"url\":\"https:\/\/www.exploring-umbria.com\/wp-content\/uploads\/2019\/07\/rocca-albornoziana-spoleto.jpg\",\"contentUrl\":\"https:\/\/www.exploring-umbria.com\/wp-content\/uploads\/2019\/07\/rocca-albornoziana-spoleto.jpg\",\"width\":1600,\"height\":1200,\"caption\":\"veduta della rocca di albornoz spoleto\"},{\"@type\":\"WebPage\",\"@id\":\"https:\/\/www.exploring-umbria.com\/es\/descubre-spoleto\/que-ver-en-spoleto\/fortaleza-de-albornoz\/#webpage\",\"url\":\"https:\/\/www.exploring-umbria.com\/es\/descubre-spoleto\/que-ver-en-spoleto\/fortaleza-de-albornoz\/\",\"name\":\"Fortaleza de Albornoz - Exploring Umbria\",\"isPartOf\":{\"@id\":\"https:\/\/www.exploring-umbria.com\/es\/#website\"},\"primaryImageOfPage\":{\"@id\":\"https:\/\/www.exploring-umbria.com\/es\/descubre-spoleto\/que-ver-en-spoleto\/fortaleza-de-albornoz\/#primaryimage\"},\"datePublished\":\"2019-05-20T00:11:54+00:00\",\"dateModified\":\"2020-03-31T11:58:18+00:00\",\"description\":\"La Fortaleza de Albornoz, tambi\u00e9n conocida como Castillo de Spoleto, fue construida a partir de 1359 en la cima de la colina de San El\u00edas, en una posici\u00f3n\",\"breadcrumb\":{\"@id\":\"https:\/\/www.exploring-umbria.com\/es\/descubre-spoleto\/que-ver-en-spoleto\/fortaleza-de-albornoz\/#breadcrumb\"},\"inLanguage\":\"es\",\"potentialAction\":[{\"@type\":\"ReadAction\",\"target\":[\"https:\/\/www.exploring-umbria.com\/es\/descubre-spoleto\/que-ver-en-spoleto\/fortaleza-de-albornoz\/\"]}]},{\"@type\":\"BreadcrumbList\",\"@id\":\"https:\/\/www.exploring-umbria.com\/es\/descubre-spoleto\/que-ver-en-spoleto\/fortaleza-de-albornoz\/#breadcrumb\",\"itemListElement\":[{\"@type\":\"ListItem\",\"position\":1,\"name\":\"Home\",\"item\":\"https:\/\/www.exploring-umbria.com\/es\/\"},{\"@type\":\"ListItem\",\"position\":2,\"name\":\"Descubre Spoleto\",\"item\":\"https:\/\/www.exploring-umbria.com\/es\/descubre-spoleto\/\"},{\"@type\":\"ListItem\",\"position\":3,\"name\":\"Qu\u00e9 ver en Spoleto\",\"item\":\"https:\/\/www.exploring-umbria.com\/es\/descubre-spoleto\/que-ver-en-spoleto\/\"},{\"@type\":\"ListItem\",\"position\":4,\"name\":\"Fortaleza de Albornoz\"}]}]}<\/script>\n<!-- \/ Yoast SEO plugin. -->","yoast_head_json":{"title":"Fortaleza de Albornoz - Exploring Umbria","description":"La Fortaleza de Albornoz, tambi\u00e9n conocida como Castillo de Spoleto, fue construida a partir de 1359 en la cima de la colina de San El\u00edas, en una posici\u00f3n","robots":{"index":"index","follow":"follow","max-snippet":"max-snippet:-1","max-image-preview":"max-image-preview:large","max-video-preview":"max-video-preview:-1"},"canonical":"https:\/\/www.exploring-umbria.com\/es\/descubre-spoleto\/que-ver-en-spoleto\/fortaleza-de-albornoz\/","og_locale":"es_ES","og_type":"article","og_title":"Fortaleza de Albornoz - Exploring Umbria","og_description":"La Fortaleza de Albornoz, tambi\u00e9n conocida como Castillo de Spoleto, fue construida a partir de 1359 en la cima de la colina de San El\u00edas, en una posici\u00f3n","og_url":"https:\/\/www.exploring-umbria.com\/es\/descubre-spoleto\/que-ver-en-spoleto\/fortaleza-de-albornoz\/","og_site_name":"Exploring Umbria","article_publisher":"https:\/\/www.facebook.com\/exploringumbria\/","article_modified_time":"2020-03-31T11:58:18+00:00","og_image":[{"width":1600,"height":1200,"url":"https:\/\/www.exploring-umbria.com\/wp-content\/uploads\/2019\/07\/rocca-albornoziana-spoleto.jpg","type":"image\/jpeg"}],"twitter_card":"summary_large_image","twitter_misc":{"Tiempo de lectura":"2 minutos"},"schema":{"@context":"https:\/\/schema.org","@graph":[{"@type":"Organization","@id":"https:\/\/www.exploring-umbria.com\/es\/#organization","name":"Exploring Umbria","url":"https:\/\/www.exploring-umbria.com\/es\/","sameAs":["https:\/\/www.facebook.com\/exploringumbria\/","https:\/\/www.instagram.com\/exploringumbria\/"],"logo":{"@type":"ImageObject","@id":"https:\/\/www.exploring-umbria.com\/es\/#logo","inLanguage":"es","url":"https:\/\/www.exploring-umbria.com\/wp-content\/uploads\/2019\/08\/solo-logo-verde.jpg","contentUrl":"https:\/\/www.exploring-umbria.com\/wp-content\/uploads\/2019\/08\/solo-logo-verde.jpg","width":952,"height":532,"caption":"Exploring Umbria"},"image":{"@id":"https:\/\/www.exploring-umbria.com\/es\/#logo"}},{"@type":"WebSite","@id":"https:\/\/www.exploring-umbria.com\/es\/#website","url":"https:\/\/www.exploring-umbria.com\/es\/","name":"Exploring Umbria","description":"your dates, your mood, your trip","publisher":{"@id":"https:\/\/www.exploring-umbria.com\/es\/#organization"},"potentialAction":[{"@type":"SearchAction","target":{"@type":"EntryPoint","urlTemplate":"https:\/\/www.exploring-umbria.com\/es\/?s={search_term_string}"},"query-input":"required name=search_term_string"}],"inLanguage":"es"},{"@type":"ImageObject","@id":"https:\/\/www.exploring-umbria.com\/es\/descubre-spoleto\/que-ver-en-spoleto\/fortaleza-de-albornoz\/#primaryimage","inLanguage":"es","url":"https:\/\/www.exploring-umbria.com\/wp-content\/uploads\/2019\/07\/rocca-albornoziana-spoleto.jpg","contentUrl":"https:\/\/www.exploring-umbria.com\/wp-content\/uploads\/2019\/07\/rocca-albornoziana-spoleto.jpg","width":1600,"height":1200,"caption":"veduta della rocca di albornoz spoleto"},{"@type":"WebPage","@id":"https:\/\/www.exploring-umbria.com\/es\/descubre-spoleto\/que-ver-en-spoleto\/fortaleza-de-albornoz\/#webpage","url":"https:\/\/www.exploring-umbria.com\/es\/descubre-spoleto\/que-ver-en-spoleto\/fortaleza-de-albornoz\/","name":"Fortaleza de Albornoz - Exploring Umbria","isPartOf":{"@id":"https:\/\/www.exploring-umbria.com\/es\/#website"},"primaryImageOfPage":{"@id":"https:\/\/www.exploring-umbria.com\/es\/descubre-spoleto\/que-ver-en-spoleto\/fortaleza-de-albornoz\/#primaryimage"},"datePublished":"2019-05-20T00:11:54+00:00","dateModified":"2020-03-31T11:58:18+00:00","description":"La Fortaleza de Albornoz, tambi\u00e9n conocida como Castillo de Spoleto, fue construida a partir de 1359 en la cima de la colina de San El\u00edas, en una posici\u00f3n","breadcrumb":{"@id":"https:\/\/www.exploring-umbria.com\/es\/descubre-spoleto\/que-ver-en-spoleto\/fortaleza-de-albornoz\/#breadcrumb"},"inLanguage":"es","potentialAction":[{"@type":"ReadAction","target":["https:\/\/www.exploring-umbria.com\/es\/descubre-spoleto\/que-ver-en-spoleto\/fortaleza-de-albornoz\/"]}]},{"@type":"BreadcrumbList","@id":"https:\/\/www.exploring-umbria.com\/es\/descubre-spoleto\/que-ver-en-spoleto\/fortaleza-de-albornoz\/#breadcrumb","itemListElement":[{"@type":"ListItem","position":1,"name":"Home","item":"https:\/\/www.exploring-umbria.com\/es\/"},{"@type":"ListItem","position":2,"name":"Descubre Spoleto","item":"https:\/\/www.exploring-umbria.com\/es\/descubre-spoleto\/"},{"@type":"ListItem","position":3,"name":"Qu\u00e9 ver en Spoleto","item":"https:\/\/www.exploring-umbria.com\/es\/descubre-spoleto\/que-ver-en-spoleto\/"},{"@type":"ListItem","position":4,"name":"Fortaleza de Albornoz"}]}]}},"_links":{"self":[{"href":"https:\/\/www.exploring-umbria.com\/es\/wp-json\/wp\/v2\/pages\/33244"}],"collection":[{"href":"https:\/\/www.exploring-umbria.com\/es\/wp-json\/wp\/v2\/pages"}],"about":[{"href":"https:\/\/www.exploring-umbria.com\/es\/wp-json\/wp\/v2\/types\/page"}],"author":[{"embeddable":true,"href":"https:\/\/www.exploring-umbria.com\/es\/wp-json\/wp\/v2\/users\/4"}],"replies":[{"embeddable":true,"href":"https:\/\/www.exploring-umbria.com\/es\/wp-json\/wp\/v2\/comments?post=33244"}],"version-history":[{"count":2,"href":"https:\/\/www.exploring-umbria.com\/es\/wp-json\/wp\/v2\/pages\/33244\/revisions"}],"predecessor-version":[{"id":33246,"href":"https:\/\/www.exploring-umbria.com\/es\/wp-json\/wp\/v2\/pages\/33244\/revisions\/33246"}],"up":[{"embeddable":true,"href":"https:\/\/www.exploring-umbria.com\/es\/wp-json\/wp\/v2\/pages\/33213"}],"wp:featuredmedia":[{"embeddable":true,"href":"https:\/\/www.exploring-umbria.com\/es\/wp-json\/wp\/v2\/media\/16364"}],"wp:attachment":[{"href":"https:\/\/www.exploring-umbria.com\/es\/wp-json\/wp\/v2\/media?parent=33244"}],"curies":[{"name":"wp","href":"https:\/\/api.w.org\/{rel}","templated":true}]}}