{"id":33237,"date":"2019-05-20T02:07:02","date_gmt":"2019-05-20T00:07:02","guid":{"rendered":"https:\/\/www.exploring-umbria.com\/descubre-spoleto\/que-ver-en-spoleto\/basilica-di-san-gregorio-maggiore\/"},"modified":"2020-03-31T13:46:58","modified_gmt":"2020-03-31T11:46:58","slug":"basilica-de-san-gregorio-mayor","status":"publish","type":"page","link":"https:\/\/www.exploring-umbria.com\/es\/descubre-spoleto\/que-ver-en-spoleto\/basilica-de-san-gregorio-mayor\/","title":{"rendered":"Bas\u00edlica de San Gregorio Mayor"},"content":{"rendered":"<p>La Bas\u00edlica de San Gregorio Mayor tiene una hermosa vista sobre la Plaza Garibaldi, en el lado opuesto del monumento dedicado al gran h\u00e9roe de la historia italiana, a poca distancia de una de las entradas al centro hist\u00f3rico de la <a href=\"https:\/\/www.exploring-umbria.com\/es\/actividades\/guided-tour-of-spoleto\/\" target=\"_blank\" rel=\"noopener noreferrer\">ciudad<\/a>, Puerta de San Gregorio. Es s\u00f3lo uno de los varios edificios dedicados al santo <a href=\"https:\/\/it.wikipedia.org\/wiki\/Gregorio_di_Spoleto\" target=\"_blank\" rel=\"noopener noreferrer\">m\u00e1rtir<\/a> dentro de las murallas de la ciudad. A parte de la bas\u00edlica, hay otros lugares de culto en el puente Sanguinario, tambi\u00e9n vinculado a la biograf\u00eda del santo; y en el foro de San Gregorio de la Sinagoga.<\/p>\n<p>La Bas\u00edlica de San Gregorio Mayor fue construida sobre una zona anterior del cementerio y fue erigida en su forma actual en 1079, sufriendo numerosos cambios en los siglos siguientes pero, seg\u00fan la tradici\u00f3n, la iglesia original fue fundada en el siglo IV por una viuda llamada <em>Abundancia<\/em>, que recuper\u00f3 el cuerpo del m\u00e1rtir d\u00e1ndole sepultura y construyendo el lugar de culto.<\/p>\n<p>La fachada monumental tiene tres arcos del siglo XIV en la parte superior, rodeados por tres arcos empotrados. El central conserva los restos de un fresco del siglo XVI atribuido a <em>Giovanni de Foligno<\/em>, quiz\u00e1s identificable con el artista <em>Giovanni de Corraduccio<\/em>. La entrada al edificio est\u00e1 permitida gracias al portal monumental construido en 1597 a instancias del obispo Sanvitale, enmarcado y embellecido por un p\u00f3rtico del siglo XVI con tres arcos.<\/p>\n<p>En el interior, la bas\u00edlica est\u00e1 dividida en tres naves, con un presbiterio elevado, a su vez tripartito en peque\u00f1as naves y terminando con \u00e1bsides. A los lados hay varias capillas, entre las que destacan la <strong>Capilla del Sacramento<\/strong>, que alberga un Tabern\u00e1culo de 1523, trasladado desde el monasterio de la Estrella de Espoleto en 1860; y la <strong>Capilla de los Inocentes<\/strong>, que alberga escenas decorativas inspiradas en la historia de la iglesia y de Santa Abundancia, como la santa que erigiendo el edificio y los m\u00e1rtires cayendo del Puente Sanguinario.<\/p>\n<p>Tambi\u00e9n es interesante la cripta situada debajo del presbiterio, de grandes dimensiones, con un sistema articulado y dividida en cinco naves con tres \u00e1bsides. Una inscripci\u00f3n y una tradici\u00f3n nos dicen que all\u00ed fueron enterrados diez mil m\u00e1rtires. De hecho, la cripta alberga numerosos restos humanos de diversas \u00e9pocas, depositados en diferentes sarc\u00f3fagos.<\/p>\n<p>En el edificio se conservan fragmentos de suelo con decoraciones cosmatescas, frescos de los siglos XII-XVII y numerosos materiales de la \u00e9poca romana. Estos son particularmente visibles no s\u00f3lo en la cripta, sino tambi\u00e9n en el campanario, que fue terminado en 1492.<\/p>\n<p>Junto a la iglesia hay, por \u00faltimo, un elegante claustro con un doble orden de arcos de medio punto sostenidos por pilares octogonales de terracota. El primer orden fue probablemente construido en el siglo XII al mismo tiempo que la iglesia, mientras que el segundo, en el nivel superior, fue quiz\u00e1s una adici\u00f3n del siglo XVI.<\/p>\n","protected":false},"excerpt":{"rendered":"<p>La Bas\u00edlica de San Gregorio Mayor tiene una hermosa vista sobre la Plaza Garibaldi, en el lado opuesto del monumento dedicado al gran h\u00e9roe de la historia italiana, a poca distancia de una de las entradas al centro hist\u00f3rico de la ciudad, Puerta de San Gregorio. Es s\u00f3lo uno de los varios edificios dedicados al [&hellip;]<\/p>\n","protected":false},"author":4,"featured_media":0,"parent":33213,"menu_order":3,"comment_status":"closed","ping_status":"closed","template":"","meta":{"om_disable_all_campaigns":false,"_monsterinsights_skip_tracking":false,"_monsterinsights_sitenote_active":false,"_monsterinsights_sitenote_note":"","_monsterinsights_sitenote_category":0},"acf":[],"yoast_head":"<!-- This site is optimized with the Yoast SEO plugin v18.4.1 - https:\/\/yoast.com\/wordpress\/plugins\/seo\/ -->\n<title>Bas\u00edlica de San Gregorio Mayor - Exploring Umbria<\/title>\n<meta name=\"description\" content=\"La Bas\u00edlica de San Gregorio Mayor tiene una hermosa vista sobre la Plaza Garibaldi, en el lado opuesto del monumento dedicado al gran h\u00e9roe de la historia\" \/>\n<meta name=\"robots\" content=\"index, follow, max-snippet:-1, max-image-preview:large, max-video-preview:-1\" \/>\n<link rel=\"canonical\" href=\"https:\/\/www.exploring-umbria.com\/es\/descubre-spoleto\/que-ver-en-spoleto\/basilica-de-san-gregorio-mayor\/\" \/>\n<meta property=\"og:locale\" content=\"es_ES\" \/>\n<meta property=\"og:type\" content=\"article\" \/>\n<meta property=\"og:title\" content=\"Bas\u00edlica de San Gregorio Mayor - Exploring Umbria\" \/>\n<meta property=\"og:description\" content=\"La Bas\u00edlica de San Gregorio Mayor tiene una hermosa vista sobre la Plaza Garibaldi, en el lado opuesto del monumento dedicado al gran h\u00e9roe de la historia\" \/>\n<meta property=\"og:url\" content=\"https:\/\/www.exploring-umbria.com\/es\/descubre-spoleto\/que-ver-en-spoleto\/basilica-de-san-gregorio-mayor\/\" \/>\n<meta property=\"og:site_name\" content=\"Exploring Umbria\" \/>\n<meta property=\"article:publisher\" content=\"https:\/\/www.facebook.com\/exploringumbria\/\" \/>\n<meta property=\"article:modified_time\" content=\"2020-03-31T11:46:58+00:00\" \/>\n<meta name=\"twitter:card\" content=\"summary_large_image\" \/>\n<meta name=\"twitter:label1\" content=\"Tiempo de lectura\" \/>\n\t<meta name=\"twitter:data1\" content=\"2 minutos\" \/>\n<script type=\"application\/ld+json\" class=\"yoast-schema-graph\">{\"@context\":\"https:\/\/schema.org\",\"@graph\":[{\"@type\":\"Organization\",\"@id\":\"https:\/\/www.exploring-umbria.com\/es\/#organization\",\"name\":\"Exploring Umbria\",\"url\":\"https:\/\/www.exploring-umbria.com\/es\/\",\"sameAs\":[\"https:\/\/www.facebook.com\/exploringumbria\/\",\"https:\/\/www.instagram.com\/exploringumbria\/\"],\"logo\":{\"@type\":\"ImageObject\",\"@id\":\"https:\/\/www.exploring-umbria.com\/es\/#logo\",\"inLanguage\":\"es\",\"url\":\"https:\/\/www.exploring-umbria.com\/wp-content\/uploads\/2019\/08\/solo-logo-verde.jpg\",\"contentUrl\":\"https:\/\/www.exploring-umbria.com\/wp-content\/uploads\/2019\/08\/solo-logo-verde.jpg\",\"width\":952,\"height\":532,\"caption\":\"Exploring Umbria\"},\"image\":{\"@id\":\"https:\/\/www.exploring-umbria.com\/es\/#logo\"}},{\"@type\":\"WebSite\",\"@id\":\"https:\/\/www.exploring-umbria.com\/es\/#website\",\"url\":\"https:\/\/www.exploring-umbria.com\/es\/\",\"name\":\"Exploring Umbria\",\"description\":\"your dates, your mood, your trip\",\"publisher\":{\"@id\":\"https:\/\/www.exploring-umbria.com\/es\/#organization\"},\"potentialAction\":[{\"@type\":\"SearchAction\",\"target\":{\"@type\":\"EntryPoint\",\"urlTemplate\":\"https:\/\/www.exploring-umbria.com\/es\/?s={search_term_string}\"},\"query-input\":\"required name=search_term_string\"}],\"inLanguage\":\"es\"},{\"@type\":\"WebPage\",\"@id\":\"https:\/\/www.exploring-umbria.com\/es\/descubre-spoleto\/que-ver-en-spoleto\/basilica-de-san-gregorio-mayor\/#webpage\",\"url\":\"https:\/\/www.exploring-umbria.com\/es\/descubre-spoleto\/que-ver-en-spoleto\/basilica-de-san-gregorio-mayor\/\",\"name\":\"Bas\u00edlica de San Gregorio Mayor - Exploring Umbria\",\"isPartOf\":{\"@id\":\"https:\/\/www.exploring-umbria.com\/es\/#website\"},\"datePublished\":\"2019-05-20T00:07:02+00:00\",\"dateModified\":\"2020-03-31T11:46:58+00:00\",\"description\":\"La Bas\u00edlica de San Gregorio Mayor tiene una hermosa vista sobre la Plaza Garibaldi, en el lado opuesto del monumento dedicado al gran h\u00e9roe de la historia\",\"breadcrumb\":{\"@id\":\"https:\/\/www.exploring-umbria.com\/es\/descubre-spoleto\/que-ver-en-spoleto\/basilica-de-san-gregorio-mayor\/#breadcrumb\"},\"inLanguage\":\"es\",\"potentialAction\":[{\"@type\":\"ReadAction\",\"target\":[\"https:\/\/www.exploring-umbria.com\/es\/descubre-spoleto\/que-ver-en-spoleto\/basilica-de-san-gregorio-mayor\/\"]}]},{\"@type\":\"BreadcrumbList\",\"@id\":\"https:\/\/www.exploring-umbria.com\/es\/descubre-spoleto\/que-ver-en-spoleto\/basilica-de-san-gregorio-mayor\/#breadcrumb\",\"itemListElement\":[{\"@type\":\"ListItem\",\"position\":1,\"name\":\"Home\",\"item\":\"https:\/\/www.exploring-umbria.com\/es\/\"},{\"@type\":\"ListItem\",\"position\":2,\"name\":\"Descubre Spoleto\",\"item\":\"https:\/\/www.exploring-umbria.com\/es\/descubre-spoleto\/\"},{\"@type\":\"ListItem\",\"position\":3,\"name\":\"Qu\u00e9 ver en Spoleto\",\"item\":\"https:\/\/www.exploring-umbria.com\/es\/descubre-spoleto\/que-ver-en-spoleto\/\"},{\"@type\":\"ListItem\",\"position\":4,\"name\":\"Bas\u00edlica de San Gregorio Mayor\"}]}]}<\/script>\n<!-- \/ Yoast SEO plugin. -->","yoast_head_json":{"title":"Bas\u00edlica de San Gregorio Mayor - Exploring Umbria","description":"La Bas\u00edlica de San Gregorio Mayor tiene una hermosa vista sobre la Plaza Garibaldi, en el lado opuesto del monumento dedicado al gran h\u00e9roe de la historia","robots":{"index":"index","follow":"follow","max-snippet":"max-snippet:-1","max-image-preview":"max-image-preview:large","max-video-preview":"max-video-preview:-1"},"canonical":"https:\/\/www.exploring-umbria.com\/es\/descubre-spoleto\/que-ver-en-spoleto\/basilica-de-san-gregorio-mayor\/","og_locale":"es_ES","og_type":"article","og_title":"Bas\u00edlica de San Gregorio Mayor - Exploring Umbria","og_description":"La Bas\u00edlica de San Gregorio Mayor tiene una hermosa vista sobre la Plaza Garibaldi, en el lado opuesto del monumento dedicado al gran h\u00e9roe de la historia","og_url":"https:\/\/www.exploring-umbria.com\/es\/descubre-spoleto\/que-ver-en-spoleto\/basilica-de-san-gregorio-mayor\/","og_site_name":"Exploring Umbria","article_publisher":"https:\/\/www.facebook.com\/exploringumbria\/","article_modified_time":"2020-03-31T11:46:58+00:00","twitter_card":"summary_large_image","twitter_misc":{"Tiempo de lectura":"2 minutos"},"schema":{"@context":"https:\/\/schema.org","@graph":[{"@type":"Organization","@id":"https:\/\/www.exploring-umbria.com\/es\/#organization","name":"Exploring Umbria","url":"https:\/\/www.exploring-umbria.com\/es\/","sameAs":["https:\/\/www.facebook.com\/exploringumbria\/","https:\/\/www.instagram.com\/exploringumbria\/"],"logo":{"@type":"ImageObject","@id":"https:\/\/www.exploring-umbria.com\/es\/#logo","inLanguage":"es","url":"https:\/\/www.exploring-umbria.com\/wp-content\/uploads\/2019\/08\/solo-logo-verde.jpg","contentUrl":"https:\/\/www.exploring-umbria.com\/wp-content\/uploads\/2019\/08\/solo-logo-verde.jpg","width":952,"height":532,"caption":"Exploring Umbria"},"image":{"@id":"https:\/\/www.exploring-umbria.com\/es\/#logo"}},{"@type":"WebSite","@id":"https:\/\/www.exploring-umbria.com\/es\/#website","url":"https:\/\/www.exploring-umbria.com\/es\/","name":"Exploring Umbria","description":"your dates, your mood, your trip","publisher":{"@id":"https:\/\/www.exploring-umbria.com\/es\/#organization"},"potentialAction":[{"@type":"SearchAction","target":{"@type":"EntryPoint","urlTemplate":"https:\/\/www.exploring-umbria.com\/es\/?s={search_term_string}"},"query-input":"required name=search_term_string"}],"inLanguage":"es"},{"@type":"WebPage","@id":"https:\/\/www.exploring-umbria.com\/es\/descubre-spoleto\/que-ver-en-spoleto\/basilica-de-san-gregorio-mayor\/#webpage","url":"https:\/\/www.exploring-umbria.com\/es\/descubre-spoleto\/que-ver-en-spoleto\/basilica-de-san-gregorio-mayor\/","name":"Bas\u00edlica de San Gregorio Mayor - Exploring Umbria","isPartOf":{"@id":"https:\/\/www.exploring-umbria.com\/es\/#website"},"datePublished":"2019-05-20T00:07:02+00:00","dateModified":"2020-03-31T11:46:58+00:00","description":"La Bas\u00edlica de San Gregorio Mayor tiene una hermosa vista sobre la Plaza Garibaldi, en el lado opuesto del monumento dedicado al gran h\u00e9roe de la historia","breadcrumb":{"@id":"https:\/\/www.exploring-umbria.com\/es\/descubre-spoleto\/que-ver-en-spoleto\/basilica-de-san-gregorio-mayor\/#breadcrumb"},"inLanguage":"es","potentialAction":[{"@type":"ReadAction","target":["https:\/\/www.exploring-umbria.com\/es\/descubre-spoleto\/que-ver-en-spoleto\/basilica-de-san-gregorio-mayor\/"]}]},{"@type":"BreadcrumbList","@id":"https:\/\/www.exploring-umbria.com\/es\/descubre-spoleto\/que-ver-en-spoleto\/basilica-de-san-gregorio-mayor\/#breadcrumb","itemListElement":[{"@type":"ListItem","position":1,"name":"Home","item":"https:\/\/www.exploring-umbria.com\/es\/"},{"@type":"ListItem","position":2,"name":"Descubre Spoleto","item":"https:\/\/www.exploring-umbria.com\/es\/descubre-spoleto\/"},{"@type":"ListItem","position":3,"name":"Qu\u00e9 ver en Spoleto","item":"https:\/\/www.exploring-umbria.com\/es\/descubre-spoleto\/que-ver-en-spoleto\/"},{"@type":"ListItem","position":4,"name":"Bas\u00edlica de San Gregorio Mayor"}]}]}},"_links":{"self":[{"href":"https:\/\/www.exploring-umbria.com\/es\/wp-json\/wp\/v2\/pages\/33237"}],"collection":[{"href":"https:\/\/www.exploring-umbria.com\/es\/wp-json\/wp\/v2\/pages"}],"about":[{"href":"https:\/\/www.exploring-umbria.com\/es\/wp-json\/wp\/v2\/types\/page"}],"author":[{"embeddable":true,"href":"https:\/\/www.exploring-umbria.com\/es\/wp-json\/wp\/v2\/users\/4"}],"replies":[{"embeddable":true,"href":"https:\/\/www.exploring-umbria.com\/es\/wp-json\/wp\/v2\/comments?post=33237"}],"version-history":[{"count":2,"href":"https:\/\/www.exploring-umbria.com\/es\/wp-json\/wp\/v2\/pages\/33237\/revisions"}],"predecessor-version":[{"id":33239,"href":"https:\/\/www.exploring-umbria.com\/es\/wp-json\/wp\/v2\/pages\/33237\/revisions\/33239"}],"up":[{"embeddable":true,"href":"https:\/\/www.exploring-umbria.com\/es\/wp-json\/wp\/v2\/pages\/33213"}],"wp:attachment":[{"href":"https:\/\/www.exploring-umbria.com\/es\/wp-json\/wp\/v2\/media?parent=33237"}],"curies":[{"name":"wp","href":"https:\/\/api.w.org\/{rel}","templated":true}]}}