{"id":33232,"date":"2019-05-20T02:04:00","date_gmt":"2019-05-20T00:04:00","guid":{"rendered":"https:\/\/www.exploring-umbria.com\/descubre-spoleto\/que-ver-en-spoleto\/basilica-di-san-salvatore-e-cimitero-monumentale\/"},"modified":"2020-03-30T21:07:53","modified_gmt":"2020-03-30T19:07:53","slug":"basilica-de-san-salvador-de-spoleto","status":"publish","type":"page","link":"https:\/\/www.exploring-umbria.com\/es\/descubre-spoleto\/que-ver-en-spoleto\/basilica-de-san-salvador-de-spoleto\/","title":{"rendered":"Bas\u00edlica de San Salvador de Spoleto"},"content":{"rendered":"<p>Dentro del Cementerio de <a href=\"https:\/\/www.exploring-umbria.com\/es\/actividades\/guided-tour-of-spoleto\/\" target=\"_blank\" rel=\"noopener noreferrer\">Spoleto<\/a>, tristemente fuera de los circuitos tur\u00edsticos tradicionales y casi olvidada, se encuentra la <strong>Bas\u00edlica de San Salvador<\/strong>, definida por el gran historiador de Spoleto,<em> Giuseppe Sordini, como<\/em> \u201cel mayor monumento de la antig\u00fcedad de Spoleto\u00bb.<\/p>\n<p>De hecho, aunque no existen documentos hist\u00f3ricos que permitan conocer con exactitud su origen y existen diferentes hip\u00f3tesis entre los estudiosos. La Bas\u00edlica es claramente un edificio de principios de la era cristiana, uno de los m\u00e1s raros e importantes ejemplos de arquitectura religiosa de los siglos IV y V.<\/p>\n<p>Para certificar su importancia fue laUNESCO quien, en 2011, incluy\u00f3 la Bas\u00edlica y otras arquitecturas que componen el sitio <a href=\"http:\/\/www.unesco.it\/it\/PatrimonioMondiale\/Detail\/156\" target=\"_blank\" rel=\"noopener noreferrer\">\u00abLos Lombardos en Italia. Los lugares de poder (568-774 d.C.)\u00bb<\/a> en la lista de los Patrimonios de la Humanidad.<\/p>\n<p>A lo largo de los siglos, la Bas\u00edlica ha visto cambiar no s\u00f3lo su aspecto debido a las diversas intervenciones, sino tambi\u00e9n su nombre. Originalmente vinculado al culto al cementerio, parece que fue dedicado a los santos m\u00e1rtires Concordio y Senzia, a quienes se les atribuyeron virtudes taumat\u00fargicas.<\/p>\n<p>En el a\u00f1o 815, un documento longobardo menciona el edificio como dedicado a San Salvador, un cambio quiz\u00e1s deseado porlos duques de la \u00e9poca. Posteriormente, se le recuerda de nuevo como <em>Monasterio Sancti Concordii<\/em>; en el siglo XVI a causa de algunos frescos que recordaban el culto al crucifijo realizado en las paredes interiores del \u00e1bside fue llamada Iglesia del Crucifijo.<\/p>\n<p>S\u00f3lo en tiempos modernos y con las \u00faltimas obras de restauraci\u00f3n del siglo XX, la bas\u00edlica ha recuperado el t\u00edtulo definitivo de San Salvatore.<\/p>\n<p>El edificio tiene una fachada con tres portales, de los cuales s\u00f3lo el central permite la entrada, los otros dos ya estaban amurallados antes de la restauraci\u00f3n en la \u00e9poca moderna. La parte superior est\u00e1 decorada con tres ventanas, con la central m\u00e1s grande que las otras dos.<\/p>\n<p>En el interior, el espacio se divide en tres naves separadas por columnas d\u00f3ricas y pilares que definen siete tramos. En las paredes, aunque muy en ruinas, se pueden reconocer restos de valiosos frescos que datan del siglo XII-XIII que representan al Padre Eterno, a la Virgen entre los Santos, a la Crucifixi\u00f3n.<\/p>\n<p>Hoy en d\u00eda la iglesia no es accesible al p\u00fablico y s\u00f3lo se puede ver el interior mirando por la puerta principal.<\/p>\n<p>&nbsp;<\/p>\n<p>Junto a la Bas\u00edlica de San Salvador se encuentra el <strong>Monumental Cementerio de Spoleto<\/strong>, dise\u00f1ado en 1836 por el arquitecto <em>Ireneo Aleandri<\/em>, autor de otros importantes edificios de la ciudad como el Teatro Nuevo. Al cementerio se accede por una escalera monumental, a cuyos lados hay dos alas dise\u00f1adas para albergar los entierros de personajes famosos. Aunque es una adici\u00f3n posterior al proyecto anterior de <em>Aleandri<\/em>, la estructura respeta perfectamente el estilo neocl\u00e1sico, embelleciendo tambi\u00e9n el efecto esc\u00e9nico de la Bas\u00edlica.<\/p>\n<p>Entre los muchos, destacan los entierros de las familias <em>Antonelli<\/em>, <em>Bachilli<\/em> y <em>Sansi<\/em> con esculturas y pinturas decorativas de gran valor y monumentales.<\/p>\n","protected":false},"excerpt":{"rendered":"<p>Dentro del Cementerio de Spoleto, tristemente fuera de los circuitos tur\u00edsticos tradicionales y casi olvidada, se encuentra la Bas\u00edlica de San Salvador, definida por el gran historiador de Spoleto, Giuseppe Sordini, como \u201cel mayor monumento de la antig\u00fcedad de Spoleto\u00bb. De hecho, aunque no existen documentos hist\u00f3ricos que permitan conocer con exactitud su origen y [&hellip;]<\/p>\n","protected":false},"author":4,"featured_media":0,"parent":33213,"menu_order":2,"comment_status":"closed","ping_status":"closed","template":"","meta":{"om_disable_all_campaigns":false,"_monsterinsights_skip_tracking":false,"_monsterinsights_sitenote_active":false,"_monsterinsights_sitenote_note":"","_monsterinsights_sitenote_category":0},"acf":[],"yoast_head":"<!-- This site is optimized with the Yoast SEO plugin v18.4.1 - https:\/\/yoast.com\/wordpress\/plugins\/seo\/ -->\n<title>Bas\u00edlica de San Salvador de Spoleto - Exploring Umbria<\/title>\n<meta name=\"description\" content=\"Dentro del Cementerio de Spoleto, tristemente fuera de los circuitos tur\u00edsticos tradicionales y casi olvidada, se encuentra la Bas\u00edlica de San Salvador,\" \/>\n<meta name=\"robots\" content=\"index, follow, max-snippet:-1, max-image-preview:large, max-video-preview:-1\" \/>\n<link rel=\"canonical\" href=\"https:\/\/www.exploring-umbria.com\/es\/descubre-spoleto\/que-ver-en-spoleto\/basilica-de-san-salvador-de-spoleto\/\" \/>\n<meta property=\"og:locale\" content=\"es_ES\" \/>\n<meta property=\"og:type\" content=\"article\" \/>\n<meta property=\"og:title\" content=\"Bas\u00edlica de San Salvador de Spoleto - Exploring Umbria\" \/>\n<meta property=\"og:description\" content=\"Dentro del Cementerio de Spoleto, tristemente fuera de los circuitos tur\u00edsticos tradicionales y casi olvidada, se encuentra la Bas\u00edlica de San Salvador,\" \/>\n<meta property=\"og:url\" content=\"https:\/\/www.exploring-umbria.com\/es\/descubre-spoleto\/que-ver-en-spoleto\/basilica-de-san-salvador-de-spoleto\/\" \/>\n<meta property=\"og:site_name\" content=\"Exploring Umbria\" \/>\n<meta property=\"article:publisher\" content=\"https:\/\/www.facebook.com\/exploringumbria\/\" \/>\n<meta property=\"article:modified_time\" content=\"2020-03-30T19:07:53+00:00\" \/>\n<meta name=\"twitter:card\" content=\"summary_large_image\" \/>\n<meta name=\"twitter:label1\" content=\"Tiempo de lectura\" \/>\n\t<meta name=\"twitter:data1\" content=\"3 minutos\" \/>\n<script type=\"application\/ld+json\" class=\"yoast-schema-graph\">{\"@context\":\"https:\/\/schema.org\",\"@graph\":[{\"@type\":\"Organization\",\"@id\":\"https:\/\/www.exploring-umbria.com\/es\/#organization\",\"name\":\"Exploring Umbria\",\"url\":\"https:\/\/www.exploring-umbria.com\/es\/\",\"sameAs\":[\"https:\/\/www.facebook.com\/exploringumbria\/\",\"https:\/\/www.instagram.com\/exploringumbria\/\"],\"logo\":{\"@type\":\"ImageObject\",\"@id\":\"https:\/\/www.exploring-umbria.com\/es\/#logo\",\"inLanguage\":\"es\",\"url\":\"https:\/\/www.exploring-umbria.com\/wp-content\/uploads\/2019\/08\/solo-logo-verde.jpg\",\"contentUrl\":\"https:\/\/www.exploring-umbria.com\/wp-content\/uploads\/2019\/08\/solo-logo-verde.jpg\",\"width\":952,\"height\":532,\"caption\":\"Exploring Umbria\"},\"image\":{\"@id\":\"https:\/\/www.exploring-umbria.com\/es\/#logo\"}},{\"@type\":\"WebSite\",\"@id\":\"https:\/\/www.exploring-umbria.com\/es\/#website\",\"url\":\"https:\/\/www.exploring-umbria.com\/es\/\",\"name\":\"Exploring Umbria\",\"description\":\"your dates, your mood, your trip\",\"publisher\":{\"@id\":\"https:\/\/www.exploring-umbria.com\/es\/#organization\"},\"potentialAction\":[{\"@type\":\"SearchAction\",\"target\":{\"@type\":\"EntryPoint\",\"urlTemplate\":\"https:\/\/www.exploring-umbria.com\/es\/?s={search_term_string}\"},\"query-input\":\"required name=search_term_string\"}],\"inLanguage\":\"es\"},{\"@type\":\"WebPage\",\"@id\":\"https:\/\/www.exploring-umbria.com\/es\/descubre-spoleto\/que-ver-en-spoleto\/basilica-de-san-salvador-de-spoleto\/#webpage\",\"url\":\"https:\/\/www.exploring-umbria.com\/es\/descubre-spoleto\/que-ver-en-spoleto\/basilica-de-san-salvador-de-spoleto\/\",\"name\":\"Bas\u00edlica de San Salvador de Spoleto - Exploring Umbria\",\"isPartOf\":{\"@id\":\"https:\/\/www.exploring-umbria.com\/es\/#website\"},\"datePublished\":\"2019-05-20T00:04:00+00:00\",\"dateModified\":\"2020-03-30T19:07:53+00:00\",\"description\":\"Dentro del Cementerio de Spoleto, tristemente fuera de los circuitos tur\u00edsticos tradicionales y casi olvidada, se encuentra la Bas\u00edlica de San Salvador,\",\"breadcrumb\":{\"@id\":\"https:\/\/www.exploring-umbria.com\/es\/descubre-spoleto\/que-ver-en-spoleto\/basilica-de-san-salvador-de-spoleto\/#breadcrumb\"},\"inLanguage\":\"es\",\"potentialAction\":[{\"@type\":\"ReadAction\",\"target\":[\"https:\/\/www.exploring-umbria.com\/es\/descubre-spoleto\/que-ver-en-spoleto\/basilica-de-san-salvador-de-spoleto\/\"]}]},{\"@type\":\"BreadcrumbList\",\"@id\":\"https:\/\/www.exploring-umbria.com\/es\/descubre-spoleto\/que-ver-en-spoleto\/basilica-de-san-salvador-de-spoleto\/#breadcrumb\",\"itemListElement\":[{\"@type\":\"ListItem\",\"position\":1,\"name\":\"Home\",\"item\":\"https:\/\/www.exploring-umbria.com\/es\/\"},{\"@type\":\"ListItem\",\"position\":2,\"name\":\"Descubre Spoleto\",\"item\":\"https:\/\/www.exploring-umbria.com\/es\/descubre-spoleto\/\"},{\"@type\":\"ListItem\",\"position\":3,\"name\":\"Qu\u00e9 ver en Spoleto\",\"item\":\"https:\/\/www.exploring-umbria.com\/es\/descubre-spoleto\/que-ver-en-spoleto\/\"},{\"@type\":\"ListItem\",\"position\":4,\"name\":\"Bas\u00edlica de San Salvador de Spoleto\"}]}]}<\/script>\n<!-- \/ Yoast SEO plugin. -->","yoast_head_json":{"title":"Bas\u00edlica de San Salvador de Spoleto - Exploring Umbria","description":"Dentro del Cementerio de Spoleto, tristemente fuera de los circuitos tur\u00edsticos tradicionales y casi olvidada, se encuentra la Bas\u00edlica de San Salvador,","robots":{"index":"index","follow":"follow","max-snippet":"max-snippet:-1","max-image-preview":"max-image-preview:large","max-video-preview":"max-video-preview:-1"},"canonical":"https:\/\/www.exploring-umbria.com\/es\/descubre-spoleto\/que-ver-en-spoleto\/basilica-de-san-salvador-de-spoleto\/","og_locale":"es_ES","og_type":"article","og_title":"Bas\u00edlica de San Salvador de Spoleto - Exploring Umbria","og_description":"Dentro del Cementerio de Spoleto, tristemente fuera de los circuitos tur\u00edsticos tradicionales y casi olvidada, se encuentra la Bas\u00edlica de San Salvador,","og_url":"https:\/\/www.exploring-umbria.com\/es\/descubre-spoleto\/que-ver-en-spoleto\/basilica-de-san-salvador-de-spoleto\/","og_site_name":"Exploring Umbria","article_publisher":"https:\/\/www.facebook.com\/exploringumbria\/","article_modified_time":"2020-03-30T19:07:53+00:00","twitter_card":"summary_large_image","twitter_misc":{"Tiempo de lectura":"3 minutos"},"schema":{"@context":"https:\/\/schema.org","@graph":[{"@type":"Organization","@id":"https:\/\/www.exploring-umbria.com\/es\/#organization","name":"Exploring Umbria","url":"https:\/\/www.exploring-umbria.com\/es\/","sameAs":["https:\/\/www.facebook.com\/exploringumbria\/","https:\/\/www.instagram.com\/exploringumbria\/"],"logo":{"@type":"ImageObject","@id":"https:\/\/www.exploring-umbria.com\/es\/#logo","inLanguage":"es","url":"https:\/\/www.exploring-umbria.com\/wp-content\/uploads\/2019\/08\/solo-logo-verde.jpg","contentUrl":"https:\/\/www.exploring-umbria.com\/wp-content\/uploads\/2019\/08\/solo-logo-verde.jpg","width":952,"height":532,"caption":"Exploring Umbria"},"image":{"@id":"https:\/\/www.exploring-umbria.com\/es\/#logo"}},{"@type":"WebSite","@id":"https:\/\/www.exploring-umbria.com\/es\/#website","url":"https:\/\/www.exploring-umbria.com\/es\/","name":"Exploring Umbria","description":"your dates, your mood, your trip","publisher":{"@id":"https:\/\/www.exploring-umbria.com\/es\/#organization"},"potentialAction":[{"@type":"SearchAction","target":{"@type":"EntryPoint","urlTemplate":"https:\/\/www.exploring-umbria.com\/es\/?s={search_term_string}"},"query-input":"required name=search_term_string"}],"inLanguage":"es"},{"@type":"WebPage","@id":"https:\/\/www.exploring-umbria.com\/es\/descubre-spoleto\/que-ver-en-spoleto\/basilica-de-san-salvador-de-spoleto\/#webpage","url":"https:\/\/www.exploring-umbria.com\/es\/descubre-spoleto\/que-ver-en-spoleto\/basilica-de-san-salvador-de-spoleto\/","name":"Bas\u00edlica de San Salvador de Spoleto - Exploring Umbria","isPartOf":{"@id":"https:\/\/www.exploring-umbria.com\/es\/#website"},"datePublished":"2019-05-20T00:04:00+00:00","dateModified":"2020-03-30T19:07:53+00:00","description":"Dentro del Cementerio de Spoleto, tristemente fuera de los circuitos tur\u00edsticos tradicionales y casi olvidada, se encuentra la Bas\u00edlica de San Salvador,","breadcrumb":{"@id":"https:\/\/www.exploring-umbria.com\/es\/descubre-spoleto\/que-ver-en-spoleto\/basilica-de-san-salvador-de-spoleto\/#breadcrumb"},"inLanguage":"es","potentialAction":[{"@type":"ReadAction","target":["https:\/\/www.exploring-umbria.com\/es\/descubre-spoleto\/que-ver-en-spoleto\/basilica-de-san-salvador-de-spoleto\/"]}]},{"@type":"BreadcrumbList","@id":"https:\/\/www.exploring-umbria.com\/es\/descubre-spoleto\/que-ver-en-spoleto\/basilica-de-san-salvador-de-spoleto\/#breadcrumb","itemListElement":[{"@type":"ListItem","position":1,"name":"Home","item":"https:\/\/www.exploring-umbria.com\/es\/"},{"@type":"ListItem","position":2,"name":"Descubre Spoleto","item":"https:\/\/www.exploring-umbria.com\/es\/descubre-spoleto\/"},{"@type":"ListItem","position":3,"name":"Qu\u00e9 ver en Spoleto","item":"https:\/\/www.exploring-umbria.com\/es\/descubre-spoleto\/que-ver-en-spoleto\/"},{"@type":"ListItem","position":4,"name":"Bas\u00edlica de San Salvador de Spoleto"}]}]}},"_links":{"self":[{"href":"https:\/\/www.exploring-umbria.com\/es\/wp-json\/wp\/v2\/pages\/33232"}],"collection":[{"href":"https:\/\/www.exploring-umbria.com\/es\/wp-json\/wp\/v2\/pages"}],"about":[{"href":"https:\/\/www.exploring-umbria.com\/es\/wp-json\/wp\/v2\/types\/page"}],"author":[{"embeddable":true,"href":"https:\/\/www.exploring-umbria.com\/es\/wp-json\/wp\/v2\/users\/4"}],"replies":[{"embeddable":true,"href":"https:\/\/www.exploring-umbria.com\/es\/wp-json\/wp\/v2\/comments?post=33232"}],"version-history":[{"count":2,"href":"https:\/\/www.exploring-umbria.com\/es\/wp-json\/wp\/v2\/pages\/33232\/revisions"}],"predecessor-version":[{"id":33234,"href":"https:\/\/www.exploring-umbria.com\/es\/wp-json\/wp\/v2\/pages\/33232\/revisions\/33234"}],"up":[{"embeddable":true,"href":"https:\/\/www.exploring-umbria.com\/es\/wp-json\/wp\/v2\/pages\/33213"}],"wp:attachment":[{"href":"https:\/\/www.exploring-umbria.com\/es\/wp-json\/wp\/v2\/media?parent=33232"}],"curies":[{"name":"wp","href":"https:\/\/api.w.org\/{rel}","templated":true}]}}