{"id":33227,"date":"2019-05-20T02:01:54","date_gmt":"2019-05-20T00:01:54","guid":{"rendered":"https:\/\/www.exploring-umbria.com\/descubre-spoleto\/que-ver-en-spoleto\/cattedrale-di-santa-maria-assunta-duomo-di-spoleto\/"},"modified":"2020-03-30T20:58:54","modified_gmt":"2020-03-30T18:58:54","slug":"catedral-de-spoleto-santa-maria-asunta","status":"publish","type":"page","link":"https:\/\/www.exploring-umbria.com\/es\/descubre-spoleto\/que-ver-en-spoleto\/catedral-de-spoleto-santa-maria-asunta\/","title":{"rendered":"Catedral de Spoleto (Santa Mar\u00eda Asunta)"},"content":{"rendered":"<p><strong>La Catedral de Spoleto<\/strong>, con su maravillosa fachada, es una especie de tel\u00f3n de fondo al final de la Plaza de la Catedral, sobre la que se alza rodeada de muchos otros edificios.<\/p>\n<p>La catedral fue construida en el siglo XII sobre los restos de un edificio religioso anterior dedicado a Santa Mar\u00eda del Obispado, que a su vez se impuso en un lugar de culto m\u00e1s antiguo dedicado al m\u00e1rtir Primiano. La Cripta de San Primiano, a la que se accede a trav\u00e9s de la rector\u00eda, data del siglo IX y es la \u00fanica parte original de la antigua catedral, reconstruida a finales del siglo XII.<\/p>\n<p>La fachada del la<strong>\u00a0Catedral de Spoleto<\/strong> est\u00e1 flanqueada a la izquierda por el imponente campanario cuadrangular y consta de un elegante p\u00f3rtico con cinco arcos de medio punto sostenidos por columnas corintias, obra admirable del maestro <em>Ambrogio Barocci<\/em> de 1492. La parte superior est\u00e1 dividida en dos niveles separados por una cornisa sostenida por arcos ciegos: el inferior est\u00e1 decorado con cinco hermosos rosetones, el central de mayor tama\u00f1o, est\u00e1 rodeado por los s\u00edmbolos de los cuatro evangelistas, el superior tiene tres rosetones y tres hornacinas ojivales, el central, m\u00e1s grande, est\u00e1 decorado con el bello mosaico con Cristo entronizado entre la Virgen y San Juan Evangelista. Los elementos decorativos se realzan a\u00fan m\u00e1s con el uso de bloques de piedra local, blanca y rosa que resaltan los detalles arquitect\u00f3nicos.<\/p>\n<p>En el interior el espacio se divide en tres naves con \u00e1bside central, de planta de cruz latina con transepto. El edificio alberga un gran n\u00famero de obras de arte de artistas de diferentes \u00e9pocas: el busto de bronce de Urbano VIII fue realizado por <a href=\"https:\/\/es.wikipedia.org\/wiki\/Gian_Lorenzo_Bernini\" target=\"_blank\" rel=\"noopener noreferrer\"><em>Gian Lorenzo Bernini<\/em><\/a> en 1640; la cruz pintada con la iconograf\u00eda del Cristo vivo (<em>triumphans<\/em>) es obra de <em>Alberto Sotio<\/em> del a\u00f1o 1187; el ciclo pintado con Historias de la Virgen, que decora el \u00e1bside central, fue pintado al fresco por <a href=\"https:\/\/es.wikipedia.org\/wiki\/Fra_Filippo_Lippi\" target=\"_blank\" rel=\"noopener noreferrer\"><em>Filippo Lippi<\/em><\/a> entre 1467 y 1469.<\/p>\n<p>Por \u00faltimo, dos capillas son absolutamente dignas de menci\u00f3n: la <strong>Capilla de la Sant\u00edsima Icona<\/strong>, en la que se conserva una l\u00e1pida bizantina del siglo XII, que seg\u00fan la tradici\u00f3n fue donada a la ciudad de Spoleto por Federico Barbarossa como signo de paz; y la <strong>Capilla de las Reliquias<\/strong>, en la que se conserva una de las dos \u00fanicas cartas aut\u00f3grafas de San Francisco. Es un peque\u00f1o pergamino rectangular (13\u00d76 cm), de piel de cabra, formado por diecinueve l\u00edneas dirigidas a Fra Leone. La otra carta aut\u00f3grafa es la llamada <em>chartula<\/em>, conservada en la <a href=\"https:\/\/www.exploring-umbria.com\/es\/subcategories\/cosa-fare-e-cosa-vedere-ad-assisi\/#heading3237\" target=\"_blank\" rel=\"noopener noreferrer\">Bas\u00edlica de As\u00eds<\/a>, que seg\u00fan la tradici\u00f3n fue escrita por Francisco en 1224, despu\u00e9s de la estigmatizaci\u00f3n del Monte Alverna.<\/p>\n<p>El interior del edificio, tal y como se nos presenta hoy, es el resultado de una decisiva intervenci\u00f3n del siglo XVII que le confiere un estilo barroco.<\/p>\n","protected":false},"excerpt":{"rendered":"<p>La Catedral de Spoleto, con su maravillosa fachada, es una especie de tel\u00f3n de fondo al final de la Plaza de la Catedral, sobre la que se alza rodeada de muchos otros edificios. La catedral fue construida en el siglo XII sobre los restos de un edificio religioso anterior dedicado a Santa Mar\u00eda del Obispado, [&hellip;]<\/p>\n","protected":false},"author":4,"featured_media":28448,"parent":33213,"menu_order":1,"comment_status":"closed","ping_status":"closed","template":"","meta":{"om_disable_all_campaigns":false,"_monsterinsights_skip_tracking":false,"_monsterinsights_sitenote_active":false,"_monsterinsights_sitenote_note":"","_monsterinsights_sitenote_category":0},"acf":[],"yoast_head":"<!-- This site is optimized with the Yoast SEO plugin v18.4.1 - https:\/\/yoast.com\/wordpress\/plugins\/seo\/ -->\n<title>Catedral de Spoleto (Santa Mar\u00eda Asunta) - Exploring Umbria<\/title>\n<meta name=\"description\" content=\"La Catedral de Spoleto, con su maravillosa fachada, es una especie de tel\u00f3n de fondo al final de la Plaza de la Catedral, sobre la que se alza rodeada de\" \/>\n<meta name=\"robots\" content=\"index, follow, max-snippet:-1, max-image-preview:large, max-video-preview:-1\" \/>\n<link rel=\"canonical\" href=\"https:\/\/www.exploring-umbria.com\/es\/descubre-spoleto\/que-ver-en-spoleto\/catedral-de-spoleto-santa-maria-asunta\/\" \/>\n<meta property=\"og:locale\" content=\"es_ES\" \/>\n<meta property=\"og:type\" content=\"article\" \/>\n<meta property=\"og:title\" content=\"Catedral de Spoleto (Santa Mar\u00eda Asunta) - Exploring Umbria\" \/>\n<meta property=\"og:description\" content=\"La Catedral de Spoleto, con su maravillosa fachada, es una especie de tel\u00f3n de fondo al final de la Plaza de la Catedral, sobre la que se alza rodeada de\" \/>\n<meta property=\"og:url\" content=\"https:\/\/www.exploring-umbria.com\/es\/descubre-spoleto\/que-ver-en-spoleto\/catedral-de-spoleto-santa-maria-asunta\/\" \/>\n<meta property=\"og:site_name\" content=\"Exploring Umbria\" \/>\n<meta property=\"article:publisher\" content=\"https:\/\/www.facebook.com\/exploringumbria\/\" \/>\n<meta property=\"article:modified_time\" content=\"2020-03-30T18:58:54+00:00\" \/>\n<meta property=\"og:image\" content=\"https:\/\/www.exploring-umbria.com\/wp-content\/uploads\/2020\/01\/Duomo-di-Spoleto-1.jpeg\" \/>\n\t<meta property=\"og:image:width\" content=\"1600\" \/>\n\t<meta property=\"og:image:height\" content=\"1200\" \/>\n\t<meta property=\"og:image:type\" content=\"image\/jpeg\" \/>\n<meta name=\"twitter:card\" content=\"summary_large_image\" \/>\n<meta name=\"twitter:label1\" content=\"Tiempo de lectura\" \/>\n\t<meta name=\"twitter:data1\" content=\"2 minutos\" \/>\n<script type=\"application\/ld+json\" class=\"yoast-schema-graph\">{\"@context\":\"https:\/\/schema.org\",\"@graph\":[{\"@type\":\"Organization\",\"@id\":\"https:\/\/www.exploring-umbria.com\/es\/#organization\",\"name\":\"Exploring Umbria\",\"url\":\"https:\/\/www.exploring-umbria.com\/es\/\",\"sameAs\":[\"https:\/\/www.facebook.com\/exploringumbria\/\",\"https:\/\/www.instagram.com\/exploringumbria\/\"],\"logo\":{\"@type\":\"ImageObject\",\"@id\":\"https:\/\/www.exploring-umbria.com\/es\/#logo\",\"inLanguage\":\"es\",\"url\":\"https:\/\/www.exploring-umbria.com\/wp-content\/uploads\/2019\/08\/solo-logo-verde.jpg\",\"contentUrl\":\"https:\/\/www.exploring-umbria.com\/wp-content\/uploads\/2019\/08\/solo-logo-verde.jpg\",\"width\":952,\"height\":532,\"caption\":\"Exploring Umbria\"},\"image\":{\"@id\":\"https:\/\/www.exploring-umbria.com\/es\/#logo\"}},{\"@type\":\"WebSite\",\"@id\":\"https:\/\/www.exploring-umbria.com\/es\/#website\",\"url\":\"https:\/\/www.exploring-umbria.com\/es\/\",\"name\":\"Exploring Umbria\",\"description\":\"your dates, your mood, your trip\",\"publisher\":{\"@id\":\"https:\/\/www.exploring-umbria.com\/es\/#organization\"},\"potentialAction\":[{\"@type\":\"SearchAction\",\"target\":{\"@type\":\"EntryPoint\",\"urlTemplate\":\"https:\/\/www.exploring-umbria.com\/es\/?s={search_term_string}\"},\"query-input\":\"required name=search_term_string\"}],\"inLanguage\":\"es\"},{\"@type\":\"ImageObject\",\"@id\":\"https:\/\/www.exploring-umbria.com\/es\/descubre-spoleto\/que-ver-en-spoleto\/catedral-de-spoleto-santa-maria-asunta\/#primaryimage\",\"inLanguage\":\"es\",\"url\":\"https:\/\/www.exploring-umbria.com\/wp-content\/uploads\/2020\/01\/Duomo-di-Spoleto-1.jpeg\",\"contentUrl\":\"https:\/\/www.exploring-umbria.com\/wp-content\/uploads\/2020\/01\/Duomo-di-Spoleto-1.jpeg\",\"width\":1600,\"height\":1200,\"caption\":\"facciata duomo di Spoleto\"},{\"@type\":\"WebPage\",\"@id\":\"https:\/\/www.exploring-umbria.com\/es\/descubre-spoleto\/que-ver-en-spoleto\/catedral-de-spoleto-santa-maria-asunta\/#webpage\",\"url\":\"https:\/\/www.exploring-umbria.com\/es\/descubre-spoleto\/que-ver-en-spoleto\/catedral-de-spoleto-santa-maria-asunta\/\",\"name\":\"Catedral de Spoleto (Santa Mar\u00eda Asunta) - Exploring Umbria\",\"isPartOf\":{\"@id\":\"https:\/\/www.exploring-umbria.com\/es\/#website\"},\"primaryImageOfPage\":{\"@id\":\"https:\/\/www.exploring-umbria.com\/es\/descubre-spoleto\/que-ver-en-spoleto\/catedral-de-spoleto-santa-maria-asunta\/#primaryimage\"},\"datePublished\":\"2019-05-20T00:01:54+00:00\",\"dateModified\":\"2020-03-30T18:58:54+00:00\",\"description\":\"La Catedral de Spoleto, con su maravillosa fachada, es una especie de tel\u00f3n de fondo al final de la Plaza de la Catedral, sobre la que se alza rodeada de\",\"breadcrumb\":{\"@id\":\"https:\/\/www.exploring-umbria.com\/es\/descubre-spoleto\/que-ver-en-spoleto\/catedral-de-spoleto-santa-maria-asunta\/#breadcrumb\"},\"inLanguage\":\"es\",\"potentialAction\":[{\"@type\":\"ReadAction\",\"target\":[\"https:\/\/www.exploring-umbria.com\/es\/descubre-spoleto\/que-ver-en-spoleto\/catedral-de-spoleto-santa-maria-asunta\/\"]}]},{\"@type\":\"BreadcrumbList\",\"@id\":\"https:\/\/www.exploring-umbria.com\/es\/descubre-spoleto\/que-ver-en-spoleto\/catedral-de-spoleto-santa-maria-asunta\/#breadcrumb\",\"itemListElement\":[{\"@type\":\"ListItem\",\"position\":1,\"name\":\"Home\",\"item\":\"https:\/\/www.exploring-umbria.com\/es\/\"},{\"@type\":\"ListItem\",\"position\":2,\"name\":\"Descubre Spoleto\",\"item\":\"https:\/\/www.exploring-umbria.com\/es\/descubre-spoleto\/\"},{\"@type\":\"ListItem\",\"position\":3,\"name\":\"Qu\u00e9 ver en Spoleto\",\"item\":\"https:\/\/www.exploring-umbria.com\/es\/descubre-spoleto\/que-ver-en-spoleto\/\"},{\"@type\":\"ListItem\",\"position\":4,\"name\":\"Catedral de Spoleto (Santa Mar\u00eda Asunta)\"}]}]}<\/script>\n<!-- \/ Yoast SEO plugin. -->","yoast_head_json":{"title":"Catedral de Spoleto (Santa Mar\u00eda Asunta) - Exploring Umbria","description":"La Catedral de Spoleto, con su maravillosa fachada, es una especie de tel\u00f3n de fondo al final de la Plaza de la Catedral, sobre la que se alza rodeada de","robots":{"index":"index","follow":"follow","max-snippet":"max-snippet:-1","max-image-preview":"max-image-preview:large","max-video-preview":"max-video-preview:-1"},"canonical":"https:\/\/www.exploring-umbria.com\/es\/descubre-spoleto\/que-ver-en-spoleto\/catedral-de-spoleto-santa-maria-asunta\/","og_locale":"es_ES","og_type":"article","og_title":"Catedral de Spoleto (Santa Mar\u00eda Asunta) - Exploring Umbria","og_description":"La Catedral de Spoleto, con su maravillosa fachada, es una especie de tel\u00f3n de fondo al final de la Plaza de la Catedral, sobre la que se alza rodeada de","og_url":"https:\/\/www.exploring-umbria.com\/es\/descubre-spoleto\/que-ver-en-spoleto\/catedral-de-spoleto-santa-maria-asunta\/","og_site_name":"Exploring Umbria","article_publisher":"https:\/\/www.facebook.com\/exploringumbria\/","article_modified_time":"2020-03-30T18:58:54+00:00","og_image":[{"width":1600,"height":1200,"url":"https:\/\/www.exploring-umbria.com\/wp-content\/uploads\/2020\/01\/Duomo-di-Spoleto-1.jpeg","type":"image\/jpeg"}],"twitter_card":"summary_large_image","twitter_misc":{"Tiempo de lectura":"2 minutos"},"schema":{"@context":"https:\/\/schema.org","@graph":[{"@type":"Organization","@id":"https:\/\/www.exploring-umbria.com\/es\/#organization","name":"Exploring Umbria","url":"https:\/\/www.exploring-umbria.com\/es\/","sameAs":["https:\/\/www.facebook.com\/exploringumbria\/","https:\/\/www.instagram.com\/exploringumbria\/"],"logo":{"@type":"ImageObject","@id":"https:\/\/www.exploring-umbria.com\/es\/#logo","inLanguage":"es","url":"https:\/\/www.exploring-umbria.com\/wp-content\/uploads\/2019\/08\/solo-logo-verde.jpg","contentUrl":"https:\/\/www.exploring-umbria.com\/wp-content\/uploads\/2019\/08\/solo-logo-verde.jpg","width":952,"height":532,"caption":"Exploring Umbria"},"image":{"@id":"https:\/\/www.exploring-umbria.com\/es\/#logo"}},{"@type":"WebSite","@id":"https:\/\/www.exploring-umbria.com\/es\/#website","url":"https:\/\/www.exploring-umbria.com\/es\/","name":"Exploring Umbria","description":"your dates, your mood, your trip","publisher":{"@id":"https:\/\/www.exploring-umbria.com\/es\/#organization"},"potentialAction":[{"@type":"SearchAction","target":{"@type":"EntryPoint","urlTemplate":"https:\/\/www.exploring-umbria.com\/es\/?s={search_term_string}"},"query-input":"required name=search_term_string"}],"inLanguage":"es"},{"@type":"ImageObject","@id":"https:\/\/www.exploring-umbria.com\/es\/descubre-spoleto\/que-ver-en-spoleto\/catedral-de-spoleto-santa-maria-asunta\/#primaryimage","inLanguage":"es","url":"https:\/\/www.exploring-umbria.com\/wp-content\/uploads\/2020\/01\/Duomo-di-Spoleto-1.jpeg","contentUrl":"https:\/\/www.exploring-umbria.com\/wp-content\/uploads\/2020\/01\/Duomo-di-Spoleto-1.jpeg","width":1600,"height":1200,"caption":"facciata duomo di Spoleto"},{"@type":"WebPage","@id":"https:\/\/www.exploring-umbria.com\/es\/descubre-spoleto\/que-ver-en-spoleto\/catedral-de-spoleto-santa-maria-asunta\/#webpage","url":"https:\/\/www.exploring-umbria.com\/es\/descubre-spoleto\/que-ver-en-spoleto\/catedral-de-spoleto-santa-maria-asunta\/","name":"Catedral de Spoleto (Santa Mar\u00eda Asunta) - Exploring Umbria","isPartOf":{"@id":"https:\/\/www.exploring-umbria.com\/es\/#website"},"primaryImageOfPage":{"@id":"https:\/\/www.exploring-umbria.com\/es\/descubre-spoleto\/que-ver-en-spoleto\/catedral-de-spoleto-santa-maria-asunta\/#primaryimage"},"datePublished":"2019-05-20T00:01:54+00:00","dateModified":"2020-03-30T18:58:54+00:00","description":"La Catedral de Spoleto, con su maravillosa fachada, es una especie de tel\u00f3n de fondo al final de la Plaza de la Catedral, sobre la que se alza rodeada de","breadcrumb":{"@id":"https:\/\/www.exploring-umbria.com\/es\/descubre-spoleto\/que-ver-en-spoleto\/catedral-de-spoleto-santa-maria-asunta\/#breadcrumb"},"inLanguage":"es","potentialAction":[{"@type":"ReadAction","target":["https:\/\/www.exploring-umbria.com\/es\/descubre-spoleto\/que-ver-en-spoleto\/catedral-de-spoleto-santa-maria-asunta\/"]}]},{"@type":"BreadcrumbList","@id":"https:\/\/www.exploring-umbria.com\/es\/descubre-spoleto\/que-ver-en-spoleto\/catedral-de-spoleto-santa-maria-asunta\/#breadcrumb","itemListElement":[{"@type":"ListItem","position":1,"name":"Home","item":"https:\/\/www.exploring-umbria.com\/es\/"},{"@type":"ListItem","position":2,"name":"Descubre Spoleto","item":"https:\/\/www.exploring-umbria.com\/es\/descubre-spoleto\/"},{"@type":"ListItem","position":3,"name":"Qu\u00e9 ver en Spoleto","item":"https:\/\/www.exploring-umbria.com\/es\/descubre-spoleto\/que-ver-en-spoleto\/"},{"@type":"ListItem","position":4,"name":"Catedral de Spoleto (Santa Mar\u00eda Asunta)"}]}]}},"_links":{"self":[{"href":"https:\/\/www.exploring-umbria.com\/es\/wp-json\/wp\/v2\/pages\/33227"}],"collection":[{"href":"https:\/\/www.exploring-umbria.com\/es\/wp-json\/wp\/v2\/pages"}],"about":[{"href":"https:\/\/www.exploring-umbria.com\/es\/wp-json\/wp\/v2\/types\/page"}],"author":[{"embeddable":true,"href":"https:\/\/www.exploring-umbria.com\/es\/wp-json\/wp\/v2\/users\/4"}],"replies":[{"embeddable":true,"href":"https:\/\/www.exploring-umbria.com\/es\/wp-json\/wp\/v2\/comments?post=33227"}],"version-history":[{"count":2,"href":"https:\/\/www.exploring-umbria.com\/es\/wp-json\/wp\/v2\/pages\/33227\/revisions"}],"predecessor-version":[{"id":33230,"href":"https:\/\/www.exploring-umbria.com\/es\/wp-json\/wp\/v2\/pages\/33227\/revisions\/33230"}],"up":[{"embeddable":true,"href":"https:\/\/www.exploring-umbria.com\/es\/wp-json\/wp\/v2\/pages\/33213"}],"wp:featuredmedia":[{"embeddable":true,"href":"https:\/\/www.exploring-umbria.com\/es\/wp-json\/wp\/v2\/media\/28448"}],"wp:attachment":[{"href":"https:\/\/www.exploring-umbria.com\/es\/wp-json\/wp\/v2\/media?parent=33227"}],"curies":[{"name":"wp","href":"https:\/\/api.w.org\/{rel}","templated":true}]}}