{"id":33219,"date":"2019-05-20T01:29:50","date_gmt":"2019-05-19T23:29:50","guid":{"rendered":"https:\/\/www.exploring-umbria.com\/descubre-spoleto\/la-storia-di-spoleto\/"},"modified":"2020-03-30T20:40:38","modified_gmt":"2020-03-30T18:40:38","slug":"la-historia-de-spoleto","status":"publish","type":"page","link":"https:\/\/www.exploring-umbria.com\/es\/descubre-spoleto\/la-historia-de-spoleto\/","title":{"rendered":"La historia de Spoleto"},"content":{"rendered":"<p><b>LA HISTORIA DE SPOLETO <\/b><strong>DE LOS OR\u00cdGENES A LA EDAD MEDIA: EL DUCADO LOMBARDO<\/strong><\/p>\n<p>Debido a su favorable posici\u00f3n en la cima de la colina de S. El\u00edas y al pie del Monte Luco que la proteg\u00eda, la zona de Spoleto ha sido habitada desde tiempos muy antiguos. Los restos de algunas casas y partes de edificios megal\u00edticos que formaban una muralla primitiva, m\u00e1s conocida como Muros Cicl\u00f3picos, datan de la Edad del Bronce, cuando la zona fue ocupada por los <a href=\"https:\/\/es.wikipedia.org\/wiki\/Umbros\" target=\"_blank\" rel=\"noopener noreferrer\">umbros<\/a>.<\/p>\n<p>Spoleto pronto interes\u00f3 a los romanos que comenzaron a extender su dominio sobre la ciudad desde el a\u00f1o 241 a.C. convirti\u00e9ndola en una colonia. Algunas d\u00e9cadas m\u00e1s tarde, con la construcci\u00f3n de la V\u00eda Flaminia que cruzaba la ciudad de lado a lado (entrabas por la Puerta Monterone al sur y sal\u00edas por la Puerta Fuga al norte), la importancia de la ciudad creci\u00f3 a\u00fan m\u00e1s. Con motivo de la segunda guerra p\u00fanica, el pueblo de Spoleto se distingui\u00f3 por el valor con el que detuvo el avance de An\u00edbal hacia Roma, hasta el punto de obtener, en el a\u00f1o 90 a.C., el prestigioso t\u00edtulo de <em>municipium.<\/em> Durante todo el per\u00edodo del Imperio, <em>Spoletium<\/em> goz\u00f3 de gran fama y riqueza, como demuestran los numerosos restos romanos que a\u00fan se conservan en la ciudad. Y esta condici\u00f3n de privilegio y fuerte hegemon\u00eda no debe haber fracasado ni siquiera con la ca\u00edda de los romanos y la llegada de los b\u00e1rbaros.<\/p>\n<p>Los primeros en ocupar <a href=\"https:\/\/www.exploring-umbria.com\/es\/actividades\/guided-tour-of-spoleto\/\" target=\"_blank\" rel=\"noopener noreferrer\">Spoleto<\/a> fueron los godos de Teodorico el Grande, que lo tomaron en 493. Algunas d\u00e9cadas m\u00e1s tarde, el emperador bizantino Justiniano, en un intento de recuperar los territorios que ya pertenec\u00edan al Imperio Romano de Occidente, envi\u00f3 a Italia al general Belisario, quien arrebat\u00f3 la ciudad a los godos en 537 pero la perdi\u00f3 de nuevo en 545. Despu\u00e9s de derrotar a los bizantinos, el rey Totila estableci\u00f3 su cuartel general en Spoleto y logr\u00f3 mantener el control hasta 552 cuando fue derrotado finalmente por otro general bizantino, Nars\u00e9s.<\/p>\n<p>Ya en el siglo IV, Spoleto se convirti\u00f3 en sede episcopal desarrollando una fuerte jerarqu\u00eda eclesi\u00e1stica debido a su posici\u00f3n en la frontera con el Estado Pontificio, que siempre fue una gran fuerza.<\/p>\n<p>Tras la llegada de los lombardos a Italia, Faroaldo instituy\u00f3 el <strong>Ducado de Spoleto<\/strong>, que junto con el de Benevento constituy\u00f3 la <em>Langobardia Menor<\/em>. Un territorio muy vasto que llegaba hasta Calabria y del que los lombardos ten\u00edan pleno control. Aunque bajo la jurisdicci\u00f3n de los lombardos, Spoleto y sus duques pudieron preservar una cierta autonom\u00eda gracias a la proximidad del Estado Pontificio. La situaci\u00f3n cambi\u00f3 en parte a partir de 729, cuando la ciudad pas\u00f3 a estar bajo el control del rey Liutprando.<\/p>\n<p>El Ducado de Spoleto cay\u00f3 en 774, cuando los lombardos fueron duramente derrotados por los francos, los aliados del Papa y los territorios del Ducado fueron incorporados primero al Imperio carolingio y luego al Sacro Imperio Romano.<\/p>\n<p><strong> <b>LA HISTORIA DE SPOLETO DURANTE <\/b><\/strong><strong>LA EDAD COMUNAL Y EL RENACIMIENTO<\/strong><\/p>\n<p>A pesar de la anexi\u00f3n al Sacro Imperio Romano, el dominio de francos y carolingios no fue particularmente gravoso para Espoleto, que continu\u00f3 disfrutando del poder y la autonom\u00eda hasta que el duro ataque de Federico Barbarroja, que lleg\u00f3 a Italia para ser coronado emperador por el Papa en 1155, quem\u00f3 la ciudad destruy\u00e9ndola en gran parte.<\/p>\n<p>Durante mucho tiempo el control de la ciudad y su territorio fue objeto de disputas y enfrentamientos entre el Imperio y el Papado, hasta la anexi\u00f3n final de Spoleto alEstado Pontificio, en 1198.<\/p>\n<p>Al mismo tiempo, la ciudad se constituy\u00f3 aut\u00f3nomamente como un municipio libre. El nacimiento de las \u00f3rdenes mendicantes (benedictinos, franciscanos, dominicos, agustinos) y su difusi\u00f3n en el monte Luco, contribuyeron al crecimiento exponencial de los edificios religiosos en el centro hist\u00f3rico y al embellecimiento y enriquecimiento arquitect\u00f3nico de la ciudad. La intervenci\u00f3n del cardenal Albornoz en el siglo XIV con la construcci\u00f3n de la fortaleza dio m\u00e1s importancia a Espoleto, que se convirti\u00f3 en uno de los puestos de avanzada del Papa durante el per\u00edodo de cautiverio de Avi\u00f1\u00f3n y ayud\u00f3 a atraer a artistas y visitantes de toda Europa, como <em>Filippo Lippi<\/em> y <em>Antonio de Sangallo el Joven<\/em>, que hicieron de la ciudad un pr\u00f3spero centro cultural hasta el siglo XVII.<\/p>\n<p><strong><b>LA HISTORIA DE SPOLETO DURANTE <\/b>EDAD MODERNA<\/strong><\/p>\n<p>Entre eventos alternos y preservando siempre su autonom\u00eda e independencia, Spoleto permaneci\u00f3 formalmente bajo el control papal hasta el breve par\u00e9ntesis del Reino Napole\u00f3nico. De hecho, entre 1808 y 1815, la ciudad fue proclamada capital del departamento de Trasimeno (de Rieti a Perugia) a instancias de las tropas francesas. Derrot\u00f3 a los invasores de m\u00e1s all\u00e1 de los Alpes, pero la Iglesia recuper\u00f3 la ciudad y la domnin\u00f3 hasta 1860, a\u00f1o de la anexi\u00f3n de Spoleto al naciente Estado italiano.<\/p>\n<p>En la segunda posguerra, la ciudad experiment\u00f3 un per\u00edodo de profunda crisis econ\u00f3mica relacionada con la ca\u00edda del empleo en el sector agr\u00edcola y en las minas de lignito, lo que provoc\u00f3 una fuerte presi\u00f3n migratoria.<\/p>\n<p>El per\u00edodo de dificultad, sin embargo, sent\u00f3 las bases para el renacimiento en clave moderna con el establecimiento de eventos, eventos y autoridades locales que son ahora la atracci\u00f3n tur\u00edstica de Spoleto y tambi\u00e9n su sangre e identidad: en 1947 se fund\u00f3 la Casa Experimental de la \u00d3pera, en 1952 naci\u00f3 el Centro Italiano de Estudios sobre la Baja Edad Media, en 1958 se celebr\u00f3 la primera edici\u00f3n del Festival de Dos Mundos, llegando a la famosa Exposici\u00f3n de Esculturas en Spoleto en la edici\u00f3n de 1962, que sigue siendo un evento cultural \u00fanico en Italia.<\/p>\n","protected":false},"excerpt":{"rendered":"<p>LA HISTORIA DE SPOLETO DE LOS OR\u00cdGENES A LA EDAD MEDIA: EL DUCADO LOMBARDO Debido a su favorable posici\u00f3n en la cima de la colina de S. El\u00edas y al pie del Monte Luco que la proteg\u00eda, la zona de Spoleto ha sido habitada desde tiempos muy antiguos. Los restos de algunas casas y partes [&hellip;]<\/p>\n","protected":false},"author":4,"featured_media":25009,"parent":33201,"menu_order":0,"comment_status":"closed","ping_status":"closed","template":"","meta":{"om_disable_all_campaigns":false,"_monsterinsights_skip_tracking":false,"_monsterinsights_sitenote_active":false,"_monsterinsights_sitenote_note":"","_monsterinsights_sitenote_category":0},"acf":[],"yoast_head":"<!-- This site is optimized with the Yoast SEO plugin v18.4.1 - https:\/\/yoast.com\/wordpress\/plugins\/seo\/ -->\n<title>La historia de Spoleto - Exploring Umbria<\/title>\n<meta name=\"description\" content=\"LA HISTORIA DE SPOLETO DE LOS OR\u00cdGENES A LA EDAD MEDIA: EL DUCADO LOMBARDO Debido a su favorable posici\u00f3n en la cima de la colina de S. El\u00edas y al pie del\" \/>\n<meta name=\"robots\" content=\"index, follow, max-snippet:-1, max-image-preview:large, max-video-preview:-1\" \/>\n<link rel=\"canonical\" href=\"https:\/\/www.exploring-umbria.com\/es\/descubre-spoleto\/la-historia-de-spoleto\/\" \/>\n<meta property=\"og:locale\" content=\"es_ES\" \/>\n<meta property=\"og:type\" content=\"article\" \/>\n<meta property=\"og:title\" content=\"La historia de Spoleto - Exploring Umbria\" \/>\n<meta property=\"og:description\" content=\"LA HISTORIA DE SPOLETO DE LOS OR\u00cdGENES A LA EDAD MEDIA: EL DUCADO LOMBARDO Debido a su favorable posici\u00f3n en la cima de la colina de S. El\u00edas y al pie del\" \/>\n<meta property=\"og:url\" content=\"https:\/\/www.exploring-umbria.com\/es\/descubre-spoleto\/la-historia-de-spoleto\/\" \/>\n<meta property=\"og:site_name\" content=\"Exploring Umbria\" \/>\n<meta property=\"article:publisher\" content=\"https:\/\/www.facebook.com\/exploringumbria\/\" \/>\n<meta property=\"article:modified_time\" content=\"2020-03-30T18:40:38+00:00\" \/>\n<meta property=\"og:image\" content=\"https:\/\/www.exploring-umbria.com\/wp-content\/uploads\/2019\/03\/duomo-interno.jpeg\" \/>\n\t<meta property=\"og:image:width\" content=\"1600\" \/>\n\t<meta property=\"og:image:height\" content=\"1200\" \/>\n\t<meta property=\"og:image:type\" content=\"image\/jpeg\" \/>\n<meta name=\"twitter:card\" content=\"summary_large_image\" \/>\n<meta name=\"twitter:label1\" content=\"Tiempo de lectura\" \/>\n\t<meta name=\"twitter:data1\" content=\"5 minutos\" \/>\n<script type=\"application\/ld+json\" class=\"yoast-schema-graph\">{\"@context\":\"https:\/\/schema.org\",\"@graph\":[{\"@type\":\"Organization\",\"@id\":\"https:\/\/www.exploring-umbria.com\/es\/#organization\",\"name\":\"Exploring Umbria\",\"url\":\"https:\/\/www.exploring-umbria.com\/es\/\",\"sameAs\":[\"https:\/\/www.facebook.com\/exploringumbria\/\",\"https:\/\/www.instagram.com\/exploringumbria\/\"],\"logo\":{\"@type\":\"ImageObject\",\"@id\":\"https:\/\/www.exploring-umbria.com\/es\/#logo\",\"inLanguage\":\"es\",\"url\":\"https:\/\/www.exploring-umbria.com\/wp-content\/uploads\/2019\/08\/solo-logo-verde.jpg\",\"contentUrl\":\"https:\/\/www.exploring-umbria.com\/wp-content\/uploads\/2019\/08\/solo-logo-verde.jpg\",\"width\":952,\"height\":532,\"caption\":\"Exploring Umbria\"},\"image\":{\"@id\":\"https:\/\/www.exploring-umbria.com\/es\/#logo\"}},{\"@type\":\"WebSite\",\"@id\":\"https:\/\/www.exploring-umbria.com\/es\/#website\",\"url\":\"https:\/\/www.exploring-umbria.com\/es\/\",\"name\":\"Exploring Umbria\",\"description\":\"your dates, your mood, your trip\",\"publisher\":{\"@id\":\"https:\/\/www.exploring-umbria.com\/es\/#organization\"},\"potentialAction\":[{\"@type\":\"SearchAction\",\"target\":{\"@type\":\"EntryPoint\",\"urlTemplate\":\"https:\/\/www.exploring-umbria.com\/es\/?s={search_term_string}\"},\"query-input\":\"required name=search_term_string\"}],\"inLanguage\":\"es\"},{\"@type\":\"ImageObject\",\"@id\":\"https:\/\/www.exploring-umbria.com\/es\/descubre-spoleto\/la-historia-de-spoleto\/#primaryimage\",\"inLanguage\":\"es\",\"url\":\"https:\/\/www.exploring-umbria.com\/wp-content\/uploads\/2019\/03\/duomo-interno.jpeg\",\"contentUrl\":\"https:\/\/www.exploring-umbria.com\/wp-content\/uploads\/2019\/03\/duomo-interno.jpeg\",\"width\":1600,\"height\":1200,\"caption\":\"la storia di spoleto\"},{\"@type\":\"WebPage\",\"@id\":\"https:\/\/www.exploring-umbria.com\/es\/descubre-spoleto\/la-historia-de-spoleto\/#webpage\",\"url\":\"https:\/\/www.exploring-umbria.com\/es\/descubre-spoleto\/la-historia-de-spoleto\/\",\"name\":\"La historia de Spoleto - Exploring Umbria\",\"isPartOf\":{\"@id\":\"https:\/\/www.exploring-umbria.com\/es\/#website\"},\"primaryImageOfPage\":{\"@id\":\"https:\/\/www.exploring-umbria.com\/es\/descubre-spoleto\/la-historia-de-spoleto\/#primaryimage\"},\"datePublished\":\"2019-05-19T23:29:50+00:00\",\"dateModified\":\"2020-03-30T18:40:38+00:00\",\"description\":\"LA HISTORIA DE SPOLETO DE LOS OR\u00cdGENES A LA EDAD MEDIA: EL DUCADO LOMBARDO Debido a su favorable posici\u00f3n en la cima de la colina de S. El\u00edas y al pie del\",\"breadcrumb\":{\"@id\":\"https:\/\/www.exploring-umbria.com\/es\/descubre-spoleto\/la-historia-de-spoleto\/#breadcrumb\"},\"inLanguage\":\"es\",\"potentialAction\":[{\"@type\":\"ReadAction\",\"target\":[\"https:\/\/www.exploring-umbria.com\/es\/descubre-spoleto\/la-historia-de-spoleto\/\"]}]},{\"@type\":\"BreadcrumbList\",\"@id\":\"https:\/\/www.exploring-umbria.com\/es\/descubre-spoleto\/la-historia-de-spoleto\/#breadcrumb\",\"itemListElement\":[{\"@type\":\"ListItem\",\"position\":1,\"name\":\"Home\",\"item\":\"https:\/\/www.exploring-umbria.com\/es\/\"},{\"@type\":\"ListItem\",\"position\":2,\"name\":\"Descubre Spoleto\",\"item\":\"https:\/\/www.exploring-umbria.com\/es\/descubre-spoleto\/\"},{\"@type\":\"ListItem\",\"position\":3,\"name\":\"La historia de Spoleto\"}]}]}<\/script>\n<!-- \/ Yoast SEO plugin. -->","yoast_head_json":{"title":"La historia de Spoleto - Exploring Umbria","description":"LA HISTORIA DE SPOLETO DE LOS OR\u00cdGENES A LA EDAD MEDIA: EL DUCADO LOMBARDO Debido a su favorable posici\u00f3n en la cima de la colina de S. El\u00edas y al pie del","robots":{"index":"index","follow":"follow","max-snippet":"max-snippet:-1","max-image-preview":"max-image-preview:large","max-video-preview":"max-video-preview:-1"},"canonical":"https:\/\/www.exploring-umbria.com\/es\/descubre-spoleto\/la-historia-de-spoleto\/","og_locale":"es_ES","og_type":"article","og_title":"La historia de Spoleto - Exploring Umbria","og_description":"LA HISTORIA DE SPOLETO DE LOS OR\u00cdGENES A LA EDAD MEDIA: EL DUCADO LOMBARDO Debido a su favorable posici\u00f3n en la cima de la colina de S. El\u00edas y al pie del","og_url":"https:\/\/www.exploring-umbria.com\/es\/descubre-spoleto\/la-historia-de-spoleto\/","og_site_name":"Exploring Umbria","article_publisher":"https:\/\/www.facebook.com\/exploringumbria\/","article_modified_time":"2020-03-30T18:40:38+00:00","og_image":[{"width":1600,"height":1200,"url":"https:\/\/www.exploring-umbria.com\/wp-content\/uploads\/2019\/03\/duomo-interno.jpeg","type":"image\/jpeg"}],"twitter_card":"summary_large_image","twitter_misc":{"Tiempo de lectura":"5 minutos"},"schema":{"@context":"https:\/\/schema.org","@graph":[{"@type":"Organization","@id":"https:\/\/www.exploring-umbria.com\/es\/#organization","name":"Exploring Umbria","url":"https:\/\/www.exploring-umbria.com\/es\/","sameAs":["https:\/\/www.facebook.com\/exploringumbria\/","https:\/\/www.instagram.com\/exploringumbria\/"],"logo":{"@type":"ImageObject","@id":"https:\/\/www.exploring-umbria.com\/es\/#logo","inLanguage":"es","url":"https:\/\/www.exploring-umbria.com\/wp-content\/uploads\/2019\/08\/solo-logo-verde.jpg","contentUrl":"https:\/\/www.exploring-umbria.com\/wp-content\/uploads\/2019\/08\/solo-logo-verde.jpg","width":952,"height":532,"caption":"Exploring Umbria"},"image":{"@id":"https:\/\/www.exploring-umbria.com\/es\/#logo"}},{"@type":"WebSite","@id":"https:\/\/www.exploring-umbria.com\/es\/#website","url":"https:\/\/www.exploring-umbria.com\/es\/","name":"Exploring Umbria","description":"your dates, your mood, your trip","publisher":{"@id":"https:\/\/www.exploring-umbria.com\/es\/#organization"},"potentialAction":[{"@type":"SearchAction","target":{"@type":"EntryPoint","urlTemplate":"https:\/\/www.exploring-umbria.com\/es\/?s={search_term_string}"},"query-input":"required name=search_term_string"}],"inLanguage":"es"},{"@type":"ImageObject","@id":"https:\/\/www.exploring-umbria.com\/es\/descubre-spoleto\/la-historia-de-spoleto\/#primaryimage","inLanguage":"es","url":"https:\/\/www.exploring-umbria.com\/wp-content\/uploads\/2019\/03\/duomo-interno.jpeg","contentUrl":"https:\/\/www.exploring-umbria.com\/wp-content\/uploads\/2019\/03\/duomo-interno.jpeg","width":1600,"height":1200,"caption":"la storia di spoleto"},{"@type":"WebPage","@id":"https:\/\/www.exploring-umbria.com\/es\/descubre-spoleto\/la-historia-de-spoleto\/#webpage","url":"https:\/\/www.exploring-umbria.com\/es\/descubre-spoleto\/la-historia-de-spoleto\/","name":"La historia de Spoleto - Exploring Umbria","isPartOf":{"@id":"https:\/\/www.exploring-umbria.com\/es\/#website"},"primaryImageOfPage":{"@id":"https:\/\/www.exploring-umbria.com\/es\/descubre-spoleto\/la-historia-de-spoleto\/#primaryimage"},"datePublished":"2019-05-19T23:29:50+00:00","dateModified":"2020-03-30T18:40:38+00:00","description":"LA HISTORIA DE SPOLETO DE LOS OR\u00cdGENES A LA EDAD MEDIA: EL DUCADO LOMBARDO Debido a su favorable posici\u00f3n en la cima de la colina de S. El\u00edas y al pie del","breadcrumb":{"@id":"https:\/\/www.exploring-umbria.com\/es\/descubre-spoleto\/la-historia-de-spoleto\/#breadcrumb"},"inLanguage":"es","potentialAction":[{"@type":"ReadAction","target":["https:\/\/www.exploring-umbria.com\/es\/descubre-spoleto\/la-historia-de-spoleto\/"]}]},{"@type":"BreadcrumbList","@id":"https:\/\/www.exploring-umbria.com\/es\/descubre-spoleto\/la-historia-de-spoleto\/#breadcrumb","itemListElement":[{"@type":"ListItem","position":1,"name":"Home","item":"https:\/\/www.exploring-umbria.com\/es\/"},{"@type":"ListItem","position":2,"name":"Descubre Spoleto","item":"https:\/\/www.exploring-umbria.com\/es\/descubre-spoleto\/"},{"@type":"ListItem","position":3,"name":"La historia de Spoleto"}]}]}},"_links":{"self":[{"href":"https:\/\/www.exploring-umbria.com\/es\/wp-json\/wp\/v2\/pages\/33219"}],"collection":[{"href":"https:\/\/www.exploring-umbria.com\/es\/wp-json\/wp\/v2\/pages"}],"about":[{"href":"https:\/\/www.exploring-umbria.com\/es\/wp-json\/wp\/v2\/types\/page"}],"author":[{"embeddable":true,"href":"https:\/\/www.exploring-umbria.com\/es\/wp-json\/wp\/v2\/users\/4"}],"replies":[{"embeddable":true,"href":"https:\/\/www.exploring-umbria.com\/es\/wp-json\/wp\/v2\/comments?post=33219"}],"version-history":[{"count":2,"href":"https:\/\/www.exploring-umbria.com\/es\/wp-json\/wp\/v2\/pages\/33219\/revisions"}],"predecessor-version":[{"id":33221,"href":"https:\/\/www.exploring-umbria.com\/es\/wp-json\/wp\/v2\/pages\/33219\/revisions\/33221"}],"up":[{"embeddable":true,"href":"https:\/\/www.exploring-umbria.com\/es\/wp-json\/wp\/v2\/pages\/33201"}],"wp:featuredmedia":[{"embeddable":true,"href":"https:\/\/www.exploring-umbria.com\/es\/wp-json\/wp\/v2\/media\/25009"}],"wp:attachment":[{"href":"https:\/\/www.exploring-umbria.com\/es\/wp-json\/wp\/v2\/media?parent=33219"}],"curies":[{"name":"wp","href":"https:\/\/api.w.org\/{rel}","templated":true}]}}