{"id":33213,"date":"2019-05-20T01:15:57","date_gmt":"2019-05-19T23:15:57","guid":{"rendered":"https:\/\/www.exploring-umbria.com\/descubre-spoleto\/cosa-vedere-a-spoleto\/"},"modified":"2020-04-01T14:11:15","modified_gmt":"2020-04-01T12:11:15","slug":"que-ver-en-spoleto","status":"publish","type":"page","link":"https:\/\/www.exploring-umbria.com\/es\/descubre-spoleto\/que-ver-en-spoleto\/","title":{"rendered":"Qu\u00e9 ver en Spoleto"},"content":{"rendered":"<p><strong>Descubre qu\u00e9 ver en Spoleto, la ciudad del Ducado.<\/strong><\/p>\n<p><!--more--><\/p>\n<p>Si te gusta la historia antigua, romana y medieval tard\u00eda, si aprecias las formas y decoraciones de la arquitectura religiosa, si te conmueve la naturaleza y la escultura y si, por casualidad, tambi\u00e9n has seguido el drama televisivo de Don Matteo con Terence Hill como protagonista, una visita a la ciudad de Spoleto te sorprender\u00e1. La novena temporada de la serie fue rodada \u00edntegramente en las calles de la ciudad, en los lugares m\u00e1s bellos del casco antiguo y sus alrededores, desde la Catedral hasta la Fortaleza de Albornoz.<\/p>\n<p>Atravesando el <a href=\"https:\/\/www.exploring-umbria.com\/es\/actividades\/guided-tour-of-spoleto\/\" target=\"_blank\" rel=\"noopener noreferrer\">centro de la ciudad<\/a> desde el sur se encuentra el \u00e1rea arqueol\u00f3gica de la ciudad. La zona en la que a pocos metros de distancia se conservan una larga serie de monumentos de la \u00e9poca romana es prueba de la importancia que Spoleto tuvo que jugar en la \u00e9poca delimperio: <strong>el Arco de Druso y Germ\u00e1nico<\/strong>, el <strong>Teatro Romano<\/strong>, la Casa Romana (talvez la casa de la madre del emperador Vespasiano, Polla), la <strong>Iglesia de San Ansano con la cripta de San Isaac<\/strong>(construida con materiales reciclados de un templo romano anterior y de laiglesia cristiana primitiva) y, finalmente, el <strong>complejo dedicado a Santa \u00c1gata<\/strong>, que ahora alberga el <strong>Museo Arqueol\u00f3gico Nacional. <\/strong>Continuando el ascenso por el lado este de la ciudad, antes de llegar al coraz\u00f3n de Spoleto, te encontrar\u00e1s con la <strong>Iglesia de Santa Eufemia<\/strong> en el interior del patio arzobispal, el <strong>Palacio Comunal<\/strong> del siglo XIV, el elegante <strong>Palacio Mauri<\/strong>, hoy sede de la <strong>Biblioteca Municipal<\/strong>, y una serie de edificios religiosos con caracter\u00edsticas arquitect\u00f3nicas especiales en los que se conservan obras de arte de maestros locales y extranjeros, todos ellos gravitando en torno a la Plaza de la Catedral: la <strong>Iglesia de San Felipe Neri, <\/strong>la <strong>Iglesia de Santo Domingo<\/strong>, la <strong>Iglesia de San Juan y San Pablo<\/strong> y la <strong>Iglesia de Santa Mar\u00eda del Man\u00e1 de Oro<\/strong>.<\/p>\n<p>Una vez llegados a la parte oriental del centro hist\u00f3rico, te encontrar\u00e1 en el coraz\u00f3n palpitante de la ciudad, con la Plaza de la Catedral, donde se encuentran el elegante p\u00f3rtico, el mosaico de Cristo y los rosetones decorativos de la fachada de la Catedral rom\u00e1nica dedicada a<strong> S. Mar\u00eda Asunta<\/strong>. T\u00f3mate el debido tiempo y contin\u00faa hacia el norte para descubrir qu\u00e9 ver en el casco antiguo y sus monumentos antes de adentrarte en las maravillas que la Spoleto tiene para ofrecer m\u00e1s all\u00e1 de las bien conservadas murallas de la ciudad.<\/p>\n<p>La zona norte de la ciudad alberga los restos del <strong>Anfiteatro Romano<\/strong>, el <strong>Convento de San Nicol\u00e1s<\/strong>, donde tambi\u00e9n vivi\u00f3 Mart\u00edn Lutero en 1512, la legendaria y pintoresca <strong>Torre del Aceite<\/strong>, desde la que se lanz\u00f3 aceite caliente sobre los invasores enemigos, el <strong>Puente Sanguinario<\/strong>, conservado s\u00f3lo en parte y cuyo nombre se debe quiz\u00e1s a la sangre derramada all\u00ed por los m\u00e1rtires cristianos, y, por \u00faltimo, la interesante <strong>Bas\u00edlica de San Gregorio Mayor<\/strong>.<\/p>\n<p>M\u00e1s all\u00e1 de sus murallas, Spoleto a\u00fan conserva muchos tesoros por descubrir, especialmente la magn\u00edfica <strong>Bas\u00edlica de San Salvador<\/strong>, reconocida desde 2011 como Patrimonio de la Humanidad por la UNESCO como parte de la serie \u00abLos Lombardos en Italia. Los Lugares de Poder (568-774 d.C.)\u00bb. No hay que perderse la visita al espectacular Puente de las Torres que, con su majestuoso y elegante perfil, caracteriza de manera \u00fanica a la ciudad de Umbr\u00eda y conectael cerro de San El\u00edas al Monteluco. Te sorprender\u00e1 la grandeza de la Fortaleza de Albornoz, la guarnici\u00f3n defensiva construida en la cima de la colina de San El\u00edas que con el tiempo se convirti\u00f3 en la sede de los papas y gobernantes y que ahora alberga el <a href=\"https:\/\/it.wikipedia.org\/wiki\/Museo_nazionale_del_Ducato_di_Spoleto\" target=\"_blank\" rel=\"noopener noreferrer\"><strong>Museo Nacional<\/strong> <strong>del<\/strong> <strong>Ducado<\/strong> <strong>de<\/strong> <strong>Spoleto<\/strong><\/a>.<\/p>\n<p>Caminando m\u00e1s all\u00e1 de las puertas de la ciudad, desde el lado sur, tendr\u00e1s la oportunidad de visitar tres interesantes lugares de culto: la <strong>Iglesia de San Pablo Inter Vineas<\/strong>, el <strong>Santuario de Nuestra Se\u00f1ora de Loreto <\/strong>y, absolutamente imperdible, la <strong>Iglesia de San Pedro extra moenia<\/strong>. Esta \u00faltima, de hecho, est\u00e1 considerada como una de las iglesias m\u00e1s bellas e interesantes de toda Umbr\u00eda, con la decoraci\u00f3n escult\u00f3rica de su fachada que la caracteriza particularmente. Una mara\u00f1a muy agradable de contenidos religiosos y fabulosas alegor\u00edas medievales, contadas a trav\u00e9s de relieves decorativos de extraordinaria belleza.<\/p>\n","protected":false},"excerpt":{"rendered":"<p>Descubre qu\u00e9 ver en Spoleto, la ciudad del Ducado.<\/p>\n","protected":false},"author":4,"featured_media":5158,"parent":33201,"menu_order":0,"comment_status":"closed","ping_status":"closed","template":"","meta":{"om_disable_all_campaigns":false,"_monsterinsights_skip_tracking":false,"_monsterinsights_sitenote_active":false,"_monsterinsights_sitenote_note":"","_monsterinsights_sitenote_category":0},"acf":[],"yoast_head":"<!-- This site is optimized with the Yoast SEO plugin v18.4.1 - https:\/\/yoast.com\/wordpress\/plugins\/seo\/ -->\n<title>Qu\u00e9 ver en Spoleto - Exploring Umbria<\/title>\n<meta name=\"description\" content=\"Descubre qu\u00e9 ver en Spoleto, la ciudad del Ducado. Si te gusta la historia antigua, romana y medieval tard\u00eda, si aprecias las formas y decoraciones de la\" \/>\n<meta name=\"robots\" content=\"index, follow, max-snippet:-1, max-image-preview:large, max-video-preview:-1\" \/>\n<link rel=\"canonical\" href=\"https:\/\/www.exploring-umbria.com\/es\/descubre-spoleto\/que-ver-en-spoleto\/\" \/>\n<meta property=\"og:locale\" content=\"es_ES\" \/>\n<meta property=\"og:type\" content=\"article\" \/>\n<meta property=\"og:title\" content=\"Qu\u00e9 ver en Spoleto - Exploring Umbria\" \/>\n<meta property=\"og:description\" content=\"Descubre qu\u00e9 ver en Spoleto, la ciudad del Ducado. Si te gusta la historia antigua, romana y medieval tard\u00eda, si aprecias las formas y decoraciones de la\" \/>\n<meta property=\"og:url\" content=\"https:\/\/www.exploring-umbria.com\/es\/descubre-spoleto\/que-ver-en-spoleto\/\" \/>\n<meta property=\"og:site_name\" content=\"Exploring Umbria\" \/>\n<meta property=\"article:publisher\" content=\"https:\/\/www.facebook.com\/exploringumbria\/\" \/>\n<meta property=\"article:modified_time\" content=\"2020-04-01T12:11:15+00:00\" \/>\n<meta property=\"og:image\" content=\"https:\/\/www.exploring-umbria.com\/wp-content\/uploads\/2019\/04\/SPOLETO-PANORAMICA-1600x1066.jpeg\" \/>\n\t<meta property=\"og:image:width\" content=\"1600\" \/>\n\t<meta property=\"og:image:height\" content=\"1066\" \/>\n\t<meta property=\"og:image:type\" content=\"image\/jpeg\" \/>\n<meta name=\"twitter:card\" content=\"summary_large_image\" \/>\n<meta name=\"twitter:label1\" content=\"Tiempo de lectura\" \/>\n\t<meta name=\"twitter:data1\" content=\"4 minutos\" \/>\n<script type=\"application\/ld+json\" class=\"yoast-schema-graph\">{\"@context\":\"https:\/\/schema.org\",\"@graph\":[{\"@type\":\"Organization\",\"@id\":\"https:\/\/www.exploring-umbria.com\/es\/#organization\",\"name\":\"Exploring Umbria\",\"url\":\"https:\/\/www.exploring-umbria.com\/es\/\",\"sameAs\":[\"https:\/\/www.facebook.com\/exploringumbria\/\",\"https:\/\/www.instagram.com\/exploringumbria\/\"],\"logo\":{\"@type\":\"ImageObject\",\"@id\":\"https:\/\/www.exploring-umbria.com\/es\/#logo\",\"inLanguage\":\"es\",\"url\":\"https:\/\/www.exploring-umbria.com\/wp-content\/uploads\/2019\/08\/solo-logo-verde.jpg\",\"contentUrl\":\"https:\/\/www.exploring-umbria.com\/wp-content\/uploads\/2019\/08\/solo-logo-verde.jpg\",\"width\":952,\"height\":532,\"caption\":\"Exploring Umbria\"},\"image\":{\"@id\":\"https:\/\/www.exploring-umbria.com\/es\/#logo\"}},{\"@type\":\"WebSite\",\"@id\":\"https:\/\/www.exploring-umbria.com\/es\/#website\",\"url\":\"https:\/\/www.exploring-umbria.com\/es\/\",\"name\":\"Exploring Umbria\",\"description\":\"your dates, your mood, your trip\",\"publisher\":{\"@id\":\"https:\/\/www.exploring-umbria.com\/es\/#organization\"},\"potentialAction\":[{\"@type\":\"SearchAction\",\"target\":{\"@type\":\"EntryPoint\",\"urlTemplate\":\"https:\/\/www.exploring-umbria.com\/es\/?s={search_term_string}\"},\"query-input\":\"required name=search_term_string\"}],\"inLanguage\":\"es\"},{\"@type\":\"ImageObject\",\"@id\":\"https:\/\/www.exploring-umbria.com\/es\/descubre-spoleto\/que-ver-en-spoleto\/#primaryimage\",\"inLanguage\":\"es\",\"url\":\"https:\/\/www.exploring-umbria.com\/wp-content\/uploads\/2019\/04\/SPOLETO-PANORAMICA-1600x1066.jpeg\",\"contentUrl\":\"https:\/\/www.exploring-umbria.com\/wp-content\/uploads\/2019\/04\/SPOLETO-PANORAMICA-1600x1066.jpeg\",\"width\":1600,\"height\":1066,\"caption\":\"Panoramica di cosa vedere a spoleto\"},{\"@type\":\"WebPage\",\"@id\":\"https:\/\/www.exploring-umbria.com\/es\/descubre-spoleto\/que-ver-en-spoleto\/#webpage\",\"url\":\"https:\/\/www.exploring-umbria.com\/es\/descubre-spoleto\/que-ver-en-spoleto\/\",\"name\":\"Qu\u00e9 ver en Spoleto - Exploring Umbria\",\"isPartOf\":{\"@id\":\"https:\/\/www.exploring-umbria.com\/es\/#website\"},\"primaryImageOfPage\":{\"@id\":\"https:\/\/www.exploring-umbria.com\/es\/descubre-spoleto\/que-ver-en-spoleto\/#primaryimage\"},\"datePublished\":\"2019-05-19T23:15:57+00:00\",\"dateModified\":\"2020-04-01T12:11:15+00:00\",\"description\":\"Descubre qu\u00e9 ver en Spoleto, la ciudad del Ducado. Si te gusta la historia antigua, romana y medieval tard\u00eda, si aprecias las formas y decoraciones de la\",\"breadcrumb\":{\"@id\":\"https:\/\/www.exploring-umbria.com\/es\/descubre-spoleto\/que-ver-en-spoleto\/#breadcrumb\"},\"inLanguage\":\"es\",\"potentialAction\":[{\"@type\":\"ReadAction\",\"target\":[\"https:\/\/www.exploring-umbria.com\/es\/descubre-spoleto\/que-ver-en-spoleto\/\"]}]},{\"@type\":\"BreadcrumbList\",\"@id\":\"https:\/\/www.exploring-umbria.com\/es\/descubre-spoleto\/que-ver-en-spoleto\/#breadcrumb\",\"itemListElement\":[{\"@type\":\"ListItem\",\"position\":1,\"name\":\"Home\",\"item\":\"https:\/\/www.exploring-umbria.com\/es\/\"},{\"@type\":\"ListItem\",\"position\":2,\"name\":\"Descubre Spoleto\",\"item\":\"https:\/\/www.exploring-umbria.com\/es\/descubre-spoleto\/\"},{\"@type\":\"ListItem\",\"position\":3,\"name\":\"Qu\u00e9 ver en Spoleto\"}]}]}<\/script>\n<!-- \/ Yoast SEO plugin. -->","yoast_head_json":{"title":"Qu\u00e9 ver en Spoleto - Exploring Umbria","description":"Descubre qu\u00e9 ver en Spoleto, la ciudad del Ducado. Si te gusta la historia antigua, romana y medieval tard\u00eda, si aprecias las formas y decoraciones de la","robots":{"index":"index","follow":"follow","max-snippet":"max-snippet:-1","max-image-preview":"max-image-preview:large","max-video-preview":"max-video-preview:-1"},"canonical":"https:\/\/www.exploring-umbria.com\/es\/descubre-spoleto\/que-ver-en-spoleto\/","og_locale":"es_ES","og_type":"article","og_title":"Qu\u00e9 ver en Spoleto - Exploring Umbria","og_description":"Descubre qu\u00e9 ver en Spoleto, la ciudad del Ducado. Si te gusta la historia antigua, romana y medieval tard\u00eda, si aprecias las formas y decoraciones de la","og_url":"https:\/\/www.exploring-umbria.com\/es\/descubre-spoleto\/que-ver-en-spoleto\/","og_site_name":"Exploring Umbria","article_publisher":"https:\/\/www.facebook.com\/exploringumbria\/","article_modified_time":"2020-04-01T12:11:15+00:00","og_image":[{"width":1600,"height":1066,"url":"https:\/\/www.exploring-umbria.com\/wp-content\/uploads\/2019\/04\/SPOLETO-PANORAMICA-1600x1066.jpeg","type":"image\/jpeg"}],"twitter_card":"summary_large_image","twitter_misc":{"Tiempo de lectura":"4 minutos"},"schema":{"@context":"https:\/\/schema.org","@graph":[{"@type":"Organization","@id":"https:\/\/www.exploring-umbria.com\/es\/#organization","name":"Exploring Umbria","url":"https:\/\/www.exploring-umbria.com\/es\/","sameAs":["https:\/\/www.facebook.com\/exploringumbria\/","https:\/\/www.instagram.com\/exploringumbria\/"],"logo":{"@type":"ImageObject","@id":"https:\/\/www.exploring-umbria.com\/es\/#logo","inLanguage":"es","url":"https:\/\/www.exploring-umbria.com\/wp-content\/uploads\/2019\/08\/solo-logo-verde.jpg","contentUrl":"https:\/\/www.exploring-umbria.com\/wp-content\/uploads\/2019\/08\/solo-logo-verde.jpg","width":952,"height":532,"caption":"Exploring Umbria"},"image":{"@id":"https:\/\/www.exploring-umbria.com\/es\/#logo"}},{"@type":"WebSite","@id":"https:\/\/www.exploring-umbria.com\/es\/#website","url":"https:\/\/www.exploring-umbria.com\/es\/","name":"Exploring Umbria","description":"your dates, your mood, your trip","publisher":{"@id":"https:\/\/www.exploring-umbria.com\/es\/#organization"},"potentialAction":[{"@type":"SearchAction","target":{"@type":"EntryPoint","urlTemplate":"https:\/\/www.exploring-umbria.com\/es\/?s={search_term_string}"},"query-input":"required name=search_term_string"}],"inLanguage":"es"},{"@type":"ImageObject","@id":"https:\/\/www.exploring-umbria.com\/es\/descubre-spoleto\/que-ver-en-spoleto\/#primaryimage","inLanguage":"es","url":"https:\/\/www.exploring-umbria.com\/wp-content\/uploads\/2019\/04\/SPOLETO-PANORAMICA-1600x1066.jpeg","contentUrl":"https:\/\/www.exploring-umbria.com\/wp-content\/uploads\/2019\/04\/SPOLETO-PANORAMICA-1600x1066.jpeg","width":1600,"height":1066,"caption":"Panoramica di cosa vedere a spoleto"},{"@type":"WebPage","@id":"https:\/\/www.exploring-umbria.com\/es\/descubre-spoleto\/que-ver-en-spoleto\/#webpage","url":"https:\/\/www.exploring-umbria.com\/es\/descubre-spoleto\/que-ver-en-spoleto\/","name":"Qu\u00e9 ver en Spoleto - Exploring Umbria","isPartOf":{"@id":"https:\/\/www.exploring-umbria.com\/es\/#website"},"primaryImageOfPage":{"@id":"https:\/\/www.exploring-umbria.com\/es\/descubre-spoleto\/que-ver-en-spoleto\/#primaryimage"},"datePublished":"2019-05-19T23:15:57+00:00","dateModified":"2020-04-01T12:11:15+00:00","description":"Descubre qu\u00e9 ver en Spoleto, la ciudad del Ducado. Si te gusta la historia antigua, romana y medieval tard\u00eda, si aprecias las formas y decoraciones de la","breadcrumb":{"@id":"https:\/\/www.exploring-umbria.com\/es\/descubre-spoleto\/que-ver-en-spoleto\/#breadcrumb"},"inLanguage":"es","potentialAction":[{"@type":"ReadAction","target":["https:\/\/www.exploring-umbria.com\/es\/descubre-spoleto\/que-ver-en-spoleto\/"]}]},{"@type":"BreadcrumbList","@id":"https:\/\/www.exploring-umbria.com\/es\/descubre-spoleto\/que-ver-en-spoleto\/#breadcrumb","itemListElement":[{"@type":"ListItem","position":1,"name":"Home","item":"https:\/\/www.exploring-umbria.com\/es\/"},{"@type":"ListItem","position":2,"name":"Descubre Spoleto","item":"https:\/\/www.exploring-umbria.com\/es\/descubre-spoleto\/"},{"@type":"ListItem","position":3,"name":"Qu\u00e9 ver en Spoleto"}]}]}},"_links":{"self":[{"href":"https:\/\/www.exploring-umbria.com\/es\/wp-json\/wp\/v2\/pages\/33213"}],"collection":[{"href":"https:\/\/www.exploring-umbria.com\/es\/wp-json\/wp\/v2\/pages"}],"about":[{"href":"https:\/\/www.exploring-umbria.com\/es\/wp-json\/wp\/v2\/types\/page"}],"author":[{"embeddable":true,"href":"https:\/\/www.exploring-umbria.com\/es\/wp-json\/wp\/v2\/users\/4"}],"replies":[{"embeddable":true,"href":"https:\/\/www.exploring-umbria.com\/es\/wp-json\/wp\/v2\/comments?post=33213"}],"version-history":[{"count":3,"href":"https:\/\/www.exploring-umbria.com\/es\/wp-json\/wp\/v2\/pages\/33213\/revisions"}],"predecessor-version":[{"id":33324,"href":"https:\/\/www.exploring-umbria.com\/es\/wp-json\/wp\/v2\/pages\/33213\/revisions\/33324"}],"up":[{"embeddable":true,"href":"https:\/\/www.exploring-umbria.com\/es\/wp-json\/wp\/v2\/pages\/33201"}],"wp:featuredmedia":[{"embeddable":true,"href":"https:\/\/www.exploring-umbria.com\/es\/wp-json\/wp\/v2\/media\/5158"}],"wp:attachment":[{"href":"https:\/\/www.exploring-umbria.com\/es\/wp-json\/wp\/v2\/media?parent=33213"}],"curies":[{"name":"wp","href":"https:\/\/api.w.org\/{rel}","templated":true}]}}