{"id":33210,"date":"2019-05-20T01:20:59","date_gmt":"2019-05-19T23:20:59","guid":{"rendered":"https:\/\/www.exploring-umbria.com\/descubre-spoleto\/cosa-fare-a-spoleto\/"},"modified":"2020-03-30T19:02:24","modified_gmt":"2020-03-30T17:02:24","slug":"que-hacer-en-spoleto","status":"publish","type":"page","link":"https:\/\/www.exploring-umbria.com\/es\/descubre-spoleto\/que-hacer-en-spoleto\/","title":{"rendered":"Qu\u00e9 Hacer en Spoleto"},"content":{"rendered":"<p><strong>Descubre qu\u00e9 hacer en Spoleto.\u00a0<\/strong><\/p>\n<p><!--more-->Adem\u00e1s de una historia milenaria y fascinantes monumentos, en Spoleto tendr\u00e1s la oportunidad de descubrir una naturaleza salvaje formada por bosques centenarios y aguas cristalinas, el entorno ideal para cualquier tipo de excursi\u00f3n o para un simple paseo al aire libre.<\/p>\n<p><a href=\"https:\/\/www.exploring-umbria.com\/es\/actividades\/in-the-martani-mountains-and-spoleto\/\" target=\"_blank\" rel=\"noopener noreferrer\">En bicicleta<\/a>, a <a href=\"https:\/\/www.exploring-umbria.com\/es\/actividades\/monteluco-di-spoleto-the-way-of-the-hermits\/\" target=\"_blank\" rel=\"noopener noreferrer\">pie<\/a> o a caballo: hay muchos caminos por recorrer. Te podr\u00e1s sumergir en las encinas siempre verdes del \u00ab<a href=\"https:\/\/www.exploring-umbria.com\/es\/actividades\/from-spoleto-to-monteluco-2\/\" target=\"_blank\" rel=\"noopener noreferrer\">Bosque Sagrado<\/a>\u00bb que cubre el Monteluco y descubrirlas numerosas ermitas y cuevas que all\u00ed se encuentran antes de llegar al Santuario de Monteluco fundado, seg\u00fan se cuenta, por el propio San Francisco. Tambi\u00e9n puedes <a href=\"https:\/\/www.exploring-umbria.com\/es\/actividades\/mountain-bike-ferrovia-spoleto-norcia\/\" target=\"_blank\" rel=\"noopener noreferrer\">pedalear por la Spoleto-Norcia<\/a>, una l\u00ednea ferroviaria en desuso que se ha convertido en un hermoso carril bici de 51 km delongitud, caracterizado por incre\u00edbles t\u00faneles y altos viaductos desde los que disfrutar de unas vistas fabulosas. Spoleto, adem\u00e1s, es tambi\u00e9n una etapa del \u00abCamino de San Francisco\u00bb, el itinerario que recorre los lugares de vida del Poverello de As\u00eds.<\/p>\n<p>Si te alojas en la ciudad, puedes optar por realizar <a href=\"https:\/\/www.exploring-umbria.com\/es\/actividades\/guided-tour-of-spoleto\/\" target=\"_blank\" rel=\"noopener noreferrer\">visitas guiadas con nuestros gu\u00edas profesionales<\/a> a trav\u00e9s de monumentos, iglesias y museos o probar una inusual b\u00fasqueda del tesoro que se convertir\u00e1 en una b\u00fasqueda de \u00abesculturas\u00bb. La edici\u00f3n de 1962 del Festival de los Dos Mundos, acogi\u00f3, a propuesta de <em>Giovanni Carandente<\/em>, una verdadera <strong>exposici\u00f3n de esculturas en la ciudad<\/strong> en la que hab\u00edan participado cincuenta y tres de los escultores m\u00e1s famosos de la \u00e9poca, que crearon 104 esculturas repartidas por las calles y plazas de la ciudad. La mayor\u00eda de esas obras de arte se conservan en la <em>National Gallery de Washington<\/em> pero, con un poco de paciencia, puedes tener el privilegio de admirar algunas de esas obras maestras que todav\u00eda adornan las calles de Spoleto.<\/p>\n<p>Esta es la lista de esculturas que se pueden encontrar en la ciudad:<strong> Theodelapio<\/strong> de <em>Alexander Calder<\/em> (Piazzale Polvani), <strong>Stranger III<\/strong> de <em>Lynn Chadwick<\/em> (Plaza de la Catdral), <strong>Colloquio Spoletino<\/strong> de <em>Pietro Consagra<\/em> (Via Salara Vecchia\/Via Filitteria), Spoleto<strong> 1962<\/strong> de <em>Nino Franchina<\/em> (Plaza del Ayuntamiento), <strong>Il dono di Icaro<\/strong> de <em>Beverly Pepper<\/em> (Piazzale Roma), <strong>Colonna del Viaggiatore<\/strong> de <em>Arnal<\/em><\/p>\n<p>En la parte norte de Spoleto se encuentra el Parque P\u00fablico de <strong>Villa Redenta, <\/strong>una lujosa residencia construida sobre un antiguo barrio romano que hoy es un espacio verde accesible para todos e ideal para hacer un paseo tranquilo. A poca distancia se encuentra uno de loscomplejos monumentales m\u00e1s famosos de Spoleto, Patrimonio de la Humanidad de la UNESCO desde 2011, la <strong>Bas\u00edlica de San Salvador <\/strong>y el <strong>\u00a0Monumental Cementerio de Spoleto <\/strong>donde, si no eres demasiado supersticioso o temeroso, puedes admirar las ricas sepulturas.<\/p>\n<p><em>Lo mejor de todo es que se puede disfrutar <\/em>de la maravillosa combinaci\u00f3n de naturaleza y arquitectura, capaz de dibujar un paisaje que no dej\u00f3 de encantar incluso a una persona como <a href=\"https:\/\/es.wikipedia.org\/wiki\/Johann_Wolfgang_von_Goethe\" target=\"_blank\" rel=\"noopener noreferrer\">Wolfgang Von Goethe<\/a> cuando, en el siglo XVIII, visit\u00f3 la ciudad. Frente a ti se abrir\u00e1 el indescriptible paisaje del <strong>Puente de las Torres<\/strong>, una obra monumental compuesta por diez arcos que conectan el cerro S. El\u00edas con el monte Luco y, justo encima, la majestuosa fortaleza de la <strong>Fortaleza de Albornoz<\/strong>, que desde lo alto del cerro S. El\u00edas dominaba y defend\u00eda la ciudad. La estructura alberga ahora el Museo Nacional <strong>del Ducado de Spoleto.<\/strong><\/p>\n","protected":false},"excerpt":{"rendered":"<p>Descubre qu\u00e9 hacer en Spoleto.\u00a0<\/p>\n","protected":false},"author":4,"featured_media":25045,"parent":33201,"menu_order":0,"comment_status":"closed","ping_status":"closed","template":"","meta":{"om_disable_all_campaigns":false,"_monsterinsights_skip_tracking":false,"_monsterinsights_sitenote_active":false,"_monsterinsights_sitenote_note":"","_monsterinsights_sitenote_category":0},"acf":[],"yoast_head":"<!-- This site is optimized with the Yoast SEO plugin v18.4.1 - https:\/\/yoast.com\/wordpress\/plugins\/seo\/ -->\n<title>Qu\u00e9 Hacer en Spoleto - Exploring Umbria<\/title>\n<meta name=\"description\" content=\"Descubre qu\u00e9 hacer en Spoleto.\u00a0 Adem\u00e1s de una historia milenaria y fascinantes monumentos, en Spoleto tendr\u00e1s la oportunidad de descubrir una naturaleza\" \/>\n<meta name=\"robots\" content=\"index, follow, max-snippet:-1, max-image-preview:large, max-video-preview:-1\" \/>\n<link rel=\"canonical\" href=\"https:\/\/www.exploring-umbria.com\/es\/descubre-spoleto\/que-hacer-en-spoleto\/\" \/>\n<meta property=\"og:locale\" content=\"es_ES\" \/>\n<meta property=\"og:type\" content=\"article\" \/>\n<meta property=\"og:title\" content=\"Qu\u00e9 Hacer en Spoleto - Exploring Umbria\" \/>\n<meta property=\"og:description\" content=\"Descubre qu\u00e9 hacer en Spoleto.\u00a0 Adem\u00e1s de una historia milenaria y fascinantes monumentos, en Spoleto tendr\u00e1s la oportunidad de descubrir una naturaleza\" \/>\n<meta property=\"og:url\" content=\"https:\/\/www.exploring-umbria.com\/es\/descubre-spoleto\/que-hacer-en-spoleto\/\" \/>\n<meta property=\"og:site_name\" content=\"Exploring Umbria\" \/>\n<meta property=\"article:publisher\" content=\"https:\/\/www.facebook.com\/exploringumbria\/\" \/>\n<meta property=\"article:modified_time\" content=\"2020-03-30T17:02:24+00:00\" \/>\n<meta property=\"og:image\" content=\"https:\/\/www.exploring-umbria.com\/wp-content\/uploads\/2019\/03\/spoleto-via-pedonale.jpeg\" \/>\n\t<meta property=\"og:image:width\" content=\"1600\" \/>\n\t<meta property=\"og:image:height\" content=\"1200\" \/>\n\t<meta property=\"og:image:type\" content=\"image\/jpeg\" \/>\n<meta name=\"twitter:card\" content=\"summary_large_image\" \/>\n<meta name=\"twitter:label1\" content=\"Tiempo de lectura\" \/>\n\t<meta name=\"twitter:data1\" content=\"3 minutos\" \/>\n<script type=\"application\/ld+json\" class=\"yoast-schema-graph\">{\"@context\":\"https:\/\/schema.org\",\"@graph\":[{\"@type\":\"Organization\",\"@id\":\"https:\/\/www.exploring-umbria.com\/es\/#organization\",\"name\":\"Exploring Umbria\",\"url\":\"https:\/\/www.exploring-umbria.com\/es\/\",\"sameAs\":[\"https:\/\/www.facebook.com\/exploringumbria\/\",\"https:\/\/www.instagram.com\/exploringumbria\/\"],\"logo\":{\"@type\":\"ImageObject\",\"@id\":\"https:\/\/www.exploring-umbria.com\/es\/#logo\",\"inLanguage\":\"es\",\"url\":\"https:\/\/www.exploring-umbria.com\/wp-content\/uploads\/2019\/08\/solo-logo-verde.jpg\",\"contentUrl\":\"https:\/\/www.exploring-umbria.com\/wp-content\/uploads\/2019\/08\/solo-logo-verde.jpg\",\"width\":952,\"height\":532,\"caption\":\"Exploring Umbria\"},\"image\":{\"@id\":\"https:\/\/www.exploring-umbria.com\/es\/#logo\"}},{\"@type\":\"WebSite\",\"@id\":\"https:\/\/www.exploring-umbria.com\/es\/#website\",\"url\":\"https:\/\/www.exploring-umbria.com\/es\/\",\"name\":\"Exploring Umbria\",\"description\":\"your dates, your mood, your trip\",\"publisher\":{\"@id\":\"https:\/\/www.exploring-umbria.com\/es\/#organization\"},\"potentialAction\":[{\"@type\":\"SearchAction\",\"target\":{\"@type\":\"EntryPoint\",\"urlTemplate\":\"https:\/\/www.exploring-umbria.com\/es\/?s={search_term_string}\"},\"query-input\":\"required name=search_term_string\"}],\"inLanguage\":\"es\"},{\"@type\":\"ImageObject\",\"@id\":\"https:\/\/www.exploring-umbria.com\/es\/descubre-spoleto\/que-hacer-en-spoleto\/#primaryimage\",\"inLanguage\":\"es\",\"url\":\"https:\/\/www.exploring-umbria.com\/wp-content\/uploads\/2019\/03\/spoleto-via-pedonale.jpeg\",\"contentUrl\":\"https:\/\/www.exploring-umbria.com\/wp-content\/uploads\/2019\/03\/spoleto-via-pedonale.jpeg\",\"width\":1600,\"height\":1200,\"caption\":\"cosa fare a spoleto\"},{\"@type\":\"WebPage\",\"@id\":\"https:\/\/www.exploring-umbria.com\/es\/descubre-spoleto\/que-hacer-en-spoleto\/#webpage\",\"url\":\"https:\/\/www.exploring-umbria.com\/es\/descubre-spoleto\/que-hacer-en-spoleto\/\",\"name\":\"Qu\u00e9 Hacer en Spoleto - Exploring Umbria\",\"isPartOf\":{\"@id\":\"https:\/\/www.exploring-umbria.com\/es\/#website\"},\"primaryImageOfPage\":{\"@id\":\"https:\/\/www.exploring-umbria.com\/es\/descubre-spoleto\/que-hacer-en-spoleto\/#primaryimage\"},\"datePublished\":\"2019-05-19T23:20:59+00:00\",\"dateModified\":\"2020-03-30T17:02:24+00:00\",\"description\":\"Descubre qu\u00e9 hacer en Spoleto.\u00a0 Adem\u00e1s de una historia milenaria y fascinantes monumentos, en Spoleto tendr\u00e1s la oportunidad de descubrir una naturaleza\",\"breadcrumb\":{\"@id\":\"https:\/\/www.exploring-umbria.com\/es\/descubre-spoleto\/que-hacer-en-spoleto\/#breadcrumb\"},\"inLanguage\":\"es\",\"potentialAction\":[{\"@type\":\"ReadAction\",\"target\":[\"https:\/\/www.exploring-umbria.com\/es\/descubre-spoleto\/que-hacer-en-spoleto\/\"]}]},{\"@type\":\"BreadcrumbList\",\"@id\":\"https:\/\/www.exploring-umbria.com\/es\/descubre-spoleto\/que-hacer-en-spoleto\/#breadcrumb\",\"itemListElement\":[{\"@type\":\"ListItem\",\"position\":1,\"name\":\"Home\",\"item\":\"https:\/\/www.exploring-umbria.com\/es\/\"},{\"@type\":\"ListItem\",\"position\":2,\"name\":\"Descubre Spoleto\",\"item\":\"https:\/\/www.exploring-umbria.com\/es\/descubre-spoleto\/\"},{\"@type\":\"ListItem\",\"position\":3,\"name\":\"Qu\u00e9 Hacer en Spoleto\"}]}]}<\/script>\n<!-- \/ Yoast SEO plugin. -->","yoast_head_json":{"title":"Qu\u00e9 Hacer en Spoleto - Exploring Umbria","description":"Descubre qu\u00e9 hacer en Spoleto.\u00a0 Adem\u00e1s de una historia milenaria y fascinantes monumentos, en Spoleto tendr\u00e1s la oportunidad de descubrir una naturaleza","robots":{"index":"index","follow":"follow","max-snippet":"max-snippet:-1","max-image-preview":"max-image-preview:large","max-video-preview":"max-video-preview:-1"},"canonical":"https:\/\/www.exploring-umbria.com\/es\/descubre-spoleto\/que-hacer-en-spoleto\/","og_locale":"es_ES","og_type":"article","og_title":"Qu\u00e9 Hacer en Spoleto - Exploring Umbria","og_description":"Descubre qu\u00e9 hacer en Spoleto.\u00a0 Adem\u00e1s de una historia milenaria y fascinantes monumentos, en Spoleto tendr\u00e1s la oportunidad de descubrir una naturaleza","og_url":"https:\/\/www.exploring-umbria.com\/es\/descubre-spoleto\/que-hacer-en-spoleto\/","og_site_name":"Exploring Umbria","article_publisher":"https:\/\/www.facebook.com\/exploringumbria\/","article_modified_time":"2020-03-30T17:02:24+00:00","og_image":[{"width":1600,"height":1200,"url":"https:\/\/www.exploring-umbria.com\/wp-content\/uploads\/2019\/03\/spoleto-via-pedonale.jpeg","type":"image\/jpeg"}],"twitter_card":"summary_large_image","twitter_misc":{"Tiempo de lectura":"3 minutos"},"schema":{"@context":"https:\/\/schema.org","@graph":[{"@type":"Organization","@id":"https:\/\/www.exploring-umbria.com\/es\/#organization","name":"Exploring Umbria","url":"https:\/\/www.exploring-umbria.com\/es\/","sameAs":["https:\/\/www.facebook.com\/exploringumbria\/","https:\/\/www.instagram.com\/exploringumbria\/"],"logo":{"@type":"ImageObject","@id":"https:\/\/www.exploring-umbria.com\/es\/#logo","inLanguage":"es","url":"https:\/\/www.exploring-umbria.com\/wp-content\/uploads\/2019\/08\/solo-logo-verde.jpg","contentUrl":"https:\/\/www.exploring-umbria.com\/wp-content\/uploads\/2019\/08\/solo-logo-verde.jpg","width":952,"height":532,"caption":"Exploring Umbria"},"image":{"@id":"https:\/\/www.exploring-umbria.com\/es\/#logo"}},{"@type":"WebSite","@id":"https:\/\/www.exploring-umbria.com\/es\/#website","url":"https:\/\/www.exploring-umbria.com\/es\/","name":"Exploring Umbria","description":"your dates, your mood, your trip","publisher":{"@id":"https:\/\/www.exploring-umbria.com\/es\/#organization"},"potentialAction":[{"@type":"SearchAction","target":{"@type":"EntryPoint","urlTemplate":"https:\/\/www.exploring-umbria.com\/es\/?s={search_term_string}"},"query-input":"required name=search_term_string"}],"inLanguage":"es"},{"@type":"ImageObject","@id":"https:\/\/www.exploring-umbria.com\/es\/descubre-spoleto\/que-hacer-en-spoleto\/#primaryimage","inLanguage":"es","url":"https:\/\/www.exploring-umbria.com\/wp-content\/uploads\/2019\/03\/spoleto-via-pedonale.jpeg","contentUrl":"https:\/\/www.exploring-umbria.com\/wp-content\/uploads\/2019\/03\/spoleto-via-pedonale.jpeg","width":1600,"height":1200,"caption":"cosa fare a spoleto"},{"@type":"WebPage","@id":"https:\/\/www.exploring-umbria.com\/es\/descubre-spoleto\/que-hacer-en-spoleto\/#webpage","url":"https:\/\/www.exploring-umbria.com\/es\/descubre-spoleto\/que-hacer-en-spoleto\/","name":"Qu\u00e9 Hacer en Spoleto - Exploring Umbria","isPartOf":{"@id":"https:\/\/www.exploring-umbria.com\/es\/#website"},"primaryImageOfPage":{"@id":"https:\/\/www.exploring-umbria.com\/es\/descubre-spoleto\/que-hacer-en-spoleto\/#primaryimage"},"datePublished":"2019-05-19T23:20:59+00:00","dateModified":"2020-03-30T17:02:24+00:00","description":"Descubre qu\u00e9 hacer en Spoleto.\u00a0 Adem\u00e1s de una historia milenaria y fascinantes monumentos, en Spoleto tendr\u00e1s la oportunidad de descubrir una naturaleza","breadcrumb":{"@id":"https:\/\/www.exploring-umbria.com\/es\/descubre-spoleto\/que-hacer-en-spoleto\/#breadcrumb"},"inLanguage":"es","potentialAction":[{"@type":"ReadAction","target":["https:\/\/www.exploring-umbria.com\/es\/descubre-spoleto\/que-hacer-en-spoleto\/"]}]},{"@type":"BreadcrumbList","@id":"https:\/\/www.exploring-umbria.com\/es\/descubre-spoleto\/que-hacer-en-spoleto\/#breadcrumb","itemListElement":[{"@type":"ListItem","position":1,"name":"Home","item":"https:\/\/www.exploring-umbria.com\/es\/"},{"@type":"ListItem","position":2,"name":"Descubre Spoleto","item":"https:\/\/www.exploring-umbria.com\/es\/descubre-spoleto\/"},{"@type":"ListItem","position":3,"name":"Qu\u00e9 Hacer en Spoleto"}]}]}},"_links":{"self":[{"href":"https:\/\/www.exploring-umbria.com\/es\/wp-json\/wp\/v2\/pages\/33210"}],"collection":[{"href":"https:\/\/www.exploring-umbria.com\/es\/wp-json\/wp\/v2\/pages"}],"about":[{"href":"https:\/\/www.exploring-umbria.com\/es\/wp-json\/wp\/v2\/types\/page"}],"author":[{"embeddable":true,"href":"https:\/\/www.exploring-umbria.com\/es\/wp-json\/wp\/v2\/users\/4"}],"replies":[{"embeddable":true,"href":"https:\/\/www.exploring-umbria.com\/es\/wp-json\/wp\/v2\/comments?post=33210"}],"version-history":[{"count":2,"href":"https:\/\/www.exploring-umbria.com\/es\/wp-json\/wp\/v2\/pages\/33210\/revisions"}],"predecessor-version":[{"id":33212,"href":"https:\/\/www.exploring-umbria.com\/es\/wp-json\/wp\/v2\/pages\/33210\/revisions\/33212"}],"up":[{"embeddable":true,"href":"https:\/\/www.exploring-umbria.com\/es\/wp-json\/wp\/v2\/pages\/33201"}],"wp:featuredmedia":[{"embeddable":true,"href":"https:\/\/www.exploring-umbria.com\/es\/wp-json\/wp\/v2\/media\/25045"}],"wp:attachment":[{"href":"https:\/\/www.exploring-umbria.com\/es\/wp-json\/wp\/v2\/media?parent=33210"}],"curies":[{"name":"wp","href":"https:\/\/api.w.org\/{rel}","templated":true}]}}