{"id":33098,"date":"2019-03-22T12:35:19","date_gmt":"2019-03-22T11:35:19","guid":{"rendered":"https:\/\/www.exploring-umbria.com\/descubre-asis-la-ciudad-del-alma\/que-ver-en-asis\/domus-del-lararium-di-assisi\/"},"modified":"2020-03-27T14:54:21","modified_gmt":"2020-03-27T13:54:21","slug":"domus-del-lararium-de-asis","status":"publish","type":"page","link":"https:\/\/www.exploring-umbria.com\/es\/descubre-asis-la-ciudad-del-alma\/que-ver-en-asis\/domus-del-lararium-de-asis\/","title":{"rendered":"Domus del Lararium de As\u00eds"},"content":{"rendered":"<p>Una de las experiencias m\u00e1s bellas que se puede vivir al venir a <a href=\"https:\/\/www.exploring-umbria.com\/es\/actividades\/guided-tour-of-assisi\/\" target=\"_blank\" rel=\"noopener noreferrer\">As\u00eds<\/a> es, sin duda, explorar esa parte de la ciudad antigua, escondida, misteriosa y poco conocida por la mayor\u00eda de los turistas. Sin quitarle protagonismo a las espl\u00e9ndidas iglesias y edificios de la superficie, la ciudad esconde un fascinante y extraordinario mundo subterr\u00e1neo, que parece estar empujando cada vez m\u00e1s a emerger de la oscuridad y tomar su merecido reconocimiento. Cada d\u00eda se descubre una peque\u00f1a parte de la vida romana y prerromana de As\u00eds, y la <strong>Domus del Lararium<\/strong> es uno de los hallazgosm\u00e1s recientes, por lo que las excavaciones y estudios sobre esteespl\u00e9ndido yacimiento a\u00fan no est\u00e1n terminados.<\/p>\n<p>De hecho, fue en 2001 cuando, durante los trabajos realizados bajo <strong>el Palacio Giamp\u00e8 para instalar un ascensor<\/strong>, los restos de estucos antiguos de capiteles romanos llamaron la atenci\u00f3n de los trabajadores. Lasinvestigaciones fueron profundas y lo que resurgi\u00f3 del s\u00f3tano del palacio, donde ahora reside la corte, no defraud\u00f3 las expectativas. Los capiteles formaban parte de tres columnas de cuatro metros de altura que datandel sigloI, cuando los territorios romanos estaban bajo el dominio de <a href=\"https:\/\/es.wikipedia.org\/wiki\/Ner%C3%B3n\" target=\"_blank\" rel=\"noopener noreferrer\"><em>Ner\u00f3n<\/em><\/a>. Estas eran las columnas del patio interior, tambi\u00e9n conocido como <em>peristilo<\/em>, de una t\u00edpica domus romana. Dada la forma y el tama\u00f1o del <em>peristilo<\/em> se supon\u00eda que alrededor de este deb\u00edan encontrarse al menos otras trece habitaciones, un tesoro que no pod\u00eda permanecer oculto. Antes se descubri\u00f3 una estancia, e inmediatamente despu\u00e9s el <em>triclinium<\/em>, el inevitable mobiliario de la casa romana, donde se desarrollaba la mayor parte de la vida social, comiendo y conversando agradablemente tumbados. Fueron muchos los obst\u00e1culos que los estudiosos encontraron en el camino para llevar a cabo la excavaci\u00f3n, tanto econ\u00f3micos como estructurales. Los edificios del siglo XVII que se sit\u00faan encima de la domus, en realidad, no se construyeron descansando las bases sobre las murallas y sobrelas columnasromanas, como ocurre a menudo, sino sobre el suelo. Los dise\u00f1adores probablemente ni siquiera se dieron cuenta de lo que ten\u00edan bajo sus pies cuando pusieron las primeras piedras. Esto significa que la domus ha sido perfectamente mantenida a lo largo de los siglos, pero ha obligado a los estudiosos a no poder sacarla a la luz en su totalidad, por miedo al colapso de las estructuras anteriores.<\/p>\n<p>As\u00ed, el trabajo continu\u00f3 entre mil dificultades y retrasos, pero despu\u00e9s de casi diez a\u00f1os desde el primer descubrimiento, todos los esfuerzos tuvieron su recompensa. Esta vez, el <em>cubiculum<\/em>, el dormitorio, surgi\u00f3 de las entra\u00f1as de la tierra y se mostr\u00f3 en todo su esplendor.Probablemente esta habitaci\u00f3n perteneci\u00f3 a la due\u00f1a, dados los muebles y objetos encontrados. El rojo brillante de las paredes estaba bien conservado, interrumpidos\u00f3lo por ciclos refinados de pinturas murales que representan un cuadro de boda con un hombre y una mujer enamorados y cuatro elegantes damas observando a una quinta, decididas a ir al ba\u00f1o con la ayuda de una doncella. En el suelo, los arque\u00f3logos encontraron muchas pinzas de pelo y un <em>oscillum<\/em>, un gran talism\u00e1n de m\u00e1rmol en forma de media luna que se colgaba del techo y se balanceaba al paso del viento con la tarea de proteger la casa y traer buena suerte. Lapeque\u00f1a escultura se encontraba en el suelo de un precioso mosaico de azulejos en blanco y negro, dividida en dos. Elperfil de las dos caras talladas, una frente a la otra, que decoran la media luna, ya no se miraban. El talism\u00e1n probablemente se rompi\u00f3 en la antig\u00fcedad, cay\u00f3 al suelo durante un acontecimiento repentino y ruinoso, que llev\u00f3 a la domus a ser evacuada urgentemente por sus habitantes. Tal vez una p\u00e9rdida de agua de la cisterna cercana, tal vez algo m\u00e1s; hecho est\u00e1 que los habitantes tuvieron que abandonar su hogar a toda prisa sin posibilidad de llevarse sus posesiones.<\/p>\n<p>La teor\u00eda de la fuga repentina tambi\u00e9n fue confirmada por otro elemento, tan caracter\u00edstico y extra\u00f1o para que un sitio como \u00e9ste califique el nombre mismo. En el umbral del <em>cub\u00edculo<\/em>, sobre un peque\u00f1o altar de terracota, hab\u00eda una peque\u00f1a estatua que permaneci\u00f3 all\u00ed durante siglos. El altar era un <em>lararium<\/em>, del que toma su nombre la domus, y la estatua representaba a una lare, una deidad romana que ten\u00eda la tarea de proteger la casa, la familia y sus actividades. Nada m\u00e1s importante podr\u00eda haber estado dentro de una domus, por lo que la causa que hab\u00eda llevado a los residentes a escapar sin antes asegurar la preciosa estatua debe haber sido igualmente importante.<\/p>\n<p>Los arque\u00f3logos que entraron por primera vez en la domus del lararium despu\u00e9s de dos mil a\u00f1os pudieron revivir ese momento exacto, como si \u00e9ste tambi\u00e9n hubiera permanecido, junto con todo lo dem\u00e1s, en la tierra y en el tiempo.<\/p>\n","protected":false},"excerpt":{"rendered":"<p>Una de las experiencias m\u00e1s bellas que se puede vivir al venir a As\u00eds es, sin duda, explorar esa parte de la ciudad antigua, escondida, misteriosa y poco conocida por la mayor\u00eda de los turistas. Sin quitarle protagonismo a las espl\u00e9ndidas iglesias y edificios de la superficie, la ciudad esconde un fascinante y extraordinario mundo [&hellip;]<\/p>\n","protected":false},"author":4,"featured_media":0,"parent":3250,"menu_order":0,"comment_status":"closed","ping_status":"closed","template":"","meta":{"om_disable_all_campaigns":false,"_monsterinsights_skip_tracking":false,"_monsterinsights_sitenote_active":false,"_monsterinsights_sitenote_note":"","_monsterinsights_sitenote_category":0},"acf":[],"yoast_head":"<!-- This site is optimized with the Yoast SEO plugin v18.4.1 - https:\/\/yoast.com\/wordpress\/plugins\/seo\/ -->\n<title>Domus del Lararium de As\u00eds - Exploring Umbria<\/title>\n<meta name=\"description\" content=\"Cada d\u00eda se descubre una peque\u00f1a parte de la vida romana y prerromana de As\u00eds, y la Domus del Lararium es uno de los hallazgosm\u00e1s recientes\" \/>\n<meta name=\"robots\" content=\"index, follow, max-snippet:-1, max-image-preview:large, max-video-preview:-1\" \/>\n<link rel=\"canonical\" href=\"https:\/\/www.exploring-umbria.com\/es\/descubre-asis-la-ciudad-del-alma\/que-ver-en-asis\/domus-del-lararium-de-asis\/\" \/>\n<meta property=\"og:locale\" content=\"es_ES\" \/>\n<meta property=\"og:type\" content=\"article\" \/>\n<meta property=\"og:title\" content=\"Domus del Lararium de As\u00eds - Exploring Umbria\" \/>\n<meta property=\"og:description\" content=\"Cada d\u00eda se descubre una peque\u00f1a parte de la vida romana y prerromana de As\u00eds, y la Domus del Lararium es uno de los hallazgosm\u00e1s recientes\" \/>\n<meta property=\"og:url\" content=\"https:\/\/www.exploring-umbria.com\/es\/descubre-asis-la-ciudad-del-alma\/que-ver-en-asis\/domus-del-lararium-de-asis\/\" \/>\n<meta property=\"og:site_name\" content=\"Exploring Umbria\" \/>\n<meta property=\"article:publisher\" content=\"https:\/\/www.facebook.com\/exploringumbria\/\" \/>\n<meta property=\"article:modified_time\" content=\"2020-03-27T13:54:21+00:00\" \/>\n<meta name=\"twitter:card\" content=\"summary_large_image\" \/>\n<meta name=\"twitter:label1\" content=\"Tiempo de lectura\" \/>\n\t<meta name=\"twitter:data1\" content=\"4 minutos\" \/>\n<script type=\"application\/ld+json\" class=\"yoast-schema-graph\">{\"@context\":\"https:\/\/schema.org\",\"@graph\":[{\"@type\":\"Organization\",\"@id\":\"https:\/\/www.exploring-umbria.com\/es\/#organization\",\"name\":\"Exploring Umbria\",\"url\":\"https:\/\/www.exploring-umbria.com\/es\/\",\"sameAs\":[\"https:\/\/www.facebook.com\/exploringumbria\/\",\"https:\/\/www.instagram.com\/exploringumbria\/\"],\"logo\":{\"@type\":\"ImageObject\",\"@id\":\"https:\/\/www.exploring-umbria.com\/es\/#logo\",\"inLanguage\":\"es\",\"url\":\"https:\/\/www.exploring-umbria.com\/wp-content\/uploads\/2019\/08\/solo-logo-verde.jpg\",\"contentUrl\":\"https:\/\/www.exploring-umbria.com\/wp-content\/uploads\/2019\/08\/solo-logo-verde.jpg\",\"width\":952,\"height\":532,\"caption\":\"Exploring Umbria\"},\"image\":{\"@id\":\"https:\/\/www.exploring-umbria.com\/es\/#logo\"}},{\"@type\":\"WebSite\",\"@id\":\"https:\/\/www.exploring-umbria.com\/es\/#website\",\"url\":\"https:\/\/www.exploring-umbria.com\/es\/\",\"name\":\"Exploring Umbria\",\"description\":\"your dates, your mood, your trip\",\"publisher\":{\"@id\":\"https:\/\/www.exploring-umbria.com\/es\/#organization\"},\"potentialAction\":[{\"@type\":\"SearchAction\",\"target\":{\"@type\":\"EntryPoint\",\"urlTemplate\":\"https:\/\/www.exploring-umbria.com\/es\/?s={search_term_string}\"},\"query-input\":\"required name=search_term_string\"}],\"inLanguage\":\"es\"},{\"@type\":\"WebPage\",\"@id\":\"https:\/\/www.exploring-umbria.com\/es\/descubre-asis-la-ciudad-del-alma\/que-ver-en-asis\/domus-del-lararium-de-asis\/#webpage\",\"url\":\"https:\/\/www.exploring-umbria.com\/es\/descubre-asis-la-ciudad-del-alma\/que-ver-en-asis\/domus-del-lararium-de-asis\/\",\"name\":\"Domus del Lararium de As\u00eds - Exploring Umbria\",\"isPartOf\":{\"@id\":\"https:\/\/www.exploring-umbria.com\/es\/#website\"},\"datePublished\":\"2019-03-22T11:35:19+00:00\",\"dateModified\":\"2020-03-27T13:54:21+00:00\",\"description\":\"Cada d\u00eda se descubre una peque\u00f1a parte de la vida romana y prerromana de As\u00eds, y la Domus del Lararium es uno de los hallazgosm\u00e1s recientes\",\"breadcrumb\":{\"@id\":\"https:\/\/www.exploring-umbria.com\/es\/descubre-asis-la-ciudad-del-alma\/que-ver-en-asis\/domus-del-lararium-de-asis\/#breadcrumb\"},\"inLanguage\":\"es\",\"potentialAction\":[{\"@type\":\"ReadAction\",\"target\":[\"https:\/\/www.exploring-umbria.com\/es\/descubre-asis-la-ciudad-del-alma\/que-ver-en-asis\/domus-del-lararium-de-asis\/\"]}]},{\"@type\":\"BreadcrumbList\",\"@id\":\"https:\/\/www.exploring-umbria.com\/es\/descubre-asis-la-ciudad-del-alma\/que-ver-en-asis\/domus-del-lararium-de-asis\/#breadcrumb\",\"itemListElement\":[{\"@type\":\"ListItem\",\"position\":1,\"name\":\"Home\",\"item\":\"https:\/\/www.exploring-umbria.com\/es\/\"},{\"@type\":\"ListItem\",\"position\":2,\"name\":\"Descubre As\u00eds: la ciudad del alma\",\"item\":\"https:\/\/www.exploring-umbria.com\/es\/descubre-asis-la-ciudad-del-alma\/\"},{\"@type\":\"ListItem\",\"position\":3,\"name\":\"Qu\u00e9 ver en As\u00eds\",\"item\":\"https:\/\/www.exploring-umbria.com\/es\/descubre-asis-la-ciudad-del-alma\/que-ver-en-asis\/\"},{\"@type\":\"ListItem\",\"position\":4,\"name\":\"Domus del Lararium de As\u00eds\"}]}]}<\/script>\n<!-- \/ Yoast SEO plugin. -->","yoast_head_json":{"title":"Domus del Lararium de As\u00eds - Exploring Umbria","description":"Cada d\u00eda se descubre una peque\u00f1a parte de la vida romana y prerromana de As\u00eds, y la Domus del Lararium es uno de los hallazgosm\u00e1s recientes","robots":{"index":"index","follow":"follow","max-snippet":"max-snippet:-1","max-image-preview":"max-image-preview:large","max-video-preview":"max-video-preview:-1"},"canonical":"https:\/\/www.exploring-umbria.com\/es\/descubre-asis-la-ciudad-del-alma\/que-ver-en-asis\/domus-del-lararium-de-asis\/","og_locale":"es_ES","og_type":"article","og_title":"Domus del Lararium de As\u00eds - Exploring Umbria","og_description":"Cada d\u00eda se descubre una peque\u00f1a parte de la vida romana y prerromana de As\u00eds, y la Domus del Lararium es uno de los hallazgosm\u00e1s recientes","og_url":"https:\/\/www.exploring-umbria.com\/es\/descubre-asis-la-ciudad-del-alma\/que-ver-en-asis\/domus-del-lararium-de-asis\/","og_site_name":"Exploring Umbria","article_publisher":"https:\/\/www.facebook.com\/exploringumbria\/","article_modified_time":"2020-03-27T13:54:21+00:00","twitter_card":"summary_large_image","twitter_misc":{"Tiempo de lectura":"4 minutos"},"schema":{"@context":"https:\/\/schema.org","@graph":[{"@type":"Organization","@id":"https:\/\/www.exploring-umbria.com\/es\/#organization","name":"Exploring Umbria","url":"https:\/\/www.exploring-umbria.com\/es\/","sameAs":["https:\/\/www.facebook.com\/exploringumbria\/","https:\/\/www.instagram.com\/exploringumbria\/"],"logo":{"@type":"ImageObject","@id":"https:\/\/www.exploring-umbria.com\/es\/#logo","inLanguage":"es","url":"https:\/\/www.exploring-umbria.com\/wp-content\/uploads\/2019\/08\/solo-logo-verde.jpg","contentUrl":"https:\/\/www.exploring-umbria.com\/wp-content\/uploads\/2019\/08\/solo-logo-verde.jpg","width":952,"height":532,"caption":"Exploring Umbria"},"image":{"@id":"https:\/\/www.exploring-umbria.com\/es\/#logo"}},{"@type":"WebSite","@id":"https:\/\/www.exploring-umbria.com\/es\/#website","url":"https:\/\/www.exploring-umbria.com\/es\/","name":"Exploring Umbria","description":"your dates, your mood, your trip","publisher":{"@id":"https:\/\/www.exploring-umbria.com\/es\/#organization"},"potentialAction":[{"@type":"SearchAction","target":{"@type":"EntryPoint","urlTemplate":"https:\/\/www.exploring-umbria.com\/es\/?s={search_term_string}"},"query-input":"required name=search_term_string"}],"inLanguage":"es"},{"@type":"WebPage","@id":"https:\/\/www.exploring-umbria.com\/es\/descubre-asis-la-ciudad-del-alma\/que-ver-en-asis\/domus-del-lararium-de-asis\/#webpage","url":"https:\/\/www.exploring-umbria.com\/es\/descubre-asis-la-ciudad-del-alma\/que-ver-en-asis\/domus-del-lararium-de-asis\/","name":"Domus del Lararium de As\u00eds - Exploring Umbria","isPartOf":{"@id":"https:\/\/www.exploring-umbria.com\/es\/#website"},"datePublished":"2019-03-22T11:35:19+00:00","dateModified":"2020-03-27T13:54:21+00:00","description":"Cada d\u00eda se descubre una peque\u00f1a parte de la vida romana y prerromana de As\u00eds, y la Domus del Lararium es uno de los hallazgosm\u00e1s recientes","breadcrumb":{"@id":"https:\/\/www.exploring-umbria.com\/es\/descubre-asis-la-ciudad-del-alma\/que-ver-en-asis\/domus-del-lararium-de-asis\/#breadcrumb"},"inLanguage":"es","potentialAction":[{"@type":"ReadAction","target":["https:\/\/www.exploring-umbria.com\/es\/descubre-asis-la-ciudad-del-alma\/que-ver-en-asis\/domus-del-lararium-de-asis\/"]}]},{"@type":"BreadcrumbList","@id":"https:\/\/www.exploring-umbria.com\/es\/descubre-asis-la-ciudad-del-alma\/que-ver-en-asis\/domus-del-lararium-de-asis\/#breadcrumb","itemListElement":[{"@type":"ListItem","position":1,"name":"Home","item":"https:\/\/www.exploring-umbria.com\/es\/"},{"@type":"ListItem","position":2,"name":"Descubre As\u00eds: la ciudad del alma","item":"https:\/\/www.exploring-umbria.com\/es\/descubre-asis-la-ciudad-del-alma\/"},{"@type":"ListItem","position":3,"name":"Qu\u00e9 ver en As\u00eds","item":"https:\/\/www.exploring-umbria.com\/es\/descubre-asis-la-ciudad-del-alma\/que-ver-en-asis\/"},{"@type":"ListItem","position":4,"name":"Domus del Lararium de As\u00eds"}]}]}},"_links":{"self":[{"href":"https:\/\/www.exploring-umbria.com\/es\/wp-json\/wp\/v2\/pages\/33098"}],"collection":[{"href":"https:\/\/www.exploring-umbria.com\/es\/wp-json\/wp\/v2\/pages"}],"about":[{"href":"https:\/\/www.exploring-umbria.com\/es\/wp-json\/wp\/v2\/types\/page"}],"author":[{"embeddable":true,"href":"https:\/\/www.exploring-umbria.com\/es\/wp-json\/wp\/v2\/users\/4"}],"replies":[{"embeddable":true,"href":"https:\/\/www.exploring-umbria.com\/es\/wp-json\/wp\/v2\/comments?post=33098"}],"version-history":[{"count":2,"href":"https:\/\/www.exploring-umbria.com\/es\/wp-json\/wp\/v2\/pages\/33098\/revisions"}],"predecessor-version":[{"id":33100,"href":"https:\/\/www.exploring-umbria.com\/es\/wp-json\/wp\/v2\/pages\/33098\/revisions\/33100"}],"up":[{"embeddable":true,"href":"https:\/\/www.exploring-umbria.com\/es\/wp-json\/wp\/v2\/pages\/3250"}],"wp:attachment":[{"href":"https:\/\/www.exploring-umbria.com\/es\/wp-json\/wp\/v2\/media?parent=33098"}],"curies":[{"name":"wp","href":"https:\/\/api.w.org\/{rel}","templated":true}]}}