{"id":3250,"date":"2018-11-22T17:08:04","date_gmt":"2018-11-22T16:08:04","guid":{"rendered":"https:\/\/www.exploring-umbria.com\/cosa-vedere\/"},"modified":"2020-03-25T15:51:50","modified_gmt":"2020-03-25T14:51:50","slug":"que-ver-en-asis","status":"publish","type":"page","link":"https:\/\/www.exploring-umbria.com\/es\/descubre-asis-la-ciudad-del-alma\/que-ver-en-asis\/","title":{"rendered":"Qu\u00e9 ver en As\u00eds"},"content":{"rendered":"<h5>Descubre qu\u00e9 ver en As\u00eds, la ciudad de san Francisco.<\/h5>\n<p><!--more--><\/p>\n<p>As\u00eds figura en la lista de Patrimonio de la Humanidad de la UNESCO desde el a\u00f1o 2000 debido a la importancia que los lugares de <strong>S. Francisco <\/strong>han aportado a nuestra historia. El viaje a trav\u00e9s de estas maravillas s\u00f3lo puede comenzar desde el lugar franciscano por excelencia, la <a href=\"https:\/\/www.exploring-umbria.com\/es\/subcategories\/cosa-fare-e-cosa-vedere-ad-assisi\/#heading3237\" target=\"_blank\" rel=\"noopener noreferrer\"><strong>Bas\u00edlica de San Francisco<\/strong><\/a>, situada en el Collado del Para\u00edso, una colina que se extiende al este de la ciudad. Un coloso monumental que incluye tres iglesias, una sobre la otra, y el <strong>Sagrado Convento, <\/strong>con sus cincuenta y tres majestuosos arcos de apoyo. Su hermana menor, la <strong>Bas\u00edlica de Santa Clara<\/strong>, es una visita obligada si quieres conocer la historia de la <a href=\"https:\/\/es.wikipedia.org\/wiki\/Clara_de_As%C3%ADs\" target=\"_blank\" rel=\"noopener noreferrer\">santa<\/a> protegida de Francisco. El viaje para descubrir la vida de dos de las figuras m\u00e1s importantes de la religi\u00f3n cristiana contin\u00faa en las diferentes iglesias y lugares sagrados de la ciudad. La <strong>Iglesia de Santa Mar\u00eda la Mayor<\/strong>, donde la tradici\u00f3n dice que Francisco se despoj\u00f3 de todo bien en p\u00fablico, la Iglesia Nueva, construida sobre la casa donde el \u00abPoverello\u00bb pas\u00f3 su infancia, la <strong>Catedral de San Rufino<\/strong>, uno de los edificios religiosos m\u00e1s antiguos de la ciudad junto con la <strong>Abad\u00eda de San Pedro<\/strong>.<\/p>\n<p>Si quieres seguir los pasos de As\u00eds y su interminable pasado b\u00e9lico, la <strong>Fortaleza Mayor <\/strong>y la <strong>Fortaleza Menor <\/strong>te dar\u00e1n una idea de esos d\u00edas turbulentos y de las incre\u00edbles t\u00e9cnicas que se alcanzaron para defender la ciudad de los enemigos. La Plaza del Ayuntamiento, con el <strong>Palacio del Capit\u00e1n del Pueblo, <\/strong>la Torre C\u00edvica<strong>, <\/strong>el <strong>Palacio de los Priores, <\/strong>el <strong>Templo de Minerva, <\/strong>es el lugar m\u00e1s bello y lleno de historia que se puede encontrar en la ciudad. Debajo de la plaza se encuentra la As\u00eds m\u00e1s ancestral. En el Foro Romano y en la colecci\u00f3n arqueol\u00f3gica se pueden admirar los restos de la \u00e9poca romana y prerromanade la ciudad, con los secretos de la misteriosa civilizaci\u00f3n umbra. Si ver esto no es suficiente, se puede visitar la <strong>Domus del Lararium <\/strong>y la <strong>Domus di Sesto Properzio<\/strong> para sumergirse en la vida cotidiana y la intimidad que se viv\u00eda en las casas de los antiguos habitantes de As\u00eds.<\/p>\n<p>No subestimes la belleza de caminar sin rumbo por las calles y callejones empedrados, te perder\u00e1s unas vistas maravillosas. Recomendamos la encantadora calle <strong>Via Fontebella<\/strong>, <strong>la calle Via Bernardo da Quintavalle<\/strong>, que parece haberse cristalizado en la \u00e9poca de las luchas medievales internas, y por supuesto la calle <strong>Via S. Francesco<\/strong>, el camino que conduce a la Bas\u00edlica, recorrido durante ocho siglos por todos los peregrinos del mundo, donde tambi\u00e9n se encuentra el valioso <strong>Palacio del Monte Frumentario<\/strong>.<\/p>\n<p>Tus paseos pueden continuar fuera de las murallas de la ciudad, donde la combinaci\u00f3n de paisajes naturales y antr\u00f3picos crea ambientes no menos maravillosos. Subiendo al monte Subasio no se puede dejar de visitar la <strong>Ermita de las C\u00e1rceles<\/strong>, el templo de la m\u00edstica franciscana, la antigua <strong>Abad\u00eda de San Benito en Subasio <\/strong>y la <strong>Iglesia de San \u00c1ngel de Panzo. <\/strong>Bajando hacia el valle se encuentra el <strong>Santuario de San Dami\u00e1n, <\/strong>donde la historia de Francisco y Clara se entrecruza incuestionablemente y, a\u00fan m\u00e1s abajo (se debe tomar un autob\u00fas) la majestuosa <strong>Bas\u00edlica de Santa Mar\u00eda de los \u00c1ngeles.<\/strong><\/p>\n","protected":false},"excerpt":{"rendered":"<p>Descubre qu\u00e9 ver en As\u00eds, la ciudad de san Francisco.<\/p>\n","protected":false},"author":1,"featured_media":4826,"parent":3270,"menu_order":0,"comment_status":"closed","ping_status":"closed","template":"","meta":{"om_disable_all_campaigns":false,"_monsterinsights_skip_tracking":false,"_monsterinsights_sitenote_active":false,"_monsterinsights_sitenote_note":"","_monsterinsights_sitenote_category":0},"acf":[],"yoast_head":"<!-- This site is optimized with the Yoast SEO plugin v18.4.1 - https:\/\/yoast.com\/wordpress\/plugins\/seo\/ -->\n<title>Qu\u00e9 ver en As\u00eds - Exploring Umbria<\/title>\n<meta name=\"description\" content=\"Descubre qu\u00e9 ver en As\u00eds, la ciudad de san Francisco. As\u00eds figura en la lista de Patrimonio de la Humanidad de la UNESCO desde el a\u00f1o 2000 debido a la\" \/>\n<meta name=\"robots\" content=\"index, follow, max-snippet:-1, max-image-preview:large, max-video-preview:-1\" \/>\n<link rel=\"canonical\" href=\"https:\/\/www.exploring-umbria.com\/es\/descubre-asis-la-ciudad-del-alma\/que-ver-en-asis\/\" \/>\n<meta property=\"og:locale\" content=\"es_ES\" \/>\n<meta property=\"og:type\" content=\"article\" \/>\n<meta property=\"og:title\" content=\"Qu\u00e9 ver en As\u00eds - Exploring Umbria\" \/>\n<meta property=\"og:description\" content=\"Descubre qu\u00e9 ver en As\u00eds, la ciudad de san Francisco. As\u00eds figura en la lista de Patrimonio de la Humanidad de la UNESCO desde el a\u00f1o 2000 debido a la\" \/>\n<meta property=\"og:url\" content=\"https:\/\/www.exploring-umbria.com\/es\/descubre-asis-la-ciudad-del-alma\/que-ver-en-asis\/\" \/>\n<meta property=\"og:site_name\" content=\"Exploring Umbria\" \/>\n<meta property=\"article:publisher\" content=\"https:\/\/www.facebook.com\/exploringumbria\/\" \/>\n<meta property=\"article:modified_time\" content=\"2020-03-25T14:51:50+00:00\" \/>\n<meta property=\"og:image\" content=\"https:\/\/www.exploring-umbria.com\/wp-content\/uploads\/2019\/04\/ASSISI-BASILICA-2000x1333.jpeg\" \/>\n\t<meta property=\"og:image:width\" content=\"2000\" \/>\n\t<meta property=\"og:image:height\" content=\"1333\" \/>\n\t<meta property=\"og:image:type\" content=\"image\/jpeg\" \/>\n<meta name=\"twitter:card\" content=\"summary_large_image\" \/>\n<meta name=\"twitter:label1\" content=\"Tiempo de lectura\" \/>\n\t<meta name=\"twitter:data1\" content=\"3 minutos\" \/>\n<script type=\"application\/ld+json\" class=\"yoast-schema-graph\">{\"@context\":\"https:\/\/schema.org\",\"@graph\":[{\"@type\":\"Organization\",\"@id\":\"https:\/\/www.exploring-umbria.com\/es\/#organization\",\"name\":\"Exploring Umbria\",\"url\":\"https:\/\/www.exploring-umbria.com\/es\/\",\"sameAs\":[\"https:\/\/www.facebook.com\/exploringumbria\/\",\"https:\/\/www.instagram.com\/exploringumbria\/\"],\"logo\":{\"@type\":\"ImageObject\",\"@id\":\"https:\/\/www.exploring-umbria.com\/es\/#logo\",\"inLanguage\":\"es\",\"url\":\"https:\/\/www.exploring-umbria.com\/wp-content\/uploads\/2019\/08\/solo-logo-verde.jpg\",\"contentUrl\":\"https:\/\/www.exploring-umbria.com\/wp-content\/uploads\/2019\/08\/solo-logo-verde.jpg\",\"width\":952,\"height\":532,\"caption\":\"Exploring Umbria\"},\"image\":{\"@id\":\"https:\/\/www.exploring-umbria.com\/es\/#logo\"}},{\"@type\":\"WebSite\",\"@id\":\"https:\/\/www.exploring-umbria.com\/es\/#website\",\"url\":\"https:\/\/www.exploring-umbria.com\/es\/\",\"name\":\"Exploring Umbria\",\"description\":\"your dates, your mood, your trip\",\"publisher\":{\"@id\":\"https:\/\/www.exploring-umbria.com\/es\/#organization\"},\"potentialAction\":[{\"@type\":\"SearchAction\",\"target\":{\"@type\":\"EntryPoint\",\"urlTemplate\":\"https:\/\/www.exploring-umbria.com\/es\/?s={search_term_string}\"},\"query-input\":\"required name=search_term_string\"}],\"inLanguage\":\"es\"},{\"@type\":\"ImageObject\",\"@id\":\"https:\/\/www.exploring-umbria.com\/es\/descubre-asis-la-ciudad-del-alma\/que-ver-en-asis\/#primaryimage\",\"inLanguage\":\"es\",\"url\":\"https:\/\/www.exploring-umbria.com\/wp-content\/uploads\/2019\/04\/ASSISI-BASILICA-2000x1333.jpeg\",\"contentUrl\":\"https:\/\/www.exploring-umbria.com\/wp-content\/uploads\/2019\/04\/ASSISI-BASILICA-2000x1333.jpeg\",\"width\":2000,\"height\":1333,\"caption\":\"cosa vedere ad assisi\"},{\"@type\":\"WebPage\",\"@id\":\"https:\/\/www.exploring-umbria.com\/es\/descubre-asis-la-ciudad-del-alma\/que-ver-en-asis\/#webpage\",\"url\":\"https:\/\/www.exploring-umbria.com\/es\/descubre-asis-la-ciudad-del-alma\/que-ver-en-asis\/\",\"name\":\"Qu\u00e9 ver en As\u00eds - Exploring Umbria\",\"isPartOf\":{\"@id\":\"https:\/\/www.exploring-umbria.com\/es\/#website\"},\"primaryImageOfPage\":{\"@id\":\"https:\/\/www.exploring-umbria.com\/es\/descubre-asis-la-ciudad-del-alma\/que-ver-en-asis\/#primaryimage\"},\"datePublished\":\"2018-11-22T16:08:04+00:00\",\"dateModified\":\"2020-03-25T14:51:50+00:00\",\"description\":\"Descubre qu\u00e9 ver en As\u00eds, la ciudad de san Francisco. As\u00eds figura en la lista de Patrimonio de la Humanidad de la UNESCO desde el a\u00f1o 2000 debido a la\",\"breadcrumb\":{\"@id\":\"https:\/\/www.exploring-umbria.com\/es\/descubre-asis-la-ciudad-del-alma\/que-ver-en-asis\/#breadcrumb\"},\"inLanguage\":\"es\",\"potentialAction\":[{\"@type\":\"ReadAction\",\"target\":[\"https:\/\/www.exploring-umbria.com\/es\/descubre-asis-la-ciudad-del-alma\/que-ver-en-asis\/\"]}]},{\"@type\":\"BreadcrumbList\",\"@id\":\"https:\/\/www.exploring-umbria.com\/es\/descubre-asis-la-ciudad-del-alma\/que-ver-en-asis\/#breadcrumb\",\"itemListElement\":[{\"@type\":\"ListItem\",\"position\":1,\"name\":\"Home\",\"item\":\"https:\/\/www.exploring-umbria.com\/es\/\"},{\"@type\":\"ListItem\",\"position\":2,\"name\":\"Descubre As\u00eds: la ciudad del alma\",\"item\":\"https:\/\/www.exploring-umbria.com\/es\/descubre-asis-la-ciudad-del-alma\/\"},{\"@type\":\"ListItem\",\"position\":3,\"name\":\"Qu\u00e9 ver en As\u00eds\"}]}]}<\/script>\n<!-- \/ Yoast SEO plugin. -->","yoast_head_json":{"title":"Qu\u00e9 ver en As\u00eds - Exploring Umbria","description":"Descubre qu\u00e9 ver en As\u00eds, la ciudad de san Francisco. As\u00eds figura en la lista de Patrimonio de la Humanidad de la UNESCO desde el a\u00f1o 2000 debido a la","robots":{"index":"index","follow":"follow","max-snippet":"max-snippet:-1","max-image-preview":"max-image-preview:large","max-video-preview":"max-video-preview:-1"},"canonical":"https:\/\/www.exploring-umbria.com\/es\/descubre-asis-la-ciudad-del-alma\/que-ver-en-asis\/","og_locale":"es_ES","og_type":"article","og_title":"Qu\u00e9 ver en As\u00eds - Exploring Umbria","og_description":"Descubre qu\u00e9 ver en As\u00eds, la ciudad de san Francisco. As\u00eds figura en la lista de Patrimonio de la Humanidad de la UNESCO desde el a\u00f1o 2000 debido a la","og_url":"https:\/\/www.exploring-umbria.com\/es\/descubre-asis-la-ciudad-del-alma\/que-ver-en-asis\/","og_site_name":"Exploring Umbria","article_publisher":"https:\/\/www.facebook.com\/exploringumbria\/","article_modified_time":"2020-03-25T14:51:50+00:00","og_image":[{"width":2000,"height":1333,"url":"https:\/\/www.exploring-umbria.com\/wp-content\/uploads\/2019\/04\/ASSISI-BASILICA-2000x1333.jpeg","type":"image\/jpeg"}],"twitter_card":"summary_large_image","twitter_misc":{"Tiempo de lectura":"3 minutos"},"schema":{"@context":"https:\/\/schema.org","@graph":[{"@type":"Organization","@id":"https:\/\/www.exploring-umbria.com\/es\/#organization","name":"Exploring Umbria","url":"https:\/\/www.exploring-umbria.com\/es\/","sameAs":["https:\/\/www.facebook.com\/exploringumbria\/","https:\/\/www.instagram.com\/exploringumbria\/"],"logo":{"@type":"ImageObject","@id":"https:\/\/www.exploring-umbria.com\/es\/#logo","inLanguage":"es","url":"https:\/\/www.exploring-umbria.com\/wp-content\/uploads\/2019\/08\/solo-logo-verde.jpg","contentUrl":"https:\/\/www.exploring-umbria.com\/wp-content\/uploads\/2019\/08\/solo-logo-verde.jpg","width":952,"height":532,"caption":"Exploring Umbria"},"image":{"@id":"https:\/\/www.exploring-umbria.com\/es\/#logo"}},{"@type":"WebSite","@id":"https:\/\/www.exploring-umbria.com\/es\/#website","url":"https:\/\/www.exploring-umbria.com\/es\/","name":"Exploring Umbria","description":"your dates, your mood, your trip","publisher":{"@id":"https:\/\/www.exploring-umbria.com\/es\/#organization"},"potentialAction":[{"@type":"SearchAction","target":{"@type":"EntryPoint","urlTemplate":"https:\/\/www.exploring-umbria.com\/es\/?s={search_term_string}"},"query-input":"required name=search_term_string"}],"inLanguage":"es"},{"@type":"ImageObject","@id":"https:\/\/www.exploring-umbria.com\/es\/descubre-asis-la-ciudad-del-alma\/que-ver-en-asis\/#primaryimage","inLanguage":"es","url":"https:\/\/www.exploring-umbria.com\/wp-content\/uploads\/2019\/04\/ASSISI-BASILICA-2000x1333.jpeg","contentUrl":"https:\/\/www.exploring-umbria.com\/wp-content\/uploads\/2019\/04\/ASSISI-BASILICA-2000x1333.jpeg","width":2000,"height":1333,"caption":"cosa vedere ad assisi"},{"@type":"WebPage","@id":"https:\/\/www.exploring-umbria.com\/es\/descubre-asis-la-ciudad-del-alma\/que-ver-en-asis\/#webpage","url":"https:\/\/www.exploring-umbria.com\/es\/descubre-asis-la-ciudad-del-alma\/que-ver-en-asis\/","name":"Qu\u00e9 ver en As\u00eds - Exploring Umbria","isPartOf":{"@id":"https:\/\/www.exploring-umbria.com\/es\/#website"},"primaryImageOfPage":{"@id":"https:\/\/www.exploring-umbria.com\/es\/descubre-asis-la-ciudad-del-alma\/que-ver-en-asis\/#primaryimage"},"datePublished":"2018-11-22T16:08:04+00:00","dateModified":"2020-03-25T14:51:50+00:00","description":"Descubre qu\u00e9 ver en As\u00eds, la ciudad de san Francisco. As\u00eds figura en la lista de Patrimonio de la Humanidad de la UNESCO desde el a\u00f1o 2000 debido a la","breadcrumb":{"@id":"https:\/\/www.exploring-umbria.com\/es\/descubre-asis-la-ciudad-del-alma\/que-ver-en-asis\/#breadcrumb"},"inLanguage":"es","potentialAction":[{"@type":"ReadAction","target":["https:\/\/www.exploring-umbria.com\/es\/descubre-asis-la-ciudad-del-alma\/que-ver-en-asis\/"]}]},{"@type":"BreadcrumbList","@id":"https:\/\/www.exploring-umbria.com\/es\/descubre-asis-la-ciudad-del-alma\/que-ver-en-asis\/#breadcrumb","itemListElement":[{"@type":"ListItem","position":1,"name":"Home","item":"https:\/\/www.exploring-umbria.com\/es\/"},{"@type":"ListItem","position":2,"name":"Descubre As\u00eds: la ciudad del alma","item":"https:\/\/www.exploring-umbria.com\/es\/descubre-asis-la-ciudad-del-alma\/"},{"@type":"ListItem","position":3,"name":"Qu\u00e9 ver en As\u00eds"}]}]}},"_links":{"self":[{"href":"https:\/\/www.exploring-umbria.com\/es\/wp-json\/wp\/v2\/pages\/3250"}],"collection":[{"href":"https:\/\/www.exploring-umbria.com\/es\/wp-json\/wp\/v2\/pages"}],"about":[{"href":"https:\/\/www.exploring-umbria.com\/es\/wp-json\/wp\/v2\/types\/page"}],"author":[{"embeddable":true,"href":"https:\/\/www.exploring-umbria.com\/es\/wp-json\/wp\/v2\/users\/1"}],"replies":[{"embeddable":true,"href":"https:\/\/www.exploring-umbria.com\/es\/wp-json\/wp\/v2\/comments?post=3250"}],"version-history":[{"count":10,"href":"https:\/\/www.exploring-umbria.com\/es\/wp-json\/wp\/v2\/pages\/3250\/revisions"}],"predecessor-version":[{"id":33050,"href":"https:\/\/www.exploring-umbria.com\/es\/wp-json\/wp\/v2\/pages\/3250\/revisions\/33050"}],"up":[{"embeddable":true,"href":"https:\/\/www.exploring-umbria.com\/es\/wp-json\/wp\/v2\/pages\/3270"}],"wp:featuredmedia":[{"embeddable":true,"href":"https:\/\/www.exploring-umbria.com\/es\/wp-json\/wp\/v2\/media\/4826"}],"wp:attachment":[{"href":"https:\/\/www.exploring-umbria.com\/es\/wp-json\/wp\/v2\/media?parent=3250"}],"curies":[{"name":"wp","href":"https:\/\/api.w.org\/{rel}","templated":true}]}}