{"id":3240,"date":"2018-11-22T17:28:35","date_gmt":"2018-11-22T16:28:35","guid":{"rendered":"https:\/\/www.exploring-umbria.com\/basilica-di-santa-chiara\/"},"modified":"2020-03-26T16:22:04","modified_gmt":"2020-03-26T15:22:04","slug":"basilica-de-santa-clara-de-asis","status":"publish","type":"page","link":"https:\/\/www.exploring-umbria.com\/es\/descubre-asis-la-ciudad-del-alma\/que-ver-en-asis\/basilica-de-santa-clara-de-asis\/","title":{"rendered":"Bas\u00edlica de Santa Clara de As\u00eds"},"content":{"rendered":"<p>Clara yac\u00eda cansada, d\u00e9bil, pero feliz. Ella sab\u00eda que hab\u00eda llegado el momento de dejar la vida terrenal y estaba emocionada. Su coraz\u00f3n palpitaba de alegr\u00eda porque poco despu\u00e9s encontrar\u00eda al Eterno, pero en un momento lleg\u00f3 la tristeza, pensando en aquellos que, conscientes de haber vivido una vida turbulenta y pecaminosa, viven aterrorizados sus \u00faltimos momentos, no encuentran la paz ni siquiera en su lecho de muerte. Lamentaba no poder estar con todos ellos para consolarlos y ayudarlos a recuperar su fe.<\/p>\n<p>Las hermanas, compa\u00f1eras de toda una vida, la rodeaban como en trance en la peque\u00f1a celda del <a href=\"https:\/\/www.exploring-umbria.com\/es\/subcategories\/cosa-fare-e-cosa-vedere-ad-assisi\/#heading2841\" target=\"_blank\" rel=\"noopener noreferrer\"><strong>Santuario de San Dami\u00e1n<\/strong><\/a>, sin decir una palabra. No hab\u00eda palabras apropiadas para describir la situaci\u00f3n. En ese caluroso d\u00eda de verano, un silencio irreal reinaba en el Convento de San Dami\u00e1n. Los p\u00e1jaros, los perros, los animales en los patios, incluso el viento parec\u00eda haberse callado, concentrado en la espera y la meditaci\u00f3n. Clara vio desde su lecho todas las batallas que hab\u00eda librado, primero con Francisco por el establecimiento de la <em>Orden de los Frailes Menores<\/em>, luego sola, una vez que su amado maestro dej\u00f3 la vida terrenal, por el reconocimiento de la orden femenina. No pod\u00eda estar completamente satisfecha. En a\u00f1os de esfuerzos no hab\u00eda logrado que se aprobara la Regla Franciscana para los conventos femeninos. El Papa, a quien ella se hab\u00eda dirigido e implorado una y otra vez, nunca la quiso escuchar. Esto fue una preocupaci\u00f3n que perturb\u00f3 su alegre partida y la hizo sentir incompleta.<\/p>\n<p>Pero de repente el silencio irreal de su celda se rompi\u00f3 por un ruido sordo en la distancia. Poco a poco, a medida que el ruido aumentaba, se fueron distinguiendo los corceles galopantes y el choque seco y le\u00f1oso de un carruaje que recorr\u00eda los caminos desiguales para llegar a San Dami\u00e1n. Una vez que el estruendo lleg\u00f3 cerca del convento, se escuch\u00f3 un fuerte ruido que dur\u00f3 unos minutos y luego se detuvo abruptamente. La puerta de la celda de Clara se abri\u00f3 y el mismo Papa Inocencio IV apareci\u00f3 en el umbral<em>, sosteniendo un trozo de pergamino de oveja <\/em>con dos sellos de plomo colgando. Fue la bula <em>Solet Annuere Sedet<\/em>, con la que el pont\u00edfice reconoci\u00f3 y ratific\u00f3 plenamente su <em>Regla<\/em> para el convento. El Papa estaba de visita pastoral en la ciudad y quiso hacer el anuncio en persona a la monja. Al entregarle el pergamino se preocup\u00f3 sobre de su estado de salud, se alegr\u00f3 de haber llegado a tiempo para darle la noticia y se despidi\u00f3, dando a todos su bendici\u00f3n. Era agosto de 1253. Poco despu\u00e9s Clara falleci\u00f3. Su cuerpo fue transportado en procesi\u00f3n y enterrado bajo la iglesia de San<\/p>\n<p>En 1893, la abadesa <em>Matilde Rossi<\/em>, arreglando el cuerpo de la santa sepultada unas d\u00e9cadas antes, encontr\u00f3 entre sus ropas la misma bula, que luego fue colocada en la cripta de la Bas\u00edlica de San Pablo.<\/p>\n<p>&nbsp;<\/p>\n<p>La construcci\u00f3n de la Bas\u00edlica comenz\u00f3 en 1257, dos a\u00f1os despu\u00e9s de la canonizaci\u00f3n de santa Clara, y fue dise\u00f1ada para incorporar la Iglesia de San Jorge, donde, adem\u00e1s de las del santo, se conservaron inicialmente los restos de Francisco y donde \u00e9l mismo fue canonizado. En 1263 la orden franciscana femenina de las <a href=\"https:\/\/es.wikipedia.org\/wiki\/Orden_de_las_Hermanas_Pobres_de_Santa_Clara\" target=\"_blank\" rel=\"noopener noreferrer\"><strong>Clarisas<\/strong> <\/a>fue reconocida universalmente y en1265, despu\u00e9s de la solemne ceremonia de inauguraci\u00f3n de la Bas\u00edlica en la que particip\u00f3 el <em>Papa Clemente IV<\/em>, las hermanas de Clara, que hab\u00edan vivido durante cuarenta a\u00f1os en el convento de Santa Clara, se trasladaron all\u00ed.<\/p>\n<p>El estilo arquitect\u00f3nico es muy similar al de la <strong>Bas\u00edlica de San Francisco<\/strong>, construida en el mismo per\u00edodo. Las diferencias m\u00e1s visibles con la Bas\u00edlica \u00abhermana\u00bb que se encuentra en el extremo opuesto del casco antiguo son tanto la decoraci\u00f3n exterior, compuesta por la t\u00edpica piedra blanca y rosa del Monte Subasio, como la presencia de los arcos laterales rampantes. A\u00f1adidos en la parte posterior para dar estabilidad a la estructura, estos arcos dan a la iglesia un aspecto inconfundible. El campanario, que se encuentra detr\u00e1s del cuerpo de la iglesia, es el m\u00e1s alto de As\u00eds.<\/p>\n<p>Entrando en la iglesia se puede admirar a los lados de la nave la <strong>Capilla de Santa In\u00e9s<\/strong>, hermana de sangre y esp\u00edritu de Clara, y la <strong>Capilla de San Jorge<\/strong>, que es lo que queda de la peque\u00f1a iglesia que albergaba los restos de los dos personajes m\u00e1s importantes de As\u00eds. En lo alto del altar de la Capilla se encuentra el <strong>Crucifijo de San Dami\u00e1n<\/strong>, cuya historia vincula indisolublemente los acontecimientos de los santos. El crucifijo fue tra\u00eddo del Convento de San Dami\u00e1n a la Bas\u00edlica de Santa Clara cuando las monjas se trasladaron all\u00ed porque ten\u00eda un valor muy especial. Era el crucifijo que habl\u00f3 por primera vez al joven Francisco cuando le pidi\u00f3 consejo al Se\u00f1or, sin saber qu\u00e9 hacer con su vida. \u00ab<em>Vade Francisce, repara domum meam<\/em>!\u00bb fue la respuesta (\u00ab\u00a1Ve Francisco, repara mi casa!\u00bb) que el joven no entendi\u00f3 del todo. Vendi\u00f3 algunos bienes para renovar la peque\u00f1a iglesia destartalada que albergaba el crucifijo. No fue hasta m\u00e1s tarde cuando se dio cuenta de que probablemente la \u00abcasa\u00bb del Se\u00f1or que se le hab\u00eda pedido reparar no consist\u00eda en ese peque\u00f1o edificio, sino en la casa de todo el cristianismo.<\/p>\n<p>El crucifijo se remonta al siglo XII, antes de la llegada del realismo de <em>Giotto<\/em> y <em>Cimabue<\/em>. Lo que el pintor quiere mostrar a trav\u00e9s de los ojos y la posici\u00f3n de Cristo no es tanto el dolor y el sufrimiento de la divinidad hecha hombre, sino la gloria y la grandeza del gesto que hizo por sus hijos. Se dice que el crucifijo hab\u00eda sido pintado sobre una tabla completamente plana antes de su revelaci\u00f3n. A la hora de dirigirse a Francisco, la cabeza de Cristo \u00abse desprendi\u00f3\u00bb de la mesa y se extendi\u00f3 hacia \u00e9l, materializando en forma tridimensional la forma con la que lo admiramos hoy. De hecho, hoy se sabe que pintar rostros sobre un relieve prominente era una t\u00e9cnica bastante com\u00fan durante la Edad Media.<\/p>\n<p>En el interior del crucero de la izquierda se encuentra instalada otra de las obras m\u00e1s significativas que contiene la Bas\u00edlica: el <strong>Retablo de Santa Clara<\/strong>, un panel realizado pocos a\u00f1os despu\u00e9s de la muerte de la santa, donde est\u00e1 representada en estilo bizantino junto a ocho escenas destacadas de su vida espiritual, entre las que se encuentran las que contamos al principio de esta p\u00e1gina. \u00bfLas reconoces?<\/p>\n<p>Junto con la tabla \u00abhermana\u00bb de la <strong>Madonna della Cortina, <\/strong>expuesta en el brazo derecho del transepto, las dos obras se reconocen convencionalmente como pintadas por una sola mano misteriosa que pertenec\u00eda a un artista que, aparentemente, no dej\u00f3 rastro: el <strong>Maestro de Santa Clara.<\/strong><\/p>\n<p>En 1850, tras el entusiasmo obtenido con el descubrimiento de la tumba de San Francisco, se le orden\u00f3 exhumar el cuerpo de su santo seguidor. Se excav\u00f3 un t\u00fanel \u00aba la profundidad de diecis\u00e9is palmos del suelo\u00bb y se encontr\u00f3 la tumba, formada por un sarc\u00f3fago de travertino crudo rodeado por una cinta de hierro. Hoy es posible descender al t\u00fanel y admirar la cripta construida alrededor de la tumba. Adem\u00e1s de la tumba, que consiste en una urna de cristal y piedra de Subasio sobre la que yacen las reliquias, con el vestido con el h\u00e1bito original y que contienen los restos de la santa, se puede visitar otra zona donde se exponen muchas otras reliquias, entre ellas la tan codiciada bula que ella trajo consigo a su lecho de muerte. El documento en papel, en peligro de conservaci\u00f3n, ha sido sustituido recientemente por una copia fotost\u00e1tica, dejando s\u00f3lo el marco y los sellos originales.<\/p>\n<p>Bajando a ese ambiente te envolver\u00e1 una atm\u00f3sfera m\u00edstica y espiritual, una experiencia rara que de un golpe nos pone frente al poder con el que una sola historia, una sola vida, puede influir, despu\u00e9s de ocho siglos, en la historia de todos.<\/p>\n","protected":false},"excerpt":{"rendered":"<p>Clara yac\u00eda cansada, d\u00e9bil, pero feliz. Ella sab\u00eda que hab\u00eda llegado el momento de dejar la vida terrenal y estaba emocionada. Su coraz\u00f3n palpitaba de alegr\u00eda porque poco despu\u00e9s encontrar\u00eda al Eterno, pero en un momento lleg\u00f3 la tristeza, pensando en aquellos que, conscientes de haber vivido una vida turbulenta y pecaminosa, viven aterrorizados sus [&hellip;]<\/p>\n","protected":false},"author":1,"featured_media":4834,"parent":3250,"menu_order":0,"comment_status":"closed","ping_status":"closed","template":"","meta":{"om_disable_all_campaigns":false,"_monsterinsights_skip_tracking":false,"_monsterinsights_sitenote_active":false,"_monsterinsights_sitenote_note":"","_monsterinsights_sitenote_category":0},"acf":[],"yoast_head":"<!-- This site is optimized with the Yoast SEO plugin v18.4.1 - https:\/\/yoast.com\/wordpress\/plugins\/seo\/ -->\n<title>Bas\u00edlica de Santa Clara de As\u00eds - Exploring Umbria<\/title>\n<meta name=\"description\" content=\"La construcci\u00f3n de la Bas\u00edlica comenz\u00f3 en 1257, dos a\u00f1os despu\u00e9s de la canonizaci\u00f3n de santa Clara, y fue dise\u00f1ada para incorporar la Iglesia de San Jorge\" \/>\n<meta name=\"robots\" content=\"index, follow, max-snippet:-1, max-image-preview:large, max-video-preview:-1\" \/>\n<link rel=\"canonical\" href=\"https:\/\/www.exploring-umbria.com\/es\/descubre-asis-la-ciudad-del-alma\/que-ver-en-asis\/basilica-de-santa-clara-de-asis\/\" \/>\n<meta property=\"og:locale\" content=\"es_ES\" \/>\n<meta property=\"og:type\" content=\"article\" \/>\n<meta property=\"og:title\" content=\"Bas\u00edlica de Santa Clara de As\u00eds - Exploring Umbria\" \/>\n<meta property=\"og:description\" content=\"La construcci\u00f3n de la Bas\u00edlica comenz\u00f3 en 1257, dos a\u00f1os despu\u00e9s de la canonizaci\u00f3n de santa Clara, y fue dise\u00f1ada para incorporar la Iglesia de San Jorge\" \/>\n<meta property=\"og:url\" content=\"https:\/\/www.exploring-umbria.com\/es\/descubre-asis-la-ciudad-del-alma\/que-ver-en-asis\/basilica-de-santa-clara-de-asis\/\" \/>\n<meta property=\"og:site_name\" content=\"Exploring Umbria\" \/>\n<meta property=\"article:publisher\" content=\"https:\/\/www.facebook.com\/exploringumbria\/\" \/>\n<meta property=\"article:modified_time\" content=\"2020-03-26T15:22:04+00:00\" \/>\n<meta property=\"og:image\" content=\"https:\/\/www.exploring-umbria.com\/wp-content\/uploads\/2019\/04\/Assisi-Chiesa-Santa-Chiara.jpeg\" \/>\n\t<meta property=\"og:image:width\" content=\"1800\" \/>\n\t<meta property=\"og:image:height\" content=\"1200\" \/>\n\t<meta property=\"og:image:type\" content=\"image\/jpeg\" \/>\n<meta name=\"twitter:card\" content=\"summary_large_image\" \/>\n<meta name=\"twitter:label1\" content=\"Tiempo de lectura\" \/>\n\t<meta name=\"twitter:data1\" content=\"7 minutos\" \/>\n<script type=\"application\/ld+json\" class=\"yoast-schema-graph\">{\"@context\":\"https:\/\/schema.org\",\"@graph\":[{\"@type\":\"Organization\",\"@id\":\"https:\/\/www.exploring-umbria.com\/es\/#organization\",\"name\":\"Exploring Umbria\",\"url\":\"https:\/\/www.exploring-umbria.com\/es\/\",\"sameAs\":[\"https:\/\/www.facebook.com\/exploringumbria\/\",\"https:\/\/www.instagram.com\/exploringumbria\/\"],\"logo\":{\"@type\":\"ImageObject\",\"@id\":\"https:\/\/www.exploring-umbria.com\/es\/#logo\",\"inLanguage\":\"es\",\"url\":\"https:\/\/www.exploring-umbria.com\/wp-content\/uploads\/2019\/08\/solo-logo-verde.jpg\",\"contentUrl\":\"https:\/\/www.exploring-umbria.com\/wp-content\/uploads\/2019\/08\/solo-logo-verde.jpg\",\"width\":952,\"height\":532,\"caption\":\"Exploring Umbria\"},\"image\":{\"@id\":\"https:\/\/www.exploring-umbria.com\/es\/#logo\"}},{\"@type\":\"WebSite\",\"@id\":\"https:\/\/www.exploring-umbria.com\/es\/#website\",\"url\":\"https:\/\/www.exploring-umbria.com\/es\/\",\"name\":\"Exploring Umbria\",\"description\":\"your dates, your mood, your trip\",\"publisher\":{\"@id\":\"https:\/\/www.exploring-umbria.com\/es\/#organization\"},\"potentialAction\":[{\"@type\":\"SearchAction\",\"target\":{\"@type\":\"EntryPoint\",\"urlTemplate\":\"https:\/\/www.exploring-umbria.com\/es\/?s={search_term_string}\"},\"query-input\":\"required name=search_term_string\"}],\"inLanguage\":\"es\"},{\"@type\":\"ImageObject\",\"@id\":\"https:\/\/www.exploring-umbria.com\/es\/descubre-asis-la-ciudad-del-alma\/que-ver-en-asis\/basilica-de-santa-clara-de-asis\/#primaryimage\",\"inLanguage\":\"es\",\"url\":\"https:\/\/www.exploring-umbria.com\/wp-content\/uploads\/2019\/04\/Assisi-Chiesa-Santa-Chiara.jpeg\",\"contentUrl\":\"https:\/\/www.exploring-umbria.com\/wp-content\/uploads\/2019\/04\/Assisi-Chiesa-Santa-Chiara.jpeg\",\"width\":1800,\"height\":1200,\"caption\":\"La Basilica di santa Chiara\"},{\"@type\":\"WebPage\",\"@id\":\"https:\/\/www.exploring-umbria.com\/es\/descubre-asis-la-ciudad-del-alma\/que-ver-en-asis\/basilica-de-santa-clara-de-asis\/#webpage\",\"url\":\"https:\/\/www.exploring-umbria.com\/es\/descubre-asis-la-ciudad-del-alma\/que-ver-en-asis\/basilica-de-santa-clara-de-asis\/\",\"name\":\"Bas\u00edlica de Santa Clara de As\u00eds - Exploring Umbria\",\"isPartOf\":{\"@id\":\"https:\/\/www.exploring-umbria.com\/es\/#website\"},\"primaryImageOfPage\":{\"@id\":\"https:\/\/www.exploring-umbria.com\/es\/descubre-asis-la-ciudad-del-alma\/que-ver-en-asis\/basilica-de-santa-clara-de-asis\/#primaryimage\"},\"datePublished\":\"2018-11-22T16:28:35+00:00\",\"dateModified\":\"2020-03-26T15:22:04+00:00\",\"description\":\"La construcci\u00f3n de la Bas\u00edlica comenz\u00f3 en 1257, dos a\u00f1os despu\u00e9s de la canonizaci\u00f3n de santa Clara, y fue dise\u00f1ada para incorporar la Iglesia de San Jorge\",\"breadcrumb\":{\"@id\":\"https:\/\/www.exploring-umbria.com\/es\/descubre-asis-la-ciudad-del-alma\/que-ver-en-asis\/basilica-de-santa-clara-de-asis\/#breadcrumb\"},\"inLanguage\":\"es\",\"potentialAction\":[{\"@type\":\"ReadAction\",\"target\":[\"https:\/\/www.exploring-umbria.com\/es\/descubre-asis-la-ciudad-del-alma\/que-ver-en-asis\/basilica-de-santa-clara-de-asis\/\"]}]},{\"@type\":\"BreadcrumbList\",\"@id\":\"https:\/\/www.exploring-umbria.com\/es\/descubre-asis-la-ciudad-del-alma\/que-ver-en-asis\/basilica-de-santa-clara-de-asis\/#breadcrumb\",\"itemListElement\":[{\"@type\":\"ListItem\",\"position\":1,\"name\":\"Home\",\"item\":\"https:\/\/www.exploring-umbria.com\/es\/\"},{\"@type\":\"ListItem\",\"position\":2,\"name\":\"Descubre As\u00eds: la ciudad del alma\",\"item\":\"https:\/\/www.exploring-umbria.com\/es\/descubre-asis-la-ciudad-del-alma\/\"},{\"@type\":\"ListItem\",\"position\":3,\"name\":\"Qu\u00e9 ver en As\u00eds\",\"item\":\"https:\/\/www.exploring-umbria.com\/es\/descubre-asis-la-ciudad-del-alma\/que-ver-en-asis\/\"},{\"@type\":\"ListItem\",\"position\":4,\"name\":\"Bas\u00edlica de Santa Clara de As\u00eds\"}]}]}<\/script>\n<!-- \/ Yoast SEO plugin. -->","yoast_head_json":{"title":"Bas\u00edlica de Santa Clara de As\u00eds - Exploring Umbria","description":"La construcci\u00f3n de la Bas\u00edlica comenz\u00f3 en 1257, dos a\u00f1os despu\u00e9s de la canonizaci\u00f3n de santa Clara, y fue dise\u00f1ada para incorporar la Iglesia de San Jorge","robots":{"index":"index","follow":"follow","max-snippet":"max-snippet:-1","max-image-preview":"max-image-preview:large","max-video-preview":"max-video-preview:-1"},"canonical":"https:\/\/www.exploring-umbria.com\/es\/descubre-asis-la-ciudad-del-alma\/que-ver-en-asis\/basilica-de-santa-clara-de-asis\/","og_locale":"es_ES","og_type":"article","og_title":"Bas\u00edlica de Santa Clara de As\u00eds - Exploring Umbria","og_description":"La construcci\u00f3n de la Bas\u00edlica comenz\u00f3 en 1257, dos a\u00f1os despu\u00e9s de la canonizaci\u00f3n de santa Clara, y fue dise\u00f1ada para incorporar la Iglesia de San Jorge","og_url":"https:\/\/www.exploring-umbria.com\/es\/descubre-asis-la-ciudad-del-alma\/que-ver-en-asis\/basilica-de-santa-clara-de-asis\/","og_site_name":"Exploring Umbria","article_publisher":"https:\/\/www.facebook.com\/exploringumbria\/","article_modified_time":"2020-03-26T15:22:04+00:00","og_image":[{"width":1800,"height":1200,"url":"https:\/\/www.exploring-umbria.com\/wp-content\/uploads\/2019\/04\/Assisi-Chiesa-Santa-Chiara.jpeg","type":"image\/jpeg"}],"twitter_card":"summary_large_image","twitter_misc":{"Tiempo de lectura":"7 minutos"},"schema":{"@context":"https:\/\/schema.org","@graph":[{"@type":"Organization","@id":"https:\/\/www.exploring-umbria.com\/es\/#organization","name":"Exploring Umbria","url":"https:\/\/www.exploring-umbria.com\/es\/","sameAs":["https:\/\/www.facebook.com\/exploringumbria\/","https:\/\/www.instagram.com\/exploringumbria\/"],"logo":{"@type":"ImageObject","@id":"https:\/\/www.exploring-umbria.com\/es\/#logo","inLanguage":"es","url":"https:\/\/www.exploring-umbria.com\/wp-content\/uploads\/2019\/08\/solo-logo-verde.jpg","contentUrl":"https:\/\/www.exploring-umbria.com\/wp-content\/uploads\/2019\/08\/solo-logo-verde.jpg","width":952,"height":532,"caption":"Exploring Umbria"},"image":{"@id":"https:\/\/www.exploring-umbria.com\/es\/#logo"}},{"@type":"WebSite","@id":"https:\/\/www.exploring-umbria.com\/es\/#website","url":"https:\/\/www.exploring-umbria.com\/es\/","name":"Exploring Umbria","description":"your dates, your mood, your trip","publisher":{"@id":"https:\/\/www.exploring-umbria.com\/es\/#organization"},"potentialAction":[{"@type":"SearchAction","target":{"@type":"EntryPoint","urlTemplate":"https:\/\/www.exploring-umbria.com\/es\/?s={search_term_string}"},"query-input":"required name=search_term_string"}],"inLanguage":"es"},{"@type":"ImageObject","@id":"https:\/\/www.exploring-umbria.com\/es\/descubre-asis-la-ciudad-del-alma\/que-ver-en-asis\/basilica-de-santa-clara-de-asis\/#primaryimage","inLanguage":"es","url":"https:\/\/www.exploring-umbria.com\/wp-content\/uploads\/2019\/04\/Assisi-Chiesa-Santa-Chiara.jpeg","contentUrl":"https:\/\/www.exploring-umbria.com\/wp-content\/uploads\/2019\/04\/Assisi-Chiesa-Santa-Chiara.jpeg","width":1800,"height":1200,"caption":"La Basilica di santa Chiara"},{"@type":"WebPage","@id":"https:\/\/www.exploring-umbria.com\/es\/descubre-asis-la-ciudad-del-alma\/que-ver-en-asis\/basilica-de-santa-clara-de-asis\/#webpage","url":"https:\/\/www.exploring-umbria.com\/es\/descubre-asis-la-ciudad-del-alma\/que-ver-en-asis\/basilica-de-santa-clara-de-asis\/","name":"Bas\u00edlica de Santa Clara de As\u00eds - Exploring Umbria","isPartOf":{"@id":"https:\/\/www.exploring-umbria.com\/es\/#website"},"primaryImageOfPage":{"@id":"https:\/\/www.exploring-umbria.com\/es\/descubre-asis-la-ciudad-del-alma\/que-ver-en-asis\/basilica-de-santa-clara-de-asis\/#primaryimage"},"datePublished":"2018-11-22T16:28:35+00:00","dateModified":"2020-03-26T15:22:04+00:00","description":"La construcci\u00f3n de la Bas\u00edlica comenz\u00f3 en 1257, dos a\u00f1os despu\u00e9s de la canonizaci\u00f3n de santa Clara, y fue dise\u00f1ada para incorporar la Iglesia de San Jorge","breadcrumb":{"@id":"https:\/\/www.exploring-umbria.com\/es\/descubre-asis-la-ciudad-del-alma\/que-ver-en-asis\/basilica-de-santa-clara-de-asis\/#breadcrumb"},"inLanguage":"es","potentialAction":[{"@type":"ReadAction","target":["https:\/\/www.exploring-umbria.com\/es\/descubre-asis-la-ciudad-del-alma\/que-ver-en-asis\/basilica-de-santa-clara-de-asis\/"]}]},{"@type":"BreadcrumbList","@id":"https:\/\/www.exploring-umbria.com\/es\/descubre-asis-la-ciudad-del-alma\/que-ver-en-asis\/basilica-de-santa-clara-de-asis\/#breadcrumb","itemListElement":[{"@type":"ListItem","position":1,"name":"Home","item":"https:\/\/www.exploring-umbria.com\/es\/"},{"@type":"ListItem","position":2,"name":"Descubre As\u00eds: la ciudad del alma","item":"https:\/\/www.exploring-umbria.com\/es\/descubre-asis-la-ciudad-del-alma\/"},{"@type":"ListItem","position":3,"name":"Qu\u00e9 ver en As\u00eds","item":"https:\/\/www.exploring-umbria.com\/es\/descubre-asis-la-ciudad-del-alma\/que-ver-en-asis\/"},{"@type":"ListItem","position":4,"name":"Bas\u00edlica de Santa Clara de As\u00eds"}]}]}},"_links":{"self":[{"href":"https:\/\/www.exploring-umbria.com\/es\/wp-json\/wp\/v2\/pages\/3240"}],"collection":[{"href":"https:\/\/www.exploring-umbria.com\/es\/wp-json\/wp\/v2\/pages"}],"about":[{"href":"https:\/\/www.exploring-umbria.com\/es\/wp-json\/wp\/v2\/types\/page"}],"author":[{"embeddable":true,"href":"https:\/\/www.exploring-umbria.com\/es\/wp-json\/wp\/v2\/users\/1"}],"replies":[{"embeddable":true,"href":"https:\/\/www.exploring-umbria.com\/es\/wp-json\/wp\/v2\/comments?post=3240"}],"version-history":[{"count":6,"href":"https:\/\/www.exploring-umbria.com\/es\/wp-json\/wp\/v2\/pages\/3240\/revisions"}],"predecessor-version":[{"id":33079,"href":"https:\/\/www.exploring-umbria.com\/es\/wp-json\/wp\/v2\/pages\/3240\/revisions\/33079"}],"up":[{"embeddable":true,"href":"https:\/\/www.exploring-umbria.com\/es\/wp-json\/wp\/v2\/pages\/3250"}],"wp:featuredmedia":[{"embeddable":true,"href":"https:\/\/www.exploring-umbria.com\/es\/wp-json\/wp\/v2\/media\/4834"}],"wp:attachment":[{"href":"https:\/\/www.exploring-umbria.com\/es\/wp-json\/wp\/v2\/media?parent=3240"}],"curies":[{"name":"wp","href":"https:\/\/api.w.org\/{rel}","templated":true}]}}