{"id":3235,"date":"2018-11-23T11:59:25","date_gmt":"2018-11-23T10:59:25","guid":{"rendered":"https:\/\/www.exploring-umbria.com\/basilica-s-maria-degli-angeli-in-porziuncola\/"},"modified":"2020-03-26T16:36:24","modified_gmt":"2020-03-26T15:36:24","slug":"basilica-de-santa-maria-de-los-angeles-en-porciuncula","status":"publish","type":"page","link":"https:\/\/www.exploring-umbria.com\/es\/descubre-asis-la-ciudad-del-alma\/que-ver-en-asis\/basilica-de-santa-maria-de-los-angeles-en-porciuncula\/","title":{"rendered":"Bas\u00edlica de Santa Mar\u00eda de los \u00c1ngeles en Porci\u00fancula"},"content":{"rendered":"<p><strong>La peque\u00f1a capilla de Santa Mar\u00eda de los \u00c1ngeles en Porci\u00fancula<\/strong>, que todav\u00eda se puede ver intacta en el interior de la Bas\u00edlica, fue construida seg\u00fan la tradici\u00f3n por cuatro veteranos de la Guerra Santa que trajeron a casa un fragmento de la tumba de la Virgen, en la llanura boscosa debajo de As\u00eds, llamada precisamente Cerrillo de Porci\u00fancula. All\u00ed, en ciertos d\u00edas de oto\u00f1o, el fuerte viento que barre cada nube del cielo, pasando a trav\u00e9s del follaje de los \u00e1rboles, se parec\u00eda al canto de los \u00e1ngeles. La capilla fue administrada por los monjes benedictinos de San Benito en Subasio desde el siglo X en adelante. Este lugar habr\u00eda sido completamente olvidado si las calles de <strong>Francisco y Clara <\/strong>no lo hubieran pisado. Gracias a ellos, hoy podemos ver la <strong>Porci\u00fancula<\/strong> intacta, como lo fue hace m\u00e1s o menos mil a\u00f1os. Sin embargo, en lugar de un ruidoso bosque hay una enorme bas\u00edlica, construida entre los siglos XVI y XVII, que lo incorpora y protege como una madre cuidadosa. Visto as\u00ed, desde el interior del vientre, se ve a\u00fan m\u00e1s peque\u00f1o, incre\u00edblemente peque\u00f1o.<\/p>\n<p>La Iglesia fue donada al Santo \u00ab<em>poverello<\/em>\u00bb por los mismos monjes benedictinos para establecer el campamento base de la orden franciscana. Cuando Francisco lleg\u00f3 aqu\u00ed por primera vez, la iglesia estaba en un estado de abandono. Su hagiograf\u00eda nos dice que dedic\u00f3 el tercer a\u00f1o despu\u00e9s de su conversi\u00f3n enteramente a la renovaci\u00f3n de la peque\u00f1a capilla. Fue aqu\u00ed donde se dio cuenta, leyendo el Evangelio, de que su misi\u00f3n no era restaurar los edificios religiosos en ruinas, sino restaurar y predicar el Reino de Dios en su totalidad, viviendo en pobreza, penitencia y sencillez. Desde aqu\u00ed Francisco y sus cohermanos pudieron llevar su mensaje por toda Italia, y siempre volv\u00edan a este lugar. Una noche del a\u00f1o 1211, Chiara d&#8217;Offreduccio llam\u00f3 a las puertas de Porci\u00fancula<em>,<\/em> desesperada y aterrorizada, huyendo de su casa y de su familia aristocr\u00e1tica. Pocos d\u00edas despu\u00e9s, en esta capilla, hizo sus votos y su promesa de penitencia para consagrarse a Dios e iniciar su camino espiritual, lo que la llev\u00f3 a fundar el movimiento franciscano femenino de las Clarisas y a convertirse en la santa m\u00e1s importante de la ciudad.<\/p>\n<p>En la Porci\u00fancula de 1216 se instituy\u00f3 por primera vez el \u00abPerd\u00f3n de As\u00eds\u00bb, un ritual de indulgencia plenaria en el que se establec\u00eda que todo aquel que entrara en la Iglesia con un sincero esp\u00edritu de arrepentimiento ser\u00eda inmediatamente absuelto de todos los pecados cometidos tras su confesi\u00f3n. La indulgencia era una pr\u00e1ctica frecuente en la Iglesia cristiana durante la Edad Media, pero hasta entonces para recibir la absoluci\u00f3n era necesario pagar una \u00abofrenda\u00bb, es decir, una suma de dinero que s\u00f3lo pod\u00edan permitirse a los ricos, hacer una larga peregrinaci\u00f3n a los lugares m\u00e1s importantes del cristianismo, como la Ciudad Santa, o realizar pr\u00e1cticas especiales de mortificaci\u00f3n de la carne, como ayunar a la fuerza o dormir en un lecho de ortigas. Francisco logr\u00f3 obtener esta extraordinaria \u00abderogaci\u00f3n\u00bb present\u00e1ndose personalmente al <em>Papa Honorio III<\/em> y convenci\u00e9ndolo de la santidad de su petici\u00f3n. Cuando regres\u00f3 a As\u00eds, hizo el glorioso anuncio delante de miles de personas en \u00e9xtasis desde un p\u00falpito montado especialmente fuera de Porci\u00fancula. El \u00ab<strong>Perd\u00f3n de As\u00eds<\/strong>\u00bb fue una pr\u00e1ctica controvertida y muy debatida en la Iglesia a lo largo de la historia. Esta regla fue cambiada con el tiempo muchas veces. Primero se extendi\u00f3 a todas las iglesias franciscanas, luego a cada iglesia parroquial, pero el ritual se redujo a s\u00f3lo dos d\u00edas al a\u00f1o: el 1 y el 2 de agosto. En 1988 la Penitenciar\u00eda Apost\u00f3lica estableci\u00f3 que dentro de Porci\u00fancula la indulgencia pod\u00eda ser recibida en cualquier d\u00eda del a\u00f1o, confirmando la extraordinaria importancia que este lugar tiene para el mundo cristiano.<\/p>\n<p>En el interior de la Bas\u00edlica de Santa Mar\u00eda de los \u00c1ngeles, a pocos pasos de Porci\u00fancula, se encuentra el lugar donde Francisco quiso que lo llevaran a pasar sus \u00faltimos momentos de vida, y a escribir el \u00faltimo verso de su <a href=\"https:\/\/es.wikipedia.org\/wiki\/C%C3%A1ntico_de_las_criaturas\" target=\"_blank\" rel=\"noopener noreferrer\"><em>C\u00e1ntico de las Criaturas<\/em><\/a>: la <strong>Capilla del Tr\u00e1nsito. <\/strong>En este estrecho espacio, lo que queda de la enfermer\u00eda del antiguo convento que fue construido para albergar a los frailes, Francisco fue asistido hasta su \u00faltimo aliento, que tuvo lugar la noche del 3 de octubre de 1226. En la Capilla hay algunos frescos realizados por un pintor del <em>Perugino<\/em>, llamado <strong>Lo Spagna<\/strong>. Detr\u00e1s del altar hay una espl\u00e9ndida y conmovedora estatua de Francisco modelada por <strong>Andrea della Robbia<\/strong>, uno de los ceramistas m\u00e1s caracter\u00edsticos del Renacimiento. Adem\u00e1s, tambi\u00e9n dentro de la capilla, hay una reliquia importante del Santo, el c\u00edngulo, que es la cuerda con la que Francisco ataba su h\u00e1bito a la cintura.<\/p>\n<p>La noticia del Perd\u00f3n de As\u00eds se difundi\u00f3 en Italia y en Europa muy r\u00e1pidamente y ya en los d\u00edas siguientes al anuncio de Francisco Porci\u00fancula se convirti\u00f3 en destino de continuas peregrinaciones. En la segunda mitad del siglo XVI, el flujo de peregrinaciones fue tan grande que se decidi\u00f3 ampliar la iglesia y construir m\u00e1s alojamientos. Basada en el proyecto de <em>Galeazzo Alessi<\/em>, naci\u00f3 la majestuosa Bas\u00edlica de Santa Mar\u00eda de los \u00c1ngeles, de 126 metros de largo y 65 metros de ancho, capaz de recibir a los cientos de miles de peregrinos que la visitan cada a\u00f1o. El proyecto era tan ambicioso que la construcci\u00f3n de la iglesia dur\u00f3 m\u00e1s de un siglo.<\/p>\n<p>De hecho, hoy en d\u00eda podemos ver muy poco del proyecto original del gran arquitecto perusino. El siglo XIX fue un siglo muy oscuro para la Bas\u00edlica: primero los saqueos del ej\u00e9rcito napole\u00f3nico y luego el violento terremoto de 1832, ambos devastaron gran parte del edificio. La c\u00fapula dise\u00f1ada por <em>Alessi<\/em> se derrumb\u00f3 de forma desastrosa sobre la Porci\u00fancula, que permaneci\u00f3 intacta como por milagro. En los a\u00f1os siguientes, las obras de renovaci\u00f3n cambiaron bastante la forma de la iglesia. La fachada, que culmina en la caracter\u00edstica estatua de bronce dorado de la Virgen, se termin\u00f3 en 1930. Del proyecto original s\u00f3lo quedan el \u00e1bside y la c\u00fapula, reconstruidos en tan s\u00f3lo ocho a\u00f1os despu\u00e9s de su derrumbamiento. En el exterior, en el muro izquierdo de la Bas\u00edlica que da al camino para As\u00eds, se encuentra la <strong>Fuente de los 26 ca\u00f1os<\/strong>. Una fuente que recorre casi toda la longitud de la muralla construida por la familia <em>M\u00e9dicis <\/em>en 1610, que tambi\u00e9n fueron grandes devotos de <em>San Francisco. <\/em>En las decoraciones que adornan alternativamente los picos de fuga de agua se puede ver un escudo con seis esferas en relieve. Este s\u00edmbolo representaba el escudo de armas de la familia florentina, con el que eran conocidos en toda Europa.<\/p>\n<p>El interior de la Bas\u00edlica, a diferencia del de su hom\u00f3loga <a href=\"https:\/\/www.exploring-umbria.com\/es\/subcategories\/cosa-fare-e-cosa-vedere-ad-assisi\/#heading3237\" target=\"_blank\" rel=\"noopener noreferrer\"><strong>Bas\u00edlica de San Francisco<\/strong><\/a>, es sencillo y sobrio, no muy decorado, en plena armon\u00eda con los principios de la Regla franciscana. Consta de tres naves y cada nave lateral alberga cinco capillas, las \u00fanicas \u00e1reas de la Bas\u00edlica con frescos y decoraciones, comisionadas a lo largo de los a\u00f1os por devotos nobles o instituciones municipales.<\/p>\n<p>La Porci\u00fancula est\u00e1 situada en el centro exacto de la Bas\u00edlica de Santa Mar\u00eda de los \u00c1ngeles como un n\u00facleo s\u00f3lido del que todo se libera. En el interior, en la pared detr\u00e1s del altar, hay un panel que <em>Ilario da Viterbo <\/em>pint\u00f3 en 1393 que cuenta la historia del Perd\u00f3n de As\u00eds. La historia, que como hemos visto termina con un glorioso anuncio delante de miles de personas, comienza en realidad a pocos metros de la iglesia, en el <strong>rosal<\/strong> de un patio adyacente ala Bas\u00edlica. Seg\u00fan la hagiograf\u00eda, la visi\u00f3n que empuja a Francisco a pedir al Papa la indulgencia del Perd\u00f3n es anticipada por una grande y misteriosa tentaci\u00f3n a la que se enfrenta el fraile mientras se encuentra inmerso en un momento de oraci\u00f3n. Para no caer en la trampa, se desnud\u00f3 y se arroj\u00f3 al rosal, que al instante perdi\u00f3 todas sus espinas. A\u00fan hoy, la \u00abRosa Canina <em>Assisiensis<\/em>\u00ab, que crece en esa parte del convento, no tiene rastro de espinas. La capilla cerca del rosal, construida en memoria de este milagroso acontecimiento, conserva en una cueva subterr\u00e1nea las vigas que se dice que formaron el p\u00falpito al que Francisco anunci\u00f3 el Perd\u00f3n.<\/p>\n<p>Aunque no hay obras de arte famosas en este lugar, la Bas\u00edlica y la Porci\u00fancula son una experiencia \u00fanica de visita, que se puede vivir s\u00f3lo imaginando las historias y personajes que han cruzado estos espacios en m\u00e1s de un milenio. Desde el exterior o desde el interior de la Bas\u00edlica, con un poco de imaginaci\u00f3n, se pueden ver las escenas de los encuentros multitudinarios que inundaron la iglesia para la recurrencia del Perd\u00f3n; en el interior de la Capilla de la Porci\u00fancula se puede vivir de nuevo la intimidad de la consagraci\u00f3n de Clara, de apenas dieciocho a\u00f1os, despojada y totalmente abandonada a Dios, mientras Francisco se corta el pelo a la luz de las tenues y parpadeantes linternas de aceite.<\/p>\n<p>Pero por si fuera poco, la Bas\u00edlica de Santa Mar\u00eda de los \u00c1ngeles a\u00fan conserva algunas sorpresas por descubrir para las que s\u00f3lo hay que dirigirse al <strong>Museo de la Porci\u00fancula<\/strong>. El museo alberga algunas obras maestras del arte cristiano y franciscano, del antiguo crucifijo de <strong>Giunta da Pisano<\/strong>, fechado en 1236, uno de los primeros crucifijos en el que se representa el cristo<em> patiens<\/em>, humanizado y sufriendo, contrariamente al estilo imperante en la \u00e9poca -de inspiraci\u00f3n greco-bizantina- del cristo<em> Triumphans<\/em> glorioso y triunfante incluso en el acto de su crucifixi\u00f3n. Podemos considerar <em>a Giunta da Pisano<\/em>, junto con <em>Cimabue<\/em> y <em>Giotto<\/em>, uno de los mayores innovadores del arte medieval, entre los primeros que sentaron las bases del arte renacentista. Entre las muchas obras de arte y objetos preciosos, el museo tiene dos paneles pintados que representan a San Francisco, cuya historia, como sucede a menudo, est\u00e1 mezclada con el mito. La primera es del <em>Maestro de San Francisco<\/em>, la misteriosa mano que tambi\u00e9n produjo muchos frescos dentro de la Bas\u00edlica de San Francisco, y es la imagen m\u00e1s antigua de Francesco que se haya encontrado, que data de mediados de 1200. Inicialmente colocada en la Capilla del Tr\u00e1nsito, se dice que la obra fue pintada sobre la misma mesa donde Francisco se acostaba y sobre la que dio su \u00faltimo aliento. El segundo panel se atribuye a <strong>Cimabue<\/strong> por su extraordinaria semejanza con el retrato del Santo que el maestro florentino pint\u00f3 en la Majestad de la Bas\u00edlica Inferior de San Francisco, el retrato m\u00e1s fiel que tenemos. Tambi\u00e9n en este caso, seg\u00fan el mito, la tabla que constituye la base del cuadro era la tapa del ata\u00fad en el que se guardaba inicialmente el cuerpo de Francisco. En una de las seis salas del museo se encuentra tambi\u00e9n otra valiosa obra de <em>Andrea della Robbia<\/em>: un dosal de terracota vidriada y brillante, datado del 1475, que representa escenas sagradas e historias franciscanas, incluida la escena en la que San Francisco recibe los estigmas, en el Santuario del Alverna. Historia, arte, espiritualidad y mito, la receta perfecta para una experiencia \u00fanica.<\/p>\n","protected":false},"excerpt":{"rendered":"<p>La peque\u00f1a capilla de Santa Mar\u00eda de los \u00c1ngeles en Porci\u00fancula, que todav\u00eda se puede ver intacta en el interior de la Bas\u00edlica, fue construida seg\u00fan la tradici\u00f3n por cuatro veteranos de la Guerra Santa que trajeron a casa un fragmento de la tumba de la Virgen, en la llanura boscosa debajo de As\u00eds, llamada [&hellip;]<\/p>\n","protected":false},"author":1,"featured_media":17319,"parent":3250,"menu_order":0,"comment_status":"closed","ping_status":"closed","template":"","meta":{"om_disable_all_campaigns":false,"_monsterinsights_skip_tracking":false,"_monsterinsights_sitenote_active":false,"_monsterinsights_sitenote_note":"","_monsterinsights_sitenote_category":0},"acf":[],"yoast_head":"<!-- This site is optimized with the Yoast SEO plugin v18.4.1 - https:\/\/yoast.com\/wordpress\/plugins\/seo\/ -->\n<title>Bas\u00edlica de Santa Mar\u00eda de los \u00c1ngeles en Porci\u00fancula - Exploring Umbria<\/title>\n<meta name=\"description\" content=\"La peque\u00f1a capilla de Santa Mar\u00eda de los \u00c1ngeles en Porci\u00fancula, que todav\u00eda se puede ver intacta en el interior de la Bas\u00edlica, fue construida seg\u00fan la\" \/>\n<meta name=\"robots\" content=\"index, follow, max-snippet:-1, max-image-preview:large, max-video-preview:-1\" \/>\n<link rel=\"canonical\" href=\"https:\/\/www.exploring-umbria.com\/es\/descubre-asis-la-ciudad-del-alma\/que-ver-en-asis\/basilica-de-santa-maria-de-los-angeles-en-porciuncula\/\" \/>\n<meta property=\"og:locale\" content=\"es_ES\" \/>\n<meta property=\"og:type\" content=\"article\" \/>\n<meta property=\"og:title\" content=\"Bas\u00edlica de Santa Mar\u00eda de los \u00c1ngeles en Porci\u00fancula - Exploring Umbria\" \/>\n<meta property=\"og:description\" content=\"La peque\u00f1a capilla de Santa Mar\u00eda de los \u00c1ngeles en Porci\u00fancula, que todav\u00eda se puede ver intacta en el interior de la Bas\u00edlica, fue construida seg\u00fan la\" \/>\n<meta property=\"og:url\" content=\"https:\/\/www.exploring-umbria.com\/es\/descubre-asis-la-ciudad-del-alma\/que-ver-en-asis\/basilica-de-santa-maria-de-los-angeles-en-porciuncula\/\" \/>\n<meta property=\"og:site_name\" content=\"Exploring Umbria\" \/>\n<meta property=\"article:publisher\" content=\"https:\/\/www.facebook.com\/exploringumbria\/\" \/>\n<meta property=\"article:modified_time\" content=\"2020-03-26T15:36:24+00:00\" \/>\n<meta property=\"og:image\" content=\"https:\/\/www.exploring-umbria.com\/wp-content\/uploads\/2019\/07\/Assisi-BASILICA-SANTA-MARIA-DEGLI-ANGELI.jpg\" \/>\n\t<meta property=\"og:image:width\" content=\"1800\" \/>\n\t<meta property=\"og:image:height\" content=\"1200\" \/>\n\t<meta property=\"og:image:type\" content=\"image\/jpeg\" \/>\n<meta name=\"twitter:card\" content=\"summary_large_image\" \/>\n<meta name=\"twitter:label1\" content=\"Tiempo de lectura\" \/>\n\t<meta name=\"twitter:data1\" content=\"10 minutos\" \/>\n<script type=\"application\/ld+json\" class=\"yoast-schema-graph\">{\"@context\":\"https:\/\/schema.org\",\"@graph\":[{\"@type\":\"Organization\",\"@id\":\"https:\/\/www.exploring-umbria.com\/es\/#organization\",\"name\":\"Exploring Umbria\",\"url\":\"https:\/\/www.exploring-umbria.com\/es\/\",\"sameAs\":[\"https:\/\/www.facebook.com\/exploringumbria\/\",\"https:\/\/www.instagram.com\/exploringumbria\/\"],\"logo\":{\"@type\":\"ImageObject\",\"@id\":\"https:\/\/www.exploring-umbria.com\/es\/#logo\",\"inLanguage\":\"es\",\"url\":\"https:\/\/www.exploring-umbria.com\/wp-content\/uploads\/2019\/08\/solo-logo-verde.jpg\",\"contentUrl\":\"https:\/\/www.exploring-umbria.com\/wp-content\/uploads\/2019\/08\/solo-logo-verde.jpg\",\"width\":952,\"height\":532,\"caption\":\"Exploring Umbria\"},\"image\":{\"@id\":\"https:\/\/www.exploring-umbria.com\/es\/#logo\"}},{\"@type\":\"WebSite\",\"@id\":\"https:\/\/www.exploring-umbria.com\/es\/#website\",\"url\":\"https:\/\/www.exploring-umbria.com\/es\/\",\"name\":\"Exploring Umbria\",\"description\":\"your dates, your mood, your trip\",\"publisher\":{\"@id\":\"https:\/\/www.exploring-umbria.com\/es\/#organization\"},\"potentialAction\":[{\"@type\":\"SearchAction\",\"target\":{\"@type\":\"EntryPoint\",\"urlTemplate\":\"https:\/\/www.exploring-umbria.com\/es\/?s={search_term_string}\"},\"query-input\":\"required name=search_term_string\"}],\"inLanguage\":\"es\"},{\"@type\":\"ImageObject\",\"@id\":\"https:\/\/www.exploring-umbria.com\/es\/descubre-asis-la-ciudad-del-alma\/que-ver-en-asis\/basilica-de-santa-maria-de-los-angeles-en-porciuncula\/#primaryimage\",\"inLanguage\":\"es\",\"url\":\"https:\/\/www.exploring-umbria.com\/wp-content\/uploads\/2019\/07\/Assisi-BASILICA-SANTA-MARIA-DEGLI-ANGELI.jpg\",\"contentUrl\":\"https:\/\/www.exploring-umbria.com\/wp-content\/uploads\/2019\/07\/Assisi-BASILICA-SANTA-MARIA-DEGLI-ANGELI.jpg\",\"width\":1800,\"height\":1200,\"caption\":\"Basilica di Santa Maria degli Angeli, Assisi\"},{\"@type\":\"WebPage\",\"@id\":\"https:\/\/www.exploring-umbria.com\/es\/descubre-asis-la-ciudad-del-alma\/que-ver-en-asis\/basilica-de-santa-maria-de-los-angeles-en-porciuncula\/#webpage\",\"url\":\"https:\/\/www.exploring-umbria.com\/es\/descubre-asis-la-ciudad-del-alma\/que-ver-en-asis\/basilica-de-santa-maria-de-los-angeles-en-porciuncula\/\",\"name\":\"Bas\u00edlica de Santa Mar\u00eda de los \u00c1ngeles en Porci\u00fancula - Exploring Umbria\",\"isPartOf\":{\"@id\":\"https:\/\/www.exploring-umbria.com\/es\/#website\"},\"primaryImageOfPage\":{\"@id\":\"https:\/\/www.exploring-umbria.com\/es\/descubre-asis-la-ciudad-del-alma\/que-ver-en-asis\/basilica-de-santa-maria-de-los-angeles-en-porciuncula\/#primaryimage\"},\"datePublished\":\"2018-11-23T10:59:25+00:00\",\"dateModified\":\"2020-03-26T15:36:24+00:00\",\"description\":\"La peque\u00f1a capilla de Santa Mar\u00eda de los \u00c1ngeles en Porci\u00fancula, que todav\u00eda se puede ver intacta en el interior de la Bas\u00edlica, fue construida seg\u00fan la\",\"breadcrumb\":{\"@id\":\"https:\/\/www.exploring-umbria.com\/es\/descubre-asis-la-ciudad-del-alma\/que-ver-en-asis\/basilica-de-santa-maria-de-los-angeles-en-porciuncula\/#breadcrumb\"},\"inLanguage\":\"es\",\"potentialAction\":[{\"@type\":\"ReadAction\",\"target\":[\"https:\/\/www.exploring-umbria.com\/es\/descubre-asis-la-ciudad-del-alma\/que-ver-en-asis\/basilica-de-santa-maria-de-los-angeles-en-porciuncula\/\"]}]},{\"@type\":\"BreadcrumbList\",\"@id\":\"https:\/\/www.exploring-umbria.com\/es\/descubre-asis-la-ciudad-del-alma\/que-ver-en-asis\/basilica-de-santa-maria-de-los-angeles-en-porciuncula\/#breadcrumb\",\"itemListElement\":[{\"@type\":\"ListItem\",\"position\":1,\"name\":\"Home\",\"item\":\"https:\/\/www.exploring-umbria.com\/es\/\"},{\"@type\":\"ListItem\",\"position\":2,\"name\":\"Descubre As\u00eds: la ciudad del alma\",\"item\":\"https:\/\/www.exploring-umbria.com\/es\/descubre-asis-la-ciudad-del-alma\/\"},{\"@type\":\"ListItem\",\"position\":3,\"name\":\"Qu\u00e9 ver en As\u00eds\",\"item\":\"https:\/\/www.exploring-umbria.com\/es\/descubre-asis-la-ciudad-del-alma\/que-ver-en-asis\/\"},{\"@type\":\"ListItem\",\"position\":4,\"name\":\"Bas\u00edlica de Santa Mar\u00eda de los \u00c1ngeles en Porci\u00fancula\"}]}]}<\/script>\n<!-- \/ Yoast SEO plugin. -->","yoast_head_json":{"title":"Bas\u00edlica de Santa Mar\u00eda de los \u00c1ngeles en Porci\u00fancula - Exploring Umbria","description":"La peque\u00f1a capilla de Santa Mar\u00eda de los \u00c1ngeles en Porci\u00fancula, que todav\u00eda se puede ver intacta en el interior de la Bas\u00edlica, fue construida seg\u00fan la","robots":{"index":"index","follow":"follow","max-snippet":"max-snippet:-1","max-image-preview":"max-image-preview:large","max-video-preview":"max-video-preview:-1"},"canonical":"https:\/\/www.exploring-umbria.com\/es\/descubre-asis-la-ciudad-del-alma\/que-ver-en-asis\/basilica-de-santa-maria-de-los-angeles-en-porciuncula\/","og_locale":"es_ES","og_type":"article","og_title":"Bas\u00edlica de Santa Mar\u00eda de los \u00c1ngeles en Porci\u00fancula - Exploring Umbria","og_description":"La peque\u00f1a capilla de Santa Mar\u00eda de los \u00c1ngeles en Porci\u00fancula, que todav\u00eda se puede ver intacta en el interior de la Bas\u00edlica, fue construida seg\u00fan la","og_url":"https:\/\/www.exploring-umbria.com\/es\/descubre-asis-la-ciudad-del-alma\/que-ver-en-asis\/basilica-de-santa-maria-de-los-angeles-en-porciuncula\/","og_site_name":"Exploring Umbria","article_publisher":"https:\/\/www.facebook.com\/exploringumbria\/","article_modified_time":"2020-03-26T15:36:24+00:00","og_image":[{"width":1800,"height":1200,"url":"https:\/\/www.exploring-umbria.com\/wp-content\/uploads\/2019\/07\/Assisi-BASILICA-SANTA-MARIA-DEGLI-ANGELI.jpg","type":"image\/jpeg"}],"twitter_card":"summary_large_image","twitter_misc":{"Tiempo de lectura":"10 minutos"},"schema":{"@context":"https:\/\/schema.org","@graph":[{"@type":"Organization","@id":"https:\/\/www.exploring-umbria.com\/es\/#organization","name":"Exploring Umbria","url":"https:\/\/www.exploring-umbria.com\/es\/","sameAs":["https:\/\/www.facebook.com\/exploringumbria\/","https:\/\/www.instagram.com\/exploringumbria\/"],"logo":{"@type":"ImageObject","@id":"https:\/\/www.exploring-umbria.com\/es\/#logo","inLanguage":"es","url":"https:\/\/www.exploring-umbria.com\/wp-content\/uploads\/2019\/08\/solo-logo-verde.jpg","contentUrl":"https:\/\/www.exploring-umbria.com\/wp-content\/uploads\/2019\/08\/solo-logo-verde.jpg","width":952,"height":532,"caption":"Exploring Umbria"},"image":{"@id":"https:\/\/www.exploring-umbria.com\/es\/#logo"}},{"@type":"WebSite","@id":"https:\/\/www.exploring-umbria.com\/es\/#website","url":"https:\/\/www.exploring-umbria.com\/es\/","name":"Exploring Umbria","description":"your dates, your mood, your trip","publisher":{"@id":"https:\/\/www.exploring-umbria.com\/es\/#organization"},"potentialAction":[{"@type":"SearchAction","target":{"@type":"EntryPoint","urlTemplate":"https:\/\/www.exploring-umbria.com\/es\/?s={search_term_string}"},"query-input":"required name=search_term_string"}],"inLanguage":"es"},{"@type":"ImageObject","@id":"https:\/\/www.exploring-umbria.com\/es\/descubre-asis-la-ciudad-del-alma\/que-ver-en-asis\/basilica-de-santa-maria-de-los-angeles-en-porciuncula\/#primaryimage","inLanguage":"es","url":"https:\/\/www.exploring-umbria.com\/wp-content\/uploads\/2019\/07\/Assisi-BASILICA-SANTA-MARIA-DEGLI-ANGELI.jpg","contentUrl":"https:\/\/www.exploring-umbria.com\/wp-content\/uploads\/2019\/07\/Assisi-BASILICA-SANTA-MARIA-DEGLI-ANGELI.jpg","width":1800,"height":1200,"caption":"Basilica di Santa Maria degli Angeli, Assisi"},{"@type":"WebPage","@id":"https:\/\/www.exploring-umbria.com\/es\/descubre-asis-la-ciudad-del-alma\/que-ver-en-asis\/basilica-de-santa-maria-de-los-angeles-en-porciuncula\/#webpage","url":"https:\/\/www.exploring-umbria.com\/es\/descubre-asis-la-ciudad-del-alma\/que-ver-en-asis\/basilica-de-santa-maria-de-los-angeles-en-porciuncula\/","name":"Bas\u00edlica de Santa Mar\u00eda de los \u00c1ngeles en Porci\u00fancula - Exploring Umbria","isPartOf":{"@id":"https:\/\/www.exploring-umbria.com\/es\/#website"},"primaryImageOfPage":{"@id":"https:\/\/www.exploring-umbria.com\/es\/descubre-asis-la-ciudad-del-alma\/que-ver-en-asis\/basilica-de-santa-maria-de-los-angeles-en-porciuncula\/#primaryimage"},"datePublished":"2018-11-23T10:59:25+00:00","dateModified":"2020-03-26T15:36:24+00:00","description":"La peque\u00f1a capilla de Santa Mar\u00eda de los \u00c1ngeles en Porci\u00fancula, que todav\u00eda se puede ver intacta en el interior de la Bas\u00edlica, fue construida seg\u00fan la","breadcrumb":{"@id":"https:\/\/www.exploring-umbria.com\/es\/descubre-asis-la-ciudad-del-alma\/que-ver-en-asis\/basilica-de-santa-maria-de-los-angeles-en-porciuncula\/#breadcrumb"},"inLanguage":"es","potentialAction":[{"@type":"ReadAction","target":["https:\/\/www.exploring-umbria.com\/es\/descubre-asis-la-ciudad-del-alma\/que-ver-en-asis\/basilica-de-santa-maria-de-los-angeles-en-porciuncula\/"]}]},{"@type":"BreadcrumbList","@id":"https:\/\/www.exploring-umbria.com\/es\/descubre-asis-la-ciudad-del-alma\/que-ver-en-asis\/basilica-de-santa-maria-de-los-angeles-en-porciuncula\/#breadcrumb","itemListElement":[{"@type":"ListItem","position":1,"name":"Home","item":"https:\/\/www.exploring-umbria.com\/es\/"},{"@type":"ListItem","position":2,"name":"Descubre As\u00eds: la ciudad del alma","item":"https:\/\/www.exploring-umbria.com\/es\/descubre-asis-la-ciudad-del-alma\/"},{"@type":"ListItem","position":3,"name":"Qu\u00e9 ver en As\u00eds","item":"https:\/\/www.exploring-umbria.com\/es\/descubre-asis-la-ciudad-del-alma\/que-ver-en-asis\/"},{"@type":"ListItem","position":4,"name":"Bas\u00edlica de Santa Mar\u00eda de los \u00c1ngeles en Porci\u00fancula"}]}]}},"_links":{"self":[{"href":"https:\/\/www.exploring-umbria.com\/es\/wp-json\/wp\/v2\/pages\/3235"}],"collection":[{"href":"https:\/\/www.exploring-umbria.com\/es\/wp-json\/wp\/v2\/pages"}],"about":[{"href":"https:\/\/www.exploring-umbria.com\/es\/wp-json\/wp\/v2\/types\/page"}],"author":[{"embeddable":true,"href":"https:\/\/www.exploring-umbria.com\/es\/wp-json\/wp\/v2\/users\/1"}],"replies":[{"embeddable":true,"href":"https:\/\/www.exploring-umbria.com\/es\/wp-json\/wp\/v2\/comments?post=3235"}],"version-history":[{"count":4,"href":"https:\/\/www.exploring-umbria.com\/es\/wp-json\/wp\/v2\/pages\/3235\/revisions"}],"predecessor-version":[{"id":33081,"href":"https:\/\/www.exploring-umbria.com\/es\/wp-json\/wp\/v2\/pages\/3235\/revisions\/33081"}],"up":[{"embeddable":true,"href":"https:\/\/www.exploring-umbria.com\/es\/wp-json\/wp\/v2\/pages\/3250"}],"wp:featuredmedia":[{"embeddable":true,"href":"https:\/\/www.exploring-umbria.com\/es\/wp-json\/wp\/v2\/media\/17319"}],"wp:attachment":[{"href":"https:\/\/www.exploring-umbria.com\/es\/wp-json\/wp\/v2\/media?parent=3235"}],"curies":[{"name":"wp","href":"https:\/\/api.w.org\/{rel}","templated":true}]}}