{"id":32297,"date":"2019-04-13T18:06:18","date_gmt":"2019-04-13T16:06:18","guid":{"rendered":"https:\/\/www.exploring-umbria.com\/umbria-a-cavallo\/"},"modified":"2020-03-16T18:43:01","modified_gmt":"2020-03-16T17:43:01","slug":"equitacion-en-umbria","status":"publish","type":"page","link":"https:\/\/www.exploring-umbria.com\/es\/equitacion-en-umbria\/","title":{"rendered":"Equitaci\u00f3n en Umbr\u00eda"},"content":{"rendered":"<p>Equitaci\u00f3n en Umbr\u00eda: la cultura ecuestre y la tradici\u00f3n campesina unidas de forma indisoluble por eventos y pasi\u00f3n.<\/p>\n<p>Hoy en d\u00eda, el progreso tecnol\u00f3gico y cultural distingue al ser humano como la especie m\u00e1s avanzada de la faz de la tierra, pero todo esto no podr\u00eda haber ocurrido sin la gran ayuda de otros seres. A lo largo de la historia muchos animales han contribuido a este avance, pero sin duda alguna se puede decir que el mayor y m\u00e1s funcional colaborador del hombre ha sido el <strong>caballo<\/strong>. El v\u00ednculo que une a las dos especies ha sido construido desde la prehistoria y sigue siendo muy fuerte hoy en d\u00eda, aunque desde hace ya tiempo nuestros incansables amigos galopantes han dejado de ser empleados como mano de obra, como medio de transporte o como arma mortal de guerra. Hoy en d\u00eda, los caballos son en su mayor\u00eda nuestros compa\u00f1eros de juego y de deporte, gracias a ellos nos relajamos y, en algunos casos, podemos beneficiarnos a nuestra salud.<\/p>\n<p>Umbr\u00eda es una tierra profundamente vinculada a la cultura ecuestre por su vocaci\u00f3n rural y por el estrecho v\u00ednculo que la regi\u00f3n mantiene con el pasado. Las fiestas tradicionales y folcl\u00f3ricas, que se celebran anualmente y se extienden por todo el territorio, suelen estar estrechamente relacionadas con el caballo. Eventos como la <a href=\"https:\/\/en.wikipedia.org\/wiki\/Giostra_della_Quintana\" target=\"_blank\" rel=\"noopener noreferrer\"><strong>Giostra della Quintana<\/strong><\/a> en <a href=\"https:\/\/www.exploring-umbria.com\/es\/subcategories\/cosa-fare-e-cosa-vedere-a-foligno\/#heading3089\" target=\"_blank\" rel=\"noopener noreferrer\">Foligno<\/a>, la <strong>Giostra d&#8217;Italia<\/strong> en Valfabbrica, el <strong>Palio dei Colombi<\/strong> en Amelia, son recreaciones folcl\u00f3ricas de algunos eventos que tuvieron lugar en el pasado y que incluyen juegos ecuestresen la plaza p\u00fablica. Por esta raz\u00f3n en estos y otros territorios de Umbr\u00eda hay muchos caballos y jinetes que, gracias a su pasi\u00f3n por la equitaci\u00f3n, ofrecen un servicio extra al viajero que pasa o al turista intr\u00e9pido.<\/p>\n<p>Los jinetes m\u00e1s o menos experimentados pueden visitar una de las muchas <strong>escuelas <\/strong>de equitaci\u00f3n de la zona y ser guiados en una caminata aventurera a lo largo de los senderos y antiguos caminos de herradura de monta\u00f1a utilizados en el pasado como v\u00edas de comunicaci\u00f3n. Algunos de estos establos est\u00e1n estructurados como granjas vacacionales y ofrecen servicios de catering y posibilidad de pasar la noche all\u00ed, para una experiencia de inmersi\u00f3n total en la naturaleza y el campo, con tranquilidad asegurada y comida a cero kil\u00f3metros de distancia.<\/p>\n<p>Si eres m\u00e1s deportista, la equitaci\u00f3n siempre ha sido algo que quer\u00edas probar y tienes eldeseo de aprender todos los secretos de un jinete experto, puedeselegir uno de los muchos <strong>centros ecuestres <\/strong>regionales en los que profesionales experimentados te guiar\u00e1n para descubrir las t\u00e9cnicas y muchas disciplinas en las que se dividen los deportes ecuestres.<\/p>\n<p>El contacto con estos hermosos y cari\u00f1osos animales complementar\u00e1 su experiencia de visita, le har\u00e1 comprender por qu\u00e9 han sido tan importantes para elhombre a lo largo de la historia y, lo que es m\u00e1s importante, por qu\u00e9 esta colaboraci\u00f3n milenaria nunca dejar\u00e1 de existir.<\/p>\n","protected":false},"excerpt":{"rendered":"<p>Equitaci\u00f3n en Umbr\u00eda: la cultura ecuestre y la tradici\u00f3n campesina unidas de forma indisoluble por eventos y pasi\u00f3n. Hoy en d\u00eda, el progreso tecnol\u00f3gico y cultural distingue al ser humano como la especie m\u00e1s avanzada de la faz de la tierra, pero todo esto no podr\u00eda haber ocurrido sin la gran ayuda de otros seres. [&hellip;]<\/p>\n","protected":false},"author":4,"featured_media":5646,"parent":0,"menu_order":0,"comment_status":"closed","ping_status":"closed","template":"","meta":{"om_disable_all_campaigns":false,"_monsterinsights_skip_tracking":false,"_monsterinsights_sitenote_active":false,"_monsterinsights_sitenote_note":"","_monsterinsights_sitenote_category":0},"acf":[],"yoast_head":"<!-- This site is optimized with the Yoast SEO plugin v18.4.1 - https:\/\/yoast.com\/wordpress\/plugins\/seo\/ -->\n<title>Equitaci\u00f3n en Umbr\u00eda - Exploring Umbria<\/title>\n<meta name=\"description\" content=\"Equitaci\u00f3n en Umbr\u00eda: la cultura ecuestre y la tradici\u00f3n campesina unidas de forma indisoluble por eventos y pasi\u00f3n. Hoy en d\u00eda, el progreso tecnol\u00f3gico y\" \/>\n<meta name=\"robots\" content=\"index, follow, max-snippet:-1, max-image-preview:large, max-video-preview:-1\" \/>\n<link rel=\"canonical\" href=\"https:\/\/www.exploring-umbria.com\/es\/equitacion-en-umbria\/\" \/>\n<meta property=\"og:locale\" content=\"es_ES\" \/>\n<meta property=\"og:type\" content=\"article\" \/>\n<meta property=\"og:title\" content=\"Equitaci\u00f3n en Umbr\u00eda - Exploring Umbria\" \/>\n<meta property=\"og:description\" content=\"Equitaci\u00f3n en Umbr\u00eda: la cultura ecuestre y la tradici\u00f3n campesina unidas de forma indisoluble por eventos y pasi\u00f3n. Hoy en d\u00eda, el progreso tecnol\u00f3gico y\" \/>\n<meta property=\"og:url\" content=\"https:\/\/www.exploring-umbria.com\/es\/equitacion-en-umbria\/\" \/>\n<meta property=\"og:site_name\" content=\"Exploring Umbria\" \/>\n<meta property=\"article:publisher\" content=\"https:\/\/www.facebook.com\/exploringumbria\/\" \/>\n<meta property=\"article:modified_time\" content=\"2020-03-16T17:43:01+00:00\" \/>\n<meta property=\"og:image\" content=\"https:\/\/www.exploring-umbria.com\/wp-content\/uploads\/2019\/05\/CAVALLO-GRUPPO-6.jpg\" \/>\n\t<meta property=\"og:image:width\" content=\"1800\" \/>\n\t<meta property=\"og:image:height\" content=\"1283\" \/>\n\t<meta property=\"og:image:type\" content=\"image\/jpeg\" \/>\n<meta name=\"twitter:card\" content=\"summary_large_image\" \/>\n<meta name=\"twitter:label1\" content=\"Tiempo de lectura\" \/>\n\t<meta name=\"twitter:data1\" content=\"3 minutos\" \/>\n<script type=\"application\/ld+json\" class=\"yoast-schema-graph\">{\"@context\":\"https:\/\/schema.org\",\"@graph\":[{\"@type\":\"Organization\",\"@id\":\"https:\/\/www.exploring-umbria.com\/es\/#organization\",\"name\":\"Exploring Umbria\",\"url\":\"https:\/\/www.exploring-umbria.com\/es\/\",\"sameAs\":[\"https:\/\/www.facebook.com\/exploringumbria\/\",\"https:\/\/www.instagram.com\/exploringumbria\/\"],\"logo\":{\"@type\":\"ImageObject\",\"@id\":\"https:\/\/www.exploring-umbria.com\/es\/#logo\",\"inLanguage\":\"es\",\"url\":\"https:\/\/www.exploring-umbria.com\/wp-content\/uploads\/2019\/08\/solo-logo-verde.jpg\",\"contentUrl\":\"https:\/\/www.exploring-umbria.com\/wp-content\/uploads\/2019\/08\/solo-logo-verde.jpg\",\"width\":952,\"height\":532,\"caption\":\"Exploring Umbria\"},\"image\":{\"@id\":\"https:\/\/www.exploring-umbria.com\/es\/#logo\"}},{\"@type\":\"WebSite\",\"@id\":\"https:\/\/www.exploring-umbria.com\/es\/#website\",\"url\":\"https:\/\/www.exploring-umbria.com\/es\/\",\"name\":\"Exploring Umbria\",\"description\":\"your dates, your mood, your trip\",\"publisher\":{\"@id\":\"https:\/\/www.exploring-umbria.com\/es\/#organization\"},\"potentialAction\":[{\"@type\":\"SearchAction\",\"target\":{\"@type\":\"EntryPoint\",\"urlTemplate\":\"https:\/\/www.exploring-umbria.com\/es\/?s={search_term_string}\"},\"query-input\":\"required name=search_term_string\"}],\"inLanguage\":\"es\"},{\"@type\":\"ImageObject\",\"@id\":\"https:\/\/www.exploring-umbria.com\/es\/equitacion-en-umbria\/#primaryimage\",\"inLanguage\":\"es\",\"url\":\"https:\/\/www.exploring-umbria.com\/wp-content\/uploads\/2019\/05\/CAVALLO-GRUPPO-6.jpg\",\"contentUrl\":\"https:\/\/www.exploring-umbria.com\/wp-content\/uploads\/2019\/05\/CAVALLO-GRUPPO-6.jpg\",\"width\":1800,\"height\":1283,\"caption\":\"umbria a cavallo\"},{\"@type\":\"WebPage\",\"@id\":\"https:\/\/www.exploring-umbria.com\/es\/equitacion-en-umbria\/#webpage\",\"url\":\"https:\/\/www.exploring-umbria.com\/es\/equitacion-en-umbria\/\",\"name\":\"Equitaci\u00f3n en Umbr\u00eda - Exploring Umbria\",\"isPartOf\":{\"@id\":\"https:\/\/www.exploring-umbria.com\/es\/#website\"},\"primaryImageOfPage\":{\"@id\":\"https:\/\/www.exploring-umbria.com\/es\/equitacion-en-umbria\/#primaryimage\"},\"datePublished\":\"2019-04-13T16:06:18+00:00\",\"dateModified\":\"2020-03-16T17:43:01+00:00\",\"description\":\"Equitaci\u00f3n en Umbr\u00eda: la cultura ecuestre y la tradici\u00f3n campesina unidas de forma indisoluble por eventos y pasi\u00f3n. Hoy en d\u00eda, el progreso tecnol\u00f3gico y\",\"breadcrumb\":{\"@id\":\"https:\/\/www.exploring-umbria.com\/es\/equitacion-en-umbria\/#breadcrumb\"},\"inLanguage\":\"es\",\"potentialAction\":[{\"@type\":\"ReadAction\",\"target\":[\"https:\/\/www.exploring-umbria.com\/es\/equitacion-en-umbria\/\"]}]},{\"@type\":\"BreadcrumbList\",\"@id\":\"https:\/\/www.exploring-umbria.com\/es\/equitacion-en-umbria\/#breadcrumb\",\"itemListElement\":[{\"@type\":\"ListItem\",\"position\":1,\"name\":\"Home\",\"item\":\"https:\/\/www.exploring-umbria.com\/es\/\"},{\"@type\":\"ListItem\",\"position\":2,\"name\":\"Equitaci\u00f3n en Umbr\u00eda\"}]}]}<\/script>\n<!-- \/ Yoast SEO plugin. -->","yoast_head_json":{"title":"Equitaci\u00f3n en Umbr\u00eda - Exploring Umbria","description":"Equitaci\u00f3n en Umbr\u00eda: la cultura ecuestre y la tradici\u00f3n campesina unidas de forma indisoluble por eventos y pasi\u00f3n. Hoy en d\u00eda, el progreso tecnol\u00f3gico y","robots":{"index":"index","follow":"follow","max-snippet":"max-snippet:-1","max-image-preview":"max-image-preview:large","max-video-preview":"max-video-preview:-1"},"canonical":"https:\/\/www.exploring-umbria.com\/es\/equitacion-en-umbria\/","og_locale":"es_ES","og_type":"article","og_title":"Equitaci\u00f3n en Umbr\u00eda - Exploring Umbria","og_description":"Equitaci\u00f3n en Umbr\u00eda: la cultura ecuestre y la tradici\u00f3n campesina unidas de forma indisoluble por eventos y pasi\u00f3n. Hoy en d\u00eda, el progreso tecnol\u00f3gico y","og_url":"https:\/\/www.exploring-umbria.com\/es\/equitacion-en-umbria\/","og_site_name":"Exploring Umbria","article_publisher":"https:\/\/www.facebook.com\/exploringumbria\/","article_modified_time":"2020-03-16T17:43:01+00:00","og_image":[{"width":1800,"height":1283,"url":"https:\/\/www.exploring-umbria.com\/wp-content\/uploads\/2019\/05\/CAVALLO-GRUPPO-6.jpg","type":"image\/jpeg"}],"twitter_card":"summary_large_image","twitter_misc":{"Tiempo de lectura":"3 minutos"},"schema":{"@context":"https:\/\/schema.org","@graph":[{"@type":"Organization","@id":"https:\/\/www.exploring-umbria.com\/es\/#organization","name":"Exploring Umbria","url":"https:\/\/www.exploring-umbria.com\/es\/","sameAs":["https:\/\/www.facebook.com\/exploringumbria\/","https:\/\/www.instagram.com\/exploringumbria\/"],"logo":{"@type":"ImageObject","@id":"https:\/\/www.exploring-umbria.com\/es\/#logo","inLanguage":"es","url":"https:\/\/www.exploring-umbria.com\/wp-content\/uploads\/2019\/08\/solo-logo-verde.jpg","contentUrl":"https:\/\/www.exploring-umbria.com\/wp-content\/uploads\/2019\/08\/solo-logo-verde.jpg","width":952,"height":532,"caption":"Exploring Umbria"},"image":{"@id":"https:\/\/www.exploring-umbria.com\/es\/#logo"}},{"@type":"WebSite","@id":"https:\/\/www.exploring-umbria.com\/es\/#website","url":"https:\/\/www.exploring-umbria.com\/es\/","name":"Exploring Umbria","description":"your dates, your mood, your trip","publisher":{"@id":"https:\/\/www.exploring-umbria.com\/es\/#organization"},"potentialAction":[{"@type":"SearchAction","target":{"@type":"EntryPoint","urlTemplate":"https:\/\/www.exploring-umbria.com\/es\/?s={search_term_string}"},"query-input":"required name=search_term_string"}],"inLanguage":"es"},{"@type":"ImageObject","@id":"https:\/\/www.exploring-umbria.com\/es\/equitacion-en-umbria\/#primaryimage","inLanguage":"es","url":"https:\/\/www.exploring-umbria.com\/wp-content\/uploads\/2019\/05\/CAVALLO-GRUPPO-6.jpg","contentUrl":"https:\/\/www.exploring-umbria.com\/wp-content\/uploads\/2019\/05\/CAVALLO-GRUPPO-6.jpg","width":1800,"height":1283,"caption":"umbria a cavallo"},{"@type":"WebPage","@id":"https:\/\/www.exploring-umbria.com\/es\/equitacion-en-umbria\/#webpage","url":"https:\/\/www.exploring-umbria.com\/es\/equitacion-en-umbria\/","name":"Equitaci\u00f3n en Umbr\u00eda - Exploring Umbria","isPartOf":{"@id":"https:\/\/www.exploring-umbria.com\/es\/#website"},"primaryImageOfPage":{"@id":"https:\/\/www.exploring-umbria.com\/es\/equitacion-en-umbria\/#primaryimage"},"datePublished":"2019-04-13T16:06:18+00:00","dateModified":"2020-03-16T17:43:01+00:00","description":"Equitaci\u00f3n en Umbr\u00eda: la cultura ecuestre y la tradici\u00f3n campesina unidas de forma indisoluble por eventos y pasi\u00f3n. Hoy en d\u00eda, el progreso tecnol\u00f3gico y","breadcrumb":{"@id":"https:\/\/www.exploring-umbria.com\/es\/equitacion-en-umbria\/#breadcrumb"},"inLanguage":"es","potentialAction":[{"@type":"ReadAction","target":["https:\/\/www.exploring-umbria.com\/es\/equitacion-en-umbria\/"]}]},{"@type":"BreadcrumbList","@id":"https:\/\/www.exploring-umbria.com\/es\/equitacion-en-umbria\/#breadcrumb","itemListElement":[{"@type":"ListItem","position":1,"name":"Home","item":"https:\/\/www.exploring-umbria.com\/es\/"},{"@type":"ListItem","position":2,"name":"Equitaci\u00f3n en Umbr\u00eda"}]}]}},"_links":{"self":[{"href":"https:\/\/www.exploring-umbria.com\/es\/wp-json\/wp\/v2\/pages\/32297"}],"collection":[{"href":"https:\/\/www.exploring-umbria.com\/es\/wp-json\/wp\/v2\/pages"}],"about":[{"href":"https:\/\/www.exploring-umbria.com\/es\/wp-json\/wp\/v2\/types\/page"}],"author":[{"embeddable":true,"href":"https:\/\/www.exploring-umbria.com\/es\/wp-json\/wp\/v2\/users\/4"}],"replies":[{"embeddable":true,"href":"https:\/\/www.exploring-umbria.com\/es\/wp-json\/wp\/v2\/comments?post=32297"}],"version-history":[{"count":3,"href":"https:\/\/www.exploring-umbria.com\/es\/wp-json\/wp\/v2\/pages\/32297\/revisions"}],"predecessor-version":[{"id":32599,"href":"https:\/\/www.exploring-umbria.com\/es\/wp-json\/wp\/v2\/pages\/32297\/revisions\/32599"}],"wp:featuredmedia":[{"embeddable":true,"href":"https:\/\/www.exploring-umbria.com\/es\/wp-json\/wp\/v2\/media\/5646"}],"wp:attachment":[{"href":"https:\/\/www.exploring-umbria.com\/es\/wp-json\/wp\/v2\/media?parent=32297"}],"curies":[{"name":"wp","href":"https:\/\/api.w.org\/{rel}","templated":true}]}}