{"id":32238,"date":"2019-05-22T12:58:47","date_gmt":"2019-05-22T10:58:47","guid":{"rendered":"https:\/\/www.exploring-umbria.com\/lolio-extravergine-doliva-in-umbria\/"},"modified":"2020-03-11T18:28:59","modified_gmt":"2020-03-11T17:28:59","slug":"aceite-de-oliva-virgen-extra-en-umbria","status":"publish","type":"page","link":"https:\/\/www.exploring-umbria.com\/es\/aceite-de-oliva-virgen-extra-en-umbria\/","title":{"rendered":"Aceite de Oliva Virgen Extra en Umbr\u00eda"},"content":{"rendered":"<p>Umbr\u00eda es un lugar suspendido en el tiempo en el que las antiguas tradiciones son sabiamente guardadas y transmitidas de generaci\u00f3n a generaci\u00f3n desde hace siglos. Para captar la esencia, basta con degustar uno de los productos que mejor representa su larga y paciente tradici\u00f3n campesina: <strong>el aceite de oliva virgen extra<\/strong>.<\/p>\n<p>El \u00aboro verde\u00bb se extrae en Umbr\u00eda desde hace m\u00e1s de dos mil a\u00f1os. Probablemente introducido por los fenicios de la <a href=\"https:\/\/es.wikipedia.org\/wiki\/Magna_Grecia\" target=\"_blank\" rel=\"noopener noreferrer\">Magna Grecia<\/a>, hacia el siglo VI a.C. el olivo se hab\u00eda extendido a la mayor parte de la Italia peninsular. Fueron entonces los etruscos y sobre todo los romanos quienes dieron un fuerte impulso al desarrollo de este tipo de cultivo; basta pensar que en la \u00e9poca imperial la extensi\u00f3n de los olivares era muy cercana a la actual.<\/p>\n<p>Los romanos empleaban el aceite de oliva para una gran variedad de usos: para la iluminaci\u00f3n, durante los ritos sagrados, en cosm\u00e9ticos, para proteger los cuerpos de los soldados del fr\u00edo durante las batallas y, por supuesto, para fines alimentarios.\u00a0 Los romanos estaban tan especializados en el arte de la producci\u00f3n de aceite que adoptaron varias denominaciones basadas en la calidad del producto obtenido, entre ellas: <em>oleum ex albis ulivis<\/em> para el aceite de la m\u00e1s alta calidad obtenido del prensado de aceitunas verdes, <em>oleum maturum <\/em>para los aceites obtenidos del prensado de aceitunas ya negras y maduras, <em>oleum caducum <\/em>para los aceites obtenidos a partir de aceitunas cosechadas del suelo y, por lo tanto, de menor calidad, <em>oleum cibarium <\/em>para el aceite de muy mala calidad obtenido a partir de aceitunas atacadas por par\u00e1sitos y destinadas a la alimentaci\u00f3n de los esclavos, u otros usos.<\/p>\n<p>Durante los siglos oscuros que siguieron a la ca\u00edda del Imperio Romano (476 d.C.), se produjo un progresivo abandono del cultivo del olivo que dur\u00f3 hasta el siglo XI. Alrededor del a\u00f1o 1000, de hecho, las verdes colinas de Umbr\u00eda y Toscana comenzaron a ser sostenidas de nuevo por el color plata de los olivos, casi como lo eran en el pasado. Gran parte del cr\u00e9dito se debe a las comunidades mon\u00e1sticas que, gracias a la recuperaci\u00f3n de tierras pantanosas, contribuyeron al nacimiento de nuevas plantaciones de olivos y vi\u00f1edos, dando un nuevo impulso a la agricultura. Las superficies que rodeaban abad\u00edas, pueblos y castillos adquirieron el aspecto encantador que a\u00fan conservan, llen\u00e1ndose de hileras de vi\u00f1as bien alineadas, campos casi perfectamente cuadrados y el t\u00edpico color plateado del follaje de los olivos. Probablemente en este momento hist\u00f3rico naci\u00f3 la gran tradici\u00f3n ole\u00edcola de Umbr\u00eda, una de las mejores producciones de aceite de oliva virgen extra (AOVE) a nivel nacional por sus caracter\u00edsticas organol\u00e9pticas: los numerosos premios otorgados a muchas empresas del sector en Umbr\u00eda son, de hecho, una clara demostraci\u00f3n de ello.<\/p>\n<p>En 1998, Umbr\u00eda fue la primera regi\u00f3n italiana en recibir de la Uni\u00f3n Europea la marca DOP (Denominaci\u00f3n de Origen Protegida) para el aceite de oliva virgen extra producido en todo su territorio. Concretamente, <strong>la marca DOP Umbr\u00eda<\/strong> se divide en cinco subzonas o menciones geogr\u00e1ficas que difieren entre s\u00ed por el microclima y la variedad del cultivo plantado:<\/p>\n<ul>\n<li><strong>Colli Assisi Spoleto<\/strong>, la m\u00e1s grande, ocupa toda la parte oriental de la regi\u00f3n hacia el sur, donde se obtiene un aceite de car\u00e1cter intenso olfativo herb\u00e1ceo, con distintas notas amargas y picantes;<\/li>\n<li><strong>Colli Martani<\/strong>, ocupa la parte central de la regi\u00f3n, de donde se obtiene un aceite afrutado, herb\u00e1ceo medio con apreciadas notas de amargor y picante;<\/li>\n<li><strong>Colli Amerini<\/strong>, el menos extenso, en la parte sur de la regi\u00f3n, de donde se obtiene un aceite que tiene un olor afrutado medio a ligero con toques de alcachofa que le dan al sabor un agradable amargor;<\/li>\n<li><strong>Colli del Trasimeno<\/strong>, ocupa los territorios cercanos al lago Trasimeno, en la parte noroeste de la comarca, de donde se obtiene un aceite del que se aprecian las ligeras notas afrutadas de la hierba fresca, mientras que destacan de forma muy decente ligeros toques amargos y picantes;<\/li>\n<li><strong>Colli Orvietani<\/strong>, en la parte centro-occidental de la regi\u00f3n, de la que se obtiene un aceite del medio herb\u00e1ceo afrutado junto con notas armoniosas, de sabor, amargo y picante.<\/li>\n<\/ul>\n<p>Para respirar el aire de estas antiguas tradiciones, no te puedes perder <a href=\"https:\/\/www.exploring-umbria.com\/es\/actividades\/guided-tour-of-trevi\/\" target=\"_blank\" rel=\"noopener noreferrer\"><strong>Trevi<\/strong><\/a>. Este hermoso pueblo medieval situado entre los olivos de la antigua Via Flaminia, a medio camino entre Spoleto y Foligno, es famoso en toda Italia por su <strong>antigua tradici\u00f3n ole\u00edcola<\/strong>. El <strong>Museo de la Cultura del Olivo<\/strong> en el antiguo convento de San Francisco, un espl\u00e9ndido edificio del siglo XIII restaurado en el siglo XIX por <em>Giuseppe Valadier<\/em>, es una visita obligada. Cerca de Trevi, m\u00e1s precisamente en Bovara, cerca de la abad\u00eda benedictina, se encuentra el <strong>\u201cOlivo di Sant&#8217;Emiliano\u201d<\/strong>, considerado el olivo m\u00e1s antiguo de Umbr\u00eda. Censurado como planta protegida, se le llama as\u00ed porque <em>Emiliano<\/em>, obispo de Trevi, fue atado y decapitado hace m\u00e1s de mil a\u00f1os.\u00a0 Trevi es tambi\u00e9n una parada en el <strong>Sendero de los olivos<\/strong>, un espl\u00e9ndido itinerario naturalista enteramente dedicado al olivo en las colinas que conectan As\u00eds con Spoleto. A lo largo del camino se encuentran las \u00abcasas del olivo\u00bb, residencias del siglo XVI que sirvieron de alojamiento durante la recolecta.<\/p>\n","protected":false},"excerpt":{"rendered":"<p>Umbr\u00eda es un lugar suspendido en el tiempo en el que las antiguas tradiciones son sabiamente guardadas y transmitidas de generaci\u00f3n a generaci\u00f3n desde hace siglos. Para captar la esencia, basta con degustar uno de los productos que mejor representa su larga y paciente tradici\u00f3n campesina: el aceite de oliva virgen extra. El \u00aboro verde\u00bb [&hellip;]<\/p>\n","protected":false},"author":4,"featured_media":6818,"parent":0,"menu_order":0,"comment_status":"closed","ping_status":"closed","template":"","meta":{"om_disable_all_campaigns":false,"_monsterinsights_skip_tracking":false,"_monsterinsights_sitenote_active":false,"_monsterinsights_sitenote_note":"","_monsterinsights_sitenote_category":0},"acf":[],"yoast_head":"<!-- This site is optimized with the Yoast SEO plugin v18.4.1 - https:\/\/yoast.com\/wordpress\/plugins\/seo\/ -->\n<title>Aceite de Oliva Virgen Extra en Umbr\u00eda - Exploring Umbria<\/title>\n<meta name=\"description\" content=\"Umbr\u00eda es un lugar suspendido en el tiempo en el que las antiguas tradiciones son sabiamente guardadas y transmitidas de generaci\u00f3n a generaci\u00f3n desde\" \/>\n<meta name=\"robots\" content=\"index, follow, max-snippet:-1, max-image-preview:large, max-video-preview:-1\" \/>\n<link rel=\"canonical\" href=\"https:\/\/www.exploring-umbria.com\/es\/aceite-de-oliva-virgen-extra-en-umbria\/\" \/>\n<meta property=\"og:locale\" content=\"es_ES\" \/>\n<meta property=\"og:type\" content=\"article\" \/>\n<meta property=\"og:title\" content=\"Aceite de Oliva Virgen Extra en Umbr\u00eda - Exploring Umbria\" \/>\n<meta property=\"og:description\" content=\"Umbr\u00eda es un lugar suspendido en el tiempo en el que las antiguas tradiciones son sabiamente guardadas y transmitidas de generaci\u00f3n a generaci\u00f3n desde\" \/>\n<meta property=\"og:url\" content=\"https:\/\/www.exploring-umbria.com\/es\/aceite-de-oliva-virgen-extra-en-umbria\/\" \/>\n<meta property=\"og:site_name\" content=\"Exploring Umbria\" \/>\n<meta property=\"article:publisher\" content=\"https:\/\/www.facebook.com\/exploringumbria\/\" \/>\n<meta property=\"article:modified_time\" content=\"2020-03-11T17:28:59+00:00\" \/>\n<meta property=\"og:image\" content=\"https:\/\/www.exploring-umbria.com\/wp-content\/uploads\/2019\/05\/olio-doliva-2.jpeg\" \/>\n\t<meta property=\"og:image:width\" content=\"1800\" \/>\n\t<meta property=\"og:image:height\" content=\"1201\" \/>\n\t<meta property=\"og:image:type\" content=\"image\/jpeg\" \/>\n<meta name=\"twitter:card\" content=\"summary_large_image\" \/>\n<meta name=\"twitter:label1\" content=\"Tiempo de lectura\" \/>\n\t<meta name=\"twitter:data1\" content=\"5 minutos\" \/>\n<script type=\"application\/ld+json\" class=\"yoast-schema-graph\">{\"@context\":\"https:\/\/schema.org\",\"@graph\":[{\"@type\":\"Organization\",\"@id\":\"https:\/\/www.exploring-umbria.com\/es\/#organization\",\"name\":\"Exploring Umbria\",\"url\":\"https:\/\/www.exploring-umbria.com\/es\/\",\"sameAs\":[\"https:\/\/www.facebook.com\/exploringumbria\/\",\"https:\/\/www.instagram.com\/exploringumbria\/\"],\"logo\":{\"@type\":\"ImageObject\",\"@id\":\"https:\/\/www.exploring-umbria.com\/es\/#logo\",\"inLanguage\":\"es\",\"url\":\"https:\/\/www.exploring-umbria.com\/wp-content\/uploads\/2019\/08\/solo-logo-verde.jpg\",\"contentUrl\":\"https:\/\/www.exploring-umbria.com\/wp-content\/uploads\/2019\/08\/solo-logo-verde.jpg\",\"width\":952,\"height\":532,\"caption\":\"Exploring Umbria\"},\"image\":{\"@id\":\"https:\/\/www.exploring-umbria.com\/es\/#logo\"}},{\"@type\":\"WebSite\",\"@id\":\"https:\/\/www.exploring-umbria.com\/es\/#website\",\"url\":\"https:\/\/www.exploring-umbria.com\/es\/\",\"name\":\"Exploring Umbria\",\"description\":\"your dates, your mood, your trip\",\"publisher\":{\"@id\":\"https:\/\/www.exploring-umbria.com\/es\/#organization\"},\"potentialAction\":[{\"@type\":\"SearchAction\",\"target\":{\"@type\":\"EntryPoint\",\"urlTemplate\":\"https:\/\/www.exploring-umbria.com\/es\/?s={search_term_string}\"},\"query-input\":\"required name=search_term_string\"}],\"inLanguage\":\"es\"},{\"@type\":\"ImageObject\",\"@id\":\"https:\/\/www.exploring-umbria.com\/es\/aceite-de-oliva-virgen-extra-en-umbria\/#primaryimage\",\"inLanguage\":\"es\",\"url\":\"https:\/\/www.exploring-umbria.com\/wp-content\/uploads\/2019\/05\/olio-doliva-2.jpeg\",\"contentUrl\":\"https:\/\/www.exploring-umbria.com\/wp-content\/uploads\/2019\/05\/olio-doliva-2.jpeg\",\"width\":1800,\"height\":1201,\"caption\":\"l'olio extravergine d'oliva in Umbria\"},{\"@type\":\"WebPage\",\"@id\":\"https:\/\/www.exploring-umbria.com\/es\/aceite-de-oliva-virgen-extra-en-umbria\/#webpage\",\"url\":\"https:\/\/www.exploring-umbria.com\/es\/aceite-de-oliva-virgen-extra-en-umbria\/\",\"name\":\"Aceite de Oliva Virgen Extra en Umbr\u00eda - Exploring Umbria\",\"isPartOf\":{\"@id\":\"https:\/\/www.exploring-umbria.com\/es\/#website\"},\"primaryImageOfPage\":{\"@id\":\"https:\/\/www.exploring-umbria.com\/es\/aceite-de-oliva-virgen-extra-en-umbria\/#primaryimage\"},\"datePublished\":\"2019-05-22T10:58:47+00:00\",\"dateModified\":\"2020-03-11T17:28:59+00:00\",\"description\":\"Umbr\u00eda es un lugar suspendido en el tiempo en el que las antiguas tradiciones son sabiamente guardadas y transmitidas de generaci\u00f3n a generaci\u00f3n desde\",\"breadcrumb\":{\"@id\":\"https:\/\/www.exploring-umbria.com\/es\/aceite-de-oliva-virgen-extra-en-umbria\/#breadcrumb\"},\"inLanguage\":\"es\",\"potentialAction\":[{\"@type\":\"ReadAction\",\"target\":[\"https:\/\/www.exploring-umbria.com\/es\/aceite-de-oliva-virgen-extra-en-umbria\/\"]}]},{\"@type\":\"BreadcrumbList\",\"@id\":\"https:\/\/www.exploring-umbria.com\/es\/aceite-de-oliva-virgen-extra-en-umbria\/#breadcrumb\",\"itemListElement\":[{\"@type\":\"ListItem\",\"position\":1,\"name\":\"Home\",\"item\":\"https:\/\/www.exploring-umbria.com\/es\/\"},{\"@type\":\"ListItem\",\"position\":2,\"name\":\"Aceite de Oliva Virgen Extra en Umbr\u00eda\"}]}]}<\/script>\n<!-- \/ Yoast SEO plugin. -->","yoast_head_json":{"title":"Aceite de Oliva Virgen Extra en Umbr\u00eda - Exploring Umbria","description":"Umbr\u00eda es un lugar suspendido en el tiempo en el que las antiguas tradiciones son sabiamente guardadas y transmitidas de generaci\u00f3n a generaci\u00f3n desde","robots":{"index":"index","follow":"follow","max-snippet":"max-snippet:-1","max-image-preview":"max-image-preview:large","max-video-preview":"max-video-preview:-1"},"canonical":"https:\/\/www.exploring-umbria.com\/es\/aceite-de-oliva-virgen-extra-en-umbria\/","og_locale":"es_ES","og_type":"article","og_title":"Aceite de Oliva Virgen Extra en Umbr\u00eda - Exploring Umbria","og_description":"Umbr\u00eda es un lugar suspendido en el tiempo en el que las antiguas tradiciones son sabiamente guardadas y transmitidas de generaci\u00f3n a generaci\u00f3n desde","og_url":"https:\/\/www.exploring-umbria.com\/es\/aceite-de-oliva-virgen-extra-en-umbria\/","og_site_name":"Exploring Umbria","article_publisher":"https:\/\/www.facebook.com\/exploringumbria\/","article_modified_time":"2020-03-11T17:28:59+00:00","og_image":[{"width":1800,"height":1201,"url":"https:\/\/www.exploring-umbria.com\/wp-content\/uploads\/2019\/05\/olio-doliva-2.jpeg","type":"image\/jpeg"}],"twitter_card":"summary_large_image","twitter_misc":{"Tiempo de lectura":"5 minutos"},"schema":{"@context":"https:\/\/schema.org","@graph":[{"@type":"Organization","@id":"https:\/\/www.exploring-umbria.com\/es\/#organization","name":"Exploring Umbria","url":"https:\/\/www.exploring-umbria.com\/es\/","sameAs":["https:\/\/www.facebook.com\/exploringumbria\/","https:\/\/www.instagram.com\/exploringumbria\/"],"logo":{"@type":"ImageObject","@id":"https:\/\/www.exploring-umbria.com\/es\/#logo","inLanguage":"es","url":"https:\/\/www.exploring-umbria.com\/wp-content\/uploads\/2019\/08\/solo-logo-verde.jpg","contentUrl":"https:\/\/www.exploring-umbria.com\/wp-content\/uploads\/2019\/08\/solo-logo-verde.jpg","width":952,"height":532,"caption":"Exploring Umbria"},"image":{"@id":"https:\/\/www.exploring-umbria.com\/es\/#logo"}},{"@type":"WebSite","@id":"https:\/\/www.exploring-umbria.com\/es\/#website","url":"https:\/\/www.exploring-umbria.com\/es\/","name":"Exploring Umbria","description":"your dates, your mood, your trip","publisher":{"@id":"https:\/\/www.exploring-umbria.com\/es\/#organization"},"potentialAction":[{"@type":"SearchAction","target":{"@type":"EntryPoint","urlTemplate":"https:\/\/www.exploring-umbria.com\/es\/?s={search_term_string}"},"query-input":"required name=search_term_string"}],"inLanguage":"es"},{"@type":"ImageObject","@id":"https:\/\/www.exploring-umbria.com\/es\/aceite-de-oliva-virgen-extra-en-umbria\/#primaryimage","inLanguage":"es","url":"https:\/\/www.exploring-umbria.com\/wp-content\/uploads\/2019\/05\/olio-doliva-2.jpeg","contentUrl":"https:\/\/www.exploring-umbria.com\/wp-content\/uploads\/2019\/05\/olio-doliva-2.jpeg","width":1800,"height":1201,"caption":"l'olio extravergine d'oliva in Umbria"},{"@type":"WebPage","@id":"https:\/\/www.exploring-umbria.com\/es\/aceite-de-oliva-virgen-extra-en-umbria\/#webpage","url":"https:\/\/www.exploring-umbria.com\/es\/aceite-de-oliva-virgen-extra-en-umbria\/","name":"Aceite de Oliva Virgen Extra en Umbr\u00eda - Exploring Umbria","isPartOf":{"@id":"https:\/\/www.exploring-umbria.com\/es\/#website"},"primaryImageOfPage":{"@id":"https:\/\/www.exploring-umbria.com\/es\/aceite-de-oliva-virgen-extra-en-umbria\/#primaryimage"},"datePublished":"2019-05-22T10:58:47+00:00","dateModified":"2020-03-11T17:28:59+00:00","description":"Umbr\u00eda es un lugar suspendido en el tiempo en el que las antiguas tradiciones son sabiamente guardadas y transmitidas de generaci\u00f3n a generaci\u00f3n desde","breadcrumb":{"@id":"https:\/\/www.exploring-umbria.com\/es\/aceite-de-oliva-virgen-extra-en-umbria\/#breadcrumb"},"inLanguage":"es","potentialAction":[{"@type":"ReadAction","target":["https:\/\/www.exploring-umbria.com\/es\/aceite-de-oliva-virgen-extra-en-umbria\/"]}]},{"@type":"BreadcrumbList","@id":"https:\/\/www.exploring-umbria.com\/es\/aceite-de-oliva-virgen-extra-en-umbria\/#breadcrumb","itemListElement":[{"@type":"ListItem","position":1,"name":"Home","item":"https:\/\/www.exploring-umbria.com\/es\/"},{"@type":"ListItem","position":2,"name":"Aceite de Oliva Virgen Extra en Umbr\u00eda"}]}]}},"_links":{"self":[{"href":"https:\/\/www.exploring-umbria.com\/es\/wp-json\/wp\/v2\/pages\/32238"}],"collection":[{"href":"https:\/\/www.exploring-umbria.com\/es\/wp-json\/wp\/v2\/pages"}],"about":[{"href":"https:\/\/www.exploring-umbria.com\/es\/wp-json\/wp\/v2\/types\/page"}],"author":[{"embeddable":true,"href":"https:\/\/www.exploring-umbria.com\/es\/wp-json\/wp\/v2\/users\/4"}],"replies":[{"embeddable":true,"href":"https:\/\/www.exploring-umbria.com\/es\/wp-json\/wp\/v2\/comments?post=32238"}],"version-history":[{"count":5,"href":"https:\/\/www.exploring-umbria.com\/es\/wp-json\/wp\/v2\/pages\/32238\/revisions"}],"predecessor-version":[{"id":32346,"href":"https:\/\/www.exploring-umbria.com\/es\/wp-json\/wp\/v2\/pages\/32238\/revisions\/32346"}],"wp:featuredmedia":[{"embeddable":true,"href":"https:\/\/www.exploring-umbria.com\/es\/wp-json\/wp\/v2\/media\/6818"}],"wp:attachment":[{"href":"https:\/\/www.exploring-umbria.com\/es\/wp-json\/wp\/v2\/media?parent=32238"}],"curies":[{"name":"wp","href":"https:\/\/api.w.org\/{rel}","templated":true}]}}