{"id":32105,"date":"2019-05-02T18:43:05","date_gmt":"2019-05-02T16:43:05","guid":{"rendered":"https:\/\/www.exploring-umbria.com\/madera-vidrio-y-metales-en-umbria\/la-lavorazione-del-metallo-in-umbria\/"},"modified":"2020-03-10T15:55:33","modified_gmt":"2020-03-10T14:55:33","slug":"el-arte-del-metal-en-umbria","status":"publish","type":"page","link":"https:\/\/www.exploring-umbria.com\/es\/madera-vidrio-y-metales-en-umbria\/el-arte-del-metal-en-umbria\/","title":{"rendered":"El arte del metal en Umbria"},"content":{"rendered":"<p>La metalurgia ha marcado un periodo fundamental para el ser humano. Laadquisici\u00f3n de este tipo de \u00absaber hacer\u00bb ha llevado a los hombres a subir un pelda\u00f1o en la escala evolutiva y ha dado lugar a una nueva era de la \u00a0prehistoria, llamada de forma aproximada, \u00abEdad de los metales\u00bb. El cobre, el bronce, el hierro y muchos otros metales han caracterizado a lo largo del tiempo los sectores productivos y econ\u00f3micos que, dependiendo de factores hist\u00f3ricos, geogr\u00e1ficos y econ\u00f3micos, se han desarrollado m\u00e1s en unas zonas que en otras. En Umbr\u00eda, algunos de estos saberes han recorrido los siglos y los milenios, sobreviviendo en particular en la artesan\u00eda del <strong>oro<\/strong> y <strong>del hierro.<\/strong><\/p>\n<p>En nuestra regi\u00f3n existe una de las tradiciones orfebres m\u00e1s antiguas: la <a href=\"https:\/\/es.wikipedia.org\/wiki\/Etruscos\" target=\"_blank\" rel=\"noopener noreferrer\">etrusca<\/a>. En los \u00faltimos a\u00f1os se ha recuperado y se ha vuelto a proponer una t\u00e9cnica especial llamada \u00abgranulaci\u00f3n\u00bb, que consiste en soldar microgr\u00e1nulos de oro a una l\u00e1mina del mismo material, resultando en un efecto visual inconfundible. Si quieres admirar los m\u00e1s altos niveles del arte orfebre etrusco, puedes visitar el Museo Faina de <strong>Orvieto<\/strong>. Si quieres llevarte un pedazo de esta tradici\u00f3n, algunas tiendas de artesan\u00eda siguen activas, por ejemplo en <strong>Torgiano<\/strong>, <strong>Spoleto<\/strong>, <strong>Orvieto<\/strong> y <strong>Terni<\/strong>.<\/p>\n<p>El herrero, por el contrario, que llen\u00f3 con su obra los recuerdos de la infancia del poeta Sandro Penna, pertenec\u00eda probablemente a una larga estirpe de sus oficio que comenz\u00f3 a formarse enla Edad Media. La tradici\u00f3n del hierro forjado en <a href=\"https:\/\/www.exploring-umbria.com\/es\/subcategories\/cosa-fare-e-cosa-vedere-a-perugia\/#heading3168\" target=\"_blank\" rel=\"noopener noreferrer\"><strong>Perugia<\/strong><\/a> se convierte en esa \u00e9poca en una excelencia y para tener un ejemplo de esta habilidad s\u00f3lo hay que observar las puertas que rodean las capillas de la <strong>Catedral de San Lorenzo<\/strong>. En <strong>Gubbio, en cambio<\/strong>, las tiendas locales se han especializado con el tiempo en la forja de armas medievales, una tradici\u00f3n que sigue viva y que apasiona a los aficionados. Si quiere ver a los herreros tradicionales trabajando, puede visitar el festival anual del Mercado <strong>Gaite\u00a0 <\/strong>que se celebra en verano en <strong>Bevagna<\/strong>, donde durante unas noches podr\u00e1 revivir de una manera extraordinariamente aut\u00e9ntica todas las principales artesan\u00edas medievales t\u00edpicas de la econom\u00eda del pueblo.<\/p>\n","protected":false},"excerpt":{"rendered":"<p>La metalurgia ha marcado un periodo fundamental para el ser humano. Laadquisici\u00f3n de este tipo de \u00absaber hacer\u00bb ha llevado a los hombres a subir un pelda\u00f1o en la escala evolutiva y ha dado lugar a una nueva era de la \u00a0prehistoria, llamada de forma aproximada, \u00abEdad de los metales\u00bb. El cobre, el bronce, el [&hellip;]<\/p>\n","protected":false},"author":3,"featured_media":32103,"parent":31978,"menu_order":0,"comment_status":"closed","ping_status":"closed","template":"","meta":{"om_disable_all_campaigns":false,"_monsterinsights_skip_tracking":false,"_monsterinsights_sitenote_active":false,"_monsterinsights_sitenote_note":"","_monsterinsights_sitenote_category":0},"acf":[],"yoast_head":"<!-- This site is optimized with the Yoast SEO plugin v18.4.1 - https:\/\/yoast.com\/wordpress\/plugins\/seo\/ -->\n<title>El arte del metal en Umbria - Exploring Umbria<\/title>\n<meta name=\"description\" content=\"La metalurgia ha marcado un periodo fundamental para el ser humano. Laadquisici\u00f3n de este tipo de &quot;saber hacer&quot; ha llevado a los hombres a subir un\" \/>\n<meta name=\"robots\" content=\"index, follow, max-snippet:-1, max-image-preview:large, max-video-preview:-1\" \/>\n<link rel=\"canonical\" href=\"https:\/\/www.exploring-umbria.com\/es\/madera-vidrio-y-metales-en-umbria\/el-arte-del-metal-en-umbria\/\" \/>\n<meta property=\"og:locale\" content=\"es_ES\" \/>\n<meta property=\"og:type\" content=\"article\" \/>\n<meta property=\"og:title\" content=\"El arte del metal en Umbria - Exploring Umbria\" \/>\n<meta property=\"og:description\" content=\"La metalurgia ha marcado un periodo fundamental para el ser humano. Laadquisici\u00f3n de este tipo de &quot;saber hacer&quot; ha llevado a los hombres a subir un\" \/>\n<meta property=\"og:url\" content=\"https:\/\/www.exploring-umbria.com\/es\/madera-vidrio-y-metales-en-umbria\/el-arte-del-metal-en-umbria\/\" \/>\n<meta property=\"og:site_name\" content=\"Exploring Umbria\" \/>\n<meta property=\"article:publisher\" content=\"https:\/\/www.facebook.com\/exploringumbria\/\" \/>\n<meta property=\"article:modified_time\" content=\"2020-03-10T14:55:33+00:00\" \/>\n<meta property=\"og:image\" content=\"https:\/\/www.exploring-umbria.com\/wp-content\/uploads\/2020\/03\/artigianato-ferro.jpg\" \/>\n\t<meta property=\"og:image:width\" content=\"1280\" \/>\n\t<meta property=\"og:image:height\" content=\"850\" \/>\n\t<meta property=\"og:image:type\" content=\"image\/jpeg\" \/>\n<meta name=\"twitter:card\" content=\"summary_large_image\" \/>\n<meta name=\"twitter:label1\" content=\"Tiempo de lectura\" \/>\n\t<meta name=\"twitter:data1\" content=\"2 minutos\" \/>\n<script type=\"application\/ld+json\" class=\"yoast-schema-graph\">{\"@context\":\"https:\/\/schema.org\",\"@graph\":[{\"@type\":\"Organization\",\"@id\":\"https:\/\/www.exploring-umbria.com\/es\/#organization\",\"name\":\"Exploring Umbria\",\"url\":\"https:\/\/www.exploring-umbria.com\/es\/\",\"sameAs\":[\"https:\/\/www.facebook.com\/exploringumbria\/\",\"https:\/\/www.instagram.com\/exploringumbria\/\"],\"logo\":{\"@type\":\"ImageObject\",\"@id\":\"https:\/\/www.exploring-umbria.com\/es\/#logo\",\"inLanguage\":\"es\",\"url\":\"https:\/\/www.exploring-umbria.com\/wp-content\/uploads\/2019\/08\/solo-logo-verde.jpg\",\"contentUrl\":\"https:\/\/www.exploring-umbria.com\/wp-content\/uploads\/2019\/08\/solo-logo-verde.jpg\",\"width\":952,\"height\":532,\"caption\":\"Exploring Umbria\"},\"image\":{\"@id\":\"https:\/\/www.exploring-umbria.com\/es\/#logo\"}},{\"@type\":\"WebSite\",\"@id\":\"https:\/\/www.exploring-umbria.com\/es\/#website\",\"url\":\"https:\/\/www.exploring-umbria.com\/es\/\",\"name\":\"Exploring Umbria\",\"description\":\"your dates, your mood, your trip\",\"publisher\":{\"@id\":\"https:\/\/www.exploring-umbria.com\/es\/#organization\"},\"potentialAction\":[{\"@type\":\"SearchAction\",\"target\":{\"@type\":\"EntryPoint\",\"urlTemplate\":\"https:\/\/www.exploring-umbria.com\/es\/?s={search_term_string}\"},\"query-input\":\"required name=search_term_string\"}],\"inLanguage\":\"es\"},{\"@type\":\"ImageObject\",\"@id\":\"https:\/\/www.exploring-umbria.com\/es\/madera-vidrio-y-metales-en-umbria\/el-arte-del-metal-en-umbria\/#primaryimage\",\"inLanguage\":\"es\",\"url\":\"https:\/\/www.exploring-umbria.com\/wp-content\/uploads\/2020\/03\/artigianato-ferro.jpg\",\"contentUrl\":\"https:\/\/www.exploring-umbria.com\/wp-content\/uploads\/2020\/03\/artigianato-ferro.jpg\",\"width\":1280,\"height\":850,\"caption\":\"la lavorazione dei metalli in Umbria\"},{\"@type\":\"WebPage\",\"@id\":\"https:\/\/www.exploring-umbria.com\/es\/madera-vidrio-y-metales-en-umbria\/el-arte-del-metal-en-umbria\/#webpage\",\"url\":\"https:\/\/www.exploring-umbria.com\/es\/madera-vidrio-y-metales-en-umbria\/el-arte-del-metal-en-umbria\/\",\"name\":\"El arte del metal en Umbria - Exploring Umbria\",\"isPartOf\":{\"@id\":\"https:\/\/www.exploring-umbria.com\/es\/#website\"},\"primaryImageOfPage\":{\"@id\":\"https:\/\/www.exploring-umbria.com\/es\/madera-vidrio-y-metales-en-umbria\/el-arte-del-metal-en-umbria\/#primaryimage\"},\"datePublished\":\"2019-05-02T16:43:05+00:00\",\"dateModified\":\"2020-03-10T14:55:33+00:00\",\"description\":\"La metalurgia ha marcado un periodo fundamental para el ser humano. Laadquisici\u00f3n de este tipo de \\\"saber hacer\\\" ha llevado a los hombres a subir un\",\"breadcrumb\":{\"@id\":\"https:\/\/www.exploring-umbria.com\/es\/madera-vidrio-y-metales-en-umbria\/el-arte-del-metal-en-umbria\/#breadcrumb\"},\"inLanguage\":\"es\",\"potentialAction\":[{\"@type\":\"ReadAction\",\"target\":[\"https:\/\/www.exploring-umbria.com\/es\/madera-vidrio-y-metales-en-umbria\/el-arte-del-metal-en-umbria\/\"]}]},{\"@type\":\"BreadcrumbList\",\"@id\":\"https:\/\/www.exploring-umbria.com\/es\/madera-vidrio-y-metales-en-umbria\/el-arte-del-metal-en-umbria\/#breadcrumb\",\"itemListElement\":[{\"@type\":\"ListItem\",\"position\":1,\"name\":\"Home\",\"item\":\"https:\/\/www.exploring-umbria.com\/es\/\"},{\"@type\":\"ListItem\",\"position\":2,\"name\":\"Madera, vidrio y metales en Umbria\",\"item\":\"https:\/\/www.exploring-umbria.com\/es\/madera-vidrio-y-metales-en-umbria\/\"},{\"@type\":\"ListItem\",\"position\":3,\"name\":\"El arte del metal en Umbria\"}]}]}<\/script>\n<!-- \/ Yoast SEO plugin. -->","yoast_head_json":{"title":"El arte del metal en Umbria - Exploring Umbria","description":"La metalurgia ha marcado un periodo fundamental para el ser humano. Laadquisici\u00f3n de este tipo de \"saber hacer\" ha llevado a los hombres a subir un","robots":{"index":"index","follow":"follow","max-snippet":"max-snippet:-1","max-image-preview":"max-image-preview:large","max-video-preview":"max-video-preview:-1"},"canonical":"https:\/\/www.exploring-umbria.com\/es\/madera-vidrio-y-metales-en-umbria\/el-arte-del-metal-en-umbria\/","og_locale":"es_ES","og_type":"article","og_title":"El arte del metal en Umbria - Exploring Umbria","og_description":"La metalurgia ha marcado un periodo fundamental para el ser humano. Laadquisici\u00f3n de este tipo de \"saber hacer\" ha llevado a los hombres a subir un","og_url":"https:\/\/www.exploring-umbria.com\/es\/madera-vidrio-y-metales-en-umbria\/el-arte-del-metal-en-umbria\/","og_site_name":"Exploring Umbria","article_publisher":"https:\/\/www.facebook.com\/exploringumbria\/","article_modified_time":"2020-03-10T14:55:33+00:00","og_image":[{"width":1280,"height":850,"url":"https:\/\/www.exploring-umbria.com\/wp-content\/uploads\/2020\/03\/artigianato-ferro.jpg","type":"image\/jpeg"}],"twitter_card":"summary_large_image","twitter_misc":{"Tiempo de lectura":"2 minutos"},"schema":{"@context":"https:\/\/schema.org","@graph":[{"@type":"Organization","@id":"https:\/\/www.exploring-umbria.com\/es\/#organization","name":"Exploring Umbria","url":"https:\/\/www.exploring-umbria.com\/es\/","sameAs":["https:\/\/www.facebook.com\/exploringumbria\/","https:\/\/www.instagram.com\/exploringumbria\/"],"logo":{"@type":"ImageObject","@id":"https:\/\/www.exploring-umbria.com\/es\/#logo","inLanguage":"es","url":"https:\/\/www.exploring-umbria.com\/wp-content\/uploads\/2019\/08\/solo-logo-verde.jpg","contentUrl":"https:\/\/www.exploring-umbria.com\/wp-content\/uploads\/2019\/08\/solo-logo-verde.jpg","width":952,"height":532,"caption":"Exploring Umbria"},"image":{"@id":"https:\/\/www.exploring-umbria.com\/es\/#logo"}},{"@type":"WebSite","@id":"https:\/\/www.exploring-umbria.com\/es\/#website","url":"https:\/\/www.exploring-umbria.com\/es\/","name":"Exploring Umbria","description":"your dates, your mood, your trip","publisher":{"@id":"https:\/\/www.exploring-umbria.com\/es\/#organization"},"potentialAction":[{"@type":"SearchAction","target":{"@type":"EntryPoint","urlTemplate":"https:\/\/www.exploring-umbria.com\/es\/?s={search_term_string}"},"query-input":"required name=search_term_string"}],"inLanguage":"es"},{"@type":"ImageObject","@id":"https:\/\/www.exploring-umbria.com\/es\/madera-vidrio-y-metales-en-umbria\/el-arte-del-metal-en-umbria\/#primaryimage","inLanguage":"es","url":"https:\/\/www.exploring-umbria.com\/wp-content\/uploads\/2020\/03\/artigianato-ferro.jpg","contentUrl":"https:\/\/www.exploring-umbria.com\/wp-content\/uploads\/2020\/03\/artigianato-ferro.jpg","width":1280,"height":850,"caption":"la lavorazione dei metalli in Umbria"},{"@type":"WebPage","@id":"https:\/\/www.exploring-umbria.com\/es\/madera-vidrio-y-metales-en-umbria\/el-arte-del-metal-en-umbria\/#webpage","url":"https:\/\/www.exploring-umbria.com\/es\/madera-vidrio-y-metales-en-umbria\/el-arte-del-metal-en-umbria\/","name":"El arte del metal en Umbria - Exploring Umbria","isPartOf":{"@id":"https:\/\/www.exploring-umbria.com\/es\/#website"},"primaryImageOfPage":{"@id":"https:\/\/www.exploring-umbria.com\/es\/madera-vidrio-y-metales-en-umbria\/el-arte-del-metal-en-umbria\/#primaryimage"},"datePublished":"2019-05-02T16:43:05+00:00","dateModified":"2020-03-10T14:55:33+00:00","description":"La metalurgia ha marcado un periodo fundamental para el ser humano. Laadquisici\u00f3n de este tipo de \"saber hacer\" ha llevado a los hombres a subir un","breadcrumb":{"@id":"https:\/\/www.exploring-umbria.com\/es\/madera-vidrio-y-metales-en-umbria\/el-arte-del-metal-en-umbria\/#breadcrumb"},"inLanguage":"es","potentialAction":[{"@type":"ReadAction","target":["https:\/\/www.exploring-umbria.com\/es\/madera-vidrio-y-metales-en-umbria\/el-arte-del-metal-en-umbria\/"]}]},{"@type":"BreadcrumbList","@id":"https:\/\/www.exploring-umbria.com\/es\/madera-vidrio-y-metales-en-umbria\/el-arte-del-metal-en-umbria\/#breadcrumb","itemListElement":[{"@type":"ListItem","position":1,"name":"Home","item":"https:\/\/www.exploring-umbria.com\/es\/"},{"@type":"ListItem","position":2,"name":"Madera, vidrio y metales en Umbria","item":"https:\/\/www.exploring-umbria.com\/es\/madera-vidrio-y-metales-en-umbria\/"},{"@type":"ListItem","position":3,"name":"El arte del metal en Umbria"}]}]}},"_links":{"self":[{"href":"https:\/\/www.exploring-umbria.com\/es\/wp-json\/wp\/v2\/pages\/32105"}],"collection":[{"href":"https:\/\/www.exploring-umbria.com\/es\/wp-json\/wp\/v2\/pages"}],"about":[{"href":"https:\/\/www.exploring-umbria.com\/es\/wp-json\/wp\/v2\/types\/page"}],"author":[{"embeddable":true,"href":"https:\/\/www.exploring-umbria.com\/es\/wp-json\/wp\/v2\/users\/3"}],"replies":[{"embeddable":true,"href":"https:\/\/www.exploring-umbria.com\/es\/wp-json\/wp\/v2\/comments?post=32105"}],"version-history":[{"count":2,"href":"https:\/\/www.exploring-umbria.com\/es\/wp-json\/wp\/v2\/pages\/32105\/revisions"}],"predecessor-version":[{"id":32108,"href":"https:\/\/www.exploring-umbria.com\/es\/wp-json\/wp\/v2\/pages\/32105\/revisions\/32108"}],"up":[{"embeddable":true,"href":"https:\/\/www.exploring-umbria.com\/es\/wp-json\/wp\/v2\/pages\/31978"}],"wp:featuredmedia":[{"embeddable":true,"href":"https:\/\/www.exploring-umbria.com\/es\/wp-json\/wp\/v2\/media\/32103"}],"wp:attachment":[{"href":"https:\/\/www.exploring-umbria.com\/es\/wp-json\/wp\/v2\/media?parent=32105"}],"curies":[{"name":"wp","href":"https:\/\/api.w.org\/{rel}","templated":true}]}}