{"id":3204,"date":"2019-02-12T10:09:33","date_gmt":"2019-02-12T09:09:33","guid":{"rendered":"https:\/\/www.exploring-umbria.com\/cosa-vedere-a-citta-di-castello\/"},"modified":"2020-03-16T19:01:09","modified_gmt":"2020-03-16T18:01:09","slug":"que-ver-en-citta-di-castello","status":"publish","type":"page","link":"https:\/\/www.exploring-umbria.com\/es\/descubre-citta-di-castello\/que-ver-en-citta-di-castello\/","title":{"rendered":"Qu\u00e9 Ver en Citt\u00e0 di Castello"},"content":{"rendered":"<h5>Scopri cosa vedere a Citt\u00e0 di Castello, da Piazza Gabriotti, cuore pulsante della citt\u00e0 medioevale, a Piazza Costa: tra storia, cultura e tradizione.<\/h5>\n<p><!--more--><\/p>\n<p>La impronta renacentista que la familia <em>Vitelli<\/em> dej\u00f3 a la ciudad de Castello con su incansable labor de mecenazgo sigue siendo hoy en d\u00eda la peculiaridad del centro de la ciudad. A diferencia de la mayor\u00eda de los pueblos medievales de Umbr\u00eda, que se aferran a callejuelas sinuosas y estrechas, Citt\u00e0 di Castello rompe el molde con la belleza tranquila de sus calles anchas y rectas, embellecidas por las elegantes fachadas de los edificios del siglo XVI.<\/p>\n<p>Su <a href=\"https:\/\/www.exploring-umbria.com\/es\/actividades\/guided-tour-of-citta-di-castello\/\" target=\"_blank\" rel=\"noopener noreferrer\">itinerario<\/a> comenzar\u00e1 inevitablemente desde el coraz\u00f3n de la ciudad, la <strong>Plaza Gabriotti<\/strong>, enmarcada por edificios p\u00fablicos y religiosos, s\u00edmbolo de los poderes establecidos en el tiempo. A un lado la imponente <strong>Catedral, <\/strong>dedicada a los Santos Florido y Amanzio (respectivamente patr\u00f3n y copatr\u00f3n de la ciudad) con el Museo Capitular (o de la Catedral) contiguo<strong>, donde tendr\u00e1 la <\/strong>oportunidad de admirar el famoso <em>tesoro de Canoscio<\/em>, colecci\u00f3n de objetos lit\u00fargicos \u00fanica en el mundo. Por otro lado, el<strong> Palacio Comunal (o de los Priores) <\/strong>con la caracter\u00edstica <strong>Torre C\u00edvica, una <\/strong>vez decorada con un fresco de <em>Luca Signorelli<\/em>, ahora parcialmente conservada en la Pinacoteca Comunal. Contin\u00fae por el Corso Cavour unos metros y quedar\u00e1 fascinado por otras dos joyas de la arquitectura renacentista: el <strong>Palacio del Podest\u00e0, dise\u00f1ado por el famoso arquitecto <\/strong><em>Angelo di Orvieto<\/em>, y uno de los muchos edificios se\u00f1oriales de los <em>Vitelli<\/em>: el llamado <strong>Palacio Vitelli in Piazza<\/strong>, cuyas formas severas difieren en gran medida de los refinamientos de los palacios \u00abhermanos\u00bb. En este punto usted tendr\u00e1 la oportunidad de alcanzar otra excelencia de Citt\u00e0 di Castello: laImprenta <em>Grifani Donati, as\u00ed <\/em>como el <strong>Museo de las Artes Gr\u00e1ficas<\/strong>.<\/p>\n<p>Continuando hacia el norte de la ciudad se encuentra el <strong>Teatro Comunal <\/strong>y la <strong>Iglesia de la Virgen de las Gracias<\/strong>, pero antes de llegar a Via Albizzini, se puede disfrutar de la vista de dos obras maestras de la pintura: <em>\u00abLa Coronaci\u00f3n de la Virgen\u00bb <\/em>de <em>Vasari<\/em> y \u00abLas Bodas de la Virgen\u00bb (desafortunadamente son copia del original que se encuentra en Mil\u00e1n) del gran <em>Raffaelo<\/em>, ambas conservadas dentro de la <strong>Iglesia de San Francisco<\/strong>.<\/p>\n<p>Y no se apresure a continuar porque en la misma calle se encuentra el suntuoso <strong>Palacio Vitelli de S. Egidio<\/strong> que, con el vasto jard\u00edn de estilo italiano que lo rodea, da testimonio de toda la grandeza de la familia que lo encarg\u00f3 y del <strong>Palazzo Albizzini<\/strong>, que es interesante no tanto por su exterior como por la preciosidad de su contenido interior: uno de los postes de la Colecci\u00f3n Burri , un conocido artista de los abanicos del siglo XX. Despu\u00e9s de las sugestivas creaciones del maestro <a href=\"https:\/\/es.wikipedia.org\/wiki\/Alberto_Burri\" target=\"_blank\" rel=\"noopener noreferrer\">Burri<\/a>, se puede iniciar el descenso a lo largo de Via Mazzini, con una parada en Plaza Costa, para visitar el <strong>taller y la colecci\u00f3n textil \u00abTela Umbra\u00bb,<\/strong> donde todav\u00eda funcionan los antiguos telares de mano, para continuar hasta el final del Corso Vittorio Emanuele y conocer la <strong>Iglesia de Santa Mar\u00eda la Mayor Mar\u00eda la Mayor<\/strong>.<\/p>\n<p>A poca distancia se encuentra el <strong>Palazzo Vitelli alla Cannoniera<\/strong>, que sigue siendo un ejemplo de arquitectura renacentista de uso moderno. De hecho, el edificio alberga la <strong>Pinacoteca Comunal,<\/strong> con obras de artistas que trabajaron en la ciudad como <strong>Luca Signorelli<\/strong> y <strong>Raffaello<\/strong>. Y para terminar la visita con belleza, d\u00e9jate cautivar por la majestuosidad de la <strong>Iglesia de Santo Domingo<\/strong>, la m\u00e1s grande de Citt\u00e0 di Castello, con el claustro contiguo que te contar\u00e1 la historia de la Beata <em>Margarita a<\/em> trav\u00e9s de los frescos del siglo XVI que a\u00fan se conservan en buen estado.<\/p>\n","protected":false},"excerpt":{"rendered":"<p>Scopri cosa vedere a Citt\u00e0 di Castello, da Piazza Gabriotti, cuore pulsante della citt\u00e0 medioevale, a Piazza Costa: tra storia, cultura e tradizione.<\/p>\n","protected":false},"author":3,"featured_media":1936,"parent":3206,"menu_order":0,"comment_status":"closed","ping_status":"closed","template":"","meta":{"om_disable_all_campaigns":false,"_monsterinsights_skip_tracking":false,"_monsterinsights_sitenote_active":false,"_monsterinsights_sitenote_note":"","_monsterinsights_sitenote_category":0},"acf":[],"yoast_head":"<!-- This site is optimized with the Yoast SEO plugin v18.4.1 - https:\/\/yoast.com\/wordpress\/plugins\/seo\/ -->\n<title>Qu\u00e9 Ver en Citt\u00e0 di Castello - Exploring Umbria<\/title>\n<meta name=\"description\" content=\"Scopri cosa vedere a Citt\u00e0 di Castello, da Piazza Gabriotti, cuore pulsante della citt\u00e0 medioevale, a Piazza Costa: tra storia, cultura e tradizione. La\" \/>\n<meta name=\"robots\" content=\"index, follow, max-snippet:-1, max-image-preview:large, max-video-preview:-1\" \/>\n<link rel=\"canonical\" href=\"https:\/\/www.exploring-umbria.com\/es\/descubre-citta-di-castello\/que-ver-en-citta-di-castello\/\" \/>\n<meta property=\"og:locale\" content=\"es_ES\" \/>\n<meta property=\"og:type\" content=\"article\" \/>\n<meta property=\"og:title\" content=\"Qu\u00e9 Ver en Citt\u00e0 di Castello - Exploring Umbria\" \/>\n<meta property=\"og:description\" content=\"Scopri cosa vedere a Citt\u00e0 di Castello, da Piazza Gabriotti, cuore pulsante della citt\u00e0 medioevale, a Piazza Costa: tra storia, cultura e tradizione. La\" \/>\n<meta property=\"og:url\" content=\"https:\/\/www.exploring-umbria.com\/es\/descubre-citta-di-castello\/que-ver-en-citta-di-castello\/\" \/>\n<meta property=\"og:site_name\" content=\"Exploring Umbria\" \/>\n<meta property=\"article:publisher\" content=\"https:\/\/www.facebook.com\/exploringumbria\/\" \/>\n<meta property=\"article:modified_time\" content=\"2020-03-16T18:01:09+00:00\" \/>\n<meta property=\"og:image\" content=\"https:\/\/www.exploring-umbria.com\/wp-content\/uploads\/2019\/03\/CITTA-DI-CASTELLO-PIAZZA-MATTEOTTI-2000x1333.jpeg\" \/>\n\t<meta property=\"og:image:width\" content=\"2000\" \/>\n\t<meta property=\"og:image:height\" content=\"1333\" \/>\n\t<meta property=\"og:image:type\" content=\"image\/jpeg\" \/>\n<meta name=\"twitter:card\" content=\"summary_large_image\" \/>\n<meta name=\"twitter:label1\" content=\"Tiempo de lectura\" \/>\n\t<meta name=\"twitter:data1\" content=\"3 minutos\" \/>\n<script type=\"application\/ld+json\" class=\"yoast-schema-graph\">{\"@context\":\"https:\/\/schema.org\",\"@graph\":[{\"@type\":\"Organization\",\"@id\":\"https:\/\/www.exploring-umbria.com\/es\/#organization\",\"name\":\"Exploring Umbria\",\"url\":\"https:\/\/www.exploring-umbria.com\/es\/\",\"sameAs\":[\"https:\/\/www.facebook.com\/exploringumbria\/\",\"https:\/\/www.instagram.com\/exploringumbria\/\"],\"logo\":{\"@type\":\"ImageObject\",\"@id\":\"https:\/\/www.exploring-umbria.com\/es\/#logo\",\"inLanguage\":\"es\",\"url\":\"https:\/\/www.exploring-umbria.com\/wp-content\/uploads\/2019\/08\/solo-logo-verde.jpg\",\"contentUrl\":\"https:\/\/www.exploring-umbria.com\/wp-content\/uploads\/2019\/08\/solo-logo-verde.jpg\",\"width\":952,\"height\":532,\"caption\":\"Exploring Umbria\"},\"image\":{\"@id\":\"https:\/\/www.exploring-umbria.com\/es\/#logo\"}},{\"@type\":\"WebSite\",\"@id\":\"https:\/\/www.exploring-umbria.com\/es\/#website\",\"url\":\"https:\/\/www.exploring-umbria.com\/es\/\",\"name\":\"Exploring Umbria\",\"description\":\"your dates, your mood, your trip\",\"publisher\":{\"@id\":\"https:\/\/www.exploring-umbria.com\/es\/#organization\"},\"potentialAction\":[{\"@type\":\"SearchAction\",\"target\":{\"@type\":\"EntryPoint\",\"urlTemplate\":\"https:\/\/www.exploring-umbria.com\/es\/?s={search_term_string}\"},\"query-input\":\"required name=search_term_string\"}],\"inLanguage\":\"es\"},{\"@type\":\"ImageObject\",\"@id\":\"https:\/\/www.exploring-umbria.com\/es\/descubre-citta-di-castello\/que-ver-en-citta-di-castello\/#primaryimage\",\"inLanguage\":\"es\",\"url\":\"https:\/\/www.exploring-umbria.com\/wp-content\/uploads\/2019\/03\/CITTA-DI-CASTELLO-PIAZZA-MATTEOTTI-2000x1333.jpeg\",\"contentUrl\":\"https:\/\/www.exploring-umbria.com\/wp-content\/uploads\/2019\/03\/CITTA-DI-CASTELLO-PIAZZA-MATTEOTTI-2000x1333.jpeg\",\"width\":2000,\"height\":1333,\"caption\":\"Citta di Castello (Umbria) Piazza Matteotti\"},{\"@type\":\"WebPage\",\"@id\":\"https:\/\/www.exploring-umbria.com\/es\/descubre-citta-di-castello\/que-ver-en-citta-di-castello\/#webpage\",\"url\":\"https:\/\/www.exploring-umbria.com\/es\/descubre-citta-di-castello\/que-ver-en-citta-di-castello\/\",\"name\":\"Qu\u00e9 Ver en Citt\u00e0 di Castello - Exploring Umbria\",\"isPartOf\":{\"@id\":\"https:\/\/www.exploring-umbria.com\/es\/#website\"},\"primaryImageOfPage\":{\"@id\":\"https:\/\/www.exploring-umbria.com\/es\/descubre-citta-di-castello\/que-ver-en-citta-di-castello\/#primaryimage\"},\"datePublished\":\"2019-02-12T09:09:33+00:00\",\"dateModified\":\"2020-03-16T18:01:09+00:00\",\"description\":\"Scopri cosa vedere a Citt\u00e0 di Castello, da Piazza Gabriotti, cuore pulsante della citt\u00e0 medioevale, a Piazza Costa: tra storia, cultura e tradizione. La\",\"breadcrumb\":{\"@id\":\"https:\/\/www.exploring-umbria.com\/es\/descubre-citta-di-castello\/que-ver-en-citta-di-castello\/#breadcrumb\"},\"inLanguage\":\"es\",\"potentialAction\":[{\"@type\":\"ReadAction\",\"target\":[\"https:\/\/www.exploring-umbria.com\/es\/descubre-citta-di-castello\/que-ver-en-citta-di-castello\/\"]}]},{\"@type\":\"BreadcrumbList\",\"@id\":\"https:\/\/www.exploring-umbria.com\/es\/descubre-citta-di-castello\/que-ver-en-citta-di-castello\/#breadcrumb\",\"itemListElement\":[{\"@type\":\"ListItem\",\"position\":1,\"name\":\"Home\",\"item\":\"https:\/\/www.exploring-umbria.com\/es\/\"},{\"@type\":\"ListItem\",\"position\":2,\"name\":\"Descubre Citt\u00e0 di Castello\",\"item\":\"https:\/\/www.exploring-umbria.com\/es\/descubre-citta-di-castello\/\"},{\"@type\":\"ListItem\",\"position\":3,\"name\":\"Qu\u00e9 Ver en Citt\u00e0 di Castello\"}]}]}<\/script>\n<!-- \/ Yoast SEO plugin. -->","yoast_head_json":{"title":"Qu\u00e9 Ver en Citt\u00e0 di Castello - Exploring Umbria","description":"Scopri cosa vedere a Citt\u00e0 di Castello, da Piazza Gabriotti, cuore pulsante della citt\u00e0 medioevale, a Piazza Costa: tra storia, cultura e tradizione. La","robots":{"index":"index","follow":"follow","max-snippet":"max-snippet:-1","max-image-preview":"max-image-preview:large","max-video-preview":"max-video-preview:-1"},"canonical":"https:\/\/www.exploring-umbria.com\/es\/descubre-citta-di-castello\/que-ver-en-citta-di-castello\/","og_locale":"es_ES","og_type":"article","og_title":"Qu\u00e9 Ver en Citt\u00e0 di Castello - Exploring Umbria","og_description":"Scopri cosa vedere a Citt\u00e0 di Castello, da Piazza Gabriotti, cuore pulsante della citt\u00e0 medioevale, a Piazza Costa: tra storia, cultura e tradizione. La","og_url":"https:\/\/www.exploring-umbria.com\/es\/descubre-citta-di-castello\/que-ver-en-citta-di-castello\/","og_site_name":"Exploring Umbria","article_publisher":"https:\/\/www.facebook.com\/exploringumbria\/","article_modified_time":"2020-03-16T18:01:09+00:00","og_image":[{"width":2000,"height":1333,"url":"https:\/\/www.exploring-umbria.com\/wp-content\/uploads\/2019\/03\/CITTA-DI-CASTELLO-PIAZZA-MATTEOTTI-2000x1333.jpeg","type":"image\/jpeg"}],"twitter_card":"summary_large_image","twitter_misc":{"Tiempo de lectura":"3 minutos"},"schema":{"@context":"https:\/\/schema.org","@graph":[{"@type":"Organization","@id":"https:\/\/www.exploring-umbria.com\/es\/#organization","name":"Exploring Umbria","url":"https:\/\/www.exploring-umbria.com\/es\/","sameAs":["https:\/\/www.facebook.com\/exploringumbria\/","https:\/\/www.instagram.com\/exploringumbria\/"],"logo":{"@type":"ImageObject","@id":"https:\/\/www.exploring-umbria.com\/es\/#logo","inLanguage":"es","url":"https:\/\/www.exploring-umbria.com\/wp-content\/uploads\/2019\/08\/solo-logo-verde.jpg","contentUrl":"https:\/\/www.exploring-umbria.com\/wp-content\/uploads\/2019\/08\/solo-logo-verde.jpg","width":952,"height":532,"caption":"Exploring Umbria"},"image":{"@id":"https:\/\/www.exploring-umbria.com\/es\/#logo"}},{"@type":"WebSite","@id":"https:\/\/www.exploring-umbria.com\/es\/#website","url":"https:\/\/www.exploring-umbria.com\/es\/","name":"Exploring Umbria","description":"your dates, your mood, your trip","publisher":{"@id":"https:\/\/www.exploring-umbria.com\/es\/#organization"},"potentialAction":[{"@type":"SearchAction","target":{"@type":"EntryPoint","urlTemplate":"https:\/\/www.exploring-umbria.com\/es\/?s={search_term_string}"},"query-input":"required name=search_term_string"}],"inLanguage":"es"},{"@type":"ImageObject","@id":"https:\/\/www.exploring-umbria.com\/es\/descubre-citta-di-castello\/que-ver-en-citta-di-castello\/#primaryimage","inLanguage":"es","url":"https:\/\/www.exploring-umbria.com\/wp-content\/uploads\/2019\/03\/CITTA-DI-CASTELLO-PIAZZA-MATTEOTTI-2000x1333.jpeg","contentUrl":"https:\/\/www.exploring-umbria.com\/wp-content\/uploads\/2019\/03\/CITTA-DI-CASTELLO-PIAZZA-MATTEOTTI-2000x1333.jpeg","width":2000,"height":1333,"caption":"Citta di Castello (Umbria) Piazza Matteotti"},{"@type":"WebPage","@id":"https:\/\/www.exploring-umbria.com\/es\/descubre-citta-di-castello\/que-ver-en-citta-di-castello\/#webpage","url":"https:\/\/www.exploring-umbria.com\/es\/descubre-citta-di-castello\/que-ver-en-citta-di-castello\/","name":"Qu\u00e9 Ver en Citt\u00e0 di Castello - Exploring Umbria","isPartOf":{"@id":"https:\/\/www.exploring-umbria.com\/es\/#website"},"primaryImageOfPage":{"@id":"https:\/\/www.exploring-umbria.com\/es\/descubre-citta-di-castello\/que-ver-en-citta-di-castello\/#primaryimage"},"datePublished":"2019-02-12T09:09:33+00:00","dateModified":"2020-03-16T18:01:09+00:00","description":"Scopri cosa vedere a Citt\u00e0 di Castello, da Piazza Gabriotti, cuore pulsante della citt\u00e0 medioevale, a Piazza Costa: tra storia, cultura e tradizione. La","breadcrumb":{"@id":"https:\/\/www.exploring-umbria.com\/es\/descubre-citta-di-castello\/que-ver-en-citta-di-castello\/#breadcrumb"},"inLanguage":"es","potentialAction":[{"@type":"ReadAction","target":["https:\/\/www.exploring-umbria.com\/es\/descubre-citta-di-castello\/que-ver-en-citta-di-castello\/"]}]},{"@type":"BreadcrumbList","@id":"https:\/\/www.exploring-umbria.com\/es\/descubre-citta-di-castello\/que-ver-en-citta-di-castello\/#breadcrumb","itemListElement":[{"@type":"ListItem","position":1,"name":"Home","item":"https:\/\/www.exploring-umbria.com\/es\/"},{"@type":"ListItem","position":2,"name":"Descubre Citt\u00e0 di Castello","item":"https:\/\/www.exploring-umbria.com\/es\/descubre-citta-di-castello\/"},{"@type":"ListItem","position":3,"name":"Qu\u00e9 Ver en Citt\u00e0 di Castello"}]}]}},"_links":{"self":[{"href":"https:\/\/www.exploring-umbria.com\/es\/wp-json\/wp\/v2\/pages\/3204"}],"collection":[{"href":"https:\/\/www.exploring-umbria.com\/es\/wp-json\/wp\/v2\/pages"}],"about":[{"href":"https:\/\/www.exploring-umbria.com\/es\/wp-json\/wp\/v2\/types\/page"}],"author":[{"embeddable":true,"href":"https:\/\/www.exploring-umbria.com\/es\/wp-json\/wp\/v2\/users\/3"}],"replies":[{"embeddable":true,"href":"https:\/\/www.exploring-umbria.com\/es\/wp-json\/wp\/v2\/comments?post=3204"}],"version-history":[{"count":8,"href":"https:\/\/www.exploring-umbria.com\/es\/wp-json\/wp\/v2\/pages\/3204\/revisions"}],"predecessor-version":[{"id":32604,"href":"https:\/\/www.exploring-umbria.com\/es\/wp-json\/wp\/v2\/pages\/3204\/revisions\/32604"}],"up":[{"embeddable":true,"href":"https:\/\/www.exploring-umbria.com\/es\/wp-json\/wp\/v2\/pages\/3206"}],"wp:featuredmedia":[{"embeddable":true,"href":"https:\/\/www.exploring-umbria.com\/es\/wp-json\/wp\/v2\/media\/1936"}],"wp:attachment":[{"href":"https:\/\/www.exploring-umbria.com\/es\/wp-json\/wp\/v2\/media?parent=3204"}],"curies":[{"name":"wp","href":"https:\/\/api.w.org\/{rel}","templated":true}]}}