{"id":3201,"date":"2019-02-12T10:10:01","date_gmt":"2019-02-12T09:10:01","guid":{"rendered":"https:\/\/www.exploring-umbria.com\/cosa-fare-a-citta-di-castello\/"},"modified":"2020-03-16T19:06:21","modified_gmt":"2020-03-16T18:06:21","slug":"que-hacer-en-citta-di-castello","status":"publish","type":"page","link":"https:\/\/www.exploring-umbria.com\/es\/descubre-citta-di-castello\/que-hacer-en-citta-di-castello\/","title":{"rendered":"Qu\u00e9 Hacer en Citt\u00e0 di Castello"},"content":{"rendered":"<h5>Scopri cosa fare a Citt\u00e0 di Castello: musei, parchi e terme, il tutto all&#8217;insegna della storia, della natura e del benessere.<\/h5>\n<p><!--more--><\/p>\n<p>En <a href=\"https:\/\/www.exploring-umbria.com\/es\/actividades\/guided-tour-of-citta-di-castello\/\" target=\"_blank\" rel=\"noopener noreferrer\">el paseo por el centro hist\u00f3rico<\/a> de Citt\u00e0 di Castello seguramente habr\u00e1s invertido la mayor parte de tu tiempo, pero entre un palacio y otro no te puedes perder los numerosos museos de la <strong>ciudad <\/strong>que cuentan historias de la vida antigua h\u00e1bilmente integradas con el esp\u00edritu de la sociedad moderna. De esta singular uni\u00f3n y de la visi\u00f3n de futuro del Ayuntamiento nacen exposiciones sin igual, como la Colecci\u00f3n Burri, dividida entre el Palacio Albizzini en el centro y los sistemas de los antiguos Secaderos de Tabaco en las afueras del sur de la ciudad.<\/p>\n<p>Por no hablar de los dos museos-laboratorios que hacen de Citt\u00e0 di Castello un destino \u00fanico en su g\u00e9nero: la <strong>colecci\u00f3n \u00abTessile Umbra\u00bb es a la vez un museo y un taller activo en el que las manos del centro, fundado en 1908 por los <\/strong>barones <em>Alice<\/em> y <em>Leopoldo<\/em> <em>Franchetti<\/em>, producen obras maestras de la artesan\u00eda local. Est\u00e1 flanqueado por el <strong>Museo de<\/strong> Artes Gr\u00e1ficas que junto con Imprenta <strong>Grifani Donati <\/strong>, fundado en 1799 por <em>Bartolomeo<\/em> <em>Carlucci<\/em> y <em>Francesco<\/em> <em>Donati<\/em>. En el interior de los locales de la antigua iglesia de S. Paolo, las manos de h\u00e1biles artesanos a\u00fan conservan la tradici\u00f3n del arte tipogr\u00e1fico, presente en la ciudad desde el siglo XVI, y alimentan la econom\u00eda local con una de las principales actividades productivas del territorio tifernado.<\/p>\n<p>En una de las principales ciudades del Valle del T\u00edber existen ciertamente alternativas. Si prefieres el aire fresco, podr\u00e1s elegir entre el <strong>Parque dell&#8217;Ansa del Tevere<\/strong>, cerca de las murallas de la ciudad en Viale Nazario Sauro, o el <strong>Parque de los Cigni, <\/strong>al lado del T\u00edber, al sur de la ciudad, donde podr\u00e1s admirar muchas especies de aves acu\u00e1ticas en libertad. Entre los dos parques, en el puente del T\u00edber en Via Aretina, se encuentra la <strong>sede del Club <\/strong>de Pirag\u00fcismo de Citt\u00e0 di Castello, cuyos gu\u00edas profesionales pueden acompa\u00f1arte en una fascinante excursi\u00f3n en canoa por el <a href=\"https:\/\/es.wikipedia.org\/wiki\/T%C3%ADber\" target=\"_blank\" rel=\"noopener noreferrer\">r\u00edo<\/a> m\u00e1s importante de Italia.<\/p>\n<p>Y por si fuera poco, se puede ir a caminar o hacer footing a las <strong>Termas de Montecchio<\/strong>, a tres kil\u00f3metros del centro de la ciudad, donde las aguas sulfurosas y el barro natural son el motor de un centro que ha obtenido el t\u00edtulo de Primera Categor\u00eda S\u00faper, no s\u00f3lo por la calidad de los tratamientos de bienestar, sino tambi\u00e9n y sobre todo por la importancia de los centros diagn\u00f3sticos y terap\u00e9uticos activos durante todo el a\u00f1o. Por \u00faltimo, a varios kil\u00f3metros de la ciudad, pasada la E45, accesible s\u00f3lo en coche, se puede visitar el elegante <strong>parque con la villa de Montesca<\/strong>. T\u00fa eliges.<\/p>\n","protected":false},"excerpt":{"rendered":"<p>Scopri cosa fare a Citt\u00e0 di Castello: musei, parchi e terme, il tutto all&#8217;insegna della storia, della natura e del benessere.<\/p>\n","protected":false},"author":3,"featured_media":1221,"parent":3206,"menu_order":0,"comment_status":"closed","ping_status":"closed","template":"","meta":{"om_disable_all_campaigns":false,"_monsterinsights_skip_tracking":false,"_monsterinsights_sitenote_active":false,"_monsterinsights_sitenote_note":"","_monsterinsights_sitenote_category":0},"acf":[],"yoast_head":"<!-- This site is optimized with the Yoast SEO plugin v18.4.1 - https:\/\/yoast.com\/wordpress\/plugins\/seo\/ -->\n<title>Qu\u00e9 Hacer en Citt\u00e0 di Castello - Exploring Umbria<\/title>\n<meta name=\"description\" content=\"Scopri cosa fare a Citt\u00e0 di Castello: musei, parchi e terme, il tutto all&#039;insegna della storia, della natura e del benessere. En el paseo por el centro\" \/>\n<meta name=\"robots\" content=\"index, follow, max-snippet:-1, max-image-preview:large, max-video-preview:-1\" \/>\n<link rel=\"canonical\" href=\"https:\/\/www.exploring-umbria.com\/es\/descubre-citta-di-castello\/que-hacer-en-citta-di-castello\/\" \/>\n<meta property=\"og:locale\" content=\"es_ES\" \/>\n<meta property=\"og:type\" content=\"article\" \/>\n<meta property=\"og:title\" content=\"Qu\u00e9 Hacer en Citt\u00e0 di Castello - Exploring Umbria\" \/>\n<meta property=\"og:description\" content=\"Scopri cosa fare a Citt\u00e0 di Castello: musei, parchi e terme, il tutto all&#039;insegna della storia, della natura e del benessere. En el paseo por el centro\" \/>\n<meta property=\"og:url\" content=\"https:\/\/www.exploring-umbria.com\/es\/descubre-citta-di-castello\/que-hacer-en-citta-di-castello\/\" \/>\n<meta property=\"og:site_name\" content=\"Exploring Umbria\" \/>\n<meta property=\"article:publisher\" content=\"https:\/\/www.facebook.com\/exploringumbria\/\" \/>\n<meta property=\"article:modified_time\" content=\"2020-03-16T18:06:21+00:00\" \/>\n<meta property=\"og:image\" content=\"https:\/\/www.exploring-umbria.com\/wp-content\/uploads\/2019\/02\/Citt\u00e0_di_Castello-ORG-2500x1666.jpg\" \/>\n\t<meta property=\"og:image:width\" content=\"2500\" \/>\n\t<meta property=\"og:image:height\" content=\"1666\" \/>\n\t<meta property=\"og:image:type\" content=\"image\/jpeg\" \/>\n<meta name=\"twitter:card\" content=\"summary_large_image\" \/>\n<meta name=\"twitter:label1\" content=\"Tiempo de lectura\" \/>\n\t<meta name=\"twitter:data1\" content=\"2 minutos\" \/>\n<script type=\"application\/ld+json\" class=\"yoast-schema-graph\">{\"@context\":\"https:\/\/schema.org\",\"@graph\":[{\"@type\":\"Organization\",\"@id\":\"https:\/\/www.exploring-umbria.com\/es\/#organization\",\"name\":\"Exploring Umbria\",\"url\":\"https:\/\/www.exploring-umbria.com\/es\/\",\"sameAs\":[\"https:\/\/www.facebook.com\/exploringumbria\/\",\"https:\/\/www.instagram.com\/exploringumbria\/\"],\"logo\":{\"@type\":\"ImageObject\",\"@id\":\"https:\/\/www.exploring-umbria.com\/es\/#logo\",\"inLanguage\":\"es\",\"url\":\"https:\/\/www.exploring-umbria.com\/wp-content\/uploads\/2019\/08\/solo-logo-verde.jpg\",\"contentUrl\":\"https:\/\/www.exploring-umbria.com\/wp-content\/uploads\/2019\/08\/solo-logo-verde.jpg\",\"width\":952,\"height\":532,\"caption\":\"Exploring Umbria\"},\"image\":{\"@id\":\"https:\/\/www.exploring-umbria.com\/es\/#logo\"}},{\"@type\":\"WebSite\",\"@id\":\"https:\/\/www.exploring-umbria.com\/es\/#website\",\"url\":\"https:\/\/www.exploring-umbria.com\/es\/\",\"name\":\"Exploring Umbria\",\"description\":\"your dates, your mood, your trip\",\"publisher\":{\"@id\":\"https:\/\/www.exploring-umbria.com\/es\/#organization\"},\"potentialAction\":[{\"@type\":\"SearchAction\",\"target\":{\"@type\":\"EntryPoint\",\"urlTemplate\":\"https:\/\/www.exploring-umbria.com\/es\/?s={search_term_string}\"},\"query-input\":\"required name=search_term_string\"}],\"inLanguage\":\"es\"},{\"@type\":\"ImageObject\",\"@id\":\"https:\/\/www.exploring-umbria.com\/es\/descubre-citta-di-castello\/que-hacer-en-citta-di-castello\/#primaryimage\",\"inLanguage\":\"es\",\"url\":\"https:\/\/www.exploring-umbria.com\/wp-content\/uploads\/2019\/02\/Citt\u00e0_di_Castello-ORG-2500x1666.jpg\",\"contentUrl\":\"https:\/\/www.exploring-umbria.com\/wp-content\/uploads\/2019\/02\/Citt\u00e0_di_Castello-ORG-2500x1666.jpg\",\"width\":2500,\"height\":1666,\"caption\":\"citt\u00e0 di castello cosa vedere\"},{\"@type\":\"WebPage\",\"@id\":\"https:\/\/www.exploring-umbria.com\/es\/descubre-citta-di-castello\/que-hacer-en-citta-di-castello\/#webpage\",\"url\":\"https:\/\/www.exploring-umbria.com\/es\/descubre-citta-di-castello\/que-hacer-en-citta-di-castello\/\",\"name\":\"Qu\u00e9 Hacer en Citt\u00e0 di Castello - Exploring Umbria\",\"isPartOf\":{\"@id\":\"https:\/\/www.exploring-umbria.com\/es\/#website\"},\"primaryImageOfPage\":{\"@id\":\"https:\/\/www.exploring-umbria.com\/es\/descubre-citta-di-castello\/que-hacer-en-citta-di-castello\/#primaryimage\"},\"datePublished\":\"2019-02-12T09:10:01+00:00\",\"dateModified\":\"2020-03-16T18:06:21+00:00\",\"description\":\"Scopri cosa fare a Citt\u00e0 di Castello: musei, parchi e terme, il tutto all'insegna della storia, della natura e del benessere. En el paseo por el centro\",\"breadcrumb\":{\"@id\":\"https:\/\/www.exploring-umbria.com\/es\/descubre-citta-di-castello\/que-hacer-en-citta-di-castello\/#breadcrumb\"},\"inLanguage\":\"es\",\"potentialAction\":[{\"@type\":\"ReadAction\",\"target\":[\"https:\/\/www.exploring-umbria.com\/es\/descubre-citta-di-castello\/que-hacer-en-citta-di-castello\/\"]}]},{\"@type\":\"BreadcrumbList\",\"@id\":\"https:\/\/www.exploring-umbria.com\/es\/descubre-citta-di-castello\/que-hacer-en-citta-di-castello\/#breadcrumb\",\"itemListElement\":[{\"@type\":\"ListItem\",\"position\":1,\"name\":\"Home\",\"item\":\"https:\/\/www.exploring-umbria.com\/es\/\"},{\"@type\":\"ListItem\",\"position\":2,\"name\":\"Descubre Citt\u00e0 di Castello\",\"item\":\"https:\/\/www.exploring-umbria.com\/es\/descubre-citta-di-castello\/\"},{\"@type\":\"ListItem\",\"position\":3,\"name\":\"Qu\u00e9 Hacer en Citt\u00e0 di Castello\"}]}]}<\/script>\n<!-- \/ Yoast SEO plugin. -->","yoast_head_json":{"title":"Qu\u00e9 Hacer en Citt\u00e0 di Castello - Exploring Umbria","description":"Scopri cosa fare a Citt\u00e0 di Castello: musei, parchi e terme, il tutto all'insegna della storia, della natura e del benessere. En el paseo por el centro","robots":{"index":"index","follow":"follow","max-snippet":"max-snippet:-1","max-image-preview":"max-image-preview:large","max-video-preview":"max-video-preview:-1"},"canonical":"https:\/\/www.exploring-umbria.com\/es\/descubre-citta-di-castello\/que-hacer-en-citta-di-castello\/","og_locale":"es_ES","og_type":"article","og_title":"Qu\u00e9 Hacer en Citt\u00e0 di Castello - Exploring Umbria","og_description":"Scopri cosa fare a Citt\u00e0 di Castello: musei, parchi e terme, il tutto all'insegna della storia, della natura e del benessere. En el paseo por el centro","og_url":"https:\/\/www.exploring-umbria.com\/es\/descubre-citta-di-castello\/que-hacer-en-citta-di-castello\/","og_site_name":"Exploring Umbria","article_publisher":"https:\/\/www.facebook.com\/exploringumbria\/","article_modified_time":"2020-03-16T18:06:21+00:00","og_image":[{"width":2500,"height":1666,"url":"https:\/\/www.exploring-umbria.com\/wp-content\/uploads\/2019\/02\/Citt\u00e0_di_Castello-ORG-2500x1666.jpg","type":"image\/jpeg"}],"twitter_card":"summary_large_image","twitter_misc":{"Tiempo de lectura":"2 minutos"},"schema":{"@context":"https:\/\/schema.org","@graph":[{"@type":"Organization","@id":"https:\/\/www.exploring-umbria.com\/es\/#organization","name":"Exploring Umbria","url":"https:\/\/www.exploring-umbria.com\/es\/","sameAs":["https:\/\/www.facebook.com\/exploringumbria\/","https:\/\/www.instagram.com\/exploringumbria\/"],"logo":{"@type":"ImageObject","@id":"https:\/\/www.exploring-umbria.com\/es\/#logo","inLanguage":"es","url":"https:\/\/www.exploring-umbria.com\/wp-content\/uploads\/2019\/08\/solo-logo-verde.jpg","contentUrl":"https:\/\/www.exploring-umbria.com\/wp-content\/uploads\/2019\/08\/solo-logo-verde.jpg","width":952,"height":532,"caption":"Exploring Umbria"},"image":{"@id":"https:\/\/www.exploring-umbria.com\/es\/#logo"}},{"@type":"WebSite","@id":"https:\/\/www.exploring-umbria.com\/es\/#website","url":"https:\/\/www.exploring-umbria.com\/es\/","name":"Exploring Umbria","description":"your dates, your mood, your trip","publisher":{"@id":"https:\/\/www.exploring-umbria.com\/es\/#organization"},"potentialAction":[{"@type":"SearchAction","target":{"@type":"EntryPoint","urlTemplate":"https:\/\/www.exploring-umbria.com\/es\/?s={search_term_string}"},"query-input":"required name=search_term_string"}],"inLanguage":"es"},{"@type":"ImageObject","@id":"https:\/\/www.exploring-umbria.com\/es\/descubre-citta-di-castello\/que-hacer-en-citta-di-castello\/#primaryimage","inLanguage":"es","url":"https:\/\/www.exploring-umbria.com\/wp-content\/uploads\/2019\/02\/Citt\u00e0_di_Castello-ORG-2500x1666.jpg","contentUrl":"https:\/\/www.exploring-umbria.com\/wp-content\/uploads\/2019\/02\/Citt\u00e0_di_Castello-ORG-2500x1666.jpg","width":2500,"height":1666,"caption":"citt\u00e0 di castello cosa vedere"},{"@type":"WebPage","@id":"https:\/\/www.exploring-umbria.com\/es\/descubre-citta-di-castello\/que-hacer-en-citta-di-castello\/#webpage","url":"https:\/\/www.exploring-umbria.com\/es\/descubre-citta-di-castello\/que-hacer-en-citta-di-castello\/","name":"Qu\u00e9 Hacer en Citt\u00e0 di Castello - Exploring Umbria","isPartOf":{"@id":"https:\/\/www.exploring-umbria.com\/es\/#website"},"primaryImageOfPage":{"@id":"https:\/\/www.exploring-umbria.com\/es\/descubre-citta-di-castello\/que-hacer-en-citta-di-castello\/#primaryimage"},"datePublished":"2019-02-12T09:10:01+00:00","dateModified":"2020-03-16T18:06:21+00:00","description":"Scopri cosa fare a Citt\u00e0 di Castello: musei, parchi e terme, il tutto all'insegna della storia, della natura e del benessere. En el paseo por el centro","breadcrumb":{"@id":"https:\/\/www.exploring-umbria.com\/es\/descubre-citta-di-castello\/que-hacer-en-citta-di-castello\/#breadcrumb"},"inLanguage":"es","potentialAction":[{"@type":"ReadAction","target":["https:\/\/www.exploring-umbria.com\/es\/descubre-citta-di-castello\/que-hacer-en-citta-di-castello\/"]}]},{"@type":"BreadcrumbList","@id":"https:\/\/www.exploring-umbria.com\/es\/descubre-citta-di-castello\/que-hacer-en-citta-di-castello\/#breadcrumb","itemListElement":[{"@type":"ListItem","position":1,"name":"Home","item":"https:\/\/www.exploring-umbria.com\/es\/"},{"@type":"ListItem","position":2,"name":"Descubre Citt\u00e0 di Castello","item":"https:\/\/www.exploring-umbria.com\/es\/descubre-citta-di-castello\/"},{"@type":"ListItem","position":3,"name":"Qu\u00e9 Hacer en Citt\u00e0 di Castello"}]}]}},"_links":{"self":[{"href":"https:\/\/www.exploring-umbria.com\/es\/wp-json\/wp\/v2\/pages\/3201"}],"collection":[{"href":"https:\/\/www.exploring-umbria.com\/es\/wp-json\/wp\/v2\/pages"}],"about":[{"href":"https:\/\/www.exploring-umbria.com\/es\/wp-json\/wp\/v2\/types\/page"}],"author":[{"embeddable":true,"href":"https:\/\/www.exploring-umbria.com\/es\/wp-json\/wp\/v2\/users\/3"}],"replies":[{"embeddable":true,"href":"https:\/\/www.exploring-umbria.com\/es\/wp-json\/wp\/v2\/comments?post=3201"}],"version-history":[{"count":5,"href":"https:\/\/www.exploring-umbria.com\/es\/wp-json\/wp\/v2\/pages\/3201\/revisions"}],"predecessor-version":[{"id":32606,"href":"https:\/\/www.exploring-umbria.com\/es\/wp-json\/wp\/v2\/pages\/3201\/revisions\/32606"}],"up":[{"embeddable":true,"href":"https:\/\/www.exploring-umbria.com\/es\/wp-json\/wp\/v2\/pages\/3206"}],"wp:featuredmedia":[{"embeddable":true,"href":"https:\/\/www.exploring-umbria.com\/es\/wp-json\/wp\/v2\/media\/1221"}],"wp:attachment":[{"href":"https:\/\/www.exploring-umbria.com\/es\/wp-json\/wp\/v2\/media?parent=3201"}],"curies":[{"name":"wp","href":"https:\/\/api.w.org\/{rel}","templated":true}]}}