{"id":31946,"date":"2019-05-02T18:32:32","date_gmt":"2019-05-02T16:32:32","guid":{"rendered":"https:\/\/www.exploring-umbria.com\/la-ceramica-en-umbria\/la-ceramica-di-orvieto\/"},"modified":"2020-03-06T16:56:16","modified_gmt":"2020-03-06T15:56:16","slug":"la-ceramica-en-orvieto","status":"publish","type":"page","link":"https:\/\/www.exploring-umbria.com\/es\/la-ceramica-en-umbria\/la-ceramica-en-orvieto\/","title":{"rendered":"La cer\u00e1mica en Orvieto"},"content":{"rendered":"<p>La tradici\u00f3n cer\u00e1mica en <strong>Orvieto<\/strong> tiene miles de a\u00f1os de antig\u00fcedad y tiene sus or\u00edgenes en la \u00e9poca etrusca, una \u00e9poca en la que se extendi\u00f3 entre los asentamientos del territorio una de las producciones m\u00e1s refinadas de la antig\u00fcedad: el <a href=\"https:\/\/es.wikipedia.org\/wiki\/Bucchero\" target=\"_blank\" rel=\"noopener noreferrer\"><strong>bucchero<\/strong><\/a>. Se trata de un producto cer\u00e1mico negro, brillante, incre\u00edblemente fino y ligero. No obstante, el m\u00e1ximo esplendor de la producci\u00f3n etrusca deOrvieto se alcanz\u00f3 en las llamadas \u00abterracotas arquitect\u00f3nicas policromas\u00bb, elementos de decoraci\u00f3ny de edificios p\u00fablicos y privados alabados incluso por <em>Plinio<\/em> <em>el<\/em> <em>Viejo<\/em> en su <em>Naturalis Historia<\/em>.<\/p>\n<p>La tradici\u00f3n art\u00edstica de la <strong>cer\u00e1mica de Orvieto<\/strong> continu\u00f3 a lo largo de la Edad Media, cuando se desarrollaron nuevas t\u00e9cnicas de decoraci\u00f3n, como el sistema de ret\u00edculas, una verdadera ret\u00edcula geom\u00e9trica pintada en el fondo esmaltado para dar profundidad a las superficies. En los primeros a\u00f1os del siglo XX se hizo un descubrimiento hist\u00f3rico en Orvieto. Casi todas las casas medievales ten\u00edan \u00ab<em>butti<\/em>\u00ab, es decir, espacios de despensa excavados en el suelo y olvidados con el paso de los a\u00f1os y de las numerosas renovaciones. En todos y cada uno de estos lugares se conserva una gran cantidad de cer\u00e1mica medieval antigua, fragmentada pero en buen estado de conservaci\u00f3n. Este descubrimiento hizo de Orvieto uno de los campos de estudio m\u00e1s importantes de la cer\u00e1mica antigua de Umbr\u00eda. As\u00ed comenz\u00f3 un saqueo sistem\u00e1tico y deliberado de los \u00abbutti\u00bb que dur\u00f3 muchos a\u00f1os e hizo fortuna tanto a los anticuarios locales como a los museos m\u00e1s importantes del mundo, as\u00ed como al <a href=\"https:\/\/www.exploring-umbria.com\/es\/subcategories\/cosa-fare-e-cosa-vedere-ad-orvieto\/#heading2981\">Museo Arqueol\u00f3gico Nacional<\/a> local.<\/p>\n","protected":false},"excerpt":{"rendered":"<p>La tradici\u00f3n cer\u00e1mica en Orvieto tiene miles de a\u00f1os de antig\u00fcedad y tiene sus or\u00edgenes en la \u00e9poca etrusca, una \u00e9poca en la que se extendi\u00f3 entre los asentamientos del territorio una de las producciones m\u00e1s refinadas de la antig\u00fcedad: el bucchero. Se trata de un producto cer\u00e1mico negro, brillante, incre\u00edblemente fino y ligero. No [&hellip;]<\/p>\n","protected":false},"author":3,"featured_media":31932,"parent":31904,"menu_order":0,"comment_status":"closed","ping_status":"closed","template":"","meta":{"om_disable_all_campaigns":false,"_monsterinsights_skip_tracking":false,"_monsterinsights_sitenote_active":false,"_monsterinsights_sitenote_note":"","_monsterinsights_sitenote_category":0},"acf":[],"yoast_head":"<!-- This site is optimized with the Yoast SEO plugin v18.4.1 - https:\/\/yoast.com\/wordpress\/plugins\/seo\/ -->\n<title>La cer\u00e1mica en Orvieto - Exploring Umbria<\/title>\n<meta name=\"description\" content=\"La tradici\u00f3n cer\u00e1mica en Orvieto tiene miles de a\u00f1os de antig\u00fcedad y tiene sus or\u00edgenes en la \u00e9poca etrusca, una \u00e9poca en la que se extendi\u00f3 entre los\" \/>\n<meta name=\"robots\" content=\"index, follow, max-snippet:-1, max-image-preview:large, max-video-preview:-1\" \/>\n<link rel=\"canonical\" href=\"https:\/\/www.exploring-umbria.com\/es\/la-ceramica-en-umbria\/la-ceramica-en-orvieto\/\" \/>\n<meta property=\"og:locale\" content=\"es_ES\" \/>\n<meta property=\"og:type\" content=\"article\" \/>\n<meta property=\"og:title\" content=\"La cer\u00e1mica en Orvieto - Exploring Umbria\" \/>\n<meta property=\"og:description\" content=\"La tradici\u00f3n cer\u00e1mica en Orvieto tiene miles de a\u00f1os de antig\u00fcedad y tiene sus or\u00edgenes en la \u00e9poca etrusca, una \u00e9poca en la que se extendi\u00f3 entre los\" \/>\n<meta property=\"og:url\" content=\"https:\/\/www.exploring-umbria.com\/es\/la-ceramica-en-umbria\/la-ceramica-en-orvieto\/\" \/>\n<meta property=\"og:site_name\" content=\"Exploring Umbria\" \/>\n<meta property=\"article:publisher\" content=\"https:\/\/www.facebook.com\/exploringumbria\/\" \/>\n<meta property=\"article:modified_time\" content=\"2020-03-06T15:56:16+00:00\" \/>\n<meta property=\"og:image\" content=\"https:\/\/www.exploring-umbria.com\/wp-content\/uploads\/2020\/03\/ceramica.jpg\" \/>\n\t<meta property=\"og:image:width\" content=\"1280\" \/>\n\t<meta property=\"og:image:height\" content=\"914\" \/>\n\t<meta property=\"og:image:type\" content=\"image\/jpeg\" \/>\n<meta name=\"twitter:card\" content=\"summary_large_image\" \/>\n<meta name=\"twitter:label1\" content=\"Tiempo de lectura\" \/>\n\t<meta name=\"twitter:data1\" content=\"1 minuto\" \/>\n<script type=\"application\/ld+json\" class=\"yoast-schema-graph\">{\"@context\":\"https:\/\/schema.org\",\"@graph\":[{\"@type\":\"Organization\",\"@id\":\"https:\/\/www.exploring-umbria.com\/es\/#organization\",\"name\":\"Exploring Umbria\",\"url\":\"https:\/\/www.exploring-umbria.com\/es\/\",\"sameAs\":[\"https:\/\/www.facebook.com\/exploringumbria\/\",\"https:\/\/www.instagram.com\/exploringumbria\/\"],\"logo\":{\"@type\":\"ImageObject\",\"@id\":\"https:\/\/www.exploring-umbria.com\/es\/#logo\",\"inLanguage\":\"es\",\"url\":\"https:\/\/www.exploring-umbria.com\/wp-content\/uploads\/2019\/08\/solo-logo-verde.jpg\",\"contentUrl\":\"https:\/\/www.exploring-umbria.com\/wp-content\/uploads\/2019\/08\/solo-logo-verde.jpg\",\"width\":952,\"height\":532,\"caption\":\"Exploring Umbria\"},\"image\":{\"@id\":\"https:\/\/www.exploring-umbria.com\/es\/#logo\"}},{\"@type\":\"WebSite\",\"@id\":\"https:\/\/www.exploring-umbria.com\/es\/#website\",\"url\":\"https:\/\/www.exploring-umbria.com\/es\/\",\"name\":\"Exploring Umbria\",\"description\":\"your dates, your mood, your trip\",\"publisher\":{\"@id\":\"https:\/\/www.exploring-umbria.com\/es\/#organization\"},\"potentialAction\":[{\"@type\":\"SearchAction\",\"target\":{\"@type\":\"EntryPoint\",\"urlTemplate\":\"https:\/\/www.exploring-umbria.com\/es\/?s={search_term_string}\"},\"query-input\":\"required name=search_term_string\"}],\"inLanguage\":\"es\"},{\"@type\":\"ImageObject\",\"@id\":\"https:\/\/www.exploring-umbria.com\/es\/la-ceramica-en-umbria\/la-ceramica-en-orvieto\/#primaryimage\",\"inLanguage\":\"es\",\"url\":\"https:\/\/www.exploring-umbria.com\/wp-content\/uploads\/2020\/03\/ceramica.jpg\",\"contentUrl\":\"https:\/\/www.exploring-umbria.com\/wp-content\/uploads\/2020\/03\/ceramica.jpg\",\"width\":1280,\"height\":914,\"caption\":\"La ceramica di Orvieto\"},{\"@type\":\"WebPage\",\"@id\":\"https:\/\/www.exploring-umbria.com\/es\/la-ceramica-en-umbria\/la-ceramica-en-orvieto\/#webpage\",\"url\":\"https:\/\/www.exploring-umbria.com\/es\/la-ceramica-en-umbria\/la-ceramica-en-orvieto\/\",\"name\":\"La cer\u00e1mica en Orvieto - Exploring Umbria\",\"isPartOf\":{\"@id\":\"https:\/\/www.exploring-umbria.com\/es\/#website\"},\"primaryImageOfPage\":{\"@id\":\"https:\/\/www.exploring-umbria.com\/es\/la-ceramica-en-umbria\/la-ceramica-en-orvieto\/#primaryimage\"},\"datePublished\":\"2019-05-02T16:32:32+00:00\",\"dateModified\":\"2020-03-06T15:56:16+00:00\",\"description\":\"La tradici\u00f3n cer\u00e1mica en Orvieto tiene miles de a\u00f1os de antig\u00fcedad y tiene sus or\u00edgenes en la \u00e9poca etrusca, una \u00e9poca en la que se extendi\u00f3 entre los\",\"breadcrumb\":{\"@id\":\"https:\/\/www.exploring-umbria.com\/es\/la-ceramica-en-umbria\/la-ceramica-en-orvieto\/#breadcrumb\"},\"inLanguage\":\"es\",\"potentialAction\":[{\"@type\":\"ReadAction\",\"target\":[\"https:\/\/www.exploring-umbria.com\/es\/la-ceramica-en-umbria\/la-ceramica-en-orvieto\/\"]}]},{\"@type\":\"BreadcrumbList\",\"@id\":\"https:\/\/www.exploring-umbria.com\/es\/la-ceramica-en-umbria\/la-ceramica-en-orvieto\/#breadcrumb\",\"itemListElement\":[{\"@type\":\"ListItem\",\"position\":1,\"name\":\"Home\",\"item\":\"https:\/\/www.exploring-umbria.com\/es\/\"},{\"@type\":\"ListItem\",\"position\":2,\"name\":\"La Cer\u00e1mica en Umbria\",\"item\":\"https:\/\/www.exploring-umbria.com\/es\/la-ceramica-en-umbria\/\"},{\"@type\":\"ListItem\",\"position\":3,\"name\":\"La cer\u00e1mica en Orvieto\"}]}]}<\/script>\n<!-- \/ Yoast SEO plugin. -->","yoast_head_json":{"title":"La cer\u00e1mica en Orvieto - Exploring Umbria","description":"La tradici\u00f3n cer\u00e1mica en Orvieto tiene miles de a\u00f1os de antig\u00fcedad y tiene sus or\u00edgenes en la \u00e9poca etrusca, una \u00e9poca en la que se extendi\u00f3 entre los","robots":{"index":"index","follow":"follow","max-snippet":"max-snippet:-1","max-image-preview":"max-image-preview:large","max-video-preview":"max-video-preview:-1"},"canonical":"https:\/\/www.exploring-umbria.com\/es\/la-ceramica-en-umbria\/la-ceramica-en-orvieto\/","og_locale":"es_ES","og_type":"article","og_title":"La cer\u00e1mica en Orvieto - Exploring Umbria","og_description":"La tradici\u00f3n cer\u00e1mica en Orvieto tiene miles de a\u00f1os de antig\u00fcedad y tiene sus or\u00edgenes en la \u00e9poca etrusca, una \u00e9poca en la que se extendi\u00f3 entre los","og_url":"https:\/\/www.exploring-umbria.com\/es\/la-ceramica-en-umbria\/la-ceramica-en-orvieto\/","og_site_name":"Exploring Umbria","article_publisher":"https:\/\/www.facebook.com\/exploringumbria\/","article_modified_time":"2020-03-06T15:56:16+00:00","og_image":[{"width":1280,"height":914,"url":"https:\/\/www.exploring-umbria.com\/wp-content\/uploads\/2020\/03\/ceramica.jpg","type":"image\/jpeg"}],"twitter_card":"summary_large_image","twitter_misc":{"Tiempo de lectura":"1 minuto"},"schema":{"@context":"https:\/\/schema.org","@graph":[{"@type":"Organization","@id":"https:\/\/www.exploring-umbria.com\/es\/#organization","name":"Exploring Umbria","url":"https:\/\/www.exploring-umbria.com\/es\/","sameAs":["https:\/\/www.facebook.com\/exploringumbria\/","https:\/\/www.instagram.com\/exploringumbria\/"],"logo":{"@type":"ImageObject","@id":"https:\/\/www.exploring-umbria.com\/es\/#logo","inLanguage":"es","url":"https:\/\/www.exploring-umbria.com\/wp-content\/uploads\/2019\/08\/solo-logo-verde.jpg","contentUrl":"https:\/\/www.exploring-umbria.com\/wp-content\/uploads\/2019\/08\/solo-logo-verde.jpg","width":952,"height":532,"caption":"Exploring Umbria"},"image":{"@id":"https:\/\/www.exploring-umbria.com\/es\/#logo"}},{"@type":"WebSite","@id":"https:\/\/www.exploring-umbria.com\/es\/#website","url":"https:\/\/www.exploring-umbria.com\/es\/","name":"Exploring Umbria","description":"your dates, your mood, your trip","publisher":{"@id":"https:\/\/www.exploring-umbria.com\/es\/#organization"},"potentialAction":[{"@type":"SearchAction","target":{"@type":"EntryPoint","urlTemplate":"https:\/\/www.exploring-umbria.com\/es\/?s={search_term_string}"},"query-input":"required name=search_term_string"}],"inLanguage":"es"},{"@type":"ImageObject","@id":"https:\/\/www.exploring-umbria.com\/es\/la-ceramica-en-umbria\/la-ceramica-en-orvieto\/#primaryimage","inLanguage":"es","url":"https:\/\/www.exploring-umbria.com\/wp-content\/uploads\/2020\/03\/ceramica.jpg","contentUrl":"https:\/\/www.exploring-umbria.com\/wp-content\/uploads\/2020\/03\/ceramica.jpg","width":1280,"height":914,"caption":"La ceramica di Orvieto"},{"@type":"WebPage","@id":"https:\/\/www.exploring-umbria.com\/es\/la-ceramica-en-umbria\/la-ceramica-en-orvieto\/#webpage","url":"https:\/\/www.exploring-umbria.com\/es\/la-ceramica-en-umbria\/la-ceramica-en-orvieto\/","name":"La cer\u00e1mica en Orvieto - Exploring Umbria","isPartOf":{"@id":"https:\/\/www.exploring-umbria.com\/es\/#website"},"primaryImageOfPage":{"@id":"https:\/\/www.exploring-umbria.com\/es\/la-ceramica-en-umbria\/la-ceramica-en-orvieto\/#primaryimage"},"datePublished":"2019-05-02T16:32:32+00:00","dateModified":"2020-03-06T15:56:16+00:00","description":"La tradici\u00f3n cer\u00e1mica en Orvieto tiene miles de a\u00f1os de antig\u00fcedad y tiene sus or\u00edgenes en la \u00e9poca etrusca, una \u00e9poca en la que se extendi\u00f3 entre los","breadcrumb":{"@id":"https:\/\/www.exploring-umbria.com\/es\/la-ceramica-en-umbria\/la-ceramica-en-orvieto\/#breadcrumb"},"inLanguage":"es","potentialAction":[{"@type":"ReadAction","target":["https:\/\/www.exploring-umbria.com\/es\/la-ceramica-en-umbria\/la-ceramica-en-orvieto\/"]}]},{"@type":"BreadcrumbList","@id":"https:\/\/www.exploring-umbria.com\/es\/la-ceramica-en-umbria\/la-ceramica-en-orvieto\/#breadcrumb","itemListElement":[{"@type":"ListItem","position":1,"name":"Home","item":"https:\/\/www.exploring-umbria.com\/es\/"},{"@type":"ListItem","position":2,"name":"La Cer\u00e1mica en Umbria","item":"https:\/\/www.exploring-umbria.com\/es\/la-ceramica-en-umbria\/"},{"@type":"ListItem","position":3,"name":"La cer\u00e1mica en Orvieto"}]}]}},"_links":{"self":[{"href":"https:\/\/www.exploring-umbria.com\/es\/wp-json\/wp\/v2\/pages\/31946"}],"collection":[{"href":"https:\/\/www.exploring-umbria.com\/es\/wp-json\/wp\/v2\/pages"}],"about":[{"href":"https:\/\/www.exploring-umbria.com\/es\/wp-json\/wp\/v2\/types\/page"}],"author":[{"embeddable":true,"href":"https:\/\/www.exploring-umbria.com\/es\/wp-json\/wp\/v2\/users\/3"}],"replies":[{"embeddable":true,"href":"https:\/\/www.exploring-umbria.com\/es\/wp-json\/wp\/v2\/comments?post=31946"}],"version-history":[{"count":2,"href":"https:\/\/www.exploring-umbria.com\/es\/wp-json\/wp\/v2\/pages\/31946\/revisions"}],"predecessor-version":[{"id":31948,"href":"https:\/\/www.exploring-umbria.com\/es\/wp-json\/wp\/v2\/pages\/31946\/revisions\/31948"}],"up":[{"embeddable":true,"href":"https:\/\/www.exploring-umbria.com\/es\/wp-json\/wp\/v2\/pages\/31904"}],"wp:featuredmedia":[{"embeddable":true,"href":"https:\/\/www.exploring-umbria.com\/es\/wp-json\/wp\/v2\/media\/31932"}],"wp:attachment":[{"href":"https:\/\/www.exploring-umbria.com\/es\/wp-json\/wp\/v2\/media?parent=31946"}],"curies":[{"name":"wp","href":"https:\/\/api.w.org\/{rel}","templated":true}]}}