{"id":3192,"date":"2019-02-12T10:13:43","date_gmt":"2019-02-12T09:13:43","guid":{"rendered":"https:\/\/www.exploring-umbria.com\/alla-scoperta-delle-origini-di-citta-di-castello\/"},"modified":"2020-03-16T19:19:54","modified_gmt":"2020-03-16T18:19:54","slug":"la-historia-de-citta-di-castello","status":"publish","type":"page","link":"https:\/\/www.exploring-umbria.com\/es\/descubre-citta-di-castello\/la-historia-de-citta-di-castello\/","title":{"rendered":"La historia de Citt\u00e0 di Castello"},"content":{"rendered":"<p><strong>LA HISTORIA DE CITT\u00c0 DI CASTELLO <\/strong><strong>DESDE LOS OR\u00cdGENES HASTA LA EDAD MEDIA<\/strong><\/p>\n<p>El origen del centro habitado no est\u00e1 del todo claro, pero parece que las primeras viviendas en pilotes se construyeron cerca delantiguo lago Tiberino, que ahora ha desaparecido. Los hallazgos arqueol\u00f3gicos atestiguan la presencia de un pueblo de origen umbro-sab\u00e9lico y samnita desde el primer milenio a.C., cuyo nombre era Tifernum y que fue durante siglos tan fuerte que rechaz\u00f3 el avance de los etruscos en sus territorios. <a href=\"https:\/\/www.exploring-umbria.com\/es\/subcategories\/cosa-fare-e-cosa-vedere-a-citta-di-castello\/#heading3206\" target=\"_blank\" rel=\"noopener noreferrer\">Citt\u00e0 di Castello<\/a> sigue siendo hoy en d\u00eda la ciudad m\u00e1s importante del valle del T\u00edber, un territorio que, en la antig\u00fcedad, fue objeto de constantes disputas entre las poblaciones vecinas de Umbr\u00eda y Etrusca. En el siglo VII a.C. Tifernum era un pueblo rico, aut\u00f3nomo e independiente que ten\u00eda relaciones comerciales con los etruscos y todas las poblaciones circundantes sin ser subyugado por ellos.<\/p>\n<p>S\u00f3lo en el siglo III a.C., a partir del a\u00f1o 283 aproximadamente, la ciudad perdi\u00f3 su autonom\u00eda pasando a formar parte de las posesiones romanas, tras la<a href=\"https:\/\/es.wikipedia.org\/wiki\/Batalla_de_Sentino\" target=\"_blank\" rel=\"noopener noreferrer\"> <strong>batalla de Sentino<\/strong><\/a>, y cambiando su nombre por el de <em>Tifernum Tiberinum.<\/em> Bajo la nueva jurisdicci\u00f3n, la ciudad experiment\u00f3 un per\u00edodo de crecimiento y prosperidad, especialmente desde el punto de vista arquitect\u00f3nico, alcanzando su punto \u00e1lgido en el siglo I a.C.\u00a0 , cuando el ilustre <em>Plinio el Joven<\/em>, propietario de una villa privada en Tifernum, hizo construir numerosos edificios p\u00fablicos a su costa.<\/p>\n<p>Bajo el dominio de <em>Diocleciano<\/em>, en el siglo III d.C., Tifernum pas\u00f3 a formar parte de la provincia \u00ab<em>Tuscia et Umbria<\/em>\u00bb bajo el control total de la jurisdicci\u00f3n romana y experiment\u00f3 la expansi\u00f3n del cristianismo. La figura clave de la predicaci\u00f3n cristiana en la ciudad es considerada San Crescentino o Crescenziano, que seg\u00fan la tradici\u00f3n, fue martirizado por el mismo <em>Diocleciano en la Pieve <\/em>de&#8217; Saddi, al sureste de la ciudad moderna.<\/p>\n<p>El primer obispo de la ciudad fue <em>Eubodio<\/em>, que gobern\u00f3 el destino de la comunidad en el siglo V, antes de que fuera completamente arrasada por los godos de <em>Totila<\/em>. Sobre las cenizas del antiguo <em>Tifernum, <\/em>fue reconstruido y fortificado, gracias a los esfuerzos del obispo <em>Florido<\/em>, patr\u00f3n de la ciudad, una nueva comunidad que tom\u00f3 el nombre de <em>Castrum Felicitatis<\/em>, luego se convirti\u00f3 en <em>Castellum Felicitatis<\/em> entre los siglos VIII y X, hasta <em>Civitas Castelli <\/em>que es el antepasado directo del nombre actual: <strong>Citt\u00e0 di Castello.<\/strong><\/p>\n<p><strong> LA HISTORIA DE CITT\u00c0 DI CASTELLO EN <\/strong><strong>LA \u00c9POCA COMUNAL Y LA DINAST\u00cdA DE LOS VITELLI<\/strong><\/p>\n<p>A partir del siglo XI, Citt\u00e0 di Castello adquiri\u00f3 autonom\u00eda pol\u00edtica y se convirti\u00f3 en un municipio estrat\u00e9gico de la regi\u00f3n. Contendido por Perugia y el Estado Pontificio, a veces pro-g\u00fcelfos, a veces pro-gibelino, sufri\u00f3 la soberan\u00eda de los dos poderes con breves intervalos de libertad. En 1326, despu\u00e9s de un breve gobierno de los Guelfucci, los hermanos <em>Tarlati<\/em> (<em>Guido<\/em>, obispo de Arezzo, y <em>Pietro<\/em>, llamado <em>Saccone<\/em>) conquistaron la ciudad y mantuvieron el control hasta la revuelta popular de 1335 que los expuls\u00f3 gracias al apoyo de Perugia. Pocos a\u00f1os m\u00e1s tarde, en 1350, fue la propia Perugia la que reclam\u00f3 la posesi\u00f3n de Citt\u00e0 di Castello, con poco \u00e9xito, porque s\u00f3lo un a\u00f1o despu\u00e9s los hinchas se levantaron y recuperaron su libertad.<\/p>\n<p>En 1422 fue el turno de <strong>Braccio<\/strong>, gran l\u00edder de la familia de <em>Fortebracci<\/em> <em>da<\/em> <em>Montone<\/em>, que despu\u00e9s de una amarga lucha y con el apoyo pol\u00edtico de la Iglesia, logr\u00f3 tomar Citt\u00e0 di Castello y mantener su gobierno hasta 1428. A partir de ese momento, y durante aproximadamente un siglo, la ciudad tifernate se mantuvo bajo el control del Estado Pontificio, con luchas internas entre las familias nobles locales, en particular los <em>Giustini<\/em> y los <em>Vitelli<\/em>, que sacaron lo mejor de ella y lograron dar vida a un se\u00f1or\u00edo urbano que dur\u00f3 durante todo el siglo XVI. En 1474 la ciudad sufri\u00f3 el famoso asedio de ochenta d\u00edas por parte de las tropas del Papa Sixto IV. En esa ocasi\u00f3n, <em>Niccol\u00f2 Vitelli<\/em> fue derrotado y obligado a abandonar la ciudad, relegado al exilio en Urbino por orden del Papa durante ocho a\u00f1os. En 1482, el viejo se\u00f1or, con el apoyo de un levantamiento popular y el apoyo de los Medici, liber\u00f3 la ciudad y con raz\u00f3n se gan\u00f3 el t\u00edtulo de \u00abPadre de la Patria\u00bb.<\/p>\n<p>M\u00e1s all\u00e1 del compromiso pol\u00edtico, la dinast\u00eda Vitelli es responsable del enriquecimiento cultural de Citt\u00e0 di Castello. La ciudad de Umbr\u00eda, gracias al patrocinio de sus soberanos, se convirti\u00f3 en una peque\u00f1a isla toscana en cuanto a formas art\u00edsticas y arquitect\u00f3nicas. A lo largo del siglo XVI, artistas de la talla de <em>Ghirlandaio<\/em>, <em>Luca<\/em> <em>Signorelli<\/em>, <em>Vasari<\/em>, <em>Raffaello<\/em>, <em>Gentile<\/em> <em>da<\/em> <em>Fabriano<\/em> y <em>Rosso<\/em> <em>Fiorentino<\/em> trabajaron en la ciudad por encargo de los <em>Vitelli<\/em> creando un ambiente culto e iluminado en el que tambi\u00e9n se inici\u00f3 el arte de la impresi\u00f3n, que se remonta al a\u00f1o 1538 con el <em>Magister<\/em> <em>Mazzocchi<\/em>.<\/p>\n<p><strong>LA HISTORIA DE CITT\u00c0 DI CASTELLO EN LA EDAD MODERNA<\/strong><\/p>\n<p>A partir de finales del siglo XVI, aunque mantuvo el patrocinio de la familia <em>Vitelli<\/em>, la ciudad perdi\u00f3 gradualmente su autonom\u00eda y cay\u00f3 definitivamente bajo el dominio del Estado de la Iglesia hasta la invasi\u00f3n francesa en 1798. Las tropas napole\u00f3nicas ocuparon la ciudad durante un a\u00f1o antes de ser rechazadas por el Estado de la Iglesia, pero regresaron en 1809 y esta vez consiguieron lo mejor de sus oponentes, logrando conquistar Citt\u00e0 di Castello hasta la ca\u00edda del Imperio Franc\u00e9s en 1814. En esa ocasi\u00f3n, la ciudad perdi\u00f3 una de sus joyas art\u00edsticas: los \u00abDesposorios de la Virgen\u00bb de <em>Raffaelo<\/em> fueron robados por las tropas francesas y nunca regresaron a la ciudad. Despu\u00e9s de largos a\u00f1os de negociaciones, la pintura regres\u00f3 a Italia, que ahora se encuentra en la Galer\u00eda de Brera.<\/p>\n<p>Con el inicio de los primeros movimientos renacentistas, Citt\u00e0 di Castello particip\u00f3 activamente en la acci\u00f3n, creando una Comisi\u00f3n Provisional en 1831 y uni\u00e9ndose a la Rep\u00fablica Romana en 1849, hasta su anexi\u00f3n al naciente Reino de Italia en 1860.<\/p>\n<p>Hoy en d\u00eda, la ciudad es el centro m\u00e1s importante y poblado del Alto Valle del T\u00edber y, gracias a la riqueza de su patrimonio hist\u00f3rico-art\u00edstico y a la animaci\u00f3n de los eventos que la pueblan, sigue atrayendo un gran n\u00famero de visitantes cada a\u00f1o, durante todo el a\u00f1o.<\/p>\n","protected":false},"excerpt":{"rendered":"<p>LA HISTORIA DE CITT\u00c0 DI CASTELLO DESDE LOS OR\u00cdGENES HASTA LA EDAD MEDIA El origen del centro habitado no est\u00e1 del todo claro, pero parece que las primeras viviendas en pilotes se construyeron cerca delantiguo lago Tiberino, que ahora ha desaparecido. Los hallazgos arqueol\u00f3gicos atestiguan la presencia de un pueblo de origen umbro-sab\u00e9lico y samnita [&hellip;]<\/p>\n","protected":false},"author":3,"featured_media":0,"parent":3206,"menu_order":0,"comment_status":"closed","ping_status":"closed","template":"","meta":{"om_disable_all_campaigns":false,"_monsterinsights_skip_tracking":false,"_monsterinsights_sitenote_active":false,"_monsterinsights_sitenote_note":"","_monsterinsights_sitenote_category":0},"acf":[],"yoast_head":"<!-- This site is optimized with the Yoast SEO plugin v18.4.1 - https:\/\/yoast.com\/wordpress\/plugins\/seo\/ -->\n<title>La historia de Citt\u00e0 di Castello - Exploring Umbria<\/title>\n<meta name=\"description\" content=\"LA HISTORIA DE CITT\u00c0 DI CASTELLO DESDE LOS OR\u00cdGENES HASTA LA EDAD MEDIA El origen del centro habitado no est\u00e1 del todo claro, pero parece que las primeras\" \/>\n<meta name=\"robots\" content=\"index, follow, max-snippet:-1, max-image-preview:large, max-video-preview:-1\" \/>\n<link rel=\"canonical\" href=\"https:\/\/www.exploring-umbria.com\/es\/descubre-citta-di-castello\/la-historia-de-citta-di-castello\/\" \/>\n<meta property=\"og:locale\" content=\"es_ES\" \/>\n<meta property=\"og:type\" content=\"article\" \/>\n<meta property=\"og:title\" content=\"La historia de Citt\u00e0 di Castello - Exploring Umbria\" \/>\n<meta property=\"og:description\" content=\"LA HISTORIA DE CITT\u00c0 DI CASTELLO DESDE LOS OR\u00cdGENES HASTA LA EDAD MEDIA El origen del centro habitado no est\u00e1 del todo claro, pero parece que las primeras\" \/>\n<meta property=\"og:url\" content=\"https:\/\/www.exploring-umbria.com\/es\/descubre-citta-di-castello\/la-historia-de-citta-di-castello\/\" \/>\n<meta property=\"og:site_name\" content=\"Exploring Umbria\" \/>\n<meta property=\"article:publisher\" content=\"https:\/\/www.facebook.com\/exploringumbria\/\" \/>\n<meta property=\"article:modified_time\" content=\"2020-03-16T18:19:54+00:00\" \/>\n<meta name=\"twitter:card\" content=\"summary_large_image\" \/>\n<meta name=\"twitter:label1\" content=\"Tiempo de lectura\" \/>\n\t<meta name=\"twitter:data1\" content=\"6 minutos\" \/>\n<script type=\"application\/ld+json\" class=\"yoast-schema-graph\">{\"@context\":\"https:\/\/schema.org\",\"@graph\":[{\"@type\":\"Organization\",\"@id\":\"https:\/\/www.exploring-umbria.com\/es\/#organization\",\"name\":\"Exploring Umbria\",\"url\":\"https:\/\/www.exploring-umbria.com\/es\/\",\"sameAs\":[\"https:\/\/www.facebook.com\/exploringumbria\/\",\"https:\/\/www.instagram.com\/exploringumbria\/\"],\"logo\":{\"@type\":\"ImageObject\",\"@id\":\"https:\/\/www.exploring-umbria.com\/es\/#logo\",\"inLanguage\":\"es\",\"url\":\"https:\/\/www.exploring-umbria.com\/wp-content\/uploads\/2019\/08\/solo-logo-verde.jpg\",\"contentUrl\":\"https:\/\/www.exploring-umbria.com\/wp-content\/uploads\/2019\/08\/solo-logo-verde.jpg\",\"width\":952,\"height\":532,\"caption\":\"Exploring Umbria\"},\"image\":{\"@id\":\"https:\/\/www.exploring-umbria.com\/es\/#logo\"}},{\"@type\":\"WebSite\",\"@id\":\"https:\/\/www.exploring-umbria.com\/es\/#website\",\"url\":\"https:\/\/www.exploring-umbria.com\/es\/\",\"name\":\"Exploring Umbria\",\"description\":\"your dates, your mood, your trip\",\"publisher\":{\"@id\":\"https:\/\/www.exploring-umbria.com\/es\/#organization\"},\"potentialAction\":[{\"@type\":\"SearchAction\",\"target\":{\"@type\":\"EntryPoint\",\"urlTemplate\":\"https:\/\/www.exploring-umbria.com\/es\/?s={search_term_string}\"},\"query-input\":\"required name=search_term_string\"}],\"inLanguage\":\"es\"},{\"@type\":\"WebPage\",\"@id\":\"https:\/\/www.exploring-umbria.com\/es\/descubre-citta-di-castello\/la-historia-de-citta-di-castello\/#webpage\",\"url\":\"https:\/\/www.exploring-umbria.com\/es\/descubre-citta-di-castello\/la-historia-de-citta-di-castello\/\",\"name\":\"La historia de Citt\u00e0 di Castello - Exploring Umbria\",\"isPartOf\":{\"@id\":\"https:\/\/www.exploring-umbria.com\/es\/#website\"},\"datePublished\":\"2019-02-12T09:13:43+00:00\",\"dateModified\":\"2020-03-16T18:19:54+00:00\",\"description\":\"LA HISTORIA DE CITT\u00c0 DI CASTELLO DESDE LOS OR\u00cdGENES HASTA LA EDAD MEDIA El origen del centro habitado no est\u00e1 del todo claro, pero parece que las primeras\",\"breadcrumb\":{\"@id\":\"https:\/\/www.exploring-umbria.com\/es\/descubre-citta-di-castello\/la-historia-de-citta-di-castello\/#breadcrumb\"},\"inLanguage\":\"es\",\"potentialAction\":[{\"@type\":\"ReadAction\",\"target\":[\"https:\/\/www.exploring-umbria.com\/es\/descubre-citta-di-castello\/la-historia-de-citta-di-castello\/\"]}]},{\"@type\":\"BreadcrumbList\",\"@id\":\"https:\/\/www.exploring-umbria.com\/es\/descubre-citta-di-castello\/la-historia-de-citta-di-castello\/#breadcrumb\",\"itemListElement\":[{\"@type\":\"ListItem\",\"position\":1,\"name\":\"Home\",\"item\":\"https:\/\/www.exploring-umbria.com\/es\/\"},{\"@type\":\"ListItem\",\"position\":2,\"name\":\"Descubre Citt\u00e0 di Castello\",\"item\":\"https:\/\/www.exploring-umbria.com\/es\/descubre-citta-di-castello\/\"},{\"@type\":\"ListItem\",\"position\":3,\"name\":\"La historia de Citt\u00e0 di Castello\"}]}]}<\/script>\n<!-- \/ Yoast SEO plugin. -->","yoast_head_json":{"title":"La historia de Citt\u00e0 di Castello - Exploring Umbria","description":"LA HISTORIA DE CITT\u00c0 DI CASTELLO DESDE LOS OR\u00cdGENES HASTA LA EDAD MEDIA El origen del centro habitado no est\u00e1 del todo claro, pero parece que las primeras","robots":{"index":"index","follow":"follow","max-snippet":"max-snippet:-1","max-image-preview":"max-image-preview:large","max-video-preview":"max-video-preview:-1"},"canonical":"https:\/\/www.exploring-umbria.com\/es\/descubre-citta-di-castello\/la-historia-de-citta-di-castello\/","og_locale":"es_ES","og_type":"article","og_title":"La historia de Citt\u00e0 di Castello - Exploring Umbria","og_description":"LA HISTORIA DE CITT\u00c0 DI CASTELLO DESDE LOS OR\u00cdGENES HASTA LA EDAD MEDIA El origen del centro habitado no est\u00e1 del todo claro, pero parece que las primeras","og_url":"https:\/\/www.exploring-umbria.com\/es\/descubre-citta-di-castello\/la-historia-de-citta-di-castello\/","og_site_name":"Exploring Umbria","article_publisher":"https:\/\/www.facebook.com\/exploringumbria\/","article_modified_time":"2020-03-16T18:19:54+00:00","twitter_card":"summary_large_image","twitter_misc":{"Tiempo de lectura":"6 minutos"},"schema":{"@context":"https:\/\/schema.org","@graph":[{"@type":"Organization","@id":"https:\/\/www.exploring-umbria.com\/es\/#organization","name":"Exploring Umbria","url":"https:\/\/www.exploring-umbria.com\/es\/","sameAs":["https:\/\/www.facebook.com\/exploringumbria\/","https:\/\/www.instagram.com\/exploringumbria\/"],"logo":{"@type":"ImageObject","@id":"https:\/\/www.exploring-umbria.com\/es\/#logo","inLanguage":"es","url":"https:\/\/www.exploring-umbria.com\/wp-content\/uploads\/2019\/08\/solo-logo-verde.jpg","contentUrl":"https:\/\/www.exploring-umbria.com\/wp-content\/uploads\/2019\/08\/solo-logo-verde.jpg","width":952,"height":532,"caption":"Exploring Umbria"},"image":{"@id":"https:\/\/www.exploring-umbria.com\/es\/#logo"}},{"@type":"WebSite","@id":"https:\/\/www.exploring-umbria.com\/es\/#website","url":"https:\/\/www.exploring-umbria.com\/es\/","name":"Exploring Umbria","description":"your dates, your mood, your trip","publisher":{"@id":"https:\/\/www.exploring-umbria.com\/es\/#organization"},"potentialAction":[{"@type":"SearchAction","target":{"@type":"EntryPoint","urlTemplate":"https:\/\/www.exploring-umbria.com\/es\/?s={search_term_string}"},"query-input":"required name=search_term_string"}],"inLanguage":"es"},{"@type":"WebPage","@id":"https:\/\/www.exploring-umbria.com\/es\/descubre-citta-di-castello\/la-historia-de-citta-di-castello\/#webpage","url":"https:\/\/www.exploring-umbria.com\/es\/descubre-citta-di-castello\/la-historia-de-citta-di-castello\/","name":"La historia de Citt\u00e0 di Castello - Exploring Umbria","isPartOf":{"@id":"https:\/\/www.exploring-umbria.com\/es\/#website"},"datePublished":"2019-02-12T09:13:43+00:00","dateModified":"2020-03-16T18:19:54+00:00","description":"LA HISTORIA DE CITT\u00c0 DI CASTELLO DESDE LOS OR\u00cdGENES HASTA LA EDAD MEDIA El origen del centro habitado no est\u00e1 del todo claro, pero parece que las primeras","breadcrumb":{"@id":"https:\/\/www.exploring-umbria.com\/es\/descubre-citta-di-castello\/la-historia-de-citta-di-castello\/#breadcrumb"},"inLanguage":"es","potentialAction":[{"@type":"ReadAction","target":["https:\/\/www.exploring-umbria.com\/es\/descubre-citta-di-castello\/la-historia-de-citta-di-castello\/"]}]},{"@type":"BreadcrumbList","@id":"https:\/\/www.exploring-umbria.com\/es\/descubre-citta-di-castello\/la-historia-de-citta-di-castello\/#breadcrumb","itemListElement":[{"@type":"ListItem","position":1,"name":"Home","item":"https:\/\/www.exploring-umbria.com\/es\/"},{"@type":"ListItem","position":2,"name":"Descubre Citt\u00e0 di Castello","item":"https:\/\/www.exploring-umbria.com\/es\/descubre-citta-di-castello\/"},{"@type":"ListItem","position":3,"name":"La historia de Citt\u00e0 di Castello"}]}]}},"_links":{"self":[{"href":"https:\/\/www.exploring-umbria.com\/es\/wp-json\/wp\/v2\/pages\/3192"}],"collection":[{"href":"https:\/\/www.exploring-umbria.com\/es\/wp-json\/wp\/v2\/pages"}],"about":[{"href":"https:\/\/www.exploring-umbria.com\/es\/wp-json\/wp\/v2\/types\/page"}],"author":[{"embeddable":true,"href":"https:\/\/www.exploring-umbria.com\/es\/wp-json\/wp\/v2\/users\/3"}],"replies":[{"embeddable":true,"href":"https:\/\/www.exploring-umbria.com\/es\/wp-json\/wp\/v2\/comments?post=3192"}],"version-history":[{"count":5,"href":"https:\/\/www.exploring-umbria.com\/es\/wp-json\/wp\/v2\/pages\/3192\/revisions"}],"predecessor-version":[{"id":32608,"href":"https:\/\/www.exploring-umbria.com\/es\/wp-json\/wp\/v2\/pages\/3192\/revisions\/32608"}],"up":[{"embeddable":true,"href":"https:\/\/www.exploring-umbria.com\/es\/wp-json\/wp\/v2\/pages\/3206"}],"wp:attachment":[{"href":"https:\/\/www.exploring-umbria.com\/es\/wp-json\/wp\/v2\/media?parent=3192"}],"curies":[{"name":"wp","href":"https:\/\/api.w.org\/{rel}","templated":true}]}}