{"id":31904,"date":"2019-04-13T19:19:03","date_gmt":"2019-04-13T17:19:03","guid":{"rendered":"https:\/\/www.exploring-umbria.com\/la-ceramica-in-umbria\/"},"modified":"2020-03-06T12:13:08","modified_gmt":"2020-03-06T11:13:08","slug":"la-ceramica-en-umbria","status":"publish","type":"page","link":"https:\/\/www.exploring-umbria.com\/es\/la-ceramica-en-umbria\/","title":{"rendered":"La Cer\u00e1mica en Umbria"},"content":{"rendered":"<p>Umbria, en su rica historia, puede presumir de cuatro ciudades que vinculan sus nombres a la producci\u00f3n de cer\u00e1mica: <strong>Deruta<\/strong>, <strong>Gualdo<\/strong> <strong>Tadino<\/strong>, <a href=\"https:\/\/www.exploring-umbria.com\/es\/subcategories\/cosa-fare-e-cosa-vedere-a-gubbio\/#heading2805\" target=\"_blank\" rel=\"noopener noreferrer\"><strong>Gubbio<\/strong> <\/a>y <a href=\"https:\/\/www.exploring-umbria.com\/es\/subcategories\/cosa-fare-e-cosa-vedere-ad-orvieto\/#heading3014\" target=\"_blank\" rel=\"noopener noreferrer\"><strong>Orvieto<\/strong><\/a>. Orgullosas y alardeantes desde la antig\u00fcedad de la producci\u00f3n art\u00edstica regional, estas cuatro ciudades forman parte de la Asociaci\u00f3n Italia Ciudad de la Cer\u00e1mica. Entre los muchos tipos de productos cer\u00e1micos hablaremos especialmente de la <a href=\"https:\/\/es.wikipedia.org\/wiki\/May%C3%B3lica\" target=\"_blank\" rel=\"noopener noreferrer\">may\u00f3lica<\/a>, una t\u00e9cnica que consiste en sumergir un producto de terracota en esmalte blanco, decorarlo y luego cocinarlo por segunda vez.<\/p>\n<p>&nbsp;<\/p>\n","protected":false},"excerpt":{"rendered":"<p>Umbria, en su rica historia, puede presumir de cuatro ciudades que vinculan sus nombres a la producci\u00f3n de cer\u00e1mica: Deruta, Gualdo Tadino, Gubbio y Orvieto. Orgullosas y alardeantes desde la antig\u00fcedad de la producci\u00f3n art\u00edstica regional, estas cuatro ciudades forman parte de la Asociaci\u00f3n Italia Ciudad de la Cer\u00e1mica. Entre los muchos tipos de productos [&hellip;]<\/p>\n","protected":false},"author":4,"featured_media":7753,"parent":0,"menu_order":0,"comment_status":"closed","ping_status":"closed","template":"","meta":{"om_disable_all_campaigns":false,"_monsterinsights_skip_tracking":false,"_monsterinsights_sitenote_active":false,"_monsterinsights_sitenote_note":"","_monsterinsights_sitenote_category":0},"acf":[],"yoast_head":"<!-- This site is optimized with the Yoast SEO plugin v18.4.1 - https:\/\/yoast.com\/wordpress\/plugins\/seo\/ -->\n<title>La Cer\u00e1mica en Umbria - Exploring Umbria<\/title>\n<meta name=\"description\" content=\"Umbria, en su rica historia, puede presumir de cuatro ciudades que vinculan sus nombres a la producci\u00f3n de cer\u00e1mica: Deruta, Gualdo Tadino, Gubbio y\" \/>\n<meta name=\"robots\" content=\"index, follow, max-snippet:-1, max-image-preview:large, max-video-preview:-1\" \/>\n<link rel=\"canonical\" href=\"https:\/\/www.exploring-umbria.com\/es\/la-ceramica-en-umbria\/\" \/>\n<meta property=\"og:locale\" content=\"es_ES\" \/>\n<meta property=\"og:type\" content=\"article\" \/>\n<meta property=\"og:title\" content=\"La Cer\u00e1mica en Umbria - Exploring Umbria\" \/>\n<meta property=\"og:description\" content=\"Umbria, en su rica historia, puede presumir de cuatro ciudades que vinculan sus nombres a la producci\u00f3n de cer\u00e1mica: Deruta, Gualdo Tadino, Gubbio y\" \/>\n<meta property=\"og:url\" content=\"https:\/\/www.exploring-umbria.com\/es\/la-ceramica-en-umbria\/\" \/>\n<meta property=\"og:site_name\" content=\"Exploring Umbria\" \/>\n<meta property=\"article:publisher\" content=\"https:\/\/www.facebook.com\/exploringumbria\/\" \/>\n<meta property=\"article:modified_time\" content=\"2020-03-06T11:13:08+00:00\" \/>\n<meta property=\"og:image\" content=\"https:\/\/www.exploring-umbria.com\/wp-content\/uploads\/2019\/05\/photo-1465631494067-3e0491e95bd1.jpg\" \/>\n\t<meta property=\"og:image:width\" content=\"1600\" \/>\n\t<meta property=\"og:image:height\" content=\"1067\" \/>\n\t<meta property=\"og:image:type\" content=\"image\/jpeg\" \/>\n<meta name=\"twitter:card\" content=\"summary_large_image\" \/>\n<script type=\"application\/ld+json\" class=\"yoast-schema-graph\">{\"@context\":\"https:\/\/schema.org\",\"@graph\":[{\"@type\":\"Organization\",\"@id\":\"https:\/\/www.exploring-umbria.com\/es\/#organization\",\"name\":\"Exploring Umbria\",\"url\":\"https:\/\/www.exploring-umbria.com\/es\/\",\"sameAs\":[\"https:\/\/www.facebook.com\/exploringumbria\/\",\"https:\/\/www.instagram.com\/exploringumbria\/\"],\"logo\":{\"@type\":\"ImageObject\",\"@id\":\"https:\/\/www.exploring-umbria.com\/es\/#logo\",\"inLanguage\":\"es\",\"url\":\"https:\/\/www.exploring-umbria.com\/wp-content\/uploads\/2019\/08\/solo-logo-verde.jpg\",\"contentUrl\":\"https:\/\/www.exploring-umbria.com\/wp-content\/uploads\/2019\/08\/solo-logo-verde.jpg\",\"width\":952,\"height\":532,\"caption\":\"Exploring Umbria\"},\"image\":{\"@id\":\"https:\/\/www.exploring-umbria.com\/es\/#logo\"}},{\"@type\":\"WebSite\",\"@id\":\"https:\/\/www.exploring-umbria.com\/es\/#website\",\"url\":\"https:\/\/www.exploring-umbria.com\/es\/\",\"name\":\"Exploring Umbria\",\"description\":\"your dates, your mood, your trip\",\"publisher\":{\"@id\":\"https:\/\/www.exploring-umbria.com\/es\/#organization\"},\"potentialAction\":[{\"@type\":\"SearchAction\",\"target\":{\"@type\":\"EntryPoint\",\"urlTemplate\":\"https:\/\/www.exploring-umbria.com\/es\/?s={search_term_string}\"},\"query-input\":\"required name=search_term_string\"}],\"inLanguage\":\"es\"},{\"@type\":\"ImageObject\",\"@id\":\"https:\/\/www.exploring-umbria.com\/es\/la-ceramica-en-umbria\/#primaryimage\",\"inLanguage\":\"es\",\"url\":\"https:\/\/www.exploring-umbria.com\/wp-content\/uploads\/2019\/05\/photo-1465631494067-3e0491e95bd1.jpg\",\"contentUrl\":\"https:\/\/www.exploring-umbria.com\/wp-content\/uploads\/2019\/05\/photo-1465631494067-3e0491e95bd1.jpg\",\"width\":1600,\"height\":1067,\"caption\":\"la ceramica in umbria\"},{\"@type\":\"WebPage\",\"@id\":\"https:\/\/www.exploring-umbria.com\/es\/la-ceramica-en-umbria\/#webpage\",\"url\":\"https:\/\/www.exploring-umbria.com\/es\/la-ceramica-en-umbria\/\",\"name\":\"La Cer\u00e1mica en Umbria - Exploring Umbria\",\"isPartOf\":{\"@id\":\"https:\/\/www.exploring-umbria.com\/es\/#website\"},\"primaryImageOfPage\":{\"@id\":\"https:\/\/www.exploring-umbria.com\/es\/la-ceramica-en-umbria\/#primaryimage\"},\"datePublished\":\"2019-04-13T17:19:03+00:00\",\"dateModified\":\"2020-03-06T11:13:08+00:00\",\"description\":\"Umbria, en su rica historia, puede presumir de cuatro ciudades que vinculan sus nombres a la producci\u00f3n de cer\u00e1mica: Deruta, Gualdo Tadino, Gubbio y\",\"breadcrumb\":{\"@id\":\"https:\/\/www.exploring-umbria.com\/es\/la-ceramica-en-umbria\/#breadcrumb\"},\"inLanguage\":\"es\",\"potentialAction\":[{\"@type\":\"ReadAction\",\"target\":[\"https:\/\/www.exploring-umbria.com\/es\/la-ceramica-en-umbria\/\"]}]},{\"@type\":\"BreadcrumbList\",\"@id\":\"https:\/\/www.exploring-umbria.com\/es\/la-ceramica-en-umbria\/#breadcrumb\",\"itemListElement\":[{\"@type\":\"ListItem\",\"position\":1,\"name\":\"Home\",\"item\":\"https:\/\/www.exploring-umbria.com\/es\/\"},{\"@type\":\"ListItem\",\"position\":2,\"name\":\"La Cer\u00e1mica en Umbria\"}]}]}<\/script>\n<!-- \/ Yoast SEO plugin. -->","yoast_head_json":{"title":"La Cer\u00e1mica en Umbria - Exploring Umbria","description":"Umbria, en su rica historia, puede presumir de cuatro ciudades que vinculan sus nombres a la producci\u00f3n de cer\u00e1mica: Deruta, Gualdo Tadino, Gubbio y","robots":{"index":"index","follow":"follow","max-snippet":"max-snippet:-1","max-image-preview":"max-image-preview:large","max-video-preview":"max-video-preview:-1"},"canonical":"https:\/\/www.exploring-umbria.com\/es\/la-ceramica-en-umbria\/","og_locale":"es_ES","og_type":"article","og_title":"La Cer\u00e1mica en Umbria - Exploring Umbria","og_description":"Umbria, en su rica historia, puede presumir de cuatro ciudades que vinculan sus nombres a la producci\u00f3n de cer\u00e1mica: Deruta, Gualdo Tadino, Gubbio y","og_url":"https:\/\/www.exploring-umbria.com\/es\/la-ceramica-en-umbria\/","og_site_name":"Exploring Umbria","article_publisher":"https:\/\/www.facebook.com\/exploringumbria\/","article_modified_time":"2020-03-06T11:13:08+00:00","og_image":[{"width":1600,"height":1067,"url":"https:\/\/www.exploring-umbria.com\/wp-content\/uploads\/2019\/05\/photo-1465631494067-3e0491e95bd1.jpg","type":"image\/jpeg"}],"twitter_card":"summary_large_image","schema":{"@context":"https:\/\/schema.org","@graph":[{"@type":"Organization","@id":"https:\/\/www.exploring-umbria.com\/es\/#organization","name":"Exploring Umbria","url":"https:\/\/www.exploring-umbria.com\/es\/","sameAs":["https:\/\/www.facebook.com\/exploringumbria\/","https:\/\/www.instagram.com\/exploringumbria\/"],"logo":{"@type":"ImageObject","@id":"https:\/\/www.exploring-umbria.com\/es\/#logo","inLanguage":"es","url":"https:\/\/www.exploring-umbria.com\/wp-content\/uploads\/2019\/08\/solo-logo-verde.jpg","contentUrl":"https:\/\/www.exploring-umbria.com\/wp-content\/uploads\/2019\/08\/solo-logo-verde.jpg","width":952,"height":532,"caption":"Exploring Umbria"},"image":{"@id":"https:\/\/www.exploring-umbria.com\/es\/#logo"}},{"@type":"WebSite","@id":"https:\/\/www.exploring-umbria.com\/es\/#website","url":"https:\/\/www.exploring-umbria.com\/es\/","name":"Exploring Umbria","description":"your dates, your mood, your trip","publisher":{"@id":"https:\/\/www.exploring-umbria.com\/es\/#organization"},"potentialAction":[{"@type":"SearchAction","target":{"@type":"EntryPoint","urlTemplate":"https:\/\/www.exploring-umbria.com\/es\/?s={search_term_string}"},"query-input":"required name=search_term_string"}],"inLanguage":"es"},{"@type":"ImageObject","@id":"https:\/\/www.exploring-umbria.com\/es\/la-ceramica-en-umbria\/#primaryimage","inLanguage":"es","url":"https:\/\/www.exploring-umbria.com\/wp-content\/uploads\/2019\/05\/photo-1465631494067-3e0491e95bd1.jpg","contentUrl":"https:\/\/www.exploring-umbria.com\/wp-content\/uploads\/2019\/05\/photo-1465631494067-3e0491e95bd1.jpg","width":1600,"height":1067,"caption":"la ceramica in umbria"},{"@type":"WebPage","@id":"https:\/\/www.exploring-umbria.com\/es\/la-ceramica-en-umbria\/#webpage","url":"https:\/\/www.exploring-umbria.com\/es\/la-ceramica-en-umbria\/","name":"La Cer\u00e1mica en Umbria - Exploring Umbria","isPartOf":{"@id":"https:\/\/www.exploring-umbria.com\/es\/#website"},"primaryImageOfPage":{"@id":"https:\/\/www.exploring-umbria.com\/es\/la-ceramica-en-umbria\/#primaryimage"},"datePublished":"2019-04-13T17:19:03+00:00","dateModified":"2020-03-06T11:13:08+00:00","description":"Umbria, en su rica historia, puede presumir de cuatro ciudades que vinculan sus nombres a la producci\u00f3n de cer\u00e1mica: Deruta, Gualdo Tadino, Gubbio y","breadcrumb":{"@id":"https:\/\/www.exploring-umbria.com\/es\/la-ceramica-en-umbria\/#breadcrumb"},"inLanguage":"es","potentialAction":[{"@type":"ReadAction","target":["https:\/\/www.exploring-umbria.com\/es\/la-ceramica-en-umbria\/"]}]},{"@type":"BreadcrumbList","@id":"https:\/\/www.exploring-umbria.com\/es\/la-ceramica-en-umbria\/#breadcrumb","itemListElement":[{"@type":"ListItem","position":1,"name":"Home","item":"https:\/\/www.exploring-umbria.com\/es\/"},{"@type":"ListItem","position":2,"name":"La Cer\u00e1mica en Umbria"}]}]}},"_links":{"self":[{"href":"https:\/\/www.exploring-umbria.com\/es\/wp-json\/wp\/v2\/pages\/31904"}],"collection":[{"href":"https:\/\/www.exploring-umbria.com\/es\/wp-json\/wp\/v2\/pages"}],"about":[{"href":"https:\/\/www.exploring-umbria.com\/es\/wp-json\/wp\/v2\/types\/page"}],"author":[{"embeddable":true,"href":"https:\/\/www.exploring-umbria.com\/es\/wp-json\/wp\/v2\/users\/4"}],"replies":[{"embeddable":true,"href":"https:\/\/www.exploring-umbria.com\/es\/wp-json\/wp\/v2\/comments?post=31904"}],"version-history":[{"count":3,"href":"https:\/\/www.exploring-umbria.com\/es\/wp-json\/wp\/v2\/pages\/31904\/revisions"}],"predecessor-version":[{"id":31908,"href":"https:\/\/www.exploring-umbria.com\/es\/wp-json\/wp\/v2\/pages\/31904\/revisions\/31908"}],"wp:featuredmedia":[{"embeddable":true,"href":"https:\/\/www.exploring-umbria.com\/es\/wp-json\/wp\/v2\/media\/7753"}],"wp:attachment":[{"href":"https:\/\/www.exploring-umbria.com\/es\/wp-json\/wp\/v2\/media?parent=31904"}],"curies":[{"name":"wp","href":"https:\/\/api.w.org\/{rel}","templated":true}]}}